{"id":117542,"date":"2025-09-12T20:34:50","date_gmt":"2025-09-12T20:34:50","guid":{"rendered":"https:\/\/www.lifenatura.com\/produto\/ajo-en-polvo-bio-200g-sensaciones-energeticas\/"},"modified":"2025-09-25T07:08:37","modified_gmt":"2025-09-25T07:08:37","slug":"ajo-en-polvo-bio-200g-sensaciones-energeticas","status":"publish","type":"product","link":"https:\/\/www.lifenatura.com\/es\/produto\/ajo-en-polvo-bio-200g-sensaciones-energeticas\/","title":{"rendered":"Ajo en polvo Bio 200g &#8211; Energy Feelings"},"content":{"rendered":"<h2 style=\"text-align: left;\" data-start=\"175\" data-end=\"217\">Ajo en polvo Bio &#8211; Energy Feelings<\/h2>\n<p>&nbsp;<\/p>\n<p data-start=\"276\" data-end=\"668\"><strong data-start=\"278\" data-end=\"315\">El Ajo Ecol\u00f3gico en Polvo de Energy Feelings<\/strong> es un condimento 100% natural y ecol\u00f3gico elaborado a partir de ajo fresco deshidratado y molido, que conserva todo su sabor caracter\u00edstico y sus reconocidos beneficios para la salud. Es una forma pr\u00e1ctica y vers\u00e1til de incorporar el ajo a tu dieta diaria, sin necesidad de pelarlo ni picarlo, manteniendo la intensidad de su aroma y sabor.<\/p>\n<p data-start=\"670\" data-end=\"1010\">Rico en compuestos azufrados como <strong data-start=\"707\" data-end=\"718\">la alicina<\/strong>, el ajo es conocido por sus propiedades <strong data-start=\"763\" data-end=\"818\">antioxidantes, antibacterianas y antiinflamatorias<\/strong>. Su consumo regular puede favorecer el funcionamiento normal del sistema inmunitario, contribuir a la salud cardiovascular y ayudar a mantener niveles normales de colesterol y tensi\u00f3n arterial.<\/p>\n<p data-start=\"1012\" data-end=\"1276\">Adem\u00e1s de sus beneficios para la salud, el ajo en polvo es un ingrediente culinario extremadamente vers\u00e1til. Se puede utilizar en sopas, salsas, salteados, adobos, platos de carne, pescado, verduras o incluso recetas vegetarianas, d\u00e1ndoles un sabor distintivo y aut\u00e9ntico.<\/p>\n<p data-start=\"1278\" data-end=\"1476\">Producido a partir de agricultura ecol\u00f3gica certificada, <strong data-start=\"1337\" data-end=\"1374\">el Ajo Ecol\u00f3gico en Polvo Energy Feelings<\/strong> es vegano, no contiene gluten ni aditivos artificiales, lo que garantiza un producto puro de calidad superior.<\/p>\n<p data-start=\"1478\" data-end=\"1506\"><strong>Principales ventajas:<\/strong><\/p>\n<ul data-start=\"1507\" data-end=\"1812\">\n<li data-start=\"1507\" data-end=\"1575\">\n<p data-start=\"1509\" data-end=\"1575\">Contribuye al <strong data-start=\"1526\" data-end=\"1572\">funcionamiento normal del sistema inmunitario<\/strong>;<\/p>\n<\/li>\n<li data-start=\"1576\" data-end=\"1642\">\n<p data-start=\"1578\" data-end=\"1642\">Favorece <strong data-start=\"1586\" data-end=\"1610\">la salud cardiovascular<\/strong> y el equilibrio del colesterol;<\/p>\n<\/li>\n<li data-start=\"1643\" data-end=\"1699\">\n<p data-start=\"1645\" data-end=\"1699\">Propiedades <strong data-start=\"1658\" data-end=\"1696\">antioxidantes y antiinflamatorias<\/strong>;<\/p>\n<\/li>\n<li data-start=\"1700\" data-end=\"1755\">\n<p data-start=\"1702\" data-end=\"1755\">Un ingrediente vers\u00e1til, ideal para una gran variedad de recetas;<\/p>\n<\/li>\n<li data-start=\"1756\" data-end=\"1812\">\n<p data-start=\"1758\" data-end=\"1812\">Producto ecol\u00f3gico, 100% natural, vegano y sin gluten.<\/p>\n<\/li>\n<\/ul>\n<p data-start=\"1814\" data-end=\"1831\"><strong>Indicaciones:<\/strong><\/p>\n<p data-start=\"1832\" data-end=\"1890\"><strong data-start=\"1834\" data-end=\"1871\">El Ajo Bio en Polvo Energy Feelings<\/strong> est\u00e1 indicado para:<\/p>\n<ul data-start=\"1891\" data-end=\"2111\">\n<li data-start=\"1891\" data-end=\"1950\">\n<p data-start=\"1893\" data-end=\"1950\">Personas que desean aumentar su inmunidad de forma natural;<\/p>\n<\/li>\n<li data-start=\"1951\" data-end=\"1993\">\n<p data-start=\"1953\" data-end=\"1993\">Favorece la salud del coraz\u00f3n y la circulaci\u00f3n;<\/p>\n<\/li>\n<li data-start=\"1994\" data-end=\"2058\">\n<p data-start=\"1996\" data-end=\"2058\">Cualquiera que disfrute cocinando con ingredientes sanos y pr\u00e1cticos;<\/p>\n<\/li>\n<li data-start=\"2059\" data-end=\"2111\">\n<p data-start=\"2061\" data-end=\"2111\">Estilos de vida saludables, veganos y vegetarianos.<\/p>\n<\/li>\n<\/ul>\n<p><strong>Presentaci\u00f3n:<\/strong><\/p>\n<p>200g<\/p>\n<p>&nbsp;<\/p>\n","protected":false},"excerpt":{"rendered":"<p>Ajo en polvo Bio, Sensaci\u00f3n Energ\u00e9tica &#8211; Condimento natural y org\u00e1nico, rico en compuestos antioxidantes. Favorece la inmunidad y la salud cardiovascular [&#8230;]<\/p>\n<p><a class=\"btn btn-secondary understrap-read-more-link\" href=\"https:\/\/www.lifenatura.com\/es\/produto\/ajo-en-polvo-bio-200g-sensaciones-energeticas\/\">Leer m\u00e1s&#8230;<span class=\"screen-reader-text\"> from Ajo en polvo Bio 200g &#8211; Energy Feelings<\/span><\/a><\/p>\n","protected":false},"featured_media":116814,"template":"","meta":{"_acf_changed":false},"product_brand":[8563],"product_cat":[7147,7064,7074],"product_tag":[],"class_list":{"0":"post-117542","1":"product","2":"type-product","3":"status-publish","4":"has-post-thumbnail","6":"product_brand-energy-feelings-es","7":"product_cat-ajo","8":"product_cat-alimentacion-sana","9":"product_cat-productos-alimenticios","11":"first","12":"instock","13":"shipping-taxable","14":"purchasable","15":"product-type-simple","16":"add-to-wishlist-before_image"},"acf":[],"yoast_head":"<!-- This site is optimized with the Yoast SEO Premium plugin v27.1 (Yoast SEO v27.5) - https:\/\/yoast.com\/product\/yoast-seo-premium-wordpress\/ -->\n<title>Ajo en polvo Bio 200g - Energy Feelings - Na Lifenatura ao Melhor Pre\u00e7o | Envio em 48h<\/title>\n<meta name=\"description\" content=\"Ajo en polvo Bio, Sensaci\u00f3n Energ\u00e9tica - Condimento natural y org\u00e1nico, rico en compuestos antioxidantes. Favorece la inmunidad y la salud cardiovascular\" \/>\n<meta name=\"robots\" content=\"index, follow, max-snippet:-1, max-image-preview:large, max-video-preview:-1\" \/>\n<link rel=\"canonical\" href=\"https:\/\/www.lifenatura.com\/es\/produto\/ajo-en-polvo-bio-200g-sensaciones-energeticas\/\" \/>\n<meta property=\"og:locale\" content=\"es_ES\" \/>\n<meta property=\"og:type\" content=\"article\" \/>\n<meta property=\"og:title\" content=\"Ajo en polvo Bio 200g - Energy Feelings - Na Lifenatura ao Melhor Pre\u00e7o | Envio 48h\" \/>\n<meta property=\"og:description\" content=\"Compre Ajo en polvo Bio 200g - Energy Feelings com envio r\u00e1pido. Entrega em 48h e portes gr\u00e1tis em compras &gt;35\u20ac. Aproveite j\u00e1 na Lifenatura\" \/>\n<meta property=\"og:url\" content=\"https:\/\/www.lifenatura.com\/es\/produto\/ajo-en-polvo-bio-200g-sensaciones-energeticas\/\" \/>\n<meta property=\"og:site_name\" content=\"Lifenatura\" \/>\n<meta property=\"article:publisher\" content=\"https:\/\/www.facebook.com\/lifenatura\" \/>\n<meta property=\"article:modified_time\" content=\"2025-09-25T07:08:37+00:00\" \/>\n<meta property=\"og:image\" content=\"https:\/\/www.lifenatura.com\/wp-content\/uploads\/2025\/09\/alho-bio-po-energy-feelings.jpg\" \/>\n\t<meta property=\"og:image:width\" content=\"1000\" \/>\n\t<meta property=\"og:image:height\" content=\"1000\" \/>\n\t<meta property=\"og:image:type\" content=\"image\/jpeg\" \/>\n<meta name=\"twitter:card\" content=\"summary_large_image\" \/>\n<meta name=\"twitter:label1\" content=\"Precio\" \/>\n\t<meta name=\"twitter:data1\" content=\"8,43&nbsp;&euro;\" \/>\n\t<meta name=\"twitter:label2\" content=\"Disponibilidad\" \/>\n\t<meta name=\"twitter:data2\" content=\"Disponible\" \/>\n<script type=\"application\/ld+json\" class=\"yoast-schema-graph\">{\"@context\":\"https:\\\/\\\/schema.org\",\"@graph\":[{\"@type\":\"WebPage\",\"@id\":\"https:\\\/\\\/www.lifenatura.com\\\/es\\\/produto\\\/ajo-en-polvo-bio-200g-sensaciones-energeticas\\\/\",\"url\":\"https:\\\/\\\/www.lifenatura.com\\\/es\\\/produto\\\/ajo-en-polvo-bio-200g-sensaciones-energeticas\\\/\",\"name\":\"Ajo en polvo Bio 200g - Energy Feelings - Na Lifenatura ao Melhor Pre\u00e7o | Envio em 48h\",\"isPartOf\":{\"@id\":\"https:\\\/\\\/www.lifenatura.com\\\/es\\\/#website\"},\"primaryImageOfPage\":{\"@id\":\"https:\\\/\\\/www.lifenatura.com\\\/es\\\/produto\\\/ajo-en-polvo-bio-200g-sensaciones-energeticas\\\/#primaryimage\"},\"image\":{\"@id\":\"https:\\\/\\\/www.lifenatura.com\\\/es\\\/produto\\\/ajo-en-polvo-bio-200g-sensaciones-energeticas\\\/#primaryimage\"},\"thumbnailUrl\":\"https:\\\/\\\/www.lifenatura.com\\\/wp-content\\\/uploads\\\/2025\\\/09\\\/alho-bio-po-energy-feelings.jpg\",\"datePublished\":\"2025-09-12T20:34:50+00:00\",\"dateModified\":\"2025-09-25T07:08:37+00:00\",\"description\":\"Ajo en polvo Bio, Sensaci\u00f3n Energ\u00e9tica - Condimento natural y org\u00e1nico, rico en compuestos antioxidantes. Favorece la inmunidad y la salud cardiovascular\",\"breadcrumb\":{\"@id\":\"https:\\\/\\\/www.lifenatura.com\\\/es\\\/produto\\\/ajo-en-polvo-bio-200g-sensaciones-energeticas\\\/#breadcrumb\"},\"inLanguage\":\"es\",\"potentialAction\":[{\"@type\":\"ReadAction\",\"target\":[\"https:\\\/\\\/www.lifenatura.com\\\/es\\\/produto\\\/ajo-en-polvo-bio-200g-sensaciones-energeticas\\\/\"]}]},{\"@type\":\"ImageObject\",\"inLanguage\":\"es\",\"@id\":\"https:\\\/\\\/www.lifenatura.com\\\/es\\\/produto\\\/ajo-en-polvo-bio-200g-sensaciones-energeticas\\\/#primaryimage\",\"url\":\"https:\\\/\\\/www.lifenatura.com\\\/wp-content\\\/uploads\\\/2025\\\/09\\\/alho-bio-po-energy-feelings.jpg\",\"contentUrl\":\"https:\\\/\\\/www.lifenatura.com\\\/wp-content\\\/uploads\\\/2025\\\/09\\\/alho-bio-po-energy-feelings.jpg\",\"width\":1000,\"height\":1000},{\"@type\":\"BreadcrumbList\",\"@id\":\"https:\\\/\\\/www.lifenatura.com\\\/es\\\/produto\\\/ajo-en-polvo-bio-200g-sensaciones-energeticas\\\/#breadcrumb\",\"itemListElement\":[{\"@type\":\"ListItem\",\"position\":1,\"name\":\"In\u00edcio\",\"item\":\"https:\\\/\\\/www.lifenatura.com\\\/es\\\/\"},{\"@type\":\"ListItem\",\"position\":2,\"name\":\"Todos los Productos\",\"item\":\"https:\\\/\\\/www.lifenatura.com\\\/es\\\/tienda\\\/\"},{\"@type\":\"ListItem\",\"position\":3,\"name\":\"Ajo en polvo Bio 200g &#8211; Energy Feelings\"}]},{\"@type\":\"WebSite\",\"@id\":\"https:\\\/\\\/www.lifenatura.com\\\/es\\\/#website\",\"url\":\"https:\\\/\\\/www.lifenatura.com\\\/es\\\/\",\"name\":\"Lifenatura\",\"description\":\"A Lifenatura \u00e9 uma loja de produtos naturais, cosm\u00e9tica natural e alimenta\u00e7\u00e3o Biol\u00f3gica.\",\"publisher\":{\"@id\":\"https:\\\/\\\/www.lifenatura.com\\\/es\\\/#organization\"},\"potentialAction\":[{\"@type\":\"SearchAction\",\"target\":{\"@type\":\"EntryPoint\",\"urlTemplate\":\"https:\\\/\\\/www.lifenatura.com\\\/es\\\/?s={search_term_string}\"},\"query-input\":{\"@type\":\"PropertyValueSpecification\",\"valueRequired\":true,\"valueName\":\"search_term_string\"}}],\"inLanguage\":\"es\"},{\"@type\":\"Organization\",\"@id\":\"https:\\\/\\\/www.lifenatura.com\\\/es\\\/#organization\",\"name\":\"Lifenatura\",\"url\":\"https:\\\/\\\/www.lifenatura.com\\\/es\\\/\",\"logo\":{\"@type\":\"ImageObject\",\"inLanguage\":\"es\",\"@id\":\"https:\\\/\\\/www.lifenatura.com\\\/es\\\/#\\\/schema\\\/logo\\\/image\\\/\",\"url\":\"https:\\\/\\\/www.lifenatura.com\\\/wp-content\\\/uploads\\\/2021\\\/07\\\/logo.png\",\"contentUrl\":\"https:\\\/\\\/www.lifenatura.com\\\/wp-content\\\/uploads\\\/2021\\\/07\\\/logo.png\",\"width\":175,\"height\":55,\"caption\":\"Lifenatura\"},\"image\":{\"@id\":\"https:\\\/\\\/www.lifenatura.com\\\/es\\\/#\\\/schema\\\/logo\\\/image\\\/\"},\"sameAs\":[\"https:\\\/\\\/www.facebook.com\\\/lifenatura\",\"https:\\\/\\\/www.instagram.com\\\/lifenaturapt\\\/\"],\"hasMerchantReturnPolicy\":{\"@type\":\"MerchantReturnPolicy\",\"merchantReturnLink\":\"https:\\\/\\\/www.lifenatura.com\\\/termos-condicoes-lifenatura\\\/\"}}]}<\/script>\n<meta property=\"product:price:amount\" content=\"8.43\" \/>\n<meta property=\"product:price:currency\" content=\"EUR\" \/>\n<meta property=\"og:availability\" content=\"instock\" \/>\n<meta property=\"product:availability\" content=\"instock\" \/>\n<meta property=\"product:retailer_item_id\" content=\"8436565924949\" \/>\n<meta property=\"product:condition\" content=\"new\" \/>\n<!-- \/ Yoast SEO Premium plugin. -->","yoast_head_json":{"title":"Ajo en polvo Bio 200g - Energy Feelings - Na Lifenatura ao Melhor Pre\u00e7o | Envio em 48h","description":"Ajo en polvo Bio, Sensaci\u00f3n Energ\u00e9tica - Condimento natural y org\u00e1nico, rico en compuestos antioxidantes. Favorece la inmunidad y la salud cardiovascular","robots":{"index":"index","follow":"follow","max-snippet":"max-snippet:-1","max-image-preview":"max-image-preview:large","max-video-preview":"max-video-preview:-1"},"canonical":"https:\/\/www.lifenatura.com\/es\/produto\/ajo-en-polvo-bio-200g-sensaciones-energeticas\/","og_locale":"es_ES","og_type":"article","og_title":"Ajo en polvo Bio 200g - Energy Feelings - Na Lifenatura ao Melhor Pre\u00e7o | Envio 48h","og_description":"Compre Ajo en polvo Bio 200g - Energy Feelings com envio r\u00e1pido. Entrega em 48h e portes gr\u00e1tis em compras >35\u20ac. Aproveite j\u00e1 na Lifenatura","og_url":"https:\/\/www.lifenatura.com\/es\/produto\/ajo-en-polvo-bio-200g-sensaciones-energeticas\/","og_site_name":"Lifenatura","article_publisher":"https:\/\/www.facebook.com\/lifenatura","article_modified_time":"2025-09-25T07:08:37+00:00","og_image":[{"width":1000,"height":1000,"url":"https:\/\/www.lifenatura.com\/wp-content\/uploads\/2025\/09\/alho-bio-po-energy-feelings.jpg","type":"image\/jpeg"}],"twitter_card":"summary_large_image","twitter_misc":{"Precio":"8,43&nbsp;&euro;","Disponibilidad":"Disponible"},"schema":{"@context":"https:\/\/schema.org","@graph":[{"@type":"WebPage","@id":"https:\/\/www.lifenatura.com\/es\/produto\/ajo-en-polvo-bio-200g-sensaciones-energeticas\/","url":"https:\/\/www.lifenatura.com\/es\/produto\/ajo-en-polvo-bio-200g-sensaciones-energeticas\/","name":"Ajo en polvo Bio 200g - Energy Feelings - Na Lifenatura ao Melhor Pre\u00e7o | Envio em 48h","isPartOf":{"@id":"https:\/\/www.lifenatura.com\/es\/#website"},"primaryImageOfPage":{"@id":"https:\/\/www.lifenatura.com\/es\/produto\/ajo-en-polvo-bio-200g-sensaciones-energeticas\/#primaryimage"},"image":{"@id":"https:\/\/www.lifenatura.com\/es\/produto\/ajo-en-polvo-bio-200g-sensaciones-energeticas\/#primaryimage"},"thumbnailUrl":"https:\/\/www.lifenatura.com\/wp-content\/uploads\/2025\/09\/alho-bio-po-energy-feelings.jpg","datePublished":"2025-09-12T20:34:50+00:00","dateModified":"2025-09-25T07:08:37+00:00","description":"Ajo en polvo Bio, Sensaci\u00f3n Energ\u00e9tica - Condimento natural y org\u00e1nico, rico en compuestos antioxidantes. Favorece la inmunidad y la salud cardiovascular","breadcrumb":{"@id":"https:\/\/www.lifenatura.com\/es\/produto\/ajo-en-polvo-bio-200g-sensaciones-energeticas\/#breadcrumb"},"inLanguage":"es","potentialAction":[{"@type":"ReadAction","target":["https:\/\/www.lifenatura.com\/es\/produto\/ajo-en-polvo-bio-200g-sensaciones-energeticas\/"]}]},{"@type":"ImageObject","inLanguage":"es","@id":"https:\/\/www.lifenatura.com\/es\/produto\/ajo-en-polvo-bio-200g-sensaciones-energeticas\/#primaryimage","url":"https:\/\/www.lifenatura.com\/wp-content\/uploads\/2025\/09\/alho-bio-po-energy-feelings.jpg","contentUrl":"https:\/\/www.lifenatura.com\/wp-content\/uploads\/2025\/09\/alho-bio-po-energy-feelings.jpg","width":1000,"height":1000},{"@type":"BreadcrumbList","@id":"https:\/\/www.lifenatura.com\/es\/produto\/ajo-en-polvo-bio-200g-sensaciones-energeticas\/#breadcrumb","itemListElement":[{"@type":"ListItem","position":1,"name":"In\u00edcio","item":"https:\/\/www.lifenatura.com\/es\/"},{"@type":"ListItem","position":2,"name":"Todos los Productos","item":"https:\/\/www.lifenatura.com\/es\/tienda\/"},{"@type":"ListItem","position":3,"name":"Ajo en polvo Bio 200g &#8211; Energy Feelings"}]},{"@type":"WebSite","@id":"https:\/\/www.lifenatura.com\/es\/#website","url":"https:\/\/www.lifenatura.com\/es\/","name":"Lifenatura","description":"A Lifenatura \u00e9 uma loja de produtos naturais, cosm\u00e9tica natural e alimenta\u00e7\u00e3o Biol\u00f3gica.","publisher":{"@id":"https:\/\/www.lifenatura.com\/es\/#organization"},"potentialAction":[{"@type":"SearchAction","target":{"@type":"EntryPoint","urlTemplate":"https:\/\/www.lifenatura.com\/es\/?s={search_term_string}"},"query-input":{"@type":"PropertyValueSpecification","valueRequired":true,"valueName":"search_term_string"}}],"inLanguage":"es"},{"@type":"Organization","@id":"https:\/\/www.lifenatura.com\/es\/#organization","name":"Lifenatura","url":"https:\/\/www.lifenatura.com\/es\/","logo":{"@type":"ImageObject","inLanguage":"es","@id":"https:\/\/www.lifenatura.com\/es\/#\/schema\/logo\/image\/","url":"https:\/\/www.lifenatura.com\/wp-content\/uploads\/2021\/07\/logo.png","contentUrl":"https:\/\/www.lifenatura.com\/wp-content\/uploads\/2021\/07\/logo.png","width":175,"height":55,"caption":"Lifenatura"},"image":{"@id":"https:\/\/www.lifenatura.com\/es\/#\/schema\/logo\/image\/"},"sameAs":["https:\/\/www.facebook.com\/lifenatura","https:\/\/www.instagram.com\/lifenaturapt\/"],"hasMerchantReturnPolicy":{"@type":"MerchantReturnPolicy","merchantReturnLink":"https:\/\/www.lifenatura.com\/termos-condicoes-lifenatura\/"}}]},"product_price_amount":"8.43","product_price_currency":"EUR","og_availability":"instock","product_availability":"instock","product_retailer_item_id":"8436565924949","product_condition":"new"},"df_price":8.43,"df_sale_price":"","df_regular_price":8.43,"df_image_link":"https:\/\/www.lifenatura.com\/wp-content\/uploads\/2025\/09\/alho-bio-po-energy-feelings-300x300.jpg","_links":{"self":[{"href":"https:\/\/www.lifenatura.com\/es\/wp-json\/wp\/v2\/product\/117542","targetHints":{"allow":["GET"]}}],"collection":[{"href":"https:\/\/www.lifenatura.com\/es\/wp-json\/wp\/v2\/product"}],"about":[{"href":"https:\/\/www.lifenatura.com\/es\/wp-json\/wp\/v2\/types\/product"}],"wp:featuredmedia":[{"embeddable":true,"href":"https:\/\/www.lifenatura.com\/es\/wp-json\/wp\/v2\/media\/116814"}],"wp:attachment":[{"href":"https:\/\/www.lifenatura.com\/es\/wp-json\/wp\/v2\/media?parent=117542"}],"wp:term":[{"taxonomy":"product_brand","embeddable":true,"href":"https:\/\/www.lifenatura.com\/es\/wp-json\/wp\/v2\/product_brand?post=117542"},{"taxonomy":"product_cat","embeddable":true,"href":"https:\/\/www.lifenatura.com\/es\/wp-json\/wp\/v2\/product_cat?post=117542"},{"taxonomy":"product_tag","embeddable":true,"href":"https:\/\/www.lifenatura.com\/es\/wp-json\/wp\/v2\/product_tag?post=117542"}],"curies":[{"name":"wp","href":"https:\/\/api.w.org\/{rel}","templated":true}]}}