{"id":117540,"date":"2025-09-12T20:34:52","date_gmt":"2025-09-12T20:34:52","guid":{"rendered":"https:\/\/www.lifenatura.com\/produto\/almidon-de-maiz-bio-1kg-sentimientos-energeticos\/"},"modified":"2025-09-25T07:11:57","modified_gmt":"2025-09-25T07:11:57","slug":"almidon-de-maiz-bio-1kg-sentimientos-energeticos","status":"publish","type":"product","link":"https:\/\/www.lifenatura.com\/es\/produto\/almidon-de-maiz-bio-1kg-sentimientos-energeticos\/","title":{"rendered":"Almid\u00f3n de Ma\u00edz Bio 1kg &#8211; Energy Feelings"},"content":{"rendered":"<h2 style=\"text-align: left;\" data-start=\"175\" data-end=\"220\">Almid\u00f3n de ma\u00edz ecol\u00f3gico &#8211; <strong data-start=\"269\" data-end=\"310\">Energy Feelings<\/strong><\/h2>\n<p>&nbsp;<\/p>\n<p data-start=\"267\" data-end=\"637\"><strong data-start=\"269\" data-end=\"310\">El Almid\u00f3n de Ma\u00edz Ecol\u00f3gico de Energy Feelings<\/strong> es un ingrediente 100% natural procedente de la agricultura ecol\u00f3gica certificada. Reconocida por su versatilidad en la cocina, la maicena se utiliza como <strong data-start=\"476\" data-end=\"498\">espesante natural<\/strong> en sopas, salsas, postres, gachas e innumerables recetas, a\u00f1adiendo textura y consistencia de forma saludable y sin aditivos artificiales.<\/p>\n<p data-start=\"639\" data-end=\"925\">Adem\u00e1s de su aplicaci\u00f3n gastron\u00f3mica, la maicena <strong data-start=\"707\" data-end=\"727\">no contiene gluten<\/strong> por naturaleza, lo que la convierte en una excelente alternativa para las personas cel\u00edacas o que siguen una dieta sin gluten. Tambi\u00e9n se digiere f\u00e1cilmente, lo que la hace adecuada para todas las edades, incluidos los ni\u00f1os.<\/p>\n<p data-start=\"927\" data-end=\"1218\">Rica en hidratos de carbono complejos, la maicena es una buena fuente de energ\u00eda de liberaci\u00f3n gradual, que ayuda a mantener la vitalidad a lo largo del d\u00eda. Su composici\u00f3n simple y natural la hace f\u00e1cil de digerir, por lo que es un ingrediente muy apreciado en dietas equilibradas y sanas.<\/p>\n<p data-start=\"1220\" data-end=\"1413\"><strong data-start=\"1222\" data-end=\"1263\">El Almid\u00f3n de Ma\u00edz Ecol\u00f3gico de Energy Feelings<\/strong> se produce de forma sostenible, garantizando la conservaci\u00f3n del sabor natural y la calidad superior que caracterizan a los productos ecol\u00f3gicos de la marca.<\/p>\n<p data-start=\"1415\" data-end=\"1443\"><strong>Principales ventajas:<\/strong><\/p>\n<ul data-start=\"1444\" data-end=\"1722\">\n<li data-start=\"1444\" data-end=\"1510\">\n<p data-start=\"1446\" data-end=\"1510\"><strong data-start=\"1446\" data-end=\"1468\">Espesante natural<\/strong> para sopas, salsas, papillas y postres;<\/p>\n<\/li>\n<li data-start=\"1511\" data-end=\"1562\">\n<p data-start=\"1513\" data-end=\"1562\">Producto <strong data-start=\"1521\" data-end=\"1535\">sin gluten<\/strong>, apto para cel\u00edacos;<\/p>\n<\/li>\n<li data-start=\"1563\" data-end=\"1613\">\n<p data-start=\"1565\" data-end=\"1613\">F\u00e1cil de digerir, apto para todas las edades;<\/p>\n<\/li>\n<li data-start=\"1614\" data-end=\"1665\">\n<p data-start=\"1616\" data-end=\"1665\">Fuente de energ\u00eda natural de liberaci\u00f3n gradual;<\/p>\n<\/li>\n<li data-start=\"1666\" data-end=\"1722\">\n<p data-start=\"1668\" data-end=\"1722\">Producto ecol\u00f3gico, vegano y sin aditivos artificiales.<\/p>\n<\/li>\n<\/ul>\n<p data-start=\"1724\" data-end=\"1741\"><strong>Indicaciones:<\/strong><\/p>\n<p data-start=\"1742\" data-end=\"1804\"><strong data-start=\"1744\" data-end=\"1785\">El Almid\u00f3n de Ma\u00edz Ecol\u00f3gico Energy Feelings<\/strong> es adecuado para:<\/p>\n<ul data-start=\"1805\" data-end=\"2034\">\n<li data-start=\"1805\" data-end=\"1865\">\n<p data-start=\"1807\" data-end=\"1865\">Personas que buscan alternativas naturales y sin gluten;<\/p>\n<\/li>\n<li data-start=\"1866\" data-end=\"1914\">\n<p data-start=\"1868\" data-end=\"1914\">Cualquiera que quiera cocinar de forma m\u00e1s sana;<\/p>\n<\/li>\n<li data-start=\"1915\" data-end=\"1977\">\n<p data-start=\"1917\" data-end=\"1977\">Familias que valoran los productos ecol\u00f3gicos y sostenibles;<\/p>\n<\/li>\n<li data-start=\"1978\" data-end=\"2034\">\n<p data-start=\"1980\" data-end=\"2034\">Uso diario en recetas dulces y saladas.<\/p>\n<\/li>\n<\/ul>\n<p><strong>Presentaci\u00f3n:<\/strong><\/p>\n<p>1kg<\/p>\n<p>&nbsp;<\/p>\n","protected":false},"excerpt":{"rendered":"<article class=\"text-token-text-primary w-full focus:outline-none scroll-mt-[calc(var(--header-height)+min(200px,max(70px,20svh)))]\" dir=\"auto\" tabindex=\"-1\" data-turn-id=\"request-68718f1e-4f48-8001-9171-310588c3d0f7-0\" data-testid=\"conversation-turn-260\" data-scroll-anchor=\"true\" data-turn=\"assistant\">\n<div class=\"text-base my-auto mx-auto pb-10 [--thread-content-margin:--spacing(4)] thread-sm:[--thread-content-margin:--spacing(6)] thread-lg:[--thread-content-margin:--spacing(16)] px-(--thread-content-margin)\">\n<div class=\"[--thread-content-max-width:40rem] thread-lg:[--thread-content-max-width:48rem] mx-auto max-w-(--thread-content-max-width) flex-1 group\/turn-messages focus-visible:outline-hidden relative flex w-full min-w-0 flex-col agent-turn\" tabindex=\"-1\">\n<div class=\"flex max-w-full flex-col grow\">\n<div class=\"min-h-8 text-message relative flex w-full flex-col items-end gap-2 text-start break-words whitespace-normal [.text-message+&amp;]:mt-5\" dir=\"auto\" data-message-author-role=\"assistant\" data-message-id=\"bd4e556f-d528-4f12-b5ee-d12638111a6d\" data-message-model-slug=\"gpt-5\">\n<div class=\"flex w-full flex-col gap-1 empty:hidden first:pt-[3px]\">\n<div class=\"markdown prose dark:prose-invert w-full break-words light markdown-new-styling\">\n<p data-start=\"2182\" data-end=\"2361\" data-is-last-node=\"\" data-is-only-node=\"\">Almid\u00f3n de Ma\u00edz Bio 1kg Energy Feelings &#8211; Espesante natural sin gluten, ideal para sopas, salsas y postres. Ecol\u00f3gico, ligero y de f\u00e1cil digesti\u00f3n.<\/p>\n<\/div>\n<\/div>\n<\/div>\n<\/div>\n<\/div>\n<\/div>\n<\/article>\n<p> [&#8230;]<\/p>\n<p><a class=\"btn btn-secondary understrap-read-more-link\" href=\"https:\/\/www.lifenatura.com\/es\/produto\/almidon-de-maiz-bio-1kg-sentimientos-energeticos\/\">Leer m\u00e1s&#8230;<span class=\"screen-reader-text\"> from Almid\u00f3n de Ma\u00edz Bio 1kg &#8211; Energy Feelings<\/span><\/a><\/p>\n","protected":false},"featured_media":116816,"template":"","meta":{"_acf_changed":false},"product_brand":[8563],"product_cat":[7064,7074],"product_tag":[],"class_list":{"0":"post-117540","1":"product","2":"type-product","3":"status-publish","4":"has-post-thumbnail","6":"product_brand-energy-feelings-es","7":"product_cat-alimentacion-sana","8":"product_cat-productos-alimenticios","10":"first","11":"instock","12":"shipping-taxable","13":"purchasable","14":"product-type-simple","15":"add-to-wishlist-before_image"},"acf":[],"yoast_head":"<!-- This site is optimized with the Yoast SEO Premium plugin v27.1 (Yoast SEO v27.5) - https:\/\/yoast.com\/product\/yoast-seo-premium-wordpress\/ -->\n<title>Almid\u00f3n de Ma\u00edz Bio 1kg - Energy Feelings - Na Lifenatura ao Melhor Pre\u00e7o | Envio em 48h<\/title>\n<meta name=\"description\" content=\"Almid\u00f3n de Ma\u00edz Bio 1kg Energy Feelings - Espesante natural sin gluten, ideal para sopas, salsas y postres. Ecol\u00f3gico, ligero y de f\u00e1cil digesti\u00f3n.\" \/>\n<meta name=\"robots\" content=\"index, follow, max-snippet:-1, max-image-preview:large, max-video-preview:-1\" \/>\n<link rel=\"canonical\" href=\"https:\/\/www.lifenatura.com\/es\/produto\/almidon-de-maiz-bio-1kg-sentimientos-energeticos\/\" \/>\n<meta property=\"og:locale\" content=\"es_ES\" \/>\n<meta property=\"og:type\" content=\"article\" \/>\n<meta property=\"og:title\" content=\"Almid\u00f3n de Ma\u00edz Bio 1kg - Energy Feelings - Na Lifenatura ao Melhor Pre\u00e7o | Envio 48h\" \/>\n<meta property=\"og:description\" content=\"Compre Almid\u00f3n de Ma\u00edz Bio 1kg - Energy Feelings com envio r\u00e1pido. Entrega em 48h e portes gr\u00e1tis em compras &gt;35\u20ac. Aproveite j\u00e1 na Lifenatura\" \/>\n<meta property=\"og:url\" content=\"https:\/\/www.lifenatura.com\/es\/produto\/almidon-de-maiz-bio-1kg-sentimientos-energeticos\/\" \/>\n<meta property=\"og:site_name\" content=\"Lifenatura\" \/>\n<meta property=\"article:publisher\" content=\"https:\/\/www.facebook.com\/lifenatura\" \/>\n<meta property=\"article:modified_time\" content=\"2025-09-25T07:11:57+00:00\" \/>\n<meta property=\"og:image\" content=\"https:\/\/www.lifenatura.com\/wp-content\/uploads\/2025\/09\/amido-milho-bio-energy-feelings.jpg\" \/>\n\t<meta property=\"og:image:width\" content=\"1000\" \/>\n\t<meta property=\"og:image:height\" content=\"1000\" \/>\n\t<meta property=\"og:image:type\" content=\"image\/jpeg\" \/>\n<meta name=\"twitter:card\" content=\"summary_large_image\" \/>\n<meta name=\"twitter:label1\" content=\"Precio\" \/>\n\t<meta name=\"twitter:data1\" content=\"14,19&nbsp;&euro;\" \/>\n\t<meta name=\"twitter:label2\" content=\"Disponibilidad\" \/>\n\t<meta name=\"twitter:data2\" content=\"Disponible\" \/>\n<script type=\"application\/ld+json\" class=\"yoast-schema-graph\">{\"@context\":\"https:\\\/\\\/schema.org\",\"@graph\":[{\"@type\":\"WebPage\",\"@id\":\"https:\\\/\\\/www.lifenatura.com\\\/es\\\/produto\\\/almidon-de-maiz-bio-1kg-sentimientos-energeticos\\\/\",\"url\":\"https:\\\/\\\/www.lifenatura.com\\\/es\\\/produto\\\/almidon-de-maiz-bio-1kg-sentimientos-energeticos\\\/\",\"name\":\"Almid\u00f3n de Ma\u00edz Bio 1kg - Energy Feelings - Na Lifenatura ao Melhor Pre\u00e7o | Envio em 48h\",\"isPartOf\":{\"@id\":\"https:\\\/\\\/www.lifenatura.com\\\/es\\\/#website\"},\"primaryImageOfPage\":{\"@id\":\"https:\\\/\\\/www.lifenatura.com\\\/es\\\/produto\\\/almidon-de-maiz-bio-1kg-sentimientos-energeticos\\\/#primaryimage\"},\"image\":{\"@id\":\"https:\\\/\\\/www.lifenatura.com\\\/es\\\/produto\\\/almidon-de-maiz-bio-1kg-sentimientos-energeticos\\\/#primaryimage\"},\"thumbnailUrl\":\"https:\\\/\\\/www.lifenatura.com\\\/wp-content\\\/uploads\\\/2025\\\/09\\\/amido-milho-bio-energy-feelings.jpg\",\"datePublished\":\"2025-09-12T20:34:52+00:00\",\"dateModified\":\"2025-09-25T07:11:57+00:00\",\"description\":\"Almid\u00f3n de Ma\u00edz Bio 1kg Energy Feelings - Espesante natural sin gluten, ideal para sopas, salsas y postres. Ecol\u00f3gico, ligero y de f\u00e1cil digesti\u00f3n.\",\"breadcrumb\":{\"@id\":\"https:\\\/\\\/www.lifenatura.com\\\/es\\\/produto\\\/almidon-de-maiz-bio-1kg-sentimientos-energeticos\\\/#breadcrumb\"},\"inLanguage\":\"es\",\"potentialAction\":[{\"@type\":\"ReadAction\",\"target\":[\"https:\\\/\\\/www.lifenatura.com\\\/es\\\/produto\\\/almidon-de-maiz-bio-1kg-sentimientos-energeticos\\\/\"]}]},{\"@type\":\"ImageObject\",\"inLanguage\":\"es\",\"@id\":\"https:\\\/\\\/www.lifenatura.com\\\/es\\\/produto\\\/almidon-de-maiz-bio-1kg-sentimientos-energeticos\\\/#primaryimage\",\"url\":\"https:\\\/\\\/www.lifenatura.com\\\/wp-content\\\/uploads\\\/2025\\\/09\\\/amido-milho-bio-energy-feelings.jpg\",\"contentUrl\":\"https:\\\/\\\/www.lifenatura.com\\\/wp-content\\\/uploads\\\/2025\\\/09\\\/amido-milho-bio-energy-feelings.jpg\",\"width\":1000,\"height\":1000},{\"@type\":\"BreadcrumbList\",\"@id\":\"https:\\\/\\\/www.lifenatura.com\\\/es\\\/produto\\\/almidon-de-maiz-bio-1kg-sentimientos-energeticos\\\/#breadcrumb\",\"itemListElement\":[{\"@type\":\"ListItem\",\"position\":1,\"name\":\"In\u00edcio\",\"item\":\"https:\\\/\\\/www.lifenatura.com\\\/es\\\/\"},{\"@type\":\"ListItem\",\"position\":2,\"name\":\"Todos los Productos\",\"item\":\"https:\\\/\\\/www.lifenatura.com\\\/es\\\/tienda\\\/\"},{\"@type\":\"ListItem\",\"position\":3,\"name\":\"Almid\u00f3n de Ma\u00edz Bio 1kg &#8211; Energy Feelings\"}]},{\"@type\":\"WebSite\",\"@id\":\"https:\\\/\\\/www.lifenatura.com\\\/es\\\/#website\",\"url\":\"https:\\\/\\\/www.lifenatura.com\\\/es\\\/\",\"name\":\"Lifenatura\",\"description\":\"A Lifenatura \u00e9 uma loja de produtos naturais, cosm\u00e9tica natural e alimenta\u00e7\u00e3o Biol\u00f3gica.\",\"publisher\":{\"@id\":\"https:\\\/\\\/www.lifenatura.com\\\/es\\\/#organization\"},\"potentialAction\":[{\"@type\":\"SearchAction\",\"target\":{\"@type\":\"EntryPoint\",\"urlTemplate\":\"https:\\\/\\\/www.lifenatura.com\\\/es\\\/?s={search_term_string}\"},\"query-input\":{\"@type\":\"PropertyValueSpecification\",\"valueRequired\":true,\"valueName\":\"search_term_string\"}}],\"inLanguage\":\"es\"},{\"@type\":\"Organization\",\"@id\":\"https:\\\/\\\/www.lifenatura.com\\\/es\\\/#organization\",\"name\":\"Lifenatura\",\"url\":\"https:\\\/\\\/www.lifenatura.com\\\/es\\\/\",\"logo\":{\"@type\":\"ImageObject\",\"inLanguage\":\"es\",\"@id\":\"https:\\\/\\\/www.lifenatura.com\\\/es\\\/#\\\/schema\\\/logo\\\/image\\\/\",\"url\":\"https:\\\/\\\/www.lifenatura.com\\\/wp-content\\\/uploads\\\/2021\\\/07\\\/logo.png\",\"contentUrl\":\"https:\\\/\\\/www.lifenatura.com\\\/wp-content\\\/uploads\\\/2021\\\/07\\\/logo.png\",\"width\":175,\"height\":55,\"caption\":\"Lifenatura\"},\"image\":{\"@id\":\"https:\\\/\\\/www.lifenatura.com\\\/es\\\/#\\\/schema\\\/logo\\\/image\\\/\"},\"sameAs\":[\"https:\\\/\\\/www.facebook.com\\\/lifenatura\",\"https:\\\/\\\/www.instagram.com\\\/lifenaturapt\\\/\"],\"hasMerchantReturnPolicy\":{\"@type\":\"MerchantReturnPolicy\",\"merchantReturnLink\":\"https:\\\/\\\/www.lifenatura.com\\\/termos-condicoes-lifenatura\\\/\"}}]}<\/script>\n<meta property=\"product:price:amount\" content=\"14.19\" \/>\n<meta property=\"product:price:currency\" content=\"EUR\" \/>\n<meta property=\"og:availability\" content=\"instock\" \/>\n<meta property=\"product:availability\" content=\"instock\" \/>\n<meta property=\"product:retailer_item_id\" content=\"8436565922761\" \/>\n<meta property=\"product:condition\" content=\"new\" \/>\n<!-- \/ Yoast SEO Premium plugin. -->","yoast_head_json":{"title":"Almid\u00f3n de Ma\u00edz Bio 1kg - Energy Feelings - Na Lifenatura ao Melhor Pre\u00e7o | Envio em 48h","description":"Almid\u00f3n de Ma\u00edz Bio 1kg Energy Feelings - Espesante natural sin gluten, ideal para sopas, salsas y postres. Ecol\u00f3gico, ligero y de f\u00e1cil digesti\u00f3n.","robots":{"index":"index","follow":"follow","max-snippet":"max-snippet:-1","max-image-preview":"max-image-preview:large","max-video-preview":"max-video-preview:-1"},"canonical":"https:\/\/www.lifenatura.com\/es\/produto\/almidon-de-maiz-bio-1kg-sentimientos-energeticos\/","og_locale":"es_ES","og_type":"article","og_title":"Almid\u00f3n de Ma\u00edz Bio 1kg - Energy Feelings - Na Lifenatura ao Melhor Pre\u00e7o | Envio 48h","og_description":"Compre Almid\u00f3n de Ma\u00edz Bio 1kg - Energy Feelings com envio r\u00e1pido. Entrega em 48h e portes gr\u00e1tis em compras >35\u20ac. Aproveite j\u00e1 na Lifenatura","og_url":"https:\/\/www.lifenatura.com\/es\/produto\/almidon-de-maiz-bio-1kg-sentimientos-energeticos\/","og_site_name":"Lifenatura","article_publisher":"https:\/\/www.facebook.com\/lifenatura","article_modified_time":"2025-09-25T07:11:57+00:00","og_image":[{"width":1000,"height":1000,"url":"https:\/\/www.lifenatura.com\/wp-content\/uploads\/2025\/09\/amido-milho-bio-energy-feelings.jpg","type":"image\/jpeg"}],"twitter_card":"summary_large_image","twitter_misc":{"Precio":"14,19&nbsp;&euro;","Disponibilidad":"Disponible"},"schema":{"@context":"https:\/\/schema.org","@graph":[{"@type":"WebPage","@id":"https:\/\/www.lifenatura.com\/es\/produto\/almidon-de-maiz-bio-1kg-sentimientos-energeticos\/","url":"https:\/\/www.lifenatura.com\/es\/produto\/almidon-de-maiz-bio-1kg-sentimientos-energeticos\/","name":"Almid\u00f3n de Ma\u00edz Bio 1kg - Energy Feelings - Na Lifenatura ao Melhor Pre\u00e7o | Envio em 48h","isPartOf":{"@id":"https:\/\/www.lifenatura.com\/es\/#website"},"primaryImageOfPage":{"@id":"https:\/\/www.lifenatura.com\/es\/produto\/almidon-de-maiz-bio-1kg-sentimientos-energeticos\/#primaryimage"},"image":{"@id":"https:\/\/www.lifenatura.com\/es\/produto\/almidon-de-maiz-bio-1kg-sentimientos-energeticos\/#primaryimage"},"thumbnailUrl":"https:\/\/www.lifenatura.com\/wp-content\/uploads\/2025\/09\/amido-milho-bio-energy-feelings.jpg","datePublished":"2025-09-12T20:34:52+00:00","dateModified":"2025-09-25T07:11:57+00:00","description":"Almid\u00f3n de Ma\u00edz Bio 1kg Energy Feelings - Espesante natural sin gluten, ideal para sopas, salsas y postres. Ecol\u00f3gico, ligero y de f\u00e1cil digesti\u00f3n.","breadcrumb":{"@id":"https:\/\/www.lifenatura.com\/es\/produto\/almidon-de-maiz-bio-1kg-sentimientos-energeticos\/#breadcrumb"},"inLanguage":"es","potentialAction":[{"@type":"ReadAction","target":["https:\/\/www.lifenatura.com\/es\/produto\/almidon-de-maiz-bio-1kg-sentimientos-energeticos\/"]}]},{"@type":"ImageObject","inLanguage":"es","@id":"https:\/\/www.lifenatura.com\/es\/produto\/almidon-de-maiz-bio-1kg-sentimientos-energeticos\/#primaryimage","url":"https:\/\/www.lifenatura.com\/wp-content\/uploads\/2025\/09\/amido-milho-bio-energy-feelings.jpg","contentUrl":"https:\/\/www.lifenatura.com\/wp-content\/uploads\/2025\/09\/amido-milho-bio-energy-feelings.jpg","width":1000,"height":1000},{"@type":"BreadcrumbList","@id":"https:\/\/www.lifenatura.com\/es\/produto\/almidon-de-maiz-bio-1kg-sentimientos-energeticos\/#breadcrumb","itemListElement":[{"@type":"ListItem","position":1,"name":"In\u00edcio","item":"https:\/\/www.lifenatura.com\/es\/"},{"@type":"ListItem","position":2,"name":"Todos los Productos","item":"https:\/\/www.lifenatura.com\/es\/tienda\/"},{"@type":"ListItem","position":3,"name":"Almid\u00f3n de Ma\u00edz Bio 1kg &#8211; Energy Feelings"}]},{"@type":"WebSite","@id":"https:\/\/www.lifenatura.com\/es\/#website","url":"https:\/\/www.lifenatura.com\/es\/","name":"Lifenatura","description":"A Lifenatura \u00e9 uma loja de produtos naturais, cosm\u00e9tica natural e alimenta\u00e7\u00e3o Biol\u00f3gica.","publisher":{"@id":"https:\/\/www.lifenatura.com\/es\/#organization"},"potentialAction":[{"@type":"SearchAction","target":{"@type":"EntryPoint","urlTemplate":"https:\/\/www.lifenatura.com\/es\/?s={search_term_string}"},"query-input":{"@type":"PropertyValueSpecification","valueRequired":true,"valueName":"search_term_string"}}],"inLanguage":"es"},{"@type":"Organization","@id":"https:\/\/www.lifenatura.com\/es\/#organization","name":"Lifenatura","url":"https:\/\/www.lifenatura.com\/es\/","logo":{"@type":"ImageObject","inLanguage":"es","@id":"https:\/\/www.lifenatura.com\/es\/#\/schema\/logo\/image\/","url":"https:\/\/www.lifenatura.com\/wp-content\/uploads\/2021\/07\/logo.png","contentUrl":"https:\/\/www.lifenatura.com\/wp-content\/uploads\/2021\/07\/logo.png","width":175,"height":55,"caption":"Lifenatura"},"image":{"@id":"https:\/\/www.lifenatura.com\/es\/#\/schema\/logo\/image\/"},"sameAs":["https:\/\/www.facebook.com\/lifenatura","https:\/\/www.instagram.com\/lifenaturapt\/"],"hasMerchantReturnPolicy":{"@type":"MerchantReturnPolicy","merchantReturnLink":"https:\/\/www.lifenatura.com\/termos-condicoes-lifenatura\/"}}]},"product_price_amount":"14.19","product_price_currency":"EUR","og_availability":"instock","product_availability":"instock","product_retailer_item_id":"8436565922761","product_condition":"new"},"df_price":14.19,"df_sale_price":"","df_regular_price":14.19,"df_image_link":"https:\/\/www.lifenatura.com\/wp-content\/uploads\/2025\/09\/amido-milho-bio-energy-feelings-300x300.jpg","_links":{"self":[{"href":"https:\/\/www.lifenatura.com\/es\/wp-json\/wp\/v2\/product\/117540","targetHints":{"allow":["GET"]}}],"collection":[{"href":"https:\/\/www.lifenatura.com\/es\/wp-json\/wp\/v2\/product"}],"about":[{"href":"https:\/\/www.lifenatura.com\/es\/wp-json\/wp\/v2\/types\/product"}],"wp:featuredmedia":[{"embeddable":true,"href":"https:\/\/www.lifenatura.com\/es\/wp-json\/wp\/v2\/media\/116816"}],"wp:attachment":[{"href":"https:\/\/www.lifenatura.com\/es\/wp-json\/wp\/v2\/media?parent=117540"}],"wp:term":[{"taxonomy":"product_brand","embeddable":true,"href":"https:\/\/www.lifenatura.com\/es\/wp-json\/wp\/v2\/product_brand?post=117540"},{"taxonomy":"product_cat","embeddable":true,"href":"https:\/\/www.lifenatura.com\/es\/wp-json\/wp\/v2\/product_cat?post=117540"},{"taxonomy":"product_tag","embeddable":true,"href":"https:\/\/www.lifenatura.com\/es\/wp-json\/wp\/v2\/product_tag?post=117540"}],"curies":[{"name":"wp","href":"https:\/\/api.w.org\/{rel}","templated":true}]}}