{"id":117539,"date":"2025-09-12T20:34:48","date_gmt":"2025-09-12T20:34:48","guid":{"rendered":"https:\/\/www.lifenatura.com\/produto\/active-detox-chlorella-120-comprimidos-energy-feelings\/"},"modified":"2025-09-25T07:07:12","modified_gmt":"2025-09-25T07:07:12","slug":"active-detox-chlorella-120-comprimidos-energy-feelings","status":"publish","type":"product","link":"https:\/\/www.lifenatura.com\/es\/produto\/active-detox-chlorella-120-comprimidos-energy-feelings\/","title":{"rendered":"Active Detox Chlorella 120 Comprimidos &#8211; Energy Feelings"},"content":{"rendered":"<h2 style=\"text-align: left;\" data-start=\"192\" data-end=\"251\">Active Detox Chlorella &#8211; Energy Feelings<\/h2>\n<p>&nbsp;<\/p>\n<p data-start=\"301\" data-end=\"668\"><strong data-start=\"303\" data-end=\"346\">Active Detox<\/strong> <strong data-start=\"413\" data-end=\"435\">Chlorella<\/strong> <strong data-start=\"303\" data-end=\"346\">de Energy Feelings<\/strong> es un complemento alimenticio natural formulado a partir de la microalga <strong data-start=\"413\" data-end=\"435\">Chlorella vulgaris<\/strong>, una de las fuentes vegetales m\u00e1s ricas en nutrientes y reconocida por su alto poder desintoxicante. Cada comprimido contiene prote\u00ednas, vitaminas, minerales, antioxidantes y clorofila, ofreciendo un apoyo completo al organismo.<\/p>\n<p data-start=\"670\" data-end=\"959\">La clorela destaca por su capacidad para <strong data-start=\"714\" data-end=\"753\">unirse a los metales pesados y las toxinas<\/strong>, ayudando al organismo a eliminarlos de forma natural y eficaz. Este proceso de desintoxicaci\u00f3n favorece el buen funcionamiento del h\u00edgado, los ri\u00f1ones y el aparato digestivo, promoviendo una sensaci\u00f3n de ligereza y bienestar.<\/p>\n<p data-start=\"961\" data-end=\"1347\">Adem\u00e1s de su acci\u00f3n desintoxicante, la chlorella es una excelente fuente de <strong data-start=\"1020\" data-end=\"1073\">hierro, vitamina B12 y prote\u00ednas de alta calidad<\/strong>, nutrientes que contribuyen a mantener la energ\u00eda, reducir el cansancio y al funcionamiento normal del sistema inmunitario. Gracias a su completo perfil nutricional, es un aliado esencial en las dietas vegetarianas y veganas, as\u00ed como en los estilos de vida saludables.<\/p>\n<p data-start=\"1349\" data-end=\"1529\">Producido por <strong data-start=\"1364\" data-end=\"1383\">Energy Feelings<\/strong>, este suplemento garantiza alta calidad, pureza y eficacia, lo que lo convierte en un apoyo diario para quienes desean cuidar su salud de forma natural.<\/p>\n<p data-start=\"1531\" data-end=\"1559\"><strong>Principales ventajas:<\/strong><\/p>\n<ul data-start=\"1560\" data-end=\"1860\">\n<li data-start=\"1560\" data-end=\"1612\">\n<p data-start=\"1562\" data-end=\"1612\">Favorece la <strong data-start=\"1570\" data-end=\"1596\">desintoxicaci\u00f3n natural<\/strong> del organismo;<\/p>\n<\/li>\n<li data-start=\"1613\" data-end=\"1677\">\n<p data-start=\"1615\" data-end=\"1677\">Contribuye a la eliminaci\u00f3n de <strong data-start=\"1646\" data-end=\"1674\">metales pesados y toxinas<\/strong>;<\/p>\n<\/li>\n<li data-start=\"1678\" data-end=\"1726\">\n<p data-start=\"1680\" data-end=\"1726\">Rico en <strong data-start=\"1688\" data-end=\"1723\">hierro, vitamina B12 y prote\u00ednas<\/strong>;<\/p>\n<\/li>\n<li data-start=\"1727\" data-end=\"1772\">\n<p data-start=\"1729\" data-end=\"1772\">Ayuda a reducir <strong data-start=\"1747\" data-end=\"1769\">el cansancio y la fatiga<\/strong>;<\/p>\n<\/li>\n<li data-start=\"1773\" data-end=\"1812\">\n<p data-start=\"1775\" data-end=\"1812\">Refuerza el <strong data-start=\"1787\" data-end=\"1809\">sistema inmunitario<\/strong>;<\/p>\n<\/li>\n<li data-start=\"1813\" data-end=\"1860\">\n<p data-start=\"1815\" data-end=\"1860\">Fuente natural de clorofila y antioxidantes.<\/p>\n<\/li>\n<\/ul>\n<p data-start=\"1862\" data-end=\"1879\"><strong>Indicaciones:<\/strong><\/p>\n<p data-start=\"1880\" data-end=\"1944\"><strong data-start=\"1882\" data-end=\"1925\">Active Detox Chlorella de Energy Feelings<\/strong> est\u00e1 indicado para:<\/p>\n<ul data-start=\"1945\" data-end=\"2173\">\n<li data-start=\"1945\" data-end=\"1999\">\n<p data-start=\"1947\" data-end=\"1999\">Personas que buscan un suplemento de apoyo a la desintoxicaci\u00f3n;<\/p>\n<\/li>\n<li data-start=\"2000\" data-end=\"2064\">\n<p data-start=\"2002\" data-end=\"2064\">Las dietas vegetarianas y veganas necesitan vitamina B12;<\/p>\n<\/li>\n<li data-start=\"2065\" data-end=\"2120\">\n<p data-start=\"2067\" data-end=\"2120\">Los que quieren aumentar su energ\u00eda y vitalidad diarias;<\/p>\n<\/li>\n<li data-start=\"2121\" data-end=\"2173\">\n<p data-start=\"2123\" data-end=\"2173\">Apoyo al sistema inmunitario y a la salud digestiva.<\/p>\n<\/li>\n<\/ul>\n<p><strong>Presentaci\u00f3n:<\/strong><\/p>\n<p>120 comprimidos<\/p>\n<p>&nbsp;<\/p>\n","protected":false},"excerpt":{"rendered":"<p>Active Detox Chlorella, Sensaci\u00f3n Energ\u00e9tica &#8211; Suplemento natural de desintoxicaci\u00f3n con clorofila, hierro y vitamina B12. Elimina toxinas, favorece la energ\u00eda y la inmunidad. [&#8230;]<\/p>\n<p><a class=\"btn btn-secondary understrap-read-more-link\" href=\"https:\/\/www.lifenatura.com\/es\/produto\/active-detox-chlorella-120-comprimidos-energy-feelings\/\">Leer m\u00e1s&#8230;<span class=\"screen-reader-text\"> from Active Detox Chlorella 120 Comprimidos &#8211; Energy Feelings<\/span><\/a><\/p>\n","protected":false},"featured_media":116808,"template":"","meta":{"_acf_changed":false},"product_brand":[8563],"product_cat":[7160,7193,7659,7179,7100,7883],"product_tag":[],"class_list":{"0":"post-117539","1":"product","2":"type-product","3":"status-publish","4":"has-post-thumbnail","6":"product_brand-energy-feelings-es","7":"product_cat-chlorella","8":"product_cat-drenante-y-detox","9":"product_cat-ingrediente-natural-bio","10":"product_cat-salud","11":"product_cat-superalimentos-bio","12":"product_cat-suplementos-alimenticios","14":"first","15":"instock","16":"shipping-taxable","17":"purchasable","18":"product-type-simple","19":"add-to-wishlist-before_image"},"acf":[],"yoast_head":"<!-- This site is optimized with the Yoast SEO Premium plugin v27.1 (Yoast SEO v27.5) - https:\/\/yoast.com\/product\/yoast-seo-premium-wordpress\/ -->\n<title>Active Detox Chlorella 120 Comprimidos - Energy Feelings - Na Lifenatura ao Melhor Pre\u00e7o | Envio em 48h<\/title>\n<meta name=\"description\" content=\"Active Detox Chlorella, suplemento natural de desintoxicaci\u00f3n con clorofila, hierro y vitamina B12. Elimina toxinas, favorece la energ\u00eda y la inmunidad.\" \/>\n<meta name=\"robots\" content=\"index, follow, max-snippet:-1, max-image-preview:large, max-video-preview:-1\" \/>\n<link rel=\"canonical\" href=\"https:\/\/www.lifenatura.com\/es\/produto\/active-detox-chlorella-120-comprimidos-energy-feelings\/\" \/>\n<meta property=\"og:locale\" content=\"es_ES\" \/>\n<meta property=\"og:type\" content=\"article\" \/>\n<meta property=\"og:title\" content=\"Active Detox Chlorella 120 Comprimidos - Energy Feelings - Na Lifenatura ao Melhor Pre\u00e7o | Envio 48h\" \/>\n<meta property=\"og:description\" content=\"Compre Active Detox Chlorella 120 Comprimidos - Energy Feelings com envio r\u00e1pido. Entrega em 48h e portes gr\u00e1tis em compras &gt;35\u20ac. Aproveite j\u00e1 na Lifenatura\" \/>\n<meta property=\"og:url\" content=\"https:\/\/www.lifenatura.com\/es\/produto\/active-detox-chlorella-120-comprimidos-energy-feelings\/\" \/>\n<meta property=\"og:site_name\" content=\"Lifenatura\" \/>\n<meta property=\"article:publisher\" content=\"https:\/\/www.facebook.com\/lifenatura\" \/>\n<meta property=\"article:modified_time\" content=\"2025-09-25T07:07:12+00:00\" \/>\n<meta property=\"og:image\" content=\"https:\/\/www.lifenatura.com\/wp-content\/uploads\/2025\/09\/active-detox-clorella-energy-feelings.jpg\" \/>\n\t<meta property=\"og:image:width\" content=\"1000\" \/>\n\t<meta property=\"og:image:height\" content=\"1000\" \/>\n\t<meta property=\"og:image:type\" content=\"image\/jpeg\" \/>\n<meta name=\"twitter:card\" content=\"summary_large_image\" \/>\n<meta name=\"twitter:label1\" content=\"Precio\" \/>\n\t<meta name=\"twitter:data1\" content=\"19,94&nbsp;&euro;\" \/>\n\t<meta name=\"twitter:label2\" content=\"Disponibilidad\" \/>\n\t<meta name=\"twitter:data2\" content=\"Disponible\" \/>\n<script type=\"application\/ld+json\" class=\"yoast-schema-graph\">{\"@context\":\"https:\\\/\\\/schema.org\",\"@graph\":[{\"@type\":\"WebPage\",\"@id\":\"https:\\\/\\\/www.lifenatura.com\\\/es\\\/produto\\\/active-detox-chlorella-120-comprimidos-energy-feelings\\\/\",\"url\":\"https:\\\/\\\/www.lifenatura.com\\\/es\\\/produto\\\/active-detox-chlorella-120-comprimidos-energy-feelings\\\/\",\"name\":\"Active Detox Chlorella 120 Comprimidos - Energy Feelings - Na Lifenatura ao Melhor Pre\u00e7o | Envio em 48h\",\"isPartOf\":{\"@id\":\"https:\\\/\\\/www.lifenatura.com\\\/es\\\/#website\"},\"primaryImageOfPage\":{\"@id\":\"https:\\\/\\\/www.lifenatura.com\\\/es\\\/produto\\\/active-detox-chlorella-120-comprimidos-energy-feelings\\\/#primaryimage\"},\"image\":{\"@id\":\"https:\\\/\\\/www.lifenatura.com\\\/es\\\/produto\\\/active-detox-chlorella-120-comprimidos-energy-feelings\\\/#primaryimage\"},\"thumbnailUrl\":\"https:\\\/\\\/www.lifenatura.com\\\/wp-content\\\/uploads\\\/2025\\\/09\\\/active-detox-clorella-energy-feelings.jpg\",\"datePublished\":\"2025-09-12T20:34:48+00:00\",\"dateModified\":\"2025-09-25T07:07:12+00:00\",\"description\":\"Active Detox Chlorella, suplemento natural de desintoxicaci\u00f3n con clorofila, hierro y vitamina B12. Elimina toxinas, favorece la energ\u00eda y la inmunidad.\",\"breadcrumb\":{\"@id\":\"https:\\\/\\\/www.lifenatura.com\\\/es\\\/produto\\\/active-detox-chlorella-120-comprimidos-energy-feelings\\\/#breadcrumb\"},\"inLanguage\":\"es\",\"potentialAction\":[{\"@type\":\"ReadAction\",\"target\":[\"https:\\\/\\\/www.lifenatura.com\\\/es\\\/produto\\\/active-detox-chlorella-120-comprimidos-energy-feelings\\\/\"]}]},{\"@type\":\"ImageObject\",\"inLanguage\":\"es\",\"@id\":\"https:\\\/\\\/www.lifenatura.com\\\/es\\\/produto\\\/active-detox-chlorella-120-comprimidos-energy-feelings\\\/#primaryimage\",\"url\":\"https:\\\/\\\/www.lifenatura.com\\\/wp-content\\\/uploads\\\/2025\\\/09\\\/active-detox-clorella-energy-feelings.jpg\",\"contentUrl\":\"https:\\\/\\\/www.lifenatura.com\\\/wp-content\\\/uploads\\\/2025\\\/09\\\/active-detox-clorella-energy-feelings.jpg\",\"width\":1000,\"height\":1000},{\"@type\":\"BreadcrumbList\",\"@id\":\"https:\\\/\\\/www.lifenatura.com\\\/es\\\/produto\\\/active-detox-chlorella-120-comprimidos-energy-feelings\\\/#breadcrumb\",\"itemListElement\":[{\"@type\":\"ListItem\",\"position\":1,\"name\":\"In\u00edcio\",\"item\":\"https:\\\/\\\/www.lifenatura.com\\\/es\\\/\"},{\"@type\":\"ListItem\",\"position\":2,\"name\":\"Todos los Productos\",\"item\":\"https:\\\/\\\/www.lifenatura.com\\\/es\\\/tienda\\\/\"},{\"@type\":\"ListItem\",\"position\":3,\"name\":\"Active Detox Chlorella 120 Comprimidos &#8211; Energy Feelings\"}]},{\"@type\":\"WebSite\",\"@id\":\"https:\\\/\\\/www.lifenatura.com\\\/es\\\/#website\",\"url\":\"https:\\\/\\\/www.lifenatura.com\\\/es\\\/\",\"name\":\"Lifenatura\",\"description\":\"A Lifenatura \u00e9 uma loja de produtos naturais, cosm\u00e9tica natural e alimenta\u00e7\u00e3o Biol\u00f3gica.\",\"publisher\":{\"@id\":\"https:\\\/\\\/www.lifenatura.com\\\/es\\\/#organization\"},\"potentialAction\":[{\"@type\":\"SearchAction\",\"target\":{\"@type\":\"EntryPoint\",\"urlTemplate\":\"https:\\\/\\\/www.lifenatura.com\\\/es\\\/?s={search_term_string}\"},\"query-input\":{\"@type\":\"PropertyValueSpecification\",\"valueRequired\":true,\"valueName\":\"search_term_string\"}}],\"inLanguage\":\"es\"},{\"@type\":\"Organization\",\"@id\":\"https:\\\/\\\/www.lifenatura.com\\\/es\\\/#organization\",\"name\":\"Lifenatura\",\"url\":\"https:\\\/\\\/www.lifenatura.com\\\/es\\\/\",\"logo\":{\"@type\":\"ImageObject\",\"inLanguage\":\"es\",\"@id\":\"https:\\\/\\\/www.lifenatura.com\\\/es\\\/#\\\/schema\\\/logo\\\/image\\\/\",\"url\":\"https:\\\/\\\/www.lifenatura.com\\\/wp-content\\\/uploads\\\/2021\\\/07\\\/logo.png\",\"contentUrl\":\"https:\\\/\\\/www.lifenatura.com\\\/wp-content\\\/uploads\\\/2021\\\/07\\\/logo.png\",\"width\":175,\"height\":55,\"caption\":\"Lifenatura\"},\"image\":{\"@id\":\"https:\\\/\\\/www.lifenatura.com\\\/es\\\/#\\\/schema\\\/logo\\\/image\\\/\"},\"sameAs\":[\"https:\\\/\\\/www.facebook.com\\\/lifenatura\",\"https:\\\/\\\/www.instagram.com\\\/lifenaturapt\\\/\"],\"hasMerchantReturnPolicy\":{\"@type\":\"MerchantReturnPolicy\",\"merchantReturnLink\":\"https:\\\/\\\/www.lifenatura.com\\\/termos-condicoes-lifenatura\\\/\"}}]}<\/script>\n<meta property=\"product:price:amount\" content=\"19.94\" \/>\n<meta property=\"product:price:currency\" content=\"EUR\" \/>\n<meta property=\"og:availability\" content=\"instock\" \/>\n<meta property=\"product:availability\" content=\"instock\" \/>\n<meta property=\"product:retailer_item_id\" content=\"8436565923614\" \/>\n<meta property=\"product:condition\" content=\"new\" \/>\n<!-- \/ Yoast SEO Premium plugin. -->","yoast_head_json":{"title":"Active Detox Chlorella 120 Comprimidos - Energy Feelings - Na Lifenatura ao Melhor Pre\u00e7o | Envio em 48h","description":"Active Detox Chlorella, suplemento natural de desintoxicaci\u00f3n con clorofila, hierro y vitamina B12. Elimina toxinas, favorece la energ\u00eda y la inmunidad.","robots":{"index":"index","follow":"follow","max-snippet":"max-snippet:-1","max-image-preview":"max-image-preview:large","max-video-preview":"max-video-preview:-1"},"canonical":"https:\/\/www.lifenatura.com\/es\/produto\/active-detox-chlorella-120-comprimidos-energy-feelings\/","og_locale":"es_ES","og_type":"article","og_title":"Active Detox Chlorella 120 Comprimidos - Energy Feelings - Na Lifenatura ao Melhor Pre\u00e7o | Envio 48h","og_description":"Compre Active Detox Chlorella 120 Comprimidos - Energy Feelings com envio r\u00e1pido. Entrega em 48h e portes gr\u00e1tis em compras >35\u20ac. Aproveite j\u00e1 na Lifenatura","og_url":"https:\/\/www.lifenatura.com\/es\/produto\/active-detox-chlorella-120-comprimidos-energy-feelings\/","og_site_name":"Lifenatura","article_publisher":"https:\/\/www.facebook.com\/lifenatura","article_modified_time":"2025-09-25T07:07:12+00:00","og_image":[{"width":1000,"height":1000,"url":"https:\/\/www.lifenatura.com\/wp-content\/uploads\/2025\/09\/active-detox-clorella-energy-feelings.jpg","type":"image\/jpeg"}],"twitter_card":"summary_large_image","twitter_misc":{"Precio":"19,94&nbsp;&euro;","Disponibilidad":"Disponible"},"schema":{"@context":"https:\/\/schema.org","@graph":[{"@type":"WebPage","@id":"https:\/\/www.lifenatura.com\/es\/produto\/active-detox-chlorella-120-comprimidos-energy-feelings\/","url":"https:\/\/www.lifenatura.com\/es\/produto\/active-detox-chlorella-120-comprimidos-energy-feelings\/","name":"Active Detox Chlorella 120 Comprimidos - Energy Feelings - Na Lifenatura ao Melhor Pre\u00e7o | Envio em 48h","isPartOf":{"@id":"https:\/\/www.lifenatura.com\/es\/#website"},"primaryImageOfPage":{"@id":"https:\/\/www.lifenatura.com\/es\/produto\/active-detox-chlorella-120-comprimidos-energy-feelings\/#primaryimage"},"image":{"@id":"https:\/\/www.lifenatura.com\/es\/produto\/active-detox-chlorella-120-comprimidos-energy-feelings\/#primaryimage"},"thumbnailUrl":"https:\/\/www.lifenatura.com\/wp-content\/uploads\/2025\/09\/active-detox-clorella-energy-feelings.jpg","datePublished":"2025-09-12T20:34:48+00:00","dateModified":"2025-09-25T07:07:12+00:00","description":"Active Detox Chlorella, suplemento natural de desintoxicaci\u00f3n con clorofila, hierro y vitamina B12. Elimina toxinas, favorece la energ\u00eda y la inmunidad.","breadcrumb":{"@id":"https:\/\/www.lifenatura.com\/es\/produto\/active-detox-chlorella-120-comprimidos-energy-feelings\/#breadcrumb"},"inLanguage":"es","potentialAction":[{"@type":"ReadAction","target":["https:\/\/www.lifenatura.com\/es\/produto\/active-detox-chlorella-120-comprimidos-energy-feelings\/"]}]},{"@type":"ImageObject","inLanguage":"es","@id":"https:\/\/www.lifenatura.com\/es\/produto\/active-detox-chlorella-120-comprimidos-energy-feelings\/#primaryimage","url":"https:\/\/www.lifenatura.com\/wp-content\/uploads\/2025\/09\/active-detox-clorella-energy-feelings.jpg","contentUrl":"https:\/\/www.lifenatura.com\/wp-content\/uploads\/2025\/09\/active-detox-clorella-energy-feelings.jpg","width":1000,"height":1000},{"@type":"BreadcrumbList","@id":"https:\/\/www.lifenatura.com\/es\/produto\/active-detox-chlorella-120-comprimidos-energy-feelings\/#breadcrumb","itemListElement":[{"@type":"ListItem","position":1,"name":"In\u00edcio","item":"https:\/\/www.lifenatura.com\/es\/"},{"@type":"ListItem","position":2,"name":"Todos los Productos","item":"https:\/\/www.lifenatura.com\/es\/tienda\/"},{"@type":"ListItem","position":3,"name":"Active Detox Chlorella 120 Comprimidos &#8211; Energy Feelings"}]},{"@type":"WebSite","@id":"https:\/\/www.lifenatura.com\/es\/#website","url":"https:\/\/www.lifenatura.com\/es\/","name":"Lifenatura","description":"A Lifenatura \u00e9 uma loja de produtos naturais, cosm\u00e9tica natural e alimenta\u00e7\u00e3o Biol\u00f3gica.","publisher":{"@id":"https:\/\/www.lifenatura.com\/es\/#organization"},"potentialAction":[{"@type":"SearchAction","target":{"@type":"EntryPoint","urlTemplate":"https:\/\/www.lifenatura.com\/es\/?s={search_term_string}"},"query-input":{"@type":"PropertyValueSpecification","valueRequired":true,"valueName":"search_term_string"}}],"inLanguage":"es"},{"@type":"Organization","@id":"https:\/\/www.lifenatura.com\/es\/#organization","name":"Lifenatura","url":"https:\/\/www.lifenatura.com\/es\/","logo":{"@type":"ImageObject","inLanguage":"es","@id":"https:\/\/www.lifenatura.com\/es\/#\/schema\/logo\/image\/","url":"https:\/\/www.lifenatura.com\/wp-content\/uploads\/2021\/07\/logo.png","contentUrl":"https:\/\/www.lifenatura.com\/wp-content\/uploads\/2021\/07\/logo.png","width":175,"height":55,"caption":"Lifenatura"},"image":{"@id":"https:\/\/www.lifenatura.com\/es\/#\/schema\/logo\/image\/"},"sameAs":["https:\/\/www.facebook.com\/lifenatura","https:\/\/www.instagram.com\/lifenaturapt\/"],"hasMerchantReturnPolicy":{"@type":"MerchantReturnPolicy","merchantReturnLink":"https:\/\/www.lifenatura.com\/termos-condicoes-lifenatura\/"}}]},"product_price_amount":"19.94","product_price_currency":"EUR","og_availability":"instock","product_availability":"instock","product_retailer_item_id":"8436565923614","product_condition":"new"},"df_price":19.94,"df_sale_price":"","df_regular_price":19.94,"df_image_link":"https:\/\/www.lifenatura.com\/wp-content\/uploads\/2025\/09\/active-detox-clorella-energy-feelings-300x300.jpg","_links":{"self":[{"href":"https:\/\/www.lifenatura.com\/es\/wp-json\/wp\/v2\/product\/117539","targetHints":{"allow":["GET"]}}],"collection":[{"href":"https:\/\/www.lifenatura.com\/es\/wp-json\/wp\/v2\/product"}],"about":[{"href":"https:\/\/www.lifenatura.com\/es\/wp-json\/wp\/v2\/types\/product"}],"wp:featuredmedia":[{"embeddable":true,"href":"https:\/\/www.lifenatura.com\/es\/wp-json\/wp\/v2\/media\/116808"}],"wp:attachment":[{"href":"https:\/\/www.lifenatura.com\/es\/wp-json\/wp\/v2\/media?parent=117539"}],"wp:term":[{"taxonomy":"product_brand","embeddable":true,"href":"https:\/\/www.lifenatura.com\/es\/wp-json\/wp\/v2\/product_brand?post=117539"},{"taxonomy":"product_cat","embeddable":true,"href":"https:\/\/www.lifenatura.com\/es\/wp-json\/wp\/v2\/product_cat?post=117539"},{"taxonomy":"product_tag","embeddable":true,"href":"https:\/\/www.lifenatura.com\/es\/wp-json\/wp\/v2\/product_tag?post=117539"}],"curies":[{"name":"wp","href":"https:\/\/api.w.org\/{rel}","templated":true}]}}