{"id":117537,"date":"2025-09-12T20:34:57","date_gmt":"2025-09-12T20:34:57","guid":{"rendered":"https:\/\/www.lifenatura.com\/produto\/bodtox-2-0-bio-500-g-sensacion-de-energia\/"},"modified":"2025-09-25T07:18:49","modified_gmt":"2025-09-25T07:18:49","slug":"bodtox-2-0-bio-500-g-sensacion-de-energia","status":"publish","type":"product","link":"https:\/\/www.lifenatura.com\/es\/produto\/bodtox-2-0-bio-500-g-sensacion-de-energia\/","title":{"rendered":"Bodtox 2.0 Bio 500 g &#8211; Energy Feelings"},"content":{"rendered":"<h2 style=\"text-align: left;\" data-start=\"165\" data-end=\"207\">Bodtox 2.0 Bio &#8211; <strong data-start=\"258\" data-end=\"295\">Energy Feelings<\/strong><\/h2>\n<p>&nbsp;<\/p>\n<p data-start=\"256\" data-end=\"516\"><strong data-start=\"258\" data-end=\"295\">Bodtox 2.0 Bio de Energy Feelings<\/strong> es una mezcla funcional de superalimentos 100% ecol\u00f3gicos, desarrollada para apoyar los procesos naturales <strong data-start=\"405\" data-end=\"436\">de desintoxicaci\u00f3n del organismo<\/strong>, fomentar la energ\u00eda y la vitalidad y contribuir al equilibrio general del cuerpo.<\/p>\n<p data-start=\"518\" data-end=\"904\">Esta f\u00f3rmula combina ingredientes vegetales cuidadosamente seleccionados, como la clorela, la espirulina, la hierba de trigo, la hierba de cebada y otros superalimentos, reconocidos por su contenido en <strong data-start=\"700\" data-end=\"758\">clorofila, fibra, vitaminas, minerales y antioxidantes<\/strong>. Juntos, estos nutrientes act\u00faan sin\u00e9rgicamente para favorecer la eliminaci\u00f3n de toxinas, apoyar la salud digestiva y reforzar el sistema inmunitario.<\/p>\n<p data-start=\"906\" data-end=\"1196\">Bodtox 2.0 no s\u00f3lo ayuda a depurar el organismo de forma natural, sino que tambi\u00e9n proporciona energ\u00eda de forma equilibrada, sin utilizar estimulantes artificiales. Gracias a su riqueza nutricional, tambi\u00e9n ayuda a reducir el cansancio, mejorar la vitalidad y favorecer el bienestar f\u00edsico y mental.<\/p>\n<p data-start=\"1198\" data-end=\"1415\">Con un sabor fresco y natural, puede a\u00f1adirse f\u00e1cilmente a batidos, zumos, aguas aromatizadas o incluso recetas saludables, lo que la convierte en un aliado pr\u00e1ctico para quienes valoran un estilo de vida sano y consciente.<\/p>\n<p data-start=\"1417\" data-end=\"1445\"><strong>Principales ventajas:<\/strong><\/p>\n<ul data-start=\"1446\" data-end=\"1761\">\n<li data-start=\"1446\" data-end=\"1500\">\n<p data-start=\"1448\" data-end=\"1500\">Favorece la <strong data-start=\"1458\" data-end=\"1484\">desintoxicaci\u00f3n natural<\/strong> del organismo;<\/p>\n<\/li>\n<li data-start=\"1501\" data-end=\"1564\">\n<p data-start=\"1503\" data-end=\"1564\">Rico en <strong data-start=\"1511\" data-end=\"1561\">clorofila, vitaminas, minerales y antioxidantes<\/strong>;<\/p>\n<\/li>\n<li data-start=\"1565\" data-end=\"1620\">\n<p data-start=\"1567\" data-end=\"1620\">Favorece el <strong data-start=\"1575\" data-end=\"1597\">sistema inmunitario<\/strong> y la salud digestiva;<\/p>\n<\/li>\n<li data-start=\"1621\" data-end=\"1666\">\n<p data-start=\"1623\" data-end=\"1666\">Ayuda a <strong data-start=\"1631\" data-end=\"1663\">reducir el cansancio y la fatiga<\/strong>;<\/p>\n<\/li>\n<li data-start=\"1667\" data-end=\"1718\">\n<p data-start=\"1669\" data-end=\"1718\">Aporta energ\u00eda de forma natural y equilibrada;<\/p>\n<\/li>\n<li data-start=\"1719\" data-end=\"1761\">\n<p data-start=\"1721\" data-end=\"1761\">Ecol\u00f3gico, vegano y sin gluten.<\/p>\n<\/li>\n<\/ul>\n<p data-start=\"1763\" data-end=\"1780\"><strong>Indicaciones:<\/strong><\/p>\n<p data-start=\"1781\" data-end=\"1839\"><strong data-start=\"1783\" data-end=\"1820\">Sensaciones energ\u00e9ticas Bodtox 2.0 Bio<\/strong> es adecuado para:<\/p>\n<ul data-start=\"1840\" data-end=\"2075\">\n<li data-start=\"1840\" data-end=\"1894\">\n<p data-start=\"1842\" data-end=\"1894\">Personas que buscan una ayuda natural y eficaz para la desintoxicaci\u00f3n;<\/p>\n<\/li>\n<li data-start=\"1895\" data-end=\"1950\">\n<p data-start=\"1897\" data-end=\"1950\">Los que quieren aumentar su energ\u00eda y vitalidad diarias;<\/p>\n<\/li>\n<li data-start=\"1951\" data-end=\"2004\">\n<p data-start=\"1953\" data-end=\"2004\">Estilos de vida saludables, veganos o vegetarianos;<\/p>\n<\/li>\n<li data-start=\"2005\" data-end=\"2075\">\n<p data-start=\"2007\" data-end=\"2075\">Individuos expuestos a contaminantes, estr\u00e9s o dietas desequilibradas.<\/p>\n<\/li>\n<\/ul>\n<p><strong>Presentaci\u00f3n:<\/strong><\/p>\n<p>500g<\/p>\n<p>&nbsp;<\/p>\n","protected":false},"excerpt":{"rendered":"<p>Bodtox 2.0 Bio, Sensaci\u00f3n Energ\u00e9tica &#8211; Una mezcla de superalimentos org\u00e1nicos para una desintoxicaci\u00f3n natural, energ\u00eda y vitalidad. Rico en clorofila, fibra y antioxidantes. [&#8230;]<\/p>\n<p><a class=\"btn btn-secondary understrap-read-more-link\" href=\"https:\/\/www.lifenatura.com\/es\/produto\/bodtox-2-0-bio-500-g-sensacion-de-energia\/\">Leer m\u00e1s&#8230;<span class=\"screen-reader-text\"> from Bodtox 2.0 Bio 500 g &#8211; Energy Feelings<\/span><\/a><\/p>\n","protected":false},"featured_media":116826,"template":"","meta":{"_acf_changed":false},"product_brand":[8563],"product_cat":[7064,7074,7100],"product_tag":[],"class_list":{"0":"post-117537","1":"product","2":"type-product","3":"status-publish","4":"has-post-thumbnail","6":"product_brand-energy-feelings-es","7":"product_cat-alimentacion-sana","8":"product_cat-productos-alimenticios","9":"product_cat-superalimentos-bio","11":"first","12":"instock","13":"shipping-taxable","14":"purchasable","15":"product-type-simple","16":"add-to-wishlist-before_image"},"acf":[],"yoast_head":"<!-- This site is optimized with the Yoast SEO Premium plugin v27.1 (Yoast SEO v27.3) - https:\/\/yoast.com\/product\/yoast-seo-premium-wordpress\/ -->\n<title>Bodtox 2.0 Bio 500 g - Energy Feelings - Lifenatura<\/title>\n<meta name=\"description\" content=\"Bodtox 2.0 Bio, una mezcla de superalimentos org\u00e1nicos para una desintoxicaci\u00f3n natural, energ\u00eda y vitalidad. Rico en clorofila, fibra y antioxidantes.\" \/>\n<meta name=\"robots\" content=\"index, follow, max-snippet:-1, max-image-preview:large, max-video-preview:-1\" \/>\n<link rel=\"canonical\" href=\"https:\/\/www.lifenatura.com\/es\/produto\/bodtox-2-0-bio-500-g-sensacion-de-energia\/\" \/>\n<meta property=\"og:locale\" content=\"es_ES\" \/>\n<meta property=\"og:type\" content=\"article\" \/>\n<meta property=\"og:title\" content=\"Bodtox 2.0 Bio 500 g - Energy Feelings - Lifenatura\" \/>\n<meta property=\"og:description\" content=\"Compre aqui o seu Bodtox 2.0 Bio 500 g - Energy Feelings e a Lifenatura Online envia em 48 H com Portes Gratis &gt;35\u20ac de Pedido.\" \/>\n<meta property=\"og:url\" content=\"https:\/\/www.lifenatura.com\/es\/produto\/bodtox-2-0-bio-500-g-sensacion-de-energia\/\" \/>\n<meta property=\"og:site_name\" content=\"Lifenatura\" \/>\n<meta property=\"article:publisher\" content=\"https:\/\/www.facebook.com\/lifenatura\" \/>\n<meta property=\"article:modified_time\" content=\"2025-09-25T07:18:49+00:00\" \/>\n<meta property=\"og:image\" content=\"https:\/\/www.lifenatura.com\/wp-content\/uploads\/2025\/09\/bodtox-20-bio-energy-feelings.jpg\" \/>\n\t<meta property=\"og:image:width\" content=\"1000\" \/>\n\t<meta property=\"og:image:height\" content=\"1000\" \/>\n\t<meta property=\"og:image:type\" content=\"image\/jpeg\" \/>\n<meta name=\"twitter:card\" content=\"summary_large_image\" \/>\n<meta name=\"twitter:label1\" content=\"Precio\" \/>\n\t<meta name=\"twitter:data1\" content=\"30,67&nbsp;&euro;\" \/>\n\t<meta name=\"twitter:label2\" content=\"Disponibilidad\" \/>\n\t<meta name=\"twitter:data2\" content=\"Disponible\" \/>\n<meta property=\"product:price:amount\" content=\"30.67\" \/>\n<meta property=\"product:price:currency\" content=\"EUR\" \/>\n<meta property=\"og:availability\" content=\"instock\" \/>\n<meta property=\"product:availability\" content=\"instock\" \/>\n<meta property=\"product:retailer_item_id\" content=\"8436565925489\" \/>\n<meta property=\"product:condition\" content=\"new\" \/>\n<!-- \/ Yoast SEO Premium plugin. -->","yoast_head_json":{"title":"Bodtox 2.0 Bio 500 g - Energy Feelings - Lifenatura","description":"Bodtox 2.0 Bio, una mezcla de superalimentos org\u00e1nicos para una desintoxicaci\u00f3n natural, energ\u00eda y vitalidad. Rico en clorofila, fibra y antioxidantes.","robots":{"index":"index","follow":"follow","max-snippet":"max-snippet:-1","max-image-preview":"max-image-preview:large","max-video-preview":"max-video-preview:-1"},"canonical":"https:\/\/www.lifenatura.com\/es\/produto\/bodtox-2-0-bio-500-g-sensacion-de-energia\/","og_locale":"es_ES","og_type":"article","og_title":"Bodtox 2.0 Bio 500 g - Energy Feelings - Lifenatura","og_description":"Compre aqui o seu Bodtox 2.0 Bio 500 g - Energy Feelings e a Lifenatura Online envia em 48 H com Portes Gratis >35\u20ac de Pedido.","og_url":"https:\/\/www.lifenatura.com\/es\/produto\/bodtox-2-0-bio-500-g-sensacion-de-energia\/","og_site_name":"Lifenatura","article_publisher":"https:\/\/www.facebook.com\/lifenatura","article_modified_time":"2025-09-25T07:18:49+00:00","og_image":[{"width":1000,"height":1000,"url":"https:\/\/www.lifenatura.com\/wp-content\/uploads\/2025\/09\/bodtox-20-bio-energy-feelings.jpg","type":"image\/jpeg"}],"twitter_card":"summary_large_image","twitter_misc":{"Precio":"30,67&nbsp;&euro;","Disponibilidad":"Disponible"},"schema":{"@context":"https:\/\/schema.org","@graph":[{"@type":"WebPage","@id":"https:\/\/www.lifenatura.com\/es\/produto\/bodtox-2-0-bio-500-g-sensacion-de-energia\/","url":"https:\/\/www.lifenatura.com\/es\/produto\/bodtox-2-0-bio-500-g-sensacion-de-energia\/","name":"Bodtox 2.0 Bio 500 g - Energy Feelings - Lifenatura","isPartOf":{"@id":"https:\/\/www.lifenatura.com\/es\/#website"},"primaryImageOfPage":{"@id":"https:\/\/www.lifenatura.com\/es\/produto\/bodtox-2-0-bio-500-g-sensacion-de-energia\/#primaryimage"},"image":{"@id":"https:\/\/www.lifenatura.com\/es\/produto\/bodtox-2-0-bio-500-g-sensacion-de-energia\/#primaryimage"},"thumbnailUrl":"https:\/\/www.lifenatura.com\/wp-content\/uploads\/2025\/09\/bodtox-20-bio-energy-feelings.jpg","datePublished":"2025-09-12T20:34:57+00:00","dateModified":"2025-09-25T07:18:49+00:00","description":"Bodtox 2.0 Bio, una mezcla de superalimentos org\u00e1nicos para una desintoxicaci\u00f3n natural, energ\u00eda y vitalidad. Rico en clorofila, fibra y antioxidantes.","breadcrumb":{"@id":"https:\/\/www.lifenatura.com\/es\/produto\/bodtox-2-0-bio-500-g-sensacion-de-energia\/#breadcrumb"},"inLanguage":"es","potentialAction":[{"@type":"ReadAction","target":["https:\/\/www.lifenatura.com\/es\/produto\/bodtox-2-0-bio-500-g-sensacion-de-energia\/"]}]},{"@type":"ImageObject","inLanguage":"es","@id":"https:\/\/www.lifenatura.com\/es\/produto\/bodtox-2-0-bio-500-g-sensacion-de-energia\/#primaryimage","url":"https:\/\/www.lifenatura.com\/wp-content\/uploads\/2025\/09\/bodtox-20-bio-energy-feelings.jpg","contentUrl":"https:\/\/www.lifenatura.com\/wp-content\/uploads\/2025\/09\/bodtox-20-bio-energy-feelings.jpg","width":1000,"height":1000},{"@type":"BreadcrumbList","@id":"https:\/\/www.lifenatura.com\/es\/produto\/bodtox-2-0-bio-500-g-sensacion-de-energia\/#breadcrumb","itemListElement":[{"@type":"ListItem","position":1,"name":"In\u00edcio","item":"https:\/\/www.lifenatura.com\/es\/"},{"@type":"ListItem","position":2,"name":"Todos los Productos","item":"https:\/\/www.lifenatura.com\/es\/tienda\/"},{"@type":"ListItem","position":3,"name":"Bodtox 2.0 Bio 500 g &#8211; Energy Feelings"}]},{"@type":"WebSite","@id":"https:\/\/www.lifenatura.com\/es\/#website","url":"https:\/\/www.lifenatura.com\/es\/","name":"Lifenatura","description":"A Lifenatura \u00e9 uma loja de produtos naturais, cosm\u00e9tica natural e alimenta\u00e7\u00e3o Biol\u00f3gica.","publisher":{"@id":"https:\/\/www.lifenatura.com\/es\/#organization"},"potentialAction":[{"@type":"SearchAction","target":{"@type":"EntryPoint","urlTemplate":"https:\/\/www.lifenatura.com\/es\/?s={search_term_string}"},"query-input":{"@type":"PropertyValueSpecification","valueRequired":true,"valueName":"search_term_string"}}],"inLanguage":"es"},{"@type":"Organization","@id":"https:\/\/www.lifenatura.com\/es\/#organization","name":"Lifenatura","url":"https:\/\/www.lifenatura.com\/es\/","logo":{"@type":"ImageObject","inLanguage":"es","@id":"https:\/\/www.lifenatura.com\/es\/#\/schema\/logo\/image\/","url":"https:\/\/www.lifenatura.com\/wp-content\/uploads\/2021\/11\/logo.png","contentUrl":"https:\/\/www.lifenatura.com\/wp-content\/uploads\/2021\/11\/logo.png","width":175,"height":55,"caption":"Lifenatura"},"image":{"@id":"https:\/\/www.lifenatura.com\/es\/#\/schema\/logo\/image\/"},"sameAs":["https:\/\/www.facebook.com\/lifenatura","https:\/\/www.instagram.com\/lifenaturapt\/"]}]},"product_price_amount":"30.67","product_price_currency":"EUR","og_availability":"instock","product_availability":"instock","product_retailer_item_id":"8436565925489","product_condition":"new"},"df_price":30.67,"df_sale_price":"","df_regular_price":30.67,"df_image_link":"https:\/\/www.lifenatura.com\/wp-content\/uploads\/2025\/09\/bodtox-20-bio-energy-feelings-300x300.jpg","_links":{"self":[{"href":"https:\/\/www.lifenatura.com\/es\/wp-json\/wp\/v2\/product\/117537","targetHints":{"allow":["GET"]}}],"collection":[{"href":"https:\/\/www.lifenatura.com\/es\/wp-json\/wp\/v2\/product"}],"about":[{"href":"https:\/\/www.lifenatura.com\/es\/wp-json\/wp\/v2\/types\/product"}],"wp:featuredmedia":[{"embeddable":true,"href":"https:\/\/www.lifenatura.com\/es\/wp-json\/wp\/v2\/media\/116826"}],"wp:attachment":[{"href":"https:\/\/www.lifenatura.com\/es\/wp-json\/wp\/v2\/media?parent=117537"}],"wp:term":[{"taxonomy":"product_brand","embeddable":true,"href":"https:\/\/www.lifenatura.com\/es\/wp-json\/wp\/v2\/product_brand?post=117537"},{"taxonomy":"product_cat","embeddable":true,"href":"https:\/\/www.lifenatura.com\/es\/wp-json\/wp\/v2\/product_cat?post=117537"},{"taxonomy":"product_tag","embeddable":true,"href":"https:\/\/www.lifenatura.com\/es\/wp-json\/wp\/v2\/product_tag?post=117537"}],"curies":[{"name":"wp","href":"https:\/\/api.w.org\/{rel}","templated":true}]}}