{"id":117536,"date":"2025-09-12T20:34:55","date_gmt":"2025-09-12T20:34:55","guid":{"rendered":"https:\/\/www.lifenatura.com\/produto\/ashwagandha-bio-200g-sensacion-de-energia\/"},"modified":"2025-09-25T07:59:53","modified_gmt":"2025-09-25T07:59:53","slug":"ashwagandha-bio-200g-sensacion-de-energia","status":"publish","type":"product","link":"https:\/\/www.lifenatura.com\/es\/produto\/ashwagandha-bio-200g-sensacion-de-energia\/","title":{"rendered":"Ashwagandha Bio 200g &#8211; Energy Feelings"},"content":{"rendered":"<h2 style=\"text-align: left;\" data-start=\"176\" data-end=\"219\">Ashwagandha Bio &#8211; <strong data-start=\"277\" data-end=\"315\">Energy Feelings<\/strong><\/h2>\n<p>&nbsp;<\/p>\n<p data-start=\"275\" data-end=\"663\"><strong data-start=\"277\" data-end=\"315\">La Ashwagandha Bio de Energy Feelings<\/strong> es un suplemento en polvo 100% natural y org\u00e1nico obtenido de la ra\u00edz de la planta <em data-start=\"389\" data-end=\"409\">Withania somnifera<\/em>, una de las m\u00e1s importantes de la tradici\u00f3n ayurv\u00e9dica. Conocida como &#8220;ginseng indio&#8221;, esta planta adapt\u00f3gena se ha utilizado durante siglos para apoyar la energ\u00eda vital, promover la resistencia f\u00edsica y mental y contribuir al equilibrio del organismo.<\/p>\n<p data-start=\"665\" data-end=\"960\">La ashwagandha es especialmente apreciada por su capacidad para <strong data-start=\"729\" data-end=\"774\">ayudar a controlar el estr\u00e9s y la ansiedad<\/strong>, favoreciendo la relajaci\u00f3n sin causar somnolencia. Su efecto adapt\u00f3geno permite al organismo adaptarse mejor a situaciones de tensi\u00f3n f\u00edsica o emocional, favoreciendo el bienestar general.<\/p>\n<p data-start=\"962\" data-end=\"1329\">Tambi\u00e9n es rica en compuestos bioactivos como <strong data-start=\"1012\" data-end=\"1027\">los witan\u00f3lidos<\/strong>, que contribuyen a un sistema inmunitario sano, una mayor vitalidad y una mayor resistencia al cansancio. Los estudios tambi\u00e9n sugieren que la ashwagandha puede apoyar el equilibrio hormonal, mejorar la calidad del sue\u00f1o y favorecer la recuperaci\u00f3n muscular en quienes practican una actividad f\u00edsica.<\/p>\n<p data-start=\"1331\" data-end=\"1490\">Como producto <strong data-start=\"1348\" data-end=\"1381\">ecol\u00f3gico, vegano y sin gluten<\/strong>, <strong data-start=\"1385\" data-end=\"1423\">la Ashwagandha Bio de Energy Feelings<\/strong> es ideal para integrarla en una rutina de salud natural y consciente.<\/p>\n<p data-start=\"1492\" data-end=\"1520\"><strong>Principales ventajas:<\/strong><\/p>\n<ul data-start=\"1521\" data-end=\"1828\">\n<li data-start=\"1521\" data-end=\"1567\">\n<p data-start=\"1523\" data-end=\"1567\">Ayuda a <strong data-start=\"1532\" data-end=\"1564\">controlar el estr\u00e9s y la ansiedad<\/strong>;<\/p>\n<\/li>\n<li data-start=\"1568\" data-end=\"1624\">\n<p data-start=\"1570\" data-end=\"1624\">Favorece <strong data-start=\"1581\" data-end=\"1621\">el equilibrio emocional y la relajaci\u00f3n<\/strong>;<\/p>\n<\/li>\n<li data-start=\"1625\" data-end=\"1669\">\n<p data-start=\"1627\" data-end=\"1669\">Favorece <strong data-start=\"1635\" data-end=\"1666\">la energ\u00eda y la vitalidad f\u00edsica<\/strong>;<\/p>\n<\/li>\n<li data-start=\"1670\" data-end=\"1720\">\n<p data-start=\"1672\" data-end=\"1720\">Contribuye a la <strong data-start=\"1689\" data-end=\"1717\">funci\u00f3n inmunitaria normal<\/strong>;<\/p>\n<\/li>\n<li data-start=\"1721\" data-end=\"1785\">\n<p data-start=\"1723\" data-end=\"1785\">Puede favorecer <strong data-start=\"1737\" data-end=\"1782\">el equilibrio hormonal y la calidad del sue\u00f1o<\/strong>;<\/p>\n<\/li>\n<li data-start=\"1786\" data-end=\"1828\">\n<p data-start=\"1788\" data-end=\"1828\">Ecol\u00f3gico, vegano y sin gluten.<\/p>\n<\/li>\n<\/ul>\n<p data-start=\"1830\" data-end=\"1847\"><strong>Indicaciones:<\/strong><\/p>\n<p data-start=\"1848\" data-end=\"1907\"><strong data-start=\"1850\" data-end=\"1888\">Ashwagandha Bio de Energy Feelings<\/strong> est\u00e1 indicada para:<\/p>\n<ul data-start=\"1908\" data-end=\"2145\">\n<li data-start=\"1908\" data-end=\"1972\">\n<p data-start=\"1910\" data-end=\"1972\">Personas que buscan un apoyo natural contra el estr\u00e9s y la fatiga;<\/p>\n<\/li>\n<li data-start=\"1973\" data-end=\"2021\">\n<p data-start=\"1975\" data-end=\"2021\">Cualquier persona que desee mejorar su energ\u00eda y vitalidad;<\/p>\n<\/li>\n<li data-start=\"2022\" data-end=\"2091\">\n<p data-start=\"2024\" data-end=\"2091\">Deportistas que buscan una mejor recuperaci\u00f3n;<\/p>\n<\/li>\n<li data-start=\"2092\" data-end=\"2145\">\n<p data-start=\"2094\" data-end=\"2145\">Estilos de vida saludables, veganos o vegetarianos.<\/p>\n<\/li>\n<\/ul>\n<p><strong>Presentaci\u00f3n:<\/strong><\/p>\n<p>200g<\/p>\n<p>&nbsp;<\/p>\n","protected":false},"excerpt":{"rendered":"<p>Ashwagandha Bio Energy Feelings &#8211; Adapt\u00f3geno natural que favorece la gesti\u00f3n del estr\u00e9s, la energ\u00eda, el equilibrio emocional y la vitalidad. [&#8230;]<\/p>\n<p><a class=\"btn btn-secondary understrap-read-more-link\" href=\"https:\/\/www.lifenatura.com\/es\/produto\/ashwagandha-bio-200g-sensacion-de-energia\/\">Leer m\u00e1s&#8230;<span class=\"screen-reader-text\"> from Ashwagandha Bio 200g &#8211; Energy Feelings<\/span><\/a><\/p>\n","protected":false},"featured_media":116824,"template":"","meta":{"_acf_changed":false},"product_brand":[8563],"product_cat":[7213,7214,7211,7179,7883],"product_tag":[],"class_list":{"0":"post-117536","1":"product","2":"type-product","3":"status-publish","4":"has-post-thumbnail","6":"product_brand-energy-feelings-es","7":"product_cat-ansiedad-y-depresion","8":"product_cat-para-dormir","9":"product_cat-reforza-la-inmunidad-salud","10":"product_cat-salud","11":"product_cat-suplementos-alimenticios","13":"first","14":"instock","15":"shipping-taxable","16":"purchasable","17":"product-type-simple","18":"add-to-wishlist-before_image"},"acf":[],"yoast_head":"<!-- This site is optimized with the Yoast SEO Premium plugin v27.1 (Yoast SEO v27.5) - https:\/\/yoast.com\/product\/yoast-seo-premium-wordpress\/ -->\n<title>Ashwagandha Bio 200g - Energy Feelings - Na Lifenatura ao Melhor Pre\u00e7o | Envio em 48h<\/title>\n<meta name=\"description\" content=\"Ashwagandha Bio Energy Feelings - Adapt\u00f3geno natural que favorece la gesti\u00f3n del estr\u00e9s, la energ\u00eda, el equilibrio emocional y la vitalidad.\" \/>\n<meta name=\"robots\" content=\"index, follow, max-snippet:-1, max-image-preview:large, max-video-preview:-1\" \/>\n<link rel=\"canonical\" href=\"https:\/\/www.lifenatura.com\/es\/produto\/ashwagandha-bio-200g-sensacion-de-energia\/\" \/>\n<meta property=\"og:locale\" content=\"es_ES\" \/>\n<meta property=\"og:type\" content=\"article\" \/>\n<meta property=\"og:title\" content=\"Ashwagandha Bio 200g - Energy Feelings - Na Lifenatura ao Melhor Pre\u00e7o | Envio 48h\" \/>\n<meta property=\"og:description\" content=\"Compre Ashwagandha Bio 200g - Energy Feelings com envio r\u00e1pido. Entrega em 48h e portes gr\u00e1tis em compras &gt;35\u20ac. Aproveite j\u00e1 na Lifenatura\" \/>\n<meta property=\"og:url\" content=\"https:\/\/www.lifenatura.com\/es\/produto\/ashwagandha-bio-200g-sensacion-de-energia\/\" \/>\n<meta property=\"og:site_name\" content=\"Lifenatura\" \/>\n<meta property=\"article:publisher\" content=\"https:\/\/www.facebook.com\/lifenatura\" \/>\n<meta property=\"article:modified_time\" content=\"2025-09-25T07:59:53+00:00\" \/>\n<meta property=\"og:image\" content=\"https:\/\/www.lifenatura.com\/wp-content\/uploads\/2025\/09\/ashwagandha-bio-energy-feelings.jpg\" \/>\n\t<meta property=\"og:image:width\" content=\"1000\" \/>\n\t<meta property=\"og:image:height\" content=\"1000\" \/>\n\t<meta property=\"og:image:type\" content=\"image\/jpeg\" \/>\n<meta name=\"twitter:card\" content=\"summary_large_image\" \/>\n<meta name=\"twitter:label1\" content=\"Precio\" \/>\n\t<meta name=\"twitter:data1\" content=\"11,10&nbsp;&euro;\" \/>\n\t<meta name=\"twitter:label2\" content=\"Disponibilidad\" \/>\n\t<meta name=\"twitter:data2\" content=\"Disponible\" \/>\n<script type=\"application\/ld+json\" class=\"yoast-schema-graph\">{\"@context\":\"https:\\\/\\\/schema.org\",\"@graph\":[{\"@type\":\"WebPage\",\"@id\":\"https:\\\/\\\/www.lifenatura.com\\\/es\\\/produto\\\/ashwagandha-bio-200g-sensacion-de-energia\\\/\",\"url\":\"https:\\\/\\\/www.lifenatura.com\\\/es\\\/produto\\\/ashwagandha-bio-200g-sensacion-de-energia\\\/\",\"name\":\"Ashwagandha Bio 200g - Energy Feelings - Na Lifenatura ao Melhor Pre\u00e7o | Envio em 48h\",\"isPartOf\":{\"@id\":\"https:\\\/\\\/www.lifenatura.com\\\/es\\\/#website\"},\"primaryImageOfPage\":{\"@id\":\"https:\\\/\\\/www.lifenatura.com\\\/es\\\/produto\\\/ashwagandha-bio-200g-sensacion-de-energia\\\/#primaryimage\"},\"image\":{\"@id\":\"https:\\\/\\\/www.lifenatura.com\\\/es\\\/produto\\\/ashwagandha-bio-200g-sensacion-de-energia\\\/#primaryimage\"},\"thumbnailUrl\":\"https:\\\/\\\/www.lifenatura.com\\\/wp-content\\\/uploads\\\/2025\\\/09\\\/ashwagandha-bio-energy-feelings.jpg\",\"datePublished\":\"2025-09-12T20:34:55+00:00\",\"dateModified\":\"2025-09-25T07:59:53+00:00\",\"description\":\"Ashwagandha Bio Energy Feelings - Adapt\u00f3geno natural que favorece la gesti\u00f3n del estr\u00e9s, la energ\u00eda, el equilibrio emocional y la vitalidad.\",\"breadcrumb\":{\"@id\":\"https:\\\/\\\/www.lifenatura.com\\\/es\\\/produto\\\/ashwagandha-bio-200g-sensacion-de-energia\\\/#breadcrumb\"},\"inLanguage\":\"es\",\"potentialAction\":[{\"@type\":\"ReadAction\",\"target\":[\"https:\\\/\\\/www.lifenatura.com\\\/es\\\/produto\\\/ashwagandha-bio-200g-sensacion-de-energia\\\/\"]}]},{\"@type\":\"ImageObject\",\"inLanguage\":\"es\",\"@id\":\"https:\\\/\\\/www.lifenatura.com\\\/es\\\/produto\\\/ashwagandha-bio-200g-sensacion-de-energia\\\/#primaryimage\",\"url\":\"https:\\\/\\\/www.lifenatura.com\\\/wp-content\\\/uploads\\\/2025\\\/09\\\/ashwagandha-bio-energy-feelings.jpg\",\"contentUrl\":\"https:\\\/\\\/www.lifenatura.com\\\/wp-content\\\/uploads\\\/2025\\\/09\\\/ashwagandha-bio-energy-feelings.jpg\",\"width\":1000,\"height\":1000},{\"@type\":\"BreadcrumbList\",\"@id\":\"https:\\\/\\\/www.lifenatura.com\\\/es\\\/produto\\\/ashwagandha-bio-200g-sensacion-de-energia\\\/#breadcrumb\",\"itemListElement\":[{\"@type\":\"ListItem\",\"position\":1,\"name\":\"In\u00edcio\",\"item\":\"https:\\\/\\\/www.lifenatura.com\\\/es\\\/\"},{\"@type\":\"ListItem\",\"position\":2,\"name\":\"Todos los Productos\",\"item\":\"https:\\\/\\\/www.lifenatura.com\\\/es\\\/tienda\\\/\"},{\"@type\":\"ListItem\",\"position\":3,\"name\":\"Ashwagandha Bio 200g &#8211; Energy Feelings\"}]},{\"@type\":\"WebSite\",\"@id\":\"https:\\\/\\\/www.lifenatura.com\\\/es\\\/#website\",\"url\":\"https:\\\/\\\/www.lifenatura.com\\\/es\\\/\",\"name\":\"Lifenatura\",\"description\":\"A Lifenatura \u00e9 uma loja de produtos naturais, cosm\u00e9tica natural e alimenta\u00e7\u00e3o Biol\u00f3gica.\",\"publisher\":{\"@id\":\"https:\\\/\\\/www.lifenatura.com\\\/es\\\/#organization\"},\"potentialAction\":[{\"@type\":\"SearchAction\",\"target\":{\"@type\":\"EntryPoint\",\"urlTemplate\":\"https:\\\/\\\/www.lifenatura.com\\\/es\\\/?s={search_term_string}\"},\"query-input\":{\"@type\":\"PropertyValueSpecification\",\"valueRequired\":true,\"valueName\":\"search_term_string\"}}],\"inLanguage\":\"es\"},{\"@type\":\"Organization\",\"@id\":\"https:\\\/\\\/www.lifenatura.com\\\/es\\\/#organization\",\"name\":\"Lifenatura\",\"url\":\"https:\\\/\\\/www.lifenatura.com\\\/es\\\/\",\"logo\":{\"@type\":\"ImageObject\",\"inLanguage\":\"es\",\"@id\":\"https:\\\/\\\/www.lifenatura.com\\\/es\\\/#\\\/schema\\\/logo\\\/image\\\/\",\"url\":\"https:\\\/\\\/www.lifenatura.com\\\/wp-content\\\/uploads\\\/2021\\\/07\\\/logo.png\",\"contentUrl\":\"https:\\\/\\\/www.lifenatura.com\\\/wp-content\\\/uploads\\\/2021\\\/07\\\/logo.png\",\"width\":175,\"height\":55,\"caption\":\"Lifenatura\"},\"image\":{\"@id\":\"https:\\\/\\\/www.lifenatura.com\\\/es\\\/#\\\/schema\\\/logo\\\/image\\\/\"},\"sameAs\":[\"https:\\\/\\\/www.facebook.com\\\/lifenatura\",\"https:\\\/\\\/www.instagram.com\\\/lifenaturapt\\\/\"],\"hasMerchantReturnPolicy\":{\"@type\":\"MerchantReturnPolicy\",\"merchantReturnLink\":\"https:\\\/\\\/www.lifenatura.com\\\/termos-condicoes-lifenatura\\\/\"}}]}<\/script>\n<meta property=\"product:price:amount\" content=\"11.10\" \/>\n<meta property=\"product:price:currency\" content=\"EUR\" \/>\n<meta property=\"og:availability\" content=\"instock\" \/>\n<meta property=\"product:availability\" content=\"instock\" \/>\n<meta property=\"product:retailer_item_id\" content=\"8436565922686\" \/>\n<meta property=\"product:condition\" content=\"new\" \/>\n<!-- \/ Yoast SEO Premium plugin. -->","yoast_head_json":{"title":"Ashwagandha Bio 200g - Energy Feelings - Na Lifenatura ao Melhor Pre\u00e7o | Envio em 48h","description":"Ashwagandha Bio Energy Feelings - Adapt\u00f3geno natural que favorece la gesti\u00f3n del estr\u00e9s, la energ\u00eda, el equilibrio emocional y la vitalidad.","robots":{"index":"index","follow":"follow","max-snippet":"max-snippet:-1","max-image-preview":"max-image-preview:large","max-video-preview":"max-video-preview:-1"},"canonical":"https:\/\/www.lifenatura.com\/es\/produto\/ashwagandha-bio-200g-sensacion-de-energia\/","og_locale":"es_ES","og_type":"article","og_title":"Ashwagandha Bio 200g - Energy Feelings - Na Lifenatura ao Melhor Pre\u00e7o | Envio 48h","og_description":"Compre Ashwagandha Bio 200g - Energy Feelings com envio r\u00e1pido. Entrega em 48h e portes gr\u00e1tis em compras >35\u20ac. Aproveite j\u00e1 na Lifenatura","og_url":"https:\/\/www.lifenatura.com\/es\/produto\/ashwagandha-bio-200g-sensacion-de-energia\/","og_site_name":"Lifenatura","article_publisher":"https:\/\/www.facebook.com\/lifenatura","article_modified_time":"2025-09-25T07:59:53+00:00","og_image":[{"width":1000,"height":1000,"url":"https:\/\/www.lifenatura.com\/wp-content\/uploads\/2025\/09\/ashwagandha-bio-energy-feelings.jpg","type":"image\/jpeg"}],"twitter_card":"summary_large_image","twitter_misc":{"Precio":"11,10&nbsp;&euro;","Disponibilidad":"Disponible"},"schema":{"@context":"https:\/\/schema.org","@graph":[{"@type":"WebPage","@id":"https:\/\/www.lifenatura.com\/es\/produto\/ashwagandha-bio-200g-sensacion-de-energia\/","url":"https:\/\/www.lifenatura.com\/es\/produto\/ashwagandha-bio-200g-sensacion-de-energia\/","name":"Ashwagandha Bio 200g - Energy Feelings - Na Lifenatura ao Melhor Pre\u00e7o | Envio em 48h","isPartOf":{"@id":"https:\/\/www.lifenatura.com\/es\/#website"},"primaryImageOfPage":{"@id":"https:\/\/www.lifenatura.com\/es\/produto\/ashwagandha-bio-200g-sensacion-de-energia\/#primaryimage"},"image":{"@id":"https:\/\/www.lifenatura.com\/es\/produto\/ashwagandha-bio-200g-sensacion-de-energia\/#primaryimage"},"thumbnailUrl":"https:\/\/www.lifenatura.com\/wp-content\/uploads\/2025\/09\/ashwagandha-bio-energy-feelings.jpg","datePublished":"2025-09-12T20:34:55+00:00","dateModified":"2025-09-25T07:59:53+00:00","description":"Ashwagandha Bio Energy Feelings - Adapt\u00f3geno natural que favorece la gesti\u00f3n del estr\u00e9s, la energ\u00eda, el equilibrio emocional y la vitalidad.","breadcrumb":{"@id":"https:\/\/www.lifenatura.com\/es\/produto\/ashwagandha-bio-200g-sensacion-de-energia\/#breadcrumb"},"inLanguage":"es","potentialAction":[{"@type":"ReadAction","target":["https:\/\/www.lifenatura.com\/es\/produto\/ashwagandha-bio-200g-sensacion-de-energia\/"]}]},{"@type":"ImageObject","inLanguage":"es","@id":"https:\/\/www.lifenatura.com\/es\/produto\/ashwagandha-bio-200g-sensacion-de-energia\/#primaryimage","url":"https:\/\/www.lifenatura.com\/wp-content\/uploads\/2025\/09\/ashwagandha-bio-energy-feelings.jpg","contentUrl":"https:\/\/www.lifenatura.com\/wp-content\/uploads\/2025\/09\/ashwagandha-bio-energy-feelings.jpg","width":1000,"height":1000},{"@type":"BreadcrumbList","@id":"https:\/\/www.lifenatura.com\/es\/produto\/ashwagandha-bio-200g-sensacion-de-energia\/#breadcrumb","itemListElement":[{"@type":"ListItem","position":1,"name":"In\u00edcio","item":"https:\/\/www.lifenatura.com\/es\/"},{"@type":"ListItem","position":2,"name":"Todos los Productos","item":"https:\/\/www.lifenatura.com\/es\/tienda\/"},{"@type":"ListItem","position":3,"name":"Ashwagandha Bio 200g &#8211; Energy Feelings"}]},{"@type":"WebSite","@id":"https:\/\/www.lifenatura.com\/es\/#website","url":"https:\/\/www.lifenatura.com\/es\/","name":"Lifenatura","description":"A Lifenatura \u00e9 uma loja de produtos naturais, cosm\u00e9tica natural e alimenta\u00e7\u00e3o Biol\u00f3gica.","publisher":{"@id":"https:\/\/www.lifenatura.com\/es\/#organization"},"potentialAction":[{"@type":"SearchAction","target":{"@type":"EntryPoint","urlTemplate":"https:\/\/www.lifenatura.com\/es\/?s={search_term_string}"},"query-input":{"@type":"PropertyValueSpecification","valueRequired":true,"valueName":"search_term_string"}}],"inLanguage":"es"},{"@type":"Organization","@id":"https:\/\/www.lifenatura.com\/es\/#organization","name":"Lifenatura","url":"https:\/\/www.lifenatura.com\/es\/","logo":{"@type":"ImageObject","inLanguage":"es","@id":"https:\/\/www.lifenatura.com\/es\/#\/schema\/logo\/image\/","url":"https:\/\/www.lifenatura.com\/wp-content\/uploads\/2021\/07\/logo.png","contentUrl":"https:\/\/www.lifenatura.com\/wp-content\/uploads\/2021\/07\/logo.png","width":175,"height":55,"caption":"Lifenatura"},"image":{"@id":"https:\/\/www.lifenatura.com\/es\/#\/schema\/logo\/image\/"},"sameAs":["https:\/\/www.facebook.com\/lifenatura","https:\/\/www.instagram.com\/lifenaturapt\/"],"hasMerchantReturnPolicy":{"@type":"MerchantReturnPolicy","merchantReturnLink":"https:\/\/www.lifenatura.com\/termos-condicoes-lifenatura\/"}}]},"product_price_amount":"11.10","product_price_currency":"EUR","og_availability":"instock","product_availability":"instock","product_retailer_item_id":"8436565922686","product_condition":"new"},"df_price":11.1,"df_sale_price":"","df_regular_price":11.1,"df_image_link":"https:\/\/www.lifenatura.com\/wp-content\/uploads\/2025\/09\/ashwagandha-bio-energy-feelings-300x300.jpg","_links":{"self":[{"href":"https:\/\/www.lifenatura.com\/es\/wp-json\/wp\/v2\/product\/117536","targetHints":{"allow":["GET"]}}],"collection":[{"href":"https:\/\/www.lifenatura.com\/es\/wp-json\/wp\/v2\/product"}],"about":[{"href":"https:\/\/www.lifenatura.com\/es\/wp-json\/wp\/v2\/types\/product"}],"wp:featuredmedia":[{"embeddable":true,"href":"https:\/\/www.lifenatura.com\/es\/wp-json\/wp\/v2\/media\/116824"}],"wp:attachment":[{"href":"https:\/\/www.lifenatura.com\/es\/wp-json\/wp\/v2\/media?parent=117536"}],"wp:term":[{"taxonomy":"product_brand","embeddable":true,"href":"https:\/\/www.lifenatura.com\/es\/wp-json\/wp\/v2\/product_brand?post=117536"},{"taxonomy":"product_cat","embeddable":true,"href":"https:\/\/www.lifenatura.com\/es\/wp-json\/wp\/v2\/product_cat?post=117536"},{"taxonomy":"product_tag","embeddable":true,"href":"https:\/\/www.lifenatura.com\/es\/wp-json\/wp\/v2\/product_tag?post=117536"}],"curies":[{"name":"wp","href":"https:\/\/api.w.org\/{rel}","templated":true}]}}