{"id":117535,"date":"2025-09-12T20:35:00","date_gmt":"2025-09-12T20:35:00","guid":{"rendered":"https:\/\/www.lifenatura.com\/produto\/cacao-en-polvo-bio-1kg-energy-feelings\/"},"modified":"2025-09-25T07:16:19","modified_gmt":"2025-09-25T07:16:19","slug":"cacao-en-polvo-bio-1kg-energy-feelings","status":"publish","type":"product","link":"https:\/\/www.lifenatura.com\/es\/produto\/cacao-en-polvo-bio-1kg-energy-feelings\/","title":{"rendered":"Cacao en polvo Bio 1kg &#8211; Energy Feelings"},"content":{"rendered":"<h2 style=\"text-align: left;\" data-start=\"172\" data-end=\"214\">Cacao en polvo ecol\u00f3gico &#8211; Energy Feelings<\/h2>\n<p>&nbsp;<\/p>\n<p data-start=\"269\" data-end=\"637\"><strong data-start=\"271\" data-end=\"309\">El Cacao en Polvo Ecol\u00f3gico Energy Feelings<\/strong> es un superalimento puro, obtenido de granos de cacao de cultivo ecol\u00f3gico, sin aditivos, az\u00facares refinados ni ingredientes artificiales. Es cacao crudo que mantiene intactos sus nutrientes naturales, ofreciendo no s\u00f3lo un sabor intenso y arom\u00e1tico, sino tambi\u00e9n valiosos beneficios nutricionales.<\/p>\n<p data-start=\"639\" data-end=\"1023\">Rico en <strong data-start=\"647\" data-end=\"684\">magnesio, hierro, potasio y zinc<\/strong>, el cacao favorece el equilibrio del sistema nervioso, contribuye al funcionamiento normal de los m\u00fasculos y reduce el cansancio y la fatiga. Tambi\u00e9n es una de las fuentes m\u00e1s potentes de <strong data-start=\"865\" data-end=\"891\">antioxidantes naturales<\/strong>, como polifenoles y flavonoides, que ayudan a combatir el estr\u00e9s oxidativo y protegen las c\u00e9lulas contra el envejecimiento prematuro.<\/p>\n<p data-start=\"1025\" data-end=\"1290\">El cacao tambi\u00e9n contiene <strong data-start=\"1046\" data-end=\"1060\">teobromina<\/strong>, un alcaloide natural que favorece la energ\u00eda y la vitalidad de forma equilibrada, sin provocar los intensos efectos estimulantes de la cafe\u00edna. Gracias a su contenido en fibra, tambi\u00e9n favorece la saciedad y favorece el tr\u00e1nsito intestinal.<\/p>\n<p data-start=\"1292\" data-end=\"1496\">Con un sabor rico y vers\u00e1til, <strong data-start=\"1320\" data-end=\"1358\">el Cacao en Polvo Ecol\u00f3gico Energy Feelings<\/strong> es perfecto para a\u00f1adir a batidos, gachas, postres, tortitas o bebidas vegetales, ofreciendo una experiencia aut\u00e9ntica y saludable.<\/p>\n<p data-start=\"1498\" data-end=\"1526\"><strong>Principales ventajas:<\/strong><\/p>\n<ul data-start=\"1527\" data-end=\"1850\">\n<li data-start=\"1527\" data-end=\"1575\">\n<p data-start=\"1529\" data-end=\"1575\">Fuente natural de <strong data-start=\"1546\" data-end=\"1572\">potentes antioxidantes<\/strong>;<\/p>\n<\/li>\n<li data-start=\"1576\" data-end=\"1648\">\n<p data-start=\"1578\" data-end=\"1648\">Rico en <strong data-start=\"1586\" data-end=\"1609\">minerales esenciales<\/strong> (magnesio, hierro, zinc y potasio);<\/p>\n<\/li>\n<li data-start=\"1649\" data-end=\"1706\">\n<p data-start=\"1651\" data-end=\"1706\">Promueve la energ\u00eda y la vitalidad gracias a <strong data-start=\"1689\" data-end=\"1703\">la teobromina<\/strong>;<\/p>\n<\/li>\n<li data-start=\"1707\" data-end=\"1752\">\n<p data-start=\"1709\" data-end=\"1752\">Favorece <strong data-start=\"1717\" data-end=\"1749\">el bienestar nervioso y muscular<\/strong>;<\/p>\n<\/li>\n<li data-start=\"1753\" data-end=\"1802\">\n<p data-start=\"1755\" data-end=\"1802\">Favorece <strong data-start=\"1766\" data-end=\"1779\">la saciedad<\/strong> y la salud digestiva;<\/p>\n<\/li>\n<li data-start=\"1803\" data-end=\"1850\">\n<p data-start=\"1805\" data-end=\"1850\">Ecol\u00f3gico, crudo, vegano y sin gluten.<\/p>\n<\/li>\n<\/ul>\n<p data-start=\"1852\" data-end=\"1869\"><strong>Indicaciones:<\/strong><\/p>\n<p data-start=\"1870\" data-end=\"1929\"><strong data-start=\"1872\" data-end=\"1910\">Energy Feelings Bio Cacao en Polvo<\/strong> es adecuado para:<\/p>\n<ul data-start=\"1930\" data-end=\"2126\">\n<li data-start=\"1930\" data-end=\"1981\">\n<p data-start=\"1932\" data-end=\"1981\">Personas que buscan aumentar su energ\u00eda diaria;<\/p>\n<\/li>\n<li data-start=\"1982\" data-end=\"2035\">\n<p data-start=\"1984\" data-end=\"2035\">Quienes deseen aumentar su ingesta de antioxidantes;<\/p>\n<\/li>\n<li data-start=\"2036\" data-end=\"2082\">\n<p data-start=\"2038\" data-end=\"2082\">Deportistas y profesionales de la actividad f\u00edsica;<\/p>\n<\/li>\n<li data-start=\"2083\" data-end=\"2126\">\n<p data-start=\"2085\" data-end=\"2126\">Dietas sanas, veganas y vegetarianas.<\/p>\n<\/li>\n<\/ul>\n<p><strong>Presentaci\u00f3n:<\/strong><\/p>\n<p>1kg<\/p>\n<p>&nbsp;<\/p>\n","protected":false},"excerpt":{"rendered":"<p>Cacao en polvo Bio 1kg Energy Feelings &#8211; Superalimento rico en antioxidantes y minerales esenciales. Energ\u00eda natural, vitalidad y sabor intenso. [&#8230;]<\/p>\n<p><a class=\"btn btn-secondary understrap-read-more-link\" href=\"https:\/\/www.lifenatura.com\/es\/produto\/cacao-en-polvo-bio-1kg-energy-feelings\/\">Leer m\u00e1s&#8230;<span class=\"screen-reader-text\"> from Cacao en polvo Bio 1kg &#8211; Energy Feelings<\/span><\/a><\/p>\n","protected":false},"featured_media":116828,"template":"","meta":{"_acf_changed":false},"product_brand":[8563],"product_cat":[7064,7152,7074,7100],"product_tag":[],"class_list":{"0":"post-117535","1":"product","2":"type-product","3":"status-publish","4":"has-post-thumbnail","6":"product_brand-energy-feelings-es","7":"product_cat-alimentacion-sana","8":"product_cat-cacao","9":"product_cat-productos-alimenticios","10":"product_cat-superalimentos-bio","12":"first","13":"instock","14":"shipping-taxable","15":"purchasable","16":"product-type-simple","17":"add-to-wishlist-before_image"},"acf":[],"yoast_head":"<!-- This site is optimized with the Yoast SEO Premium plugin v27.1 (Yoast SEO v27.3) - https:\/\/yoast.com\/product\/yoast-seo-premium-wordpress\/ -->\n<title>Cacao en polvo Bio 1kg - Energy Feelings - Lifenatura<\/title>\n<meta name=\"description\" content=\"Cacao en polvo Bio 1kg Energy Feelings - Superalimento rico en antioxidantes y minerales esenciales. Energ\u00eda natural, vitalidad y sabor intenso.\" \/>\n<meta name=\"robots\" content=\"index, follow, max-snippet:-1, max-image-preview:large, max-video-preview:-1\" \/>\n<link rel=\"canonical\" href=\"https:\/\/www.lifenatura.com\/es\/produto\/cacao-en-polvo-bio-1kg-energy-feelings\/\" \/>\n<meta property=\"og:locale\" content=\"es_ES\" \/>\n<meta property=\"og:type\" content=\"article\" \/>\n<meta property=\"og:title\" content=\"Cacao en polvo Bio 1kg - Energy Feelings - Lifenatura\" \/>\n<meta property=\"og:description\" content=\"Compre aqui o seu Cacao en polvo Bio 1kg - Energy Feelings e a Lifenatura Online envia em 48 H com Portes Gratis &gt;35\u20ac de Pedido.\" \/>\n<meta property=\"og:url\" content=\"https:\/\/www.lifenatura.com\/es\/produto\/cacao-en-polvo-bio-1kg-energy-feelings\/\" \/>\n<meta property=\"og:site_name\" content=\"Lifenatura\" \/>\n<meta property=\"article:publisher\" content=\"https:\/\/www.facebook.com\/lifenatura\" \/>\n<meta property=\"article:modified_time\" content=\"2025-09-25T07:16:19+00:00\" \/>\n<meta property=\"og:image\" content=\"https:\/\/www.lifenatura.com\/wp-content\/uploads\/2025\/09\/cacau-po-bio-energy-feelings.jpg\" \/>\n\t<meta property=\"og:image:width\" content=\"1000\" \/>\n\t<meta property=\"og:image:height\" content=\"1000\" \/>\n\t<meta property=\"og:image:type\" content=\"image\/jpeg\" \/>\n<meta name=\"twitter:card\" content=\"summary_large_image\" \/>\n<meta name=\"twitter:label1\" content=\"Precio\" \/>\n\t<meta name=\"twitter:data1\" content=\"51,25&nbsp;&euro;\" \/>\n\t<meta name=\"twitter:label2\" content=\"Disponibilidad\" \/>\n\t<meta name=\"twitter:data2\" content=\"Disponible\" \/>\n<meta property=\"product:price:amount\" content=\"51.25\" \/>\n<meta property=\"product:price:currency\" content=\"EUR\" \/>\n<meta property=\"og:availability\" content=\"instock\" \/>\n<meta property=\"product:availability\" content=\"instock\" \/>\n<meta property=\"product:retailer_item_id\" content=\"8437013083669\" \/>\n<meta property=\"product:condition\" content=\"new\" \/>\n<!-- \/ Yoast SEO Premium plugin. -->","yoast_head_json":{"title":"Cacao en polvo Bio 1kg - Energy Feelings - Lifenatura","description":"Cacao en polvo Bio 1kg Energy Feelings - Superalimento rico en antioxidantes y minerales esenciales. Energ\u00eda natural, vitalidad y sabor intenso.","robots":{"index":"index","follow":"follow","max-snippet":"max-snippet:-1","max-image-preview":"max-image-preview:large","max-video-preview":"max-video-preview:-1"},"canonical":"https:\/\/www.lifenatura.com\/es\/produto\/cacao-en-polvo-bio-1kg-energy-feelings\/","og_locale":"es_ES","og_type":"article","og_title":"Cacao en polvo Bio 1kg - Energy Feelings - Lifenatura","og_description":"Compre aqui o seu Cacao en polvo Bio 1kg - Energy Feelings e a Lifenatura Online envia em 48 H com Portes Gratis >35\u20ac de Pedido.","og_url":"https:\/\/www.lifenatura.com\/es\/produto\/cacao-en-polvo-bio-1kg-energy-feelings\/","og_site_name":"Lifenatura","article_publisher":"https:\/\/www.facebook.com\/lifenatura","article_modified_time":"2025-09-25T07:16:19+00:00","og_image":[{"width":1000,"height":1000,"url":"https:\/\/www.lifenatura.com\/wp-content\/uploads\/2025\/09\/cacau-po-bio-energy-feelings.jpg","type":"image\/jpeg"}],"twitter_card":"summary_large_image","twitter_misc":{"Precio":"51,25&nbsp;&euro;","Disponibilidad":"Disponible"},"schema":{"@context":"https:\/\/schema.org","@graph":[{"@type":"WebPage","@id":"https:\/\/www.lifenatura.com\/es\/produto\/cacao-en-polvo-bio-1kg-energy-feelings\/","url":"https:\/\/www.lifenatura.com\/es\/produto\/cacao-en-polvo-bio-1kg-energy-feelings\/","name":"Cacao en polvo Bio 1kg - Energy Feelings - Lifenatura","isPartOf":{"@id":"https:\/\/www.lifenatura.com\/es\/#website"},"primaryImageOfPage":{"@id":"https:\/\/www.lifenatura.com\/es\/produto\/cacao-en-polvo-bio-1kg-energy-feelings\/#primaryimage"},"image":{"@id":"https:\/\/www.lifenatura.com\/es\/produto\/cacao-en-polvo-bio-1kg-energy-feelings\/#primaryimage"},"thumbnailUrl":"https:\/\/www.lifenatura.com\/wp-content\/uploads\/2025\/09\/cacau-po-bio-energy-feelings.jpg","datePublished":"2025-09-12T20:35:00+00:00","dateModified":"2025-09-25T07:16:19+00:00","description":"Cacao en polvo Bio 1kg Energy Feelings - Superalimento rico en antioxidantes y minerales esenciales. Energ\u00eda natural, vitalidad y sabor intenso.","breadcrumb":{"@id":"https:\/\/www.lifenatura.com\/es\/produto\/cacao-en-polvo-bio-1kg-energy-feelings\/#breadcrumb"},"inLanguage":"es","potentialAction":[{"@type":"ReadAction","target":["https:\/\/www.lifenatura.com\/es\/produto\/cacao-en-polvo-bio-1kg-energy-feelings\/"]}]},{"@type":"ImageObject","inLanguage":"es","@id":"https:\/\/www.lifenatura.com\/es\/produto\/cacao-en-polvo-bio-1kg-energy-feelings\/#primaryimage","url":"https:\/\/www.lifenatura.com\/wp-content\/uploads\/2025\/09\/cacau-po-bio-energy-feelings.jpg","contentUrl":"https:\/\/www.lifenatura.com\/wp-content\/uploads\/2025\/09\/cacau-po-bio-energy-feelings.jpg","width":1000,"height":1000},{"@type":"BreadcrumbList","@id":"https:\/\/www.lifenatura.com\/es\/produto\/cacao-en-polvo-bio-1kg-energy-feelings\/#breadcrumb","itemListElement":[{"@type":"ListItem","position":1,"name":"In\u00edcio","item":"https:\/\/www.lifenatura.com\/es\/"},{"@type":"ListItem","position":2,"name":"Todos los Productos","item":"https:\/\/www.lifenatura.com\/es\/tienda\/"},{"@type":"ListItem","position":3,"name":"Cacao en polvo Bio 1kg &#8211; Energy Feelings"}]},{"@type":"WebSite","@id":"https:\/\/www.lifenatura.com\/es\/#website","url":"https:\/\/www.lifenatura.com\/es\/","name":"Lifenatura","description":"A Lifenatura \u00e9 uma loja de produtos naturais, cosm\u00e9tica natural e alimenta\u00e7\u00e3o Biol\u00f3gica.","publisher":{"@id":"https:\/\/www.lifenatura.com\/es\/#organization"},"potentialAction":[{"@type":"SearchAction","target":{"@type":"EntryPoint","urlTemplate":"https:\/\/www.lifenatura.com\/es\/?s={search_term_string}"},"query-input":{"@type":"PropertyValueSpecification","valueRequired":true,"valueName":"search_term_string"}}],"inLanguage":"es"},{"@type":"Organization","@id":"https:\/\/www.lifenatura.com\/es\/#organization","name":"Lifenatura","url":"https:\/\/www.lifenatura.com\/es\/","logo":{"@type":"ImageObject","inLanguage":"es","@id":"https:\/\/www.lifenatura.com\/es\/#\/schema\/logo\/image\/","url":"https:\/\/www.lifenatura.com\/wp-content\/uploads\/2021\/11\/logo.png","contentUrl":"https:\/\/www.lifenatura.com\/wp-content\/uploads\/2021\/11\/logo.png","width":175,"height":55,"caption":"Lifenatura"},"image":{"@id":"https:\/\/www.lifenatura.com\/es\/#\/schema\/logo\/image\/"},"sameAs":["https:\/\/www.facebook.com\/lifenatura","https:\/\/www.instagram.com\/lifenaturapt\/"]}]},"product_price_amount":"51.25","product_price_currency":"EUR","og_availability":"instock","product_availability":"instock","product_retailer_item_id":"8437013083669","product_condition":"new"},"df_price":51.25,"df_sale_price":"","df_regular_price":51.25,"df_image_link":"https:\/\/www.lifenatura.com\/wp-content\/uploads\/2025\/09\/cacau-po-bio-energy-feelings-300x300.jpg","_links":{"self":[{"href":"https:\/\/www.lifenatura.com\/es\/wp-json\/wp\/v2\/product\/117535","targetHints":{"allow":["GET"]}}],"collection":[{"href":"https:\/\/www.lifenatura.com\/es\/wp-json\/wp\/v2\/product"}],"about":[{"href":"https:\/\/www.lifenatura.com\/es\/wp-json\/wp\/v2\/types\/product"}],"wp:featuredmedia":[{"embeddable":true,"href":"https:\/\/www.lifenatura.com\/es\/wp-json\/wp\/v2\/media\/116828"}],"wp:attachment":[{"href":"https:\/\/www.lifenatura.com\/es\/wp-json\/wp\/v2\/media?parent=117535"}],"wp:term":[{"taxonomy":"product_brand","embeddable":true,"href":"https:\/\/www.lifenatura.com\/es\/wp-json\/wp\/v2\/product_brand?post=117535"},{"taxonomy":"product_cat","embeddable":true,"href":"https:\/\/www.lifenatura.com\/es\/wp-json\/wp\/v2\/product_cat?post=117535"},{"taxonomy":"product_tag","embeddable":true,"href":"https:\/\/www.lifenatura.com\/es\/wp-json\/wp\/v2\/product_tag?post=117535"}],"curies":[{"name":"wp","href":"https:\/\/api.w.org\/{rel}","templated":true}]}}