{"id":117534,"date":"2025-09-12T20:35:17","date_gmt":"2025-09-12T20:35:17","guid":{"rendered":"https:\/\/www.lifenatura.com\/produto\/equilibrador-ashwaghandha-pimienta-negra-120-capsulas-sensacion-energetica\/"},"modified":"2025-09-26T10:31:21","modified_gmt":"2025-09-26T10:31:21","slug":"equilibrador-ashwaghandha-pimienta-negra-120-capsulas-sensacion-energetica","status":"publish","type":"product","link":"https:\/\/www.lifenatura.com\/es\/produto\/equilibrador-ashwaghandha-pimienta-negra-120-capsulas-sensacion-energetica\/","title":{"rendered":"Equilibrador: Ashwaghandha + Pimienta Negra &#8211; Energy Feelings"},"content":{"rendered":"<h2 style=\"text-align: left;\" data-start=\"200\" data-end=\"277\">Equilibrador: Ashwagandha + Pimienta negra &#8211; Energy Feelings<\/h2>\n<p>&nbsp;<\/p>\n<p data-start=\"333\" data-end=\"699\"><strong data-start=\"335\" data-end=\"399\">Energy Feelings Ashwagandha + Pimienta<\/strong> Negra es un suplemento natural formulado para promover el bienestar f\u00edsico y mental. Su composici\u00f3n combina la tradicional ra\u00edz <strong data-start=\"524\" data-end=\"560\">de ashwagandha (Withania somnifera)<\/strong>, conocida como &#8220;ginseng indio&#8221;, con <strong data-start=\"600\" data-end=\"617\">pimienta negra,<\/strong> que potencia la absorci\u00f3n de sus principios activos, maximizando sus beneficios.<\/p>\n<p data-start=\"701\" data-end=\"1054\">La ashwagandha es una planta adapt\u00f3gena que se ha utilizado durante siglos en la medicina ayurv\u00e9dica para ayudar al cuerpo a hacer frente al estr\u00e9s y la ansiedad, promoviendo una sensaci\u00f3n de calma y equilibrio sin causar somnolencia. Tambi\u00e9n ayuda a mejorar la calidad del sue\u00f1o, aumentar la energ\u00eda vital y la resistencia f\u00edsica y mental.<\/p>\n<p data-start=\"1056\" data-end=\"1397\">Gracias a su riqueza en <strong data-start=\"1080\" data-end=\"1095\">witan\u00f3lidos<\/strong> y otros compuestos bioactivos, la ashwagandha tambi\u00e9n apoya el sistema inmunitario y puede favorecer el equilibrio hormonal, por lo que es especialmente \u00fatil en fases de mayor exigencia o cansancio. La pimienta negra, a trav\u00e9s de la piperina, mejora la biodisponibilidad de los nutrientes, garantizando una eficacia superior.<\/p>\n<p data-start=\"1399\" data-end=\"1563\">Cada envase contiene <strong data-start=\"1421\" data-end=\"1437\">120 c\u00e1psulas<\/strong>, una soluci\u00f3n pr\u00e1ctica y f\u00e1cil de integrar en tu rutina diaria, ideal para quienes buscan aumentar su vitalidad de forma natural.<\/p>\n<p data-start=\"1565\" data-end=\"1593\"><strong>Principales ventajas:<\/strong><\/p>\n<ul data-start=\"1594\" data-end=\"1905\">\n<li data-start=\"1594\" data-end=\"1640\">\n<p data-start=\"1596\" data-end=\"1640\">Ayuda a <strong data-start=\"1605\" data-end=\"1637\">controlar el estr\u00e9s y la ansiedad<\/strong>;<\/p>\n<\/li>\n<li data-start=\"1641\" data-end=\"1696\">\n<p data-start=\"1643\" data-end=\"1696\">Favorece <strong data-start=\"1653\" data-end=\"1693\">el equilibrio emocional y la relajaci\u00f3n<\/strong>;<\/p>\n<\/li>\n<li data-start=\"1697\" data-end=\"1741\">\n<p data-start=\"1699\" data-end=\"1741\">Favorece <strong data-start=\"1707\" data-end=\"1738\">la energ\u00eda y la vitalidad f\u00edsica<\/strong>;<\/p>\n<\/li>\n<li data-start=\"1742\" data-end=\"1779\">\n<p data-start=\"1744\" data-end=\"1779\">Favorece <strong data-start=\"1755\" data-end=\"1776\">la calidad del sue\u00f1o<\/strong>;<\/p>\n<\/li>\n<li data-start=\"1780\" data-end=\"1817\">\n<p data-start=\"1782\" data-end=\"1817\">Refuerza el <strong data-start=\"1792\" data-end=\"1814\">sistema inmunitario<\/strong>;<\/p>\n<\/li>\n<li data-start=\"1818\" data-end=\"1864\">\n<p data-start=\"1820\" data-end=\"1864\">Mayor absorci\u00f3n gracias a la <strong data-start=\"1844\" data-end=\"1861\">pimienta<\/strong> negra;<\/p>\n<\/li>\n<li data-start=\"1865\" data-end=\"1905\">\n<p data-start=\"1867\" data-end=\"1905\">Producto natural, vegano y sin gluten.<\/p>\n<\/li>\n<\/ul>\n<p data-start=\"1907\" data-end=\"1924\"><strong>Indicaciones:<\/strong><\/p>\n<p data-start=\"1925\" data-end=\"2010\">El <strong data-start=\"1927\" data-end=\"1991\">Equilibrante Energ\u00e9tico Sentimientos de Ashwagandha + Pimienta<\/strong> Negra est\u00e1 indicado para:<\/p>\n<ul data-start=\"2011\" data-end=\"2203\">\n<li data-start=\"2011\" data-end=\"2052\">\n<p data-start=\"2013\" data-end=\"2052\">Personas con estr\u00e9s o fatiga cr\u00f3nica;<\/p>\n<\/li>\n<li data-start=\"2053\" data-end=\"2099\">\n<p data-start=\"2055\" data-end=\"2099\">Quienes buscan mejorar la calidad de su sue\u00f1o;<\/p>\n<\/li>\n<li data-start=\"2100\" data-end=\"2158\">\n<p data-start=\"2102\" data-end=\"2158\">Personas que deseen aumentar la inmunidad y la energ\u00eda;<\/p>\n<\/li>\n<li data-start=\"2159\" data-end=\"2203\">\n<p data-start=\"2161\" data-end=\"2203\">Dietas vegana, vegetariana y sin gluten.<\/p>\n<\/li>\n<\/ul>\n<p><strong>Presentaci\u00f3n:<\/strong><\/p>\n<p>120 comprimidos<\/p>\n<p>&nbsp;<\/p>\n","protected":false},"excerpt":{"rendered":"<p>Ashwagandha + Pimienta Negra, Sentimientos Energ\u00e9ticos &#8211; Suplemento adapt\u00f3geno natural que favorece el equilibrio emocional, reduce el estr\u00e9s y potencia la vitalidad. [&#8230;]<\/p>\n<p><a class=\"btn btn-secondary understrap-read-more-link\" href=\"https:\/\/www.lifenatura.com\/es\/produto\/equilibrador-ashwaghandha-pimienta-negra-120-capsulas-sensacion-energetica\/\">Leer m\u00e1s&#8230;<span class=\"screen-reader-text\"> from Equilibrador: Ashwaghandha + Pimienta Negra &#8211; Energy Feelings<\/span><\/a><\/p>\n","protected":false},"featured_media":116842,"template":"","meta":{"_acf_changed":false},"product_brand":[8563],"product_cat":[7064,7213,7214,7211,7883],"product_tag":[],"class_list":{"0":"post-117534","1":"product","2":"type-product","3":"status-publish","4":"has-post-thumbnail","6":"product_brand-energy-feelings-es","7":"product_cat-alimentacion-sana","8":"product_cat-ansiedad-y-depresion","9":"product_cat-para-dormir","10":"product_cat-reforza-la-inmunidad-salud","11":"product_cat-suplementos-alimenticios","13":"first","14":"instock","15":"shipping-taxable","16":"purchasable","17":"product-type-simple","18":"add-to-wishlist-before_image"},"acf":[],"yoast_head":"<!-- This site is optimized with the Yoast SEO Premium plugin v27.1 (Yoast SEO v27.5) - https:\/\/yoast.com\/product\/yoast-seo-premium-wordpress\/ -->\n<title>Equilibrador: Ashwaghandha + Pimienta Negra - Energy Feelings - Na Lifenatura ao Melhor Pre\u00e7o | Envio em 48h<\/title>\n<meta name=\"description\" content=\"Ashwagandha + Pimienta Negra, um suplemento adapt\u00f3geno natural que favorece el equilibrio emocional, reduce el estr\u00e9s y potencia la vitalidad.\" \/>\n<meta name=\"robots\" content=\"index, follow, max-snippet:-1, max-image-preview:large, max-video-preview:-1\" \/>\n<link rel=\"canonical\" href=\"https:\/\/www.lifenatura.com\/es\/produto\/equilibrador-ashwaghandha-pimienta-negra-120-capsulas-sensacion-energetica\/\" \/>\n<meta property=\"og:locale\" content=\"es_ES\" \/>\n<meta property=\"og:type\" content=\"article\" \/>\n<meta property=\"og:title\" content=\"Equilibrador: Ashwaghandha + Pimienta Negra - Energy Feelings - Na Lifenatura ao Melhor Pre\u00e7o | Envio 48h\" \/>\n<meta property=\"og:description\" content=\"Compre Equilibrador: Ashwaghandha + Pimienta Negra - Energy Feelings com envio r\u00e1pido. Entrega em 48h e portes gr\u00e1tis em compras &gt;35\u20ac. Aproveite j\u00e1 na Lifenatura\" \/>\n<meta property=\"og:url\" content=\"https:\/\/www.lifenatura.com\/es\/produto\/equilibrador-ashwaghandha-pimienta-negra-120-capsulas-sensacion-energetica\/\" \/>\n<meta property=\"og:site_name\" content=\"Lifenatura\" \/>\n<meta property=\"article:publisher\" content=\"https:\/\/www.facebook.com\/lifenatura\" \/>\n<meta property=\"article:modified_time\" content=\"2025-09-26T10:31:21+00:00\" \/>\n<meta property=\"og:image\" content=\"https:\/\/www.lifenatura.com\/wp-content\/uploads\/2025\/09\/equilibrador-ashwagandha-energy-feelings.jpg\" \/>\n\t<meta property=\"og:image:width\" content=\"1000\" \/>\n\t<meta property=\"og:image:height\" content=\"1000\" \/>\n\t<meta property=\"og:image:type\" content=\"image\/jpeg\" \/>\n<meta name=\"twitter:card\" content=\"summary_large_image\" \/>\n<meta name=\"twitter:label1\" content=\"Precio\" \/>\n\t<meta name=\"twitter:data1\" content=\"20,06&nbsp;&euro;\" \/>\n\t<meta name=\"twitter:label2\" content=\"Disponibilidad\" \/>\n\t<meta name=\"twitter:data2\" content=\"Disponible\" \/>\n<script type=\"application\/ld+json\" class=\"yoast-schema-graph\">{\"@context\":\"https:\\\/\\\/schema.org\",\"@graph\":[{\"@type\":\"WebPage\",\"@id\":\"https:\\\/\\\/www.lifenatura.com\\\/es\\\/produto\\\/equilibrador-ashwaghandha-pimienta-negra-120-capsulas-sensacion-energetica\\\/\",\"url\":\"https:\\\/\\\/www.lifenatura.com\\\/es\\\/produto\\\/equilibrador-ashwaghandha-pimienta-negra-120-capsulas-sensacion-energetica\\\/\",\"name\":\"Equilibrador: Ashwaghandha + Pimienta Negra - Energy Feelings - Na Lifenatura ao Melhor Pre\u00e7o | Envio em 48h\",\"isPartOf\":{\"@id\":\"https:\\\/\\\/www.lifenatura.com\\\/es\\\/#website\"},\"primaryImageOfPage\":{\"@id\":\"https:\\\/\\\/www.lifenatura.com\\\/es\\\/produto\\\/equilibrador-ashwaghandha-pimienta-negra-120-capsulas-sensacion-energetica\\\/#primaryimage\"},\"image\":{\"@id\":\"https:\\\/\\\/www.lifenatura.com\\\/es\\\/produto\\\/equilibrador-ashwaghandha-pimienta-negra-120-capsulas-sensacion-energetica\\\/#primaryimage\"},\"thumbnailUrl\":\"https:\\\/\\\/www.lifenatura.com\\\/wp-content\\\/uploads\\\/2025\\\/09\\\/equilibrador-ashwagandha-energy-feelings.jpg\",\"datePublished\":\"2025-09-12T20:35:17+00:00\",\"dateModified\":\"2025-09-26T10:31:21+00:00\",\"description\":\"Ashwagandha + Pimienta Negra, um suplemento adapt\u00f3geno natural que favorece el equilibrio emocional, reduce el estr\u00e9s y potencia la vitalidad.\",\"breadcrumb\":{\"@id\":\"https:\\\/\\\/www.lifenatura.com\\\/es\\\/produto\\\/equilibrador-ashwaghandha-pimienta-negra-120-capsulas-sensacion-energetica\\\/#breadcrumb\"},\"inLanguage\":\"es\",\"potentialAction\":[{\"@type\":\"ReadAction\",\"target\":[\"https:\\\/\\\/www.lifenatura.com\\\/es\\\/produto\\\/equilibrador-ashwaghandha-pimienta-negra-120-capsulas-sensacion-energetica\\\/\"]}]},{\"@type\":\"ImageObject\",\"inLanguage\":\"es\",\"@id\":\"https:\\\/\\\/www.lifenatura.com\\\/es\\\/produto\\\/equilibrador-ashwaghandha-pimienta-negra-120-capsulas-sensacion-energetica\\\/#primaryimage\",\"url\":\"https:\\\/\\\/www.lifenatura.com\\\/wp-content\\\/uploads\\\/2025\\\/09\\\/equilibrador-ashwagandha-energy-feelings.jpg\",\"contentUrl\":\"https:\\\/\\\/www.lifenatura.com\\\/wp-content\\\/uploads\\\/2025\\\/09\\\/equilibrador-ashwagandha-energy-feelings.jpg\",\"width\":1000,\"height\":1000},{\"@type\":\"BreadcrumbList\",\"@id\":\"https:\\\/\\\/www.lifenatura.com\\\/es\\\/produto\\\/equilibrador-ashwaghandha-pimienta-negra-120-capsulas-sensacion-energetica\\\/#breadcrumb\",\"itemListElement\":[{\"@type\":\"ListItem\",\"position\":1,\"name\":\"In\u00edcio\",\"item\":\"https:\\\/\\\/www.lifenatura.com\\\/es\\\/\"},{\"@type\":\"ListItem\",\"position\":2,\"name\":\"Todos los Productos\",\"item\":\"https:\\\/\\\/www.lifenatura.com\\\/es\\\/tienda\\\/\"},{\"@type\":\"ListItem\",\"position\":3,\"name\":\"Equilibrador: Ashwaghandha + Pimienta Negra &#8211; Energy Feelings\"}]},{\"@type\":\"WebSite\",\"@id\":\"https:\\\/\\\/www.lifenatura.com\\\/es\\\/#website\",\"url\":\"https:\\\/\\\/www.lifenatura.com\\\/es\\\/\",\"name\":\"Lifenatura\",\"description\":\"A Lifenatura \u00e9 uma loja de produtos naturais, cosm\u00e9tica natural e alimenta\u00e7\u00e3o Biol\u00f3gica.\",\"publisher\":{\"@id\":\"https:\\\/\\\/www.lifenatura.com\\\/es\\\/#organization\"},\"potentialAction\":[{\"@type\":\"SearchAction\",\"target\":{\"@type\":\"EntryPoint\",\"urlTemplate\":\"https:\\\/\\\/www.lifenatura.com\\\/es\\\/?s={search_term_string}\"},\"query-input\":{\"@type\":\"PropertyValueSpecification\",\"valueRequired\":true,\"valueName\":\"search_term_string\"}}],\"inLanguage\":\"es\"},{\"@type\":\"Organization\",\"@id\":\"https:\\\/\\\/www.lifenatura.com\\\/es\\\/#organization\",\"name\":\"Lifenatura\",\"url\":\"https:\\\/\\\/www.lifenatura.com\\\/es\\\/\",\"logo\":{\"@type\":\"ImageObject\",\"inLanguage\":\"es\",\"@id\":\"https:\\\/\\\/www.lifenatura.com\\\/es\\\/#\\\/schema\\\/logo\\\/image\\\/\",\"url\":\"https:\\\/\\\/www.lifenatura.com\\\/wp-content\\\/uploads\\\/2021\\\/07\\\/logo.png\",\"contentUrl\":\"https:\\\/\\\/www.lifenatura.com\\\/wp-content\\\/uploads\\\/2021\\\/07\\\/logo.png\",\"width\":175,\"height\":55,\"caption\":\"Lifenatura\"},\"image\":{\"@id\":\"https:\\\/\\\/www.lifenatura.com\\\/es\\\/#\\\/schema\\\/logo\\\/image\\\/\"},\"sameAs\":[\"https:\\\/\\\/www.facebook.com\\\/lifenatura\",\"https:\\\/\\\/www.instagram.com\\\/lifenaturapt\\\/\"],\"hasMerchantReturnPolicy\":{\"@type\":\"MerchantReturnPolicy\",\"merchantReturnLink\":\"https:\\\/\\\/www.lifenatura.com\\\/termos-condicoes-lifenatura\\\/\"}}]}<\/script>\n<meta property=\"product:price:amount\" content=\"20.06\" \/>\n<meta property=\"product:price:currency\" content=\"EUR\" \/>\n<meta property=\"og:availability\" content=\"instock\" \/>\n<meta property=\"product:availability\" content=\"instock\" \/>\n<meta property=\"product:retailer_item_id\" content=\"8436565923584\" \/>\n<meta property=\"product:condition\" content=\"new\" \/>\n<!-- \/ Yoast SEO Premium plugin. -->","yoast_head_json":{"title":"Equilibrador: Ashwaghandha + Pimienta Negra - Energy Feelings - Na Lifenatura ao Melhor Pre\u00e7o | Envio em 48h","description":"Ashwagandha + Pimienta Negra, um suplemento adapt\u00f3geno natural que favorece el equilibrio emocional, reduce el estr\u00e9s y potencia la vitalidad.","robots":{"index":"index","follow":"follow","max-snippet":"max-snippet:-1","max-image-preview":"max-image-preview:large","max-video-preview":"max-video-preview:-1"},"canonical":"https:\/\/www.lifenatura.com\/es\/produto\/equilibrador-ashwaghandha-pimienta-negra-120-capsulas-sensacion-energetica\/","og_locale":"es_ES","og_type":"article","og_title":"Equilibrador: Ashwaghandha + Pimienta Negra - Energy Feelings - Na Lifenatura ao Melhor Pre\u00e7o | Envio 48h","og_description":"Compre Equilibrador: Ashwaghandha + Pimienta Negra - Energy Feelings com envio r\u00e1pido. Entrega em 48h e portes gr\u00e1tis em compras >35\u20ac. Aproveite j\u00e1 na Lifenatura","og_url":"https:\/\/www.lifenatura.com\/es\/produto\/equilibrador-ashwaghandha-pimienta-negra-120-capsulas-sensacion-energetica\/","og_site_name":"Lifenatura","article_publisher":"https:\/\/www.facebook.com\/lifenatura","article_modified_time":"2025-09-26T10:31:21+00:00","og_image":[{"width":1000,"height":1000,"url":"https:\/\/www.lifenatura.com\/wp-content\/uploads\/2025\/09\/equilibrador-ashwagandha-energy-feelings.jpg","type":"image\/jpeg"}],"twitter_card":"summary_large_image","twitter_misc":{"Precio":"20,06&nbsp;&euro;","Disponibilidad":"Disponible"},"schema":{"@context":"https:\/\/schema.org","@graph":[{"@type":"WebPage","@id":"https:\/\/www.lifenatura.com\/es\/produto\/equilibrador-ashwaghandha-pimienta-negra-120-capsulas-sensacion-energetica\/","url":"https:\/\/www.lifenatura.com\/es\/produto\/equilibrador-ashwaghandha-pimienta-negra-120-capsulas-sensacion-energetica\/","name":"Equilibrador: Ashwaghandha + Pimienta Negra - Energy Feelings - Na Lifenatura ao Melhor Pre\u00e7o | Envio em 48h","isPartOf":{"@id":"https:\/\/www.lifenatura.com\/es\/#website"},"primaryImageOfPage":{"@id":"https:\/\/www.lifenatura.com\/es\/produto\/equilibrador-ashwaghandha-pimienta-negra-120-capsulas-sensacion-energetica\/#primaryimage"},"image":{"@id":"https:\/\/www.lifenatura.com\/es\/produto\/equilibrador-ashwaghandha-pimienta-negra-120-capsulas-sensacion-energetica\/#primaryimage"},"thumbnailUrl":"https:\/\/www.lifenatura.com\/wp-content\/uploads\/2025\/09\/equilibrador-ashwagandha-energy-feelings.jpg","datePublished":"2025-09-12T20:35:17+00:00","dateModified":"2025-09-26T10:31:21+00:00","description":"Ashwagandha + Pimienta Negra, um suplemento adapt\u00f3geno natural que favorece el equilibrio emocional, reduce el estr\u00e9s y potencia la vitalidad.","breadcrumb":{"@id":"https:\/\/www.lifenatura.com\/es\/produto\/equilibrador-ashwaghandha-pimienta-negra-120-capsulas-sensacion-energetica\/#breadcrumb"},"inLanguage":"es","potentialAction":[{"@type":"ReadAction","target":["https:\/\/www.lifenatura.com\/es\/produto\/equilibrador-ashwaghandha-pimienta-negra-120-capsulas-sensacion-energetica\/"]}]},{"@type":"ImageObject","inLanguage":"es","@id":"https:\/\/www.lifenatura.com\/es\/produto\/equilibrador-ashwaghandha-pimienta-negra-120-capsulas-sensacion-energetica\/#primaryimage","url":"https:\/\/www.lifenatura.com\/wp-content\/uploads\/2025\/09\/equilibrador-ashwagandha-energy-feelings.jpg","contentUrl":"https:\/\/www.lifenatura.com\/wp-content\/uploads\/2025\/09\/equilibrador-ashwagandha-energy-feelings.jpg","width":1000,"height":1000},{"@type":"BreadcrumbList","@id":"https:\/\/www.lifenatura.com\/es\/produto\/equilibrador-ashwaghandha-pimienta-negra-120-capsulas-sensacion-energetica\/#breadcrumb","itemListElement":[{"@type":"ListItem","position":1,"name":"In\u00edcio","item":"https:\/\/www.lifenatura.com\/es\/"},{"@type":"ListItem","position":2,"name":"Todos los Productos","item":"https:\/\/www.lifenatura.com\/es\/tienda\/"},{"@type":"ListItem","position":3,"name":"Equilibrador: Ashwaghandha + Pimienta Negra &#8211; Energy Feelings"}]},{"@type":"WebSite","@id":"https:\/\/www.lifenatura.com\/es\/#website","url":"https:\/\/www.lifenatura.com\/es\/","name":"Lifenatura","description":"A Lifenatura \u00e9 uma loja de produtos naturais, cosm\u00e9tica natural e alimenta\u00e7\u00e3o Biol\u00f3gica.","publisher":{"@id":"https:\/\/www.lifenatura.com\/es\/#organization"},"potentialAction":[{"@type":"SearchAction","target":{"@type":"EntryPoint","urlTemplate":"https:\/\/www.lifenatura.com\/es\/?s={search_term_string}"},"query-input":{"@type":"PropertyValueSpecification","valueRequired":true,"valueName":"search_term_string"}}],"inLanguage":"es"},{"@type":"Organization","@id":"https:\/\/www.lifenatura.com\/es\/#organization","name":"Lifenatura","url":"https:\/\/www.lifenatura.com\/es\/","logo":{"@type":"ImageObject","inLanguage":"es","@id":"https:\/\/www.lifenatura.com\/es\/#\/schema\/logo\/image\/","url":"https:\/\/www.lifenatura.com\/wp-content\/uploads\/2021\/07\/logo.png","contentUrl":"https:\/\/www.lifenatura.com\/wp-content\/uploads\/2021\/07\/logo.png","width":175,"height":55,"caption":"Lifenatura"},"image":{"@id":"https:\/\/www.lifenatura.com\/es\/#\/schema\/logo\/image\/"},"sameAs":["https:\/\/www.facebook.com\/lifenatura","https:\/\/www.instagram.com\/lifenaturapt\/"],"hasMerchantReturnPolicy":{"@type":"MerchantReturnPolicy","merchantReturnLink":"https:\/\/www.lifenatura.com\/termos-condicoes-lifenatura\/"}}]},"product_price_amount":"20.06","product_price_currency":"EUR","og_availability":"instock","product_availability":"instock","product_retailer_item_id":"8436565923584","product_condition":"new"},"df_price":20.06,"df_sale_price":"","df_regular_price":20.06,"df_image_link":"https:\/\/www.lifenatura.com\/wp-content\/uploads\/2025\/09\/equilibrador-ashwagandha-energy-feelings-300x300.jpg","_links":{"self":[{"href":"https:\/\/www.lifenatura.com\/es\/wp-json\/wp\/v2\/product\/117534","targetHints":{"allow":["GET"]}}],"collection":[{"href":"https:\/\/www.lifenatura.com\/es\/wp-json\/wp\/v2\/product"}],"about":[{"href":"https:\/\/www.lifenatura.com\/es\/wp-json\/wp\/v2\/types\/product"}],"wp:featuredmedia":[{"embeddable":true,"href":"https:\/\/www.lifenatura.com\/es\/wp-json\/wp\/v2\/media\/116842"}],"wp:attachment":[{"href":"https:\/\/www.lifenatura.com\/es\/wp-json\/wp\/v2\/media?parent=117534"}],"wp:term":[{"taxonomy":"product_brand","embeddable":true,"href":"https:\/\/www.lifenatura.com\/es\/wp-json\/wp\/v2\/product_brand?post=117534"},{"taxonomy":"product_cat","embeddable":true,"href":"https:\/\/www.lifenatura.com\/es\/wp-json\/wp\/v2\/product_cat?post=117534"},{"taxonomy":"product_tag","embeddable":true,"href":"https:\/\/www.lifenatura.com\/es\/wp-json\/wp\/v2\/product_tag?post=117534"}],"curies":[{"name":"wp","href":"https:\/\/api.w.org\/{rel}","templated":true}]}}