{"id":117530,"date":"2025-09-12T20:35:06","date_gmt":"2025-09-12T20:35:06","guid":{"rendered":"https:\/\/www.lifenatura.com\/produto\/cebolla-en-polvo-bio-200g-energy-feelings\/"},"modified":"2025-09-25T07:14:05","modified_gmt":"2025-09-25T07:14:05","slug":"cebolla-en-polvo-bio-200g-energy-feelings","status":"publish","type":"product","link":"https:\/\/www.lifenatura.com\/es\/produto\/cebolla-en-polvo-bio-200g-energy-feelings\/","title":{"rendered":"Cebolla en polvo Bio 200g &#8211; Energy Feelings"},"content":{"rendered":"<h2 style=\"text-align: left;\" data-start=\"167\" data-end=\"211\">Cebolla en polvo Bio &#8211; Energy Feelings<\/h2>\n<p>&nbsp;<\/p>\n<p data-start=\"272\" data-end=\"619\"><strong data-start=\"274\" data-end=\"313\">La cebolla ecol\u00f3gica en polvo Energy Feelings<\/strong> es una alternativa pr\u00e1ctica y saludable a la cebolla fresca, ideal para enriquecer recetas sin comprometer la calidad nutricional. Procedente de la agricultura ecol\u00f3gica certificada, este producto conserva el sabor intenso y caracter\u00edstico de la cebolla, al tiempo que ofrece todos sus beneficios naturales.<\/p>\n<p data-start=\"621\" data-end=\"1000\">La cebolla es conocida por su alto contenido en <strong data-start=\"669\" data-end=\"722\">compuestos azufrados, antioxidantes y flavonoides<\/strong> como la quercetina, que desempe\u00f1an un papel importante en la protecci\u00f3n de las c\u00e9lulas contra el estr\u00e9s oxidativo y refuerzan el sistema inmunitario. Tambi\u00e9n contribuye a la salud cardiovascular, ayudando a mantener equilibrados los niveles de colesterol y favoreciendo la circulaci\u00f3n sangu\u00ednea.<\/p>\n<p data-start=\"1002\" data-end=\"1288\">Otro beneficio importante de la cebolla es su efecto positivo sobre la digesti\u00f3n y el metabolismo, favoreciendo el equilibrio de la flora intestinal y ayudando a absorber los nutrientes. Como alimento bajo en calor\u00edas y rico en fibra, tambi\u00e9n puede favorecer las dietas de control de peso.<\/p>\n<p data-start=\"1290\" data-end=\"1503\">Pr\u00e1ctico y vers\u00e1til, <strong data-start=\"1312\" data-end=\"1351\">el polvo de cebolla Energy Feelings Bio<\/strong> es perfecto para condimentar sopas, salsas, guisos, asados, ensaladas, adobos e incluso aperitivos saludables, aportando comodidad sin perder el sabor genuino.<\/p>\n<p data-start=\"1505\" data-end=\"1533\"><strong>Principales ventajas:<\/strong><\/p>\n<ul data-start=\"1534\" data-end=\"1826\">\n<li data-start=\"1534\" data-end=\"1591\">\n<p data-start=\"1536\" data-end=\"1591\">Rico en <strong data-start=\"1544\" data-end=\"1575\">antioxidantes y flavonoides<\/strong> (quercetina);<\/p>\n<\/li>\n<li data-start=\"1592\" data-end=\"1648\">\n<p data-start=\"1594\" data-end=\"1648\">Favorece el <strong data-start=\"1602\" data-end=\"1624\">sistema inmunitario<\/strong> y la protecci\u00f3n celular;<\/p>\n<\/li>\n<li data-start=\"1649\" data-end=\"1695\">\n<p data-start=\"1651\" data-end=\"1695\">Contribuye a la <strong data-start=\"1668\" data-end=\"1692\">salud cardiovascular<\/strong>;<\/p>\n<\/li>\n<li data-start=\"1696\" data-end=\"1740\">\n<p data-start=\"1698\" data-end=\"1740\">Favorece <strong data-start=\"1709\" data-end=\"1737\">la digesti\u00f3n y el metabolismo<\/strong>;<\/p>\n<\/li>\n<li data-start=\"1741\" data-end=\"1783\">\n<p data-start=\"1743\" data-end=\"1783\">Vers\u00e1til y pr\u00e1ctico para cocinar;<\/p>\n<\/li>\n<li data-start=\"1784\" data-end=\"1826\">\n<p data-start=\"1786\" data-end=\"1826\">Ecol\u00f3gico, vegano y sin gluten.<\/p>\n<\/li>\n<\/ul>\n<p data-start=\"1828\" data-end=\"1845\"><strong>Indicaciones:<\/strong><\/p>\n<p data-start=\"1846\" data-end=\"1906\"><strong data-start=\"1848\" data-end=\"1887\">Energy Feelings Bio Cebolla en Polvo<\/strong> es adecuado para:<\/p>\n<ul data-start=\"1907\" data-end=\"2117\">\n<li data-start=\"1907\" data-end=\"1963\">\n<p data-start=\"1909\" data-end=\"1963\">Personas que buscan especias naturales y funcionales;<\/p>\n<\/li>\n<li data-start=\"1964\" data-end=\"2027\">\n<p data-start=\"1966\" data-end=\"2027\">Cualquier persona que desee reforzar su sistema inmunitario de forma natural;<\/p>\n<\/li>\n<li data-start=\"2028\" data-end=\"2072\">\n<p data-start=\"2030\" data-end=\"2072\">Amantes de la cocina sana y pr\u00e1ctica;<\/p>\n<\/li>\n<li data-start=\"2073\" data-end=\"2117\">\n<p data-start=\"2075\" data-end=\"2117\">Dietas vegana, vegetariana y sin gluten.<\/p>\n<\/li>\n<\/ul>\n<p><strong>Presentaci\u00f3n:<\/strong><\/p>\n<p>200g<\/p>\n<p>&nbsp;<\/p>\n","protected":false},"excerpt":{"rendered":"<p>Cebolla en polvo Bio, Energy Feelings &#8211; Condimento pr\u00e1ctico y saludable. Rica en antioxidantes, favorece el sistema inmunitario, la digesti\u00f3n y la salud cardiovascular. [&#8230;]<\/p>\n<p><a class=\"btn btn-secondary understrap-read-more-link\" href=\"https:\/\/www.lifenatura.com\/es\/produto\/cebolla-en-polvo-bio-200g-energy-feelings\/\">Leer m\u00e1s&#8230;<span class=\"screen-reader-text\"> from Cebolla en polvo Bio 200g &#8211; Energy Feelings<\/span><\/a><\/p>\n","protected":false},"featured_media":116834,"template":"","meta":{"_acf_changed":false},"product_brand":[8563],"product_cat":[7064,7083,7074],"product_tag":[],"class_list":{"0":"post-117530","1":"product","2":"type-product","3":"status-publish","4":"has-post-thumbnail","6":"product_brand-energy-feelings-es","7":"product_cat-alimentacion-sana","8":"product_cat-especias","9":"product_cat-productos-alimenticios","11":"first","12":"instock","13":"shipping-taxable","14":"purchasable","15":"product-type-simple","16":"add-to-wishlist-before_image"},"acf":[],"yoast_head":"<!-- This site is optimized with the Yoast SEO Premium plugin v27.1 (Yoast SEO v27.5) - https:\/\/yoast.com\/product\/yoast-seo-premium-wordpress\/ -->\n<title>Cebolla en polvo Bio 200g - Energy Feelings - Na Lifenatura ao Melhor Pre\u00e7o | Envio em 48h<\/title>\n<meta name=\"description\" content=\"Cebolla en polvo Bio, condimento pr\u00e1ctico y saludable. Rica en antioxidantes, favorece el sistema inmunitario, la digesti\u00f3n y la salud cardiovascular.\" \/>\n<meta name=\"robots\" content=\"index, follow, max-snippet:-1, max-image-preview:large, max-video-preview:-1\" \/>\n<link rel=\"canonical\" href=\"https:\/\/www.lifenatura.com\/es\/produto\/cebolla-en-polvo-bio-200g-energy-feelings\/\" \/>\n<meta property=\"og:locale\" content=\"es_ES\" \/>\n<meta property=\"og:type\" content=\"article\" \/>\n<meta property=\"og:title\" content=\"Cebolla en polvo Bio 200g - Energy Feelings - Na Lifenatura ao Melhor Pre\u00e7o | Envio 48h\" \/>\n<meta property=\"og:description\" content=\"Compre Cebolla en polvo Bio 200g - Energy Feelings com envio r\u00e1pido. Entrega em 48h e portes gr\u00e1tis em compras &gt;35\u20ac. Aproveite j\u00e1 na Lifenatura\" \/>\n<meta property=\"og:url\" content=\"https:\/\/www.lifenatura.com\/es\/produto\/cebolla-en-polvo-bio-200g-energy-feelings\/\" \/>\n<meta property=\"og:site_name\" content=\"Lifenatura\" \/>\n<meta property=\"article:publisher\" content=\"https:\/\/www.facebook.com\/lifenatura\" \/>\n<meta property=\"article:modified_time\" content=\"2025-09-25T07:14:05+00:00\" \/>\n<meta property=\"og:image\" content=\"https:\/\/www.lifenatura.com\/wp-content\/uploads\/2025\/09\/cebola-em-po-bio-energy-feelings.jpg\" \/>\n\t<meta property=\"og:image:width\" content=\"1000\" \/>\n\t<meta property=\"og:image:height\" content=\"1000\" \/>\n\t<meta property=\"og:image:type\" content=\"image\/jpeg\" \/>\n<meta name=\"twitter:card\" content=\"summary_large_image\" \/>\n<meta name=\"twitter:label1\" content=\"Precio\" \/>\n\t<meta name=\"twitter:data1\" content=\"6,67&nbsp;&euro;\" \/>\n\t<meta name=\"twitter:label2\" content=\"Disponibilidad\" \/>\n\t<meta name=\"twitter:data2\" content=\"Disponible\" \/>\n<script type=\"application\/ld+json\" class=\"yoast-schema-graph\">{\"@context\":\"https:\\\/\\\/schema.org\",\"@graph\":[{\"@type\":\"WebPage\",\"@id\":\"https:\\\/\\\/www.lifenatura.com\\\/es\\\/produto\\\/cebolla-en-polvo-bio-200g-energy-feelings\\\/\",\"url\":\"https:\\\/\\\/www.lifenatura.com\\\/es\\\/produto\\\/cebolla-en-polvo-bio-200g-energy-feelings\\\/\",\"name\":\"Cebolla en polvo Bio 200g - Energy Feelings - Na Lifenatura ao Melhor Pre\u00e7o | Envio em 48h\",\"isPartOf\":{\"@id\":\"https:\\\/\\\/www.lifenatura.com\\\/es\\\/#website\"},\"primaryImageOfPage\":{\"@id\":\"https:\\\/\\\/www.lifenatura.com\\\/es\\\/produto\\\/cebolla-en-polvo-bio-200g-energy-feelings\\\/#primaryimage\"},\"image\":{\"@id\":\"https:\\\/\\\/www.lifenatura.com\\\/es\\\/produto\\\/cebolla-en-polvo-bio-200g-energy-feelings\\\/#primaryimage\"},\"thumbnailUrl\":\"https:\\\/\\\/www.lifenatura.com\\\/wp-content\\\/uploads\\\/2025\\\/09\\\/cebola-em-po-bio-energy-feelings.jpg\",\"datePublished\":\"2025-09-12T20:35:06+00:00\",\"dateModified\":\"2025-09-25T07:14:05+00:00\",\"description\":\"Cebolla en polvo Bio, condimento pr\u00e1ctico y saludable. Rica en antioxidantes, favorece el sistema inmunitario, la digesti\u00f3n y la salud cardiovascular.\",\"breadcrumb\":{\"@id\":\"https:\\\/\\\/www.lifenatura.com\\\/es\\\/produto\\\/cebolla-en-polvo-bio-200g-energy-feelings\\\/#breadcrumb\"},\"inLanguage\":\"es\",\"potentialAction\":[{\"@type\":\"ReadAction\",\"target\":[\"https:\\\/\\\/www.lifenatura.com\\\/es\\\/produto\\\/cebolla-en-polvo-bio-200g-energy-feelings\\\/\"]}]},{\"@type\":\"ImageObject\",\"inLanguage\":\"es\",\"@id\":\"https:\\\/\\\/www.lifenatura.com\\\/es\\\/produto\\\/cebolla-en-polvo-bio-200g-energy-feelings\\\/#primaryimage\",\"url\":\"https:\\\/\\\/www.lifenatura.com\\\/wp-content\\\/uploads\\\/2025\\\/09\\\/cebola-em-po-bio-energy-feelings.jpg\",\"contentUrl\":\"https:\\\/\\\/www.lifenatura.com\\\/wp-content\\\/uploads\\\/2025\\\/09\\\/cebola-em-po-bio-energy-feelings.jpg\",\"width\":1000,\"height\":1000},{\"@type\":\"BreadcrumbList\",\"@id\":\"https:\\\/\\\/www.lifenatura.com\\\/es\\\/produto\\\/cebolla-en-polvo-bio-200g-energy-feelings\\\/#breadcrumb\",\"itemListElement\":[{\"@type\":\"ListItem\",\"position\":1,\"name\":\"In\u00edcio\",\"item\":\"https:\\\/\\\/www.lifenatura.com\\\/es\\\/\"},{\"@type\":\"ListItem\",\"position\":2,\"name\":\"Todos los Productos\",\"item\":\"https:\\\/\\\/www.lifenatura.com\\\/es\\\/tienda\\\/\"},{\"@type\":\"ListItem\",\"position\":3,\"name\":\"Cebolla en polvo Bio 200g &#8211; Energy Feelings\"}]},{\"@type\":\"WebSite\",\"@id\":\"https:\\\/\\\/www.lifenatura.com\\\/es\\\/#website\",\"url\":\"https:\\\/\\\/www.lifenatura.com\\\/es\\\/\",\"name\":\"Lifenatura\",\"description\":\"A Lifenatura \u00e9 uma loja de produtos naturais, cosm\u00e9tica natural e alimenta\u00e7\u00e3o Biol\u00f3gica.\",\"publisher\":{\"@id\":\"https:\\\/\\\/www.lifenatura.com\\\/es\\\/#organization\"},\"potentialAction\":[{\"@type\":\"SearchAction\",\"target\":{\"@type\":\"EntryPoint\",\"urlTemplate\":\"https:\\\/\\\/www.lifenatura.com\\\/es\\\/?s={search_term_string}\"},\"query-input\":{\"@type\":\"PropertyValueSpecification\",\"valueRequired\":true,\"valueName\":\"search_term_string\"}}],\"inLanguage\":\"es\"},{\"@type\":\"Organization\",\"@id\":\"https:\\\/\\\/www.lifenatura.com\\\/es\\\/#organization\",\"name\":\"Lifenatura\",\"url\":\"https:\\\/\\\/www.lifenatura.com\\\/es\\\/\",\"logo\":{\"@type\":\"ImageObject\",\"inLanguage\":\"es\",\"@id\":\"https:\\\/\\\/www.lifenatura.com\\\/es\\\/#\\\/schema\\\/logo\\\/image\\\/\",\"url\":\"https:\\\/\\\/www.lifenatura.com\\\/wp-content\\\/uploads\\\/2021\\\/07\\\/logo.png\",\"contentUrl\":\"https:\\\/\\\/www.lifenatura.com\\\/wp-content\\\/uploads\\\/2021\\\/07\\\/logo.png\",\"width\":175,\"height\":55,\"caption\":\"Lifenatura\"},\"image\":{\"@id\":\"https:\\\/\\\/www.lifenatura.com\\\/es\\\/#\\\/schema\\\/logo\\\/image\\\/\"},\"sameAs\":[\"https:\\\/\\\/www.facebook.com\\\/lifenatura\",\"https:\\\/\\\/www.instagram.com\\\/lifenaturapt\\\/\"],\"hasMerchantReturnPolicy\":{\"@type\":\"MerchantReturnPolicy\",\"merchantReturnLink\":\"https:\\\/\\\/www.lifenatura.com\\\/termos-condicoes-lifenatura\\\/\"}}]}<\/script>\n<meta property=\"product:price:amount\" content=\"6.67\" \/>\n<meta property=\"product:price:currency\" content=\"EUR\" \/>\n<meta property=\"og:availability\" content=\"instock\" \/>\n<meta property=\"product:availability\" content=\"instock\" \/>\n<meta property=\"product:retailer_item_id\" content=\"8436565924925\" \/>\n<meta property=\"product:condition\" content=\"new\" \/>\n<!-- \/ Yoast SEO Premium plugin. -->","yoast_head_json":{"title":"Cebolla en polvo Bio 200g - Energy Feelings - Na Lifenatura ao Melhor Pre\u00e7o | Envio em 48h","description":"Cebolla en polvo Bio, condimento pr\u00e1ctico y saludable. Rica en antioxidantes, favorece el sistema inmunitario, la digesti\u00f3n y la salud cardiovascular.","robots":{"index":"index","follow":"follow","max-snippet":"max-snippet:-1","max-image-preview":"max-image-preview:large","max-video-preview":"max-video-preview:-1"},"canonical":"https:\/\/www.lifenatura.com\/es\/produto\/cebolla-en-polvo-bio-200g-energy-feelings\/","og_locale":"es_ES","og_type":"article","og_title":"Cebolla en polvo Bio 200g - Energy Feelings - Na Lifenatura ao Melhor Pre\u00e7o | Envio 48h","og_description":"Compre Cebolla en polvo Bio 200g - Energy Feelings com envio r\u00e1pido. Entrega em 48h e portes gr\u00e1tis em compras >35\u20ac. Aproveite j\u00e1 na Lifenatura","og_url":"https:\/\/www.lifenatura.com\/es\/produto\/cebolla-en-polvo-bio-200g-energy-feelings\/","og_site_name":"Lifenatura","article_publisher":"https:\/\/www.facebook.com\/lifenatura","article_modified_time":"2025-09-25T07:14:05+00:00","og_image":[{"width":1000,"height":1000,"url":"https:\/\/www.lifenatura.com\/wp-content\/uploads\/2025\/09\/cebola-em-po-bio-energy-feelings.jpg","type":"image\/jpeg"}],"twitter_card":"summary_large_image","twitter_misc":{"Precio":"6,67&nbsp;&euro;","Disponibilidad":"Disponible"},"schema":{"@context":"https:\/\/schema.org","@graph":[{"@type":"WebPage","@id":"https:\/\/www.lifenatura.com\/es\/produto\/cebolla-en-polvo-bio-200g-energy-feelings\/","url":"https:\/\/www.lifenatura.com\/es\/produto\/cebolla-en-polvo-bio-200g-energy-feelings\/","name":"Cebolla en polvo Bio 200g - Energy Feelings - Na Lifenatura ao Melhor Pre\u00e7o | Envio em 48h","isPartOf":{"@id":"https:\/\/www.lifenatura.com\/es\/#website"},"primaryImageOfPage":{"@id":"https:\/\/www.lifenatura.com\/es\/produto\/cebolla-en-polvo-bio-200g-energy-feelings\/#primaryimage"},"image":{"@id":"https:\/\/www.lifenatura.com\/es\/produto\/cebolla-en-polvo-bio-200g-energy-feelings\/#primaryimage"},"thumbnailUrl":"https:\/\/www.lifenatura.com\/wp-content\/uploads\/2025\/09\/cebola-em-po-bio-energy-feelings.jpg","datePublished":"2025-09-12T20:35:06+00:00","dateModified":"2025-09-25T07:14:05+00:00","description":"Cebolla en polvo Bio, condimento pr\u00e1ctico y saludable. Rica en antioxidantes, favorece el sistema inmunitario, la digesti\u00f3n y la salud cardiovascular.","breadcrumb":{"@id":"https:\/\/www.lifenatura.com\/es\/produto\/cebolla-en-polvo-bio-200g-energy-feelings\/#breadcrumb"},"inLanguage":"es","potentialAction":[{"@type":"ReadAction","target":["https:\/\/www.lifenatura.com\/es\/produto\/cebolla-en-polvo-bio-200g-energy-feelings\/"]}]},{"@type":"ImageObject","inLanguage":"es","@id":"https:\/\/www.lifenatura.com\/es\/produto\/cebolla-en-polvo-bio-200g-energy-feelings\/#primaryimage","url":"https:\/\/www.lifenatura.com\/wp-content\/uploads\/2025\/09\/cebola-em-po-bio-energy-feelings.jpg","contentUrl":"https:\/\/www.lifenatura.com\/wp-content\/uploads\/2025\/09\/cebola-em-po-bio-energy-feelings.jpg","width":1000,"height":1000},{"@type":"BreadcrumbList","@id":"https:\/\/www.lifenatura.com\/es\/produto\/cebolla-en-polvo-bio-200g-energy-feelings\/#breadcrumb","itemListElement":[{"@type":"ListItem","position":1,"name":"In\u00edcio","item":"https:\/\/www.lifenatura.com\/es\/"},{"@type":"ListItem","position":2,"name":"Todos los Productos","item":"https:\/\/www.lifenatura.com\/es\/tienda\/"},{"@type":"ListItem","position":3,"name":"Cebolla en polvo Bio 200g &#8211; Energy Feelings"}]},{"@type":"WebSite","@id":"https:\/\/www.lifenatura.com\/es\/#website","url":"https:\/\/www.lifenatura.com\/es\/","name":"Lifenatura","description":"A Lifenatura \u00e9 uma loja de produtos naturais, cosm\u00e9tica natural e alimenta\u00e7\u00e3o Biol\u00f3gica.","publisher":{"@id":"https:\/\/www.lifenatura.com\/es\/#organization"},"potentialAction":[{"@type":"SearchAction","target":{"@type":"EntryPoint","urlTemplate":"https:\/\/www.lifenatura.com\/es\/?s={search_term_string}"},"query-input":{"@type":"PropertyValueSpecification","valueRequired":true,"valueName":"search_term_string"}}],"inLanguage":"es"},{"@type":"Organization","@id":"https:\/\/www.lifenatura.com\/es\/#organization","name":"Lifenatura","url":"https:\/\/www.lifenatura.com\/es\/","logo":{"@type":"ImageObject","inLanguage":"es","@id":"https:\/\/www.lifenatura.com\/es\/#\/schema\/logo\/image\/","url":"https:\/\/www.lifenatura.com\/wp-content\/uploads\/2021\/07\/logo.png","contentUrl":"https:\/\/www.lifenatura.com\/wp-content\/uploads\/2021\/07\/logo.png","width":175,"height":55,"caption":"Lifenatura"},"image":{"@id":"https:\/\/www.lifenatura.com\/es\/#\/schema\/logo\/image\/"},"sameAs":["https:\/\/www.facebook.com\/lifenatura","https:\/\/www.instagram.com\/lifenaturapt\/"],"hasMerchantReturnPolicy":{"@type":"MerchantReturnPolicy","merchantReturnLink":"https:\/\/www.lifenatura.com\/termos-condicoes-lifenatura\/"}}]},"product_price_amount":"6.67","product_price_currency":"EUR","og_availability":"instock","product_availability":"instock","product_retailer_item_id":"8436565924925","product_condition":"new"},"df_price":6.67,"df_sale_price":"","df_regular_price":6.67,"df_image_link":"https:\/\/www.lifenatura.com\/wp-content\/uploads\/2025\/09\/cebola-em-po-bio-energy-feelings-300x300.jpg","_links":{"self":[{"href":"https:\/\/www.lifenatura.com\/es\/wp-json\/wp\/v2\/product\/117530","targetHints":{"allow":["GET"]}}],"collection":[{"href":"https:\/\/www.lifenatura.com\/es\/wp-json\/wp\/v2\/product"}],"about":[{"href":"https:\/\/www.lifenatura.com\/es\/wp-json\/wp\/v2\/types\/product"}],"wp:featuredmedia":[{"embeddable":true,"href":"https:\/\/www.lifenatura.com\/es\/wp-json\/wp\/v2\/media\/116834"}],"wp:attachment":[{"href":"https:\/\/www.lifenatura.com\/es\/wp-json\/wp\/v2\/media?parent=117530"}],"wp:term":[{"taxonomy":"product_brand","embeddable":true,"href":"https:\/\/www.lifenatura.com\/es\/wp-json\/wp\/v2\/product_brand?post=117530"},{"taxonomy":"product_cat","embeddable":true,"href":"https:\/\/www.lifenatura.com\/es\/wp-json\/wp\/v2\/product_cat?post=117530"},{"taxonomy":"product_tag","embeddable":true,"href":"https:\/\/www.lifenatura.com\/es\/wp-json\/wp\/v2\/product_tag?post=117530"}],"curies":[{"name":"wp","href":"https:\/\/api.w.org\/{rel}","templated":true}]}}