{"id":117525,"date":"2025-09-12T20:35:16","date_gmt":"2025-09-12T20:35:16","guid":{"rendered":"https:\/\/www.lifenatura.com\/produto\/energia-espirulina-120-comprimidos-sensacion-de-energia\/"},"modified":"2025-09-26T10:38:17","modified_gmt":"2025-09-26T10:38:17","slug":"energia-espirulina-120-comprimidos-sensacion-de-energia","status":"publish","type":"product","link":"https:\/\/www.lifenatura.com\/es\/produto\/energia-espirulina-120-comprimidos-sensacion-de-energia\/","title":{"rendered":"Energ\u00eda: Espirulina 120 comprimidos &#8211; Energy Feelings"},"content":{"rendered":"<h2 style=\"text-align: left;\" data-start=\"180\" data-end=\"237\">Energ\u00eda: Espirulina &#8211; Energy Feelings<\/h2>\n<p>&nbsp;<\/p>\n<p data-start=\"293\" data-end=\"654\"><strong data-start=\"295\" data-end=\"342\">Los comprimidos de espirulina de Energy Feelings<\/strong> son un complemento alimenticio 100% natural elaborado a partir de una microalga de agua dulce reconocida en todo el mundo por su alto valor nutritivo. En un pr\u00e1ctico formato de comprimidos, es f\u00e1cil y eficaz de tomar, ideal para integrarlo en la rutina diaria de cualquier persona que busque m\u00e1s energ\u00eda y equilibrio nutricional.<\/p>\n<p data-start=\"656\" data-end=\"1083\">La espirulina es una fuente completa de <strong data-start=\"692\" data-end=\"712\">prote\u00edna vegetal<\/strong>, que contiene todos los amino\u00e1cidos esenciales, lo que la convierte en un excelente apoyo para el crecimiento y mantenimiento de la masa muscular, especialmente en dietas veganas y vegetarianas. Tambi\u00e9n es rica en <strong data-start=\"903\" data-end=\"958\">hierro, magnesio, potasio y vitaminas del grupo B<\/strong>, nutrientes que contribuyen a reducir el cansancio y la fatiga, as\u00ed como al funcionamiento normal del sistema inmunitario.<\/p>\n<p data-start=\"1085\" data-end=\"1402\">Gracias a su riqueza en <strong data-start=\"1109\" data-end=\"1160\">clorofila, ficocianina y antioxidantes naturales<\/strong>, la espirulina ayuda a proteger las c\u00e9lulas contra el estr\u00e9s oxidativo y favorece los procesos naturales de desintoxicaci\u00f3n del organismo. Tambi\u00e9n favorece el equilibrio digestivo y contribuye a una mayor sensaci\u00f3n de vitalidad f\u00edsica y mental.<\/p>\n<p data-start=\"1404\" data-end=\"1559\">Con 120 comprimidos, este suplemento es ideal para quienes buscan un impulso de energ\u00eda de forma natural y pr\u00e1ctica, sin recurrir a estimulantes artificiales.<\/p>\n<p data-start=\"1561\" data-end=\"1589\"><strong>Principales ventajas:<\/strong><\/p>\n<ul data-start=\"1590\" data-end=\"1854\">\n<li data-start=\"1590\" data-end=\"1633\">\n<p data-start=\"1592\" data-end=\"1633\">Fuente completa de <strong data-start=\"1610\" data-end=\"1630\">prote\u00ednas vegetales<\/strong>;<\/p>\n<\/li>\n<li data-start=\"1634\" data-end=\"1678\">\n<p data-start=\"1636\" data-end=\"1678\">Rico en <strong data-start=\"1644\" data-end=\"1675\">hierro, vitaminas y minerales<\/strong>;<\/p>\n<\/li>\n<li data-start=\"1679\" data-end=\"1724\">\n<p data-start=\"1681\" data-end=\"1724\">Ayuda a <strong data-start=\"1689\" data-end=\"1721\">reducir el cansancio y la fatiga<\/strong>;<\/p>\n<\/li>\n<li data-start=\"1725\" data-end=\"1773\">\n<p data-start=\"1727\" data-end=\"1773\">Favorece los <strong data-start=\"1737\" data-end=\"1770\">sistemas inmunitario y muscular<\/strong>;<\/p>\n<\/li>\n<li data-start=\"1774\" data-end=\"1813\">\n<p data-start=\"1776\" data-end=\"1813\">Acci\u00f3n antioxidante y desintoxicante;<\/p>\n<\/li>\n<li data-start=\"1814\" data-end=\"1854\">\n<p data-start=\"1816\" data-end=\"1854\">Producto natural, vegano y sin gluten.<\/p>\n<\/li>\n<\/ul>\n<p data-start=\"1856\" data-end=\"1873\"><strong>Indicaciones:<\/strong><\/p>\n<p data-start=\"1874\" data-end=\"1942\"><strong data-start=\"1876\" data-end=\"1923\">Los comprimidos de espirulina de Energy Feelings<\/strong> est\u00e1n indicados para:<\/p>\n<ul data-start=\"1943\" data-end=\"2140\">\n<li data-start=\"1943\" data-end=\"2002\">\n<p data-start=\"1945\" data-end=\"2002\">Personas que se sienten fatigadas y necesitan m\u00e1s energ\u00eda;<\/p>\n<\/li>\n<li data-start=\"2003\" data-end=\"2049\">\n<p data-start=\"2005\" data-end=\"2049\">Deportistas y practicantes de ejercicio f\u00edsico;<\/p>\n<\/li>\n<li data-start=\"2050\" data-end=\"2082\">\n<p data-start=\"2052\" data-end=\"2082\">Dietas veganas y vegetarianas;<\/p>\n<\/li>\n<li data-start=\"2083\" data-end=\"2140\">\n<p data-start=\"2085\" data-end=\"2140\">Los que quieren reforzar su inmunidad y su vitalidad diaria.<\/p>\n<\/li>\n<\/ul>\n<p><strong>Presentaci\u00f3n:<\/strong><\/p>\n<p>120 comprimidos<\/p>\n<p>&nbsp;<\/p>\n","protected":false},"excerpt":{"rendered":"<p>Espirulina, de Energy Feelings &#8211; Fuente natural de prote\u00ednas, hierro y antioxidantes. Ayuda a reducir la fatiga, aumenta la energ\u00eda y favorece la inmunidad. [&#8230;]<\/p>\n<p><a class=\"btn btn-secondary understrap-read-more-link\" href=\"https:\/\/www.lifenatura.com\/es\/produto\/energia-espirulina-120-comprimidos-sensacion-de-energia\/\">Leer m\u00e1s&#8230;<span class=\"screen-reader-text\"> from Energ\u00eda: Espirulina 120 comprimidos &#8211; Energy Feelings<\/span><\/a><\/p>\n","protected":false},"featured_media":116840,"template":"","meta":{"_acf_changed":false},"product_brand":[8563],"product_cat":[7236,7785,7659,7179,7100,7883],"product_tag":[],"class_list":{"0":"post-117525","1":"product","2":"type-product","3":"status-publish","4":"has-post-thumbnail","6":"product_brand-energy-feelings-es","7":"product_cat-antioxidantes-salud","8":"product_cat-spirulina-es","9":"product_cat-ingrediente-natural-bio","10":"product_cat-salud","11":"product_cat-superalimentos-bio","12":"product_cat-suplementos-alimenticios","14":"first","15":"instock","16":"shipping-taxable","17":"purchasable","18":"product-type-simple","19":"add-to-wishlist-before_image"},"acf":[],"yoast_head":"<!-- This site is optimized with the Yoast SEO Premium plugin v27.1 (Yoast SEO v27.4) - https:\/\/yoast.com\/product\/yoast-seo-premium-wordpress\/ -->\n<title>Energ\u00eda: Espirulina 120 comprimidos - Energy Feelings - Lifenatura<\/title>\n<meta name=\"description\" content=\"Espirulina, de Energy Feelings - Fuente natural de prote\u00ednas, hierro y antioxidantes. Ayuda a reducir la fatiga, aumenta la energ\u00eda y favorece la inmunidad.\" \/>\n<meta name=\"robots\" content=\"index, follow, max-snippet:-1, max-image-preview:large, max-video-preview:-1\" \/>\n<link rel=\"canonical\" href=\"https:\/\/www.lifenatura.com\/es\/produto\/energia-espirulina-120-comprimidos-sensacion-de-energia\/\" \/>\n<meta property=\"og:locale\" content=\"es_ES\" \/>\n<meta property=\"og:type\" content=\"article\" \/>\n<meta property=\"og:title\" content=\"Energ\u00eda: Espirulina 120 comprimidos - Energy Feelings - Lifenatura\" \/>\n<meta property=\"og:description\" content=\"Compre aqui o seu Energ\u00eda: Espirulina 120 comprimidos - Energy Feelings e a Lifenatura Online envia em 48 H com Portes Gratis &gt;35\u20ac de Pedido.\" \/>\n<meta property=\"og:url\" content=\"https:\/\/www.lifenatura.com\/es\/produto\/energia-espirulina-120-comprimidos-sensacion-de-energia\/\" \/>\n<meta property=\"og:site_name\" content=\"Lifenatura\" \/>\n<meta property=\"article:publisher\" content=\"https:\/\/www.facebook.com\/lifenatura\" \/>\n<meta property=\"article:modified_time\" content=\"2025-09-26T10:38:17+00:00\" \/>\n<meta property=\"og:image\" content=\"https:\/\/www.lifenatura.com\/wp-content\/uploads\/2025\/09\/energia-spirulina-energy-feelings.jpg\" \/>\n\t<meta property=\"og:image:width\" content=\"1000\" \/>\n\t<meta property=\"og:image:height\" content=\"1000\" \/>\n\t<meta property=\"og:image:type\" content=\"image\/jpeg\" \/>\n<meta name=\"twitter:card\" content=\"summary_large_image\" \/>\n<meta name=\"twitter:label1\" content=\"Precio\" \/>\n\t<meta name=\"twitter:data1\" content=\"19,11&nbsp;&euro;\" \/>\n\t<meta name=\"twitter:label2\" content=\"Disponibilidad\" \/>\n\t<meta name=\"twitter:data2\" content=\"Disponible\" \/>\n<meta property=\"product:price:amount\" content=\"19.11\" \/>\n<meta property=\"product:price:currency\" content=\"EUR\" \/>\n<meta property=\"og:availability\" content=\"instock\" \/>\n<meta property=\"product:availability\" content=\"instock\" \/>\n<meta property=\"product:retailer_item_id\" content=\"8436565923621\" \/>\n<meta property=\"product:condition\" content=\"new\" \/>\n<!-- \/ Yoast SEO Premium plugin. -->","yoast_head_json":{"title":"Energ\u00eda: Espirulina 120 comprimidos - Energy Feelings - Lifenatura","description":"Espirulina, de Energy Feelings - Fuente natural de prote\u00ednas, hierro y antioxidantes. Ayuda a reducir la fatiga, aumenta la energ\u00eda y favorece la inmunidad.","robots":{"index":"index","follow":"follow","max-snippet":"max-snippet:-1","max-image-preview":"max-image-preview:large","max-video-preview":"max-video-preview:-1"},"canonical":"https:\/\/www.lifenatura.com\/es\/produto\/energia-espirulina-120-comprimidos-sensacion-de-energia\/","og_locale":"es_ES","og_type":"article","og_title":"Energ\u00eda: Espirulina 120 comprimidos - Energy Feelings - Lifenatura","og_description":"Compre aqui o seu Energ\u00eda: Espirulina 120 comprimidos - Energy Feelings e a Lifenatura Online envia em 48 H com Portes Gratis >35\u20ac de Pedido.","og_url":"https:\/\/www.lifenatura.com\/es\/produto\/energia-espirulina-120-comprimidos-sensacion-de-energia\/","og_site_name":"Lifenatura","article_publisher":"https:\/\/www.facebook.com\/lifenatura","article_modified_time":"2025-09-26T10:38:17+00:00","og_image":[{"width":1000,"height":1000,"url":"https:\/\/www.lifenatura.com\/wp-content\/uploads\/2025\/09\/energia-spirulina-energy-feelings.jpg","type":"image\/jpeg"}],"twitter_card":"summary_large_image","twitter_misc":{"Precio":"19,11&nbsp;&euro;","Disponibilidad":"Disponible"},"schema":{"@context":"https:\/\/schema.org","@graph":[{"@type":"WebPage","@id":"https:\/\/www.lifenatura.com\/es\/produto\/energia-espirulina-120-comprimidos-sensacion-de-energia\/","url":"https:\/\/www.lifenatura.com\/es\/produto\/energia-espirulina-120-comprimidos-sensacion-de-energia\/","name":"Energ\u00eda: Espirulina 120 comprimidos - Energy Feelings - Lifenatura","isPartOf":{"@id":"https:\/\/www.lifenatura.com\/es\/#website"},"primaryImageOfPage":{"@id":"https:\/\/www.lifenatura.com\/es\/produto\/energia-espirulina-120-comprimidos-sensacion-de-energia\/#primaryimage"},"image":{"@id":"https:\/\/www.lifenatura.com\/es\/produto\/energia-espirulina-120-comprimidos-sensacion-de-energia\/#primaryimage"},"thumbnailUrl":"https:\/\/www.lifenatura.com\/wp-content\/uploads\/2025\/09\/energia-spirulina-energy-feelings.jpg","datePublished":"2025-09-12T20:35:16+00:00","dateModified":"2025-09-26T10:38:17+00:00","description":"Espirulina, de Energy Feelings - Fuente natural de prote\u00ednas, hierro y antioxidantes. Ayuda a reducir la fatiga, aumenta la energ\u00eda y favorece la inmunidad.","breadcrumb":{"@id":"https:\/\/www.lifenatura.com\/es\/produto\/energia-espirulina-120-comprimidos-sensacion-de-energia\/#breadcrumb"},"inLanguage":"es","potentialAction":[{"@type":"ReadAction","target":["https:\/\/www.lifenatura.com\/es\/produto\/energia-espirulina-120-comprimidos-sensacion-de-energia\/"]}]},{"@type":"ImageObject","inLanguage":"es","@id":"https:\/\/www.lifenatura.com\/es\/produto\/energia-espirulina-120-comprimidos-sensacion-de-energia\/#primaryimage","url":"https:\/\/www.lifenatura.com\/wp-content\/uploads\/2025\/09\/energia-spirulina-energy-feelings.jpg","contentUrl":"https:\/\/www.lifenatura.com\/wp-content\/uploads\/2025\/09\/energia-spirulina-energy-feelings.jpg","width":1000,"height":1000},{"@type":"BreadcrumbList","@id":"https:\/\/www.lifenatura.com\/es\/produto\/energia-espirulina-120-comprimidos-sensacion-de-energia\/#breadcrumb","itemListElement":[{"@type":"ListItem","position":1,"name":"In\u00edcio","item":"https:\/\/www.lifenatura.com\/es\/"},{"@type":"ListItem","position":2,"name":"Todos los Productos","item":"https:\/\/www.lifenatura.com\/es\/tienda\/"},{"@type":"ListItem","position":3,"name":"Energ\u00eda: Espirulina 120 comprimidos &#8211; Energy Feelings"}]},{"@type":"WebSite","@id":"https:\/\/www.lifenatura.com\/es\/#website","url":"https:\/\/www.lifenatura.com\/es\/","name":"Lifenatura","description":"A Lifenatura \u00e9 uma loja de produtos naturais, cosm\u00e9tica natural e alimenta\u00e7\u00e3o Biol\u00f3gica.","publisher":{"@id":"https:\/\/www.lifenatura.com\/es\/#organization"},"potentialAction":[{"@type":"SearchAction","target":{"@type":"EntryPoint","urlTemplate":"https:\/\/www.lifenatura.com\/es\/?s={search_term_string}"},"query-input":{"@type":"PropertyValueSpecification","valueRequired":true,"valueName":"search_term_string"}}],"inLanguage":"es"},{"@type":"Organization","@id":"https:\/\/www.lifenatura.com\/es\/#organization","name":"Lifenatura","url":"https:\/\/www.lifenatura.com\/es\/","logo":{"@type":"ImageObject","inLanguage":"es","@id":"https:\/\/www.lifenatura.com\/es\/#\/schema\/logo\/image\/","url":"https:\/\/www.lifenatura.com\/wp-content\/uploads\/2021\/11\/logo.png","contentUrl":"https:\/\/www.lifenatura.com\/wp-content\/uploads\/2021\/11\/logo.png","width":175,"height":55,"caption":"Lifenatura"},"image":{"@id":"https:\/\/www.lifenatura.com\/es\/#\/schema\/logo\/image\/"},"sameAs":["https:\/\/www.facebook.com\/lifenatura","https:\/\/www.instagram.com\/lifenaturapt\/"]}]},"product_price_amount":"19.11","product_price_currency":"EUR","og_availability":"instock","product_availability":"instock","product_retailer_item_id":"8436565923621","product_condition":"new"},"df_price":19.11,"df_sale_price":"","df_regular_price":19.11,"df_image_link":"https:\/\/www.lifenatura.com\/wp-content\/uploads\/2025\/09\/energia-spirulina-energy-feelings-300x300.jpg","_links":{"self":[{"href":"https:\/\/www.lifenatura.com\/es\/wp-json\/wp\/v2\/product\/117525","targetHints":{"allow":["GET"]}}],"collection":[{"href":"https:\/\/www.lifenatura.com\/es\/wp-json\/wp\/v2\/product"}],"about":[{"href":"https:\/\/www.lifenatura.com\/es\/wp-json\/wp\/v2\/types\/product"}],"wp:featuredmedia":[{"embeddable":true,"href":"https:\/\/www.lifenatura.com\/es\/wp-json\/wp\/v2\/media\/116840"}],"wp:attachment":[{"href":"https:\/\/www.lifenatura.com\/es\/wp-json\/wp\/v2\/media?parent=117525"}],"wp:term":[{"taxonomy":"product_brand","embeddable":true,"href":"https:\/\/www.lifenatura.com\/es\/wp-json\/wp\/v2\/product_brand?post=117525"},{"taxonomy":"product_cat","embeddable":true,"href":"https:\/\/www.lifenatura.com\/es\/wp-json\/wp\/v2\/product_cat?post=117525"},{"taxonomy":"product_tag","embeddable":true,"href":"https:\/\/www.lifenatura.com\/es\/wp-json\/wp\/v2\/product_tag?post=117525"}],"curies":[{"name":"wp","href":"https:\/\/api.w.org\/{rel}","templated":true}]}}