{"id":117523,"date":"2025-09-12T20:35:32","date_gmt":"2025-09-12T20:35:32","guid":{"rendered":"https:\/\/www.lifenatura.com\/produto\/graviola-en-polvo-150-g-sensaciones-energeticas\/"},"modified":"2025-09-25T06:45:33","modified_gmt":"2025-09-25T06:45:33","slug":"graviola-en-polvo-150-g-sensaciones-energeticas","status":"publish","type":"product","link":"https:\/\/www.lifenatura.com\/es\/produto\/graviola-en-polvo-150-g-sensaciones-energeticas\/","title":{"rendered":"Graviola en polvo 150 g &#8211; Sensaciones energ\u00e9ticas"},"content":{"rendered":"<h2 style=\"text-align: left;\" data-start=\"162\" data-end=\"208\">Graviola en polvo Bio &#8211; Sensaciones energ\u00e9ticas<\/h2>\n<p>&nbsp;<\/p>\n<p data-start=\"264\" data-end=\"629\"><strong data-start=\"266\" data-end=\"303\">La graviola en polvo de Energy Feelings<\/strong> es un suplemento natural obtenido de las hojas y el fruto de la <em data-start=\"367\" data-end=\"384\">Annona muricata<\/em>, tambi\u00e9n conocida como graviola o guan\u00e1bana. Procedente de la agricultura ecol\u00f3gica certificada, este superalimento es apreciado por su riqueza en nutrientes y compuestos bioactivos que contribuyen al equilibrio y la vitalidad del organismo.<\/p>\n<p data-start=\"631\" data-end=\"907\">La graviola contiene una elevada concentraci\u00f3n de <strong data-start=\"677\" data-end=\"752\">vitamina C, vitaminas del grupo B, calcio, hierro, magnesio y potasio<\/strong>, nutrientes esenciales para el funcionamiento normal del sistema inmunitario, para reducir el cansancio y la fatiga y para favorecer el metabolismo energ\u00e9tico.<\/p>\n<p data-start=\"909\" data-end=\"1186\">Tambi\u00e9n es naturalmente rica en <strong data-start=\"944\" data-end=\"961\">antioxidantes<\/strong>, que ayudan a neutralizar los radicales libres y protegen las c\u00e9lulas del envejecimiento prematuro. Su contenido en fibra tambi\u00e9n facilita la digesti\u00f3n y contribuye al equilibrio intestinal, favoreciendo un mayor bienestar digestivo.<\/p>\n<p data-start=\"1188\" data-end=\"1450\">Con un sabor suave y ligeramente \u00e1cido, <strong data-start=\"1231\" data-end=\"1268\">el polvo de Graviola Energy Feelings<\/strong> puede incorporarse f\u00e1cilmente a la vida cotidiana a\u00f1adi\u00e9ndolo a batidos, zumos, yogures, gachas o recetas funcionales, lo que lo convierte en una forma pr\u00e1ctica de potenciar la nutrici\u00f3n diaria.<\/p>\n<p data-start=\"1452\" data-end=\"1480\"><strong>Principales ventajas:<\/strong><\/p>\n<ul data-start=\"1481\" data-end=\"1778\">\n<li data-start=\"1481\" data-end=\"1530\">\n<p data-start=\"1483\" data-end=\"1530\">Rico en <strong data-start=\"1491\" data-end=\"1505\">vitamina C<\/strong> y minerales esenciales;<\/p>\n<\/li>\n<li data-start=\"1531\" data-end=\"1586\">\n<p data-start=\"1533\" data-end=\"1586\">Ayuda a <strong data-start=\"1550\" data-end=\"1583\">reforzar el sistema inmunitario<\/strong>;<\/p>\n<\/li>\n<li data-start=\"1587\" data-end=\"1639\">\n<p data-start=\"1589\" data-end=\"1639\">Acci\u00f3n <strong data-start=\"1594\" data-end=\"1610\">antioxidante<\/strong> contra el estr\u00e9s oxidativo;<\/p>\n<\/li>\n<li data-start=\"1640\" data-end=\"1685\">\n<p data-start=\"1642\" data-end=\"1685\">Ayuda a <strong data-start=\"1650\" data-end=\"1682\">reducir el cansancio y la fatiga<\/strong>;<\/p>\n<\/li>\n<li data-start=\"1686\" data-end=\"1735\">\n<p data-start=\"1688\" data-end=\"1735\">Favorece <strong data-start=\"1696\" data-end=\"1732\">la digesti\u00f3n y el equilibrio intestinal<\/strong>;<\/p>\n<\/li>\n<li data-start=\"1736\" data-end=\"1778\">\n<p data-start=\"1738\" data-end=\"1778\">Ecol\u00f3gico, vegano y sin gluten.<\/p>\n<\/li>\n<\/ul>\n<p data-start=\"1780\" data-end=\"1797\"><strong>Indicaciones:<\/strong><\/p>\n<p data-start=\"1798\" data-end=\"1856\"><strong data-start=\"1800\" data-end=\"1837\">La Graviola en polvo de Energy Feelings<\/strong> est\u00e1 indicada para:<\/p>\n<ul data-start=\"1857\" data-end=\"2074\">\n<li data-start=\"1857\" data-end=\"1916\">\n<p data-start=\"1859\" data-end=\"1916\">Personas que desean aumentar su inmunidad de forma natural;<\/p>\n<\/li>\n<li data-start=\"1917\" data-end=\"1970\">\n<p data-start=\"1919\" data-end=\"1970\">Quienes deseen aumentar su ingesta de antioxidantes;<\/p>\n<\/li>\n<li data-start=\"1971\" data-end=\"2018\">\n<p data-start=\"1973\" data-end=\"2018\">Dietas equilibradas, veganas o vegetarianas;<\/p>\n<\/li>\n<li data-start=\"2019\" data-end=\"2074\">\n<p data-start=\"2021\" data-end=\"2074\">Personas que valoran los superalimentos funcionales.<\/p>\n<\/li>\n<\/ul>\n<p><strong>Presentaci\u00f3n:<\/strong><\/p>\n<p>150g<\/p>\n<p>&nbsp;<\/p>\n","protected":false},"excerpt":{"rendered":"<p>Graviola en polvo Bio 150 g Energy Feelings &#8211; Fuente natural de vitamina C y antioxidantes. Favorece la inmunidad, la energ\u00eda, la digesti\u00f3n y el bienestar. [&#8230;]<\/p>\n<p><a class=\"btn btn-secondary understrap-read-more-link\" href=\"https:\/\/www.lifenatura.com\/es\/produto\/graviola-en-polvo-150-g-sensaciones-energeticas\/\">Leer m\u00e1s&#8230;<span class=\"screen-reader-text\"> from Graviola en polvo 150 g &#8211; Sensaciones energ\u00e9ticas<\/span><\/a><\/p>\n","protected":false},"featured_media":116858,"template":"","meta":{"_acf_changed":false},"product_brand":[8563],"product_cat":[7236,7253,7719,7659,7211,7179,7883],"product_tag":[],"class_list":{"0":"post-117523","1":"product","2":"type-product","3":"status-publish","4":"has-post-thumbnail","6":"product_brand-energy-feelings-es","7":"product_cat-antioxidantes-salud","8":"product_cat-digestion","9":"product_cat-graviola-es","10":"product_cat-ingrediente-natural-bio","11":"product_cat-reforza-la-inmunidad-salud","12":"product_cat-salud","13":"product_cat-suplementos-alimenticios","15":"first","16":"instock","17":"shipping-taxable","18":"purchasable","19":"product-type-simple","20":"add-to-wishlist-before_image"},"acf":[],"yoast_head":"<!-- This site is optimized with the Yoast SEO Premium plugin v27.1 (Yoast SEO v27.4) - https:\/\/yoast.com\/product\/yoast-seo-premium-wordpress\/ -->\n<title>Graviola en polvo 150 g - Sensaciones energ\u00e9ticas - Lifenatura<\/title>\n<meta name=\"description\" content=\"Graviola en polvo Bio 150 g Energy Feelings - Fuente natural de vitamina C y antioxidantes. Favorece la inmunidad, la energ\u00eda, la digesti\u00f3n y el bienestar.\" \/>\n<meta name=\"robots\" content=\"index, follow, max-snippet:-1, max-image-preview:large, max-video-preview:-1\" \/>\n<link rel=\"canonical\" href=\"https:\/\/www.lifenatura.com\/es\/produto\/graviola-en-polvo-150-g-sensaciones-energeticas\/\" \/>\n<meta property=\"og:locale\" content=\"es_ES\" \/>\n<meta property=\"og:type\" content=\"article\" \/>\n<meta property=\"og:title\" content=\"Graviola en polvo 150 g - Sensaciones energ\u00e9ticas - Lifenatura\" \/>\n<meta property=\"og:description\" content=\"Compre aqui o seu Graviola en polvo 150 g - Sensaciones energ\u00e9ticas e a Lifenatura Online envia em 48 H com Portes Gratis &gt;35\u20ac de Pedido.\" \/>\n<meta property=\"og:url\" content=\"https:\/\/www.lifenatura.com\/es\/produto\/graviola-en-polvo-150-g-sensaciones-energeticas\/\" \/>\n<meta property=\"og:site_name\" content=\"Lifenatura\" \/>\n<meta property=\"article:publisher\" content=\"https:\/\/www.facebook.com\/lifenatura\" \/>\n<meta property=\"article:modified_time\" content=\"2025-09-25T06:45:33+00:00\" \/>\n<meta property=\"og:image\" content=\"https:\/\/www.lifenatura.com\/wp-content\/uploads\/2025\/09\/graviola-150g-energy-feelings.jpg\" \/>\n\t<meta property=\"og:image:width\" content=\"1000\" \/>\n\t<meta property=\"og:image:height\" content=\"1000\" \/>\n\t<meta property=\"og:image:type\" content=\"image\/jpeg\" \/>\n<meta name=\"twitter:card\" content=\"summary_large_image\" \/>\n<meta name=\"twitter:label1\" content=\"Precio\" \/>\n\t<meta name=\"twitter:data1\" content=\"10,20&nbsp;&euro;\" \/>\n\t<meta name=\"twitter:label2\" content=\"Disponibilidad\" \/>\n\t<meta name=\"twitter:data2\" content=\"Disponible\" \/>\n<meta property=\"product:price:amount\" content=\"10.20\" \/>\n<meta property=\"product:price:currency\" content=\"EUR\" \/>\n<meta property=\"og:availability\" content=\"instock\" \/>\n<meta property=\"product:availability\" content=\"instock\" \/>\n<meta property=\"product:retailer_item_id\" content=\"8437013083089\" \/>\n<meta property=\"product:condition\" content=\"new\" \/>\n<!-- \/ Yoast SEO Premium plugin. -->","yoast_head_json":{"title":"Graviola en polvo 150 g - Sensaciones energ\u00e9ticas - Lifenatura","description":"Graviola en polvo Bio 150 g Energy Feelings - Fuente natural de vitamina C y antioxidantes. Favorece la inmunidad, la energ\u00eda, la digesti\u00f3n y el bienestar.","robots":{"index":"index","follow":"follow","max-snippet":"max-snippet:-1","max-image-preview":"max-image-preview:large","max-video-preview":"max-video-preview:-1"},"canonical":"https:\/\/www.lifenatura.com\/es\/produto\/graviola-en-polvo-150-g-sensaciones-energeticas\/","og_locale":"es_ES","og_type":"article","og_title":"Graviola en polvo 150 g - Sensaciones energ\u00e9ticas - Lifenatura","og_description":"Compre aqui o seu Graviola en polvo 150 g - Sensaciones energ\u00e9ticas e a Lifenatura Online envia em 48 H com Portes Gratis >35\u20ac de Pedido.","og_url":"https:\/\/www.lifenatura.com\/es\/produto\/graviola-en-polvo-150-g-sensaciones-energeticas\/","og_site_name":"Lifenatura","article_publisher":"https:\/\/www.facebook.com\/lifenatura","article_modified_time":"2025-09-25T06:45:33+00:00","og_image":[{"width":1000,"height":1000,"url":"https:\/\/www.lifenatura.com\/wp-content\/uploads\/2025\/09\/graviola-150g-energy-feelings.jpg","type":"image\/jpeg"}],"twitter_card":"summary_large_image","twitter_misc":{"Precio":"10,20&nbsp;&euro;","Disponibilidad":"Disponible"},"schema":{"@context":"https:\/\/schema.org","@graph":[{"@type":"WebPage","@id":"https:\/\/www.lifenatura.com\/es\/produto\/graviola-en-polvo-150-g-sensaciones-energeticas\/","url":"https:\/\/www.lifenatura.com\/es\/produto\/graviola-en-polvo-150-g-sensaciones-energeticas\/","name":"Graviola en polvo 150 g - Sensaciones energ\u00e9ticas - Lifenatura","isPartOf":{"@id":"https:\/\/www.lifenatura.com\/es\/#website"},"primaryImageOfPage":{"@id":"https:\/\/www.lifenatura.com\/es\/produto\/graviola-en-polvo-150-g-sensaciones-energeticas\/#primaryimage"},"image":{"@id":"https:\/\/www.lifenatura.com\/es\/produto\/graviola-en-polvo-150-g-sensaciones-energeticas\/#primaryimage"},"thumbnailUrl":"https:\/\/www.lifenatura.com\/wp-content\/uploads\/2025\/09\/graviola-150g-energy-feelings.jpg","datePublished":"2025-09-12T20:35:32+00:00","dateModified":"2025-09-25T06:45:33+00:00","description":"Graviola en polvo Bio 150 g Energy Feelings - Fuente natural de vitamina C y antioxidantes. Favorece la inmunidad, la energ\u00eda, la digesti\u00f3n y el bienestar.","breadcrumb":{"@id":"https:\/\/www.lifenatura.com\/es\/produto\/graviola-en-polvo-150-g-sensaciones-energeticas\/#breadcrumb"},"inLanguage":"es","potentialAction":[{"@type":"ReadAction","target":["https:\/\/www.lifenatura.com\/es\/produto\/graviola-en-polvo-150-g-sensaciones-energeticas\/"]}]},{"@type":"ImageObject","inLanguage":"es","@id":"https:\/\/www.lifenatura.com\/es\/produto\/graviola-en-polvo-150-g-sensaciones-energeticas\/#primaryimage","url":"https:\/\/www.lifenatura.com\/wp-content\/uploads\/2025\/09\/graviola-150g-energy-feelings.jpg","contentUrl":"https:\/\/www.lifenatura.com\/wp-content\/uploads\/2025\/09\/graviola-150g-energy-feelings.jpg","width":1000,"height":1000},{"@type":"BreadcrumbList","@id":"https:\/\/www.lifenatura.com\/es\/produto\/graviola-en-polvo-150-g-sensaciones-energeticas\/#breadcrumb","itemListElement":[{"@type":"ListItem","position":1,"name":"In\u00edcio","item":"https:\/\/www.lifenatura.com\/es\/"},{"@type":"ListItem","position":2,"name":"Todos los Productos","item":"https:\/\/www.lifenatura.com\/es\/tienda\/"},{"@type":"ListItem","position":3,"name":"Graviola en polvo 150 g &#8211; Sensaciones energ\u00e9ticas"}]},{"@type":"WebSite","@id":"https:\/\/www.lifenatura.com\/es\/#website","url":"https:\/\/www.lifenatura.com\/es\/","name":"Lifenatura","description":"A Lifenatura \u00e9 uma loja de produtos naturais, cosm\u00e9tica natural e alimenta\u00e7\u00e3o Biol\u00f3gica.","publisher":{"@id":"https:\/\/www.lifenatura.com\/es\/#organization"},"potentialAction":[{"@type":"SearchAction","target":{"@type":"EntryPoint","urlTemplate":"https:\/\/www.lifenatura.com\/es\/?s={search_term_string}"},"query-input":{"@type":"PropertyValueSpecification","valueRequired":true,"valueName":"search_term_string"}}],"inLanguage":"es"},{"@type":"Organization","@id":"https:\/\/www.lifenatura.com\/es\/#organization","name":"Lifenatura","url":"https:\/\/www.lifenatura.com\/es\/","logo":{"@type":"ImageObject","inLanguage":"es","@id":"https:\/\/www.lifenatura.com\/es\/#\/schema\/logo\/image\/","url":"https:\/\/www.lifenatura.com\/wp-content\/uploads\/2021\/11\/logo.png","contentUrl":"https:\/\/www.lifenatura.com\/wp-content\/uploads\/2021\/11\/logo.png","width":175,"height":55,"caption":"Lifenatura"},"image":{"@id":"https:\/\/www.lifenatura.com\/es\/#\/schema\/logo\/image\/"},"sameAs":["https:\/\/www.facebook.com\/lifenatura","https:\/\/www.instagram.com\/lifenaturapt\/"]}]},"product_price_amount":"10.20","product_price_currency":"EUR","og_availability":"instock","product_availability":"instock","product_retailer_item_id":"8437013083089","product_condition":"new"},"df_price":10.2,"df_sale_price":"","df_regular_price":10.2,"df_image_link":"https:\/\/www.lifenatura.com\/wp-content\/uploads\/2025\/09\/graviola-150g-energy-feelings-300x300.jpg","_links":{"self":[{"href":"https:\/\/www.lifenatura.com\/es\/wp-json\/wp\/v2\/product\/117523","targetHints":{"allow":["GET"]}}],"collection":[{"href":"https:\/\/www.lifenatura.com\/es\/wp-json\/wp\/v2\/product"}],"about":[{"href":"https:\/\/www.lifenatura.com\/es\/wp-json\/wp\/v2\/types\/product"}],"wp:featuredmedia":[{"embeddable":true,"href":"https:\/\/www.lifenatura.com\/es\/wp-json\/wp\/v2\/media\/116858"}],"wp:attachment":[{"href":"https:\/\/www.lifenatura.com\/es\/wp-json\/wp\/v2\/media?parent=117523"}],"wp:term":[{"taxonomy":"product_brand","embeddable":true,"href":"https:\/\/www.lifenatura.com\/es\/wp-json\/wp\/v2\/product_brand?post=117523"},{"taxonomy":"product_cat","embeddable":true,"href":"https:\/\/www.lifenatura.com\/es\/wp-json\/wp\/v2\/product_cat?post=117523"},{"taxonomy":"product_tag","embeddable":true,"href":"https:\/\/www.lifenatura.com\/es\/wp-json\/wp\/v2\/product_tag?post=117523"}],"curies":[{"name":"wp","href":"https:\/\/api.w.org\/{rel}","templated":true}]}}