{"id":117521,"date":"2025-09-12T20:35:20","date_gmt":"2025-09-12T20:35:20","guid":{"rendered":"https:\/\/www.lifenatura.com\/produto\/eritritol-vegano-1kg-energy-feelings\/"},"modified":"2025-09-26T10:27:44","modified_gmt":"2025-09-26T10:27:44","slug":"eritritol-vegano-1kg-energy-feelings","status":"publish","type":"product","link":"https:\/\/www.lifenatura.com\/es\/produto\/eritritol-vegano-1kg-energy-feelings\/","title":{"rendered":"Eritritol Vegano 1kg &#8211; Energy Feelings"},"content":{"rendered":"<h2 style=\"text-align: left;\" data-start=\"165\" data-end=\"207\">Eritritol Vegano &#8211; Energy Feelings<\/h2>\n<p>&nbsp;<\/p>\n<p data-start=\"263\" data-end=\"615\"><strong data-start=\"265\" data-end=\"303\">El eritritol vegano de Energy Feelings<\/strong> es un edulcorante natural de origen vegetal, ideal para quienes buscan una alternativa saludable al az\u00facar tradicional. Extra\u00eddo de fuentes naturales como frutas y verduras, este poliol destaca por tener un sabor agradable, muy similar al del az\u00facar com\u00fan, pero con la gran ventaja de contener <strong data-start=\"595\" data-end=\"612\">cero calor\u00edas<\/strong>.<\/p>\n<p data-start=\"617\" data-end=\"910\">El eritritol no eleva los niveles de glucosa o insulina en sangre, por lo que es una opci\u00f3n segura para las personas <strong data-start=\"724\" data-end=\"736\">diab\u00e9ticas<\/strong> o que quieren controlar sus niveles de az\u00facar en sangre. Adem\u00e1s, a diferencia de otros edulcorantes artificiales, no deja regusto y es bien tolerado por el organismo.<\/p>\n<p data-start=\"912\" data-end=\"1185\">Otro punto importante es que el eritritol no contribuye a la formaci\u00f3n de caries, por lo que se considera un aliado de la salud bucodental. Al ser <strong data-start=\"1071\" data-end=\"1120\">vegano, sin gluten y de origen no transg\u00e9nico<\/strong>, se adapta a diferentes estilos de vida y dietas equilibradas.<\/p>\n<p data-start=\"1187\" data-end=\"1424\">Su versatilidad es otra gran ventaja: puede utilizarse en bebidas, batidos, postres, yogures, pasteles, tortitas y todo tipo de recetas, proporcionando la misma sensaci\u00f3n de dulzor, pero de forma m\u00e1s sana y consciente.<\/p>\n<p data-start=\"1426\" data-end=\"1454\"><strong>Principales ventajas:<\/strong><\/p>\n<ul data-start=\"1455\" data-end=\"1704\">\n<li data-start=\"1455\" data-end=\"1498\">\n<p data-start=\"1457\" data-end=\"1498\">Edulcorante natural <strong data-start=\"1478\" data-end=\"1495\">sin calor\u00edas<\/strong>;<\/p>\n<\/li>\n<li data-start=\"1499\" data-end=\"1539\">\n<p data-start=\"1501\" data-end=\"1539\">No eleva <strong data-start=\"1514\" data-end=\"1536\">los niveles de glucosa en sangre<\/strong>;<\/p>\n<\/li>\n<li data-start=\"1540\" data-end=\"1567\">\n<p data-start=\"1542\" data-end=\"1567\">Seguro para los diab\u00e9ticos;<\/p>\n<\/li>\n<li data-start=\"1568\" data-end=\"1605\">\n<p data-start=\"1570\" data-end=\"1605\">No provoca <strong data-start=\"1582\" data-end=\"1602\">caries<\/strong>;<\/p>\n<\/li>\n<li data-start=\"1606\" data-end=\"1655\">\n<p data-start=\"1608\" data-end=\"1655\">Sabor id\u00e9ntico al az\u00facar, sin regusto;<\/p>\n<\/li>\n<li data-start=\"1656\" data-end=\"1704\">\n<p data-start=\"1658\" data-end=\"1704\">Vegano, sin gluten y no transg\u00e9nico.<\/p>\n<\/li>\n<\/ul>\n<p data-start=\"1706\" data-end=\"1723\"><strong>Indicaciones:<\/strong><\/p>\n<p data-start=\"1724\" data-end=\"1783\"><strong data-start=\"1726\" data-end=\"1764\">Eritritol Vegano Energy Feelings<\/strong> es adecuado para:<\/p>\n<ul data-start=\"1784\" data-end=\"2019\">\n<li data-start=\"1784\" data-end=\"1848\">\n<p data-start=\"1786\" data-end=\"1848\">Personas que quieren reducir o eliminar su consumo de az\u00facar;<\/p>\n<\/li>\n<li data-start=\"1849\" data-end=\"1903\">\n<p data-start=\"1851\" data-end=\"1903\">Personas con diabetes o resistencia a la insulina;<\/p>\n<\/li>\n<li data-start=\"1904\" data-end=\"1965\">\n<p data-start=\"1906\" data-end=\"1965\">Los que siguen dietas de adelgazamiento o hipocal\u00f3ricas;<\/p>\n<\/li>\n<li data-start=\"1966\" data-end=\"2019\">\n<p data-start=\"1968\" data-end=\"2019\">Estilos de vida vegano, vegetariano y sin gluten.<\/p>\n<\/li>\n<\/ul>\n<p><strong>Presentaci\u00f3n:<\/strong><\/p>\n<p>1kg<\/p>\n<p>&nbsp;<\/p>\n","protected":false},"excerpt":{"rendered":"<p>Eritritol Vegano, Sensaci\u00f3n Energ\u00e9tica &#8211; Edulcorante natural de origen vegetal, sin calor\u00edas, ideal para diab\u00e9ticos y dietas sanas. Sin gluten, vegano. [&#8230;]<\/p>\n<p><a class=\"btn btn-secondary understrap-read-more-link\" href=\"https:\/\/www.lifenatura.com\/es\/produto\/eritritol-vegano-1kg-energy-feelings\/\">Leer m\u00e1s&#8230;<span class=\"screen-reader-text\"> from Eritritol Vegano 1kg &#8211; Energy Feelings<\/span><\/a><\/p>\n","protected":false},"featured_media":116844,"template":"","meta":{"_acf_changed":false},"product_brand":[8563],"product_cat":[7064,7289,7074],"product_tag":[],"class_list":{"0":"post-117521","1":"product","2":"type-product","3":"status-publish","4":"has-post-thumbnail","6":"product_brand-energy-feelings-es","7":"product_cat-alimentacion-sana","8":"product_cat-azucar-edulcorantes","9":"product_cat-productos-alimenticios","11":"first","12":"instock","13":"shipping-taxable","14":"purchasable","15":"product-type-simple","16":"add-to-wishlist-before_image"},"acf":[],"yoast_head":"<!-- This site is optimized with the Yoast SEO Premium plugin v27.1 (Yoast SEO v27.5) - https:\/\/yoast.com\/product\/yoast-seo-premium-wordpress\/ -->\n<title>Eritritol Vegano 1kg - Energy Feelings - Na Lifenatura ao Melhor Pre\u00e7o | Envio em 48h<\/title>\n<meta name=\"description\" content=\"Eritritol Vegano, Sensaci\u00f3n Energ\u00e9tica - Edulcorante natural de origen vegetal, sin calor\u00edas, ideal para diab\u00e9ticos y dietas sanas. Sin gluten, vegano.\" \/>\n<meta name=\"robots\" content=\"index, follow, max-snippet:-1, max-image-preview:large, max-video-preview:-1\" \/>\n<link rel=\"canonical\" href=\"https:\/\/www.lifenatura.com\/es\/produto\/eritritol-vegano-1kg-energy-feelings\/\" \/>\n<meta property=\"og:locale\" content=\"es_ES\" \/>\n<meta property=\"og:type\" content=\"article\" \/>\n<meta property=\"og:title\" content=\"Eritritol Vegano 1kg - Energy Feelings - Na Lifenatura ao Melhor Pre\u00e7o | Envio 48h\" \/>\n<meta property=\"og:description\" content=\"Compre Eritritol Vegano 1kg - Energy Feelings com envio r\u00e1pido. Entrega em 48h e portes gr\u00e1tis em compras &gt;35\u20ac. Aproveite j\u00e1 na Lifenatura\" \/>\n<meta property=\"og:url\" content=\"https:\/\/www.lifenatura.com\/es\/produto\/eritritol-vegano-1kg-energy-feelings\/\" \/>\n<meta property=\"og:site_name\" content=\"Lifenatura\" \/>\n<meta property=\"article:publisher\" content=\"https:\/\/www.facebook.com\/lifenatura\" \/>\n<meta property=\"article:modified_time\" content=\"2025-09-26T10:27:44+00:00\" \/>\n<meta property=\"og:image\" content=\"https:\/\/www.lifenatura.com\/wp-content\/uploads\/2025\/09\/eritritol-1kg-energy-feelings.jpg\" \/>\n\t<meta property=\"og:image:width\" content=\"1000\" \/>\n\t<meta property=\"og:image:height\" content=\"1000\" \/>\n\t<meta property=\"og:image:type\" content=\"image\/jpeg\" \/>\n<meta name=\"twitter:card\" content=\"summary_large_image\" \/>\n<meta name=\"twitter:label1\" content=\"Precio\" \/>\n\t<meta name=\"twitter:data1\" content=\"19,70&nbsp;&euro;\" \/>\n\t<meta name=\"twitter:label2\" content=\"Disponibilidad\" \/>\n\t<meta name=\"twitter:data2\" content=\"Disponible\" \/>\n<script type=\"application\/ld+json\" class=\"yoast-schema-graph\">{\"@context\":\"https:\\\/\\\/schema.org\",\"@graph\":[{\"@type\":\"WebPage\",\"@id\":\"https:\\\/\\\/www.lifenatura.com\\\/es\\\/produto\\\/eritritol-vegano-1kg-energy-feelings\\\/\",\"url\":\"https:\\\/\\\/www.lifenatura.com\\\/es\\\/produto\\\/eritritol-vegano-1kg-energy-feelings\\\/\",\"name\":\"Eritritol Vegano 1kg - Energy Feelings - Na Lifenatura ao Melhor Pre\u00e7o | Envio em 48h\",\"isPartOf\":{\"@id\":\"https:\\\/\\\/www.lifenatura.com\\\/es\\\/#website\"},\"primaryImageOfPage\":{\"@id\":\"https:\\\/\\\/www.lifenatura.com\\\/es\\\/produto\\\/eritritol-vegano-1kg-energy-feelings\\\/#primaryimage\"},\"image\":{\"@id\":\"https:\\\/\\\/www.lifenatura.com\\\/es\\\/produto\\\/eritritol-vegano-1kg-energy-feelings\\\/#primaryimage\"},\"thumbnailUrl\":\"https:\\\/\\\/www.lifenatura.com\\\/wp-content\\\/uploads\\\/2025\\\/09\\\/eritritol-1kg-energy-feelings.jpg\",\"datePublished\":\"2025-09-12T20:35:20+00:00\",\"dateModified\":\"2025-09-26T10:27:44+00:00\",\"description\":\"Eritritol Vegano, Sensaci\u00f3n Energ\u00e9tica - Edulcorante natural de origen vegetal, sin calor\u00edas, ideal para diab\u00e9ticos y dietas sanas. Sin gluten, vegano.\",\"breadcrumb\":{\"@id\":\"https:\\\/\\\/www.lifenatura.com\\\/es\\\/produto\\\/eritritol-vegano-1kg-energy-feelings\\\/#breadcrumb\"},\"inLanguage\":\"es\",\"potentialAction\":[{\"@type\":\"ReadAction\",\"target\":[\"https:\\\/\\\/www.lifenatura.com\\\/es\\\/produto\\\/eritritol-vegano-1kg-energy-feelings\\\/\"]}]},{\"@type\":\"ImageObject\",\"inLanguage\":\"es\",\"@id\":\"https:\\\/\\\/www.lifenatura.com\\\/es\\\/produto\\\/eritritol-vegano-1kg-energy-feelings\\\/#primaryimage\",\"url\":\"https:\\\/\\\/www.lifenatura.com\\\/wp-content\\\/uploads\\\/2025\\\/09\\\/eritritol-1kg-energy-feelings.jpg\",\"contentUrl\":\"https:\\\/\\\/www.lifenatura.com\\\/wp-content\\\/uploads\\\/2025\\\/09\\\/eritritol-1kg-energy-feelings.jpg\",\"width\":1000,\"height\":1000},{\"@type\":\"BreadcrumbList\",\"@id\":\"https:\\\/\\\/www.lifenatura.com\\\/es\\\/produto\\\/eritritol-vegano-1kg-energy-feelings\\\/#breadcrumb\",\"itemListElement\":[{\"@type\":\"ListItem\",\"position\":1,\"name\":\"In\u00edcio\",\"item\":\"https:\\\/\\\/www.lifenatura.com\\\/es\\\/\"},{\"@type\":\"ListItem\",\"position\":2,\"name\":\"Todos los Productos\",\"item\":\"https:\\\/\\\/www.lifenatura.com\\\/es\\\/tienda\\\/\"},{\"@type\":\"ListItem\",\"position\":3,\"name\":\"Eritritol Vegano 1kg &#8211; Energy Feelings\"}]},{\"@type\":\"WebSite\",\"@id\":\"https:\\\/\\\/www.lifenatura.com\\\/es\\\/#website\",\"url\":\"https:\\\/\\\/www.lifenatura.com\\\/es\\\/\",\"name\":\"Lifenatura\",\"description\":\"A Lifenatura \u00e9 uma loja de produtos naturais, cosm\u00e9tica natural e alimenta\u00e7\u00e3o Biol\u00f3gica.\",\"publisher\":{\"@id\":\"https:\\\/\\\/www.lifenatura.com\\\/es\\\/#organization\"},\"potentialAction\":[{\"@type\":\"SearchAction\",\"target\":{\"@type\":\"EntryPoint\",\"urlTemplate\":\"https:\\\/\\\/www.lifenatura.com\\\/es\\\/?s={search_term_string}\"},\"query-input\":{\"@type\":\"PropertyValueSpecification\",\"valueRequired\":true,\"valueName\":\"search_term_string\"}}],\"inLanguage\":\"es\"},{\"@type\":\"Organization\",\"@id\":\"https:\\\/\\\/www.lifenatura.com\\\/es\\\/#organization\",\"name\":\"Lifenatura\",\"url\":\"https:\\\/\\\/www.lifenatura.com\\\/es\\\/\",\"logo\":{\"@type\":\"ImageObject\",\"inLanguage\":\"es\",\"@id\":\"https:\\\/\\\/www.lifenatura.com\\\/es\\\/#\\\/schema\\\/logo\\\/image\\\/\",\"url\":\"https:\\\/\\\/www.lifenatura.com\\\/wp-content\\\/uploads\\\/2021\\\/07\\\/logo.png\",\"contentUrl\":\"https:\\\/\\\/www.lifenatura.com\\\/wp-content\\\/uploads\\\/2021\\\/07\\\/logo.png\",\"width\":175,\"height\":55,\"caption\":\"Lifenatura\"},\"image\":{\"@id\":\"https:\\\/\\\/www.lifenatura.com\\\/es\\\/#\\\/schema\\\/logo\\\/image\\\/\"},\"sameAs\":[\"https:\\\/\\\/www.facebook.com\\\/lifenatura\",\"https:\\\/\\\/www.instagram.com\\\/lifenaturapt\\\/\"],\"hasMerchantReturnPolicy\":{\"@type\":\"MerchantReturnPolicy\",\"merchantReturnLink\":\"https:\\\/\\\/www.lifenatura.com\\\/termos-condicoes-lifenatura\\\/\"}}]}<\/script>\n<meta property=\"product:price:amount\" content=\"19.70\" \/>\n<meta property=\"product:price:currency\" content=\"EUR\" \/>\n<meta property=\"og:availability\" content=\"instock\" \/>\n<meta property=\"product:availability\" content=\"instock\" \/>\n<meta property=\"product:retailer_item_id\" content=\"8436565923577\" \/>\n<meta property=\"product:condition\" content=\"new\" \/>\n<!-- \/ Yoast SEO Premium plugin. -->","yoast_head_json":{"title":"Eritritol Vegano 1kg - Energy Feelings - Na Lifenatura ao Melhor Pre\u00e7o | Envio em 48h","description":"Eritritol Vegano, Sensaci\u00f3n Energ\u00e9tica - Edulcorante natural de origen vegetal, sin calor\u00edas, ideal para diab\u00e9ticos y dietas sanas. Sin gluten, vegano.","robots":{"index":"index","follow":"follow","max-snippet":"max-snippet:-1","max-image-preview":"max-image-preview:large","max-video-preview":"max-video-preview:-1"},"canonical":"https:\/\/www.lifenatura.com\/es\/produto\/eritritol-vegano-1kg-energy-feelings\/","og_locale":"es_ES","og_type":"article","og_title":"Eritritol Vegano 1kg - Energy Feelings - Na Lifenatura ao Melhor Pre\u00e7o | Envio 48h","og_description":"Compre Eritritol Vegano 1kg - Energy Feelings com envio r\u00e1pido. Entrega em 48h e portes gr\u00e1tis em compras >35\u20ac. Aproveite j\u00e1 na Lifenatura","og_url":"https:\/\/www.lifenatura.com\/es\/produto\/eritritol-vegano-1kg-energy-feelings\/","og_site_name":"Lifenatura","article_publisher":"https:\/\/www.facebook.com\/lifenatura","article_modified_time":"2025-09-26T10:27:44+00:00","og_image":[{"width":1000,"height":1000,"url":"https:\/\/www.lifenatura.com\/wp-content\/uploads\/2025\/09\/eritritol-1kg-energy-feelings.jpg","type":"image\/jpeg"}],"twitter_card":"summary_large_image","twitter_misc":{"Precio":"19,70&nbsp;&euro;","Disponibilidad":"Disponible"},"schema":{"@context":"https:\/\/schema.org","@graph":[{"@type":"WebPage","@id":"https:\/\/www.lifenatura.com\/es\/produto\/eritritol-vegano-1kg-energy-feelings\/","url":"https:\/\/www.lifenatura.com\/es\/produto\/eritritol-vegano-1kg-energy-feelings\/","name":"Eritritol Vegano 1kg - Energy Feelings - Na Lifenatura ao Melhor Pre\u00e7o | Envio em 48h","isPartOf":{"@id":"https:\/\/www.lifenatura.com\/es\/#website"},"primaryImageOfPage":{"@id":"https:\/\/www.lifenatura.com\/es\/produto\/eritritol-vegano-1kg-energy-feelings\/#primaryimage"},"image":{"@id":"https:\/\/www.lifenatura.com\/es\/produto\/eritritol-vegano-1kg-energy-feelings\/#primaryimage"},"thumbnailUrl":"https:\/\/www.lifenatura.com\/wp-content\/uploads\/2025\/09\/eritritol-1kg-energy-feelings.jpg","datePublished":"2025-09-12T20:35:20+00:00","dateModified":"2025-09-26T10:27:44+00:00","description":"Eritritol Vegano, Sensaci\u00f3n Energ\u00e9tica - Edulcorante natural de origen vegetal, sin calor\u00edas, ideal para diab\u00e9ticos y dietas sanas. Sin gluten, vegano.","breadcrumb":{"@id":"https:\/\/www.lifenatura.com\/es\/produto\/eritritol-vegano-1kg-energy-feelings\/#breadcrumb"},"inLanguage":"es","potentialAction":[{"@type":"ReadAction","target":["https:\/\/www.lifenatura.com\/es\/produto\/eritritol-vegano-1kg-energy-feelings\/"]}]},{"@type":"ImageObject","inLanguage":"es","@id":"https:\/\/www.lifenatura.com\/es\/produto\/eritritol-vegano-1kg-energy-feelings\/#primaryimage","url":"https:\/\/www.lifenatura.com\/wp-content\/uploads\/2025\/09\/eritritol-1kg-energy-feelings.jpg","contentUrl":"https:\/\/www.lifenatura.com\/wp-content\/uploads\/2025\/09\/eritritol-1kg-energy-feelings.jpg","width":1000,"height":1000},{"@type":"BreadcrumbList","@id":"https:\/\/www.lifenatura.com\/es\/produto\/eritritol-vegano-1kg-energy-feelings\/#breadcrumb","itemListElement":[{"@type":"ListItem","position":1,"name":"In\u00edcio","item":"https:\/\/www.lifenatura.com\/es\/"},{"@type":"ListItem","position":2,"name":"Todos los Productos","item":"https:\/\/www.lifenatura.com\/es\/tienda\/"},{"@type":"ListItem","position":3,"name":"Eritritol Vegano 1kg &#8211; Energy Feelings"}]},{"@type":"WebSite","@id":"https:\/\/www.lifenatura.com\/es\/#website","url":"https:\/\/www.lifenatura.com\/es\/","name":"Lifenatura","description":"A Lifenatura \u00e9 uma loja de produtos naturais, cosm\u00e9tica natural e alimenta\u00e7\u00e3o Biol\u00f3gica.","publisher":{"@id":"https:\/\/www.lifenatura.com\/es\/#organization"},"potentialAction":[{"@type":"SearchAction","target":{"@type":"EntryPoint","urlTemplate":"https:\/\/www.lifenatura.com\/es\/?s={search_term_string}"},"query-input":{"@type":"PropertyValueSpecification","valueRequired":true,"valueName":"search_term_string"}}],"inLanguage":"es"},{"@type":"Organization","@id":"https:\/\/www.lifenatura.com\/es\/#organization","name":"Lifenatura","url":"https:\/\/www.lifenatura.com\/es\/","logo":{"@type":"ImageObject","inLanguage":"es","@id":"https:\/\/www.lifenatura.com\/es\/#\/schema\/logo\/image\/","url":"https:\/\/www.lifenatura.com\/wp-content\/uploads\/2021\/07\/logo.png","contentUrl":"https:\/\/www.lifenatura.com\/wp-content\/uploads\/2021\/07\/logo.png","width":175,"height":55,"caption":"Lifenatura"},"image":{"@id":"https:\/\/www.lifenatura.com\/es\/#\/schema\/logo\/image\/"},"sameAs":["https:\/\/www.facebook.com\/lifenatura","https:\/\/www.instagram.com\/lifenaturapt\/"],"hasMerchantReturnPolicy":{"@type":"MerchantReturnPolicy","merchantReturnLink":"https:\/\/www.lifenatura.com\/termos-condicoes-lifenatura\/"}}]},"product_price_amount":"19.70","product_price_currency":"EUR","og_availability":"instock","product_availability":"instock","product_retailer_item_id":"8436565923577","product_condition":"new"},"df_price":19.7,"df_sale_price":"","df_regular_price":19.7,"df_image_link":"https:\/\/www.lifenatura.com\/wp-content\/uploads\/2025\/09\/eritritol-1kg-energy-feelings-300x300.jpg","_links":{"self":[{"href":"https:\/\/www.lifenatura.com\/es\/wp-json\/wp\/v2\/product\/117521","targetHints":{"allow":["GET"]}}],"collection":[{"href":"https:\/\/www.lifenatura.com\/es\/wp-json\/wp\/v2\/product"}],"about":[{"href":"https:\/\/www.lifenatura.com\/es\/wp-json\/wp\/v2\/types\/product"}],"wp:featuredmedia":[{"embeddable":true,"href":"https:\/\/www.lifenatura.com\/es\/wp-json\/wp\/v2\/media\/116844"}],"wp:attachment":[{"href":"https:\/\/www.lifenatura.com\/es\/wp-json\/wp\/v2\/media?parent=117521"}],"wp:term":[{"taxonomy":"product_brand","embeddable":true,"href":"https:\/\/www.lifenatura.com\/es\/wp-json\/wp\/v2\/product_brand?post=117521"},{"taxonomy":"product_cat","embeddable":true,"href":"https:\/\/www.lifenatura.com\/es\/wp-json\/wp\/v2\/product_cat?post=117521"},{"taxonomy":"product_tag","embeddable":true,"href":"https:\/\/www.lifenatura.com\/es\/wp-json\/wp\/v2\/product_tag?post=117521"}],"curies":[{"name":"wp","href":"https:\/\/api.w.org\/{rel}","templated":true}]}}