{"id":117520,"date":"2025-09-12T20:36:29","date_gmt":"2025-09-12T20:36:29","guid":{"rendered":"https:\/\/www.lifenatura.com\/produto\/aminopower-bio-73-chocolate-500g-sensacion-energetica\/"},"modified":"2025-09-25T06:32:57","modified_gmt":"2025-09-25T06:32:57","slug":"aminopower-bio-73-chocolate-500g-sensacion-energetica","status":"publish","type":"product","link":"https:\/\/www.lifenatura.com\/es\/produto\/aminopower-bio-73-chocolate-500g-sensacion-energetica\/","title":{"rendered":"Aminopower Bio 73% Chocolate 500g &#8211; Energy Feelings"},"content":{"rendered":"<h2 style=\"text-align: left;\" data-start=\"186\" data-end=\"242\">Aminopower Bio 73% Chocolate &#8211; Energy Feelings<\/h2>\n<p>&nbsp;<\/p>\n<p data-start=\"296\" data-end=\"766\"><strong data-start=\"298\" data-end=\"349\">Aminopower Bio 73% Chocolate de Energy Feelings<\/strong> es un complemento alimenticio innovador que combina el poder de las prote\u00ednas vegetales con el placer del aut\u00e9ntico chocolate ecol\u00f3gico de alta intensidad. Compuesto por prote\u00ednas de alta calidad procedentes de fuentes vegetales seleccionadas, este producto se ha desarrollado para ofrecer un apoyo nutricional completo, ideal para atletas, deportistas y cualquier persona que busque una dieta equilibrada y funcional.<\/p>\n<p data-start=\"768\" data-end=\"1118\">Con <strong data-start=\"772\" data-end=\"791\">un 73% de prote\u00ednas<\/strong>, Aminopower proporciona todos los amino\u00e1cidos esenciales necesarios para aumentar y mantener la masa muscular, recuperarse despu\u00e9s del entrenamiento y mantener la energ\u00eda diaria. La adici\u00f3n de chocolate ecol\u00f3gico le da un sabor delicioso y natural, sin necesidad de aromas artificiales ni az\u00facares refinados a\u00f1adidos.<\/p>\n<p data-start=\"1120\" data-end=\"1376\">Este suplemento tambi\u00e9n est\u00e1 enriquecido con fibra y minerales, que favorecen la saciedad y apoyan el funcionamiento normal del metabolismo energ\u00e9tico. Al ser <strong data-start=\"1272\" data-end=\"1305\">ecol\u00f3gico, vegano y sin gluten<\/strong>, se adapta a diferentes estilos de vida y necesidades nutricionales.<\/p>\n<p data-start=\"1378\" data-end=\"1406\"><strong>Principales ventajas:<\/strong><\/p>\n<ul data-start=\"1407\" data-end=\"1717\">\n<li data-start=\"1407\" data-end=\"1465\">\n<p data-start=\"1409\" data-end=\"1465\">Alto contenido en prote\u00ednas<strong data-start=\"1432\" data-end=\"1439\">(73%<\/strong>) para el mantenimiento muscular;<\/p>\n<\/li>\n<li data-start=\"1466\" data-end=\"1513\">\n<p data-start=\"1468\" data-end=\"1513\">Contiene todos los <strong data-start=\"1484\" data-end=\"1510\">amino\u00e1cidos esenciales<\/strong>;<\/p>\n<\/li>\n<li data-start=\"1514\" data-end=\"1589\">\n<p data-start=\"1516\" data-end=\"1589\">Favorece la <strong data-start=\"1524\" data-end=\"1553\">recuperaci\u00f3n tras el entrenamiento<\/strong> y el mantenimiento de la masa muscular;<\/p>\n<\/li>\n<li data-start=\"1590\" data-end=\"1629\">\n<p data-start=\"1592\" data-end=\"1629\">Fuente natural de fibra y minerales;<\/p>\n<\/li>\n<li data-start=\"1630\" data-end=\"1674\">\n<p data-start=\"1632\" data-end=\"1674\">Intenso sabor a <strong data-start=\"1648\" data-end=\"1671\">chocolate ecol\u00f3gico<\/strong>;<\/p>\n<\/li>\n<li data-start=\"1675\" data-end=\"1717\">\n<p data-start=\"1677\" data-end=\"1717\">Ecol\u00f3gico, vegano y sin gluten.<\/p>\n<\/li>\n<\/ul>\n<p data-start=\"1719\" data-end=\"1736\"><strong>Indicaciones:<\/strong><\/p>\n<p data-start=\"1737\" data-end=\"1809\"><strong data-start=\"1739\" data-end=\"1790\">Aminopower Bio 73% Chocolate de Energy Feelings<\/strong> es adecuado para:<\/p>\n<ul data-start=\"1810\" data-end=\"2035\">\n<li data-start=\"1810\" data-end=\"1856\">\n<p data-start=\"1812\" data-end=\"1856\">Deportistas y practicantes de ejercicio f\u00edsico;<\/p>\n<\/li>\n<li data-start=\"1857\" data-end=\"1920\">\n<p data-start=\"1859\" data-end=\"1920\">Personas que desean aumentar su ingesta de prote\u00ednas en la dieta;<\/p>\n<\/li>\n<li data-start=\"1921\" data-end=\"1990\">\n<p data-start=\"1923\" data-end=\"1990\">Quienes deseen una alternativa saludable a los suplementos convencionales;<\/p>\n<\/li>\n<li data-start=\"1991\" data-end=\"2035\">\n<p data-start=\"1993\" data-end=\"2035\">Dietas vegana, vegetariana y sin gluten.<\/p>\n<\/li>\n<\/ul>\n<p><strong>Presentaci\u00f3n:<\/strong><\/p>\n<p>500g<\/p>\n<p>&nbsp;<\/p>\n","protected":false},"excerpt":{"rendered":"<p>Aminopower Bio 73% Chocolate, Sensaci\u00f3n Energ\u00e9tica &#8211; Suplemento proteico de origen vegetal con sabor a chocolate ecol\u00f3gico. Favorece la masa muscular, la energ\u00eda y la recuperaci\u00f3n. [&#8230;]<\/p>\n<p><a class=\"btn btn-secondary understrap-read-more-link\" href=\"https:\/\/www.lifenatura.com\/es\/produto\/aminopower-bio-73-chocolate-500g-sensacion-energetica\/\">Leer m\u00e1s&#8230;<span class=\"screen-reader-text\"> from Aminopower Bio 73% Chocolate 500g &#8211; Energy Feelings<\/span><\/a><\/p>\n","protected":false},"featured_media":116820,"template":"","meta":{"_acf_changed":false},"product_brand":[8563],"product_cat":[7169,7206,7293,7883],"product_tag":[],"class_list":{"0":"post-117520","1":"product","2":"type-product","3":"status-publish","4":"has-post-thumbnail","6":"product_brand-energy-feelings-es","7":"product_cat-aminoacidos-bcaas-nutricion","8":"product_cat-musculos-salud","9":"product_cat-nutricion-deportiva","10":"product_cat-suplementos-alimenticios","12":"first","13":"instock","14":"shipping-taxable","15":"purchasable","16":"product-type-simple","17":"add-to-wishlist-before_image"},"acf":[],"yoast_head":"<!-- This site is optimized with the Yoast SEO Premium plugin v27.1 (Yoast SEO v27.5) - https:\/\/yoast.com\/product\/yoast-seo-premium-wordpress\/ -->\n<title>Aminopower Bio 73% Chocolate 500g - Energy Feelings - Na Lifenatura ao Melhor Pre\u00e7o | Envio em 48h<\/title>\n<meta name=\"description\" content=\"Aminopower Bio 73% Chocolate suplemento proteico de origen vegetal con sabor a chocolate ecol\u00f3gico. Favorece la masa muscular, la energ\u00eda y la recuperaci\u00f3n.\" \/>\n<meta name=\"robots\" content=\"index, follow, max-snippet:-1, max-image-preview:large, max-video-preview:-1\" \/>\n<link rel=\"canonical\" href=\"https:\/\/www.lifenatura.com\/es\/produto\/aminopower-bio-73-chocolate-500g-sensacion-energetica\/\" \/>\n<meta property=\"og:locale\" content=\"es_ES\" \/>\n<meta property=\"og:type\" content=\"article\" \/>\n<meta property=\"og:title\" content=\"Aminopower Bio 73% Chocolate 500g - Energy Feelings - Na Lifenatura ao Melhor Pre\u00e7o | Envio 48h\" \/>\n<meta property=\"og:description\" content=\"Compre Aminopower Bio 73% Chocolate 500g - Energy Feelings com envio r\u00e1pido. Entrega em 48h e portes gr\u00e1tis em compras &gt;35\u20ac. Aproveite j\u00e1 na Lifenatura\" \/>\n<meta property=\"og:url\" content=\"https:\/\/www.lifenatura.com\/es\/produto\/aminopower-bio-73-chocolate-500g-sensacion-energetica\/\" \/>\n<meta property=\"og:site_name\" content=\"Lifenatura\" \/>\n<meta property=\"article:publisher\" content=\"https:\/\/www.facebook.com\/lifenatura\" \/>\n<meta property=\"article:modified_time\" content=\"2025-09-25T06:32:57+00:00\" \/>\n<meta property=\"og:image\" content=\"https:\/\/www.lifenatura.com\/wp-content\/uploads\/2025\/09\/aminopower-cacau-energy-feelings.jpg\" \/>\n\t<meta property=\"og:image:width\" content=\"1000\" \/>\n\t<meta property=\"og:image:height\" content=\"1000\" \/>\n\t<meta property=\"og:image:type\" content=\"image\/jpeg\" \/>\n<meta name=\"twitter:card\" content=\"summary_large_image\" \/>\n<meta name=\"twitter:label1\" content=\"Precio\" \/>\n\t<meta name=\"twitter:data1\" content=\"23,80&nbsp;&euro;\" \/>\n\t<meta name=\"twitter:label2\" content=\"Disponibilidad\" \/>\n\t<meta name=\"twitter:data2\" content=\"Disponible\" \/>\n<script type=\"application\/ld+json\" class=\"yoast-schema-graph\">{\"@context\":\"https:\\\/\\\/schema.org\",\"@graph\":[{\"@type\":\"WebPage\",\"@id\":\"https:\\\/\\\/www.lifenatura.com\\\/es\\\/produto\\\/aminopower-bio-73-chocolate-500g-sensacion-energetica\\\/\",\"url\":\"https:\\\/\\\/www.lifenatura.com\\\/es\\\/produto\\\/aminopower-bio-73-chocolate-500g-sensacion-energetica\\\/\",\"name\":\"Aminopower Bio 73% Chocolate 500g - Energy Feelings - Na Lifenatura ao Melhor Pre\u00e7o | Envio em 48h\",\"isPartOf\":{\"@id\":\"https:\\\/\\\/www.lifenatura.com\\\/es\\\/#website\"},\"primaryImageOfPage\":{\"@id\":\"https:\\\/\\\/www.lifenatura.com\\\/es\\\/produto\\\/aminopower-bio-73-chocolate-500g-sensacion-energetica\\\/#primaryimage\"},\"image\":{\"@id\":\"https:\\\/\\\/www.lifenatura.com\\\/es\\\/produto\\\/aminopower-bio-73-chocolate-500g-sensacion-energetica\\\/#primaryimage\"},\"thumbnailUrl\":\"https:\\\/\\\/www.lifenatura.com\\\/wp-content\\\/uploads\\\/2025\\\/09\\\/aminopower-cacau-energy-feelings.jpg\",\"datePublished\":\"2025-09-12T20:36:29+00:00\",\"dateModified\":\"2025-09-25T06:32:57+00:00\",\"description\":\"Aminopower Bio 73% Chocolate suplemento proteico de origen vegetal con sabor a chocolate ecol\u00f3gico. Favorece la masa muscular, la energ\u00eda y la recuperaci\u00f3n.\",\"breadcrumb\":{\"@id\":\"https:\\\/\\\/www.lifenatura.com\\\/es\\\/produto\\\/aminopower-bio-73-chocolate-500g-sensacion-energetica\\\/#breadcrumb\"},\"inLanguage\":\"es\",\"potentialAction\":[{\"@type\":\"ReadAction\",\"target\":[\"https:\\\/\\\/www.lifenatura.com\\\/es\\\/produto\\\/aminopower-bio-73-chocolate-500g-sensacion-energetica\\\/\"]}]},{\"@type\":\"ImageObject\",\"inLanguage\":\"es\",\"@id\":\"https:\\\/\\\/www.lifenatura.com\\\/es\\\/produto\\\/aminopower-bio-73-chocolate-500g-sensacion-energetica\\\/#primaryimage\",\"url\":\"https:\\\/\\\/www.lifenatura.com\\\/wp-content\\\/uploads\\\/2025\\\/09\\\/aminopower-cacau-energy-feelings.jpg\",\"contentUrl\":\"https:\\\/\\\/www.lifenatura.com\\\/wp-content\\\/uploads\\\/2025\\\/09\\\/aminopower-cacau-energy-feelings.jpg\",\"width\":1000,\"height\":1000},{\"@type\":\"BreadcrumbList\",\"@id\":\"https:\\\/\\\/www.lifenatura.com\\\/es\\\/produto\\\/aminopower-bio-73-chocolate-500g-sensacion-energetica\\\/#breadcrumb\",\"itemListElement\":[{\"@type\":\"ListItem\",\"position\":1,\"name\":\"In\u00edcio\",\"item\":\"https:\\\/\\\/www.lifenatura.com\\\/es\\\/\"},{\"@type\":\"ListItem\",\"position\":2,\"name\":\"Todos los Productos\",\"item\":\"https:\\\/\\\/www.lifenatura.com\\\/es\\\/tienda\\\/\"},{\"@type\":\"ListItem\",\"position\":3,\"name\":\"Aminopower Bio 73% Chocolate 500g &#8211; Energy Feelings\"}]},{\"@type\":\"WebSite\",\"@id\":\"https:\\\/\\\/www.lifenatura.com\\\/es\\\/#website\",\"url\":\"https:\\\/\\\/www.lifenatura.com\\\/es\\\/\",\"name\":\"Lifenatura\",\"description\":\"A Lifenatura \u00e9 uma loja de produtos naturais, cosm\u00e9tica natural e alimenta\u00e7\u00e3o Biol\u00f3gica.\",\"publisher\":{\"@id\":\"https:\\\/\\\/www.lifenatura.com\\\/es\\\/#organization\"},\"potentialAction\":[{\"@type\":\"SearchAction\",\"target\":{\"@type\":\"EntryPoint\",\"urlTemplate\":\"https:\\\/\\\/www.lifenatura.com\\\/es\\\/?s={search_term_string}\"},\"query-input\":{\"@type\":\"PropertyValueSpecification\",\"valueRequired\":true,\"valueName\":\"search_term_string\"}}],\"inLanguage\":\"es\"},{\"@type\":\"Organization\",\"@id\":\"https:\\\/\\\/www.lifenatura.com\\\/es\\\/#organization\",\"name\":\"Lifenatura\",\"url\":\"https:\\\/\\\/www.lifenatura.com\\\/es\\\/\",\"logo\":{\"@type\":\"ImageObject\",\"inLanguage\":\"es\",\"@id\":\"https:\\\/\\\/www.lifenatura.com\\\/es\\\/#\\\/schema\\\/logo\\\/image\\\/\",\"url\":\"https:\\\/\\\/www.lifenatura.com\\\/wp-content\\\/uploads\\\/2021\\\/07\\\/logo.png\",\"contentUrl\":\"https:\\\/\\\/www.lifenatura.com\\\/wp-content\\\/uploads\\\/2021\\\/07\\\/logo.png\",\"width\":175,\"height\":55,\"caption\":\"Lifenatura\"},\"image\":{\"@id\":\"https:\\\/\\\/www.lifenatura.com\\\/es\\\/#\\\/schema\\\/logo\\\/image\\\/\"},\"sameAs\":[\"https:\\\/\\\/www.facebook.com\\\/lifenatura\",\"https:\\\/\\\/www.instagram.com\\\/lifenaturapt\\\/\"],\"hasMerchantReturnPolicy\":{\"@type\":\"MerchantReturnPolicy\",\"merchantReturnLink\":\"https:\\\/\\\/www.lifenatura.com\\\/termos-condicoes-lifenatura\\\/\"}}]}<\/script>\n<meta property=\"product:price:amount\" content=\"23.80\" \/>\n<meta property=\"product:price:currency\" content=\"EUR\" \/>\n<meta property=\"og:availability\" content=\"instock\" \/>\n<meta property=\"product:availability\" content=\"instock\" \/>\n<meta property=\"product:retailer_item_id\" content=\"8436565923539\" \/>\n<meta property=\"product:condition\" content=\"new\" \/>\n<!-- \/ Yoast SEO Premium plugin. -->","yoast_head_json":{"title":"Aminopower Bio 73% Chocolate 500g - Energy Feelings - Na Lifenatura ao Melhor Pre\u00e7o | Envio em 48h","description":"Aminopower Bio 73% Chocolate suplemento proteico de origen vegetal con sabor a chocolate ecol\u00f3gico. Favorece la masa muscular, la energ\u00eda y la recuperaci\u00f3n.","robots":{"index":"index","follow":"follow","max-snippet":"max-snippet:-1","max-image-preview":"max-image-preview:large","max-video-preview":"max-video-preview:-1"},"canonical":"https:\/\/www.lifenatura.com\/es\/produto\/aminopower-bio-73-chocolate-500g-sensacion-energetica\/","og_locale":"es_ES","og_type":"article","og_title":"Aminopower Bio 73% Chocolate 500g - Energy Feelings - Na Lifenatura ao Melhor Pre\u00e7o | Envio 48h","og_description":"Compre Aminopower Bio 73% Chocolate 500g - Energy Feelings com envio r\u00e1pido. Entrega em 48h e portes gr\u00e1tis em compras >35\u20ac. Aproveite j\u00e1 na Lifenatura","og_url":"https:\/\/www.lifenatura.com\/es\/produto\/aminopower-bio-73-chocolate-500g-sensacion-energetica\/","og_site_name":"Lifenatura","article_publisher":"https:\/\/www.facebook.com\/lifenatura","article_modified_time":"2025-09-25T06:32:57+00:00","og_image":[{"width":1000,"height":1000,"url":"https:\/\/www.lifenatura.com\/wp-content\/uploads\/2025\/09\/aminopower-cacau-energy-feelings.jpg","type":"image\/jpeg"}],"twitter_card":"summary_large_image","twitter_misc":{"Precio":"23,80&nbsp;&euro;","Disponibilidad":"Disponible"},"schema":{"@context":"https:\/\/schema.org","@graph":[{"@type":"WebPage","@id":"https:\/\/www.lifenatura.com\/es\/produto\/aminopower-bio-73-chocolate-500g-sensacion-energetica\/","url":"https:\/\/www.lifenatura.com\/es\/produto\/aminopower-bio-73-chocolate-500g-sensacion-energetica\/","name":"Aminopower Bio 73% Chocolate 500g - Energy Feelings - Na Lifenatura ao Melhor Pre\u00e7o | Envio em 48h","isPartOf":{"@id":"https:\/\/www.lifenatura.com\/es\/#website"},"primaryImageOfPage":{"@id":"https:\/\/www.lifenatura.com\/es\/produto\/aminopower-bio-73-chocolate-500g-sensacion-energetica\/#primaryimage"},"image":{"@id":"https:\/\/www.lifenatura.com\/es\/produto\/aminopower-bio-73-chocolate-500g-sensacion-energetica\/#primaryimage"},"thumbnailUrl":"https:\/\/www.lifenatura.com\/wp-content\/uploads\/2025\/09\/aminopower-cacau-energy-feelings.jpg","datePublished":"2025-09-12T20:36:29+00:00","dateModified":"2025-09-25T06:32:57+00:00","description":"Aminopower Bio 73% Chocolate suplemento proteico de origen vegetal con sabor a chocolate ecol\u00f3gico. Favorece la masa muscular, la energ\u00eda y la recuperaci\u00f3n.","breadcrumb":{"@id":"https:\/\/www.lifenatura.com\/es\/produto\/aminopower-bio-73-chocolate-500g-sensacion-energetica\/#breadcrumb"},"inLanguage":"es","potentialAction":[{"@type":"ReadAction","target":["https:\/\/www.lifenatura.com\/es\/produto\/aminopower-bio-73-chocolate-500g-sensacion-energetica\/"]}]},{"@type":"ImageObject","inLanguage":"es","@id":"https:\/\/www.lifenatura.com\/es\/produto\/aminopower-bio-73-chocolate-500g-sensacion-energetica\/#primaryimage","url":"https:\/\/www.lifenatura.com\/wp-content\/uploads\/2025\/09\/aminopower-cacau-energy-feelings.jpg","contentUrl":"https:\/\/www.lifenatura.com\/wp-content\/uploads\/2025\/09\/aminopower-cacau-energy-feelings.jpg","width":1000,"height":1000},{"@type":"BreadcrumbList","@id":"https:\/\/www.lifenatura.com\/es\/produto\/aminopower-bio-73-chocolate-500g-sensacion-energetica\/#breadcrumb","itemListElement":[{"@type":"ListItem","position":1,"name":"In\u00edcio","item":"https:\/\/www.lifenatura.com\/es\/"},{"@type":"ListItem","position":2,"name":"Todos los Productos","item":"https:\/\/www.lifenatura.com\/es\/tienda\/"},{"@type":"ListItem","position":3,"name":"Aminopower Bio 73% Chocolate 500g &#8211; Energy Feelings"}]},{"@type":"WebSite","@id":"https:\/\/www.lifenatura.com\/es\/#website","url":"https:\/\/www.lifenatura.com\/es\/","name":"Lifenatura","description":"A Lifenatura \u00e9 uma loja de produtos naturais, cosm\u00e9tica natural e alimenta\u00e7\u00e3o Biol\u00f3gica.","publisher":{"@id":"https:\/\/www.lifenatura.com\/es\/#organization"},"potentialAction":[{"@type":"SearchAction","target":{"@type":"EntryPoint","urlTemplate":"https:\/\/www.lifenatura.com\/es\/?s={search_term_string}"},"query-input":{"@type":"PropertyValueSpecification","valueRequired":true,"valueName":"search_term_string"}}],"inLanguage":"es"},{"@type":"Organization","@id":"https:\/\/www.lifenatura.com\/es\/#organization","name":"Lifenatura","url":"https:\/\/www.lifenatura.com\/es\/","logo":{"@type":"ImageObject","inLanguage":"es","@id":"https:\/\/www.lifenatura.com\/es\/#\/schema\/logo\/image\/","url":"https:\/\/www.lifenatura.com\/wp-content\/uploads\/2021\/07\/logo.png","contentUrl":"https:\/\/www.lifenatura.com\/wp-content\/uploads\/2021\/07\/logo.png","width":175,"height":55,"caption":"Lifenatura"},"image":{"@id":"https:\/\/www.lifenatura.com\/es\/#\/schema\/logo\/image\/"},"sameAs":["https:\/\/www.facebook.com\/lifenatura","https:\/\/www.instagram.com\/lifenaturapt\/"],"hasMerchantReturnPolicy":{"@type":"MerchantReturnPolicy","merchantReturnLink":"https:\/\/www.lifenatura.com\/termos-condicoes-lifenatura\/"}}]},"product_price_amount":"23.80","product_price_currency":"EUR","og_availability":"instock","product_availability":"instock","product_retailer_item_id":"8436565923539","product_condition":"new"},"df_price":23.8,"df_sale_price":"","df_regular_price":23.8,"df_image_link":"https:\/\/www.lifenatura.com\/wp-content\/uploads\/2025\/09\/aminopower-cacau-energy-feelings-300x300.jpg","_links":{"self":[{"href":"https:\/\/www.lifenatura.com\/es\/wp-json\/wp\/v2\/product\/117520","targetHints":{"allow":["GET"]}}],"collection":[{"href":"https:\/\/www.lifenatura.com\/es\/wp-json\/wp\/v2\/product"}],"about":[{"href":"https:\/\/www.lifenatura.com\/es\/wp-json\/wp\/v2\/types\/product"}],"wp:featuredmedia":[{"embeddable":true,"href":"https:\/\/www.lifenatura.com\/es\/wp-json\/wp\/v2\/media\/116820"}],"wp:attachment":[{"href":"https:\/\/www.lifenatura.com\/es\/wp-json\/wp\/v2\/media?parent=117520"}],"wp:term":[{"taxonomy":"product_brand","embeddable":true,"href":"https:\/\/www.lifenatura.com\/es\/wp-json\/wp\/v2\/product_brand?post=117520"},{"taxonomy":"product_cat","embeddable":true,"href":"https:\/\/www.lifenatura.com\/es\/wp-json\/wp\/v2\/product_cat?post=117520"},{"taxonomy":"product_tag","embeddable":true,"href":"https:\/\/www.lifenatura.com\/es\/wp-json\/wp\/v2\/product_tag?post=117520"}],"curies":[{"name":"wp","href":"https:\/\/api.w.org\/{rel}","templated":true}]}}