{"id":117519,"date":"2025-09-12T20:36:31","date_gmt":"2025-09-12T20:36:31","guid":{"rendered":"https:\/\/www.lifenatura.com\/produto\/aminopower-bio-80-neutro-500-g-sensaciones-energeticas\/"},"modified":"2025-10-12T19:05:34","modified_gmt":"2025-10-12T19:05:34","slug":"aminopower-bio-80-neutro-500-g-sensaciones-energeticas","status":"publish","type":"product","link":"https:\/\/www.lifenatura.com\/es\/produto\/aminopower-bio-80-neutro-500-g-sensaciones-energeticas\/","title":{"rendered":"Aminopower Bio 80% Neutro 500 g &#8211; Energy Feelings"},"content":{"rendered":"<article class=\"text-token-text-primary w-full focus:outline-none scroll-mt-(--header-height)\" dir=\"auto\" tabindex=\"-1\" data-turn-id=\"57c65608-006c-447f-9d36-c42a25051d4d\" data-testid=\"conversation-turn-263\" data-scroll-anchor=\"false\" data-turn=\"user\">\n<div class=\"text-base my-auto mx-auto pt-12 [--thread-content-margin:--spacing(4)] thread-sm:[--thread-content-margin:--spacing(6)] thread-lg:[--thread-content-margin:--spacing(16)] px-(--thread-content-margin)\">\n<div class=\"[--thread-content-max-width:40rem] thread-lg:[--thread-content-max-width:48rem] mx-auto max-w-(--thread-content-max-width) flex-1 group\/turn-messages focus-visible:outline-hidden relative flex w-full min-w-0 flex-col\" tabindex=\"-1\">\n<div class=\"flex max-w-full flex-col grow\">\n<div class=\"min-h-8 text-message relative flex w-full flex-col items-end gap-2 text-start break-words whitespace-normal [.text-message+&amp;]:mt-5\" dir=\"auto\" data-message-author-role=\"user\" data-message-id=\"57c65608-006c-447f-9d36-c42a25051d4d\">\n<div class=\"flex w-full flex-col gap-1 empty:hidden items-end rtl:items-start\">\n<div class=\"user-message-bubble-color relative rounded-[18px] px-4 py-1.5 data-[multiline]:py-3 max-w-[var(--user-chat-width,70%)]\" data-multiline=\"\">\n<div class=\"whitespace-pre-wrap\">\n<h2 style=\"text-align: left;\" data-start=\"186\" data-end=\"239\">Aminopower Bio 80% Neutro &#8211; <strong data-start=\"303\" data-end=\"351\">Energy Feelings<\/strong><\/h2>\n<p>&nbsp;<\/p>\n<p data-start=\"301\" data-end=\"737\"><strong data-start=\"303\" data-end=\"351\">Aminopower Bio 80% Neutro de Energy Feelings<\/strong> es un suplemento proteico de origen 100% vegetal, desarrollado para proporcionar una fuente de prote\u00ednas de alta calidad sin aditivos, saborizantes ni az\u00facares a\u00f1adidos. Con <strong data-start=\"522\" data-end=\"546\">un contenido proteico del 80%<\/strong>, este suplemento garantiza un aporte completo de amino\u00e1cidos esenciales, fundamentales para la construcci\u00f3n y el mantenimiento de la masa muscular, la recuperaci\u00f3n post-ejercicio y el apoyo energ\u00e9tico diario.<\/p>\n<p data-start=\"739\" data-end=\"1085\">Gracias a su f\u00f3rmula neutra, es extremadamente <strong data-start=\"783\" data-end=\"795\">vers\u00e1til<\/strong> y puede incorporarse a distintas preparaciones, desde batidos y zumos hasta sopas, gachas y recetas de cocina, sin alterar significativamente el sabor original de los alimentos. Esto lo hace ideal para quien busque un suplemento prote\u00ednico pr\u00e1ctico y adaptable a la vida cotidiana.<\/p>\n<p data-start=\"1087\" data-end=\"1413\">Adem\u00e1s de su alto contenido en prote\u00ednas, Aminopower es una fuente natural de fibra, vitaminas y minerales, que favorece la saciedad y ayuda al metabolismo energ\u00e9tico. Al ser <strong data-start=\"1253\" data-end=\"1286\">ecol\u00f3gico, vegano y sin gluten<\/strong>, es adecuado para diferentes estilos de vida y dietas saludables, siempre con la garant\u00eda de calidad de la marca <strong data-start=\"1391\" data-end=\"1410\">Energy Feelings<\/strong>.<\/p>\n<p data-start=\"1415\" data-end=\"1443\"><strong>Principales ventajas:<\/strong><\/p>\n<ul data-start=\"1444\" data-end=\"1782\">\n<li data-start=\"1444\" data-end=\"1502\">\n<p data-start=\"1446\" data-end=\"1502\"><strong data-start=\"1446\" data-end=\"1478\">80% de prote\u00ednas vegetales puras<\/strong> de alta calidad;<\/p>\n<\/li>\n<li data-start=\"1503\" data-end=\"1550\">\n<p data-start=\"1505\" data-end=\"1550\">Contiene todos los <strong data-start=\"1521\" data-end=\"1547\">amino\u00e1cidos esenciales<\/strong>;<\/p>\n<\/li>\n<li data-start=\"1551\" data-end=\"1606\">\n<p data-start=\"1553\" data-end=\"1606\">Ayuda a <strong data-start=\"1562\" data-end=\"1603\">mantener y desarrollar los m\u00fasculos<\/strong>;<\/p>\n<\/li>\n<li data-start=\"1607\" data-end=\"1649\">\n<p data-start=\"1609\" data-end=\"1649\">Favorece la <strong data-start=\"1620\" data-end=\"1646\">recuperaci\u00f3n post-entrenamiento<\/strong>;<\/p>\n<\/li>\n<li data-start=\"1650\" data-end=\"1697\">\n<p data-start=\"1652\" data-end=\"1697\">F\u00f3rmula neutra, ideal para diversas recetas;<\/p>\n<\/li>\n<li data-start=\"1698\" data-end=\"1739\">\n<p data-start=\"1700\" data-end=\"1739\">Rico en fibra, vitaminas y minerales;<\/p>\n<\/li>\n<li data-start=\"1740\" data-end=\"1782\">\n<p data-start=\"1742\" data-end=\"1782\">Ecol\u00f3gico, vegano y sin gluten.<\/p>\n<\/li>\n<\/ul>\n<p data-start=\"1784\" data-end=\"1801\"><strong>Indicaciones:<\/strong><\/p>\n<p data-start=\"1802\" data-end=\"1871\"><strong data-start=\"1804\" data-end=\"1852\">Aminopower Bio 80% Neutro de Energy Feelings<\/strong> es adecuado para:<\/p>\n<ul data-start=\"1872\" data-end=\"2085\">\n<li data-start=\"1872\" data-end=\"1918\">\n<p data-start=\"1874\" data-end=\"1918\">Deportistas y practicantes de ejercicio f\u00edsico;<\/p>\n<\/li>\n<li data-start=\"1919\" data-end=\"1983\">\n<p data-start=\"1921\" data-end=\"1983\">Personas que desean aumentar su ingesta diaria de prote\u00ednas;<\/p>\n<\/li>\n<li data-start=\"1984\" data-end=\"2040\">\n<p data-start=\"1986\" data-end=\"2040\">Quienes deseen una f\u00f3rmula <strong data-start=\"2010\" data-end=\"2037\">sin aromatizantes ni edulcorantes<\/strong>;<\/p>\n<\/li>\n<li data-start=\"2041\" data-end=\"2085\">\n<p data-start=\"2043\" data-end=\"2085\">Dietas vegana, vegetariana y sin gluten.<\/p>\n<\/li>\n<\/ul>\n<p><strong>Presentaci\u00f3n:<\/strong><\/p>\n<p>500g<\/p>\n<p>&nbsp;<\/p>\n<\/div>\n<\/div>\n<\/div>\n<\/div>\n<\/div>\n<\/div>\n<\/div>\n<\/article>\n","protected":false},"excerpt":{"rendered":"<p>Aminopower Bio 80% Neutro, Sensaci\u00f3n Energ\u00e9tica &#8211; Prote\u00edna vegetal pura, org\u00e1nica y vers\u00e1til. Favorece la masa muscular, la energ\u00eda y la recuperaci\u00f3n. [&#8230;]<\/p>\n<p><a class=\"btn btn-secondary understrap-read-more-link\" href=\"https:\/\/www.lifenatura.com\/es\/produto\/aminopower-bio-80-neutro-500-g-sensaciones-energeticas\/\">Leer m\u00e1s&#8230;<span class=\"screen-reader-text\"> from Aminopower Bio 80% Neutro 500 g &#8211; Energy Feelings<\/span><\/a><\/p>\n","protected":false},"featured_media":116822,"template":"","meta":{"_acf_changed":false},"product_brand":[8563],"product_cat":[7169,7293],"product_tag":[],"class_list":{"0":"post-117519","1":"product","2":"type-product","3":"status-publish","4":"has-post-thumbnail","6":"product_brand-energy-feelings-es","7":"product_cat-aminoacidos-bcaas-nutricion","8":"product_cat-nutricion-deportiva","10":"first","11":"instock","12":"shipping-taxable","13":"purchasable","14":"product-type-simple","15":"add-to-wishlist-before_image"},"acf":[],"yoast_head":"<!-- This site is optimized with the Yoast SEO Premium plugin v27.1 (Yoast SEO v27.5) - https:\/\/yoast.com\/product\/yoast-seo-premium-wordpress\/ -->\n<title>Aminopower Bio 80% Neutro 500 g - Energy Feelings - Na Lifenatura ao Melhor Pre\u00e7o | Envio em 48h<\/title>\n<meta name=\"description\" content=\"Aminopower Bio 80% Neutro, Sensaci\u00f3n Energ\u00e9tica - Prote\u00edna vegetal pura, org\u00e1nica y vers\u00e1til. Favorece la masa muscular, la energ\u00eda y la recuperaci\u00f3n.\" \/>\n<meta name=\"robots\" content=\"index, follow, max-snippet:-1, max-image-preview:large, max-video-preview:-1\" \/>\n<link rel=\"canonical\" href=\"https:\/\/www.lifenatura.com\/es\/produto\/aminopower-bio-80-neutro-500-g-sensaciones-energeticas\/\" \/>\n<meta property=\"og:locale\" content=\"es_ES\" \/>\n<meta property=\"og:type\" content=\"article\" \/>\n<meta property=\"og:title\" content=\"Aminopower Bio 80% Neutro 500 g - Energy Feelings - Na Lifenatura ao Melhor Pre\u00e7o | Envio 48h\" \/>\n<meta property=\"og:description\" content=\"Compre Aminopower Bio 80% Neutro 500 g - Energy Feelings com envio r\u00e1pido. Entrega em 48h e portes gr\u00e1tis em compras &gt;35\u20ac. Aproveite j\u00e1 na Lifenatura\" \/>\n<meta property=\"og:url\" content=\"https:\/\/www.lifenatura.com\/es\/produto\/aminopower-bio-80-neutro-500-g-sensaciones-energeticas\/\" \/>\n<meta property=\"og:site_name\" content=\"Lifenatura\" \/>\n<meta property=\"article:publisher\" content=\"https:\/\/www.facebook.com\/lifenatura\" \/>\n<meta property=\"article:modified_time\" content=\"2025-10-12T19:05:34+00:00\" \/>\n<meta property=\"og:image\" content=\"https:\/\/www.lifenatura.com\/wp-content\/uploads\/2025\/09\/aminopower-neutro-energy-feelings.jpg\" \/>\n\t<meta property=\"og:image:width\" content=\"1000\" \/>\n\t<meta property=\"og:image:height\" content=\"1000\" \/>\n\t<meta property=\"og:image:type\" content=\"image\/jpeg\" \/>\n<meta name=\"twitter:card\" content=\"summary_large_image\" \/>\n<meta name=\"twitter:label1\" content=\"Precio\" \/>\n\t<meta name=\"twitter:data1\" content=\"18,80&nbsp;&euro;\" \/>\n\t<meta name=\"twitter:label2\" content=\"Disponibilidad\" \/>\n\t<meta name=\"twitter:data2\" content=\"Disponible\" \/>\n<script type=\"application\/ld+json\" class=\"yoast-schema-graph\">{\"@context\":\"https:\\\/\\\/schema.org\",\"@graph\":[{\"@type\":\"WebPage\",\"@id\":\"https:\\\/\\\/www.lifenatura.com\\\/es\\\/produto\\\/aminopower-bio-80-neutro-500-g-sensaciones-energeticas\\\/\",\"url\":\"https:\\\/\\\/www.lifenatura.com\\\/es\\\/produto\\\/aminopower-bio-80-neutro-500-g-sensaciones-energeticas\\\/\",\"name\":\"Aminopower Bio 80% Neutro 500 g - Energy Feelings - Na Lifenatura ao Melhor Pre\u00e7o | Envio em 48h\",\"isPartOf\":{\"@id\":\"https:\\\/\\\/www.lifenatura.com\\\/es\\\/#website\"},\"primaryImageOfPage\":{\"@id\":\"https:\\\/\\\/www.lifenatura.com\\\/es\\\/produto\\\/aminopower-bio-80-neutro-500-g-sensaciones-energeticas\\\/#primaryimage\"},\"image\":{\"@id\":\"https:\\\/\\\/www.lifenatura.com\\\/es\\\/produto\\\/aminopower-bio-80-neutro-500-g-sensaciones-energeticas\\\/#primaryimage\"},\"thumbnailUrl\":\"https:\\\/\\\/www.lifenatura.com\\\/wp-content\\\/uploads\\\/2025\\\/09\\\/aminopower-neutro-energy-feelings.jpg\",\"datePublished\":\"2025-09-12T20:36:31+00:00\",\"dateModified\":\"2025-10-12T19:05:34+00:00\",\"description\":\"Aminopower Bio 80% Neutro, Sensaci\u00f3n Energ\u00e9tica - Prote\u00edna vegetal pura, org\u00e1nica y vers\u00e1til. Favorece la masa muscular, la energ\u00eda y la recuperaci\u00f3n.\",\"breadcrumb\":{\"@id\":\"https:\\\/\\\/www.lifenatura.com\\\/es\\\/produto\\\/aminopower-bio-80-neutro-500-g-sensaciones-energeticas\\\/#breadcrumb\"},\"inLanguage\":\"es\",\"potentialAction\":[{\"@type\":\"ReadAction\",\"target\":[\"https:\\\/\\\/www.lifenatura.com\\\/es\\\/produto\\\/aminopower-bio-80-neutro-500-g-sensaciones-energeticas\\\/\"]}]},{\"@type\":\"ImageObject\",\"inLanguage\":\"es\",\"@id\":\"https:\\\/\\\/www.lifenatura.com\\\/es\\\/produto\\\/aminopower-bio-80-neutro-500-g-sensaciones-energeticas\\\/#primaryimage\",\"url\":\"https:\\\/\\\/www.lifenatura.com\\\/wp-content\\\/uploads\\\/2025\\\/09\\\/aminopower-neutro-energy-feelings.jpg\",\"contentUrl\":\"https:\\\/\\\/www.lifenatura.com\\\/wp-content\\\/uploads\\\/2025\\\/09\\\/aminopower-neutro-energy-feelings.jpg\",\"width\":1000,\"height\":1000},{\"@type\":\"BreadcrumbList\",\"@id\":\"https:\\\/\\\/www.lifenatura.com\\\/es\\\/produto\\\/aminopower-bio-80-neutro-500-g-sensaciones-energeticas\\\/#breadcrumb\",\"itemListElement\":[{\"@type\":\"ListItem\",\"position\":1,\"name\":\"In\u00edcio\",\"item\":\"https:\\\/\\\/www.lifenatura.com\\\/es\\\/\"},{\"@type\":\"ListItem\",\"position\":2,\"name\":\"Todos los Productos\",\"item\":\"https:\\\/\\\/www.lifenatura.com\\\/es\\\/tienda\\\/\"},{\"@type\":\"ListItem\",\"position\":3,\"name\":\"Aminopower Bio 80% Neutro 500 g &#8211; Energy Feelings\"}]},{\"@type\":\"WebSite\",\"@id\":\"https:\\\/\\\/www.lifenatura.com\\\/es\\\/#website\",\"url\":\"https:\\\/\\\/www.lifenatura.com\\\/es\\\/\",\"name\":\"Lifenatura\",\"description\":\"A Lifenatura \u00e9 uma loja de produtos naturais, cosm\u00e9tica natural e alimenta\u00e7\u00e3o Biol\u00f3gica.\",\"publisher\":{\"@id\":\"https:\\\/\\\/www.lifenatura.com\\\/es\\\/#organization\"},\"potentialAction\":[{\"@type\":\"SearchAction\",\"target\":{\"@type\":\"EntryPoint\",\"urlTemplate\":\"https:\\\/\\\/www.lifenatura.com\\\/es\\\/?s={search_term_string}\"},\"query-input\":{\"@type\":\"PropertyValueSpecification\",\"valueRequired\":true,\"valueName\":\"search_term_string\"}}],\"inLanguage\":\"es\"},{\"@type\":\"Organization\",\"@id\":\"https:\\\/\\\/www.lifenatura.com\\\/es\\\/#organization\",\"name\":\"Lifenatura\",\"url\":\"https:\\\/\\\/www.lifenatura.com\\\/es\\\/\",\"logo\":{\"@type\":\"ImageObject\",\"inLanguage\":\"es\",\"@id\":\"https:\\\/\\\/www.lifenatura.com\\\/es\\\/#\\\/schema\\\/logo\\\/image\\\/\",\"url\":\"https:\\\/\\\/www.lifenatura.com\\\/wp-content\\\/uploads\\\/2021\\\/07\\\/logo.png\",\"contentUrl\":\"https:\\\/\\\/www.lifenatura.com\\\/wp-content\\\/uploads\\\/2021\\\/07\\\/logo.png\",\"width\":175,\"height\":55,\"caption\":\"Lifenatura\"},\"image\":{\"@id\":\"https:\\\/\\\/www.lifenatura.com\\\/es\\\/#\\\/schema\\\/logo\\\/image\\\/\"},\"sameAs\":[\"https:\\\/\\\/www.facebook.com\\\/lifenatura\",\"https:\\\/\\\/www.instagram.com\\\/lifenaturapt\\\/\"],\"hasMerchantReturnPolicy\":{\"@type\":\"MerchantReturnPolicy\",\"merchantReturnLink\":\"https:\\\/\\\/www.lifenatura.com\\\/termos-condicoes-lifenatura\\\/\"}}]}<\/script>\n<meta property=\"product:price:amount\" content=\"18.80\" \/>\n<meta property=\"product:price:currency\" content=\"EUR\" \/>\n<meta property=\"og:availability\" content=\"instock\" \/>\n<meta property=\"product:availability\" content=\"instock\" \/>\n<meta property=\"product:retailer_item_id\" content=\"8436565920866\" \/>\n<meta property=\"product:condition\" content=\"new\" \/>\n<!-- \/ Yoast SEO Premium plugin. -->","yoast_head_json":{"title":"Aminopower Bio 80% Neutro 500 g - Energy Feelings - Na Lifenatura ao Melhor Pre\u00e7o | Envio em 48h","description":"Aminopower Bio 80% Neutro, Sensaci\u00f3n Energ\u00e9tica - Prote\u00edna vegetal pura, org\u00e1nica y vers\u00e1til. Favorece la masa muscular, la energ\u00eda y la recuperaci\u00f3n.","robots":{"index":"index","follow":"follow","max-snippet":"max-snippet:-1","max-image-preview":"max-image-preview:large","max-video-preview":"max-video-preview:-1"},"canonical":"https:\/\/www.lifenatura.com\/es\/produto\/aminopower-bio-80-neutro-500-g-sensaciones-energeticas\/","og_locale":"es_ES","og_type":"article","og_title":"Aminopower Bio 80% Neutro 500 g - Energy Feelings - Na Lifenatura ao Melhor Pre\u00e7o | Envio 48h","og_description":"Compre Aminopower Bio 80% Neutro 500 g - Energy Feelings com envio r\u00e1pido. Entrega em 48h e portes gr\u00e1tis em compras >35\u20ac. Aproveite j\u00e1 na Lifenatura","og_url":"https:\/\/www.lifenatura.com\/es\/produto\/aminopower-bio-80-neutro-500-g-sensaciones-energeticas\/","og_site_name":"Lifenatura","article_publisher":"https:\/\/www.facebook.com\/lifenatura","article_modified_time":"2025-10-12T19:05:34+00:00","og_image":[{"width":1000,"height":1000,"url":"https:\/\/www.lifenatura.com\/wp-content\/uploads\/2025\/09\/aminopower-neutro-energy-feelings.jpg","type":"image\/jpeg"}],"twitter_card":"summary_large_image","twitter_misc":{"Precio":"18,80&nbsp;&euro;","Disponibilidad":"Disponible"},"schema":{"@context":"https:\/\/schema.org","@graph":[{"@type":"WebPage","@id":"https:\/\/www.lifenatura.com\/es\/produto\/aminopower-bio-80-neutro-500-g-sensaciones-energeticas\/","url":"https:\/\/www.lifenatura.com\/es\/produto\/aminopower-bio-80-neutro-500-g-sensaciones-energeticas\/","name":"Aminopower Bio 80% Neutro 500 g - Energy Feelings - Na Lifenatura ao Melhor Pre\u00e7o | Envio em 48h","isPartOf":{"@id":"https:\/\/www.lifenatura.com\/es\/#website"},"primaryImageOfPage":{"@id":"https:\/\/www.lifenatura.com\/es\/produto\/aminopower-bio-80-neutro-500-g-sensaciones-energeticas\/#primaryimage"},"image":{"@id":"https:\/\/www.lifenatura.com\/es\/produto\/aminopower-bio-80-neutro-500-g-sensaciones-energeticas\/#primaryimage"},"thumbnailUrl":"https:\/\/www.lifenatura.com\/wp-content\/uploads\/2025\/09\/aminopower-neutro-energy-feelings.jpg","datePublished":"2025-09-12T20:36:31+00:00","dateModified":"2025-10-12T19:05:34+00:00","description":"Aminopower Bio 80% Neutro, Sensaci\u00f3n Energ\u00e9tica - Prote\u00edna vegetal pura, org\u00e1nica y vers\u00e1til. Favorece la masa muscular, la energ\u00eda y la recuperaci\u00f3n.","breadcrumb":{"@id":"https:\/\/www.lifenatura.com\/es\/produto\/aminopower-bio-80-neutro-500-g-sensaciones-energeticas\/#breadcrumb"},"inLanguage":"es","potentialAction":[{"@type":"ReadAction","target":["https:\/\/www.lifenatura.com\/es\/produto\/aminopower-bio-80-neutro-500-g-sensaciones-energeticas\/"]}]},{"@type":"ImageObject","inLanguage":"es","@id":"https:\/\/www.lifenatura.com\/es\/produto\/aminopower-bio-80-neutro-500-g-sensaciones-energeticas\/#primaryimage","url":"https:\/\/www.lifenatura.com\/wp-content\/uploads\/2025\/09\/aminopower-neutro-energy-feelings.jpg","contentUrl":"https:\/\/www.lifenatura.com\/wp-content\/uploads\/2025\/09\/aminopower-neutro-energy-feelings.jpg","width":1000,"height":1000},{"@type":"BreadcrumbList","@id":"https:\/\/www.lifenatura.com\/es\/produto\/aminopower-bio-80-neutro-500-g-sensaciones-energeticas\/#breadcrumb","itemListElement":[{"@type":"ListItem","position":1,"name":"In\u00edcio","item":"https:\/\/www.lifenatura.com\/es\/"},{"@type":"ListItem","position":2,"name":"Todos los Productos","item":"https:\/\/www.lifenatura.com\/es\/tienda\/"},{"@type":"ListItem","position":3,"name":"Aminopower Bio 80% Neutro 500 g &#8211; Energy Feelings"}]},{"@type":"WebSite","@id":"https:\/\/www.lifenatura.com\/es\/#website","url":"https:\/\/www.lifenatura.com\/es\/","name":"Lifenatura","description":"A Lifenatura \u00e9 uma loja de produtos naturais, cosm\u00e9tica natural e alimenta\u00e7\u00e3o Biol\u00f3gica.","publisher":{"@id":"https:\/\/www.lifenatura.com\/es\/#organization"},"potentialAction":[{"@type":"SearchAction","target":{"@type":"EntryPoint","urlTemplate":"https:\/\/www.lifenatura.com\/es\/?s={search_term_string}"},"query-input":{"@type":"PropertyValueSpecification","valueRequired":true,"valueName":"search_term_string"}}],"inLanguage":"es"},{"@type":"Organization","@id":"https:\/\/www.lifenatura.com\/es\/#organization","name":"Lifenatura","url":"https:\/\/www.lifenatura.com\/es\/","logo":{"@type":"ImageObject","inLanguage":"es","@id":"https:\/\/www.lifenatura.com\/es\/#\/schema\/logo\/image\/","url":"https:\/\/www.lifenatura.com\/wp-content\/uploads\/2021\/07\/logo.png","contentUrl":"https:\/\/www.lifenatura.com\/wp-content\/uploads\/2021\/07\/logo.png","width":175,"height":55,"caption":"Lifenatura"},"image":{"@id":"https:\/\/www.lifenatura.com\/es\/#\/schema\/logo\/image\/"},"sameAs":["https:\/\/www.facebook.com\/lifenatura","https:\/\/www.instagram.com\/lifenaturapt\/"],"hasMerchantReturnPolicy":{"@type":"MerchantReturnPolicy","merchantReturnLink":"https:\/\/www.lifenatura.com\/termos-condicoes-lifenatura\/"}}]},"product_price_amount":"18.80","product_price_currency":"EUR","og_availability":"instock","product_availability":"instock","product_retailer_item_id":"8436565920866","product_condition":"new"},"df_price":18.8,"df_sale_price":"","df_regular_price":18.8,"df_image_link":"https:\/\/www.lifenatura.com\/wp-content\/uploads\/2025\/09\/aminopower-neutro-energy-feelings-300x300.jpg","_links":{"self":[{"href":"https:\/\/www.lifenatura.com\/es\/wp-json\/wp\/v2\/product\/117519","targetHints":{"allow":["GET"]}}],"collection":[{"href":"https:\/\/www.lifenatura.com\/es\/wp-json\/wp\/v2\/product"}],"about":[{"href":"https:\/\/www.lifenatura.com\/es\/wp-json\/wp\/v2\/types\/product"}],"wp:featuredmedia":[{"embeddable":true,"href":"https:\/\/www.lifenatura.com\/es\/wp-json\/wp\/v2\/media\/116822"}],"wp:attachment":[{"href":"https:\/\/www.lifenatura.com\/es\/wp-json\/wp\/v2\/media?parent=117519"}],"wp:term":[{"taxonomy":"product_brand","embeddable":true,"href":"https:\/\/www.lifenatura.com\/es\/wp-json\/wp\/v2\/product_brand?post=117519"},{"taxonomy":"product_cat","embeddable":true,"href":"https:\/\/www.lifenatura.com\/es\/wp-json\/wp\/v2\/product_cat?post=117519"},{"taxonomy":"product_tag","embeddable":true,"href":"https:\/\/www.lifenatura.com\/es\/wp-json\/wp\/v2\/product_tag?post=117519"}],"curies":[{"name":"wp","href":"https:\/\/api.w.org\/{rel}","templated":true}]}}