{"id":117518,"date":"2025-09-12T20:35:34","date_gmt":"2025-09-12T20:35:34","guid":{"rendered":"https:\/\/www.lifenatura.com\/produto\/harina-de-coco-ecologica-1kg-energy-feelings\/"},"modified":"2025-09-25T06:41:45","modified_gmt":"2025-09-25T06:41:45","slug":"harina-de-coco-ecologica-1kg-energy-feelings","status":"publish","type":"product","link":"https:\/\/www.lifenatura.com\/es\/produto\/harina-de-coco-ecologica-1kg-energy-feelings\/","title":{"rendered":"Harina de Coco Ecol\u00f3gica 1kg &#8211; Energy Feelings"},"content":{"rendered":"<h2 style=\"text-align: left;\" data-start=\"169\" data-end=\"215\">Harina de Coco Ecol\u00f3gica &#8211; Energy Feelings<\/h2>\n<p>&nbsp;<\/p>\n<p data-start=\"275\" data-end=\"635\"><strong data-start=\"277\" data-end=\"319\">La Harina de Coco Ecol\u00f3gica de Energy Feelings<\/strong> es una harina nutritiva, arom\u00e1tica y naturalmente dulce, elaborada con pulpa de coco ecol\u00f3gica certificada. Es una alternativa saludable a las harinas tradicionales, especialmente indicada para quienes buscan opciones <strong data-start=\"561\" data-end=\"632\">sin gluten, ricas en fibra y bajas en hidratos de carbono<\/strong>.<\/p>\n<p data-start=\"637\" data-end=\"1006\">Este superalimento es especialmente apreciado por su alto contenido en <strong data-start=\"714\" data-end=\"733\">fibras naturales<\/strong>, que favorecen la saciedad, regulan el tr\u00e1nsito intestinal y ayudan a equilibrar los niveles de az\u00facar en sangre. Adem\u00e1s, la harina de coco es fuente de <strong data-start=\"868\" data-end=\"916\">prote\u00ednas vegetales, hierro, magnesio y potasio<\/strong>, nutrientes que contribuyen a la energ\u00eda metab\u00f3lica, la salud muscular y el bienestar general.<\/p>\n<p data-start=\"1008\" data-end=\"1401\">Gracias a su bajo \u00edndice gluc\u00e9mico, es una opci\u00f3n excelente para las personas que quieren controlar sus niveles de az\u00facar en sangre o que siguen dietas de adelgazamiento como la <strong data-start=\"1181\" data-end=\"1214\">paleo, la cetog\u00e9nica o la baja en carbohidratos.<\/strong> Su sabor suave y ex\u00f3tico combina perfectamente en recetas dulces y saladas, permiti\u00e9ndote crear panes, pasteles, tortitas, galletas o incluso utilizarlo como espesante en sopas y salsas.<\/p>\n<p data-start=\"1403\" data-end=\"1548\">Con <strong data-start=\"1409\" data-end=\"1451\">la Harina de Coco Ecol\u00f3gica de Energy Feelings<\/strong>, puedes a\u00f1adir m\u00e1s textura, sabor y nutrici\u00f3n a tus recetas, siempre de forma natural y saludable.<\/p>\n<p data-start=\"1550\" data-end=\"1578\"><strong>Principales ventajas:<\/strong><\/p>\n<ul data-start=\"1579\" data-end=\"1838\">\n<li data-start=\"1579\" data-end=\"1630\">\n<p data-start=\"1581\" data-end=\"1630\">Rica en <strong data-start=\"1589\" data-end=\"1608\">fibras naturales<\/strong>, favorece la saciedad;<\/p>\n<\/li>\n<li data-start=\"1631\" data-end=\"1687\">\n<p data-start=\"1633\" data-end=\"1687\">Fuente de <strong data-start=\"1642\" data-end=\"1684\">prote\u00ednas vegetales y minerales esenciales<\/strong>;<\/p>\n<\/li>\n<li data-start=\"1688\" data-end=\"1748\">\n<p data-start=\"1690\" data-end=\"1748\">Bajo \u00edndice gluc\u00e9mico, ideal para controlar la glucemia;<\/p>\n<\/li>\n<li data-start=\"1749\" data-end=\"1793\">\n<p data-start=\"1751\" data-end=\"1793\">Sin gluten, apto para dietas especiales;<\/p>\n<\/li>\n<li data-start=\"1794\" data-end=\"1838\">\n<p data-start=\"1796\" data-end=\"1838\">Ecol\u00f3gico, vegano y sin aditivos.<\/p>\n<\/li>\n<\/ul>\n<p data-start=\"1840\" data-end=\"1857\"><strong>Indicaciones:<\/strong><\/p>\n<p data-start=\"1858\" data-end=\"1921\"><strong data-start=\"1860\" data-end=\"1902\">La Harina de Coco Ecol\u00f3gica Energy Feelings<\/strong> es adecuada para:<\/p>\n<ul data-start=\"1922\" data-end=\"2141\">\n<li data-start=\"1922\" data-end=\"1978\">\n<p data-start=\"1924\" data-end=\"1978\">Personas con intolerancia o sensibilidad al gluten;<\/p>\n<\/li>\n<li data-start=\"1979\" data-end=\"2032\">\n<p data-start=\"1981\" data-end=\"2032\">Los que buscan una opci\u00f3n sana y rica en fibra;<\/p>\n<\/li>\n<li data-start=\"2033\" data-end=\"2095\">\n<p data-start=\"2035\" data-end=\"2095\">Dietas paleo, cetog\u00e9nica, baja en carbohidratos, vegana y vegetariana;<\/p>\n<\/li>\n<li data-start=\"2096\" data-end=\"2141\">\n<p data-start=\"2098\" data-end=\"2141\">Amantes de la cocina sana y creativa.<\/p>\n<\/li>\n<\/ul>\n<p><strong>Presentaci\u00f3n:<\/strong><\/p>\n<p>1kg<\/p>\n<p>&nbsp;<\/p>\n","protected":false},"excerpt":{"rendered":"<article class=\"text-token-text-primary w-full focus:outline-none scroll-mt-[calc(var(--header-height)+min(200px,max(70px,20svh)))]\" dir=\"auto\" tabindex=\"-1\" data-turn-id=\"request-68718f1e-4f48-8001-9171-310588c3d0f7-1\" data-testid=\"conversation-turn-300\" data-scroll-anchor=\"true\" data-turn=\"assistant\">\n<div class=\"text-base my-auto mx-auto pb-10 [--thread-content-margin:--spacing(4)] thread-sm:[--thread-content-margin:--spacing(6)] thread-lg:[--thread-content-margin:--spacing(16)] px-(--thread-content-margin)\">\n<div class=\"[--thread-content-max-width:40rem] thread-lg:[--thread-content-max-width:48rem] mx-auto max-w-(--thread-content-max-width) flex-1 group\/turn-messages focus-visible:outline-hidden relative flex w-full min-w-0 flex-col agent-turn\" tabindex=\"-1\">\n<div class=\"flex max-w-full flex-col grow\">\n<div class=\"min-h-8 text-message relative flex w-full flex-col items-end gap-2 text-start break-words whitespace-normal [.text-message+&amp;]:mt-5\" dir=\"auto\" data-message-author-role=\"assistant\" data-message-id=\"ef8b9d42-f3f7-4e30-a4e1-1f76aed56b1b\" data-message-model-slug=\"gpt-5\">\n<div class=\"flex w-full flex-col gap-1 empty:hidden first:pt-[3px]\">\n<div class=\"markdown prose dark:prose-invert w-full break-words light markdown-new-styling\">\n<p data-start=\"2259\" data-end=\"2439\" data-is-last-node=\"\" data-is-only-node=\"\">Harina de Coco Bio 1Kg Energy Feelings &#8211; Rica en fibra y nutrientes. Sin gluten, bajo \u00edndice gluc\u00e9mico, ideal para recetas sanas y dietas especiales.<\/p>\n<\/div>\n<\/div>\n<\/div>\n<\/div>\n<\/div>\n<\/div>\n<\/article>\n<p> [&#8230;]<\/p>\n<p><a class=\"btn btn-secondary understrap-read-more-link\" href=\"https:\/\/www.lifenatura.com\/es\/produto\/harina-de-coco-ecologica-1kg-energy-feelings\/\">Leer m\u00e1s&#8230;<span class=\"screen-reader-text\"> from Harina de Coco Ecol\u00f3gica 1kg &#8211; Energy Feelings<\/span><\/a><\/p>\n","protected":false},"featured_media":116852,"template":"","meta":{"_acf_changed":false},"product_brand":[8563],"product_cat":[7064,7686,7084,7074],"product_tag":[],"class_list":{"0":"post-117518","1":"product","2":"type-product","3":"status-publish","4":"has-post-thumbnail","6":"product_brand-energy-feelings-es","7":"product_cat-alimentacion-sana","8":"product_cat-coco-bio","9":"product_cat-harinas","10":"product_cat-productos-alimenticios","12":"first","13":"instock","14":"shipping-taxable","15":"purchasable","16":"product-type-simple","17":"add-to-wishlist-before_image"},"acf":[],"yoast_head":"<!-- This site is optimized with the Yoast SEO Premium plugin v27.1 (Yoast SEO v27.5) - https:\/\/yoast.com\/product\/yoast-seo-premium-wordpress\/ -->\n<title>Harina de Coco Ecol\u00f3gica 1kg - Energy Feelings - Na Lifenatura ao Melhor Pre\u00e7o | Envio em 48h<\/title>\n<meta name=\"description\" content=\"Harina de Coco Bio 1Kg Energy Feelings - Rica en fibra y nutrientes. Sin gluten, bajo \u00edndice gluc\u00e9mico, ideal para recetas sanas y dietas especiales.\" \/>\n<meta name=\"robots\" content=\"index, follow, max-snippet:-1, max-image-preview:large, max-video-preview:-1\" \/>\n<link rel=\"canonical\" href=\"https:\/\/www.lifenatura.com\/es\/produto\/harina-de-coco-ecologica-1kg-energy-feelings\/\" \/>\n<meta property=\"og:locale\" content=\"es_ES\" \/>\n<meta property=\"og:type\" content=\"article\" \/>\n<meta property=\"og:title\" content=\"Harina de Coco Ecol\u00f3gica 1kg - Energy Feelings - Na Lifenatura ao Melhor Pre\u00e7o | Envio 48h\" \/>\n<meta property=\"og:description\" content=\"Compre Harina de Coco Ecol\u00f3gica 1kg - Energy Feelings com envio r\u00e1pido. Entrega em 48h e portes gr\u00e1tis em compras &gt;35\u20ac. Aproveite j\u00e1 na Lifenatura\" \/>\n<meta property=\"og:url\" content=\"https:\/\/www.lifenatura.com\/es\/produto\/harina-de-coco-ecologica-1kg-energy-feelings\/\" \/>\n<meta property=\"og:site_name\" content=\"Lifenatura\" \/>\n<meta property=\"article:publisher\" content=\"https:\/\/www.facebook.com\/lifenatura\" \/>\n<meta property=\"article:modified_time\" content=\"2025-09-25T06:41:45+00:00\" \/>\n<meta property=\"og:image\" content=\"https:\/\/www.lifenatura.com\/wp-content\/uploads\/2025\/09\/farinha-coco-bio-1k-energy-feelings.jpg\" \/>\n\t<meta property=\"og:image:width\" content=\"1000\" \/>\n\t<meta property=\"og:image:height\" content=\"1000\" \/>\n\t<meta property=\"og:image:type\" content=\"image\/jpeg\" \/>\n<meta name=\"twitter:card\" content=\"summary_large_image\" \/>\n<meta name=\"twitter:label1\" content=\"Precio\" \/>\n\t<meta name=\"twitter:data1\" content=\"10,08&nbsp;&euro;\" \/>\n\t<meta name=\"twitter:label2\" content=\"Disponibilidad\" \/>\n\t<meta name=\"twitter:data2\" content=\"Disponible\" \/>\n<script type=\"application\/ld+json\" class=\"yoast-schema-graph\">{\"@context\":\"https:\\\/\\\/schema.org\",\"@graph\":[{\"@type\":\"WebPage\",\"@id\":\"https:\\\/\\\/www.lifenatura.com\\\/es\\\/produto\\\/harina-de-coco-ecologica-1kg-energy-feelings\\\/\",\"url\":\"https:\\\/\\\/www.lifenatura.com\\\/es\\\/produto\\\/harina-de-coco-ecologica-1kg-energy-feelings\\\/\",\"name\":\"Harina de Coco Ecol\u00f3gica 1kg - Energy Feelings - Na Lifenatura ao Melhor Pre\u00e7o | Envio em 48h\",\"isPartOf\":{\"@id\":\"https:\\\/\\\/www.lifenatura.com\\\/es\\\/#website\"},\"primaryImageOfPage\":{\"@id\":\"https:\\\/\\\/www.lifenatura.com\\\/es\\\/produto\\\/harina-de-coco-ecologica-1kg-energy-feelings\\\/#primaryimage\"},\"image\":{\"@id\":\"https:\\\/\\\/www.lifenatura.com\\\/es\\\/produto\\\/harina-de-coco-ecologica-1kg-energy-feelings\\\/#primaryimage\"},\"thumbnailUrl\":\"https:\\\/\\\/www.lifenatura.com\\\/wp-content\\\/uploads\\\/2025\\\/09\\\/farinha-coco-bio-1k-energy-feelings.jpg\",\"datePublished\":\"2025-09-12T20:35:34+00:00\",\"dateModified\":\"2025-09-25T06:41:45+00:00\",\"description\":\"Harina de Coco Bio 1Kg Energy Feelings - Rica en fibra y nutrientes. Sin gluten, bajo \u00edndice gluc\u00e9mico, ideal para recetas sanas y dietas especiales.\",\"breadcrumb\":{\"@id\":\"https:\\\/\\\/www.lifenatura.com\\\/es\\\/produto\\\/harina-de-coco-ecologica-1kg-energy-feelings\\\/#breadcrumb\"},\"inLanguage\":\"es\",\"potentialAction\":[{\"@type\":\"ReadAction\",\"target\":[\"https:\\\/\\\/www.lifenatura.com\\\/es\\\/produto\\\/harina-de-coco-ecologica-1kg-energy-feelings\\\/\"]}]},{\"@type\":\"ImageObject\",\"inLanguage\":\"es\",\"@id\":\"https:\\\/\\\/www.lifenatura.com\\\/es\\\/produto\\\/harina-de-coco-ecologica-1kg-energy-feelings\\\/#primaryimage\",\"url\":\"https:\\\/\\\/www.lifenatura.com\\\/wp-content\\\/uploads\\\/2025\\\/09\\\/farinha-coco-bio-1k-energy-feelings.jpg\",\"contentUrl\":\"https:\\\/\\\/www.lifenatura.com\\\/wp-content\\\/uploads\\\/2025\\\/09\\\/farinha-coco-bio-1k-energy-feelings.jpg\",\"width\":1000,\"height\":1000},{\"@type\":\"BreadcrumbList\",\"@id\":\"https:\\\/\\\/www.lifenatura.com\\\/es\\\/produto\\\/harina-de-coco-ecologica-1kg-energy-feelings\\\/#breadcrumb\",\"itemListElement\":[{\"@type\":\"ListItem\",\"position\":1,\"name\":\"In\u00edcio\",\"item\":\"https:\\\/\\\/www.lifenatura.com\\\/es\\\/\"},{\"@type\":\"ListItem\",\"position\":2,\"name\":\"Todos los Productos\",\"item\":\"https:\\\/\\\/www.lifenatura.com\\\/es\\\/tienda\\\/\"},{\"@type\":\"ListItem\",\"position\":3,\"name\":\"Harina de Coco Ecol\u00f3gica 1kg &#8211; Energy Feelings\"}]},{\"@type\":\"WebSite\",\"@id\":\"https:\\\/\\\/www.lifenatura.com\\\/es\\\/#website\",\"url\":\"https:\\\/\\\/www.lifenatura.com\\\/es\\\/\",\"name\":\"Lifenatura\",\"description\":\"A Lifenatura \u00e9 uma loja de produtos naturais, cosm\u00e9tica natural e alimenta\u00e7\u00e3o Biol\u00f3gica.\",\"publisher\":{\"@id\":\"https:\\\/\\\/www.lifenatura.com\\\/es\\\/#organization\"},\"potentialAction\":[{\"@type\":\"SearchAction\",\"target\":{\"@type\":\"EntryPoint\",\"urlTemplate\":\"https:\\\/\\\/www.lifenatura.com\\\/es\\\/?s={search_term_string}\"},\"query-input\":{\"@type\":\"PropertyValueSpecification\",\"valueRequired\":true,\"valueName\":\"search_term_string\"}}],\"inLanguage\":\"es\"},{\"@type\":\"Organization\",\"@id\":\"https:\\\/\\\/www.lifenatura.com\\\/es\\\/#organization\",\"name\":\"Lifenatura\",\"url\":\"https:\\\/\\\/www.lifenatura.com\\\/es\\\/\",\"logo\":{\"@type\":\"ImageObject\",\"inLanguage\":\"es\",\"@id\":\"https:\\\/\\\/www.lifenatura.com\\\/es\\\/#\\\/schema\\\/logo\\\/image\\\/\",\"url\":\"https:\\\/\\\/www.lifenatura.com\\\/wp-content\\\/uploads\\\/2021\\\/07\\\/logo.png\",\"contentUrl\":\"https:\\\/\\\/www.lifenatura.com\\\/wp-content\\\/uploads\\\/2021\\\/07\\\/logo.png\",\"width\":175,\"height\":55,\"caption\":\"Lifenatura\"},\"image\":{\"@id\":\"https:\\\/\\\/www.lifenatura.com\\\/es\\\/#\\\/schema\\\/logo\\\/image\\\/\"},\"sameAs\":[\"https:\\\/\\\/www.facebook.com\\\/lifenatura\",\"https:\\\/\\\/www.instagram.com\\\/lifenaturapt\\\/\"],\"hasMerchantReturnPolicy\":{\"@type\":\"MerchantReturnPolicy\",\"merchantReturnLink\":\"https:\\\/\\\/www.lifenatura.com\\\/termos-condicoes-lifenatura\\\/\"}}]}<\/script>\n<meta property=\"product:price:amount\" content=\"10.08\" \/>\n<meta property=\"product:price:currency\" content=\"EUR\" \/>\n<meta property=\"og:availability\" content=\"instock\" \/>\n<meta property=\"product:availability\" content=\"instock\" \/>\n<meta property=\"product:retailer_item_id\" content=\"8436565921009\" \/>\n<meta property=\"product:condition\" content=\"new\" \/>\n<!-- \/ Yoast SEO Premium plugin. -->","yoast_head_json":{"title":"Harina de Coco Ecol\u00f3gica 1kg - Energy Feelings - Na Lifenatura ao Melhor Pre\u00e7o | Envio em 48h","description":"Harina de Coco Bio 1Kg Energy Feelings - Rica en fibra y nutrientes. Sin gluten, bajo \u00edndice gluc\u00e9mico, ideal para recetas sanas y dietas especiales.","robots":{"index":"index","follow":"follow","max-snippet":"max-snippet:-1","max-image-preview":"max-image-preview:large","max-video-preview":"max-video-preview:-1"},"canonical":"https:\/\/www.lifenatura.com\/es\/produto\/harina-de-coco-ecologica-1kg-energy-feelings\/","og_locale":"es_ES","og_type":"article","og_title":"Harina de Coco Ecol\u00f3gica 1kg - Energy Feelings - Na Lifenatura ao Melhor Pre\u00e7o | Envio 48h","og_description":"Compre Harina de Coco Ecol\u00f3gica 1kg - Energy Feelings com envio r\u00e1pido. Entrega em 48h e portes gr\u00e1tis em compras >35\u20ac. Aproveite j\u00e1 na Lifenatura","og_url":"https:\/\/www.lifenatura.com\/es\/produto\/harina-de-coco-ecologica-1kg-energy-feelings\/","og_site_name":"Lifenatura","article_publisher":"https:\/\/www.facebook.com\/lifenatura","article_modified_time":"2025-09-25T06:41:45+00:00","og_image":[{"width":1000,"height":1000,"url":"https:\/\/www.lifenatura.com\/wp-content\/uploads\/2025\/09\/farinha-coco-bio-1k-energy-feelings.jpg","type":"image\/jpeg"}],"twitter_card":"summary_large_image","twitter_misc":{"Precio":"10,08&nbsp;&euro;","Disponibilidad":"Disponible"},"schema":{"@context":"https:\/\/schema.org","@graph":[{"@type":"WebPage","@id":"https:\/\/www.lifenatura.com\/es\/produto\/harina-de-coco-ecologica-1kg-energy-feelings\/","url":"https:\/\/www.lifenatura.com\/es\/produto\/harina-de-coco-ecologica-1kg-energy-feelings\/","name":"Harina de Coco Ecol\u00f3gica 1kg - Energy Feelings - Na Lifenatura ao Melhor Pre\u00e7o | Envio em 48h","isPartOf":{"@id":"https:\/\/www.lifenatura.com\/es\/#website"},"primaryImageOfPage":{"@id":"https:\/\/www.lifenatura.com\/es\/produto\/harina-de-coco-ecologica-1kg-energy-feelings\/#primaryimage"},"image":{"@id":"https:\/\/www.lifenatura.com\/es\/produto\/harina-de-coco-ecologica-1kg-energy-feelings\/#primaryimage"},"thumbnailUrl":"https:\/\/www.lifenatura.com\/wp-content\/uploads\/2025\/09\/farinha-coco-bio-1k-energy-feelings.jpg","datePublished":"2025-09-12T20:35:34+00:00","dateModified":"2025-09-25T06:41:45+00:00","description":"Harina de Coco Bio 1Kg Energy Feelings - Rica en fibra y nutrientes. Sin gluten, bajo \u00edndice gluc\u00e9mico, ideal para recetas sanas y dietas especiales.","breadcrumb":{"@id":"https:\/\/www.lifenatura.com\/es\/produto\/harina-de-coco-ecologica-1kg-energy-feelings\/#breadcrumb"},"inLanguage":"es","potentialAction":[{"@type":"ReadAction","target":["https:\/\/www.lifenatura.com\/es\/produto\/harina-de-coco-ecologica-1kg-energy-feelings\/"]}]},{"@type":"ImageObject","inLanguage":"es","@id":"https:\/\/www.lifenatura.com\/es\/produto\/harina-de-coco-ecologica-1kg-energy-feelings\/#primaryimage","url":"https:\/\/www.lifenatura.com\/wp-content\/uploads\/2025\/09\/farinha-coco-bio-1k-energy-feelings.jpg","contentUrl":"https:\/\/www.lifenatura.com\/wp-content\/uploads\/2025\/09\/farinha-coco-bio-1k-energy-feelings.jpg","width":1000,"height":1000},{"@type":"BreadcrumbList","@id":"https:\/\/www.lifenatura.com\/es\/produto\/harina-de-coco-ecologica-1kg-energy-feelings\/#breadcrumb","itemListElement":[{"@type":"ListItem","position":1,"name":"In\u00edcio","item":"https:\/\/www.lifenatura.com\/es\/"},{"@type":"ListItem","position":2,"name":"Todos los Productos","item":"https:\/\/www.lifenatura.com\/es\/tienda\/"},{"@type":"ListItem","position":3,"name":"Harina de Coco Ecol\u00f3gica 1kg &#8211; Energy Feelings"}]},{"@type":"WebSite","@id":"https:\/\/www.lifenatura.com\/es\/#website","url":"https:\/\/www.lifenatura.com\/es\/","name":"Lifenatura","description":"A Lifenatura \u00e9 uma loja de produtos naturais, cosm\u00e9tica natural e alimenta\u00e7\u00e3o Biol\u00f3gica.","publisher":{"@id":"https:\/\/www.lifenatura.com\/es\/#organization"},"potentialAction":[{"@type":"SearchAction","target":{"@type":"EntryPoint","urlTemplate":"https:\/\/www.lifenatura.com\/es\/?s={search_term_string}"},"query-input":{"@type":"PropertyValueSpecification","valueRequired":true,"valueName":"search_term_string"}}],"inLanguage":"es"},{"@type":"Organization","@id":"https:\/\/www.lifenatura.com\/es\/#organization","name":"Lifenatura","url":"https:\/\/www.lifenatura.com\/es\/","logo":{"@type":"ImageObject","inLanguage":"es","@id":"https:\/\/www.lifenatura.com\/es\/#\/schema\/logo\/image\/","url":"https:\/\/www.lifenatura.com\/wp-content\/uploads\/2021\/07\/logo.png","contentUrl":"https:\/\/www.lifenatura.com\/wp-content\/uploads\/2021\/07\/logo.png","width":175,"height":55,"caption":"Lifenatura"},"image":{"@id":"https:\/\/www.lifenatura.com\/es\/#\/schema\/logo\/image\/"},"sameAs":["https:\/\/www.facebook.com\/lifenatura","https:\/\/www.instagram.com\/lifenaturapt\/"],"hasMerchantReturnPolicy":{"@type":"MerchantReturnPolicy","merchantReturnLink":"https:\/\/www.lifenatura.com\/termos-condicoes-lifenatura\/"}}]},"product_price_amount":"10.08","product_price_currency":"EUR","og_availability":"instock","product_availability":"instock","product_retailer_item_id":"8436565921009","product_condition":"new"},"df_price":10.08,"df_sale_price":"","df_regular_price":10.08,"df_image_link":"https:\/\/www.lifenatura.com\/wp-content\/uploads\/2025\/09\/farinha-coco-bio-1k-energy-feelings-300x300.jpg","_links":{"self":[{"href":"https:\/\/www.lifenatura.com\/es\/wp-json\/wp\/v2\/product\/117518","targetHints":{"allow":["GET"]}}],"collection":[{"href":"https:\/\/www.lifenatura.com\/es\/wp-json\/wp\/v2\/product"}],"about":[{"href":"https:\/\/www.lifenatura.com\/es\/wp-json\/wp\/v2\/types\/product"}],"wp:featuredmedia":[{"embeddable":true,"href":"https:\/\/www.lifenatura.com\/es\/wp-json\/wp\/v2\/media\/116852"}],"wp:attachment":[{"href":"https:\/\/www.lifenatura.com\/es\/wp-json\/wp\/v2\/media?parent=117518"}],"wp:term":[{"taxonomy":"product_brand","embeddable":true,"href":"https:\/\/www.lifenatura.com\/es\/wp-json\/wp\/v2\/product_brand?post=117518"},{"taxonomy":"product_cat","embeddable":true,"href":"https:\/\/www.lifenatura.com\/es\/wp-json\/wp\/v2\/product_cat?post=117518"},{"taxonomy":"product_tag","embeddable":true,"href":"https:\/\/www.lifenatura.com\/es\/wp-json\/wp\/v2\/product_tag?post=117518"}],"curies":[{"name":"wp","href":"https:\/\/api.w.org\/{rel}","templated":true}]}}