{"id":117517,"date":"2025-09-12T20:36:30","date_gmt":"2025-09-12T20:36:30","guid":{"rendered":"https:\/\/www.lifenatura.com\/produto\/aminopower-bio-75-vainilla-500-g-sensaciones-energeticas\/"},"modified":"2025-09-25T06:31:33","modified_gmt":"2025-09-25T06:31:33","slug":"aminopower-bio-75-vainilla-500-g-sensaciones-energeticas","status":"publish","type":"product","link":"https:\/\/www.lifenatura.com\/es\/produto\/aminopower-bio-75-vainilla-500-g-sensaciones-energeticas\/","title":{"rendered":"Aminopower Bio 75% Vainilla 500 g &#8211; Energy Feelings"},"content":{"rendered":"<h2 style=\"text-align: left;\" data-start=\"185\" data-end=\"240\">Aminopower Bio 75% Vainilla &#8211; Energy Feelings<\/h2>\n<p>&nbsp;<\/p>\n<p data-start=\"301\" data-end=\"722\"><strong data-start=\"303\" data-end=\"353\">Aminopower Bio 75% Vainilla de Energy Feelings<\/strong> es un suplemento proteico de origen 100% vegetal, desarrollado para ofrecer una nutrici\u00f3n completa y funcional. Elaborado con prote\u00ednas de alta calidad de origen vegetal, garantiza un aporte equilibrado de <strong data-start=\"573\" data-end=\"599\">amino\u00e1cidos esenciales<\/strong>, fundamentales para el mantenimiento y desarrollo de la masa muscular, la recuperaci\u00f3n post-entrenamiento y el apoyo energ\u00e9tico diario.<\/p>\n<p data-start=\"724\" data-end=\"988\">Con un <strong data-start=\"731\" data-end=\"755\">contenido prote\u00ednico del 75%<\/strong>, este suplemento destaca por su eficacia y versatilidad, y es adecuado para atletas y personas que realizan ejercicio f\u00edsico, as\u00ed como para cualquiera que desee complementar su dieta con prote\u00ednas saludables y sostenibles.<\/p>\n<p data-start=\"990\" data-end=\"1267\">El sabor natural de <strong data-start=\"1008\" data-end=\"1030\">vainilla org\u00e1nica<\/strong> le confiere un dulzor suave y agradable, sin necesidad de aromas artificiales ni az\u00facares refinados. Adem\u00e1s, es naturalmente rico en fibra, vitaminas y minerales, lo que favorece la saciedad y contribuye al metabolismo energ\u00e9tico.<\/p>\n<p data-start=\"1269\" data-end=\"1475\">Al ser <strong data-start=\"1277\" data-end=\"1336\">ecol\u00f3gico, vegano, sin gluten y sin aditivos artificiales<\/strong>, se adapta a diferentes estilos de vida y dietas equilibradas, siempre con la garant\u00eda de m\u00e1xima calidad de la marca <strong data-start=\"1453\" data-end=\"1472\">Energy Feelings<\/strong>.<\/p>\n<p data-start=\"1477\" data-end=\"1505\"><strong>Principales ventajas:<\/strong><\/p>\n<ul data-start=\"1506\" data-end=\"1856\">\n<li data-start=\"1506\" data-end=\"1556\">\n<p data-start=\"1508\" data-end=\"1556\"><strong data-start=\"1508\" data-end=\"1535\">75% de prote\u00ednas vegetales<\/strong> de alta calidad;<\/p>\n<\/li>\n<li data-start=\"1557\" data-end=\"1604\">\n<p data-start=\"1559\" data-end=\"1604\">Contiene todos los <strong data-start=\"1575\" data-end=\"1601\">amino\u00e1cidos esenciales<\/strong>;<\/p>\n<\/li>\n<li data-start=\"1605\" data-end=\"1655\">\n<p data-start=\"1607\" data-end=\"1655\">Favorece <strong data-start=\"1615\" data-end=\"1652\">el crecimiento y el mantenimiento muscular<\/strong>;<\/p>\n<\/li>\n<li data-start=\"1656\" data-end=\"1701\">\n<p data-start=\"1658\" data-end=\"1701\">Favorece la <strong data-start=\"1669\" data-end=\"1698\">recuperaci\u00f3n despu\u00e9s del entrenamiento<\/strong>;<\/p>\n<\/li>\n<li data-start=\"1702\" data-end=\"1743\">\n<p data-start=\"1704\" data-end=\"1743\">Rico en fibra, vitaminas y minerales;<\/p>\n<\/li>\n<li data-start=\"1744\" data-end=\"1813\">\n<p data-start=\"1746\" data-end=\"1813\">Sabor natural de <strong data-start=\"1762\" data-end=\"1784\">vainilla ecol\u00f3gica<\/strong>, sin aditivos artificiales;<\/p>\n<\/li>\n<li data-start=\"1814\" data-end=\"1856\">\n<p data-start=\"1816\" data-end=\"1856\">Ecol\u00f3gico, vegano y sin gluten.<\/p>\n<\/li>\n<\/ul>\n<p data-start=\"1858\" data-end=\"1875\"><strong>Indicaciones:<\/strong><\/p>\n<p data-start=\"1876\" data-end=\"1947\"><strong data-start=\"1878\" data-end=\"1928\">Aminopower Bio 75% Vainilla de Energy Feelings<\/strong> es adecuado para:<\/p>\n<ul data-start=\"1948\" data-end=\"2209\">\n<li data-start=\"1948\" data-end=\"2016\">\n<p data-start=\"1950\" data-end=\"2016\">Atletas y entusiastas del deporte que buscan un aporte proteico;<\/p>\n<\/li>\n<li data-start=\"2017\" data-end=\"2072\">\n<p data-start=\"2019\" data-end=\"2072\">Quienes deseen aumentar su ingesta diaria de prote\u00ednas;<\/p>\n<\/li>\n<li data-start=\"2073\" data-end=\"2137\">\n<p data-start=\"2075\" data-end=\"2137\">Personas con dietas veganas, vegetarianas o sin gluten;<\/p>\n<\/li>\n<li data-start=\"2138\" data-end=\"2209\">\n<p data-start=\"2140\" data-end=\"2209\">Cualquiera que busque un suplemento proteico sano, nutritivo y sabroso.<\/p>\n<\/li>\n<\/ul>\n<p><strong>Presentaci\u00f3n:<\/strong><\/p>\n<p>500g<\/p>\n<p>&nbsp;<\/p>\n","protected":false},"excerpt":{"rendered":"<p>Aminopower Bio 75% Vainilla, Sensaci\u00f3n Energ\u00e9tica &#8211; Suplemento de prote\u00ednas vegetales ecol\u00f3gicas. Favorece la masa muscular, la energ\u00eda y la recuperaci\u00f3n, con sabor a vainilla. [&#8230;]<\/p>\n<p><a class=\"btn btn-secondary understrap-read-more-link\" href=\"https:\/\/www.lifenatura.com\/es\/produto\/aminopower-bio-75-vainilla-500-g-sensaciones-energeticas\/\">Leer m\u00e1s&#8230;<span class=\"screen-reader-text\"> from Aminopower Bio 75% Vainilla 500 g &#8211; Energy Feelings<\/span><\/a><\/p>\n","protected":false},"featured_media":116818,"template":"","meta":{"_acf_changed":false},"product_brand":[8563],"product_cat":[7169,7206,7293,7883],"product_tag":[],"class_list":{"0":"post-117517","1":"product","2":"type-product","3":"status-publish","4":"has-post-thumbnail","6":"product_brand-energy-feelings-es","7":"product_cat-aminoacidos-bcaas-nutricion","8":"product_cat-musculos-salud","9":"product_cat-nutricion-deportiva","10":"product_cat-suplementos-alimenticios","12":"first","13":"instock","14":"shipping-taxable","15":"purchasable","16":"product-type-simple","17":"add-to-wishlist-before_image"},"acf":[],"yoast_head":"<!-- This site is optimized with the Yoast SEO Premium plugin v27.1 (Yoast SEO v27.5) - https:\/\/yoast.com\/product\/yoast-seo-premium-wordpress\/ -->\n<title>Aminopower Bio 75% Vainilla 500 g - Energy Feelings - Na Lifenatura ao Melhor Pre\u00e7o | Envio em 48h<\/title>\n<meta name=\"description\" content=\"Aminopower Bio 75% Vainilla, suplemento de prote\u00ednas vegetales ecol\u00f3gicas. Favorece la masa muscular, la energ\u00eda y la recuperaci\u00f3n, con sabor a vainilla.\" \/>\n<meta name=\"robots\" content=\"index, follow, max-snippet:-1, max-image-preview:large, max-video-preview:-1\" \/>\n<link rel=\"canonical\" href=\"https:\/\/www.lifenatura.com\/es\/produto\/aminopower-bio-75-vainilla-500-g-sensaciones-energeticas\/\" \/>\n<meta property=\"og:locale\" content=\"es_ES\" \/>\n<meta property=\"og:type\" content=\"article\" \/>\n<meta property=\"og:title\" content=\"Aminopower Bio 75% Vainilla 500 g - Energy Feelings - Na Lifenatura ao Melhor Pre\u00e7o | Envio 48h\" \/>\n<meta property=\"og:description\" content=\"Compre Aminopower Bio 75% Vainilla 500 g - Energy Feelings com envio r\u00e1pido. Entrega em 48h e portes gr\u00e1tis em compras &gt;35\u20ac. Aproveite j\u00e1 na Lifenatura\" \/>\n<meta property=\"og:url\" content=\"https:\/\/www.lifenatura.com\/es\/produto\/aminopower-bio-75-vainilla-500-g-sensaciones-energeticas\/\" \/>\n<meta property=\"og:site_name\" content=\"Lifenatura\" \/>\n<meta property=\"article:publisher\" content=\"https:\/\/www.facebook.com\/lifenatura\" \/>\n<meta property=\"article:modified_time\" content=\"2025-09-25T06:31:33+00:00\" \/>\n<meta property=\"og:image\" content=\"https:\/\/www.lifenatura.com\/wp-content\/uploads\/2025\/09\/aminopower-baunilha-energy-feelings.jpg\" \/>\n\t<meta property=\"og:image:width\" content=\"1000\" \/>\n\t<meta property=\"og:image:height\" content=\"1000\" \/>\n\t<meta property=\"og:image:type\" content=\"image\/jpeg\" \/>\n<meta name=\"twitter:card\" content=\"summary_large_image\" \/>\n<meta name=\"twitter:label1\" content=\"Precio\" \/>\n\t<meta name=\"twitter:data1\" content=\"26,91&nbsp;&euro;\" \/>\n\t<meta name=\"twitter:label2\" content=\"Disponibilidad\" \/>\n\t<meta name=\"twitter:data2\" content=\"Disponible\" \/>\n<script type=\"application\/ld+json\" class=\"yoast-schema-graph\">{\"@context\":\"https:\\\/\\\/schema.org\",\"@graph\":[{\"@type\":\"WebPage\",\"@id\":\"https:\\\/\\\/www.lifenatura.com\\\/es\\\/produto\\\/aminopower-bio-75-vainilla-500-g-sensaciones-energeticas\\\/\",\"url\":\"https:\\\/\\\/www.lifenatura.com\\\/es\\\/produto\\\/aminopower-bio-75-vainilla-500-g-sensaciones-energeticas\\\/\",\"name\":\"Aminopower Bio 75% Vainilla 500 g - Energy Feelings - Na Lifenatura ao Melhor Pre\u00e7o | Envio em 48h\",\"isPartOf\":{\"@id\":\"https:\\\/\\\/www.lifenatura.com\\\/es\\\/#website\"},\"primaryImageOfPage\":{\"@id\":\"https:\\\/\\\/www.lifenatura.com\\\/es\\\/produto\\\/aminopower-bio-75-vainilla-500-g-sensaciones-energeticas\\\/#primaryimage\"},\"image\":{\"@id\":\"https:\\\/\\\/www.lifenatura.com\\\/es\\\/produto\\\/aminopower-bio-75-vainilla-500-g-sensaciones-energeticas\\\/#primaryimage\"},\"thumbnailUrl\":\"https:\\\/\\\/www.lifenatura.com\\\/wp-content\\\/uploads\\\/2025\\\/09\\\/aminopower-baunilha-energy-feelings.jpg\",\"datePublished\":\"2025-09-12T20:36:30+00:00\",\"dateModified\":\"2025-09-25T06:31:33+00:00\",\"description\":\"Aminopower Bio 75% Vainilla, suplemento de prote\u00ednas vegetales ecol\u00f3gicas. Favorece la masa muscular, la energ\u00eda y la recuperaci\u00f3n, con sabor a vainilla.\",\"breadcrumb\":{\"@id\":\"https:\\\/\\\/www.lifenatura.com\\\/es\\\/produto\\\/aminopower-bio-75-vainilla-500-g-sensaciones-energeticas\\\/#breadcrumb\"},\"inLanguage\":\"es\",\"potentialAction\":[{\"@type\":\"ReadAction\",\"target\":[\"https:\\\/\\\/www.lifenatura.com\\\/es\\\/produto\\\/aminopower-bio-75-vainilla-500-g-sensaciones-energeticas\\\/\"]}]},{\"@type\":\"ImageObject\",\"inLanguage\":\"es\",\"@id\":\"https:\\\/\\\/www.lifenatura.com\\\/es\\\/produto\\\/aminopower-bio-75-vainilla-500-g-sensaciones-energeticas\\\/#primaryimage\",\"url\":\"https:\\\/\\\/www.lifenatura.com\\\/wp-content\\\/uploads\\\/2025\\\/09\\\/aminopower-baunilha-energy-feelings.jpg\",\"contentUrl\":\"https:\\\/\\\/www.lifenatura.com\\\/wp-content\\\/uploads\\\/2025\\\/09\\\/aminopower-baunilha-energy-feelings.jpg\",\"width\":1000,\"height\":1000},{\"@type\":\"BreadcrumbList\",\"@id\":\"https:\\\/\\\/www.lifenatura.com\\\/es\\\/produto\\\/aminopower-bio-75-vainilla-500-g-sensaciones-energeticas\\\/#breadcrumb\",\"itemListElement\":[{\"@type\":\"ListItem\",\"position\":1,\"name\":\"In\u00edcio\",\"item\":\"https:\\\/\\\/www.lifenatura.com\\\/es\\\/\"},{\"@type\":\"ListItem\",\"position\":2,\"name\":\"Todos los Productos\",\"item\":\"https:\\\/\\\/www.lifenatura.com\\\/es\\\/tienda\\\/\"},{\"@type\":\"ListItem\",\"position\":3,\"name\":\"Aminopower Bio 75% Vainilla 500 g &#8211; Energy Feelings\"}]},{\"@type\":\"WebSite\",\"@id\":\"https:\\\/\\\/www.lifenatura.com\\\/es\\\/#website\",\"url\":\"https:\\\/\\\/www.lifenatura.com\\\/es\\\/\",\"name\":\"Lifenatura\",\"description\":\"A Lifenatura \u00e9 uma loja de produtos naturais, cosm\u00e9tica natural e alimenta\u00e7\u00e3o Biol\u00f3gica.\",\"publisher\":{\"@id\":\"https:\\\/\\\/www.lifenatura.com\\\/es\\\/#organization\"},\"potentialAction\":[{\"@type\":\"SearchAction\",\"target\":{\"@type\":\"EntryPoint\",\"urlTemplate\":\"https:\\\/\\\/www.lifenatura.com\\\/es\\\/?s={search_term_string}\"},\"query-input\":{\"@type\":\"PropertyValueSpecification\",\"valueRequired\":true,\"valueName\":\"search_term_string\"}}],\"inLanguage\":\"es\"},{\"@type\":\"Organization\",\"@id\":\"https:\\\/\\\/www.lifenatura.com\\\/es\\\/#organization\",\"name\":\"Lifenatura\",\"url\":\"https:\\\/\\\/www.lifenatura.com\\\/es\\\/\",\"logo\":{\"@type\":\"ImageObject\",\"inLanguage\":\"es\",\"@id\":\"https:\\\/\\\/www.lifenatura.com\\\/es\\\/#\\\/schema\\\/logo\\\/image\\\/\",\"url\":\"https:\\\/\\\/www.lifenatura.com\\\/wp-content\\\/uploads\\\/2021\\\/07\\\/logo.png\",\"contentUrl\":\"https:\\\/\\\/www.lifenatura.com\\\/wp-content\\\/uploads\\\/2021\\\/07\\\/logo.png\",\"width\":175,\"height\":55,\"caption\":\"Lifenatura\"},\"image\":{\"@id\":\"https:\\\/\\\/www.lifenatura.com\\\/es\\\/#\\\/schema\\\/logo\\\/image\\\/\"},\"sameAs\":[\"https:\\\/\\\/www.facebook.com\\\/lifenatura\",\"https:\\\/\\\/www.instagram.com\\\/lifenaturapt\\\/\"],\"hasMerchantReturnPolicy\":{\"@type\":\"MerchantReturnPolicy\",\"merchantReturnLink\":\"https:\\\/\\\/www.lifenatura.com\\\/termos-condicoes-lifenatura\\\/\"}}]}<\/script>\n<meta property=\"product:price:amount\" content=\"26.91\" \/>\n<meta property=\"product:price:currency\" content=\"EUR\" \/>\n<meta property=\"og:availability\" content=\"instock\" \/>\n<meta property=\"product:availability\" content=\"instock\" \/>\n<meta property=\"product:retailer_item_id\" content=\"8436565923164\" \/>\n<meta property=\"product:condition\" content=\"new\" \/>\n<!-- \/ Yoast SEO Premium plugin. -->","yoast_head_json":{"title":"Aminopower Bio 75% Vainilla 500 g - Energy Feelings - Na Lifenatura ao Melhor Pre\u00e7o | Envio em 48h","description":"Aminopower Bio 75% Vainilla, suplemento de prote\u00ednas vegetales ecol\u00f3gicas. Favorece la masa muscular, la energ\u00eda y la recuperaci\u00f3n, con sabor a vainilla.","robots":{"index":"index","follow":"follow","max-snippet":"max-snippet:-1","max-image-preview":"max-image-preview:large","max-video-preview":"max-video-preview:-1"},"canonical":"https:\/\/www.lifenatura.com\/es\/produto\/aminopower-bio-75-vainilla-500-g-sensaciones-energeticas\/","og_locale":"es_ES","og_type":"article","og_title":"Aminopower Bio 75% Vainilla 500 g - Energy Feelings - Na Lifenatura ao Melhor Pre\u00e7o | Envio 48h","og_description":"Compre Aminopower Bio 75% Vainilla 500 g - Energy Feelings com envio r\u00e1pido. Entrega em 48h e portes gr\u00e1tis em compras >35\u20ac. Aproveite j\u00e1 na Lifenatura","og_url":"https:\/\/www.lifenatura.com\/es\/produto\/aminopower-bio-75-vainilla-500-g-sensaciones-energeticas\/","og_site_name":"Lifenatura","article_publisher":"https:\/\/www.facebook.com\/lifenatura","article_modified_time":"2025-09-25T06:31:33+00:00","og_image":[{"width":1000,"height":1000,"url":"https:\/\/www.lifenatura.com\/wp-content\/uploads\/2025\/09\/aminopower-baunilha-energy-feelings.jpg","type":"image\/jpeg"}],"twitter_card":"summary_large_image","twitter_misc":{"Precio":"26,91&nbsp;&euro;","Disponibilidad":"Disponible"},"schema":{"@context":"https:\/\/schema.org","@graph":[{"@type":"WebPage","@id":"https:\/\/www.lifenatura.com\/es\/produto\/aminopower-bio-75-vainilla-500-g-sensaciones-energeticas\/","url":"https:\/\/www.lifenatura.com\/es\/produto\/aminopower-bio-75-vainilla-500-g-sensaciones-energeticas\/","name":"Aminopower Bio 75% Vainilla 500 g - Energy Feelings - Na Lifenatura ao Melhor Pre\u00e7o | Envio em 48h","isPartOf":{"@id":"https:\/\/www.lifenatura.com\/es\/#website"},"primaryImageOfPage":{"@id":"https:\/\/www.lifenatura.com\/es\/produto\/aminopower-bio-75-vainilla-500-g-sensaciones-energeticas\/#primaryimage"},"image":{"@id":"https:\/\/www.lifenatura.com\/es\/produto\/aminopower-bio-75-vainilla-500-g-sensaciones-energeticas\/#primaryimage"},"thumbnailUrl":"https:\/\/www.lifenatura.com\/wp-content\/uploads\/2025\/09\/aminopower-baunilha-energy-feelings.jpg","datePublished":"2025-09-12T20:36:30+00:00","dateModified":"2025-09-25T06:31:33+00:00","description":"Aminopower Bio 75% Vainilla, suplemento de prote\u00ednas vegetales ecol\u00f3gicas. Favorece la masa muscular, la energ\u00eda y la recuperaci\u00f3n, con sabor a vainilla.","breadcrumb":{"@id":"https:\/\/www.lifenatura.com\/es\/produto\/aminopower-bio-75-vainilla-500-g-sensaciones-energeticas\/#breadcrumb"},"inLanguage":"es","potentialAction":[{"@type":"ReadAction","target":["https:\/\/www.lifenatura.com\/es\/produto\/aminopower-bio-75-vainilla-500-g-sensaciones-energeticas\/"]}]},{"@type":"ImageObject","inLanguage":"es","@id":"https:\/\/www.lifenatura.com\/es\/produto\/aminopower-bio-75-vainilla-500-g-sensaciones-energeticas\/#primaryimage","url":"https:\/\/www.lifenatura.com\/wp-content\/uploads\/2025\/09\/aminopower-baunilha-energy-feelings.jpg","contentUrl":"https:\/\/www.lifenatura.com\/wp-content\/uploads\/2025\/09\/aminopower-baunilha-energy-feelings.jpg","width":1000,"height":1000},{"@type":"BreadcrumbList","@id":"https:\/\/www.lifenatura.com\/es\/produto\/aminopower-bio-75-vainilla-500-g-sensaciones-energeticas\/#breadcrumb","itemListElement":[{"@type":"ListItem","position":1,"name":"In\u00edcio","item":"https:\/\/www.lifenatura.com\/es\/"},{"@type":"ListItem","position":2,"name":"Todos los Productos","item":"https:\/\/www.lifenatura.com\/es\/tienda\/"},{"@type":"ListItem","position":3,"name":"Aminopower Bio 75% Vainilla 500 g &#8211; Energy Feelings"}]},{"@type":"WebSite","@id":"https:\/\/www.lifenatura.com\/es\/#website","url":"https:\/\/www.lifenatura.com\/es\/","name":"Lifenatura","description":"A Lifenatura \u00e9 uma loja de produtos naturais, cosm\u00e9tica natural e alimenta\u00e7\u00e3o Biol\u00f3gica.","publisher":{"@id":"https:\/\/www.lifenatura.com\/es\/#organization"},"potentialAction":[{"@type":"SearchAction","target":{"@type":"EntryPoint","urlTemplate":"https:\/\/www.lifenatura.com\/es\/?s={search_term_string}"},"query-input":{"@type":"PropertyValueSpecification","valueRequired":true,"valueName":"search_term_string"}}],"inLanguage":"es"},{"@type":"Organization","@id":"https:\/\/www.lifenatura.com\/es\/#organization","name":"Lifenatura","url":"https:\/\/www.lifenatura.com\/es\/","logo":{"@type":"ImageObject","inLanguage":"es","@id":"https:\/\/www.lifenatura.com\/es\/#\/schema\/logo\/image\/","url":"https:\/\/www.lifenatura.com\/wp-content\/uploads\/2021\/07\/logo.png","contentUrl":"https:\/\/www.lifenatura.com\/wp-content\/uploads\/2021\/07\/logo.png","width":175,"height":55,"caption":"Lifenatura"},"image":{"@id":"https:\/\/www.lifenatura.com\/es\/#\/schema\/logo\/image\/"},"sameAs":["https:\/\/www.facebook.com\/lifenatura","https:\/\/www.instagram.com\/lifenaturapt\/"],"hasMerchantReturnPolicy":{"@type":"MerchantReturnPolicy","merchantReturnLink":"https:\/\/www.lifenatura.com\/termos-condicoes-lifenatura\/"}}]},"product_price_amount":"26.91","product_price_currency":"EUR","og_availability":"instock","product_availability":"instock","product_retailer_item_id":"8436565923164","product_condition":"new"},"df_price":26.91,"df_sale_price":"","df_regular_price":26.91,"df_image_link":"https:\/\/www.lifenatura.com\/wp-content\/uploads\/2025\/09\/aminopower-baunilha-energy-feelings-300x300.jpg","_links":{"self":[{"href":"https:\/\/www.lifenatura.com\/es\/wp-json\/wp\/v2\/product\/117517","targetHints":{"allow":["GET"]}}],"collection":[{"href":"https:\/\/www.lifenatura.com\/es\/wp-json\/wp\/v2\/product"}],"about":[{"href":"https:\/\/www.lifenatura.com\/es\/wp-json\/wp\/v2\/types\/product"}],"wp:featuredmedia":[{"embeddable":true,"href":"https:\/\/www.lifenatura.com\/es\/wp-json\/wp\/v2\/media\/116818"}],"wp:attachment":[{"href":"https:\/\/www.lifenatura.com\/es\/wp-json\/wp\/v2\/media?parent=117517"}],"wp:term":[{"taxonomy":"product_brand","embeddable":true,"href":"https:\/\/www.lifenatura.com\/es\/wp-json\/wp\/v2\/product_brand?post=117517"},{"taxonomy":"product_cat","embeddable":true,"href":"https:\/\/www.lifenatura.com\/es\/wp-json\/wp\/v2\/product_cat?post=117517"},{"taxonomy":"product_tag","embeddable":true,"href":"https:\/\/www.lifenatura.com\/es\/wp-json\/wp\/v2\/product_tag?post=117517"}],"curies":[{"name":"wp","href":"https:\/\/api.w.org\/{rel}","templated":true}]}}