{"id":117514,"date":"2025-09-12T20:35:37","date_gmt":"2025-09-12T20:35:37","guid":{"rendered":"https:\/\/www.lifenatura.com\/produto\/inulina-de-agave-bio-polvo-1kg-energy-feelings\/"},"modified":"2025-09-25T06:38:10","modified_gmt":"2025-09-25T06:38:10","slug":"inulina-de-agave-bio-polvo-1kg-energy-feelings","status":"publish","type":"product","link":"https:\/\/www.lifenatura.com\/es\/produto\/inulina-de-agave-bio-polvo-1kg-energy-feelings\/","title":{"rendered":"Inulina de agave Bio polvo 1kg &#8211; Energy Feelings"},"content":{"rendered":"<h2 style=\"text-align: left;\" data-start=\"173\" data-end=\"226\">Inulina de agave en polvo &#8211; Sensaci\u00f3n de energ\u00eda<\/h2>\n<p>&nbsp;<\/p>\n<p data-start=\"290\" data-end=\"633\"><strong data-start=\"292\" data-end=\"335\">La Inulina de Agave Bio de Energy Feelings<\/strong> es una fibra soluble de origen natural, extra\u00edda del agave azul procedente de la agricultura ecol\u00f3gica certificada. Con su sabor ligeramente dulce y su textura suave, es una excelente alternativa saludable para endulzar bebidas y alimentos, al tiempo que promueve importantes beneficios para la salud intestinal.<\/p>\n<p data-start=\"635\" data-end=\"962\">La inulina se conoce como <strong data-start=\"666\" data-end=\"686\">fibra prebi\u00f3tica<\/strong>, lo que significa que sirve de alimento a las bacterias beneficiosas del intestino, ayudando a equilibrar la flora intestinal y favoreciendo el buen funcionamiento del aparato digestivo. Este equilibrio contribuye no s\u00f3lo a una mejor digesti\u00f3n, sino tambi\u00e9n a reforzar las defensas naturales.<\/p>\n<p data-start=\"964\" data-end=\"1257\">Adem\u00e1s, el consumo regular de inulina se asocia a la <strong data-start=\"1022\" data-end=\"1066\">regulaci\u00f3n de los niveles de az\u00facar en sangre<\/strong> y favorece el control del apetito, ya que promueve una sensaci\u00f3n de saciedad prolongada. Tambi\u00e9n es un aliado en la <strong data-start=\"1182\" data-end=\"1218\">reducci\u00f3n de los niveles de colesterol<\/strong>, favoreciendo la salud cardiovascular.<\/p>\n<p data-start=\"1259\" data-end=\"1518\">Gracias a su versatilidad, <strong data-start=\"1289\" data-end=\"1332\">la Inulina de Agave Ecol\u00f3gica Energy Feelings<\/strong> puede incorporarse f\u00e1cilmente a la vida cotidiana: en batidos, caf\u00e9s, yogures, papillas, postres o recetas de reposter\u00eda sana, aportando dulzor natural y fibra de calidad.<\/p>\n<p data-start=\"1520\" data-end=\"1548\"><strong>Principales ventajas:<\/strong><\/p>\n<ul data-start=\"1549\" data-end=\"1815\">\n<li data-start=\"1549\" data-end=\"1619\">\n<p data-start=\"1551\" data-end=\"1619\">Fuente de <strong data-start=\"1560\" data-end=\"1582\">fibras prebi\u00f3ticas<\/strong> que equilibran la flora intestinal;<\/p>\n<\/li>\n<li data-start=\"1620\" data-end=\"1664\">\n<p data-start=\"1622\" data-end=\"1664\">Favorece <strong data-start=\"1630\" data-end=\"1661\">la digesti\u00f3n y la salud intestinal<\/strong>;<\/p>\n<\/li>\n<li data-start=\"1665\" data-end=\"1719\">\n<p data-start=\"1667\" data-end=\"1719\">Contribuye a <strong data-start=\"1684\" data-end=\"1716\">la saciedad y al control del peso<\/strong>;<\/p>\n<\/li>\n<li data-start=\"1720\" data-end=\"1772\">\n<p data-start=\"1722\" data-end=\"1772\">Ayuda a <strong data-start=\"1731\" data-end=\"1769\">regular la glucemia y el colesterol<\/strong>;<\/p>\n<\/li>\n<li data-start=\"1773\" data-end=\"1815\">\n<p data-start=\"1775\" data-end=\"1815\">Ecol\u00f3gico, vegano y sin gluten.<\/p>\n<\/li>\n<\/ul>\n<p data-start=\"1817\" data-end=\"1834\"><strong>Indicaciones:<\/strong><\/p>\n<p data-start=\"1835\" data-end=\"1899\"><strong data-start=\"1837\" data-end=\"1880\">La Inulina de Agave Bio Energy Feelings<\/strong> est\u00e1 indicada para:<\/p>\n<ul data-start=\"1900\" data-end=\"2148\">\n<li data-start=\"1900\" data-end=\"1951\">\n<p data-start=\"1902\" data-end=\"1951\">Personas que desean mejorar su salud digestiva;<\/p>\n<\/li>\n<li data-start=\"1952\" data-end=\"2003\">\n<p data-start=\"1954\" data-end=\"2003\">Los que buscan una alternativa natural al az\u00facar;<\/p>\n<\/li>\n<li data-start=\"2004\" data-end=\"2071\">\n<p data-start=\"2006\" data-end=\"2071\">Personas que siguen dietas equilibradas, veganas o sin gluten;<\/p>\n<\/li>\n<li data-start=\"2072\" data-end=\"2148\">\n<p data-start=\"2074\" data-end=\"2148\">Personas interesadas en el control del peso o en el apoyo a la salud cardiovascular.<\/p>\n<\/li>\n<\/ul>\n<p><strong>Presentaci\u00f3n:<\/strong><\/p>\n<p>1kg<\/p>\n<p>&nbsp;<\/p>\n","protected":false},"excerpt":{"rendered":"<p>Inulina de agave Bio polvo 1kg Energy Feelings &#8211; Fibra prebi\u00f3tica natural que favorece la digesti\u00f3n, la flora intestinal, la saciedad y el equilibrio del az\u00facar en sangre. [&#8230;]<\/p>\n<p><a class=\"btn btn-secondary understrap-read-more-link\" href=\"https:\/\/www.lifenatura.com\/es\/produto\/inulina-de-agave-bio-polvo-1kg-energy-feelings\/\">Leer m\u00e1s&#8230;<span class=\"screen-reader-text\"> from Inulina de agave Bio polvo 1kg &#8211; Energy Feelings<\/span><\/a><\/p>\n","protected":false},"featured_media":116862,"template":"","meta":{"_acf_changed":false},"product_brand":[8563],"product_cat":[7064,7222,7224,7253,7883],"product_tag":[],"class_list":{"0":"post-117514","1":"product","2":"type-product","3":"status-publish","4":"has-post-thumbnail","6":"product_brand-energy-feelings-es","7":"product_cat-alimentacion-sana","8":"product_cat-colesterol-salud","9":"product_cat-diabetes-salud","10":"product_cat-digestion","11":"product_cat-suplementos-alimenticios","13":"first","14":"instock","15":"shipping-taxable","16":"purchasable","17":"product-type-simple","18":"add-to-wishlist-before_image"},"acf":[],"yoast_head":"<!-- This site is optimized with the Yoast SEO Premium plugin v27.1 (Yoast SEO v27.4) - https:\/\/yoast.com\/product\/yoast-seo-premium-wordpress\/ -->\n<title>Inulina de agave Bio polvo 1kg - Energy Feelings - Lifenatura<\/title>\n<meta name=\"description\" content=\"Inulina de agave Bio polvo 1kg Fibra prebi\u00f3tica natural que favorece la digesti\u00f3n, la flora intestinal, la saciedad y el equilibrio del az\u00facar en sangre.\" \/>\n<meta name=\"robots\" content=\"index, follow, max-snippet:-1, max-image-preview:large, max-video-preview:-1\" \/>\n<link rel=\"canonical\" href=\"https:\/\/www.lifenatura.com\/es\/produto\/inulina-de-agave-bio-polvo-1kg-energy-feelings\/\" \/>\n<meta property=\"og:locale\" content=\"es_ES\" \/>\n<meta property=\"og:type\" content=\"article\" \/>\n<meta property=\"og:title\" content=\"Inulina de agave Bio polvo 1kg - Energy Feelings - Lifenatura\" \/>\n<meta property=\"og:description\" content=\"Compre aqui o seu Inulina de agave Bio polvo 1kg - Energy Feelings e a Lifenatura Online envia em 48 H com Portes Gratis &gt;35\u20ac de Pedido.\" \/>\n<meta property=\"og:url\" content=\"https:\/\/www.lifenatura.com\/es\/produto\/inulina-de-agave-bio-polvo-1kg-energy-feelings\/\" \/>\n<meta property=\"og:site_name\" content=\"Lifenatura\" \/>\n<meta property=\"article:publisher\" content=\"https:\/\/www.facebook.com\/lifenatura\" \/>\n<meta property=\"article:modified_time\" content=\"2025-09-25T06:38:10+00:00\" \/>\n<meta property=\"og:image\" content=\"https:\/\/www.lifenatura.com\/wp-content\/uploads\/2025\/09\/inulina-agave-bio-1kg-energy-feelings.jpg\" \/>\n\t<meta property=\"og:image:width\" content=\"1000\" \/>\n\t<meta property=\"og:image:height\" content=\"1000\" \/>\n\t<meta property=\"og:image:type\" content=\"image\/jpeg\" \/>\n<meta name=\"twitter:card\" content=\"summary_large_image\" \/>\n<meta name=\"twitter:label1\" content=\"Precio\" \/>\n\t<meta name=\"twitter:data1\" content=\"29,12&nbsp;&euro;\" \/>\n\t<meta name=\"twitter:label2\" content=\"Disponibilidad\" \/>\n\t<meta name=\"twitter:data2\" content=\"Disponible\" \/>\n<meta property=\"product:price:amount\" content=\"29.12\" \/>\n<meta property=\"product:price:currency\" content=\"EUR\" \/>\n<meta property=\"og:availability\" content=\"instock\" \/>\n<meta property=\"product:availability\" content=\"instock\" \/>\n<meta property=\"product:retailer_item_id\" content=\"8436565922600\" \/>\n<meta property=\"product:condition\" content=\"new\" \/>\n<!-- \/ Yoast SEO Premium plugin. -->","yoast_head_json":{"title":"Inulina de agave Bio polvo 1kg - Energy Feelings - Lifenatura","description":"Inulina de agave Bio polvo 1kg Fibra prebi\u00f3tica natural que favorece la digesti\u00f3n, la flora intestinal, la saciedad y el equilibrio del az\u00facar en sangre.","robots":{"index":"index","follow":"follow","max-snippet":"max-snippet:-1","max-image-preview":"max-image-preview:large","max-video-preview":"max-video-preview:-1"},"canonical":"https:\/\/www.lifenatura.com\/es\/produto\/inulina-de-agave-bio-polvo-1kg-energy-feelings\/","og_locale":"es_ES","og_type":"article","og_title":"Inulina de agave Bio polvo 1kg - Energy Feelings - Lifenatura","og_description":"Compre aqui o seu Inulina de agave Bio polvo 1kg - Energy Feelings e a Lifenatura Online envia em 48 H com Portes Gratis >35\u20ac de Pedido.","og_url":"https:\/\/www.lifenatura.com\/es\/produto\/inulina-de-agave-bio-polvo-1kg-energy-feelings\/","og_site_name":"Lifenatura","article_publisher":"https:\/\/www.facebook.com\/lifenatura","article_modified_time":"2025-09-25T06:38:10+00:00","og_image":[{"width":1000,"height":1000,"url":"https:\/\/www.lifenatura.com\/wp-content\/uploads\/2025\/09\/inulina-agave-bio-1kg-energy-feelings.jpg","type":"image\/jpeg"}],"twitter_card":"summary_large_image","twitter_misc":{"Precio":"29,12&nbsp;&euro;","Disponibilidad":"Disponible"},"schema":{"@context":"https:\/\/schema.org","@graph":[{"@type":"WebPage","@id":"https:\/\/www.lifenatura.com\/es\/produto\/inulina-de-agave-bio-polvo-1kg-energy-feelings\/","url":"https:\/\/www.lifenatura.com\/es\/produto\/inulina-de-agave-bio-polvo-1kg-energy-feelings\/","name":"Inulina de agave Bio polvo 1kg - Energy Feelings - Lifenatura","isPartOf":{"@id":"https:\/\/www.lifenatura.com\/es\/#website"},"primaryImageOfPage":{"@id":"https:\/\/www.lifenatura.com\/es\/produto\/inulina-de-agave-bio-polvo-1kg-energy-feelings\/#primaryimage"},"image":{"@id":"https:\/\/www.lifenatura.com\/es\/produto\/inulina-de-agave-bio-polvo-1kg-energy-feelings\/#primaryimage"},"thumbnailUrl":"https:\/\/www.lifenatura.com\/wp-content\/uploads\/2025\/09\/inulina-agave-bio-1kg-energy-feelings.jpg","datePublished":"2025-09-12T20:35:37+00:00","dateModified":"2025-09-25T06:38:10+00:00","description":"Inulina de agave Bio polvo 1kg Fibra prebi\u00f3tica natural que favorece la digesti\u00f3n, la flora intestinal, la saciedad y el equilibrio del az\u00facar en sangre.","breadcrumb":{"@id":"https:\/\/www.lifenatura.com\/es\/produto\/inulina-de-agave-bio-polvo-1kg-energy-feelings\/#breadcrumb"},"inLanguage":"es","potentialAction":[{"@type":"ReadAction","target":["https:\/\/www.lifenatura.com\/es\/produto\/inulina-de-agave-bio-polvo-1kg-energy-feelings\/"]}]},{"@type":"ImageObject","inLanguage":"es","@id":"https:\/\/www.lifenatura.com\/es\/produto\/inulina-de-agave-bio-polvo-1kg-energy-feelings\/#primaryimage","url":"https:\/\/www.lifenatura.com\/wp-content\/uploads\/2025\/09\/inulina-agave-bio-1kg-energy-feelings.jpg","contentUrl":"https:\/\/www.lifenatura.com\/wp-content\/uploads\/2025\/09\/inulina-agave-bio-1kg-energy-feelings.jpg","width":1000,"height":1000},{"@type":"BreadcrumbList","@id":"https:\/\/www.lifenatura.com\/es\/produto\/inulina-de-agave-bio-polvo-1kg-energy-feelings\/#breadcrumb","itemListElement":[{"@type":"ListItem","position":1,"name":"In\u00edcio","item":"https:\/\/www.lifenatura.com\/es\/"},{"@type":"ListItem","position":2,"name":"Todos los Productos","item":"https:\/\/www.lifenatura.com\/es\/tienda\/"},{"@type":"ListItem","position":3,"name":"Inulina de agave Bio polvo 1kg &#8211; Energy Feelings"}]},{"@type":"WebSite","@id":"https:\/\/www.lifenatura.com\/es\/#website","url":"https:\/\/www.lifenatura.com\/es\/","name":"Lifenatura","description":"A Lifenatura \u00e9 uma loja de produtos naturais, cosm\u00e9tica natural e alimenta\u00e7\u00e3o Biol\u00f3gica.","publisher":{"@id":"https:\/\/www.lifenatura.com\/es\/#organization"},"potentialAction":[{"@type":"SearchAction","target":{"@type":"EntryPoint","urlTemplate":"https:\/\/www.lifenatura.com\/es\/?s={search_term_string}"},"query-input":{"@type":"PropertyValueSpecification","valueRequired":true,"valueName":"search_term_string"}}],"inLanguage":"es"},{"@type":"Organization","@id":"https:\/\/www.lifenatura.com\/es\/#organization","name":"Lifenatura","url":"https:\/\/www.lifenatura.com\/es\/","logo":{"@type":"ImageObject","inLanguage":"es","@id":"https:\/\/www.lifenatura.com\/es\/#\/schema\/logo\/image\/","url":"https:\/\/www.lifenatura.com\/wp-content\/uploads\/2021\/11\/logo.png","contentUrl":"https:\/\/www.lifenatura.com\/wp-content\/uploads\/2021\/11\/logo.png","width":175,"height":55,"caption":"Lifenatura"},"image":{"@id":"https:\/\/www.lifenatura.com\/es\/#\/schema\/logo\/image\/"},"sameAs":["https:\/\/www.facebook.com\/lifenatura","https:\/\/www.instagram.com\/lifenaturapt\/"]}]},"product_price_amount":"29.12","product_price_currency":"EUR","og_availability":"instock","product_availability":"instock","product_retailer_item_id":"8436565922600","product_condition":"new"},"df_price":29.12,"df_sale_price":"","df_regular_price":29.12,"df_image_link":"https:\/\/www.lifenatura.com\/wp-content\/uploads\/2025\/09\/inulina-agave-bio-1kg-energy-feelings-300x300.jpg","_links":{"self":[{"href":"https:\/\/www.lifenatura.com\/es\/wp-json\/wp\/v2\/product\/117514","targetHints":{"allow":["GET"]}}],"collection":[{"href":"https:\/\/www.lifenatura.com\/es\/wp-json\/wp\/v2\/product"}],"about":[{"href":"https:\/\/www.lifenatura.com\/es\/wp-json\/wp\/v2\/types\/product"}],"wp:featuredmedia":[{"embeddable":true,"href":"https:\/\/www.lifenatura.com\/es\/wp-json\/wp\/v2\/media\/116862"}],"wp:attachment":[{"href":"https:\/\/www.lifenatura.com\/es\/wp-json\/wp\/v2\/media?parent=117514"}],"wp:term":[{"taxonomy":"product_brand","embeddable":true,"href":"https:\/\/www.lifenatura.com\/es\/wp-json\/wp\/v2\/product_brand?post=117514"},{"taxonomy":"product_cat","embeddable":true,"href":"https:\/\/www.lifenatura.com\/es\/wp-json\/wp\/v2\/product_cat?post=117514"},{"taxonomy":"product_tag","embeddable":true,"href":"https:\/\/www.lifenatura.com\/es\/wp-json\/wp\/v2\/product_tag?post=117514"}],"curies":[{"name":"wp","href":"https:\/\/api.w.org\/{rel}","templated":true}]}}