{"id":117513,"date":"2025-09-12T20:37:04","date_gmt":"2025-09-12T20:37:04","guid":{"rendered":"https:\/\/www.lifenatura.com\/produto\/te-verde-matcha-en-polvo-bio-100-g-sensacion-de-energia\/"},"modified":"2025-10-12T18:53:16","modified_gmt":"2025-10-12T18:53:16","slug":"te-verde-matcha-en-polvo-bio-100-g-sensacion-de-energia","status":"publish","type":"product","link":"https:\/\/www.lifenatura.com\/es\/produto\/te-verde-matcha-en-polvo-bio-100-g-sensacion-de-energia\/","title":{"rendered":"T\u00e9 verde matcha en polvo Bio 100 g &#8211; Energy Feelings"},"content":{"rendered":"<h2 style=\"text-align: left;\" data-start=\"181\" data-end=\"232\">T\u00e9 verde matcha en polvo Bio &#8211; <strong data-start=\"295\" data-end=\"338\">Energy Feelings<\/strong><\/h2>\n<p>&nbsp;<\/p>\n<p data-start=\"293\" data-end=\"718\"><strong data-start=\"295\" data-end=\"338\">El T\u00e9 Verde Matcha Bio de Energy Feelings<\/strong> es una de las formas m\u00e1s puras y nobles de t\u00e9 verde, procedente de la agricultura ecol\u00f3gica certificada. Producido a partir de las hojas enteras de <em data-start=\"482\" data-end=\"501\">Camellia sinensis<\/em>, molidas en un polvo muy fino, este t\u00e9 concentra todos los nutrientes y propiedades antioxidantes de la planta, dando como resultado una bebida de sabor intenso y excepcionales beneficios para la salud.<\/p>\n<p data-start=\"720\" data-end=\"1086\">Rico en <strong data-start=\"728\" data-end=\"749\">catequinas (EGCG)<\/strong>, potentes antioxidantes naturales, el Matcha ayuda a proteger las c\u00e9lulas contra el estr\u00e9s oxidativo y favorece el equilibrio metab\u00f3lico. Su combinaci\u00f3n \u00fanica de <strong data-start=\"910\" data-end=\"923\">L-teanina<\/strong> y una cantidad moderada de cafe\u00edna fomenta la energ\u00eda sostenida, la concentraci\u00f3n mental y la sensaci\u00f3n de calma, sin los picos y bajones t\u00edpicos de otras bebidas estimulantes.<\/p>\n<p data-start=\"1088\" data-end=\"1286\">El matcha tambi\u00e9n es una fuente natural de <strong data-start=\"1132\" data-end=\"1167\">vitaminas, minerales y clorofila<\/strong>, que ayudan a desintoxicar el organismo, reforzar el sistema inmunitario y mantener la vitalidad.<\/p>\n<p data-start=\"1288\" data-end=\"1502\">Con <strong data-start=\"1294\" data-end=\"1337\">el T\u00e9 Verde Matcha Bio de Energy Feelings<\/strong>, puedes preparar la bebida tradicional japonesa, pero tambi\u00e9n enriquecer batidos, caf\u00e9s con leche, postres y recetas saludables, disfrutando de un toque gourmet y funcional.<\/p>\n<p data-start=\"1504\" data-end=\"1532\"><strong>Principales ventajas:<\/strong><\/p>\n<ul data-start=\"1533\" data-end=\"1819\">\n<li data-start=\"1533\" data-end=\"1576\">\n<p data-start=\"1535\" data-end=\"1576\">Rica fuente de <strong data-start=\"1549\" data-end=\"1573\">antioxidantes (EGCG<\/strong>);<\/p>\n<\/li>\n<li data-start=\"1577\" data-end=\"1627\">\n<p data-start=\"1579\" data-end=\"1627\">Favorece una energ\u00eda equilibrada y <strong data-start=\"1609\" data-end=\"1624\">la concentraci\u00f3n mental<\/strong>;<\/p>\n<\/li>\n<li data-start=\"1628\" data-end=\"1680\">\n<p data-start=\"1630\" data-end=\"1680\">Favorece la <strong data-start=\"1638\" data-end=\"1664\">desintoxicaci\u00f3n natural<\/strong> del organismo;<\/p>\n<\/li>\n<li data-start=\"1681\" data-end=\"1738\">\n<p data-start=\"1683\" data-end=\"1738\">Contribuye al <strong data-start=\"1700\" data-end=\"1722\">sistema inmunitario<\/strong> y a la vitalidad;<\/p>\n<\/li>\n<li data-start=\"1739\" data-end=\"1776\">\n<p data-start=\"1741\" data-end=\"1776\">Vers\u00e1til para bebidas y recetas;<\/p>\n<\/li>\n<li data-start=\"1777\" data-end=\"1819\">\n<p data-start=\"1779\" data-end=\"1819\">Ecol\u00f3gico, vegano y sin gluten.<\/p>\n<\/li>\n<\/ul>\n<p data-start=\"1821\" data-end=\"1838\"><strong>Indicaciones:<\/strong><\/p>\n<p data-start=\"1839\" data-end=\"1906\"><strong data-start=\"1841\" data-end=\"1887\">El T\u00e9 Verde Matcha en Polvo Bio de Energy Feelings<\/strong> est\u00e1 indicado para:<\/p>\n<ul data-start=\"1907\" data-end=\"2112\">\n<li data-start=\"1907\" data-end=\"1962\">\n<p data-start=\"1909\" data-end=\"1962\">Personas que buscan energ\u00eda natural y concentraci\u00f3n mental;<\/p>\n<\/li>\n<li data-start=\"1963\" data-end=\"2016\">\n<p data-start=\"1965\" data-end=\"2016\">Quienes deseen aumentar su ingesta de antioxidantes;<\/p>\n<\/li>\n<li data-start=\"2017\" data-end=\"2070\">\n<p data-start=\"2019\" data-end=\"2070\">Amantes de los superalimentos y de la tradici\u00f3n japonesa;<\/p>\n<\/li>\n<li data-start=\"2071\" data-end=\"2112\">\n<p data-start=\"2073\" data-end=\"2112\">Dietas sanas, veganas y sin gluten.<\/p>\n<\/li>\n<\/ul>\n<p><strong>Presentaci\u00f3n:<\/strong><\/p>\n<p>100g<\/p>\n<p>&nbsp;<\/p>\n","protected":false},"excerpt":{"rendered":"<p>T\u00e9 Verde Matcha en Polvo Bio, Sensaci\u00f3n Energ\u00e9tica &#8211; Rica fuente de antioxidantes y energ\u00eda. Favorece la concentraci\u00f3n, la vitalidad y la desintoxicaci\u00f3n. Producto ecol\u00f3gico y vegano. [&#8230;]<\/p>\n<p><a class=\"btn btn-secondary understrap-read-more-link\" href=\"https:\/\/www.lifenatura.com\/es\/produto\/te-verde-matcha-en-polvo-bio-100-g-sensacion-de-energia\/\">Leer m\u00e1s&#8230;<span class=\"screen-reader-text\"> from T\u00e9 verde matcha en polvo Bio 100 g &#8211; Energy Feelings<\/span><\/a><\/p>\n","protected":false},"featured_media":116910,"template":"","meta":{"_acf_changed":false},"product_brand":[8563],"product_cat":[7064,7659,7743,7074,7100,7071],"product_tag":[],"class_list":{"0":"post-117513","1":"product","2":"type-product","3":"status-publish","4":"has-post-thumbnail","6":"product_brand-energy-feelings-es","7":"product_cat-alimentacion-sana","8":"product_cat-ingrediente-natural-bio","9":"product_cat-matcha-es","10":"product_cat-productos-alimenticios","11":"product_cat-superalimentos-bio","12":"product_cat-tes-y-infusiones","14":"first","15":"instock","16":"shipping-taxable","17":"purchasable","18":"product-type-simple","19":"add-to-wishlist-before_image"},"acf":[],"yoast_head":"<!-- This site is optimized with the Yoast SEO Premium plugin v27.1 (Yoast SEO v27.3) - https:\/\/yoast.com\/product\/yoast-seo-premium-wordpress\/ -->\n<title>T\u00e9 verde matcha en polvo Bio 100 g - Energy Feelings - Lifenatura<\/title>\n<meta name=\"description\" content=\"T\u00e9 Verde Matcha en Polvo Bio, rica fuente de antioxidantes y energ\u00eda. Favorece la vitalidad y la desintoxicaci\u00f3n. Producto ecol\u00f3gico y vegano.\" \/>\n<meta name=\"robots\" content=\"index, follow, max-snippet:-1, max-image-preview:large, max-video-preview:-1\" \/>\n<link rel=\"canonical\" href=\"https:\/\/www.lifenatura.com\/es\/produto\/te-verde-matcha-en-polvo-bio-100-g-sensacion-de-energia\/\" \/>\n<meta property=\"og:locale\" content=\"es_ES\" \/>\n<meta property=\"og:type\" content=\"article\" \/>\n<meta property=\"og:title\" content=\"T\u00e9 verde matcha en polvo Bio 100 g - Energy Feelings - Lifenatura\" \/>\n<meta property=\"og:description\" content=\"Compre aqui o seu T\u00e9 verde matcha en polvo Bio 100 g - Energy Feelings e a Lifenatura Online envia em 48 H com Portes Gratis &gt;35\u20ac de Pedido.\" \/>\n<meta property=\"og:url\" content=\"https:\/\/www.lifenatura.com\/es\/produto\/te-verde-matcha-en-polvo-bio-100-g-sensacion-de-energia\/\" \/>\n<meta property=\"og:site_name\" content=\"Lifenatura\" \/>\n<meta property=\"article:publisher\" content=\"https:\/\/www.facebook.com\/lifenatura\" \/>\n<meta property=\"article:modified_time\" content=\"2025-10-12T18:53:16+00:00\" \/>\n<meta property=\"og:image\" content=\"https:\/\/www.lifenatura.com\/wp-content\/uploads\/2025\/09\/matcha-cha-verde-100g-energy-feelings.jpg\" \/>\n\t<meta property=\"og:image:width\" content=\"1000\" \/>\n\t<meta property=\"og:image:height\" content=\"1000\" \/>\n\t<meta property=\"og:image:type\" content=\"image\/jpeg\" \/>\n<meta name=\"twitter:card\" content=\"summary_large_image\" \/>\n<meta name=\"twitter:label1\" content=\"Precio\" \/>\n\t<meta name=\"twitter:data1\" content=\"15,88&nbsp;&euro;\" \/>\n\t<meta name=\"twitter:label2\" content=\"Disponibilidad\" \/>\n\t<meta name=\"twitter:data2\" content=\"Disponible\" \/>\n<meta property=\"product:price:amount\" content=\"15.88\" \/>\n<meta property=\"product:price:currency\" content=\"EUR\" \/>\n<meta property=\"og:availability\" content=\"instock\" \/>\n<meta property=\"product:availability\" content=\"instock\" \/>\n<meta property=\"product:retailer_item_id\" content=\"8436565921825\" \/>\n<meta property=\"product:condition\" content=\"new\" \/>\n<!-- \/ Yoast SEO Premium plugin. -->","yoast_head_json":{"title":"T\u00e9 verde matcha en polvo Bio 100 g - Energy Feelings - Lifenatura","description":"T\u00e9 Verde Matcha en Polvo Bio, rica fuente de antioxidantes y energ\u00eda. Favorece la vitalidad y la desintoxicaci\u00f3n. Producto ecol\u00f3gico y vegano.","robots":{"index":"index","follow":"follow","max-snippet":"max-snippet:-1","max-image-preview":"max-image-preview:large","max-video-preview":"max-video-preview:-1"},"canonical":"https:\/\/www.lifenatura.com\/es\/produto\/te-verde-matcha-en-polvo-bio-100-g-sensacion-de-energia\/","og_locale":"es_ES","og_type":"article","og_title":"T\u00e9 verde matcha en polvo Bio 100 g - Energy Feelings - Lifenatura","og_description":"Compre aqui o seu T\u00e9 verde matcha en polvo Bio 100 g - Energy Feelings e a Lifenatura Online envia em 48 H com Portes Gratis >35\u20ac de Pedido.","og_url":"https:\/\/www.lifenatura.com\/es\/produto\/te-verde-matcha-en-polvo-bio-100-g-sensacion-de-energia\/","og_site_name":"Lifenatura","article_publisher":"https:\/\/www.facebook.com\/lifenatura","article_modified_time":"2025-10-12T18:53:16+00:00","og_image":[{"width":1000,"height":1000,"url":"https:\/\/www.lifenatura.com\/wp-content\/uploads\/2025\/09\/matcha-cha-verde-100g-energy-feelings.jpg","type":"image\/jpeg"}],"twitter_card":"summary_large_image","twitter_misc":{"Precio":"15,88&nbsp;&euro;","Disponibilidad":"Disponible"},"schema":{"@context":"https:\/\/schema.org","@graph":[{"@type":"WebPage","@id":"https:\/\/www.lifenatura.com\/es\/produto\/te-verde-matcha-en-polvo-bio-100-g-sensacion-de-energia\/","url":"https:\/\/www.lifenatura.com\/es\/produto\/te-verde-matcha-en-polvo-bio-100-g-sensacion-de-energia\/","name":"T\u00e9 verde matcha en polvo Bio 100 g - Energy Feelings - Lifenatura","isPartOf":{"@id":"https:\/\/www.lifenatura.com\/es\/#website"},"primaryImageOfPage":{"@id":"https:\/\/www.lifenatura.com\/es\/produto\/te-verde-matcha-en-polvo-bio-100-g-sensacion-de-energia\/#primaryimage"},"image":{"@id":"https:\/\/www.lifenatura.com\/es\/produto\/te-verde-matcha-en-polvo-bio-100-g-sensacion-de-energia\/#primaryimage"},"thumbnailUrl":"https:\/\/www.lifenatura.com\/wp-content\/uploads\/2025\/09\/matcha-cha-verde-100g-energy-feelings.jpg","datePublished":"2025-09-12T20:37:04+00:00","dateModified":"2025-10-12T18:53:16+00:00","description":"T\u00e9 Verde Matcha en Polvo Bio, rica fuente de antioxidantes y energ\u00eda. Favorece la vitalidad y la desintoxicaci\u00f3n. Producto ecol\u00f3gico y vegano.","breadcrumb":{"@id":"https:\/\/www.lifenatura.com\/es\/produto\/te-verde-matcha-en-polvo-bio-100-g-sensacion-de-energia\/#breadcrumb"},"inLanguage":"es","potentialAction":[{"@type":"ReadAction","target":["https:\/\/www.lifenatura.com\/es\/produto\/te-verde-matcha-en-polvo-bio-100-g-sensacion-de-energia\/"]}]},{"@type":"ImageObject","inLanguage":"es","@id":"https:\/\/www.lifenatura.com\/es\/produto\/te-verde-matcha-en-polvo-bio-100-g-sensacion-de-energia\/#primaryimage","url":"https:\/\/www.lifenatura.com\/wp-content\/uploads\/2025\/09\/matcha-cha-verde-100g-energy-feelings.jpg","contentUrl":"https:\/\/www.lifenatura.com\/wp-content\/uploads\/2025\/09\/matcha-cha-verde-100g-energy-feelings.jpg","width":1000,"height":1000},{"@type":"BreadcrumbList","@id":"https:\/\/www.lifenatura.com\/es\/produto\/te-verde-matcha-en-polvo-bio-100-g-sensacion-de-energia\/#breadcrumb","itemListElement":[{"@type":"ListItem","position":1,"name":"In\u00edcio","item":"https:\/\/www.lifenatura.com\/es\/"},{"@type":"ListItem","position":2,"name":"Todos los Productos","item":"https:\/\/www.lifenatura.com\/es\/tienda\/"},{"@type":"ListItem","position":3,"name":"T\u00e9 verde matcha en polvo Bio 100 g &#8211; Energy Feelings"}]},{"@type":"WebSite","@id":"https:\/\/www.lifenatura.com\/es\/#website","url":"https:\/\/www.lifenatura.com\/es\/","name":"Lifenatura","description":"A Lifenatura \u00e9 uma loja de produtos naturais, cosm\u00e9tica natural e alimenta\u00e7\u00e3o Biol\u00f3gica.","publisher":{"@id":"https:\/\/www.lifenatura.com\/es\/#organization"},"potentialAction":[{"@type":"SearchAction","target":{"@type":"EntryPoint","urlTemplate":"https:\/\/www.lifenatura.com\/es\/?s={search_term_string}"},"query-input":{"@type":"PropertyValueSpecification","valueRequired":true,"valueName":"search_term_string"}}],"inLanguage":"es"},{"@type":"Organization","@id":"https:\/\/www.lifenatura.com\/es\/#organization","name":"Lifenatura","url":"https:\/\/www.lifenatura.com\/es\/","logo":{"@type":"ImageObject","inLanguage":"es","@id":"https:\/\/www.lifenatura.com\/es\/#\/schema\/logo\/image\/","url":"https:\/\/www.lifenatura.com\/wp-content\/uploads\/2021\/11\/logo.png","contentUrl":"https:\/\/www.lifenatura.com\/wp-content\/uploads\/2021\/11\/logo.png","width":175,"height":55,"caption":"Lifenatura"},"image":{"@id":"https:\/\/www.lifenatura.com\/es\/#\/schema\/logo\/image\/"},"sameAs":["https:\/\/www.facebook.com\/lifenatura","https:\/\/www.instagram.com\/lifenaturapt\/"]}]},"product_price_amount":"15.88","product_price_currency":"EUR","og_availability":"instock","product_availability":"instock","product_retailer_item_id":"8436565921825","product_condition":"new"},"df_price":15.88,"df_sale_price":"","df_regular_price":15.88,"df_image_link":"https:\/\/www.lifenatura.com\/wp-content\/uploads\/2025\/09\/matcha-cha-verde-100g-energy-feelings-300x300.jpg","_links":{"self":[{"href":"https:\/\/www.lifenatura.com\/es\/wp-json\/wp\/v2\/product\/117513","targetHints":{"allow":["GET"]}}],"collection":[{"href":"https:\/\/www.lifenatura.com\/es\/wp-json\/wp\/v2\/product"}],"about":[{"href":"https:\/\/www.lifenatura.com\/es\/wp-json\/wp\/v2\/types\/product"}],"wp:featuredmedia":[{"embeddable":true,"href":"https:\/\/www.lifenatura.com\/es\/wp-json\/wp\/v2\/media\/116910"}],"wp:attachment":[{"href":"https:\/\/www.lifenatura.com\/es\/wp-json\/wp\/v2\/media?parent=117513"}],"wp:term":[{"taxonomy":"product_brand","embeddable":true,"href":"https:\/\/www.lifenatura.com\/es\/wp-json\/wp\/v2\/product_brand?post=117513"},{"taxonomy":"product_cat","embeddable":true,"href":"https:\/\/www.lifenatura.com\/es\/wp-json\/wp\/v2\/product_cat?post=117513"},{"taxonomy":"product_tag","embeddable":true,"href":"https:\/\/www.lifenatura.com\/es\/wp-json\/wp\/v2\/product_tag?post=117513"}],"curies":[{"name":"wp","href":"https:\/\/api.w.org\/{rel}","templated":true}]}}