{"id":117512,"date":"2025-09-12T20:37:07","date_gmt":"2025-09-12T20:37:07","guid":{"rendered":"https:\/\/www.lifenatura.com\/produto\/te-verde-matcha-en-polvo-bio-200-g-sensacion-de-energia\/"},"modified":"2025-09-24T05:57:26","modified_gmt":"2025-09-24T05:57:26","slug":"te-verde-matcha-en-polvo-bio-200-g-sensacion-de-energia","status":"publish","type":"product","link":"https:\/\/www.lifenatura.com\/es\/produto\/te-verde-matcha-en-polvo-bio-200-g-sensacion-de-energia\/","title":{"rendered":"T\u00e9 verde matcha en polvo Bio 200 g &#8211; Energy Feelings"},"content":{"rendered":"<div class=\"relative basis-auto flex-col -mb-(--composer-overlap-px) [--composer-overlap-px:28px] grow flex overflow-hidden\">\n<div class=\"relative h-full\">\n<div class=\"flex h-full flex-col overflow-y-auto thread-xl:pt-(--header-height) [scrollbar-gutter:stable_both-edges]\">\n<div class=\"flex flex-col text-sm thread-xl:pt-header-height pb-25\">\n<article class=\"text-token-text-primary w-full focus:outline-none scroll-mt-[calc(var(--header-height)+min(200px,max(70px,20svh)))]\" dir=\"auto\" tabindex=\"-1\" data-turn-id=\"df039938-a089-443c-b61a-589e0b8ce5ed\" data-testid=\"conversation-turn-284\" data-scroll-anchor=\"true\" data-turn=\"assistant\">\n<div class=\"text-base my-auto mx-auto pb-10 [--thread-content-margin:--spacing(4)] thread-sm:[--thread-content-margin:--spacing(6)] thread-lg:[--thread-content-margin:--spacing(16)] px-(--thread-content-margin)\">\n<div class=\"[--thread-content-max-width:40rem] thread-lg:[--thread-content-max-width:48rem] mx-auto max-w-(--thread-content-max-width) flex-1 group\/turn-messages focus-visible:outline-hidden relative flex w-full min-w-0 flex-col agent-turn\" tabindex=\"-1\">\n<div class=\"flex max-w-full flex-col grow\">\n<div class=\"min-h-8 text-message relative flex w-full flex-col items-end gap-2 text-start break-words whitespace-normal [.text-message+&amp;]:mt-5\" dir=\"auto\" data-message-author-role=\"assistant\" data-message-id=\"df039938-a089-443c-b61a-589e0b8ce5ed\" data-message-model-slug=\"gpt-5\">\n<div class=\"flex w-full flex-col gap-1 empty:hidden first:pt-[3px]\">\n<div class=\"markdown prose dark:prose-invert w-full break-words light markdown-new-styling\">\n<h2 style=\"text-align: left;\" data-start=\"174\" data-end=\"225\">T\u00e9 verde matcha en polvo Bio &#8211; Energy Feelings<\/h2>\n<p>&nbsp;<\/p>\n<p data-start=\"279\" data-end=\"716\"><strong data-start=\"281\" data-end=\"327\">El T\u00e9 Verde Matcha en Polvo Ecol\u00f3gico de Energy Feelings<\/strong> es un superalimento de primera calidad procedente de la agricultura ecol\u00f3gica certificada, elaborado con las hojas j\u00f3venes de la planta <em data-start=\"453\" data-end=\"472\">Camellia sinensis<\/em>, recolectadas y molidas hasta obtener un polvo ultrafino. Este m\u00e9todo tradicional japon\u00e9s conserva todas sus propiedades nutritivas, ofreciendo un t\u00e9 de sabor intenso y color verde vibrante, rico en nutrientes y antioxidantes.<\/p>\n<p data-start=\"718\" data-end=\"1129\">El matcha es una fuente excepcional de <strong data-start=\"753\" data-end=\"774\">catequinas (EGCG)<\/strong>, antioxidantes naturales que ayudan a combatir los radicales libres, favorecen la salud cardiovascular y protegen las c\u00e9lulas contra el envejecimiento prematuro. Tambi\u00e9n contiene una combinaci\u00f3n \u00fanica de <strong data-start=\"969\" data-end=\"982\">L-teanina<\/strong> y cafe\u00edna natural, que favorece la energ\u00eda sostenida, la concentraci\u00f3n mental y la sensaci\u00f3n de calma, sin los indeseados efectos de nerviosismo asociados al caf\u00e9.<\/p>\n<p data-start=\"1131\" data-end=\"1466\">Rico en <strong data-start=\"1139\" data-end=\"1176\">vitaminas A, C, E, K y del complejo B<\/strong>, as\u00ed como en minerales como magnesio, hierro, potasio y calcio, el matcha contribuye a la vitalidad, reforzando el sistema inmunitario y equilibrando el metabolismo. La presencia de clorofila tambi\u00e9n le confiere propiedades desintoxicantes, ayudando al organismo a eliminar toxinas de forma natural.<\/p>\n<p data-start=\"1468\" data-end=\"1671\">La versi\u00f3n <strong data-start=\"1480\" data-end=\"1488\">de 200 g<\/strong> es pr\u00e1ctica y econ\u00f3mica, ideal para el consumo diario, ya sea preparando la bebida tradicional japonesa, batidos, caf\u00e9s con leche, postres, tortitas u otras recetas funcionales.<\/p>\n<p data-start=\"1673\" data-end=\"1701\"><strong>Principales ventajas:<\/strong><\/p>\n<ul data-start=\"1702\" data-end=\"2009\">\n<li data-start=\"1702\" data-end=\"1752\">\n<p data-start=\"1704\" data-end=\"1752\">Fuente concentrada de <strong data-start=\"1725\" data-end=\"1749\">antioxidantes (EGCG)<\/strong>;<\/p>\n<\/li>\n<li data-start=\"1753\" data-end=\"1806\">\n<p data-start=\"1755\" data-end=\"1806\">Favorece <strong data-start=\"1763\" data-end=\"1803\">una energ\u00eda equilibrada y la claridad mental<\/strong>;<\/p>\n<\/li>\n<li data-start=\"1807\" data-end=\"1868\">\n<p data-start=\"1809\" data-end=\"1868\">Contribuye a la <strong data-start=\"1826\" data-end=\"1852\">desintoxicaci\u00f3n natural<\/strong> del organismo;<\/p>\n<\/li>\n<li data-start=\"1869\" data-end=\"1918\">\n<p data-start=\"1871\" data-end=\"1918\">Favorece <strong data-start=\"1879\" data-end=\"1915\">la salud cardiovascular y la inmunidad<\/strong>;<\/p>\n<\/li>\n<li data-start=\"1919\" data-end=\"1974\">\n<p data-start=\"1921\" data-end=\"1974\">Producto vers\u00e1til para bebidas y recetas saludables;<\/p>\n<\/li>\n<li data-start=\"1975\" data-end=\"2009\">\n<p data-start=\"1977\" data-end=\"2009\">Ecol\u00f3gico, vegano y sin gluten.<\/p>\n<\/li>\n<\/ul>\n<p data-start=\"2011\" data-end=\"2028\"><strong>Indicaciones:<\/strong><\/p>\n<p data-start=\"2029\" data-end=\"2096\"><strong data-start=\"2031\" data-end=\"2077\">El T\u00e9 Verde Matcha en Polvo Bio de Energy Feelings<\/strong> est\u00e1 indicado para:<\/p>\n<ul data-start=\"2097\" data-end=\"2300\">\n<li data-start=\"2097\" data-end=\"2137\">\n<p data-start=\"2099\" data-end=\"2137\">Los que buscan energ\u00eda y concentraci\u00f3n natural;<\/p>\n<\/li>\n<li data-start=\"2138\" data-end=\"2199\">\n<p data-start=\"2140\" data-end=\"2199\">Personas que desean aumentar su ingesta de antioxidantes;<\/p>\n<\/li>\n<li data-start=\"2200\" data-end=\"2255\">\n<p data-start=\"2202\" data-end=\"2255\">Adeptos de un estilo de vida sano y consciente;<\/p>\n<\/li>\n<li data-start=\"2256\" data-end=\"2300\">\n<p data-start=\"2258\" data-end=\"2300\">Dietas vegana, vegetariana y sin gluten.<\/p>\n<\/li>\n<\/ul>\n<p><strong>Presentaci\u00f3n:<\/strong><\/p>\n<p>200g<\/p>\n<p>&nbsp;<\/p>\n<\/div>\n<\/div>\n<\/div>\n<\/div>\n<\/div>\n<\/div>\n<\/article>\n<\/div>\n<\/div>\n<\/div>\n<\/div>\n","protected":false},"excerpt":{"rendered":"<p>T\u00e9 Verde Matcha en Polvo Bio, Sensaci\u00f3n Energ\u00e9tica &#8211; Superalimento antioxidante que favorece la energ\u00eda equilibrada, la concentraci\u00f3n y la desintoxicaci\u00f3n. Ecol\u00f3gico, vegano y sin gluten. [&#8230;]<\/p>\n<p><a class=\"btn btn-secondary understrap-read-more-link\" href=\"https:\/\/www.lifenatura.com\/es\/produto\/te-verde-matcha-en-polvo-bio-200-g-sensacion-de-energia\/\">Leer m\u00e1s&#8230;<span class=\"screen-reader-text\"> from T\u00e9 verde matcha en polvo Bio 200 g &#8211; Energy Feelings<\/span><\/a><\/p>\n","protected":false},"featured_media":116912,"template":"","meta":{"_acf_changed":false},"product_brand":[8563],"product_cat":[7064,7659,7743,7074,7100,7159],"product_tag":[],"class_list":{"0":"post-117512","1":"product","2":"type-product","3":"status-publish","4":"has-post-thumbnail","6":"product_brand-energy-feelings-es","7":"product_cat-alimentacion-sana","8":"product_cat-ingrediente-natural-bio","9":"product_cat-matcha-es","10":"product_cat-productos-alimenticios","11":"product_cat-superalimentos-bio","12":"product_cat-te-verde","14":"first","15":"instock","16":"shipping-taxable","17":"purchasable","18":"product-type-simple","19":"add-to-wishlist-before_image"},"acf":[],"yoast_head":"<!-- This site is optimized with the Yoast SEO Premium plugin v27.1 (Yoast SEO v27.3) - https:\/\/yoast.com\/product\/yoast-seo-premium-wordpress\/ -->\n<title>T\u00e9 verde matcha en polvo Bio 200 g - Energy Feelings - Lifenatura<\/title>\n<meta name=\"description\" content=\"T\u00e9 Verde Matcha en Polvo Bio, antioxidante que favorece la energ\u00eda equilibrada, la concentraci\u00f3n y la desintoxicaci\u00f3n. Ecol\u00f3gico, vegano y sin gluten.\" \/>\n<meta name=\"robots\" content=\"index, follow, max-snippet:-1, max-image-preview:large, max-video-preview:-1\" \/>\n<link rel=\"canonical\" href=\"https:\/\/www.lifenatura.com\/es\/produto\/te-verde-matcha-en-polvo-bio-200-g-sensacion-de-energia\/\" \/>\n<meta property=\"og:locale\" content=\"es_ES\" \/>\n<meta property=\"og:type\" content=\"article\" \/>\n<meta property=\"og:title\" content=\"T\u00e9 verde matcha en polvo Bio 200 g - Energy Feelings - Lifenatura\" \/>\n<meta property=\"og:description\" content=\"Compre aqui o seu T\u00e9 verde matcha en polvo Bio 200 g - Energy Feelings e a Lifenatura Online envia em 48 H com Portes Gratis &gt;35\u20ac de Pedido.\" \/>\n<meta property=\"og:url\" content=\"https:\/\/www.lifenatura.com\/es\/produto\/te-verde-matcha-en-polvo-bio-200-g-sensacion-de-energia\/\" \/>\n<meta property=\"og:site_name\" content=\"Lifenatura\" \/>\n<meta property=\"article:publisher\" content=\"https:\/\/www.facebook.com\/lifenatura\" \/>\n<meta property=\"article:modified_time\" content=\"2025-09-24T05:57:26+00:00\" \/>\n<meta property=\"og:image\" content=\"https:\/\/www.lifenatura.com\/wp-content\/uploads\/2025\/09\/matcha-cha-verde-200g-energy-feelings.jpg\" \/>\n\t<meta property=\"og:image:width\" content=\"1000\" \/>\n\t<meta property=\"og:image:height\" content=\"1000\" \/>\n\t<meta property=\"og:image:type\" content=\"image\/jpeg\" \/>\n<meta name=\"twitter:card\" content=\"summary_large_image\" \/>\n<meta name=\"twitter:label1\" content=\"Precio\" \/>\n\t<meta name=\"twitter:data1\" content=\"30,45&nbsp;&euro;\" \/>\n\t<meta name=\"twitter:label2\" content=\"Disponibilidad\" \/>\n\t<meta name=\"twitter:data2\" content=\"Disponible\" \/>\n<meta property=\"product:price:amount\" content=\"30.45\" \/>\n<meta property=\"product:price:currency\" content=\"EUR\" \/>\n<meta property=\"og:availability\" content=\"instock\" \/>\n<meta property=\"product:availability\" content=\"instock\" \/>\n<meta property=\"product:retailer_item_id\" content=\"8436565923690\" \/>\n<meta property=\"product:condition\" content=\"new\" \/>\n<!-- \/ Yoast SEO Premium plugin. -->","yoast_head_json":{"title":"T\u00e9 verde matcha en polvo Bio 200 g - Energy Feelings - Lifenatura","description":"T\u00e9 Verde Matcha en Polvo Bio, antioxidante que favorece la energ\u00eda equilibrada, la concentraci\u00f3n y la desintoxicaci\u00f3n. Ecol\u00f3gico, vegano y sin gluten.","robots":{"index":"index","follow":"follow","max-snippet":"max-snippet:-1","max-image-preview":"max-image-preview:large","max-video-preview":"max-video-preview:-1"},"canonical":"https:\/\/www.lifenatura.com\/es\/produto\/te-verde-matcha-en-polvo-bio-200-g-sensacion-de-energia\/","og_locale":"es_ES","og_type":"article","og_title":"T\u00e9 verde matcha en polvo Bio 200 g - Energy Feelings - Lifenatura","og_description":"Compre aqui o seu T\u00e9 verde matcha en polvo Bio 200 g - Energy Feelings e a Lifenatura Online envia em 48 H com Portes Gratis >35\u20ac de Pedido.","og_url":"https:\/\/www.lifenatura.com\/es\/produto\/te-verde-matcha-en-polvo-bio-200-g-sensacion-de-energia\/","og_site_name":"Lifenatura","article_publisher":"https:\/\/www.facebook.com\/lifenatura","article_modified_time":"2025-09-24T05:57:26+00:00","og_image":[{"width":1000,"height":1000,"url":"https:\/\/www.lifenatura.com\/wp-content\/uploads\/2025\/09\/matcha-cha-verde-200g-energy-feelings.jpg","type":"image\/jpeg"}],"twitter_card":"summary_large_image","twitter_misc":{"Precio":"30,45&nbsp;&euro;","Disponibilidad":"Disponible"},"schema":{"@context":"https:\/\/schema.org","@graph":[{"@type":"WebPage","@id":"https:\/\/www.lifenatura.com\/es\/produto\/te-verde-matcha-en-polvo-bio-200-g-sensacion-de-energia\/","url":"https:\/\/www.lifenatura.com\/es\/produto\/te-verde-matcha-en-polvo-bio-200-g-sensacion-de-energia\/","name":"T\u00e9 verde matcha en polvo Bio 200 g - Energy Feelings - Lifenatura","isPartOf":{"@id":"https:\/\/www.lifenatura.com\/es\/#website"},"primaryImageOfPage":{"@id":"https:\/\/www.lifenatura.com\/es\/produto\/te-verde-matcha-en-polvo-bio-200-g-sensacion-de-energia\/#primaryimage"},"image":{"@id":"https:\/\/www.lifenatura.com\/es\/produto\/te-verde-matcha-en-polvo-bio-200-g-sensacion-de-energia\/#primaryimage"},"thumbnailUrl":"https:\/\/www.lifenatura.com\/wp-content\/uploads\/2025\/09\/matcha-cha-verde-200g-energy-feelings.jpg","datePublished":"2025-09-12T20:37:07+00:00","dateModified":"2025-09-24T05:57:26+00:00","description":"T\u00e9 Verde Matcha en Polvo Bio, antioxidante que favorece la energ\u00eda equilibrada, la concentraci\u00f3n y la desintoxicaci\u00f3n. Ecol\u00f3gico, vegano y sin gluten.","breadcrumb":{"@id":"https:\/\/www.lifenatura.com\/es\/produto\/te-verde-matcha-en-polvo-bio-200-g-sensacion-de-energia\/#breadcrumb"},"inLanguage":"es","potentialAction":[{"@type":"ReadAction","target":["https:\/\/www.lifenatura.com\/es\/produto\/te-verde-matcha-en-polvo-bio-200-g-sensacion-de-energia\/"]}]},{"@type":"ImageObject","inLanguage":"es","@id":"https:\/\/www.lifenatura.com\/es\/produto\/te-verde-matcha-en-polvo-bio-200-g-sensacion-de-energia\/#primaryimage","url":"https:\/\/www.lifenatura.com\/wp-content\/uploads\/2025\/09\/matcha-cha-verde-200g-energy-feelings.jpg","contentUrl":"https:\/\/www.lifenatura.com\/wp-content\/uploads\/2025\/09\/matcha-cha-verde-200g-energy-feelings.jpg","width":1000,"height":1000},{"@type":"BreadcrumbList","@id":"https:\/\/www.lifenatura.com\/es\/produto\/te-verde-matcha-en-polvo-bio-200-g-sensacion-de-energia\/#breadcrumb","itemListElement":[{"@type":"ListItem","position":1,"name":"In\u00edcio","item":"https:\/\/www.lifenatura.com\/es\/"},{"@type":"ListItem","position":2,"name":"Todos los Productos","item":"https:\/\/www.lifenatura.com\/es\/tienda\/"},{"@type":"ListItem","position":3,"name":"T\u00e9 verde matcha en polvo Bio 200 g &#8211; Energy Feelings"}]},{"@type":"WebSite","@id":"https:\/\/www.lifenatura.com\/es\/#website","url":"https:\/\/www.lifenatura.com\/es\/","name":"Lifenatura","description":"A Lifenatura \u00e9 uma loja de produtos naturais, cosm\u00e9tica natural e alimenta\u00e7\u00e3o Biol\u00f3gica.","publisher":{"@id":"https:\/\/www.lifenatura.com\/es\/#organization"},"potentialAction":[{"@type":"SearchAction","target":{"@type":"EntryPoint","urlTemplate":"https:\/\/www.lifenatura.com\/es\/?s={search_term_string}"},"query-input":{"@type":"PropertyValueSpecification","valueRequired":true,"valueName":"search_term_string"}}],"inLanguage":"es"},{"@type":"Organization","@id":"https:\/\/www.lifenatura.com\/es\/#organization","name":"Lifenatura","url":"https:\/\/www.lifenatura.com\/es\/","logo":{"@type":"ImageObject","inLanguage":"es","@id":"https:\/\/www.lifenatura.com\/es\/#\/schema\/logo\/image\/","url":"https:\/\/www.lifenatura.com\/wp-content\/uploads\/2021\/11\/logo.png","contentUrl":"https:\/\/www.lifenatura.com\/wp-content\/uploads\/2021\/11\/logo.png","width":175,"height":55,"caption":"Lifenatura"},"image":{"@id":"https:\/\/www.lifenatura.com\/es\/#\/schema\/logo\/image\/"},"sameAs":["https:\/\/www.facebook.com\/lifenatura","https:\/\/www.instagram.com\/lifenaturapt\/"]}]},"product_price_amount":"30.45","product_price_currency":"EUR","og_availability":"instock","product_availability":"instock","product_retailer_item_id":"8436565923690","product_condition":"new"},"df_price":30.45,"df_sale_price":"","df_regular_price":30.45,"df_image_link":"https:\/\/www.lifenatura.com\/wp-content\/uploads\/2025\/09\/matcha-cha-verde-200g-energy-feelings-300x300.jpg","_links":{"self":[{"href":"https:\/\/www.lifenatura.com\/es\/wp-json\/wp\/v2\/product\/117512","targetHints":{"allow":["GET"]}}],"collection":[{"href":"https:\/\/www.lifenatura.com\/es\/wp-json\/wp\/v2\/product"}],"about":[{"href":"https:\/\/www.lifenatura.com\/es\/wp-json\/wp\/v2\/types\/product"}],"wp:featuredmedia":[{"embeddable":true,"href":"https:\/\/www.lifenatura.com\/es\/wp-json\/wp\/v2\/media\/116912"}],"wp:attachment":[{"href":"https:\/\/www.lifenatura.com\/es\/wp-json\/wp\/v2\/media?parent=117512"}],"wp:term":[{"taxonomy":"product_brand","embeddable":true,"href":"https:\/\/www.lifenatura.com\/es\/wp-json\/wp\/v2\/product_brand?post=117512"},{"taxonomy":"product_cat","embeddable":true,"href":"https:\/\/www.lifenatura.com\/es\/wp-json\/wp\/v2\/product_cat?post=117512"},{"taxonomy":"product_tag","embeddable":true,"href":"https:\/\/www.lifenatura.com\/es\/wp-json\/wp\/v2\/product_tag?post=117512"}],"curies":[{"name":"wp","href":"https:\/\/api.w.org\/{rel}","templated":true}]}}