{"id":117511,"date":"2025-09-12T20:37:10","date_gmt":"2025-09-12T20:37:10","guid":{"rendered":"https:\/\/www.lifenatura.com\/produto\/harina-de-trigo-sarraceno-1kg-energy-feelings\/"},"modified":"2025-09-23T20:09:44","modified_gmt":"2025-09-23T20:09:44","slug":"harina-de-trigo-sarraceno-1kg-energy-feelings","status":"publish","type":"product","link":"https:\/\/www.lifenatura.com\/es\/produto\/harina-de-trigo-sarraceno-1kg-energy-feelings\/","title":{"rendered":"Harina de trigo sarraceno 1kg &#8211; Energy Feelings"},"content":{"rendered":"<h2 style=\"text-align: left;\" data-start=\"176\" data-end=\"233\">Harina de Alforf\u00f3n Ecol\u00f3gica &#8211; Sensaci\u00f3n de Energ\u00eda<\/h2>\n<p>&nbsp;<\/p>\n<p data-start=\"290\" data-end=\"619\"><strong data-start=\"292\" data-end=\"345\">La Harina de Alforf\u00f3n Ecol\u00f3gica Energy Feelings<\/strong> es una opci\u00f3n sana y nutritiva para sustituir a las harinas refinadas en la vida cotidiana. A pesar de su nombre, el trigo sarraceno no es un cereal, sino un pseudocereal naturalmente <strong data-start=\"520\" data-end=\"540\">sin gluten<\/strong>, por lo que es ideal para las personas con intolerancia o sensibilidad al gluten.<\/p>\n<p data-start=\"621\" data-end=\"961\">Rico en <strong data-start=\"629\" data-end=\"670\">prote\u00ednas vegetales de alta calidad<\/strong>, contiene todos los amino\u00e1cidos esenciales, incluida la lisina, poco frecuente en otros cereales y pseudocereales. Tambi\u00e9n es una excelente fuente de <strong data-start=\"804\" data-end=\"867\">fibra, hierro, magnesio, manganeso y vitaminas del grupo B<\/strong>, nutrientes que favorecen la energ\u00eda, la vitalidad y el funcionamiento normal del sistema nervioso.<\/p>\n<p data-start=\"963\" data-end=\"1225\">Gracias a su contenido en <strong data-start=\"985\" data-end=\"1002\">antioxidantes<\/strong>, como la rutina, el trigo sarraceno ayuda a proteger las c\u00e9lulas contra el estr\u00e9s oxidativo y favorece la salud cardiovascular, contribuyendo a una circulaci\u00f3n sangu\u00ednea sana y manteniendo una presi\u00f3n arterial normal.<\/p>\n<p data-start=\"1227\" data-end=\"1492\">Con su sabor ligeramente dulce y terroso, <strong data-start=\"1272\" data-end=\"1325\">la Harina de Alforf\u00f3n Ecol\u00f3gica de Energy Feelings<\/strong> es muy vers\u00e1til en la cocina. Se puede utilizar en panes, tortitas, galletas, pasteles o crepes, ofreciendo textura, sabor y valor nutritivo adicionales a tus recetas.<\/p>\n<p data-start=\"1494\" data-end=\"1522\"><strong>Principales ventajas:<\/strong><\/p>\n<ul data-start=\"1523\" data-end=\"1784\">\n<li data-start=\"1523\" data-end=\"1555\">\n<p data-start=\"1525\" data-end=\"1555\">Naturalmente <strong data-start=\"1538\" data-end=\"1552\">sin gluten<\/strong>;<\/p>\n<\/li>\n<li data-start=\"1556\" data-end=\"1598\">\n<p data-start=\"1558\" data-end=\"1598\">Rico en <strong data-start=\"1566\" data-end=\"1595\">prote\u00ednas vegetales completas<\/strong>;<\/p>\n<\/li>\n<li data-start=\"1599\" data-end=\"1645\">\n<p data-start=\"1601\" data-end=\"1645\">Fuente de <strong data-start=\"1610\" data-end=\"1642\">fibra, minerales y vitaminas<\/strong>;<\/p>\n<\/li>\n<li data-start=\"1646\" data-end=\"1692\">\n<p data-start=\"1648\" data-end=\"1692\">Contribuye a la <strong data-start=\"1665\" data-end=\"1689\">salud cardiovascular<\/strong>;<\/p>\n<\/li>\n<li data-start=\"1693\" data-end=\"1739\">\n<p data-start=\"1695\" data-end=\"1739\">Ayuda a mantener la <strong data-start=\"1712\" data-end=\"1736\">energ\u00eda y la vitalidad<\/strong>;<\/p>\n<\/li>\n<li data-start=\"1740\" data-end=\"1784\">\n<p data-start=\"1742\" data-end=\"1784\">Ecol\u00f3gico, vegano y sin aditivos.<\/p>\n<\/li>\n<\/ul>\n<p data-start=\"1786\" data-end=\"1803\"><strong>Indicaciones:<\/strong><\/p>\n<p data-start=\"1804\" data-end=\"1878\"><strong data-start=\"1806\" data-end=\"1859\">La Harina de Alforf\u00f3n Ecol\u00f3gica Energy Feelings<\/strong> es adecuada para:<\/p>\n<ul data-start=\"1879\" data-end=\"2089\">\n<li data-start=\"1879\" data-end=\"1935\">\n<p data-start=\"1881\" data-end=\"1935\">Personas con intolerancia o sensibilidad al gluten;<\/p>\n<\/li>\n<li data-start=\"1936\" data-end=\"1995\">\n<p data-start=\"1938\" data-end=\"1995\">Quienes deseen aumentar su ingesta de prote\u00ednas y fibra;<\/p>\n<\/li>\n<li data-start=\"1996\" data-end=\"2040\">\n<p data-start=\"1998\" data-end=\"2040\">Dietas vegana, vegetariana y sin gluten;<\/p>\n<\/li>\n<li data-start=\"2041\" data-end=\"2089\">\n<p data-start=\"2043\" data-end=\"2089\">Amantes de la alimentaci\u00f3n sana y funcional.<\/p>\n<\/li>\n<\/ul>\n<p><strong>Presentaci\u00f3n:<\/strong><\/p>\n<p>1kg<\/p>\n<p>&nbsp;<\/p>\n","protected":false},"excerpt":{"rendered":"<p>Harina de Alforf\u00f3n Bio 1Kg Energy Feelings &#8211; Sin gluten, rica en prote\u00ednas, fibra y minerales. Ideal para recetas nutritivas y dietas sanas. [&#8230;]<\/p>\n<p><a class=\"btn btn-secondary understrap-read-more-link\" href=\"https:\/\/www.lifenatura.com\/es\/produto\/harina-de-trigo-sarraceno-1kg-energy-feelings\/\">Leer m\u00e1s&#8230;<span class=\"screen-reader-text\"> from Harina de trigo sarraceno 1kg &#8211; Energy Feelings<\/span><\/a><\/p>\n","protected":false},"featured_media":116988,"template":"","meta":{"_acf_changed":false},"product_brand":[8563],"product_cat":[7064,7084,7074],"product_tag":[],"class_list":{"0":"post-117511","1":"product","2":"type-product","3":"status-publish","4":"has-post-thumbnail","6":"product_brand-energy-feelings-es","7":"product_cat-alimentacion-sana","8":"product_cat-harinas","9":"product_cat-productos-alimenticios","11":"first","12":"instock","13":"shipping-taxable","14":"purchasable","15":"product-type-simple","16":"add-to-wishlist-before_image"},"acf":[],"yoast_head":"<!-- This site is optimized with the Yoast SEO Premium plugin v27.1 (Yoast SEO v27.5) - https:\/\/yoast.com\/product\/yoast-seo-premium-wordpress\/ -->\n<title>Harina de trigo sarraceno 1kg - Energy Feelings - Na Lifenatura ao Melhor Pre\u00e7o | Envio em 48h<\/title>\n<meta name=\"description\" content=\"Harina de Alforf\u00f3n Bio 1Kg Energy Feelings - Sin gluten, rica en prote\u00ednas, fibra y minerales. Ideal para recetas nutritivas y dietas sanas.\" \/>\n<meta name=\"robots\" content=\"index, follow, max-snippet:-1, max-image-preview:large, max-video-preview:-1\" \/>\n<link rel=\"canonical\" href=\"https:\/\/www.lifenatura.com\/es\/produto\/harina-de-trigo-sarraceno-1kg-energy-feelings\/\" \/>\n<meta property=\"og:locale\" content=\"es_ES\" \/>\n<meta property=\"og:type\" content=\"article\" \/>\n<meta property=\"og:title\" content=\"Harina de trigo sarraceno 1kg - Energy Feelings - Na Lifenatura ao Melhor Pre\u00e7o | Envio 48h\" \/>\n<meta property=\"og:description\" content=\"Compre Harina de trigo sarraceno 1kg - Energy Feelings com envio r\u00e1pido. Entrega em 48h e portes gr\u00e1tis em compras &gt;35\u20ac. Aproveite j\u00e1 na Lifenatura\" \/>\n<meta property=\"og:url\" content=\"https:\/\/www.lifenatura.com\/es\/produto\/harina-de-trigo-sarraceno-1kg-energy-feelings\/\" \/>\n<meta property=\"og:site_name\" content=\"Lifenatura\" \/>\n<meta property=\"article:publisher\" content=\"https:\/\/www.facebook.com\/lifenatura\" \/>\n<meta property=\"article:modified_time\" content=\"2025-09-23T20:09:44+00:00\" \/>\n<meta property=\"og:image\" content=\"https:\/\/www.lifenatura.com\/wp-content\/uploads\/2025\/09\/trigo-sarraceno-farinho-1kg-energy-feelings.jpg\" \/>\n\t<meta property=\"og:image:width\" content=\"1000\" \/>\n\t<meta property=\"og:image:height\" content=\"1000\" \/>\n\t<meta property=\"og:image:type\" content=\"image\/jpeg\" \/>\n<meta name=\"twitter:card\" content=\"summary_large_image\" \/>\n<meta name=\"twitter:label1\" content=\"Precio\" \/>\n\t<meta name=\"twitter:data1\" content=\"12,27&nbsp;&euro;\" \/>\n\t<meta name=\"twitter:label2\" content=\"Disponibilidad\" \/>\n\t<meta name=\"twitter:data2\" content=\"Disponible\" \/>\n<script type=\"application\/ld+json\" class=\"yoast-schema-graph\">{\"@context\":\"https:\\\/\\\/schema.org\",\"@graph\":[{\"@type\":\"WebPage\",\"@id\":\"https:\\\/\\\/www.lifenatura.com\\\/es\\\/produto\\\/harina-de-trigo-sarraceno-1kg-energy-feelings\\\/\",\"url\":\"https:\\\/\\\/www.lifenatura.com\\\/es\\\/produto\\\/harina-de-trigo-sarraceno-1kg-energy-feelings\\\/\",\"name\":\"Harina de trigo sarraceno 1kg - Energy Feelings - Na Lifenatura ao Melhor Pre\u00e7o | Envio em 48h\",\"isPartOf\":{\"@id\":\"https:\\\/\\\/www.lifenatura.com\\\/es\\\/#website\"},\"primaryImageOfPage\":{\"@id\":\"https:\\\/\\\/www.lifenatura.com\\\/es\\\/produto\\\/harina-de-trigo-sarraceno-1kg-energy-feelings\\\/#primaryimage\"},\"image\":{\"@id\":\"https:\\\/\\\/www.lifenatura.com\\\/es\\\/produto\\\/harina-de-trigo-sarraceno-1kg-energy-feelings\\\/#primaryimage\"},\"thumbnailUrl\":\"https:\\\/\\\/www.lifenatura.com\\\/wp-content\\\/uploads\\\/2025\\\/09\\\/trigo-sarraceno-farinho-1kg-energy-feelings.jpg\",\"datePublished\":\"2025-09-12T20:37:10+00:00\",\"dateModified\":\"2025-09-23T20:09:44+00:00\",\"description\":\"Harina de Alforf\u00f3n Bio 1Kg Energy Feelings - Sin gluten, rica en prote\u00ednas, fibra y minerales. Ideal para recetas nutritivas y dietas sanas.\",\"breadcrumb\":{\"@id\":\"https:\\\/\\\/www.lifenatura.com\\\/es\\\/produto\\\/harina-de-trigo-sarraceno-1kg-energy-feelings\\\/#breadcrumb\"},\"inLanguage\":\"es\",\"potentialAction\":[{\"@type\":\"ReadAction\",\"target\":[\"https:\\\/\\\/www.lifenatura.com\\\/es\\\/produto\\\/harina-de-trigo-sarraceno-1kg-energy-feelings\\\/\"]}]},{\"@type\":\"ImageObject\",\"inLanguage\":\"es\",\"@id\":\"https:\\\/\\\/www.lifenatura.com\\\/es\\\/produto\\\/harina-de-trigo-sarraceno-1kg-energy-feelings\\\/#primaryimage\",\"url\":\"https:\\\/\\\/www.lifenatura.com\\\/wp-content\\\/uploads\\\/2025\\\/09\\\/trigo-sarraceno-farinho-1kg-energy-feelings.jpg\",\"contentUrl\":\"https:\\\/\\\/www.lifenatura.com\\\/wp-content\\\/uploads\\\/2025\\\/09\\\/trigo-sarraceno-farinho-1kg-energy-feelings.jpg\",\"width\":1000,\"height\":1000},{\"@type\":\"BreadcrumbList\",\"@id\":\"https:\\\/\\\/www.lifenatura.com\\\/es\\\/produto\\\/harina-de-trigo-sarraceno-1kg-energy-feelings\\\/#breadcrumb\",\"itemListElement\":[{\"@type\":\"ListItem\",\"position\":1,\"name\":\"In\u00edcio\",\"item\":\"https:\\\/\\\/www.lifenatura.com\\\/es\\\/\"},{\"@type\":\"ListItem\",\"position\":2,\"name\":\"Todos los Productos\",\"item\":\"https:\\\/\\\/www.lifenatura.com\\\/es\\\/tienda\\\/\"},{\"@type\":\"ListItem\",\"position\":3,\"name\":\"Harina de trigo sarraceno 1kg &#8211; Energy Feelings\"}]},{\"@type\":\"WebSite\",\"@id\":\"https:\\\/\\\/www.lifenatura.com\\\/es\\\/#website\",\"url\":\"https:\\\/\\\/www.lifenatura.com\\\/es\\\/\",\"name\":\"Lifenatura\",\"description\":\"A Lifenatura \u00e9 uma loja de produtos naturais, cosm\u00e9tica natural e alimenta\u00e7\u00e3o Biol\u00f3gica.\",\"publisher\":{\"@id\":\"https:\\\/\\\/www.lifenatura.com\\\/es\\\/#organization\"},\"potentialAction\":[{\"@type\":\"SearchAction\",\"target\":{\"@type\":\"EntryPoint\",\"urlTemplate\":\"https:\\\/\\\/www.lifenatura.com\\\/es\\\/?s={search_term_string}\"},\"query-input\":{\"@type\":\"PropertyValueSpecification\",\"valueRequired\":true,\"valueName\":\"search_term_string\"}}],\"inLanguage\":\"es\"},{\"@type\":\"Organization\",\"@id\":\"https:\\\/\\\/www.lifenatura.com\\\/es\\\/#organization\",\"name\":\"Lifenatura\",\"url\":\"https:\\\/\\\/www.lifenatura.com\\\/es\\\/\",\"logo\":{\"@type\":\"ImageObject\",\"inLanguage\":\"es\",\"@id\":\"https:\\\/\\\/www.lifenatura.com\\\/es\\\/#\\\/schema\\\/logo\\\/image\\\/\",\"url\":\"https:\\\/\\\/www.lifenatura.com\\\/wp-content\\\/uploads\\\/2021\\\/07\\\/logo.png\",\"contentUrl\":\"https:\\\/\\\/www.lifenatura.com\\\/wp-content\\\/uploads\\\/2021\\\/07\\\/logo.png\",\"width\":175,\"height\":55,\"caption\":\"Lifenatura\"},\"image\":{\"@id\":\"https:\\\/\\\/www.lifenatura.com\\\/es\\\/#\\\/schema\\\/logo\\\/image\\\/\"},\"sameAs\":[\"https:\\\/\\\/www.facebook.com\\\/lifenatura\",\"https:\\\/\\\/www.instagram.com\\\/lifenaturapt\\\/\"],\"hasMerchantReturnPolicy\":{\"@type\":\"MerchantReturnPolicy\",\"merchantReturnLink\":\"https:\\\/\\\/www.lifenatura.com\\\/termos-condicoes-lifenatura\\\/\"}}]}<\/script>\n<meta property=\"product:price:amount\" content=\"12.27\" \/>\n<meta property=\"product:price:currency\" content=\"EUR\" \/>\n<meta property=\"og:availability\" content=\"instock\" \/>\n<meta property=\"product:availability\" content=\"instock\" \/>\n<meta property=\"product:retailer_item_id\" content=\"8436565920293\" \/>\n<meta property=\"product:condition\" content=\"new\" \/>\n<!-- \/ Yoast SEO Premium plugin. -->","yoast_head_json":{"title":"Harina de trigo sarraceno 1kg - Energy Feelings - Na Lifenatura ao Melhor Pre\u00e7o | Envio em 48h","description":"Harina de Alforf\u00f3n Bio 1Kg Energy Feelings - Sin gluten, rica en prote\u00ednas, fibra y minerales. Ideal para recetas nutritivas y dietas sanas.","robots":{"index":"index","follow":"follow","max-snippet":"max-snippet:-1","max-image-preview":"max-image-preview:large","max-video-preview":"max-video-preview:-1"},"canonical":"https:\/\/www.lifenatura.com\/es\/produto\/harina-de-trigo-sarraceno-1kg-energy-feelings\/","og_locale":"es_ES","og_type":"article","og_title":"Harina de trigo sarraceno 1kg - Energy Feelings - Na Lifenatura ao Melhor Pre\u00e7o | Envio 48h","og_description":"Compre Harina de trigo sarraceno 1kg - Energy Feelings com envio r\u00e1pido. Entrega em 48h e portes gr\u00e1tis em compras >35\u20ac. Aproveite j\u00e1 na Lifenatura","og_url":"https:\/\/www.lifenatura.com\/es\/produto\/harina-de-trigo-sarraceno-1kg-energy-feelings\/","og_site_name":"Lifenatura","article_publisher":"https:\/\/www.facebook.com\/lifenatura","article_modified_time":"2025-09-23T20:09:44+00:00","og_image":[{"width":1000,"height":1000,"url":"https:\/\/www.lifenatura.com\/wp-content\/uploads\/2025\/09\/trigo-sarraceno-farinho-1kg-energy-feelings.jpg","type":"image\/jpeg"}],"twitter_card":"summary_large_image","twitter_misc":{"Precio":"12,27&nbsp;&euro;","Disponibilidad":"Disponible"},"schema":{"@context":"https:\/\/schema.org","@graph":[{"@type":"WebPage","@id":"https:\/\/www.lifenatura.com\/es\/produto\/harina-de-trigo-sarraceno-1kg-energy-feelings\/","url":"https:\/\/www.lifenatura.com\/es\/produto\/harina-de-trigo-sarraceno-1kg-energy-feelings\/","name":"Harina de trigo sarraceno 1kg - Energy Feelings - Na Lifenatura ao Melhor Pre\u00e7o | Envio em 48h","isPartOf":{"@id":"https:\/\/www.lifenatura.com\/es\/#website"},"primaryImageOfPage":{"@id":"https:\/\/www.lifenatura.com\/es\/produto\/harina-de-trigo-sarraceno-1kg-energy-feelings\/#primaryimage"},"image":{"@id":"https:\/\/www.lifenatura.com\/es\/produto\/harina-de-trigo-sarraceno-1kg-energy-feelings\/#primaryimage"},"thumbnailUrl":"https:\/\/www.lifenatura.com\/wp-content\/uploads\/2025\/09\/trigo-sarraceno-farinho-1kg-energy-feelings.jpg","datePublished":"2025-09-12T20:37:10+00:00","dateModified":"2025-09-23T20:09:44+00:00","description":"Harina de Alforf\u00f3n Bio 1Kg Energy Feelings - Sin gluten, rica en prote\u00ednas, fibra y minerales. Ideal para recetas nutritivas y dietas sanas.","breadcrumb":{"@id":"https:\/\/www.lifenatura.com\/es\/produto\/harina-de-trigo-sarraceno-1kg-energy-feelings\/#breadcrumb"},"inLanguage":"es","potentialAction":[{"@type":"ReadAction","target":["https:\/\/www.lifenatura.com\/es\/produto\/harina-de-trigo-sarraceno-1kg-energy-feelings\/"]}]},{"@type":"ImageObject","inLanguage":"es","@id":"https:\/\/www.lifenatura.com\/es\/produto\/harina-de-trigo-sarraceno-1kg-energy-feelings\/#primaryimage","url":"https:\/\/www.lifenatura.com\/wp-content\/uploads\/2025\/09\/trigo-sarraceno-farinho-1kg-energy-feelings.jpg","contentUrl":"https:\/\/www.lifenatura.com\/wp-content\/uploads\/2025\/09\/trigo-sarraceno-farinho-1kg-energy-feelings.jpg","width":1000,"height":1000},{"@type":"BreadcrumbList","@id":"https:\/\/www.lifenatura.com\/es\/produto\/harina-de-trigo-sarraceno-1kg-energy-feelings\/#breadcrumb","itemListElement":[{"@type":"ListItem","position":1,"name":"In\u00edcio","item":"https:\/\/www.lifenatura.com\/es\/"},{"@type":"ListItem","position":2,"name":"Todos los Productos","item":"https:\/\/www.lifenatura.com\/es\/tienda\/"},{"@type":"ListItem","position":3,"name":"Harina de trigo sarraceno 1kg &#8211; Energy Feelings"}]},{"@type":"WebSite","@id":"https:\/\/www.lifenatura.com\/es\/#website","url":"https:\/\/www.lifenatura.com\/es\/","name":"Lifenatura","description":"A Lifenatura \u00e9 uma loja de produtos naturais, cosm\u00e9tica natural e alimenta\u00e7\u00e3o Biol\u00f3gica.","publisher":{"@id":"https:\/\/www.lifenatura.com\/es\/#organization"},"potentialAction":[{"@type":"SearchAction","target":{"@type":"EntryPoint","urlTemplate":"https:\/\/www.lifenatura.com\/es\/?s={search_term_string}"},"query-input":{"@type":"PropertyValueSpecification","valueRequired":true,"valueName":"search_term_string"}}],"inLanguage":"es"},{"@type":"Organization","@id":"https:\/\/www.lifenatura.com\/es\/#organization","name":"Lifenatura","url":"https:\/\/www.lifenatura.com\/es\/","logo":{"@type":"ImageObject","inLanguage":"es","@id":"https:\/\/www.lifenatura.com\/es\/#\/schema\/logo\/image\/","url":"https:\/\/www.lifenatura.com\/wp-content\/uploads\/2021\/07\/logo.png","contentUrl":"https:\/\/www.lifenatura.com\/wp-content\/uploads\/2021\/07\/logo.png","width":175,"height":55,"caption":"Lifenatura"},"image":{"@id":"https:\/\/www.lifenatura.com\/es\/#\/schema\/logo\/image\/"},"sameAs":["https:\/\/www.facebook.com\/lifenatura","https:\/\/www.instagram.com\/lifenaturapt\/"],"hasMerchantReturnPolicy":{"@type":"MerchantReturnPolicy","merchantReturnLink":"https:\/\/www.lifenatura.com\/termos-condicoes-lifenatura\/"}}]},"product_price_amount":"12.27","product_price_currency":"EUR","og_availability":"instock","product_availability":"instock","product_retailer_item_id":"8436565920293","product_condition":"new"},"df_price":12.27,"df_sale_price":"","df_regular_price":12.27,"df_image_link":"https:\/\/www.lifenatura.com\/wp-content\/uploads\/2025\/09\/trigo-sarraceno-farinho-1kg-energy-feelings-300x300.jpg","_links":{"self":[{"href":"https:\/\/www.lifenatura.com\/es\/wp-json\/wp\/v2\/product\/117511","targetHints":{"allow":["GET"]}}],"collection":[{"href":"https:\/\/www.lifenatura.com\/es\/wp-json\/wp\/v2\/product"}],"about":[{"href":"https:\/\/www.lifenatura.com\/es\/wp-json\/wp\/v2\/types\/product"}],"wp:featuredmedia":[{"embeddable":true,"href":"https:\/\/www.lifenatura.com\/es\/wp-json\/wp\/v2\/media\/116988"}],"wp:attachment":[{"href":"https:\/\/www.lifenatura.com\/es\/wp-json\/wp\/v2\/media?parent=117511"}],"wp:term":[{"taxonomy":"product_brand","embeddable":true,"href":"https:\/\/www.lifenatura.com\/es\/wp-json\/wp\/v2\/product_brand?post=117511"},{"taxonomy":"product_cat","embeddable":true,"href":"https:\/\/www.lifenatura.com\/es\/wp-json\/wp\/v2\/product_cat?post=117511"},{"taxonomy":"product_tag","embeddable":true,"href":"https:\/\/www.lifenatura.com\/es\/wp-json\/wp\/v2\/product_tag?post=117511"}],"curies":[{"name":"wp","href":"https:\/\/api.w.org\/{rel}","templated":true}]}}