{"id":116468,"date":"2025-07-13T00:32:59","date_gmt":"2025-07-13T00:32:59","guid":{"rendered":"https:\/\/www.lifenatura.com\/produto\/imuno-viram-240-comprimidos-elika-foods\/"},"modified":"2025-09-19T06:54:45","modified_gmt":"2025-09-19T06:54:45","slug":"imuno-viram-240-comprimidos-elika-foods","status":"publish","type":"product","link":"https:\/\/www.lifenatura.com\/es\/produto\/imuno-viram-240-comprimidos-elika-foods\/","title":{"rendered":"Imuno Viram 240 comprimidos &#8211; Elika Foods"},"content":{"rendered":"<h2 style=\"text-align: left;\" data-start=\"179\" data-end=\"225\">Imuno Viram &#8211; Alimentos Elika<\/h2>\n<p>&nbsp;<\/p>\n<p data-start=\"288\" data-end=\"644\"><strong data-start=\"290\" data-end=\"320\">Imuno Viram de Elika<\/strong> Foods es un complemento alimenticio natural especialmente formulado para reforzar el sistema inmunitario y favorecer el bienestar general. Su composici\u00f3n re\u00fane extractos vegetales cuidadosamente seleccionados, vitaminas y minerales, que act\u00faan sin\u00e9rgicamente para aumentar las defensas naturales del organismo y protegerlo contra las agresiones externas.<\/p>\n<p data-start=\"646\" data-end=\"1027\">Entre los ingredientes clave est\u00e1n <strong data-start=\"695\" data-end=\"709\">la vitamina C<\/strong> y el <strong data-start=\"714\" data-end=\"723\">zinc<\/strong>, que son esenciales para el funcionamiento normal del sistema inmunitario y para proteger las c\u00e9lulas contra el estr\u00e9s oxidativo. El suplemento tambi\u00e9n est\u00e1 enriquecido con <strong data-start=\"882\" data-end=\"932\">plantas adapt\u00f3genas y antioxidantes naturales<\/strong>, que ayudan a reducir la fatiga, aumentar la energ\u00eda y mejorar la resistencia f\u00edsica y mental.<\/p>\n<p data-start=\"1029\" data-end=\"1265\">Gracias a su f\u00f3rmula completa, <strong data-start=\"1062\" data-end=\"1077\">Imuno Viram<\/strong> es adecuado tanto para reforzar la inmunidad en periodos de mayor vulnerabilidad, como el oto\u00f1o y el invierno, como para apoyar la recuperaci\u00f3n en fases de mayor esfuerzo f\u00edsico o emocional.<\/p>\n<p data-start=\"1267\" data-end=\"1295\"><strong>Principales ventajas:<\/strong><\/p>\n<ul data-start=\"1296\" data-end=\"1572\">\n<li data-start=\"1296\" data-end=\"1333\">\n<p data-start=\"1298\" data-end=\"1333\">Refuerza el <strong data-start=\"1308\" data-end=\"1330\">sistema inmunitario<\/strong>;<\/p>\n<\/li>\n<li data-start=\"1334\" data-end=\"1369\">\n<p data-start=\"1336\" data-end=\"1369\">Rico en <strong data-start=\"1344\" data-end=\"1366\">vitamina C y zinc<\/strong>;<\/p>\n<\/li>\n<li data-start=\"1370\" data-end=\"1438\">\n<p data-start=\"1372\" data-end=\"1438\">Contribuye a la <strong data-start=\"1389\" data-end=\"1435\">protecci\u00f3n celular contra los radicales libres<\/strong>;<\/p>\n<\/li>\n<li data-start=\"1439\" data-end=\"1484\">\n<p data-start=\"1441\" data-end=\"1484\">Ayuda a <strong data-start=\"1449\" data-end=\"1481\">reducir el cansancio y la fatiga<\/strong>;<\/p>\n<\/li>\n<li data-start=\"1485\" data-end=\"1529\">\n<p data-start=\"1487\" data-end=\"1529\">Producto <strong data-start=\"1495\" data-end=\"1526\">natural, vegano y sin gluten<\/strong>;<\/p>\n<\/li>\n<li data-start=\"1530\" data-end=\"1572\">\n<p data-start=\"1532\" data-end=\"1572\">Favorece la energ\u00eda y la vitalidad diarias.<\/p>\n<\/li>\n<\/ul>\n<p data-start=\"1574\" data-end=\"1591\"><strong>Indicaciones:<\/strong><\/p>\n<p data-start=\"1592\" data-end=\"1659\"><strong data-start=\"1594\" data-end=\"1640\">Imuno Viram 120 Comprimidos de Elika<\/strong> Foods est\u00e1 indicado para:<\/p>\n<ul data-start=\"1660\" data-end=\"1883\">\n<li data-start=\"1660\" data-end=\"1713\">\n<p data-start=\"1662\" data-end=\"1713\">Personas que quieren reforzar sus defensas naturales;<\/p>\n<\/li>\n<li data-start=\"1714\" data-end=\"1774\">\n<p data-start=\"1716\" data-end=\"1774\">Ayuda en \u00e9pocas de mayor riesgo de resfriados y gripe;<\/p>\n<\/li>\n<li data-start=\"1775\" data-end=\"1826\">\n<p data-start=\"1777\" data-end=\"1826\">Situaciones de fatiga, estr\u00e9s o agotamiento f\u00edsico;<\/p>\n<\/li>\n<li data-start=\"1827\" data-end=\"1883\">\n<p data-start=\"1829\" data-end=\"1883\">Dietas veganas, vegetarianas y de bienestar funcional.<\/p>\n<\/li>\n<\/ul>\n<p><strong>Presentaci\u00f3n:<\/strong><\/p>\n<p>240 comprimidos<\/p>\n<p>&nbsp;<\/p>\n","protected":false},"excerpt":{"rendered":"<p>Imuno Viram 240 Comprimidos Elika Foods &#8211; Suplemento natural con vitamina C, zinc y antioxidantes. Aumenta la inmunidad, la energ\u00eda y la protecci\u00f3n celular. [&#8230;]<\/p>\n<p><a class=\"btn btn-secondary understrap-read-more-link\" href=\"https:\/\/www.lifenatura.com\/es\/produto\/imuno-viram-240-comprimidos-elika-foods\/\">Leer m\u00e1s&#8230;<span class=\"screen-reader-text\"> from Imuno Viram 240 comprimidos &#8211; Elika Foods<\/span><\/a><\/p>\n","protected":false},"featured_media":114665,"template":"","meta":{"_acf_changed":false},"product_brand":[8565],"product_cat":[7211,7883],"product_tag":[],"class_list":{"0":"post-116468","1":"product","2":"type-product","3":"status-publish","4":"has-post-thumbnail","6":"product_brand-elika-foods-es","7":"product_cat-reforza-la-inmunidad-salud","8":"product_cat-suplementos-alimenticios","10":"first","11":"instock","12":"shipping-taxable","13":"purchasable","14":"product-type-simple","15":"add-to-wishlist-before_image"},"acf":[],"yoast_head":"<!-- This site is optimized with the Yoast SEO Premium plugin v27.1 (Yoast SEO v27.3) - https:\/\/yoast.com\/product\/yoast-seo-premium-wordpress\/ -->\n<title>Imuno Viram 240 comprimidos - Elika Foods - Lifenatura<\/title>\n<meta name=\"description\" content=\"Imuno Viram 240 Comprimidos Elika Foods - Suplemento natural con vitamina C, zinc y antioxidantes. Aumenta la inmunidad, la energ\u00eda y la protecci\u00f3n celular.\" \/>\n<meta name=\"robots\" content=\"index, follow, max-snippet:-1, max-image-preview:large, max-video-preview:-1\" \/>\n<link rel=\"canonical\" href=\"https:\/\/www.lifenatura.com\/es\/produto\/imuno-viram-240-comprimidos-elika-foods\/\" \/>\n<meta property=\"og:locale\" content=\"es_ES\" \/>\n<meta property=\"og:type\" content=\"article\" \/>\n<meta property=\"og:title\" content=\"Imuno Viram 240 comprimidos - Elika Foods - Lifenatura\" \/>\n<meta property=\"og:description\" content=\"Compre aqui o seu Imuno Viram 240 comprimidos - Elika Foods e a Lifenatura Online envia em 48 H com Portes Gratis &gt;35\u20ac de Pedido.\" \/>\n<meta property=\"og:url\" content=\"https:\/\/www.lifenatura.com\/es\/produto\/imuno-viram-240-comprimidos-elika-foods\/\" \/>\n<meta property=\"og:site_name\" content=\"Lifenatura\" \/>\n<meta property=\"article:publisher\" content=\"https:\/\/www.facebook.com\/lifenatura\" \/>\n<meta property=\"article:modified_time\" content=\"2025-09-19T06:54:45+00:00\" \/>\n<meta property=\"og:image\" content=\"https:\/\/www.lifenatura.com\/wp-content\/uploads\/2025\/07\/Immuno-240comp-elika-foods.jpg\" \/>\n\t<meta property=\"og:image:width\" content=\"1000\" \/>\n\t<meta property=\"og:image:height\" content=\"1000\" \/>\n\t<meta property=\"og:image:type\" content=\"image\/jpeg\" \/>\n<meta name=\"twitter:card\" content=\"summary_large_image\" \/>\n<meta name=\"twitter:label1\" content=\"Precio\" \/>\n\t<meta name=\"twitter:data1\" content=\"33,32&nbsp;&euro;\" \/>\n\t<meta name=\"twitter:label2\" content=\"Disponibilidad\" \/>\n\t<meta name=\"twitter:data2\" content=\"Disponible\" \/>\n<meta property=\"product:price:amount\" content=\"33.32\" \/>\n<meta property=\"product:price:currency\" content=\"EUR\" \/>\n<meta property=\"og:availability\" content=\"instock\" \/>\n<meta property=\"product:availability\" content=\"instock\" \/>\n<meta property=\"product:retailer_item_id\" content=\"742832161657\" \/>\n<meta property=\"product:condition\" content=\"new\" \/>\n<!-- \/ Yoast SEO Premium plugin. -->","yoast_head_json":{"title":"Imuno Viram 240 comprimidos - Elika Foods - Lifenatura","description":"Imuno Viram 240 Comprimidos Elika Foods - Suplemento natural con vitamina C, zinc y antioxidantes. Aumenta la inmunidad, la energ\u00eda y la protecci\u00f3n celular.","robots":{"index":"index","follow":"follow","max-snippet":"max-snippet:-1","max-image-preview":"max-image-preview:large","max-video-preview":"max-video-preview:-1"},"canonical":"https:\/\/www.lifenatura.com\/es\/produto\/imuno-viram-240-comprimidos-elika-foods\/","og_locale":"es_ES","og_type":"article","og_title":"Imuno Viram 240 comprimidos - Elika Foods - Lifenatura","og_description":"Compre aqui o seu Imuno Viram 240 comprimidos - Elika Foods e a Lifenatura Online envia em 48 H com Portes Gratis >35\u20ac de Pedido.","og_url":"https:\/\/www.lifenatura.com\/es\/produto\/imuno-viram-240-comprimidos-elika-foods\/","og_site_name":"Lifenatura","article_publisher":"https:\/\/www.facebook.com\/lifenatura","article_modified_time":"2025-09-19T06:54:45+00:00","og_image":[{"width":1000,"height":1000,"url":"https:\/\/www.lifenatura.com\/wp-content\/uploads\/2025\/07\/Immuno-240comp-elika-foods.jpg","type":"image\/jpeg"}],"twitter_card":"summary_large_image","twitter_misc":{"Precio":"33,32&nbsp;&euro;","Disponibilidad":"Disponible"},"schema":{"@context":"https:\/\/schema.org","@graph":[{"@type":"WebPage","@id":"https:\/\/www.lifenatura.com\/es\/produto\/imuno-viram-240-comprimidos-elika-foods\/","url":"https:\/\/www.lifenatura.com\/es\/produto\/imuno-viram-240-comprimidos-elika-foods\/","name":"Imuno Viram 240 comprimidos - Elika Foods - Lifenatura","isPartOf":{"@id":"https:\/\/www.lifenatura.com\/es\/#website"},"primaryImageOfPage":{"@id":"https:\/\/www.lifenatura.com\/es\/produto\/imuno-viram-240-comprimidos-elika-foods\/#primaryimage"},"image":{"@id":"https:\/\/www.lifenatura.com\/es\/produto\/imuno-viram-240-comprimidos-elika-foods\/#primaryimage"},"thumbnailUrl":"https:\/\/www.lifenatura.com\/wp-content\/uploads\/2025\/07\/Immuno-240comp-elika-foods.jpg","datePublished":"2025-07-13T00:32:59+00:00","dateModified":"2025-09-19T06:54:45+00:00","description":"Imuno Viram 240 Comprimidos Elika Foods - Suplemento natural con vitamina C, zinc y antioxidantes. Aumenta la inmunidad, la energ\u00eda y la protecci\u00f3n celular.","breadcrumb":{"@id":"https:\/\/www.lifenatura.com\/es\/produto\/imuno-viram-240-comprimidos-elika-foods\/#breadcrumb"},"inLanguage":"es","potentialAction":[{"@type":"ReadAction","target":["https:\/\/www.lifenatura.com\/es\/produto\/imuno-viram-240-comprimidos-elika-foods\/"]}]},{"@type":"ImageObject","inLanguage":"es","@id":"https:\/\/www.lifenatura.com\/es\/produto\/imuno-viram-240-comprimidos-elika-foods\/#primaryimage","url":"https:\/\/www.lifenatura.com\/wp-content\/uploads\/2025\/07\/Immuno-240comp-elika-foods.jpg","contentUrl":"https:\/\/www.lifenatura.com\/wp-content\/uploads\/2025\/07\/Immuno-240comp-elika-foods.jpg","width":1000,"height":1000},{"@type":"BreadcrumbList","@id":"https:\/\/www.lifenatura.com\/es\/produto\/imuno-viram-240-comprimidos-elika-foods\/#breadcrumb","itemListElement":[{"@type":"ListItem","position":1,"name":"In\u00edcio","item":"https:\/\/www.lifenatura.com\/es\/"},{"@type":"ListItem","position":2,"name":"Todos los Productos","item":"https:\/\/www.lifenatura.com\/es\/tienda\/"},{"@type":"ListItem","position":3,"name":"Imuno Viram 240 comprimidos &#8211; Elika Foods"}]},{"@type":"WebSite","@id":"https:\/\/www.lifenatura.com\/es\/#website","url":"https:\/\/www.lifenatura.com\/es\/","name":"Lifenatura","description":"A Lifenatura \u00e9 uma loja de produtos naturais, cosm\u00e9tica natural e alimenta\u00e7\u00e3o Biol\u00f3gica.","publisher":{"@id":"https:\/\/www.lifenatura.com\/es\/#organization"},"potentialAction":[{"@type":"SearchAction","target":{"@type":"EntryPoint","urlTemplate":"https:\/\/www.lifenatura.com\/es\/?s={search_term_string}"},"query-input":{"@type":"PropertyValueSpecification","valueRequired":true,"valueName":"search_term_string"}}],"inLanguage":"es"},{"@type":"Organization","@id":"https:\/\/www.lifenatura.com\/es\/#organization","name":"Lifenatura","url":"https:\/\/www.lifenatura.com\/es\/","logo":{"@type":"ImageObject","inLanguage":"es","@id":"https:\/\/www.lifenatura.com\/es\/#\/schema\/logo\/image\/","url":"https:\/\/www.lifenatura.com\/wp-content\/uploads\/2021\/11\/logo.png","contentUrl":"https:\/\/www.lifenatura.com\/wp-content\/uploads\/2021\/11\/logo.png","width":175,"height":55,"caption":"Lifenatura"},"image":{"@id":"https:\/\/www.lifenatura.com\/es\/#\/schema\/logo\/image\/"},"sameAs":["https:\/\/www.facebook.com\/lifenatura","https:\/\/www.instagram.com\/lifenaturapt\/"]}]},"product_price_amount":"33.32","product_price_currency":"EUR","og_availability":"instock","product_availability":"instock","product_retailer_item_id":"742832161657","product_condition":"new"},"df_price":33.32,"df_sale_price":"","df_regular_price":33.32,"df_image_link":"https:\/\/www.lifenatura.com\/wp-content\/uploads\/2025\/07\/Immuno-240comp-elika-foods-300x300.jpg","_links":{"self":[{"href":"https:\/\/www.lifenatura.com\/es\/wp-json\/wp\/v2\/product\/116468","targetHints":{"allow":["GET"]}}],"collection":[{"href":"https:\/\/www.lifenatura.com\/es\/wp-json\/wp\/v2\/product"}],"about":[{"href":"https:\/\/www.lifenatura.com\/es\/wp-json\/wp\/v2\/types\/product"}],"wp:featuredmedia":[{"embeddable":true,"href":"https:\/\/www.lifenatura.com\/es\/wp-json\/wp\/v2\/media\/114665"}],"wp:attachment":[{"href":"https:\/\/www.lifenatura.com\/es\/wp-json\/wp\/v2\/media?parent=116468"}],"wp:term":[{"taxonomy":"product_brand","embeddable":true,"href":"https:\/\/www.lifenatura.com\/es\/wp-json\/wp\/v2\/product_brand?post=116468"},{"taxonomy":"product_cat","embeddable":true,"href":"https:\/\/www.lifenatura.com\/es\/wp-json\/wp\/v2\/product_cat?post=116468"},{"taxonomy":"product_tag","embeddable":true,"href":"https:\/\/www.lifenatura.com\/es\/wp-json\/wp\/v2\/product_tag?post=116468"}],"curies":[{"name":"wp","href":"https:\/\/api.w.org\/{rel}","templated":true}]}}