{"id":116467,"date":"2025-07-13T00:33:00","date_gmt":"2025-07-13T00:33:00","guid":{"rendered":"https:\/\/www.lifenatura.com\/produto\/acido-hialuronico-puro-30ml-elika-foods\/"},"modified":"2025-09-03T13:17:44","modified_gmt":"2025-09-03T13:17:44","slug":"acido-hialuronico-puro-30ml-elika-foods","status":"publish","type":"product","link":"https:\/\/www.lifenatura.com\/es\/produto\/acido-hialuronico-puro-30ml-elika-foods\/","title":{"rendered":"\u00c1cido Hialur\u00f3nico Puro 30ml &#8211; Elika Foods"},"content":{"rendered":"<h2 style=\"text-align: left;\" data-start=\"176\" data-end=\"222\">\u00c1cido hialur\u00f3nico puro &#8211; Elika Foods<\/h2>\n<p>&nbsp;<\/p>\n<p data-start=\"283\" data-end=\"745\"><strong data-start=\"285\" data-end=\"331\">El \u00c1cido Hialur\u00f3nico Puro Elika Foods 30ml<\/strong> es un suero natural especialmente desarrollado para hidratar, regenerar y revitalizar la piel en profundidad. Este principio activo es una mol\u00e9cula presente de forma natural en nuestro organismo, responsable de retener grandes cantidades de agua en los tejidos, manteniendo la piel firme, el\u00e1stica y radiante. Con el tiempo, su producci\u00f3n natural disminuye, provocando signos de envejecimiento como arrugas y p\u00e9rdida de elasticidad.<\/p>\n<p data-start=\"747\" data-end=\"1106\">Gracias a su f\u00f3rmula pura y concentrada, este suero act\u00faa directamente sobre las capas de la piel, proporcionando <strong data-start=\"852\" data-end=\"876\">una hidrataci\u00f3n intensiva<\/strong> y restaurando la barrera cut\u00e1nea. El resultado es una piel m\u00e1s suave, tersa y rejuvenecida. El \u00e1cido hialur\u00f3nico tambi\u00e9n favorece la regeneraci\u00f3n celular, ayudando a reducir las l\u00edneas de expresi\u00f3n y a mejorar la textura y el tono de la piel.<\/p>\n<p data-start=\"1108\" data-end=\"1310\">De r\u00e1pida absorci\u00f3n y textura ligera, puede aplicarse a diario, solo o junto con otros productos de belleza, lo que lo convierte en un aliado indispensable en una rutina de cuidado de la piel natural y eficaz.<\/p>\n<p data-start=\"1312\" data-end=\"1340\"><strong>Principales ventajas:<\/strong><\/p>\n<ul data-start=\"1341\" data-end=\"1621\">\n<li data-start=\"1341\" data-end=\"1381\">\n<p data-start=\"1343\" data-end=\"1381\"><strong data-start=\"1343\" data-end=\"1366\">Hidrataci\u00f3n profunda<\/strong> y duradera;<\/p>\n<\/li>\n<li data-start=\"1382\" data-end=\"1435\">\n<p data-start=\"1384\" data-end=\"1435\">Reduce la aparici\u00f3n de <strong data-start=\"1408\" data-end=\"1432\">l\u00edneas finas y arrugas<\/strong>;<\/p>\n<\/li>\n<li data-start=\"1436\" data-end=\"1485\">\n<p data-start=\"1438\" data-end=\"1485\">Favorece la <strong data-start=\"1448\" data-end=\"1474\">elasticidad y firmeza de<\/strong> la piel;<\/p>\n<\/li>\n<li data-start=\"1486\" data-end=\"1525\">\n<p data-start=\"1488\" data-end=\"1525\">Favorece la <strong data-start=\"1499\" data-end=\"1522\">regeneraci\u00f3n celular<\/strong>;<\/p>\n<\/li>\n<li data-start=\"1526\" data-end=\"1582\">\n<p data-start=\"1528\" data-end=\"1582\"><strong data-start=\"1536\" data-end=\"1579\">Natural, vegano y no testado en animales<\/strong>;<\/p>\n<\/li>\n<li data-start=\"1583\" data-end=\"1621\">\n<p data-start=\"1585\" data-end=\"1621\">Textura ligera y de r\u00e1pida absorci\u00f3n.<\/p>\n<\/li>\n<\/ul>\n<p data-start=\"1623\" data-end=\"1640\"><strong>Indicaciones:<\/strong><\/p>\n<p data-start=\"1641\" data-end=\"1703\"><strong data-start=\"1643\" data-end=\"1684\">El \u00c1cido Hialur\u00f3nico Puro Elika<\/strong> Foods est\u00e1 indicado para:<\/p>\n<ul data-start=\"1704\" data-end=\"1903\">\n<li data-start=\"1704\" data-end=\"1751\">\n<p data-start=\"1706\" data-end=\"1751\">Todo tipo de pieles, incluidas las sensibles;<\/p>\n<\/li>\n<li data-start=\"1752\" data-end=\"1798\">\n<p data-start=\"1754\" data-end=\"1798\">Personas que buscan una hidrataci\u00f3n intensiva;<\/p>\n<\/li>\n<li data-start=\"1799\" data-end=\"1848\">\n<p data-start=\"1801\" data-end=\"1848\">Quienes deseen reducir los signos del envejecimiento;<\/p>\n<\/li>\n<li data-start=\"1849\" data-end=\"1903\">\n<p data-start=\"1851\" data-end=\"1903\">Rutinas de belleza naturales y eficaces.<\/p>\n<\/li>\n<\/ul>\n<p><strong>Presentaci\u00f3n:<\/strong><\/p>\n<p>30 ml<\/p>\n<p>&nbsp;<\/p>\n","protected":false},"excerpt":{"rendered":"<p>\u00c1cido Hialur\u00f3nico Puro 30ml Elika Foods &#8211; Suero natural para hidratar, reafirmar y rejuvenecer la piel en profundidad. Reduce las arrugas y restaura la luminosidad. [&#8230;]<\/p>\n<p><a class=\"btn btn-secondary understrap-read-more-link\" href=\"https:\/\/www.lifenatura.com\/es\/produto\/acido-hialuronico-puro-30ml-elika-foods\/\">Leer m\u00e1s&#8230;<span class=\"screen-reader-text\"> from \u00c1cido Hialur\u00f3nico Puro 30ml &#8211; Elika Foods<\/span><\/a><\/p>\n","protected":false},"featured_media":114655,"template":"","meta":{"_acf_changed":false},"product_brand":[8565],"product_cat":[7665,7116,7115,7659],"product_tag":[],"class_list":{"0":"post-116467","1":"product","2":"type-product","3":"status-publish","4":"has-post-thumbnail","6":"product_brand-elika-foods-es","7":"product_cat-acido-hialuronico-bio","8":"product_cat-antiedad","9":"product_cat-cuidado-de-la-cara","10":"product_cat-ingrediente-natural-bio","12":"first","13":"instock","14":"shipping-taxable","15":"purchasable","16":"product-type-simple","17":"add-to-wishlist-before_image"},"acf":[],"yoast_head":"<!-- This site is optimized with the Yoast SEO Premium plugin v27.1 (Yoast SEO v27.4) - https:\/\/yoast.com\/product\/yoast-seo-premium-wordpress\/ -->\n<title>\u00c1cido Hialur\u00f3nico Puro 30ml - Elika Foods - Lifenatura<\/title>\n<meta name=\"description\" content=\"\u00c1cido Hialur\u00f3nico Puro Elika Foods, suero natural para hidratar, reafirmar y rejuvenecer la piel en profundidad. Reduce las arrugas.\" \/>\n<meta name=\"robots\" content=\"index, follow, max-snippet:-1, max-image-preview:large, max-video-preview:-1\" \/>\n<link rel=\"canonical\" href=\"https:\/\/www.lifenatura.com\/es\/produto\/acido-hialuronico-puro-30ml-elika-foods\/\" \/>\n<meta property=\"og:locale\" content=\"es_ES\" \/>\n<meta property=\"og:type\" content=\"article\" \/>\n<meta property=\"og:title\" content=\"\u00c1cido Hialur\u00f3nico Puro 30ml - Elika Foods - Lifenatura\" \/>\n<meta property=\"og:description\" content=\"Compre aqui o seu \u00c1cido Hialur\u00f3nico Puro 30ml - Elika Foods e a Lifenatura Online envia em 48 H com Portes Gratis &gt;35\u20ac de Pedido.\" \/>\n<meta property=\"og:url\" content=\"https:\/\/www.lifenatura.com\/es\/produto\/acido-hialuronico-puro-30ml-elika-foods\/\" \/>\n<meta property=\"og:site_name\" content=\"Lifenatura\" \/>\n<meta property=\"article:publisher\" content=\"https:\/\/www.facebook.com\/lifenatura\" \/>\n<meta property=\"article:modified_time\" content=\"2025-09-03T13:17:44+00:00\" \/>\n<meta property=\"og:image\" content=\"https:\/\/www.lifenatura.com\/wp-content\/uploads\/2025\/07\/acido-hialuronico-serum-elika-foods.jpg\" \/>\n\t<meta property=\"og:image:width\" content=\"1000\" \/>\n\t<meta property=\"og:image:height\" content=\"1000\" \/>\n\t<meta property=\"og:image:type\" content=\"image\/jpeg\" \/>\n<meta name=\"twitter:card\" content=\"summary_large_image\" \/>\n<meta name=\"twitter:label1\" content=\"Precio\" \/>\n\t<meta name=\"twitter:data1\" content=\"30,31&nbsp;&euro;\" \/>\n\t<meta name=\"twitter:label2\" content=\"Disponibilidad\" \/>\n\t<meta name=\"twitter:data2\" content=\"Disponible\" \/>\n<meta property=\"product:price:amount\" content=\"30.31\" \/>\n<meta property=\"product:price:currency\" content=\"EUR\" \/>\n<meta property=\"og:availability\" content=\"instock\" \/>\n<meta property=\"product:availability\" content=\"instock\" \/>\n<meta property=\"product:retailer_item_id\" content=\"8436572546295\" \/>\n<meta property=\"product:condition\" content=\"new\" \/>\n<!-- \/ Yoast SEO Premium plugin. -->","yoast_head_json":{"title":"\u00c1cido Hialur\u00f3nico Puro 30ml - Elika Foods - Lifenatura","description":"\u00c1cido Hialur\u00f3nico Puro Elika Foods, suero natural para hidratar, reafirmar y rejuvenecer la piel en profundidad. Reduce las arrugas.","robots":{"index":"index","follow":"follow","max-snippet":"max-snippet:-1","max-image-preview":"max-image-preview:large","max-video-preview":"max-video-preview:-1"},"canonical":"https:\/\/www.lifenatura.com\/es\/produto\/acido-hialuronico-puro-30ml-elika-foods\/","og_locale":"es_ES","og_type":"article","og_title":"\u00c1cido Hialur\u00f3nico Puro 30ml - Elika Foods - Lifenatura","og_description":"Compre aqui o seu \u00c1cido Hialur\u00f3nico Puro 30ml - Elika Foods e a Lifenatura Online envia em 48 H com Portes Gratis >35\u20ac de Pedido.","og_url":"https:\/\/www.lifenatura.com\/es\/produto\/acido-hialuronico-puro-30ml-elika-foods\/","og_site_name":"Lifenatura","article_publisher":"https:\/\/www.facebook.com\/lifenatura","article_modified_time":"2025-09-03T13:17:44+00:00","og_image":[{"width":1000,"height":1000,"url":"https:\/\/www.lifenatura.com\/wp-content\/uploads\/2025\/07\/acido-hialuronico-serum-elika-foods.jpg","type":"image\/jpeg"}],"twitter_card":"summary_large_image","twitter_misc":{"Precio":"30,31&nbsp;&euro;","Disponibilidad":"Disponible"},"schema":{"@context":"https:\/\/schema.org","@graph":[{"@type":"WebPage","@id":"https:\/\/www.lifenatura.com\/es\/produto\/acido-hialuronico-puro-30ml-elika-foods\/","url":"https:\/\/www.lifenatura.com\/es\/produto\/acido-hialuronico-puro-30ml-elika-foods\/","name":"\u00c1cido Hialur\u00f3nico Puro 30ml - Elika Foods - Lifenatura","isPartOf":{"@id":"https:\/\/www.lifenatura.com\/es\/#website"},"primaryImageOfPage":{"@id":"https:\/\/www.lifenatura.com\/es\/produto\/acido-hialuronico-puro-30ml-elika-foods\/#primaryimage"},"image":{"@id":"https:\/\/www.lifenatura.com\/es\/produto\/acido-hialuronico-puro-30ml-elika-foods\/#primaryimage"},"thumbnailUrl":"https:\/\/www.lifenatura.com\/wp-content\/uploads\/2025\/07\/acido-hialuronico-serum-elika-foods.jpg","datePublished":"2025-07-13T00:33:00+00:00","dateModified":"2025-09-03T13:17:44+00:00","description":"\u00c1cido Hialur\u00f3nico Puro Elika Foods, suero natural para hidratar, reafirmar y rejuvenecer la piel en profundidad. Reduce las arrugas.","breadcrumb":{"@id":"https:\/\/www.lifenatura.com\/es\/produto\/acido-hialuronico-puro-30ml-elika-foods\/#breadcrumb"},"inLanguage":"es","potentialAction":[{"@type":"ReadAction","target":["https:\/\/www.lifenatura.com\/es\/produto\/acido-hialuronico-puro-30ml-elika-foods\/"]}]},{"@type":"ImageObject","inLanguage":"es","@id":"https:\/\/www.lifenatura.com\/es\/produto\/acido-hialuronico-puro-30ml-elika-foods\/#primaryimage","url":"https:\/\/www.lifenatura.com\/wp-content\/uploads\/2025\/07\/acido-hialuronico-serum-elika-foods.jpg","contentUrl":"https:\/\/www.lifenatura.com\/wp-content\/uploads\/2025\/07\/acido-hialuronico-serum-elika-foods.jpg","width":1000,"height":1000},{"@type":"BreadcrumbList","@id":"https:\/\/www.lifenatura.com\/es\/produto\/acido-hialuronico-puro-30ml-elika-foods\/#breadcrumb","itemListElement":[{"@type":"ListItem","position":1,"name":"In\u00edcio","item":"https:\/\/www.lifenatura.com\/es\/"},{"@type":"ListItem","position":2,"name":"Todos los Productos","item":"https:\/\/www.lifenatura.com\/es\/tienda\/"},{"@type":"ListItem","position":3,"name":"\u00c1cido Hialur\u00f3nico Puro 30ml &#8211; Elika Foods"}]},{"@type":"WebSite","@id":"https:\/\/www.lifenatura.com\/es\/#website","url":"https:\/\/www.lifenatura.com\/es\/","name":"Lifenatura","description":"A Lifenatura \u00e9 uma loja de produtos naturais, cosm\u00e9tica natural e alimenta\u00e7\u00e3o Biol\u00f3gica.","publisher":{"@id":"https:\/\/www.lifenatura.com\/es\/#organization"},"potentialAction":[{"@type":"SearchAction","target":{"@type":"EntryPoint","urlTemplate":"https:\/\/www.lifenatura.com\/es\/?s={search_term_string}"},"query-input":{"@type":"PropertyValueSpecification","valueRequired":true,"valueName":"search_term_string"}}],"inLanguage":"es"},{"@type":"Organization","@id":"https:\/\/www.lifenatura.com\/es\/#organization","name":"Lifenatura","url":"https:\/\/www.lifenatura.com\/es\/","logo":{"@type":"ImageObject","inLanguage":"es","@id":"https:\/\/www.lifenatura.com\/es\/#\/schema\/logo\/image\/","url":"https:\/\/www.lifenatura.com\/wp-content\/uploads\/2021\/11\/logo.png","contentUrl":"https:\/\/www.lifenatura.com\/wp-content\/uploads\/2021\/11\/logo.png","width":175,"height":55,"caption":"Lifenatura"},"image":{"@id":"https:\/\/www.lifenatura.com\/es\/#\/schema\/logo\/image\/"},"sameAs":["https:\/\/www.facebook.com\/lifenatura","https:\/\/www.instagram.com\/lifenaturapt\/"]}]},"product_price_amount":"30.31","product_price_currency":"EUR","og_availability":"instock","product_availability":"instock","product_retailer_item_id":"8436572546295","product_condition":"new"},"df_price":30.31,"df_sale_price":"","df_regular_price":30.31,"df_image_link":"https:\/\/www.lifenatura.com\/wp-content\/uploads\/2025\/07\/acido-hialuronico-serum-elika-foods-300x300.jpg","_links":{"self":[{"href":"https:\/\/www.lifenatura.com\/es\/wp-json\/wp\/v2\/product\/116467","targetHints":{"allow":["GET"]}}],"collection":[{"href":"https:\/\/www.lifenatura.com\/es\/wp-json\/wp\/v2\/product"}],"about":[{"href":"https:\/\/www.lifenatura.com\/es\/wp-json\/wp\/v2\/types\/product"}],"wp:featuredmedia":[{"embeddable":true,"href":"https:\/\/www.lifenatura.com\/es\/wp-json\/wp\/v2\/media\/114655"}],"wp:attachment":[{"href":"https:\/\/www.lifenatura.com\/es\/wp-json\/wp\/v2\/media?parent=116467"}],"wp:term":[{"taxonomy":"product_brand","embeddable":true,"href":"https:\/\/www.lifenatura.com\/es\/wp-json\/wp\/v2\/product_brand?post=116467"},{"taxonomy":"product_cat","embeddable":true,"href":"https:\/\/www.lifenatura.com\/es\/wp-json\/wp\/v2\/product_cat?post=116467"},{"taxonomy":"product_tag","embeddable":true,"href":"https:\/\/www.lifenatura.com\/es\/wp-json\/wp\/v2\/product_tag?post=116467"}],"curies":[{"name":"wp","href":"https:\/\/api.w.org\/{rel}","templated":true}]}}