{"id":116464,"date":"2025-07-13T00:33:02","date_gmt":"2025-07-13T00:33:02","guid":{"rendered":"https:\/\/www.lifenatura.com\/produto\/moringa-bio-500mg-240-comprimidos-elika-foods\/"},"modified":"2025-09-03T13:02:39","modified_gmt":"2025-09-03T13:02:39","slug":"moringa-bio-500mg-240-comprimidos-elika-foods","status":"publish","type":"product","link":"https:\/\/www.lifenatura.com\/es\/produto\/moringa-bio-500mg-240-comprimidos-elika-foods\/","title":{"rendered":"Moringa Bio 500mg 240 Comprimidos &#8211; Elika Foods"},"content":{"rendered":"<h2 style=\"text-align: left;\" data-start=\"185\" data-end=\"237\">Moringa Bio 500mg &#8211; Elika Foods<\/h2>\n<p>&nbsp;<\/p>\n<p data-start=\"303\" data-end=\"710\"><strong data-start=\"305\" data-end=\"341\">Moringa Bio 500mg de Elika<\/strong> Foods es un suplemento natural de alta calidad elaborado a partir de las hojas del \u00e1rbol <em data-start=\"418\" data-end=\"436\">Moringa oleifera<\/em>, tambi\u00e9n conocido como el &#8220;\u00e1rbol de la vida&#8221; por su impresionante valor nutritivo. Este suplemento, en forma de 240 comprimidos, ofrece una fuente pr\u00e1ctica y eficaz de nutrientes esenciales y es ideal para quienes buscan reforzar su dieta diaria de forma saludable.<\/p>\n<p data-start=\"712\" data-end=\"1036\">La moringa es rica en <strong data-start=\"732\" data-end=\"838\">vitaminas (A, C y E), minerales (hierro, calcio, magnesio, potasio), prote\u00ednas vegetales y antioxidantes<\/strong>, lo que la convierte en un aut\u00e9ntico superalimento. Su consumo regular refuerza el <strong data-start=\"911\" data-end=\"933\">sistema inmunitario<\/strong>, ayuda a <strong data-start=\"952\" data-end=\"986\">reducir el cansancio y la fatiga<\/strong> y favorece la energ\u00eda y la vitalidad durante todo el d\u00eda.<\/p>\n<p data-start=\"1038\" data-end=\"1285\">Gracias a su contenido en antioxidantes, la moringa tambi\u00e9n ayuda a proteger las c\u00e9lulas contra los radicales libres, favoreciendo un envejecimiento saludable. Tambi\u00e9n es beneficiosa para la salud digestiva y metab\u00f3lica, ayudando al equilibrio general del organismo.<\/p>\n<p data-start=\"1287\" data-end=\"1468\">El formato en comprimidos hace que sea pr\u00e1ctico de tomar y adecuado para estilos de vida activos, lo que lo convierte en una opci\u00f3n natural, ecol\u00f3gica y vegana para quienes desean un impulso nutricional completo.<\/p>\n<p data-start=\"1470\" data-end=\"1498\"><strong>Principales ventajas:<\/strong><\/p>\n<ul data-start=\"1499\" data-end=\"1793\">\n<li data-start=\"1499\" data-end=\"1562\">\n<p data-start=\"1501\" data-end=\"1562\">Una rica fuente de <strong data-start=\"1515\" data-end=\"1559\">vitaminas, minerales y prote\u00ednas vegetales<\/strong>;<\/p>\n<\/li>\n<li data-start=\"1563\" data-end=\"1598\">\n<p data-start=\"1565\" data-end=\"1598\">Favorece el <strong data-start=\"1573\" data-end=\"1595\">sistema inmunitario<\/strong>;<\/p>\n<\/li>\n<li data-start=\"1599\" data-end=\"1644\">\n<p data-start=\"1601\" data-end=\"1644\">Ayuda a reducir <strong data-start=\"1619\" data-end=\"1641\">el cansancio y la fatiga<\/strong>;<\/p>\n<\/li>\n<li data-start=\"1645\" data-end=\"1704\">\n<p data-start=\"1647\" data-end=\"1704\">Contribuye a la <strong data-start=\"1664\" data-end=\"1701\">protecci\u00f3n antioxidante de las c\u00e9lulas<\/strong>;<\/p>\n<\/li>\n<li data-start=\"1705\" data-end=\"1751\">\n<p data-start=\"1707\" data-end=\"1751\"><strong data-start=\"1715\" data-end=\"1748\">Ecol\u00f3gico, vegano y sin gluten<\/strong>;<\/p>\n<\/li>\n<li data-start=\"1752\" data-end=\"1793\">\n<p data-start=\"1754\" data-end=\"1793\">Formato econ\u00f3mico de 240 comprimidos.<\/p>\n<\/li>\n<\/ul>\n<p data-start=\"1795\" data-end=\"1812\"><strong>Indicaciones:<\/strong><\/p>\n<p data-start=\"1813\" data-end=\"1870\"><strong data-start=\"1815\" data-end=\"1851\">Moringa Bio 500mg de Elika<\/strong> Foods est\u00e1 indicada para:<\/p>\n<ul data-start=\"1871\" data-end=\"2089\">\n<li data-start=\"1871\" data-end=\"1923\">\n<p data-start=\"1873\" data-end=\"1923\">Personas que buscan un impulso nutricional diario;<\/p>\n<\/li>\n<li data-start=\"1924\" data-end=\"1979\">\n<p data-start=\"1926\" data-end=\"1979\">Los que deseen apoyar la energ\u00eda, la inmunidad y la vitalidad;<\/p>\n<\/li>\n<li data-start=\"1980\" data-end=\"2024\">\n<p data-start=\"1982\" data-end=\"2024\">Dietas veganas, vegetarianas y funcionales;<\/p>\n<\/li>\n<li data-start=\"2025\" data-end=\"2089\">\n<p data-start=\"2027\" data-end=\"2089\">Estilos de vida activos o periodos de mayor desgaste f\u00edsico.<\/p>\n<\/li>\n<\/ul>\n<p><strong>Presentaci\u00f3n:<\/strong><\/p>\n<p>240 Comprimidos<\/p>\n<p>&nbsp;<\/p>\n","protected":false},"excerpt":{"rendered":"<p>Moringa Bio 500mg 240 Comprimidos Elika Foods &#8211; Superalimento ecol\u00f3gico rico en vitaminas, minerales y antioxidantes. Energ\u00eda, inmunidad y vitalidad. [&#8230;]<\/p>\n<p><a class=\"btn btn-secondary understrap-read-more-link\" href=\"https:\/\/www.lifenatura.com\/es\/produto\/moringa-bio-500mg-240-comprimidos-elika-foods\/\">Leer m\u00e1s&#8230;<span class=\"screen-reader-text\"> from Moringa Bio 500mg 240 Comprimidos &#8211; Elika Foods<\/span><\/a><\/p>\n","protected":false},"featured_media":114669,"template":"","meta":{"_acf_changed":false},"product_brand":[8565],"product_cat":[7236,7211,7883],"product_tag":[],"class_list":{"0":"post-116464","1":"product","2":"type-product","3":"status-publish","4":"has-post-thumbnail","6":"product_brand-elika-foods-es","7":"product_cat-antioxidantes-salud","8":"product_cat-reforza-la-inmunidad-salud","9":"product_cat-suplementos-alimenticios","11":"first","12":"instock","13":"shipping-taxable","14":"purchasable","15":"product-type-simple","16":"add-to-wishlist-before_image"},"acf":[],"yoast_head":"<!-- This site is optimized with the Yoast SEO Premium plugin v27.1 (Yoast SEO v27.3) - https:\/\/yoast.com\/product\/yoast-seo-premium-wordpress\/ -->\n<title>Moringa Bio 500mg 240 Comprimidos - Elika Foods - Lifenatura<\/title>\n<meta name=\"description\" content=\"Moringa Bio 500mg 240 Comprimidos Elika Foods - Superalimento ecol\u00f3gico rico en vitaminas, minerales y antioxidantes. Energ\u00eda, inmunidad y vitalidad.\" \/>\n<meta name=\"robots\" content=\"index, follow, max-snippet:-1, max-image-preview:large, max-video-preview:-1\" \/>\n<link rel=\"canonical\" href=\"https:\/\/www.lifenatura.com\/es\/produto\/moringa-bio-500mg-240-comprimidos-elika-foods\/\" \/>\n<meta property=\"og:locale\" content=\"es_ES\" \/>\n<meta property=\"og:type\" content=\"article\" \/>\n<meta property=\"og:title\" content=\"Moringa Bio 500mg 240 Comprimidos - Elika Foods - Lifenatura\" \/>\n<meta property=\"og:description\" content=\"Compre aqui o seu Moringa Bio 500mg 240 Comprimidos - Elika Foods e a Lifenatura Online envia em 48 H com Portes Gratis &gt;35\u20ac de Pedido.\" \/>\n<meta property=\"og:url\" content=\"https:\/\/www.lifenatura.com\/es\/produto\/moringa-bio-500mg-240-comprimidos-elika-foods\/\" \/>\n<meta property=\"og:site_name\" content=\"Lifenatura\" \/>\n<meta property=\"article:publisher\" content=\"https:\/\/www.facebook.com\/lifenatura\" \/>\n<meta property=\"article:modified_time\" content=\"2025-09-03T13:02:39+00:00\" \/>\n<meta property=\"og:image\" content=\"https:\/\/www.lifenatura.com\/wp-content\/uploads\/2025\/07\/moringa-500mg-240comp-elika-foods.jpg\" \/>\n\t<meta property=\"og:image:width\" content=\"1000\" \/>\n\t<meta property=\"og:image:height\" content=\"1000\" \/>\n\t<meta property=\"og:image:type\" content=\"image\/jpeg\" \/>\n<meta name=\"twitter:card\" content=\"summary_large_image\" \/>\n<meta name=\"twitter:label1\" content=\"Precio\" \/>\n\t<meta name=\"twitter:data1\" content=\"23,31&nbsp;&euro;\" \/>\n\t<meta name=\"twitter:label2\" content=\"Disponibilidad\" \/>\n\t<meta name=\"twitter:data2\" content=\"Disponible\" \/>\n<meta property=\"product:price:amount\" content=\"23.31\" \/>\n<meta property=\"product:price:currency\" content=\"EUR\" \/>\n<meta property=\"og:availability\" content=\"instock\" \/>\n<meta property=\"product:availability\" content=\"instock\" \/>\n<meta property=\"product:retailer_item_id\" content=\"6752039116002\" \/>\n<meta property=\"product:condition\" content=\"new\" \/>\n<!-- \/ Yoast SEO Premium plugin. -->","yoast_head_json":{"title":"Moringa Bio 500mg 240 Comprimidos - Elika Foods - Lifenatura","description":"Moringa Bio 500mg 240 Comprimidos Elika Foods - Superalimento ecol\u00f3gico rico en vitaminas, minerales y antioxidantes. Energ\u00eda, inmunidad y vitalidad.","robots":{"index":"index","follow":"follow","max-snippet":"max-snippet:-1","max-image-preview":"max-image-preview:large","max-video-preview":"max-video-preview:-1"},"canonical":"https:\/\/www.lifenatura.com\/es\/produto\/moringa-bio-500mg-240-comprimidos-elika-foods\/","og_locale":"es_ES","og_type":"article","og_title":"Moringa Bio 500mg 240 Comprimidos - Elika Foods - Lifenatura","og_description":"Compre aqui o seu Moringa Bio 500mg 240 Comprimidos - Elika Foods e a Lifenatura Online envia em 48 H com Portes Gratis >35\u20ac de Pedido.","og_url":"https:\/\/www.lifenatura.com\/es\/produto\/moringa-bio-500mg-240-comprimidos-elika-foods\/","og_site_name":"Lifenatura","article_publisher":"https:\/\/www.facebook.com\/lifenatura","article_modified_time":"2025-09-03T13:02:39+00:00","og_image":[{"width":1000,"height":1000,"url":"https:\/\/www.lifenatura.com\/wp-content\/uploads\/2025\/07\/moringa-500mg-240comp-elika-foods.jpg","type":"image\/jpeg"}],"twitter_card":"summary_large_image","twitter_misc":{"Precio":"23,31&nbsp;&euro;","Disponibilidad":"Disponible"},"schema":{"@context":"https:\/\/schema.org","@graph":[{"@type":"WebPage","@id":"https:\/\/www.lifenatura.com\/es\/produto\/moringa-bio-500mg-240-comprimidos-elika-foods\/","url":"https:\/\/www.lifenatura.com\/es\/produto\/moringa-bio-500mg-240-comprimidos-elika-foods\/","name":"Moringa Bio 500mg 240 Comprimidos - Elika Foods - Lifenatura","isPartOf":{"@id":"https:\/\/www.lifenatura.com\/es\/#website"},"primaryImageOfPage":{"@id":"https:\/\/www.lifenatura.com\/es\/produto\/moringa-bio-500mg-240-comprimidos-elika-foods\/#primaryimage"},"image":{"@id":"https:\/\/www.lifenatura.com\/es\/produto\/moringa-bio-500mg-240-comprimidos-elika-foods\/#primaryimage"},"thumbnailUrl":"https:\/\/www.lifenatura.com\/wp-content\/uploads\/2025\/07\/moringa-500mg-240comp-elika-foods.jpg","datePublished":"2025-07-13T00:33:02+00:00","dateModified":"2025-09-03T13:02:39+00:00","description":"Moringa Bio 500mg 240 Comprimidos Elika Foods - Superalimento ecol\u00f3gico rico en vitaminas, minerales y antioxidantes. Energ\u00eda, inmunidad y vitalidad.","breadcrumb":{"@id":"https:\/\/www.lifenatura.com\/es\/produto\/moringa-bio-500mg-240-comprimidos-elika-foods\/#breadcrumb"},"inLanguage":"es","potentialAction":[{"@type":"ReadAction","target":["https:\/\/www.lifenatura.com\/es\/produto\/moringa-bio-500mg-240-comprimidos-elika-foods\/"]}]},{"@type":"ImageObject","inLanguage":"es","@id":"https:\/\/www.lifenatura.com\/es\/produto\/moringa-bio-500mg-240-comprimidos-elika-foods\/#primaryimage","url":"https:\/\/www.lifenatura.com\/wp-content\/uploads\/2025\/07\/moringa-500mg-240comp-elika-foods.jpg","contentUrl":"https:\/\/www.lifenatura.com\/wp-content\/uploads\/2025\/07\/moringa-500mg-240comp-elika-foods.jpg","width":1000,"height":1000},{"@type":"BreadcrumbList","@id":"https:\/\/www.lifenatura.com\/es\/produto\/moringa-bio-500mg-240-comprimidos-elika-foods\/#breadcrumb","itemListElement":[{"@type":"ListItem","position":1,"name":"In\u00edcio","item":"https:\/\/www.lifenatura.com\/es\/"},{"@type":"ListItem","position":2,"name":"Todos los Productos","item":"https:\/\/www.lifenatura.com\/es\/tienda\/"},{"@type":"ListItem","position":3,"name":"Moringa Bio 500mg 240 Comprimidos &#8211; Elika Foods"}]},{"@type":"WebSite","@id":"https:\/\/www.lifenatura.com\/es\/#website","url":"https:\/\/www.lifenatura.com\/es\/","name":"Lifenatura","description":"A Lifenatura \u00e9 uma loja de produtos naturais, cosm\u00e9tica natural e alimenta\u00e7\u00e3o Biol\u00f3gica.","publisher":{"@id":"https:\/\/www.lifenatura.com\/es\/#organization"},"potentialAction":[{"@type":"SearchAction","target":{"@type":"EntryPoint","urlTemplate":"https:\/\/www.lifenatura.com\/es\/?s={search_term_string}"},"query-input":{"@type":"PropertyValueSpecification","valueRequired":true,"valueName":"search_term_string"}}],"inLanguage":"es"},{"@type":"Organization","@id":"https:\/\/www.lifenatura.com\/es\/#organization","name":"Lifenatura","url":"https:\/\/www.lifenatura.com\/es\/","logo":{"@type":"ImageObject","inLanguage":"es","@id":"https:\/\/www.lifenatura.com\/es\/#\/schema\/logo\/image\/","url":"https:\/\/www.lifenatura.com\/wp-content\/uploads\/2021\/11\/logo.png","contentUrl":"https:\/\/www.lifenatura.com\/wp-content\/uploads\/2021\/11\/logo.png","width":175,"height":55,"caption":"Lifenatura"},"image":{"@id":"https:\/\/www.lifenatura.com\/es\/#\/schema\/logo\/image\/"},"sameAs":["https:\/\/www.facebook.com\/lifenatura","https:\/\/www.instagram.com\/lifenaturapt\/"]}]},"product_price_amount":"23.31","product_price_currency":"EUR","og_availability":"instock","product_availability":"instock","product_retailer_item_id":"6752039116002","product_condition":"new"},"df_price":23.31,"df_sale_price":"","df_regular_price":23.31,"df_image_link":"https:\/\/www.lifenatura.com\/wp-content\/uploads\/2025\/07\/moringa-500mg-240comp-elika-foods-300x300.jpg","_links":{"self":[{"href":"https:\/\/www.lifenatura.com\/es\/wp-json\/wp\/v2\/product\/116464","targetHints":{"allow":["GET"]}}],"collection":[{"href":"https:\/\/www.lifenatura.com\/es\/wp-json\/wp\/v2\/product"}],"about":[{"href":"https:\/\/www.lifenatura.com\/es\/wp-json\/wp\/v2\/types\/product"}],"wp:featuredmedia":[{"embeddable":true,"href":"https:\/\/www.lifenatura.com\/es\/wp-json\/wp\/v2\/media\/114669"}],"wp:attachment":[{"href":"https:\/\/www.lifenatura.com\/es\/wp-json\/wp\/v2\/media?parent=116464"}],"wp:term":[{"taxonomy":"product_brand","embeddable":true,"href":"https:\/\/www.lifenatura.com\/es\/wp-json\/wp\/v2\/product_brand?post=116464"},{"taxonomy":"product_cat","embeddable":true,"href":"https:\/\/www.lifenatura.com\/es\/wp-json\/wp\/v2\/product_cat?post=116464"},{"taxonomy":"product_tag","embeddable":true,"href":"https:\/\/www.lifenatura.com\/es\/wp-json\/wp\/v2\/product_tag?post=116464"}],"curies":[{"name":"wp","href":"https:\/\/api.w.org\/{rel}","templated":true}]}}