{"id":116462,"date":"2025-05-13T15:57:52","date_gmt":"2025-05-13T15:57:52","guid":{"rendered":"https:\/\/www.lifenatura.com\/produto\/datil-ecologico-medjoul-200g-saud-viva\/"},"modified":"2025-09-08T13:01:19","modified_gmt":"2025-09-08T13:01:19","slug":"datil-ecologico-medjoul-200g-saud-viva","status":"publish","type":"product","link":"https:\/\/www.lifenatura.com\/es\/produto\/datil-ecologico-medjoul-200g-saud-viva\/","title":{"rendered":"D\u00e1til ecol\u00f3gico Medjoul 200g &#8211; Saud Viva"},"content":{"rendered":"<h2 style=\"text-align: left;\" data-start=\"171\" data-end=\"212\">Fecha Medjoul Bio &#8211; Salud Viva<\/h2>\n<p>&nbsp;<\/p>\n<p data-start=\"275\" data-end=\"644\"><strong data-start=\"277\" data-end=\"313\">El D\u00e1til Medjoul Bio de Salud Viva<\/strong> es un fruto seco premium de origen ecol\u00f3gico, conocido como la &#8220;reina de los d\u00e1tiles&#8221; por su generoso tama\u00f1o, suave textura y sabor naturalmente dulce y caramelizado. Procedentes de la agricultura ecol\u00f3gica, estos d\u00e1tiles son una opci\u00f3n sana, nutritiva y deliciosa para quienes buscan energ\u00eda natural y un tentempi\u00e9 de calidad.<\/p>\n<p data-start=\"646\" data-end=\"1051\">Ricas en <strong data-start=\"655\" data-end=\"665\">fibra<\/strong>, ayudan a regular el tr\u00e1nsito intestinal y favorecen una digesti\u00f3n equilibrada. Tambi\u00e9n contienen minerales esenciales como <strong data-start=\"781\" data-end=\"819\">potasio, magnesio, hierro y calcio<\/strong>, que contribuyen a la funci\u00f3n muscular normal, la salud \u00f3sea y el equilibrio electrol\u00edtico. Tambi\u00e9n son fuente de <strong data-start=\"938\" data-end=\"965\">vitaminas del grupo B<\/strong>, importantes para el metabolismo energ\u00e9tico y para reducir el cansancio y la fatiga.<\/p>\n<p data-start=\"1053\" data-end=\"1451\">Los d\u00e1tiles Medjoul proporcionan energ\u00eda <strong data-start=\"1092\" data-end=\"1114\">de liberaci\u00f3n gradual<\/strong>, por lo que son ideales para deportistas, personas que hacen ejercicio o simplemente para quienes necesitan un impulso de energ\u00eda a lo largo del d\u00eda. Como son dulces por naturaleza, tambi\u00e9n son una excelente alternativa al az\u00facar refinado y pueden utilizarse en recetas saludables de reposter\u00eda, batidos, gachas, rellenos o postres caseros.<\/p>\n<p data-start=\"1453\" data-end=\"1481\"><strong>Principales ventajas:<\/strong><\/p>\n<ul data-start=\"1482\" data-end=\"1778\">\n<li data-start=\"1482\" data-end=\"1524\">\n<p data-start=\"1484\" data-end=\"1524\">Fuente natural de <strong data-start=\"1501\" data-end=\"1521\">energ\u00eda y fibra<\/strong>;<\/p>\n<\/li>\n<li data-start=\"1525\" data-end=\"1590\">\n<p data-start=\"1527\" data-end=\"1590\">Rico en <strong data-start=\"1536\" data-end=\"1559\">minerales esenciales<\/strong> (potasio, hierro, magnesio);<\/p>\n<\/li>\n<li data-start=\"1591\" data-end=\"1638\">\n<p data-start=\"1593\" data-end=\"1638\">Contribuyen a <strong data-start=\"1611\" data-end=\"1635\">una digesti\u00f3n equilibrada<\/strong>;<\/p>\n<\/li>\n<li data-start=\"1639\" data-end=\"1683\">\n<p data-start=\"1641\" data-end=\"1683\">Ayudan a reducir <strong data-start=\"1660\" data-end=\"1680\">el cansancio y la fatiga<\/strong>;<\/p>\n<\/li>\n<li data-start=\"1684\" data-end=\"1730\">\n<p data-start=\"1686\" data-end=\"1730\"><strong data-start=\"1694\" data-end=\"1727\">Ecol\u00f3gico, vegano y sin gluten<\/strong>;<\/p>\n<\/li>\n<li data-start=\"1731\" data-end=\"1778\">\n<p data-start=\"1733\" data-end=\"1778\">Vers\u00e1til para aperitivos y recetas saludables.<\/p>\n<\/li>\n<\/ul>\n<p data-start=\"1780\" data-end=\"1797\"><strong>Indicaciones:<\/strong><\/p>\n<p data-start=\"1798\" data-end=\"1860\"><strong data-start=\"1801\" data-end=\"1838\">Los D\u00e1tiles Medjoul Bio de Salud<\/strong> Viva est\u00e1n recomendados para:<\/p>\n<ul data-start=\"1861\" data-end=\"2054\">\n<li data-start=\"1861\" data-end=\"1915\">\n<p data-start=\"1863\" data-end=\"1915\">Personas que buscan tentempi\u00e9s nutritivos y naturales;<\/p>\n<\/li>\n<li data-start=\"1916\" data-end=\"1962\">\n<p data-start=\"1918\" data-end=\"1962\">Que necesita energ\u00eda r\u00e1pida y sana;<\/p>\n<\/li>\n<li data-start=\"1963\" data-end=\"2009\">\n<p data-start=\"1965\" data-end=\"2009\">Deportistas y practicantes de ejercicio f\u00edsico;<\/p>\n<\/li>\n<li data-start=\"2010\" data-end=\"2054\">\n<p data-start=\"2012\" data-end=\"2054\">Dietas vegana, vegetariana y sin gluten.<\/p>\n<\/li>\n<\/ul>\n<p><strong>Presentaci\u00f3n:<\/strong><\/p>\n<p>200g<\/p>\n<p>&nbsp;<\/p>\n","protected":false},"excerpt":{"rendered":"<p>D\u00e1til ecol\u00f3gico Medjoul 200 g Salud Viva &#8211; Fruto seco ecol\u00f3gico rico en fibra, minerales y energ\u00eda natural. Alternativa saludable al az\u00facar. [&#8230;]<\/p>\n<p><a class=\"btn btn-secondary understrap-read-more-link\" href=\"https:\/\/www.lifenatura.com\/es\/produto\/datil-ecologico-medjoul-200g-saud-viva\/\">Leer m\u00e1s&#8230;<span class=\"screen-reader-text\"> from D\u00e1til ecol\u00f3gico Medjoul 200g &#8211; Saud Viva<\/span><\/a><\/p>\n","protected":false},"featured_media":111429,"template":"","meta":{"_acf_changed":false},"product_brand":[8295],"product_cat":[7064,7086,7074],"product_tag":[],"class_list":{"0":"post-116462","1":"product","2":"type-product","3":"status-publish","4":"has-post-thumbnail","6":"product_brand-salud-viva","7":"product_cat-alimentacion-sana","8":"product_cat-frutos-secos-naturales","9":"product_cat-productos-alimenticios","11":"first","12":"instock","13":"shipping-taxable","14":"purchasable","15":"product-type-simple","16":"add-to-wishlist-before_image"},"acf":[],"yoast_head":"<!-- This site is optimized with the Yoast SEO Premium plugin v27.1 (Yoast SEO v27.5) - https:\/\/yoast.com\/product\/yoast-seo-premium-wordpress\/ -->\n<title>D\u00e1til ecol\u00f3gico Medjoul 200g - Saud Viva - Na Lifenatura ao Melhor Pre\u00e7o | Envio em 48h<\/title>\n<meta name=\"description\" content=\"D\u00e1til ecol\u00f3gico Medjoul 200 g Salud Viva - Fruto seco ecol\u00f3gico rico en fibra, minerales y energ\u00eda natural. Alternativa saludable al az\u00facar.\" \/>\n<meta name=\"robots\" content=\"index, follow, max-snippet:-1, max-image-preview:large, max-video-preview:-1\" \/>\n<link rel=\"canonical\" href=\"https:\/\/www.lifenatura.com\/es\/produto\/datil-ecologico-medjoul-200g-saud-viva\/\" \/>\n<meta property=\"og:locale\" content=\"es_ES\" \/>\n<meta property=\"og:type\" content=\"article\" \/>\n<meta property=\"og:title\" content=\"D\u00e1til ecol\u00f3gico Medjoul 200g - Saud Viva - Na Lifenatura ao Melhor Pre\u00e7o | Envio 48h\" \/>\n<meta property=\"og:description\" content=\"Compre D\u00e1til ecol\u00f3gico Medjoul 200g - Saud Viva com envio r\u00e1pido. Entrega em 48h e portes gr\u00e1tis em compras &gt;35\u20ac. Aproveite j\u00e1 na Lifenatura\" \/>\n<meta property=\"og:url\" content=\"https:\/\/www.lifenatura.com\/es\/produto\/datil-ecologico-medjoul-200g-saud-viva\/\" \/>\n<meta property=\"og:site_name\" content=\"Lifenatura\" \/>\n<meta property=\"article:publisher\" content=\"https:\/\/www.facebook.com\/lifenatura\" \/>\n<meta property=\"article:modified_time\" content=\"2025-09-08T13:01:19+00:00\" \/>\n<meta property=\"og:image\" content=\"https:\/\/www.lifenatura.com\/wp-content\/uploads\/2025\/05\/tamara-medjoul-200g-salud-viva.jpg\" \/>\n\t<meta property=\"og:image:width\" content=\"1000\" \/>\n\t<meta property=\"og:image:height\" content=\"1000\" \/>\n\t<meta property=\"og:image:type\" content=\"image\/jpeg\" \/>\n<meta name=\"twitter:card\" content=\"summary_large_image\" \/>\n<meta name=\"twitter:label1\" content=\"Precio\" \/>\n\t<meta name=\"twitter:data1\" content=\"8,91&nbsp;&euro;\" \/>\n\t<meta name=\"twitter:label2\" content=\"Disponibilidad\" \/>\n\t<meta name=\"twitter:data2\" content=\"Disponible\" \/>\n<script type=\"application\/ld+json\" class=\"yoast-schema-graph\">{\"@context\":\"https:\\\/\\\/schema.org\",\"@graph\":[{\"@type\":\"WebPage\",\"@id\":\"https:\\\/\\\/www.lifenatura.com\\\/es\\\/produto\\\/datil-ecologico-medjoul-200g-saud-viva\\\/\",\"url\":\"https:\\\/\\\/www.lifenatura.com\\\/es\\\/produto\\\/datil-ecologico-medjoul-200g-saud-viva\\\/\",\"name\":\"D\u00e1til ecol\u00f3gico Medjoul 200g - Saud Viva - Na Lifenatura ao Melhor Pre\u00e7o | Envio em 48h\",\"isPartOf\":{\"@id\":\"https:\\\/\\\/www.lifenatura.com\\\/es\\\/#website\"},\"primaryImageOfPage\":{\"@id\":\"https:\\\/\\\/www.lifenatura.com\\\/es\\\/produto\\\/datil-ecologico-medjoul-200g-saud-viva\\\/#primaryimage\"},\"image\":{\"@id\":\"https:\\\/\\\/www.lifenatura.com\\\/es\\\/produto\\\/datil-ecologico-medjoul-200g-saud-viva\\\/#primaryimage\"},\"thumbnailUrl\":\"https:\\\/\\\/www.lifenatura.com\\\/wp-content\\\/uploads\\\/2025\\\/05\\\/tamara-medjoul-200g-salud-viva.jpg\",\"datePublished\":\"2025-05-13T15:57:52+00:00\",\"dateModified\":\"2025-09-08T13:01:19+00:00\",\"description\":\"D\u00e1til ecol\u00f3gico Medjoul 200 g Salud Viva - Fruto seco ecol\u00f3gico rico en fibra, minerales y energ\u00eda natural. Alternativa saludable al az\u00facar.\",\"breadcrumb\":{\"@id\":\"https:\\\/\\\/www.lifenatura.com\\\/es\\\/produto\\\/datil-ecologico-medjoul-200g-saud-viva\\\/#breadcrumb\"},\"inLanguage\":\"es\",\"potentialAction\":[{\"@type\":\"ReadAction\",\"target\":[\"https:\\\/\\\/www.lifenatura.com\\\/es\\\/produto\\\/datil-ecologico-medjoul-200g-saud-viva\\\/\"]}]},{\"@type\":\"ImageObject\",\"inLanguage\":\"es\",\"@id\":\"https:\\\/\\\/www.lifenatura.com\\\/es\\\/produto\\\/datil-ecologico-medjoul-200g-saud-viva\\\/#primaryimage\",\"url\":\"https:\\\/\\\/www.lifenatura.com\\\/wp-content\\\/uploads\\\/2025\\\/05\\\/tamara-medjoul-200g-salud-viva.jpg\",\"contentUrl\":\"https:\\\/\\\/www.lifenatura.com\\\/wp-content\\\/uploads\\\/2025\\\/05\\\/tamara-medjoul-200g-salud-viva.jpg\",\"width\":1000,\"height\":1000},{\"@type\":\"BreadcrumbList\",\"@id\":\"https:\\\/\\\/www.lifenatura.com\\\/es\\\/produto\\\/datil-ecologico-medjoul-200g-saud-viva\\\/#breadcrumb\",\"itemListElement\":[{\"@type\":\"ListItem\",\"position\":1,\"name\":\"In\u00edcio\",\"item\":\"https:\\\/\\\/www.lifenatura.com\\\/es\\\/\"},{\"@type\":\"ListItem\",\"position\":2,\"name\":\"Todos los Productos\",\"item\":\"https:\\\/\\\/www.lifenatura.com\\\/es\\\/tienda\\\/\"},{\"@type\":\"ListItem\",\"position\":3,\"name\":\"D\u00e1til ecol\u00f3gico Medjoul 200g &#8211; Saud Viva\"}]},{\"@type\":\"WebSite\",\"@id\":\"https:\\\/\\\/www.lifenatura.com\\\/es\\\/#website\",\"url\":\"https:\\\/\\\/www.lifenatura.com\\\/es\\\/\",\"name\":\"Lifenatura\",\"description\":\"A Lifenatura \u00e9 uma loja de produtos naturais, cosm\u00e9tica natural e alimenta\u00e7\u00e3o Biol\u00f3gica.\",\"publisher\":{\"@id\":\"https:\\\/\\\/www.lifenatura.com\\\/es\\\/#organization\"},\"potentialAction\":[{\"@type\":\"SearchAction\",\"target\":{\"@type\":\"EntryPoint\",\"urlTemplate\":\"https:\\\/\\\/www.lifenatura.com\\\/es\\\/?s={search_term_string}\"},\"query-input\":{\"@type\":\"PropertyValueSpecification\",\"valueRequired\":true,\"valueName\":\"search_term_string\"}}],\"inLanguage\":\"es\"},{\"@type\":\"Organization\",\"@id\":\"https:\\\/\\\/www.lifenatura.com\\\/es\\\/#organization\",\"name\":\"Lifenatura\",\"url\":\"https:\\\/\\\/www.lifenatura.com\\\/es\\\/\",\"logo\":{\"@type\":\"ImageObject\",\"inLanguage\":\"es\",\"@id\":\"https:\\\/\\\/www.lifenatura.com\\\/es\\\/#\\\/schema\\\/logo\\\/image\\\/\",\"url\":\"https:\\\/\\\/www.lifenatura.com\\\/wp-content\\\/uploads\\\/2021\\\/07\\\/logo.png\",\"contentUrl\":\"https:\\\/\\\/www.lifenatura.com\\\/wp-content\\\/uploads\\\/2021\\\/07\\\/logo.png\",\"width\":175,\"height\":55,\"caption\":\"Lifenatura\"},\"image\":{\"@id\":\"https:\\\/\\\/www.lifenatura.com\\\/es\\\/#\\\/schema\\\/logo\\\/image\\\/\"},\"sameAs\":[\"https:\\\/\\\/www.facebook.com\\\/lifenatura\",\"https:\\\/\\\/www.instagram.com\\\/lifenaturapt\\\/\"],\"hasMerchantReturnPolicy\":{\"@type\":\"MerchantReturnPolicy\",\"merchantReturnLink\":\"https:\\\/\\\/www.lifenatura.com\\\/termos-condicoes-lifenatura\\\/\"}}]}<\/script>\n<meta property=\"product:price:amount\" content=\"8.91\" \/>\n<meta property=\"product:price:currency\" content=\"EUR\" \/>\n<meta property=\"og:availability\" content=\"instock\" \/>\n<meta property=\"product:availability\" content=\"instock\" \/>\n<meta property=\"product:retailer_item_id\" content=\"1100000006\" \/>\n<meta property=\"product:condition\" content=\"new\" \/>\n<!-- \/ Yoast SEO Premium plugin. -->","yoast_head_json":{"title":"D\u00e1til ecol\u00f3gico Medjoul 200g - Saud Viva - Na Lifenatura ao Melhor Pre\u00e7o | Envio em 48h","description":"D\u00e1til ecol\u00f3gico Medjoul 200 g Salud Viva - Fruto seco ecol\u00f3gico rico en fibra, minerales y energ\u00eda natural. Alternativa saludable al az\u00facar.","robots":{"index":"index","follow":"follow","max-snippet":"max-snippet:-1","max-image-preview":"max-image-preview:large","max-video-preview":"max-video-preview:-1"},"canonical":"https:\/\/www.lifenatura.com\/es\/produto\/datil-ecologico-medjoul-200g-saud-viva\/","og_locale":"es_ES","og_type":"article","og_title":"D\u00e1til ecol\u00f3gico Medjoul 200g - Saud Viva - Na Lifenatura ao Melhor Pre\u00e7o | Envio 48h","og_description":"Compre D\u00e1til ecol\u00f3gico Medjoul 200g - Saud Viva com envio r\u00e1pido. Entrega em 48h e portes gr\u00e1tis em compras >35\u20ac. Aproveite j\u00e1 na Lifenatura","og_url":"https:\/\/www.lifenatura.com\/es\/produto\/datil-ecologico-medjoul-200g-saud-viva\/","og_site_name":"Lifenatura","article_publisher":"https:\/\/www.facebook.com\/lifenatura","article_modified_time":"2025-09-08T13:01:19+00:00","og_image":[{"width":1000,"height":1000,"url":"https:\/\/www.lifenatura.com\/wp-content\/uploads\/2025\/05\/tamara-medjoul-200g-salud-viva.jpg","type":"image\/jpeg"}],"twitter_card":"summary_large_image","twitter_misc":{"Precio":"8,91&nbsp;&euro;","Disponibilidad":"Disponible"},"schema":{"@context":"https:\/\/schema.org","@graph":[{"@type":"WebPage","@id":"https:\/\/www.lifenatura.com\/es\/produto\/datil-ecologico-medjoul-200g-saud-viva\/","url":"https:\/\/www.lifenatura.com\/es\/produto\/datil-ecologico-medjoul-200g-saud-viva\/","name":"D\u00e1til ecol\u00f3gico Medjoul 200g - Saud Viva - Na Lifenatura ao Melhor Pre\u00e7o | Envio em 48h","isPartOf":{"@id":"https:\/\/www.lifenatura.com\/es\/#website"},"primaryImageOfPage":{"@id":"https:\/\/www.lifenatura.com\/es\/produto\/datil-ecologico-medjoul-200g-saud-viva\/#primaryimage"},"image":{"@id":"https:\/\/www.lifenatura.com\/es\/produto\/datil-ecologico-medjoul-200g-saud-viva\/#primaryimage"},"thumbnailUrl":"https:\/\/www.lifenatura.com\/wp-content\/uploads\/2025\/05\/tamara-medjoul-200g-salud-viva.jpg","datePublished":"2025-05-13T15:57:52+00:00","dateModified":"2025-09-08T13:01:19+00:00","description":"D\u00e1til ecol\u00f3gico Medjoul 200 g Salud Viva - Fruto seco ecol\u00f3gico rico en fibra, minerales y energ\u00eda natural. Alternativa saludable al az\u00facar.","breadcrumb":{"@id":"https:\/\/www.lifenatura.com\/es\/produto\/datil-ecologico-medjoul-200g-saud-viva\/#breadcrumb"},"inLanguage":"es","potentialAction":[{"@type":"ReadAction","target":["https:\/\/www.lifenatura.com\/es\/produto\/datil-ecologico-medjoul-200g-saud-viva\/"]}]},{"@type":"ImageObject","inLanguage":"es","@id":"https:\/\/www.lifenatura.com\/es\/produto\/datil-ecologico-medjoul-200g-saud-viva\/#primaryimage","url":"https:\/\/www.lifenatura.com\/wp-content\/uploads\/2025\/05\/tamara-medjoul-200g-salud-viva.jpg","contentUrl":"https:\/\/www.lifenatura.com\/wp-content\/uploads\/2025\/05\/tamara-medjoul-200g-salud-viva.jpg","width":1000,"height":1000},{"@type":"BreadcrumbList","@id":"https:\/\/www.lifenatura.com\/es\/produto\/datil-ecologico-medjoul-200g-saud-viva\/#breadcrumb","itemListElement":[{"@type":"ListItem","position":1,"name":"In\u00edcio","item":"https:\/\/www.lifenatura.com\/es\/"},{"@type":"ListItem","position":2,"name":"Todos los Productos","item":"https:\/\/www.lifenatura.com\/es\/tienda\/"},{"@type":"ListItem","position":3,"name":"D\u00e1til ecol\u00f3gico Medjoul 200g &#8211; Saud Viva"}]},{"@type":"WebSite","@id":"https:\/\/www.lifenatura.com\/es\/#website","url":"https:\/\/www.lifenatura.com\/es\/","name":"Lifenatura","description":"A Lifenatura \u00e9 uma loja de produtos naturais, cosm\u00e9tica natural e alimenta\u00e7\u00e3o Biol\u00f3gica.","publisher":{"@id":"https:\/\/www.lifenatura.com\/es\/#organization"},"potentialAction":[{"@type":"SearchAction","target":{"@type":"EntryPoint","urlTemplate":"https:\/\/www.lifenatura.com\/es\/?s={search_term_string}"},"query-input":{"@type":"PropertyValueSpecification","valueRequired":true,"valueName":"search_term_string"}}],"inLanguage":"es"},{"@type":"Organization","@id":"https:\/\/www.lifenatura.com\/es\/#organization","name":"Lifenatura","url":"https:\/\/www.lifenatura.com\/es\/","logo":{"@type":"ImageObject","inLanguage":"es","@id":"https:\/\/www.lifenatura.com\/es\/#\/schema\/logo\/image\/","url":"https:\/\/www.lifenatura.com\/wp-content\/uploads\/2021\/07\/logo.png","contentUrl":"https:\/\/www.lifenatura.com\/wp-content\/uploads\/2021\/07\/logo.png","width":175,"height":55,"caption":"Lifenatura"},"image":{"@id":"https:\/\/www.lifenatura.com\/es\/#\/schema\/logo\/image\/"},"sameAs":["https:\/\/www.facebook.com\/lifenatura","https:\/\/www.instagram.com\/lifenaturapt\/"],"hasMerchantReturnPolicy":{"@type":"MerchantReturnPolicy","merchantReturnLink":"https:\/\/www.lifenatura.com\/termos-condicoes-lifenatura\/"}}]},"product_price_amount":"8.91","product_price_currency":"EUR","og_availability":"instock","product_availability":"instock","product_retailer_item_id":"1100000006","product_condition":"new"},"df_price":8.91,"df_sale_price":"","df_regular_price":8.91,"df_image_link":"https:\/\/www.lifenatura.com\/wp-content\/uploads\/2025\/05\/tamara-medjoul-200g-salud-viva-300x300.jpg","_links":{"self":[{"href":"https:\/\/www.lifenatura.com\/es\/wp-json\/wp\/v2\/product\/116462","targetHints":{"allow":["GET"]}}],"collection":[{"href":"https:\/\/www.lifenatura.com\/es\/wp-json\/wp\/v2\/product"}],"about":[{"href":"https:\/\/www.lifenatura.com\/es\/wp-json\/wp\/v2\/types\/product"}],"wp:featuredmedia":[{"embeddable":true,"href":"https:\/\/www.lifenatura.com\/es\/wp-json\/wp\/v2\/media\/111429"}],"wp:attachment":[{"href":"https:\/\/www.lifenatura.com\/es\/wp-json\/wp\/v2\/media?parent=116462"}],"wp:term":[{"taxonomy":"product_brand","embeddable":true,"href":"https:\/\/www.lifenatura.com\/es\/wp-json\/wp\/v2\/product_brand?post=116462"},{"taxonomy":"product_cat","embeddable":true,"href":"https:\/\/www.lifenatura.com\/es\/wp-json\/wp\/v2\/product_cat?post=116462"},{"taxonomy":"product_tag","embeddable":true,"href":"https:\/\/www.lifenatura.com\/es\/wp-json\/wp\/v2\/product_tag?post=116462"}],"curies":[{"name":"wp","href":"https:\/\/api.w.org\/{rel}","templated":true}]}}