{"id":116460,"date":"2025-07-13T00:32:55","date_gmt":"2025-07-13T00:32:55","guid":{"rendered":"https:\/\/www.lifenatura.com\/produto\/curcuma-piperina-120-comprimidos-elika-foods\/"},"modified":"2025-09-19T06:58:59","modified_gmt":"2025-09-19T06:58:59","slug":"curcuma-piperina-120-comprimidos-elika-foods","status":"publish","type":"product","link":"https:\/\/www.lifenatura.com\/es\/produto\/curcuma-piperina-120-comprimidos-elika-foods\/","title":{"rendered":"C\u00farcuma + Piperina 120 Comprimidos &#8211; Elika Foods"},"content":{"rendered":"<h2 style=\"text-align: left;\" data-start=\"183\" data-end=\"236\">C\u00farcuma + Piperina 120 Comprimidos &#8211; Elika Foods<\/h2>\n<p>&nbsp;<\/p>\n<p data-start=\"296\" data-end=\"736\"><strong data-start=\"298\" data-end=\"335\">C\u00farcuma + Piperina de Elika<\/strong> Foods es un complemento alimenticio natural, formulado en forma de comprimidos, que combina dos ingredientes de alto valor terap\u00e9utico: <strong data-start=\"459\" data-end=\"486\">la c\u00farcuma (Curcuma longa)<\/strong> y la <strong data-start=\"491\" data-end=\"503\">piperina<\/strong>, el principio activo de la pimienta negra. Esta combinaci\u00f3n es esencial porque la piperina aumenta significativamente la <strong data-start=\"624\" data-end=\"659\">biodisponibilidad de la curcumina<\/strong>, el compuesto activo de la c\u00farcuma responsable de sus principales beneficios.<\/p>\n<p data-start=\"738\" data-end=\"1101\">Conocida como &#8220;la ra\u00edz de oro&#8221;, la c\u00farcuma se utiliza tradicionalmente en la medicina ayurv\u00e9dica y moderna por sus propiedades <strong data-start=\"867\" data-end=\"917\">antiinflamatorias, antioxidantes y digestivas<\/strong>. Su consumo regular ayuda a proteger las c\u00e9lulas contra los radicales libres, reduce la inflamaci\u00f3n del organismo y favorece el equilibrio de los sistemas digestivo y articular.<\/p>\n<p data-start=\"1103\" data-end=\"1281\">Gracias a su formulaci\u00f3n natural y concentrada, este suplemento es una opci\u00f3n excelente para favorecer el bienestar general, prevenir el envejecimiento prematuro y mantener la energ\u00eda diaria.<\/p>\n<p data-start=\"1283\" data-end=\"1311\"><strong>Principales ventajas:<\/strong><\/p>\n<ul data-start=\"1312\" data-end=\"1640\">\n<li data-start=\"1312\" data-end=\"1357\">\n<p data-start=\"1314\" data-end=\"1357\">Fuerte acci\u00f3n <strong data-start=\"1325\" data-end=\"1346\">antiinflamatoria<\/strong> natural;<\/p>\n<\/li>\n<li data-start=\"1358\" data-end=\"1433\">\n<p data-start=\"1360\" data-end=\"1433\">Rico en <strong data-start=\"1368\" data-end=\"1385\">antioxidantes<\/strong>, que protegen las c\u00e9lulas del estr\u00e9s oxidativo;<\/p>\n<\/li>\n<li data-start=\"1434\" data-end=\"1488\">\n<p data-start=\"1436\" data-end=\"1488\">Favorece <strong data-start=\"1444\" data-end=\"1485\">la salud articular y muscular<\/strong>;<\/p>\n<\/li>\n<li data-start=\"1489\" data-end=\"1543\">\n<p data-start=\"1491\" data-end=\"1543\">Favorece <strong data-start=\"1502\" data-end=\"1540\">la digesti\u00f3n y el equilibrio intestinal<\/strong>;<\/p>\n<\/li>\n<li data-start=\"1544\" data-end=\"1595\">\n<p data-start=\"1546\" data-end=\"1595\">La piperina aumenta la <strong data-start=\"1567\" data-end=\"1592\">absorci\u00f3n de la curcumina<\/strong>;<\/p>\n<\/li>\n<li data-start=\"1596\" data-end=\"1640\">\n<p data-start=\"1598\" data-end=\"1640\">Producto <strong data-start=\"1606\" data-end=\"1637\">natural, vegano y sin gluten<\/strong>.<\/p>\n<\/li>\n<\/ul>\n<p data-start=\"1642\" data-end=\"1659\"><strong>Indicaciones:<\/strong><\/p>\n<p data-start=\"1660\" data-end=\"1734\"><strong data-start=\"1662\" data-end=\"1715\">C\u00farcuma + Piperina 120 Comprimidos de Elika<\/strong> Foods est\u00e1 indicado para:<\/p>\n<ul data-start=\"1735\" data-end=\"1979\">\n<li data-start=\"1735\" data-end=\"1797\">\n<p data-start=\"1737\" data-end=\"1797\">Personas que buscan aliviar la inflamaci\u00f3n de forma natural;<\/p>\n<\/li>\n<li data-start=\"1798\" data-end=\"1837\">\n<p data-start=\"1800\" data-end=\"1837\">Ayuda a la salud articular y muscular;<\/p>\n<\/li>\n<li data-start=\"1838\" data-end=\"1885\">\n<p data-start=\"1840\" data-end=\"1885\">Refuerzo antioxidante para la protecci\u00f3n celular;<\/p>\n<\/li>\n<li data-start=\"1886\" data-end=\"1922\">\n<p data-start=\"1888\" data-end=\"1922\">Cualquier persona que desee mejorar la digesti\u00f3n;<\/p>\n<\/li>\n<li data-start=\"1923\" data-end=\"1979\">\n<p data-start=\"1925\" data-end=\"1979\">Dietas veganas, vegetarianas y de bienestar funcional.<\/p>\n<\/li>\n<\/ul>\n<p><strong>Presentaci\u00f3n:<\/strong><\/p>\n<p>120 Comprimidos<\/p>\n<p>&nbsp;<\/p>\n","protected":false},"excerpt":{"rendered":"<p>C\u00farcuma + Piperina 120 Comprimidos Elika Foods &#8211; Suplemento natural con fuerte acci\u00f3n antiinflamatoria y antioxidante. Favorece las articulaciones y la digesti\u00f3n. [&#8230;]<\/p>\n<p><a class=\"btn btn-secondary understrap-read-more-link\" href=\"https:\/\/www.lifenatura.com\/es\/produto\/curcuma-piperina-120-comprimidos-elika-foods\/\">Leer m\u00e1s&#8230;<span class=\"screen-reader-text\"> from C\u00farcuma + Piperina 120 Comprimidos &#8211; Elika Foods<\/span><\/a><\/p>\n","protected":false},"featured_media":114657,"template":"","meta":{"_acf_changed":false},"product_brand":[8565],"product_cat":[7064,7999,7205,7695,7074,7179,7883],"product_tag":[],"class_list":{"0":"post-116460","1":"product","2":"type-product","3":"status-publish","4":"has-post-thumbnail","6":"product_brand-elika-foods-es","7":"product_cat-alimentacion-sana","8":"product_cat-antiinflamatorio-natural","9":"product_cat-articulaciones","10":"product_cat-curcuma-bio","11":"product_cat-productos-alimenticios","12":"product_cat-salud","13":"product_cat-suplementos-alimenticios","15":"first","16":"instock","17":"shipping-taxable","18":"purchasable","19":"product-type-simple","20":"add-to-wishlist-before_image"},"acf":[],"yoast_head":"<!-- This site is optimized with the Yoast SEO Premium plugin v27.1 (Yoast SEO v27.5) - https:\/\/yoast.com\/product\/yoast-seo-premium-wordpress\/ -->\n<title>C\u00farcuma + Piperina 120 Comprimidos - Elika Foods - Na Lifenatura ao Melhor Pre\u00e7o | Envio em 48h<\/title>\n<meta name=\"description\" content=\"C\u00farcuma Piperina Elika Foods - Suplemento natural con fuerte acci\u00f3n antiinflamatoria y antioxidante. Favorece las articulaciones y la digesti\u00f3n.\" \/>\n<meta name=\"robots\" content=\"index, follow, max-snippet:-1, max-image-preview:large, max-video-preview:-1\" \/>\n<link rel=\"canonical\" href=\"https:\/\/www.lifenatura.com\/es\/produto\/curcuma-piperina-120-comprimidos-elika-foods\/\" \/>\n<meta property=\"og:locale\" content=\"es_ES\" \/>\n<meta property=\"og:type\" content=\"article\" \/>\n<meta property=\"og:title\" content=\"C\u00farcuma + Piperina 120 Comprimidos - Elika Foods - Na Lifenatura ao Melhor Pre\u00e7o | Envio 48h\" \/>\n<meta property=\"og:description\" content=\"Compre C\u00farcuma + Piperina 120 Comprimidos - Elika Foods com envio r\u00e1pido. Entrega em 48h e portes gr\u00e1tis em compras &gt;35\u20ac. Aproveite j\u00e1 na Lifenatura\" \/>\n<meta property=\"og:url\" content=\"https:\/\/www.lifenatura.com\/es\/produto\/curcuma-piperina-120-comprimidos-elika-foods\/\" \/>\n<meta property=\"og:site_name\" content=\"Lifenatura\" \/>\n<meta property=\"article:publisher\" content=\"https:\/\/www.facebook.com\/lifenatura\" \/>\n<meta property=\"article:modified_time\" content=\"2025-09-19T06:58:59+00:00\" \/>\n<meta property=\"og:image\" content=\"https:\/\/www.lifenatura.com\/wp-content\/uploads\/2025\/07\/curcuma-piperina-120comp-elika-foods.jpg\" \/>\n\t<meta property=\"og:image:width\" content=\"1000\" \/>\n\t<meta property=\"og:image:height\" content=\"1000\" \/>\n\t<meta property=\"og:image:type\" content=\"image\/jpeg\" \/>\n<meta name=\"twitter:card\" content=\"summary_large_image\" \/>\n<meta name=\"twitter:label1\" content=\"Precio\" \/>\n\t<meta name=\"twitter:data1\" content=\"16,31&nbsp;&euro;\" \/>\n\t<meta name=\"twitter:label2\" content=\"Disponibilidad\" \/>\n\t<meta name=\"twitter:data2\" content=\"Disponible\" \/>\n<script type=\"application\/ld+json\" class=\"yoast-schema-graph\">{\"@context\":\"https:\\\/\\\/schema.org\",\"@graph\":[{\"@type\":\"WebPage\",\"@id\":\"https:\\\/\\\/www.lifenatura.com\\\/es\\\/produto\\\/curcuma-piperina-120-comprimidos-elika-foods\\\/\",\"url\":\"https:\\\/\\\/www.lifenatura.com\\\/es\\\/produto\\\/curcuma-piperina-120-comprimidos-elika-foods\\\/\",\"name\":\"C\u00farcuma + Piperina 120 Comprimidos - Elika Foods - Na Lifenatura ao Melhor Pre\u00e7o | Envio em 48h\",\"isPartOf\":{\"@id\":\"https:\\\/\\\/www.lifenatura.com\\\/es\\\/#website\"},\"primaryImageOfPage\":{\"@id\":\"https:\\\/\\\/www.lifenatura.com\\\/es\\\/produto\\\/curcuma-piperina-120-comprimidos-elika-foods\\\/#primaryimage\"},\"image\":{\"@id\":\"https:\\\/\\\/www.lifenatura.com\\\/es\\\/produto\\\/curcuma-piperina-120-comprimidos-elika-foods\\\/#primaryimage\"},\"thumbnailUrl\":\"https:\\\/\\\/www.lifenatura.com\\\/wp-content\\\/uploads\\\/2025\\\/07\\\/curcuma-piperina-120comp-elika-foods.jpg\",\"datePublished\":\"2025-07-13T00:32:55+00:00\",\"dateModified\":\"2025-09-19T06:58:59+00:00\",\"description\":\"C\u00farcuma Piperina Elika Foods - Suplemento natural con fuerte acci\u00f3n antiinflamatoria y antioxidante. Favorece las articulaciones y la digesti\u00f3n.\",\"breadcrumb\":{\"@id\":\"https:\\\/\\\/www.lifenatura.com\\\/es\\\/produto\\\/curcuma-piperina-120-comprimidos-elika-foods\\\/#breadcrumb\"},\"inLanguage\":\"es\",\"potentialAction\":[{\"@type\":\"ReadAction\",\"target\":[\"https:\\\/\\\/www.lifenatura.com\\\/es\\\/produto\\\/curcuma-piperina-120-comprimidos-elika-foods\\\/\"]}]},{\"@type\":\"ImageObject\",\"inLanguage\":\"es\",\"@id\":\"https:\\\/\\\/www.lifenatura.com\\\/es\\\/produto\\\/curcuma-piperina-120-comprimidos-elika-foods\\\/#primaryimage\",\"url\":\"https:\\\/\\\/www.lifenatura.com\\\/wp-content\\\/uploads\\\/2025\\\/07\\\/curcuma-piperina-120comp-elika-foods.jpg\",\"contentUrl\":\"https:\\\/\\\/www.lifenatura.com\\\/wp-content\\\/uploads\\\/2025\\\/07\\\/curcuma-piperina-120comp-elika-foods.jpg\",\"width\":1000,\"height\":1000},{\"@type\":\"BreadcrumbList\",\"@id\":\"https:\\\/\\\/www.lifenatura.com\\\/es\\\/produto\\\/curcuma-piperina-120-comprimidos-elika-foods\\\/#breadcrumb\",\"itemListElement\":[{\"@type\":\"ListItem\",\"position\":1,\"name\":\"In\u00edcio\",\"item\":\"https:\\\/\\\/www.lifenatura.com\\\/es\\\/\"},{\"@type\":\"ListItem\",\"position\":2,\"name\":\"Todos los Productos\",\"item\":\"https:\\\/\\\/www.lifenatura.com\\\/es\\\/tienda\\\/\"},{\"@type\":\"ListItem\",\"position\":3,\"name\":\"C\u00farcuma + Piperina 120 Comprimidos &#8211; Elika Foods\"}]},{\"@type\":\"WebSite\",\"@id\":\"https:\\\/\\\/www.lifenatura.com\\\/es\\\/#website\",\"url\":\"https:\\\/\\\/www.lifenatura.com\\\/es\\\/\",\"name\":\"Lifenatura\",\"description\":\"A Lifenatura \u00e9 uma loja de produtos naturais, cosm\u00e9tica natural e alimenta\u00e7\u00e3o Biol\u00f3gica.\",\"publisher\":{\"@id\":\"https:\\\/\\\/www.lifenatura.com\\\/es\\\/#organization\"},\"potentialAction\":[{\"@type\":\"SearchAction\",\"target\":{\"@type\":\"EntryPoint\",\"urlTemplate\":\"https:\\\/\\\/www.lifenatura.com\\\/es\\\/?s={search_term_string}\"},\"query-input\":{\"@type\":\"PropertyValueSpecification\",\"valueRequired\":true,\"valueName\":\"search_term_string\"}}],\"inLanguage\":\"es\"},{\"@type\":\"Organization\",\"@id\":\"https:\\\/\\\/www.lifenatura.com\\\/es\\\/#organization\",\"name\":\"Lifenatura\",\"url\":\"https:\\\/\\\/www.lifenatura.com\\\/es\\\/\",\"logo\":{\"@type\":\"ImageObject\",\"inLanguage\":\"es\",\"@id\":\"https:\\\/\\\/www.lifenatura.com\\\/es\\\/#\\\/schema\\\/logo\\\/image\\\/\",\"url\":\"https:\\\/\\\/www.lifenatura.com\\\/wp-content\\\/uploads\\\/2021\\\/07\\\/logo.png\",\"contentUrl\":\"https:\\\/\\\/www.lifenatura.com\\\/wp-content\\\/uploads\\\/2021\\\/07\\\/logo.png\",\"width\":175,\"height\":55,\"caption\":\"Lifenatura\"},\"image\":{\"@id\":\"https:\\\/\\\/www.lifenatura.com\\\/es\\\/#\\\/schema\\\/logo\\\/image\\\/\"},\"sameAs\":[\"https:\\\/\\\/www.facebook.com\\\/lifenatura\",\"https:\\\/\\\/www.instagram.com\\\/lifenaturapt\\\/\"],\"hasMerchantReturnPolicy\":{\"@type\":\"MerchantReturnPolicy\",\"merchantReturnLink\":\"https:\\\/\\\/www.lifenatura.com\\\/termos-condicoes-lifenatura\\\/\"}}]}<\/script>\n<meta property=\"product:price:amount\" content=\"16.31\" \/>\n<meta property=\"product:price:currency\" content=\"EUR\" \/>\n<meta property=\"og:availability\" content=\"instock\" \/>\n<meta property=\"product:availability\" content=\"instock\" \/>\n<meta property=\"product:retailer_item_id\" content=\"742832161640\" \/>\n<meta property=\"product:condition\" content=\"new\" \/>\n<!-- \/ Yoast SEO Premium plugin. -->","yoast_head_json":{"title":"C\u00farcuma + Piperina 120 Comprimidos - Elika Foods - Na Lifenatura ao Melhor Pre\u00e7o | Envio em 48h","description":"C\u00farcuma Piperina Elika Foods - Suplemento natural con fuerte acci\u00f3n antiinflamatoria y antioxidante. Favorece las articulaciones y la digesti\u00f3n.","robots":{"index":"index","follow":"follow","max-snippet":"max-snippet:-1","max-image-preview":"max-image-preview:large","max-video-preview":"max-video-preview:-1"},"canonical":"https:\/\/www.lifenatura.com\/es\/produto\/curcuma-piperina-120-comprimidos-elika-foods\/","og_locale":"es_ES","og_type":"article","og_title":"C\u00farcuma + Piperina 120 Comprimidos - Elika Foods - Na Lifenatura ao Melhor Pre\u00e7o | Envio 48h","og_description":"Compre C\u00farcuma + Piperina 120 Comprimidos - Elika Foods com envio r\u00e1pido. Entrega em 48h e portes gr\u00e1tis em compras >35\u20ac. Aproveite j\u00e1 na Lifenatura","og_url":"https:\/\/www.lifenatura.com\/es\/produto\/curcuma-piperina-120-comprimidos-elika-foods\/","og_site_name":"Lifenatura","article_publisher":"https:\/\/www.facebook.com\/lifenatura","article_modified_time":"2025-09-19T06:58:59+00:00","og_image":[{"width":1000,"height":1000,"url":"https:\/\/www.lifenatura.com\/wp-content\/uploads\/2025\/07\/curcuma-piperina-120comp-elika-foods.jpg","type":"image\/jpeg"}],"twitter_card":"summary_large_image","twitter_misc":{"Precio":"16,31&nbsp;&euro;","Disponibilidad":"Disponible"},"schema":{"@context":"https:\/\/schema.org","@graph":[{"@type":"WebPage","@id":"https:\/\/www.lifenatura.com\/es\/produto\/curcuma-piperina-120-comprimidos-elika-foods\/","url":"https:\/\/www.lifenatura.com\/es\/produto\/curcuma-piperina-120-comprimidos-elika-foods\/","name":"C\u00farcuma + Piperina 120 Comprimidos - Elika Foods - Na Lifenatura ao Melhor Pre\u00e7o | Envio em 48h","isPartOf":{"@id":"https:\/\/www.lifenatura.com\/es\/#website"},"primaryImageOfPage":{"@id":"https:\/\/www.lifenatura.com\/es\/produto\/curcuma-piperina-120-comprimidos-elika-foods\/#primaryimage"},"image":{"@id":"https:\/\/www.lifenatura.com\/es\/produto\/curcuma-piperina-120-comprimidos-elika-foods\/#primaryimage"},"thumbnailUrl":"https:\/\/www.lifenatura.com\/wp-content\/uploads\/2025\/07\/curcuma-piperina-120comp-elika-foods.jpg","datePublished":"2025-07-13T00:32:55+00:00","dateModified":"2025-09-19T06:58:59+00:00","description":"C\u00farcuma Piperina Elika Foods - Suplemento natural con fuerte acci\u00f3n antiinflamatoria y antioxidante. Favorece las articulaciones y la digesti\u00f3n.","breadcrumb":{"@id":"https:\/\/www.lifenatura.com\/es\/produto\/curcuma-piperina-120-comprimidos-elika-foods\/#breadcrumb"},"inLanguage":"es","potentialAction":[{"@type":"ReadAction","target":["https:\/\/www.lifenatura.com\/es\/produto\/curcuma-piperina-120-comprimidos-elika-foods\/"]}]},{"@type":"ImageObject","inLanguage":"es","@id":"https:\/\/www.lifenatura.com\/es\/produto\/curcuma-piperina-120-comprimidos-elika-foods\/#primaryimage","url":"https:\/\/www.lifenatura.com\/wp-content\/uploads\/2025\/07\/curcuma-piperina-120comp-elika-foods.jpg","contentUrl":"https:\/\/www.lifenatura.com\/wp-content\/uploads\/2025\/07\/curcuma-piperina-120comp-elika-foods.jpg","width":1000,"height":1000},{"@type":"BreadcrumbList","@id":"https:\/\/www.lifenatura.com\/es\/produto\/curcuma-piperina-120-comprimidos-elika-foods\/#breadcrumb","itemListElement":[{"@type":"ListItem","position":1,"name":"In\u00edcio","item":"https:\/\/www.lifenatura.com\/es\/"},{"@type":"ListItem","position":2,"name":"Todos los Productos","item":"https:\/\/www.lifenatura.com\/es\/tienda\/"},{"@type":"ListItem","position":3,"name":"C\u00farcuma + Piperina 120 Comprimidos &#8211; Elika Foods"}]},{"@type":"WebSite","@id":"https:\/\/www.lifenatura.com\/es\/#website","url":"https:\/\/www.lifenatura.com\/es\/","name":"Lifenatura","description":"A Lifenatura \u00e9 uma loja de produtos naturais, cosm\u00e9tica natural e alimenta\u00e7\u00e3o Biol\u00f3gica.","publisher":{"@id":"https:\/\/www.lifenatura.com\/es\/#organization"},"potentialAction":[{"@type":"SearchAction","target":{"@type":"EntryPoint","urlTemplate":"https:\/\/www.lifenatura.com\/es\/?s={search_term_string}"},"query-input":{"@type":"PropertyValueSpecification","valueRequired":true,"valueName":"search_term_string"}}],"inLanguage":"es"},{"@type":"Organization","@id":"https:\/\/www.lifenatura.com\/es\/#organization","name":"Lifenatura","url":"https:\/\/www.lifenatura.com\/es\/","logo":{"@type":"ImageObject","inLanguage":"es","@id":"https:\/\/www.lifenatura.com\/es\/#\/schema\/logo\/image\/","url":"https:\/\/www.lifenatura.com\/wp-content\/uploads\/2021\/07\/logo.png","contentUrl":"https:\/\/www.lifenatura.com\/wp-content\/uploads\/2021\/07\/logo.png","width":175,"height":55,"caption":"Lifenatura"},"image":{"@id":"https:\/\/www.lifenatura.com\/es\/#\/schema\/logo\/image\/"},"sameAs":["https:\/\/www.facebook.com\/lifenatura","https:\/\/www.instagram.com\/lifenaturapt\/"],"hasMerchantReturnPolicy":{"@type":"MerchantReturnPolicy","merchantReturnLink":"https:\/\/www.lifenatura.com\/termos-condicoes-lifenatura\/"}}]},"product_price_amount":"16.31","product_price_currency":"EUR","og_availability":"instock","product_availability":"instock","product_retailer_item_id":"742832161640","product_condition":"new"},"df_price":16.31,"df_sale_price":"","df_regular_price":16.31,"df_image_link":"https:\/\/www.lifenatura.com\/wp-content\/uploads\/2025\/07\/curcuma-piperina-120comp-elika-foods-300x300.jpg","_links":{"self":[{"href":"https:\/\/www.lifenatura.com\/es\/wp-json\/wp\/v2\/product\/116460","targetHints":{"allow":["GET"]}}],"collection":[{"href":"https:\/\/www.lifenatura.com\/es\/wp-json\/wp\/v2\/product"}],"about":[{"href":"https:\/\/www.lifenatura.com\/es\/wp-json\/wp\/v2\/types\/product"}],"wp:featuredmedia":[{"embeddable":true,"href":"https:\/\/www.lifenatura.com\/es\/wp-json\/wp\/v2\/media\/114657"}],"wp:attachment":[{"href":"https:\/\/www.lifenatura.com\/es\/wp-json\/wp\/v2\/media?parent=116460"}],"wp:term":[{"taxonomy":"product_brand","embeddable":true,"href":"https:\/\/www.lifenatura.com\/es\/wp-json\/wp\/v2\/product_brand?post=116460"},{"taxonomy":"product_cat","embeddable":true,"href":"https:\/\/www.lifenatura.com\/es\/wp-json\/wp\/v2\/product_cat?post=116460"},{"taxonomy":"product_tag","embeddable":true,"href":"https:\/\/www.lifenatura.com\/es\/wp-json\/wp\/v2\/product_tag?post=116460"}],"curies":[{"name":"wp","href":"https:\/\/api.w.org\/{rel}","templated":true}]}}