{"id":116459,"date":"2025-07-13T00:32:56","date_gmt":"2025-07-13T00:32:56","guid":{"rendered":"https:\/\/www.lifenatura.com\/produto\/garcinia-cambogia-120-comprimidos-elika-foods\/"},"modified":"2025-09-19T06:57:47","modified_gmt":"2025-09-19T06:57:47","slug":"garcinia-cambogia-120-comprimidos-elika-foods","status":"publish","type":"product","link":"https:\/\/www.lifenatura.com\/es\/produto\/garcinia-cambogia-120-comprimidos-elika-foods\/","title":{"rendered":"Garcinia Cambogia 120 Comprimidos &#8211; Elika Foods"},"content":{"rendered":"<h2 style=\"text-align: left;\" data-start=\"182\" data-end=\"234\">Garcinia Cambogia &#8211; Elika Foods<\/h2>\n<p>&nbsp;<\/p>\n<p data-start=\"288\" data-end=\"557\"><strong data-start=\"290\" data-end=\"326\">Garcinia Cambogia de Elika<\/strong> Foods es un complemento alimenticio natural en forma de comprimidos, formulado a partir del extracto de la fruta tropical <em data-start=\"425\" data-end=\"444\">Garcinia cambogia<\/em>, utilizada tradicionalmente por su acci\u00f3n reguladora del apetito y equilibradora del metabolismo de las grasas.<\/p>\n<p data-start=\"559\" data-end=\"905\">El principal compuesto activo de la garcinia es <strong data-start=\"602\" data-end=\"632\">el \u00e1cido hidroxic\u00edtrico (HCA)<\/strong>, que ayuda a reducir la acumulaci\u00f3n de grasa en el organismo y favorece la sensaci\u00f3n de saciedad, ayudando a controlar el apetito de forma natural. Adem\u00e1s, el HCA favorece el metabolismo energ\u00e9tico, favoreciendo la utilizaci\u00f3n de las reservas de grasa como fuente de energ\u00eda.<\/p>\n<p data-start=\"907\" data-end=\"1153\">Gracias a su efecto regulador del apetito y su apoyo metab\u00f3lico, <strong data-start=\"976\" data-end=\"997\">la Garcinia Cambogia<\/strong> es una aliada en los programas de control y mantenimiento del peso, sobre todo si se combina con una dieta equilibrada y ejercicio f\u00edsico.<\/p>\n<p data-start=\"1155\" data-end=\"1183\"><strong>Principales ventajas:<\/strong><\/p>\n<ul data-start=\"1184\" data-end=\"1451\">\n<li data-start=\"1184\" data-end=\"1252\">\n<p data-start=\"1186\" data-end=\"1252\">Ayuda a <strong data-start=\"1203\" data-end=\"1226\">controlar el apetito<\/strong> y la ingesta de calor\u00edas;<\/p>\n<\/li>\n<li data-start=\"1253\" data-end=\"1294\">\n<p data-start=\"1255\" data-end=\"1294\">Favorece <strong data-start=\"1263\" data-end=\"1291\">el metabolismo de las grasas<\/strong>;<\/p>\n<\/li>\n<li data-start=\"1295\" data-end=\"1349\">\n<p data-start=\"1297\" data-end=\"1349\">Favorece la <strong data-start=\"1308\" data-end=\"1346\">utilizaci\u00f3n de la grasa como energ\u00eda<\/strong>;<\/p>\n<\/li>\n<li data-start=\"1350\" data-end=\"1406\">\n<p data-start=\"1352\" data-end=\"1406\">Ayuda a <strong data-start=\"1361\" data-end=\"1403\">mantener y controlar el peso corporal<\/strong>;<\/p>\n<\/li>\n<li data-start=\"1407\" data-end=\"1451\">\n<p data-start=\"1409\" data-end=\"1451\">Producto <strong data-start=\"1417\" data-end=\"1448\">natural, vegano y sin gluten<\/strong>.<\/p>\n<\/li>\n<\/ul>\n<p data-start=\"1453\" data-end=\"1470\"><strong>Indicaciones:<\/strong><\/p>\n<p data-start=\"1471\" data-end=\"1544\"><strong data-start=\"1473\" data-end=\"1525\">Garcinia Cambogia 120 Comprimidos de Elika<\/strong> Foods est\u00e1 indicada para:<\/p>\n<ul data-start=\"1545\" data-end=\"1768\">\n<li data-start=\"1545\" data-end=\"1603\">\n<p data-start=\"1547\" data-end=\"1603\">Personas que quieran apoyar programas de adelgazamiento;<\/p>\n<\/li>\n<li data-start=\"1604\" data-end=\"1656\">\n<p data-start=\"1606\" data-end=\"1656\">Los que buscan regular el apetito de forma natural;<\/p>\n<\/li>\n<li data-start=\"1657\" data-end=\"1722\">\n<p data-start=\"1659\" data-end=\"1722\">Ayuda al metabolismo de las grasas y al equilibrio energ\u00e9tico;<\/p>\n<\/li>\n<li data-start=\"1723\" data-end=\"1768\">\n<p data-start=\"1725\" data-end=\"1768\">Dietas veganas, vegetarianas o funcionales.<\/p>\n<\/li>\n<\/ul>\n<p><strong>Presentaci\u00f3n:<\/strong><\/p>\n<p>120 comprimidos<\/p>\n<p>&nbsp;<\/p>\n","protected":false},"excerpt":{"rendered":"<p>Garcinia Cambogia, de Elika Foods &#8211; Suplemento natural con \u00e1cido hidroxic\u00edtrico (HCA). Controla el apetito, el metabolismo de las grasas y el peso. [&#8230;]<\/p>\n<p><a class=\"btn btn-secondary understrap-read-more-link\" href=\"https:\/\/www.lifenatura.com\/es\/produto\/garcinia-cambogia-120-comprimidos-elika-foods\/\">Leer m\u00e1s&#8230;<span class=\"screen-reader-text\"> from Garcinia Cambogia 120 Comprimidos &#8211; Elika Foods<\/span><\/a><\/p>\n","protected":false},"featured_media":114659,"template":"","meta":{"_acf_changed":false},"product_brand":[8565],"product_cat":[7064,7074,7883],"product_tag":[],"class_list":{"0":"post-116459","1":"product","2":"type-product","3":"status-publish","4":"has-post-thumbnail","6":"product_brand-elika-foods-es","7":"product_cat-alimentacion-sana","8":"product_cat-productos-alimenticios","9":"product_cat-suplementos-alimenticios","11":"first","12":"instock","13":"shipping-taxable","14":"purchasable","15":"product-type-simple","16":"add-to-wishlist-before_image"},"acf":[],"yoast_head":"<!-- This site is optimized with the Yoast SEO Premium plugin v27.1 (Yoast SEO v27.5) - https:\/\/yoast.com\/product\/yoast-seo-premium-wordpress\/ -->\n<title>Garcinia Cambogia 120 Comprimidos - Elika Foods - Na Lifenatura ao Melhor Pre\u00e7o | Envio em 48h<\/title>\n<meta name=\"description\" content=\"Garcinia Cambogia, de Elika Foods - Suplemento natural con \u00e1cido hidroxic\u00edtrico (HCA). Controla el apetito, el metabolismo de las grasas y el peso.\" \/>\n<meta name=\"robots\" content=\"index, follow, max-snippet:-1, max-image-preview:large, max-video-preview:-1\" \/>\n<link rel=\"canonical\" href=\"https:\/\/www.lifenatura.com\/es\/produto\/garcinia-cambogia-120-comprimidos-elika-foods\/\" \/>\n<meta property=\"og:locale\" content=\"es_ES\" \/>\n<meta property=\"og:type\" content=\"article\" \/>\n<meta property=\"og:title\" content=\"Garcinia Cambogia 120 Comprimidos - Elika Foods - Na Lifenatura ao Melhor Pre\u00e7o | Envio 48h\" \/>\n<meta property=\"og:description\" content=\"Compre Garcinia Cambogia 120 Comprimidos - Elika Foods com envio r\u00e1pido. Entrega em 48h e portes gr\u00e1tis em compras &gt;35\u20ac. Aproveite j\u00e1 na Lifenatura\" \/>\n<meta property=\"og:url\" content=\"https:\/\/www.lifenatura.com\/es\/produto\/garcinia-cambogia-120-comprimidos-elika-foods\/\" \/>\n<meta property=\"og:site_name\" content=\"Lifenatura\" \/>\n<meta property=\"article:publisher\" content=\"https:\/\/www.facebook.com\/lifenatura\" \/>\n<meta property=\"article:modified_time\" content=\"2025-09-19T06:57:47+00:00\" \/>\n<meta property=\"og:image\" content=\"https:\/\/www.lifenatura.com\/wp-content\/uploads\/2025\/07\/garcinia-cambogia-120comp-elika-foods.jpg\" \/>\n\t<meta property=\"og:image:width\" content=\"1000\" \/>\n\t<meta property=\"og:image:height\" content=\"1000\" \/>\n\t<meta property=\"og:image:type\" content=\"image\/jpeg\" \/>\n<meta name=\"twitter:card\" content=\"summary_large_image\" \/>\n<meta name=\"twitter:label1\" content=\"Precio\" \/>\n\t<meta name=\"twitter:data1\" content=\"16,31&nbsp;&euro;\" \/>\n\t<meta name=\"twitter:label2\" content=\"Disponibilidad\" \/>\n\t<meta name=\"twitter:data2\" content=\"Disponible\" \/>\n<script type=\"application\/ld+json\" class=\"yoast-schema-graph\">{\"@context\":\"https:\\\/\\\/schema.org\",\"@graph\":[{\"@type\":\"WebPage\",\"@id\":\"https:\\\/\\\/www.lifenatura.com\\\/es\\\/produto\\\/garcinia-cambogia-120-comprimidos-elika-foods\\\/\",\"url\":\"https:\\\/\\\/www.lifenatura.com\\\/es\\\/produto\\\/garcinia-cambogia-120-comprimidos-elika-foods\\\/\",\"name\":\"Garcinia Cambogia 120 Comprimidos - Elika Foods - Na Lifenatura ao Melhor Pre\u00e7o | Envio em 48h\",\"isPartOf\":{\"@id\":\"https:\\\/\\\/www.lifenatura.com\\\/es\\\/#website\"},\"primaryImageOfPage\":{\"@id\":\"https:\\\/\\\/www.lifenatura.com\\\/es\\\/produto\\\/garcinia-cambogia-120-comprimidos-elika-foods\\\/#primaryimage\"},\"image\":{\"@id\":\"https:\\\/\\\/www.lifenatura.com\\\/es\\\/produto\\\/garcinia-cambogia-120-comprimidos-elika-foods\\\/#primaryimage\"},\"thumbnailUrl\":\"https:\\\/\\\/www.lifenatura.com\\\/wp-content\\\/uploads\\\/2025\\\/07\\\/garcinia-cambogia-120comp-elika-foods.jpg\",\"datePublished\":\"2025-07-13T00:32:56+00:00\",\"dateModified\":\"2025-09-19T06:57:47+00:00\",\"description\":\"Garcinia Cambogia, de Elika Foods - Suplemento natural con \u00e1cido hidroxic\u00edtrico (HCA). Controla el apetito, el metabolismo de las grasas y el peso.\",\"breadcrumb\":{\"@id\":\"https:\\\/\\\/www.lifenatura.com\\\/es\\\/produto\\\/garcinia-cambogia-120-comprimidos-elika-foods\\\/#breadcrumb\"},\"inLanguage\":\"es\",\"potentialAction\":[{\"@type\":\"ReadAction\",\"target\":[\"https:\\\/\\\/www.lifenatura.com\\\/es\\\/produto\\\/garcinia-cambogia-120-comprimidos-elika-foods\\\/\"]}]},{\"@type\":\"ImageObject\",\"inLanguage\":\"es\",\"@id\":\"https:\\\/\\\/www.lifenatura.com\\\/es\\\/produto\\\/garcinia-cambogia-120-comprimidos-elika-foods\\\/#primaryimage\",\"url\":\"https:\\\/\\\/www.lifenatura.com\\\/wp-content\\\/uploads\\\/2025\\\/07\\\/garcinia-cambogia-120comp-elika-foods.jpg\",\"contentUrl\":\"https:\\\/\\\/www.lifenatura.com\\\/wp-content\\\/uploads\\\/2025\\\/07\\\/garcinia-cambogia-120comp-elika-foods.jpg\",\"width\":1000,\"height\":1000},{\"@type\":\"BreadcrumbList\",\"@id\":\"https:\\\/\\\/www.lifenatura.com\\\/es\\\/produto\\\/garcinia-cambogia-120-comprimidos-elika-foods\\\/#breadcrumb\",\"itemListElement\":[{\"@type\":\"ListItem\",\"position\":1,\"name\":\"In\u00edcio\",\"item\":\"https:\\\/\\\/www.lifenatura.com\\\/es\\\/\"},{\"@type\":\"ListItem\",\"position\":2,\"name\":\"Todos los Productos\",\"item\":\"https:\\\/\\\/www.lifenatura.com\\\/es\\\/tienda\\\/\"},{\"@type\":\"ListItem\",\"position\":3,\"name\":\"Garcinia Cambogia 120 Comprimidos &#8211; Elika Foods\"}]},{\"@type\":\"WebSite\",\"@id\":\"https:\\\/\\\/www.lifenatura.com\\\/es\\\/#website\",\"url\":\"https:\\\/\\\/www.lifenatura.com\\\/es\\\/\",\"name\":\"Lifenatura\",\"description\":\"A Lifenatura \u00e9 uma loja de produtos naturais, cosm\u00e9tica natural e alimenta\u00e7\u00e3o Biol\u00f3gica.\",\"publisher\":{\"@id\":\"https:\\\/\\\/www.lifenatura.com\\\/es\\\/#organization\"},\"potentialAction\":[{\"@type\":\"SearchAction\",\"target\":{\"@type\":\"EntryPoint\",\"urlTemplate\":\"https:\\\/\\\/www.lifenatura.com\\\/es\\\/?s={search_term_string}\"},\"query-input\":{\"@type\":\"PropertyValueSpecification\",\"valueRequired\":true,\"valueName\":\"search_term_string\"}}],\"inLanguage\":\"es\"},{\"@type\":\"Organization\",\"@id\":\"https:\\\/\\\/www.lifenatura.com\\\/es\\\/#organization\",\"name\":\"Lifenatura\",\"url\":\"https:\\\/\\\/www.lifenatura.com\\\/es\\\/\",\"logo\":{\"@type\":\"ImageObject\",\"inLanguage\":\"es\",\"@id\":\"https:\\\/\\\/www.lifenatura.com\\\/es\\\/#\\\/schema\\\/logo\\\/image\\\/\",\"url\":\"https:\\\/\\\/www.lifenatura.com\\\/wp-content\\\/uploads\\\/2021\\\/07\\\/logo.png\",\"contentUrl\":\"https:\\\/\\\/www.lifenatura.com\\\/wp-content\\\/uploads\\\/2021\\\/07\\\/logo.png\",\"width\":175,\"height\":55,\"caption\":\"Lifenatura\"},\"image\":{\"@id\":\"https:\\\/\\\/www.lifenatura.com\\\/es\\\/#\\\/schema\\\/logo\\\/image\\\/\"},\"sameAs\":[\"https:\\\/\\\/www.facebook.com\\\/lifenatura\",\"https:\\\/\\\/www.instagram.com\\\/lifenaturapt\\\/\"],\"hasMerchantReturnPolicy\":{\"@type\":\"MerchantReturnPolicy\",\"merchantReturnLink\":\"https:\\\/\\\/www.lifenatura.com\\\/termos-condicoes-lifenatura\\\/\"}}]}<\/script>\n<meta property=\"product:price:amount\" content=\"16.31\" \/>\n<meta property=\"product:price:currency\" content=\"EUR\" \/>\n<meta property=\"og:availability\" content=\"instock\" \/>\n<meta property=\"product:availability\" content=\"instock\" \/>\n<meta property=\"product:retailer_item_id\" content=\"742832250191\" \/>\n<meta property=\"product:condition\" content=\"new\" \/>\n<!-- \/ Yoast SEO Premium plugin. -->","yoast_head_json":{"title":"Garcinia Cambogia 120 Comprimidos - Elika Foods - Na Lifenatura ao Melhor Pre\u00e7o | Envio em 48h","description":"Garcinia Cambogia, de Elika Foods - Suplemento natural con \u00e1cido hidroxic\u00edtrico (HCA). Controla el apetito, el metabolismo de las grasas y el peso.","robots":{"index":"index","follow":"follow","max-snippet":"max-snippet:-1","max-image-preview":"max-image-preview:large","max-video-preview":"max-video-preview:-1"},"canonical":"https:\/\/www.lifenatura.com\/es\/produto\/garcinia-cambogia-120-comprimidos-elika-foods\/","og_locale":"es_ES","og_type":"article","og_title":"Garcinia Cambogia 120 Comprimidos - Elika Foods - Na Lifenatura ao Melhor Pre\u00e7o | Envio 48h","og_description":"Compre Garcinia Cambogia 120 Comprimidos - Elika Foods com envio r\u00e1pido. Entrega em 48h e portes gr\u00e1tis em compras >35\u20ac. Aproveite j\u00e1 na Lifenatura","og_url":"https:\/\/www.lifenatura.com\/es\/produto\/garcinia-cambogia-120-comprimidos-elika-foods\/","og_site_name":"Lifenatura","article_publisher":"https:\/\/www.facebook.com\/lifenatura","article_modified_time":"2025-09-19T06:57:47+00:00","og_image":[{"width":1000,"height":1000,"url":"https:\/\/www.lifenatura.com\/wp-content\/uploads\/2025\/07\/garcinia-cambogia-120comp-elika-foods.jpg","type":"image\/jpeg"}],"twitter_card":"summary_large_image","twitter_misc":{"Precio":"16,31&nbsp;&euro;","Disponibilidad":"Disponible"},"schema":{"@context":"https:\/\/schema.org","@graph":[{"@type":"WebPage","@id":"https:\/\/www.lifenatura.com\/es\/produto\/garcinia-cambogia-120-comprimidos-elika-foods\/","url":"https:\/\/www.lifenatura.com\/es\/produto\/garcinia-cambogia-120-comprimidos-elika-foods\/","name":"Garcinia Cambogia 120 Comprimidos - Elika Foods - Na Lifenatura ao Melhor Pre\u00e7o | Envio em 48h","isPartOf":{"@id":"https:\/\/www.lifenatura.com\/es\/#website"},"primaryImageOfPage":{"@id":"https:\/\/www.lifenatura.com\/es\/produto\/garcinia-cambogia-120-comprimidos-elika-foods\/#primaryimage"},"image":{"@id":"https:\/\/www.lifenatura.com\/es\/produto\/garcinia-cambogia-120-comprimidos-elika-foods\/#primaryimage"},"thumbnailUrl":"https:\/\/www.lifenatura.com\/wp-content\/uploads\/2025\/07\/garcinia-cambogia-120comp-elika-foods.jpg","datePublished":"2025-07-13T00:32:56+00:00","dateModified":"2025-09-19T06:57:47+00:00","description":"Garcinia Cambogia, de Elika Foods - Suplemento natural con \u00e1cido hidroxic\u00edtrico (HCA). Controla el apetito, el metabolismo de las grasas y el peso.","breadcrumb":{"@id":"https:\/\/www.lifenatura.com\/es\/produto\/garcinia-cambogia-120-comprimidos-elika-foods\/#breadcrumb"},"inLanguage":"es","potentialAction":[{"@type":"ReadAction","target":["https:\/\/www.lifenatura.com\/es\/produto\/garcinia-cambogia-120-comprimidos-elika-foods\/"]}]},{"@type":"ImageObject","inLanguage":"es","@id":"https:\/\/www.lifenatura.com\/es\/produto\/garcinia-cambogia-120-comprimidos-elika-foods\/#primaryimage","url":"https:\/\/www.lifenatura.com\/wp-content\/uploads\/2025\/07\/garcinia-cambogia-120comp-elika-foods.jpg","contentUrl":"https:\/\/www.lifenatura.com\/wp-content\/uploads\/2025\/07\/garcinia-cambogia-120comp-elika-foods.jpg","width":1000,"height":1000},{"@type":"BreadcrumbList","@id":"https:\/\/www.lifenatura.com\/es\/produto\/garcinia-cambogia-120-comprimidos-elika-foods\/#breadcrumb","itemListElement":[{"@type":"ListItem","position":1,"name":"In\u00edcio","item":"https:\/\/www.lifenatura.com\/es\/"},{"@type":"ListItem","position":2,"name":"Todos los Productos","item":"https:\/\/www.lifenatura.com\/es\/tienda\/"},{"@type":"ListItem","position":3,"name":"Garcinia Cambogia 120 Comprimidos &#8211; Elika Foods"}]},{"@type":"WebSite","@id":"https:\/\/www.lifenatura.com\/es\/#website","url":"https:\/\/www.lifenatura.com\/es\/","name":"Lifenatura","description":"A Lifenatura \u00e9 uma loja de produtos naturais, cosm\u00e9tica natural e alimenta\u00e7\u00e3o Biol\u00f3gica.","publisher":{"@id":"https:\/\/www.lifenatura.com\/es\/#organization"},"potentialAction":[{"@type":"SearchAction","target":{"@type":"EntryPoint","urlTemplate":"https:\/\/www.lifenatura.com\/es\/?s={search_term_string}"},"query-input":{"@type":"PropertyValueSpecification","valueRequired":true,"valueName":"search_term_string"}}],"inLanguage":"es"},{"@type":"Organization","@id":"https:\/\/www.lifenatura.com\/es\/#organization","name":"Lifenatura","url":"https:\/\/www.lifenatura.com\/es\/","logo":{"@type":"ImageObject","inLanguage":"es","@id":"https:\/\/www.lifenatura.com\/es\/#\/schema\/logo\/image\/","url":"https:\/\/www.lifenatura.com\/wp-content\/uploads\/2021\/07\/logo.png","contentUrl":"https:\/\/www.lifenatura.com\/wp-content\/uploads\/2021\/07\/logo.png","width":175,"height":55,"caption":"Lifenatura"},"image":{"@id":"https:\/\/www.lifenatura.com\/es\/#\/schema\/logo\/image\/"},"sameAs":["https:\/\/www.facebook.com\/lifenatura","https:\/\/www.instagram.com\/lifenaturapt\/"],"hasMerchantReturnPolicy":{"@type":"MerchantReturnPolicy","merchantReturnLink":"https:\/\/www.lifenatura.com\/termos-condicoes-lifenatura\/"}}]},"product_price_amount":"16.31","product_price_currency":"EUR","og_availability":"instock","product_availability":"instock","product_retailer_item_id":"742832250191","product_condition":"new"},"df_price":16.31,"df_sale_price":"","df_regular_price":16.31,"df_image_link":"https:\/\/www.lifenatura.com\/wp-content\/uploads\/2025\/07\/garcinia-cambogia-120comp-elika-foods-300x300.jpg","_links":{"self":[{"href":"https:\/\/www.lifenatura.com\/es\/wp-json\/wp\/v2\/product\/116459","targetHints":{"allow":["GET"]}}],"collection":[{"href":"https:\/\/www.lifenatura.com\/es\/wp-json\/wp\/v2\/product"}],"about":[{"href":"https:\/\/www.lifenatura.com\/es\/wp-json\/wp\/v2\/types\/product"}],"wp:featuredmedia":[{"embeddable":true,"href":"https:\/\/www.lifenatura.com\/es\/wp-json\/wp\/v2\/media\/114659"}],"wp:attachment":[{"href":"https:\/\/www.lifenatura.com\/es\/wp-json\/wp\/v2\/media?parent=116459"}],"wp:term":[{"taxonomy":"product_brand","embeddable":true,"href":"https:\/\/www.lifenatura.com\/es\/wp-json\/wp\/v2\/product_brand?post=116459"},{"taxonomy":"product_cat","embeddable":true,"href":"https:\/\/www.lifenatura.com\/es\/wp-json\/wp\/v2\/product_cat?post=116459"},{"taxonomy":"product_tag","embeddable":true,"href":"https:\/\/www.lifenatura.com\/es\/wp-json\/wp\/v2\/product_tag?post=116459"}],"curies":[{"name":"wp","href":"https:\/\/api.w.org\/{rel}","templated":true}]}}