{"id":116397,"date":"2025-05-13T14:04:56","date_gmt":"2025-05-13T14:04:56","guid":{"rendered":"https:\/\/www.lifenatura.com\/produto\/revitalise-bio-250g-salud-viva\/"},"modified":"2025-09-22T13:05:33","modified_gmt":"2025-09-22T13:05:33","slug":"revitalise-bio-250g-salud-viva","status":"publish","type":"product","link":"https:\/\/www.lifenatura.com\/es\/produto\/revitalise-bio-250g-salud-viva\/","title":{"rendered":"Revitalise Bio 250g &#8211; Salud Viva"},"content":{"rendered":"<h2 style=\"text-align: left;\" data-start=\"162\" data-end=\"194\"><strong>Revitalise Bio &#8211; Salud Viva<\/strong><\/h2>\n<p>&nbsp;<\/p>\n<p data-start=\"162\" data-end=\"194\"><strong data-start=\"265\" data-end=\"297\">Revitalize Bio de Salud Viva<\/strong> es una mezcla funcional de superalimentos org\u00e1nicos cuidadosamente seleccionados para apoyar la energ\u00eda, la vitalidad y el bienestar general. Formulada a partir de ingredientes naturales como <strong data-start=\"485\" data-end=\"549\">la hierba de trigo, la hierba de cebada, la espirulina, la chlorella, la maca y la l\u00facuma<\/strong>, esta mezcla ofrece una combinaci\u00f3n equilibrada de vitaminas, minerales, clorofila y antioxidantes que nutren y revitalizan el organismo.<\/p>\n<p data-start=\"688\" data-end=\"1093\">Gracias a su completo perfil nutricional, Revitalizar Bio contribuye al funcionamiento normal del sistema inmunitario, ayuda a reducir el cansancio y la fatiga y favorece el equilibrio digestivo. La presencia de superalimentos verdes como la espirulina y la chlorella favorece la desintoxicaci\u00f3n natural, mientras que la maca y la l\u00facuma proporcionan energ\u00eda sostenida y un impulso natural a la vitalidad f\u00edsica y mental.<\/p>\n<p data-start=\"1095\" data-end=\"1324\">De sabor suave y f\u00e1cil de integrar en tu dieta, puede a\u00f1adirse a batidos, zumos, yogures, gachas o recetas saludables, proporcionando una forma pr\u00e1ctica y deliciosa de enriquecer tu dieta con nutrientes esenciales.<\/p>\n<p data-start=\"1326\" data-end=\"1354\"><strong>Principales ventajas:<\/strong><\/p>\n<ul data-start=\"1355\" data-end=\"1623\">\n<li data-start=\"1355\" data-end=\"1407\">\n<p data-start=\"1357\" data-end=\"1407\">Rico en <strong data-start=\"1365\" data-end=\"1404\">vitaminas, minerales y antioxidantes<\/strong>;<\/p>\n<\/li>\n<li data-start=\"1408\" data-end=\"1462\">\n<p data-start=\"1410\" data-end=\"1462\">Favorece el <strong data-start=\"1418\" data-end=\"1440\">sistema inmunitario<\/strong> y la energ\u00eda diaria;<\/p>\n<\/li>\n<li data-start=\"1463\" data-end=\"1517\">\n<p data-start=\"1465\" data-end=\"1517\">Favorece la <strong data-start=\"1475\" data-end=\"1501\">desintoxicaci\u00f3n natural<\/strong> del organismo;<\/p>\n<\/li>\n<li data-start=\"1518\" data-end=\"1571\">\n<p data-start=\"1520\" data-end=\"1571\">Ayuda a <strong data-start=\"1537\" data-end=\"1568\">reducir el cansancio y la fatiga<\/strong>;<\/p>\n<\/li>\n<li data-start=\"1572\" data-end=\"1623\">\n<p data-start=\"1574\" data-end=\"1623\"><strong data-start=\"1582\" data-end=\"1620\">100% ecol\u00f3gico, vegano y sin gluten<\/strong>.<\/p>\n<\/li>\n<\/ul>\n<p data-start=\"1625\" data-end=\"1642\"><strong>Indicaciones:<\/strong><\/p>\n<p data-start=\"1643\" data-end=\"1696\"><strong data-start=\"1645\" data-end=\"1677\">Revitalise Bio de Salud Viva<\/strong> est\u00e1 indicado para:<\/p>\n<ul data-start=\"1697\" data-end=\"1915\">\n<li data-start=\"1697\" data-end=\"1754\">\n<p data-start=\"1699\" data-end=\"1754\">Personas que buscan aumentar su energ\u00eda y vitalidad;<\/p>\n<\/li>\n<li data-start=\"1755\" data-end=\"1809\">\n<p data-start=\"1757\" data-end=\"1809\">Los que quieren aumentar su inmunidad de forma natural;<\/p>\n<\/li>\n<li data-start=\"1810\" data-end=\"1860\">\n<p data-start=\"1812\" data-end=\"1860\">Dietas detox y nutrici\u00f3n funcional;<\/p>\n<\/li>\n<li data-start=\"1861\" data-end=\"1915\">\n<p data-start=\"1863\" data-end=\"1915\">Veganos, vegetarianos y aficionados a los superalimentos.<\/p>\n<\/li>\n<\/ul>\n<p><strong>Presentaci\u00f3n:<\/strong><\/p>\n<p>250g<\/p>\n<p>&nbsp;<\/p>\n","protected":false},"excerpt":{"rendered":"<p>Revitaliza Bio Salud Viva &#8211; Una mezcla de superalimentos ecol\u00f3gicos para la energ\u00eda, la vitalidad y la inmunidad. Rica en vitaminas, minerales y antioxidantes. [&#8230;]<\/p>\n<p><a class=\"btn btn-secondary understrap-read-more-link\" href=\"https:\/\/www.lifenatura.com\/es\/produto\/revitalise-bio-250g-salud-viva\/\">Leer m\u00e1s&#8230;<span class=\"screen-reader-text\"> from Revitalise Bio 250g &#8211; Salud Viva<\/span><\/a><\/p>\n","protected":false},"featured_media":111423,"template":"","meta":{"_acf_changed":false},"product_brand":[8295],"product_cat":[7064,7074,7100],"product_tag":[],"class_list":{"0":"post-116397","1":"product","2":"type-product","3":"status-publish","4":"has-post-thumbnail","6":"product_brand-salud-viva","7":"product_cat-alimentacion-sana","8":"product_cat-productos-alimenticios","9":"product_cat-superalimentos-bio","11":"first","12":"instock","13":"shipping-taxable","14":"purchasable","15":"product-type-simple","16":"add-to-wishlist-before_image"},"acf":[],"yoast_head":"<!-- This site is optimized with the Yoast SEO Premium plugin v27.1 (Yoast SEO v27.5) - https:\/\/yoast.com\/product\/yoast-seo-premium-wordpress\/ -->\n<title>Revitalise Bio 250g - Salud Viva - Na Lifenatura ao Melhor Pre\u00e7o | Envio em 48h<\/title>\n<meta name=\"description\" content=\"Revitaliza Bio una mezcla de superalimentos ecol\u00f3gicos para la energ\u00eda, la vitalidad y la inmunidad. Rica en vitaminas, minerales y antioxidantes.\" \/>\n<meta name=\"robots\" content=\"index, follow, max-snippet:-1, max-image-preview:large, max-video-preview:-1\" \/>\n<link rel=\"canonical\" href=\"https:\/\/www.lifenatura.com\/es\/produto\/revitalise-bio-250g-salud-viva\/\" \/>\n<meta property=\"og:locale\" content=\"es_ES\" \/>\n<meta property=\"og:type\" content=\"article\" \/>\n<meta property=\"og:title\" content=\"Revitalise Bio 250g - Salud Viva - Na Lifenatura ao Melhor Pre\u00e7o | Envio 48h\" \/>\n<meta property=\"og:description\" content=\"Compre Revitalise Bio 250g - Salud Viva com envio r\u00e1pido. Entrega em 48h e portes gr\u00e1tis em compras &gt;35\u20ac. Aproveite j\u00e1 na Lifenatura\" \/>\n<meta property=\"og:url\" content=\"https:\/\/www.lifenatura.com\/es\/produto\/revitalise-bio-250g-salud-viva\/\" \/>\n<meta property=\"og:site_name\" content=\"Lifenatura\" \/>\n<meta property=\"article:publisher\" content=\"https:\/\/www.facebook.com\/lifenatura\" \/>\n<meta property=\"article:modified_time\" content=\"2025-09-22T13:05:33+00:00\" \/>\n<meta property=\"og:image\" content=\"https:\/\/www.lifenatura.com\/wp-content\/uploads\/2025\/05\/revitalize-250g-salud-viva.jpg\" \/>\n\t<meta property=\"og:image:width\" content=\"1000\" \/>\n\t<meta property=\"og:image:height\" content=\"1000\" \/>\n\t<meta property=\"og:image:type\" content=\"image\/jpeg\" \/>\n<meta name=\"twitter:card\" content=\"summary_large_image\" \/>\n<meta name=\"twitter:label1\" content=\"Precio\" \/>\n\t<meta name=\"twitter:data1\" content=\"19,43&nbsp;&euro;\" \/>\n\t<meta name=\"twitter:label2\" content=\"Disponibilidad\" \/>\n\t<meta name=\"twitter:data2\" content=\"Disponible\" \/>\n<script type=\"application\/ld+json\" class=\"yoast-schema-graph\">{\"@context\":\"https:\\\/\\\/schema.org\",\"@graph\":[{\"@type\":\"WebPage\",\"@id\":\"https:\\\/\\\/www.lifenatura.com\\\/es\\\/produto\\\/revitalise-bio-250g-salud-viva\\\/\",\"url\":\"https:\\\/\\\/www.lifenatura.com\\\/es\\\/produto\\\/revitalise-bio-250g-salud-viva\\\/\",\"name\":\"Revitalise Bio 250g - Salud Viva - Na Lifenatura ao Melhor Pre\u00e7o | Envio em 48h\",\"isPartOf\":{\"@id\":\"https:\\\/\\\/www.lifenatura.com\\\/es\\\/#website\"},\"primaryImageOfPage\":{\"@id\":\"https:\\\/\\\/www.lifenatura.com\\\/es\\\/produto\\\/revitalise-bio-250g-salud-viva\\\/#primaryimage\"},\"image\":{\"@id\":\"https:\\\/\\\/www.lifenatura.com\\\/es\\\/produto\\\/revitalise-bio-250g-salud-viva\\\/#primaryimage\"},\"thumbnailUrl\":\"https:\\\/\\\/www.lifenatura.com\\\/wp-content\\\/uploads\\\/2025\\\/05\\\/revitalize-250g-salud-viva.jpg\",\"datePublished\":\"2025-05-13T14:04:56+00:00\",\"dateModified\":\"2025-09-22T13:05:33+00:00\",\"description\":\"Revitaliza Bio una mezcla de superalimentos ecol\u00f3gicos para la energ\u00eda, la vitalidad y la inmunidad. Rica en vitaminas, minerales y antioxidantes.\",\"breadcrumb\":{\"@id\":\"https:\\\/\\\/www.lifenatura.com\\\/es\\\/produto\\\/revitalise-bio-250g-salud-viva\\\/#breadcrumb\"},\"inLanguage\":\"es\",\"potentialAction\":[{\"@type\":\"ReadAction\",\"target\":[\"https:\\\/\\\/www.lifenatura.com\\\/es\\\/produto\\\/revitalise-bio-250g-salud-viva\\\/\"]}]},{\"@type\":\"ImageObject\",\"inLanguage\":\"es\",\"@id\":\"https:\\\/\\\/www.lifenatura.com\\\/es\\\/produto\\\/revitalise-bio-250g-salud-viva\\\/#primaryimage\",\"url\":\"https:\\\/\\\/www.lifenatura.com\\\/wp-content\\\/uploads\\\/2025\\\/05\\\/revitalize-250g-salud-viva.jpg\",\"contentUrl\":\"https:\\\/\\\/www.lifenatura.com\\\/wp-content\\\/uploads\\\/2025\\\/05\\\/revitalize-250g-salud-viva.jpg\",\"width\":1000,\"height\":1000},{\"@type\":\"BreadcrumbList\",\"@id\":\"https:\\\/\\\/www.lifenatura.com\\\/es\\\/produto\\\/revitalise-bio-250g-salud-viva\\\/#breadcrumb\",\"itemListElement\":[{\"@type\":\"ListItem\",\"position\":1,\"name\":\"In\u00edcio\",\"item\":\"https:\\\/\\\/www.lifenatura.com\\\/es\\\/\"},{\"@type\":\"ListItem\",\"position\":2,\"name\":\"Todos los Productos\",\"item\":\"https:\\\/\\\/www.lifenatura.com\\\/es\\\/tienda\\\/\"},{\"@type\":\"ListItem\",\"position\":3,\"name\":\"Revitalise Bio 250g &#8211; Salud Viva\"}]},{\"@type\":\"WebSite\",\"@id\":\"https:\\\/\\\/www.lifenatura.com\\\/es\\\/#website\",\"url\":\"https:\\\/\\\/www.lifenatura.com\\\/es\\\/\",\"name\":\"Lifenatura\",\"description\":\"A Lifenatura \u00e9 uma loja de produtos naturais, cosm\u00e9tica natural e alimenta\u00e7\u00e3o Biol\u00f3gica.\",\"publisher\":{\"@id\":\"https:\\\/\\\/www.lifenatura.com\\\/es\\\/#organization\"},\"potentialAction\":[{\"@type\":\"SearchAction\",\"target\":{\"@type\":\"EntryPoint\",\"urlTemplate\":\"https:\\\/\\\/www.lifenatura.com\\\/es\\\/?s={search_term_string}\"},\"query-input\":{\"@type\":\"PropertyValueSpecification\",\"valueRequired\":true,\"valueName\":\"search_term_string\"}}],\"inLanguage\":\"es\"},{\"@type\":\"Organization\",\"@id\":\"https:\\\/\\\/www.lifenatura.com\\\/es\\\/#organization\",\"name\":\"Lifenatura\",\"url\":\"https:\\\/\\\/www.lifenatura.com\\\/es\\\/\",\"logo\":{\"@type\":\"ImageObject\",\"inLanguage\":\"es\",\"@id\":\"https:\\\/\\\/www.lifenatura.com\\\/es\\\/#\\\/schema\\\/logo\\\/image\\\/\",\"url\":\"https:\\\/\\\/www.lifenatura.com\\\/wp-content\\\/uploads\\\/2021\\\/07\\\/logo.png\",\"contentUrl\":\"https:\\\/\\\/www.lifenatura.com\\\/wp-content\\\/uploads\\\/2021\\\/07\\\/logo.png\",\"width\":175,\"height\":55,\"caption\":\"Lifenatura\"},\"image\":{\"@id\":\"https:\\\/\\\/www.lifenatura.com\\\/es\\\/#\\\/schema\\\/logo\\\/image\\\/\"},\"sameAs\":[\"https:\\\/\\\/www.facebook.com\\\/lifenatura\",\"https:\\\/\\\/www.instagram.com\\\/lifenaturapt\\\/\"],\"hasMerchantReturnPolicy\":{\"@type\":\"MerchantReturnPolicy\",\"merchantReturnLink\":\"https:\\\/\\\/www.lifenatura.com\\\/termos-condicoes-lifenatura\\\/\"}}]}<\/script>\n<meta property=\"product:price:amount\" content=\"19.43\" \/>\n<meta property=\"product:price:currency\" content=\"EUR\" \/>\n<meta property=\"og:availability\" content=\"instock\" \/>\n<meta property=\"product:availability\" content=\"instock\" \/>\n<meta property=\"product:retailer_item_id\" content=\"16930000003\" \/>\n<meta property=\"product:condition\" content=\"new\" \/>\n<!-- \/ Yoast SEO Premium plugin. -->","yoast_head_json":{"title":"Revitalise Bio 250g - Salud Viva - Na Lifenatura ao Melhor Pre\u00e7o | Envio em 48h","description":"Revitaliza Bio una mezcla de superalimentos ecol\u00f3gicos para la energ\u00eda, la vitalidad y la inmunidad. Rica en vitaminas, minerales y antioxidantes.","robots":{"index":"index","follow":"follow","max-snippet":"max-snippet:-1","max-image-preview":"max-image-preview:large","max-video-preview":"max-video-preview:-1"},"canonical":"https:\/\/www.lifenatura.com\/es\/produto\/revitalise-bio-250g-salud-viva\/","og_locale":"es_ES","og_type":"article","og_title":"Revitalise Bio 250g - Salud Viva - Na Lifenatura ao Melhor Pre\u00e7o | Envio 48h","og_description":"Compre Revitalise Bio 250g - Salud Viva com envio r\u00e1pido. Entrega em 48h e portes gr\u00e1tis em compras >35\u20ac. Aproveite j\u00e1 na Lifenatura","og_url":"https:\/\/www.lifenatura.com\/es\/produto\/revitalise-bio-250g-salud-viva\/","og_site_name":"Lifenatura","article_publisher":"https:\/\/www.facebook.com\/lifenatura","article_modified_time":"2025-09-22T13:05:33+00:00","og_image":[{"width":1000,"height":1000,"url":"https:\/\/www.lifenatura.com\/wp-content\/uploads\/2025\/05\/revitalize-250g-salud-viva.jpg","type":"image\/jpeg"}],"twitter_card":"summary_large_image","twitter_misc":{"Precio":"19,43&nbsp;&euro;","Disponibilidad":"Disponible"},"schema":{"@context":"https:\/\/schema.org","@graph":[{"@type":"WebPage","@id":"https:\/\/www.lifenatura.com\/es\/produto\/revitalise-bio-250g-salud-viva\/","url":"https:\/\/www.lifenatura.com\/es\/produto\/revitalise-bio-250g-salud-viva\/","name":"Revitalise Bio 250g - Salud Viva - Na Lifenatura ao Melhor Pre\u00e7o | Envio em 48h","isPartOf":{"@id":"https:\/\/www.lifenatura.com\/es\/#website"},"primaryImageOfPage":{"@id":"https:\/\/www.lifenatura.com\/es\/produto\/revitalise-bio-250g-salud-viva\/#primaryimage"},"image":{"@id":"https:\/\/www.lifenatura.com\/es\/produto\/revitalise-bio-250g-salud-viva\/#primaryimage"},"thumbnailUrl":"https:\/\/www.lifenatura.com\/wp-content\/uploads\/2025\/05\/revitalize-250g-salud-viva.jpg","datePublished":"2025-05-13T14:04:56+00:00","dateModified":"2025-09-22T13:05:33+00:00","description":"Revitaliza Bio una mezcla de superalimentos ecol\u00f3gicos para la energ\u00eda, la vitalidad y la inmunidad. Rica en vitaminas, minerales y antioxidantes.","breadcrumb":{"@id":"https:\/\/www.lifenatura.com\/es\/produto\/revitalise-bio-250g-salud-viva\/#breadcrumb"},"inLanguage":"es","potentialAction":[{"@type":"ReadAction","target":["https:\/\/www.lifenatura.com\/es\/produto\/revitalise-bio-250g-salud-viva\/"]}]},{"@type":"ImageObject","inLanguage":"es","@id":"https:\/\/www.lifenatura.com\/es\/produto\/revitalise-bio-250g-salud-viva\/#primaryimage","url":"https:\/\/www.lifenatura.com\/wp-content\/uploads\/2025\/05\/revitalize-250g-salud-viva.jpg","contentUrl":"https:\/\/www.lifenatura.com\/wp-content\/uploads\/2025\/05\/revitalize-250g-salud-viva.jpg","width":1000,"height":1000},{"@type":"BreadcrumbList","@id":"https:\/\/www.lifenatura.com\/es\/produto\/revitalise-bio-250g-salud-viva\/#breadcrumb","itemListElement":[{"@type":"ListItem","position":1,"name":"In\u00edcio","item":"https:\/\/www.lifenatura.com\/es\/"},{"@type":"ListItem","position":2,"name":"Todos los Productos","item":"https:\/\/www.lifenatura.com\/es\/tienda\/"},{"@type":"ListItem","position":3,"name":"Revitalise Bio 250g &#8211; Salud Viva"}]},{"@type":"WebSite","@id":"https:\/\/www.lifenatura.com\/es\/#website","url":"https:\/\/www.lifenatura.com\/es\/","name":"Lifenatura","description":"A Lifenatura \u00e9 uma loja de produtos naturais, cosm\u00e9tica natural e alimenta\u00e7\u00e3o Biol\u00f3gica.","publisher":{"@id":"https:\/\/www.lifenatura.com\/es\/#organization"},"potentialAction":[{"@type":"SearchAction","target":{"@type":"EntryPoint","urlTemplate":"https:\/\/www.lifenatura.com\/es\/?s={search_term_string}"},"query-input":{"@type":"PropertyValueSpecification","valueRequired":true,"valueName":"search_term_string"}}],"inLanguage":"es"},{"@type":"Organization","@id":"https:\/\/www.lifenatura.com\/es\/#organization","name":"Lifenatura","url":"https:\/\/www.lifenatura.com\/es\/","logo":{"@type":"ImageObject","inLanguage":"es","@id":"https:\/\/www.lifenatura.com\/es\/#\/schema\/logo\/image\/","url":"https:\/\/www.lifenatura.com\/wp-content\/uploads\/2021\/07\/logo.png","contentUrl":"https:\/\/www.lifenatura.com\/wp-content\/uploads\/2021\/07\/logo.png","width":175,"height":55,"caption":"Lifenatura"},"image":{"@id":"https:\/\/www.lifenatura.com\/es\/#\/schema\/logo\/image\/"},"sameAs":["https:\/\/www.facebook.com\/lifenatura","https:\/\/www.instagram.com\/lifenaturapt\/"],"hasMerchantReturnPolicy":{"@type":"MerchantReturnPolicy","merchantReturnLink":"https:\/\/www.lifenatura.com\/termos-condicoes-lifenatura\/"}}]},"product_price_amount":"19.43","product_price_currency":"EUR","og_availability":"instock","product_availability":"instock","product_retailer_item_id":"16930000003","product_condition":"new"},"df_price":19.43,"df_sale_price":"","df_regular_price":19.43,"df_image_link":"https:\/\/www.lifenatura.com\/wp-content\/uploads\/2025\/05\/revitalize-250g-salud-viva-300x300.jpg","_links":{"self":[{"href":"https:\/\/www.lifenatura.com\/es\/wp-json\/wp\/v2\/product\/116397","targetHints":{"allow":["GET"]}}],"collection":[{"href":"https:\/\/www.lifenatura.com\/es\/wp-json\/wp\/v2\/product"}],"about":[{"href":"https:\/\/www.lifenatura.com\/es\/wp-json\/wp\/v2\/types\/product"}],"wp:featuredmedia":[{"embeddable":true,"href":"https:\/\/www.lifenatura.com\/es\/wp-json\/wp\/v2\/media\/111423"}],"wp:attachment":[{"href":"https:\/\/www.lifenatura.com\/es\/wp-json\/wp\/v2\/media?parent=116397"}],"wp:term":[{"taxonomy":"product_brand","embeddable":true,"href":"https:\/\/www.lifenatura.com\/es\/wp-json\/wp\/v2\/product_brand?post=116397"},{"taxonomy":"product_cat","embeddable":true,"href":"https:\/\/www.lifenatura.com\/es\/wp-json\/wp\/v2\/product_cat?post=116397"},{"taxonomy":"product_tag","embeddable":true,"href":"https:\/\/www.lifenatura.com\/es\/wp-json\/wp\/v2\/product_tag?post=116397"}],"curies":[{"name":"wp","href":"https:\/\/api.w.org\/{rel}","templated":true}]}}