{"id":116394,"date":"2025-05-13T15:57:48","date_gmt":"2025-05-13T15:57:48","guid":{"rendered":"https:\/\/www.lifenatura.com\/produto\/una-de-gato-100g-salud-viva\/"},"modified":"2025-09-08T13:12:20","modified_gmt":"2025-09-08T13:12:20","slug":"una-de-gato-100g-salud-viva","status":"publish","type":"product","link":"https:\/\/www.lifenatura.com\/es\/produto\/una-de-gato-100g-salud-viva\/","title":{"rendered":"U\u00f1a de Gato 100g &#8211; Salud Viva"},"content":{"rendered":"<h2 style=\"text-align: left;\" data-start=\"165\" data-end=\"200\"><strong>U\u00f1a de Gato &#8211; Salud Viva<\/strong><\/h2>\n<p>&nbsp;<\/p>\n<p data-start=\"260\" data-end=\"589\"><strong data-start=\"262\" data-end=\"292\">La Unha de Gato de Salud Viva<\/strong> es un suplemento natural en polvo obtenido de la corteza y la ra\u00edz de la planta amaz\u00f3nica <em data-start=\"375\" data-end=\"394\">Uncaria tomentosa<\/em>. Utilizada tradicionalmente por las poblaciones ind\u00edgenas de la selva tropical, esta planta es conocida por sus potentes propiedades <strong data-start=\"530\" data-end=\"586\">inmunomoduladoras, antiinflamatorias y antioxidantes<\/strong>.<\/p>\n<p data-start=\"591\" data-end=\"940\">Rica en alcaloides oxind\u00f3licos, polifenoles y otros compuestos bioactivos, la U\u00f1a de Gato contribuye a <strong data-start=\"687\" data-end=\"727\">reforzar el sistema inmunitario<\/strong>, ayudando al organismo a defenderse de las agresiones externas. Su acci\u00f3n antiinflamatoria natural contribuye a la salud articular, favoreciendo la movilidad y la comodidad en casos de desgaste o inflamaci\u00f3n.<\/p>\n<p data-start=\"942\" data-end=\"1233\">Adem\u00e1s, los antioxidantes presentes ayudan a proteger las c\u00e9lulas contra los radicales libres, favoreciendo el bienestar general y apoyando un envejecimiento saludable. Tambi\u00e9n se considera un t\u00f3nico natural para la vitalidad, utilizado como complemento en dietas de fortalecimiento f\u00edsico y emocional.<\/p>\n<p data-start=\"1235\" data-end=\"1402\">Con su sabor herb\u00e1ceo y ligeramente amargo, se puede incorporar f\u00e1cilmente a infusiones, batidos o zumos, por lo que es una forma pr\u00e1ctica de beneficiarse de sus propiedades.<\/p>\n<p data-start=\"1404\" data-end=\"1432\"><strong>Principales ventajas:<\/strong><\/p>\n<ul data-start=\"1433\" data-end=\"1669\">\n<li data-start=\"1433\" data-end=\"1470\">\n<p data-start=\"1435\" data-end=\"1470\">Refuerza el <strong data-start=\"1445\" data-end=\"1467\">sistema inmunitario<\/strong>;<\/p>\n<\/li>\n<li data-start=\"1471\" data-end=\"1520\">\n<p data-start=\"1473\" data-end=\"1520\">Propiedades <strong data-start=\"1486\" data-end=\"1517\">antiinflamatorias naturales<\/strong>;<\/p>\n<\/li>\n<li data-start=\"1521\" data-end=\"1566\">\n<p data-start=\"1523\" data-end=\"1566\">Favorece <strong data-start=\"1531\" data-end=\"1563\">la salud articular y la movilidad<\/strong>;<\/p>\n<\/li>\n<li data-start=\"1567\" data-end=\"1608\">\n<p data-start=\"1569\" data-end=\"1608\">Rico en <strong data-start=\"1577\" data-end=\"1605\">antioxidantes protectores<\/strong>;<\/p>\n<\/li>\n<li data-start=\"1609\" data-end=\"1669\">\n<p data-start=\"1611\" data-end=\"1669\">Producto <strong data-start=\"1619\" data-end=\"1666\">100% natural, ecol\u00f3gico, vegano y sin gluten<\/strong>.<\/p>\n<\/li>\n<\/ul>\n<p data-start=\"1671\" data-end=\"1688\"><strong>Indicaciones:<\/strong><\/p>\n<p data-start=\"1689\" data-end=\"1740\">La <strong data-start=\"1691\" data-end=\"1721\">U\u00f1a de Gato de Salud Viva<\/strong> est\u00e1 indicada para:<\/p>\n<ul data-start=\"1741\" data-end=\"1968\">\n<li data-start=\"1741\" data-end=\"1795\">\n<p data-start=\"1743\" data-end=\"1795\">Personas que desean reforzar sus defensas naturales;<\/p>\n<\/li>\n<li data-start=\"1796\" data-end=\"1854\">\n<p data-start=\"1798\" data-end=\"1854\">Ayuda contra la inflamaci\u00f3n y las molestias articulares;<\/p>\n<\/li>\n<li data-start=\"1855\" data-end=\"1917\">\n<p data-start=\"1857\" data-end=\"1917\">Cualquier persona que quiera proteger sus c\u00e9lulas contra el estr\u00e9s oxidativo;<\/p>\n<\/li>\n<li data-start=\"1918\" data-end=\"1968\">\n<p data-start=\"1920\" data-end=\"1968\">Partidarios de la fitoterapia y los suplementos naturales.<\/p>\n<\/li>\n<\/ul>\n<p><strong>Presentaci\u00f3n:<\/strong><\/p>\n<p>100g<\/p>\n<p>&nbsp;<\/p>\n","protected":false},"excerpt":{"rendered":"<p>Unha de Gato 100g Salud Viva &#8211; Planta amaz\u00f3nica ecol\u00f3gica que refuerza la inmunidad, favorece las articulaciones y ofrece protecci\u00f3n antioxidante. [&#8230;]<\/p>\n<p><a class=\"btn btn-secondary understrap-read-more-link\" href=\"https:\/\/www.lifenatura.com\/es\/produto\/una-de-gato-100g-salud-viva\/\">Leer m\u00e1s&#8230;<span class=\"screen-reader-text\"> from U\u00f1a de Gato 100g &#8211; Salud Viva<\/span><\/a><\/p>\n","protected":false},"featured_media":111389,"template":"","meta":{"_acf_changed":false},"product_brand":[8295],"product_cat":[7064,7074,7883],"product_tag":[],"class_list":{"0":"post-116394","1":"product","2":"type-product","3":"status-publish","4":"has-post-thumbnail","6":"product_brand-salud-viva","7":"product_cat-alimentacion-sana","8":"product_cat-productos-alimenticios","9":"product_cat-suplementos-alimenticios","11":"first","12":"instock","13":"shipping-taxable","14":"purchasable","15":"product-type-simple","16":"add-to-wishlist-before_image"},"acf":[],"yoast_head":"<!-- This site is optimized with the Yoast SEO Premium plugin v27.1 (Yoast SEO v27.5) - https:\/\/yoast.com\/product\/yoast-seo-premium-wordpress\/ -->\n<title>U\u00f1a de Gato 100g - Salud Viva - Na Lifenatura ao Melhor Pre\u00e7o | Envio em 48h<\/title>\n<meta name=\"description\" content=\"Unha de Gato 100g Salud Viva - Planta amaz\u00f3nica ecol\u00f3gica que refuerza la inmunidad, favorece las articulaciones y ofrece protecci\u00f3n antioxidante.\" \/>\n<meta name=\"robots\" content=\"index, follow, max-snippet:-1, max-image-preview:large, max-video-preview:-1\" \/>\n<link rel=\"canonical\" href=\"https:\/\/www.lifenatura.com\/es\/produto\/una-de-gato-100g-salud-viva\/\" \/>\n<meta property=\"og:locale\" content=\"es_ES\" \/>\n<meta property=\"og:type\" content=\"article\" \/>\n<meta property=\"og:title\" content=\"U\u00f1a de Gato 100g - Salud Viva - Na Lifenatura ao Melhor Pre\u00e7o | Envio 48h\" \/>\n<meta property=\"og:description\" content=\"Compre U\u00f1a de Gato 100g - Salud Viva com envio r\u00e1pido. Entrega em 48h e portes gr\u00e1tis em compras &gt;35\u20ac. Aproveite j\u00e1 na Lifenatura\" \/>\n<meta property=\"og:url\" content=\"https:\/\/www.lifenatura.com\/es\/produto\/una-de-gato-100g-salud-viva\/\" \/>\n<meta property=\"og:site_name\" content=\"Lifenatura\" \/>\n<meta property=\"article:publisher\" content=\"https:\/\/www.facebook.com\/lifenatura\" \/>\n<meta property=\"article:modified_time\" content=\"2025-09-08T13:12:20+00:00\" \/>\n<meta property=\"og:image\" content=\"https:\/\/www.lifenatura.com\/wp-content\/uploads\/2025\/05\/unha-de-gato-100g-salud-viva.jpg\" \/>\n\t<meta property=\"og:image:width\" content=\"1000\" \/>\n\t<meta property=\"og:image:height\" content=\"1000\" \/>\n\t<meta property=\"og:image:type\" content=\"image\/jpeg\" \/>\n<meta name=\"twitter:card\" content=\"summary_large_image\" \/>\n<meta name=\"twitter:label1\" content=\"Precio\" \/>\n\t<meta name=\"twitter:data1\" content=\"11,90&nbsp;&euro;\" \/>\n\t<meta name=\"twitter:label2\" content=\"Disponibilidad\" \/>\n\t<meta name=\"twitter:data2\" content=\"Disponible\" \/>\n<script type=\"application\/ld+json\" class=\"yoast-schema-graph\">{\"@context\":\"https:\\\/\\\/schema.org\",\"@graph\":[{\"@type\":\"WebPage\",\"@id\":\"https:\\\/\\\/www.lifenatura.com\\\/es\\\/produto\\\/una-de-gato-100g-salud-viva\\\/\",\"url\":\"https:\\\/\\\/www.lifenatura.com\\\/es\\\/produto\\\/una-de-gato-100g-salud-viva\\\/\",\"name\":\"U\u00f1a de Gato 100g - Salud Viva - Na Lifenatura ao Melhor Pre\u00e7o | Envio em 48h\",\"isPartOf\":{\"@id\":\"https:\\\/\\\/www.lifenatura.com\\\/es\\\/#website\"},\"primaryImageOfPage\":{\"@id\":\"https:\\\/\\\/www.lifenatura.com\\\/es\\\/produto\\\/una-de-gato-100g-salud-viva\\\/#primaryimage\"},\"image\":{\"@id\":\"https:\\\/\\\/www.lifenatura.com\\\/es\\\/produto\\\/una-de-gato-100g-salud-viva\\\/#primaryimage\"},\"thumbnailUrl\":\"https:\\\/\\\/www.lifenatura.com\\\/wp-content\\\/uploads\\\/2025\\\/05\\\/unha-de-gato-100g-salud-viva.jpg\",\"datePublished\":\"2025-05-13T15:57:48+00:00\",\"dateModified\":\"2025-09-08T13:12:20+00:00\",\"description\":\"Unha de Gato 100g Salud Viva - Planta amaz\u00f3nica ecol\u00f3gica que refuerza la inmunidad, favorece las articulaciones y ofrece protecci\u00f3n antioxidante.\",\"breadcrumb\":{\"@id\":\"https:\\\/\\\/www.lifenatura.com\\\/es\\\/produto\\\/una-de-gato-100g-salud-viva\\\/#breadcrumb\"},\"inLanguage\":\"es\",\"potentialAction\":[{\"@type\":\"ReadAction\",\"target\":[\"https:\\\/\\\/www.lifenatura.com\\\/es\\\/produto\\\/una-de-gato-100g-salud-viva\\\/\"]}]},{\"@type\":\"ImageObject\",\"inLanguage\":\"es\",\"@id\":\"https:\\\/\\\/www.lifenatura.com\\\/es\\\/produto\\\/una-de-gato-100g-salud-viva\\\/#primaryimage\",\"url\":\"https:\\\/\\\/www.lifenatura.com\\\/wp-content\\\/uploads\\\/2025\\\/05\\\/unha-de-gato-100g-salud-viva.jpg\",\"contentUrl\":\"https:\\\/\\\/www.lifenatura.com\\\/wp-content\\\/uploads\\\/2025\\\/05\\\/unha-de-gato-100g-salud-viva.jpg\",\"width\":1000,\"height\":1000},{\"@type\":\"BreadcrumbList\",\"@id\":\"https:\\\/\\\/www.lifenatura.com\\\/es\\\/produto\\\/una-de-gato-100g-salud-viva\\\/#breadcrumb\",\"itemListElement\":[{\"@type\":\"ListItem\",\"position\":1,\"name\":\"In\u00edcio\",\"item\":\"https:\\\/\\\/www.lifenatura.com\\\/es\\\/\"},{\"@type\":\"ListItem\",\"position\":2,\"name\":\"Todos los Productos\",\"item\":\"https:\\\/\\\/www.lifenatura.com\\\/es\\\/tienda\\\/\"},{\"@type\":\"ListItem\",\"position\":3,\"name\":\"U\u00f1a de Gato 100g &#8211; Salud Viva\"}]},{\"@type\":\"WebSite\",\"@id\":\"https:\\\/\\\/www.lifenatura.com\\\/es\\\/#website\",\"url\":\"https:\\\/\\\/www.lifenatura.com\\\/es\\\/\",\"name\":\"Lifenatura\",\"description\":\"A Lifenatura \u00e9 uma loja de produtos naturais, cosm\u00e9tica natural e alimenta\u00e7\u00e3o Biol\u00f3gica.\",\"publisher\":{\"@id\":\"https:\\\/\\\/www.lifenatura.com\\\/es\\\/#organization\"},\"potentialAction\":[{\"@type\":\"SearchAction\",\"target\":{\"@type\":\"EntryPoint\",\"urlTemplate\":\"https:\\\/\\\/www.lifenatura.com\\\/es\\\/?s={search_term_string}\"},\"query-input\":{\"@type\":\"PropertyValueSpecification\",\"valueRequired\":true,\"valueName\":\"search_term_string\"}}],\"inLanguage\":\"es\"},{\"@type\":\"Organization\",\"@id\":\"https:\\\/\\\/www.lifenatura.com\\\/es\\\/#organization\",\"name\":\"Lifenatura\",\"url\":\"https:\\\/\\\/www.lifenatura.com\\\/es\\\/\",\"logo\":{\"@type\":\"ImageObject\",\"inLanguage\":\"es\",\"@id\":\"https:\\\/\\\/www.lifenatura.com\\\/es\\\/#\\\/schema\\\/logo\\\/image\\\/\",\"url\":\"https:\\\/\\\/www.lifenatura.com\\\/wp-content\\\/uploads\\\/2021\\\/07\\\/logo.png\",\"contentUrl\":\"https:\\\/\\\/www.lifenatura.com\\\/wp-content\\\/uploads\\\/2021\\\/07\\\/logo.png\",\"width\":175,\"height\":55,\"caption\":\"Lifenatura\"},\"image\":{\"@id\":\"https:\\\/\\\/www.lifenatura.com\\\/es\\\/#\\\/schema\\\/logo\\\/image\\\/\"},\"sameAs\":[\"https:\\\/\\\/www.facebook.com\\\/lifenatura\",\"https:\\\/\\\/www.instagram.com\\\/lifenaturapt\\\/\"],\"hasMerchantReturnPolicy\":{\"@type\":\"MerchantReturnPolicy\",\"merchantReturnLink\":\"https:\\\/\\\/www.lifenatura.com\\\/termos-condicoes-lifenatura\\\/\"}}]}<\/script>\n<meta property=\"product:price:amount\" content=\"11.90\" \/>\n<meta property=\"product:price:currency\" content=\"EUR\" \/>\n<meta property=\"og:availability\" content=\"instock\" \/>\n<meta property=\"product:availability\" content=\"instock\" \/>\n<meta property=\"product:retailer_item_id\" content=\"24520000005\" \/>\n<meta property=\"product:condition\" content=\"new\" \/>\n<!-- \/ Yoast SEO Premium plugin. -->","yoast_head_json":{"title":"U\u00f1a de Gato 100g - Salud Viva - Na Lifenatura ao Melhor Pre\u00e7o | Envio em 48h","description":"Unha de Gato 100g Salud Viva - Planta amaz\u00f3nica ecol\u00f3gica que refuerza la inmunidad, favorece las articulaciones y ofrece protecci\u00f3n antioxidante.","robots":{"index":"index","follow":"follow","max-snippet":"max-snippet:-1","max-image-preview":"max-image-preview:large","max-video-preview":"max-video-preview:-1"},"canonical":"https:\/\/www.lifenatura.com\/es\/produto\/una-de-gato-100g-salud-viva\/","og_locale":"es_ES","og_type":"article","og_title":"U\u00f1a de Gato 100g - Salud Viva - Na Lifenatura ao Melhor Pre\u00e7o | Envio 48h","og_description":"Compre U\u00f1a de Gato 100g - Salud Viva com envio r\u00e1pido. Entrega em 48h e portes gr\u00e1tis em compras >35\u20ac. Aproveite j\u00e1 na Lifenatura","og_url":"https:\/\/www.lifenatura.com\/es\/produto\/una-de-gato-100g-salud-viva\/","og_site_name":"Lifenatura","article_publisher":"https:\/\/www.facebook.com\/lifenatura","article_modified_time":"2025-09-08T13:12:20+00:00","og_image":[{"width":1000,"height":1000,"url":"https:\/\/www.lifenatura.com\/wp-content\/uploads\/2025\/05\/unha-de-gato-100g-salud-viva.jpg","type":"image\/jpeg"}],"twitter_card":"summary_large_image","twitter_misc":{"Precio":"11,90&nbsp;&euro;","Disponibilidad":"Disponible"},"schema":{"@context":"https:\/\/schema.org","@graph":[{"@type":"WebPage","@id":"https:\/\/www.lifenatura.com\/es\/produto\/una-de-gato-100g-salud-viva\/","url":"https:\/\/www.lifenatura.com\/es\/produto\/una-de-gato-100g-salud-viva\/","name":"U\u00f1a de Gato 100g - Salud Viva - Na Lifenatura ao Melhor Pre\u00e7o | Envio em 48h","isPartOf":{"@id":"https:\/\/www.lifenatura.com\/es\/#website"},"primaryImageOfPage":{"@id":"https:\/\/www.lifenatura.com\/es\/produto\/una-de-gato-100g-salud-viva\/#primaryimage"},"image":{"@id":"https:\/\/www.lifenatura.com\/es\/produto\/una-de-gato-100g-salud-viva\/#primaryimage"},"thumbnailUrl":"https:\/\/www.lifenatura.com\/wp-content\/uploads\/2025\/05\/unha-de-gato-100g-salud-viva.jpg","datePublished":"2025-05-13T15:57:48+00:00","dateModified":"2025-09-08T13:12:20+00:00","description":"Unha de Gato 100g Salud Viva - Planta amaz\u00f3nica ecol\u00f3gica que refuerza la inmunidad, favorece las articulaciones y ofrece protecci\u00f3n antioxidante.","breadcrumb":{"@id":"https:\/\/www.lifenatura.com\/es\/produto\/una-de-gato-100g-salud-viva\/#breadcrumb"},"inLanguage":"es","potentialAction":[{"@type":"ReadAction","target":["https:\/\/www.lifenatura.com\/es\/produto\/una-de-gato-100g-salud-viva\/"]}]},{"@type":"ImageObject","inLanguage":"es","@id":"https:\/\/www.lifenatura.com\/es\/produto\/una-de-gato-100g-salud-viva\/#primaryimage","url":"https:\/\/www.lifenatura.com\/wp-content\/uploads\/2025\/05\/unha-de-gato-100g-salud-viva.jpg","contentUrl":"https:\/\/www.lifenatura.com\/wp-content\/uploads\/2025\/05\/unha-de-gato-100g-salud-viva.jpg","width":1000,"height":1000},{"@type":"BreadcrumbList","@id":"https:\/\/www.lifenatura.com\/es\/produto\/una-de-gato-100g-salud-viva\/#breadcrumb","itemListElement":[{"@type":"ListItem","position":1,"name":"In\u00edcio","item":"https:\/\/www.lifenatura.com\/es\/"},{"@type":"ListItem","position":2,"name":"Todos los Productos","item":"https:\/\/www.lifenatura.com\/es\/tienda\/"},{"@type":"ListItem","position":3,"name":"U\u00f1a de Gato 100g &#8211; Salud Viva"}]},{"@type":"WebSite","@id":"https:\/\/www.lifenatura.com\/es\/#website","url":"https:\/\/www.lifenatura.com\/es\/","name":"Lifenatura","description":"A Lifenatura \u00e9 uma loja de produtos naturais, cosm\u00e9tica natural e alimenta\u00e7\u00e3o Biol\u00f3gica.","publisher":{"@id":"https:\/\/www.lifenatura.com\/es\/#organization"},"potentialAction":[{"@type":"SearchAction","target":{"@type":"EntryPoint","urlTemplate":"https:\/\/www.lifenatura.com\/es\/?s={search_term_string}"},"query-input":{"@type":"PropertyValueSpecification","valueRequired":true,"valueName":"search_term_string"}}],"inLanguage":"es"},{"@type":"Organization","@id":"https:\/\/www.lifenatura.com\/es\/#organization","name":"Lifenatura","url":"https:\/\/www.lifenatura.com\/es\/","logo":{"@type":"ImageObject","inLanguage":"es","@id":"https:\/\/www.lifenatura.com\/es\/#\/schema\/logo\/image\/","url":"https:\/\/www.lifenatura.com\/wp-content\/uploads\/2021\/07\/logo.png","contentUrl":"https:\/\/www.lifenatura.com\/wp-content\/uploads\/2021\/07\/logo.png","width":175,"height":55,"caption":"Lifenatura"},"image":{"@id":"https:\/\/www.lifenatura.com\/es\/#\/schema\/logo\/image\/"},"sameAs":["https:\/\/www.facebook.com\/lifenatura","https:\/\/www.instagram.com\/lifenaturapt\/"],"hasMerchantReturnPolicy":{"@type":"MerchantReturnPolicy","merchantReturnLink":"https:\/\/www.lifenatura.com\/termos-condicoes-lifenatura\/"}}]},"product_price_amount":"11.90","product_price_currency":"EUR","og_availability":"instock","product_availability":"instock","product_retailer_item_id":"24520000005","product_condition":"new"},"df_price":11.9,"df_sale_price":"","df_regular_price":11.9,"df_image_link":"https:\/\/www.lifenatura.com\/wp-content\/uploads\/2025\/05\/unha-de-gato-100g-salud-viva-300x300.jpg","_links":{"self":[{"href":"https:\/\/www.lifenatura.com\/es\/wp-json\/wp\/v2\/product\/116394","targetHints":{"allow":["GET"]}}],"collection":[{"href":"https:\/\/www.lifenatura.com\/es\/wp-json\/wp\/v2\/product"}],"about":[{"href":"https:\/\/www.lifenatura.com\/es\/wp-json\/wp\/v2\/types\/product"}],"wp:featuredmedia":[{"embeddable":true,"href":"https:\/\/www.lifenatura.com\/es\/wp-json\/wp\/v2\/media\/111389"}],"wp:attachment":[{"href":"https:\/\/www.lifenatura.com\/es\/wp-json\/wp\/v2\/media?parent=116394"}],"wp:term":[{"taxonomy":"product_brand","embeddable":true,"href":"https:\/\/www.lifenatura.com\/es\/wp-json\/wp\/v2\/product_brand?post=116394"},{"taxonomy":"product_cat","embeddable":true,"href":"https:\/\/www.lifenatura.com\/es\/wp-json\/wp\/v2\/product_cat?post=116394"},{"taxonomy":"product_tag","embeddable":true,"href":"https:\/\/www.lifenatura.com\/es\/wp-json\/wp\/v2\/product_tag?post=116394"}],"curies":[{"name":"wp","href":"https:\/\/api.w.org\/{rel}","templated":true}]}}