{"id":116392,"date":"2025-05-13T15:57:46","date_gmt":"2025-05-13T15:57:46","guid":{"rendered":"https:\/\/www.lifenatura.com\/produto\/jarabe-de-yacon-bio-345g-salud-viva\/"},"modified":"2025-09-08T13:20:56","modified_gmt":"2025-09-08T13:20:56","slug":"jarabe-de-yacon-bio-345g-salud-viva","status":"publish","type":"product","link":"https:\/\/www.lifenatura.com\/es\/produto\/jarabe-de-yacon-bio-345g-salud-viva\/","title":{"rendered":"Jarabe de Yac\u00f3n Bio 345g &#8211; Salud Viva"},"content":{"rendered":"<h2 style=\"text-align: left;\" data-start=\"175\" data-end=\"217\"><strong>Jarabe de Yac\u00f3n Ecol\u00f3gico &#8211; Salud Viva<\/strong><\/h2>\n<p>&nbsp;<\/p>\n<p data-start=\"283\" data-end=\"728\">El Sirope <strong data-start=\"285\" data-end=\"322\">de Y<\/strong> ac\u00f3n <strong data-start=\"285\" data-end=\"322\">Ecol\u00f3gico de Salud Viva<\/strong> es un edulcorante 100% natural y ecol\u00f3gico obtenido de la ra\u00edz de yac\u00f3n<em data-start=\"397\" data-end=\"423\">(Smallanthus sonchifolius<\/em>), una planta originaria de los Andes, conocida por su sabor dulce y sus propiedades funcionales. Considerado una excelente alternativa al az\u00facar refinado, el sirope de yac\u00f3n destaca por su <strong data-start=\"628\" data-end=\"654\">bajo \u00edndice gluc\u00e9mico<\/strong>, lo que lo hace ideal para quienes necesitan controlar sus niveles de az\u00facar en sangre.<\/p>\n<p data-start=\"730\" data-end=\"1120\">Naturalmente rico en <strong data-start=\"751\" data-end=\"782\">fructooligosac\u00e1ridos (FOS)<\/strong>, un tipo de fibra prebi\u00f3tica, este edulcorante no s\u00f3lo endulza de forma saludable, sino que tambi\u00e9n contribuye a la salud intestinal favoreciendo el crecimiento de bacterias beneficiosas para la flora. Tambi\u00e9n aporta minerales importantes, como potasio, calcio y magnesio, que favorecen el metabolismo energ\u00e9tico, el equilibrio electrol\u00edtico y la salud \u00f3sea.<\/p>\n<p data-start=\"1122\" data-end=\"1340\">Con su agradable sabor ligeramente caramelizado, <strong data-start=\"1176\" data-end=\"1199\">el Sirope de Yac\u00f3n Ecol\u00f3gico<\/strong> es muy vers\u00e1til y puede utilizarse para endulzar bebidas, batidos, gachas, yogures, postres, tortitas e incluso recetas saladas.<\/p>\n<p data-start=\"1342\" data-end=\"1370\"><strong>Principales ventajas:<\/strong><\/p>\n<ul data-start=\"1371\" data-end=\"1708\">\n<li data-start=\"1371\" data-end=\"1428\">\n<p data-start=\"1373\" data-end=\"1428\"><strong data-start=\"1373\" data-end=\"1399\">Bajo \u00edndice gluc\u00e9mico<\/strong>, apto para diab\u00e9ticos;<\/p>\n<\/li>\n<li data-start=\"1429\" data-end=\"1503\">\n<p data-start=\"1431\" data-end=\"1503\">Rico en <strong data-start=\"1439\" data-end=\"1467\">fibras prebi\u00f3ticas (FOS<\/strong> ) que favorecen la flora intestinal;<\/p>\n<\/li>\n<li data-start=\"1504\" data-end=\"1558\">\n<p data-start=\"1506\" data-end=\"1558\">Ayuda a <strong data-start=\"1514\" data-end=\"1555\">regular los niveles de az\u00facar en sangre<\/strong>;<\/p>\n<\/li>\n<li data-start=\"1559\" data-end=\"1614\">\n<p data-start=\"1561\" data-end=\"1614\">Fuente de minerales como potasio, calcio y magnesio;<\/p>\n<\/li>\n<li data-start=\"1615\" data-end=\"1661\">\n<p data-start=\"1617\" data-end=\"1661\"><strong data-start=\"1625\" data-end=\"1658\">Ecol\u00f3gico, vegano y sin gluten<\/strong>;<\/p>\n<\/li>\n<li data-start=\"1662\" data-end=\"1708\">\n<p data-start=\"1664\" data-end=\"1708\">Una alternativa sana y vers\u00e1til al az\u00facar.<\/p>\n<\/li>\n<\/ul>\n<p data-start=\"1710\" data-end=\"1727\"><strong>Indicaciones:<\/strong><\/p>\n<p data-start=\"1728\" data-end=\"1786\"><strong data-start=\"1730\" data-end=\"1767\">Salud Viva Bio Jarabe de Yac\u00f3n<\/strong> est\u00e1 indicado para:<\/p>\n<ul data-start=\"1787\" data-end=\"2013\">\n<li data-start=\"1787\" data-end=\"1853\">\n<p data-start=\"1789\" data-end=\"1853\">Personas que quieren reducir o sustituir su consumo de az\u00facar;<\/p>\n<\/li>\n<li data-start=\"1854\" data-end=\"1904\">\n<p data-start=\"1856\" data-end=\"1904\">Cualquiera que busque un edulcorante funcional y saludable;<\/p>\n<\/li>\n<li data-start=\"1905\" data-end=\"1968\">\n<p data-start=\"1907\" data-end=\"1968\">Diab\u00e9ticos o personas con dietas de bajo \u00edndice gluc\u00e9mico;<\/p>\n<\/li>\n<li data-start=\"1969\" data-end=\"2013\">\n<p data-start=\"1971\" data-end=\"2013\">Dietas veganas, vegetarianas y funcionales.<\/p>\n<\/li>\n<\/ul>\n<p><strong>Presentaci\u00f3n:<\/strong><\/p>\n<p>345g<\/p>\n<p>&nbsp;<\/p>\n","protected":false},"excerpt":{"rendered":"<p>Jarabe de Yac\u00f3n Bio 345g Salud Viva &#8211; Edulcorante natural de bajo \u00edndice gluc\u00e9mico y rico en fibras prebi\u00f3ticas. Alternativa saludable al az\u00facar. [&#8230;]<\/p>\n<p><a class=\"btn btn-secondary understrap-read-more-link\" href=\"https:\/\/www.lifenatura.com\/es\/produto\/jarabe-de-yacon-bio-345g-salud-viva\/\">Leer m\u00e1s&#8230;<span class=\"screen-reader-text\"> from Jarabe de Yac\u00f3n Bio 345g &#8211; Salud Viva<\/span><\/a><\/p>\n","protected":false},"featured_media":111409,"template":"","meta":{"_acf_changed":false},"product_brand":[8295],"product_cat":[7064,7289,7074],"product_tag":[],"class_list":{"0":"post-116392","1":"product","2":"type-product","3":"status-publish","4":"has-post-thumbnail","6":"product_brand-salud-viva","7":"product_cat-alimentacion-sana","8":"product_cat-azucar-edulcorantes","9":"product_cat-productos-alimenticios","11":"first","12":"instock","13":"shipping-taxable","14":"purchasable","15":"product-type-simple","16":"add-to-wishlist-before_image"},"acf":[],"yoast_head":"<!-- This site is optimized with the Yoast SEO Premium plugin v27.1 (Yoast SEO v27.5) - https:\/\/yoast.com\/product\/yoast-seo-premium-wordpress\/ -->\n<title>Jarabe de Yac\u00f3n Bio 345g - Salud Viva - Na Lifenatura ao Melhor Pre\u00e7o | Envio em 48h<\/title>\n<meta name=\"description\" content=\"Jarabe de Yac\u00f3n Bio 345g Salud Viva - Edulcorante natural de bajo \u00edndice gluc\u00e9mico y rico en fibras prebi\u00f3ticas. Alternativa saludable al az\u00facar.\" \/>\n<meta name=\"robots\" content=\"index, follow, max-snippet:-1, max-image-preview:large, max-video-preview:-1\" \/>\n<link rel=\"canonical\" href=\"https:\/\/www.lifenatura.com\/es\/produto\/jarabe-de-yacon-bio-345g-salud-viva\/\" \/>\n<meta property=\"og:locale\" content=\"es_ES\" \/>\n<meta property=\"og:type\" content=\"article\" \/>\n<meta property=\"og:title\" content=\"Jarabe de Yac\u00f3n Bio 345g - Salud Viva - Na Lifenatura ao Melhor Pre\u00e7o | Envio 48h\" \/>\n<meta property=\"og:description\" content=\"Compre Jarabe de Yac\u00f3n Bio 345g - Salud Viva com envio r\u00e1pido. Entrega em 48h e portes gr\u00e1tis em compras &gt;35\u20ac. Aproveite j\u00e1 na Lifenatura\" \/>\n<meta property=\"og:url\" content=\"https:\/\/www.lifenatura.com\/es\/produto\/jarabe-de-yacon-bio-345g-salud-viva\/\" \/>\n<meta property=\"og:site_name\" content=\"Lifenatura\" \/>\n<meta property=\"article:publisher\" content=\"https:\/\/www.facebook.com\/lifenatura\" \/>\n<meta property=\"article:modified_time\" content=\"2025-09-08T13:20:56+00:00\" \/>\n<meta property=\"og:image\" content=\"https:\/\/www.lifenatura.com\/wp-content\/uploads\/2025\/05\/xarope-de-yacon-345g-salud-viva.jpg\" \/>\n\t<meta property=\"og:image:width\" content=\"1000\" \/>\n\t<meta property=\"og:image:height\" content=\"1000\" \/>\n\t<meta property=\"og:image:type\" content=\"image\/jpeg\" \/>\n<meta name=\"twitter:card\" content=\"summary_large_image\" \/>\n<meta name=\"twitter:label1\" content=\"Precio\" \/>\n\t<meta name=\"twitter:data1\" content=\"20,77&nbsp;&euro;\" \/>\n\t<meta name=\"twitter:label2\" content=\"Disponibilidad\" \/>\n\t<meta name=\"twitter:data2\" content=\"Disponible\" \/>\n<script type=\"application\/ld+json\" class=\"yoast-schema-graph\">{\"@context\":\"https:\\\/\\\/schema.org\",\"@graph\":[{\"@type\":\"WebPage\",\"@id\":\"https:\\\/\\\/www.lifenatura.com\\\/es\\\/produto\\\/jarabe-de-yacon-bio-345g-salud-viva\\\/\",\"url\":\"https:\\\/\\\/www.lifenatura.com\\\/es\\\/produto\\\/jarabe-de-yacon-bio-345g-salud-viva\\\/\",\"name\":\"Jarabe de Yac\u00f3n Bio 345g - Salud Viva - Na Lifenatura ao Melhor Pre\u00e7o | Envio em 48h\",\"isPartOf\":{\"@id\":\"https:\\\/\\\/www.lifenatura.com\\\/es\\\/#website\"},\"primaryImageOfPage\":{\"@id\":\"https:\\\/\\\/www.lifenatura.com\\\/es\\\/produto\\\/jarabe-de-yacon-bio-345g-salud-viva\\\/#primaryimage\"},\"image\":{\"@id\":\"https:\\\/\\\/www.lifenatura.com\\\/es\\\/produto\\\/jarabe-de-yacon-bio-345g-salud-viva\\\/#primaryimage\"},\"thumbnailUrl\":\"https:\\\/\\\/www.lifenatura.com\\\/wp-content\\\/uploads\\\/2025\\\/05\\\/xarope-de-yacon-345g-salud-viva.jpg\",\"datePublished\":\"2025-05-13T15:57:46+00:00\",\"dateModified\":\"2025-09-08T13:20:56+00:00\",\"description\":\"Jarabe de Yac\u00f3n Bio 345g Salud Viva - Edulcorante natural de bajo \u00edndice gluc\u00e9mico y rico en fibras prebi\u00f3ticas. Alternativa saludable al az\u00facar.\",\"breadcrumb\":{\"@id\":\"https:\\\/\\\/www.lifenatura.com\\\/es\\\/produto\\\/jarabe-de-yacon-bio-345g-salud-viva\\\/#breadcrumb\"},\"inLanguage\":\"es\",\"potentialAction\":[{\"@type\":\"ReadAction\",\"target\":[\"https:\\\/\\\/www.lifenatura.com\\\/es\\\/produto\\\/jarabe-de-yacon-bio-345g-salud-viva\\\/\"]}]},{\"@type\":\"ImageObject\",\"inLanguage\":\"es\",\"@id\":\"https:\\\/\\\/www.lifenatura.com\\\/es\\\/produto\\\/jarabe-de-yacon-bio-345g-salud-viva\\\/#primaryimage\",\"url\":\"https:\\\/\\\/www.lifenatura.com\\\/wp-content\\\/uploads\\\/2025\\\/05\\\/xarope-de-yacon-345g-salud-viva.jpg\",\"contentUrl\":\"https:\\\/\\\/www.lifenatura.com\\\/wp-content\\\/uploads\\\/2025\\\/05\\\/xarope-de-yacon-345g-salud-viva.jpg\",\"width\":1000,\"height\":1000},{\"@type\":\"BreadcrumbList\",\"@id\":\"https:\\\/\\\/www.lifenatura.com\\\/es\\\/produto\\\/jarabe-de-yacon-bio-345g-salud-viva\\\/#breadcrumb\",\"itemListElement\":[{\"@type\":\"ListItem\",\"position\":1,\"name\":\"In\u00edcio\",\"item\":\"https:\\\/\\\/www.lifenatura.com\\\/es\\\/\"},{\"@type\":\"ListItem\",\"position\":2,\"name\":\"Todos los Productos\",\"item\":\"https:\\\/\\\/www.lifenatura.com\\\/es\\\/tienda\\\/\"},{\"@type\":\"ListItem\",\"position\":3,\"name\":\"Jarabe de Yac\u00f3n Bio 345g &#8211; Salud Viva\"}]},{\"@type\":\"WebSite\",\"@id\":\"https:\\\/\\\/www.lifenatura.com\\\/es\\\/#website\",\"url\":\"https:\\\/\\\/www.lifenatura.com\\\/es\\\/\",\"name\":\"Lifenatura\",\"description\":\"A Lifenatura \u00e9 uma loja de produtos naturais, cosm\u00e9tica natural e alimenta\u00e7\u00e3o Biol\u00f3gica.\",\"publisher\":{\"@id\":\"https:\\\/\\\/www.lifenatura.com\\\/es\\\/#organization\"},\"potentialAction\":[{\"@type\":\"SearchAction\",\"target\":{\"@type\":\"EntryPoint\",\"urlTemplate\":\"https:\\\/\\\/www.lifenatura.com\\\/es\\\/?s={search_term_string}\"},\"query-input\":{\"@type\":\"PropertyValueSpecification\",\"valueRequired\":true,\"valueName\":\"search_term_string\"}}],\"inLanguage\":\"es\"},{\"@type\":\"Organization\",\"@id\":\"https:\\\/\\\/www.lifenatura.com\\\/es\\\/#organization\",\"name\":\"Lifenatura\",\"url\":\"https:\\\/\\\/www.lifenatura.com\\\/es\\\/\",\"logo\":{\"@type\":\"ImageObject\",\"inLanguage\":\"es\",\"@id\":\"https:\\\/\\\/www.lifenatura.com\\\/es\\\/#\\\/schema\\\/logo\\\/image\\\/\",\"url\":\"https:\\\/\\\/www.lifenatura.com\\\/wp-content\\\/uploads\\\/2021\\\/07\\\/logo.png\",\"contentUrl\":\"https:\\\/\\\/www.lifenatura.com\\\/wp-content\\\/uploads\\\/2021\\\/07\\\/logo.png\",\"width\":175,\"height\":55,\"caption\":\"Lifenatura\"},\"image\":{\"@id\":\"https:\\\/\\\/www.lifenatura.com\\\/es\\\/#\\\/schema\\\/logo\\\/image\\\/\"},\"sameAs\":[\"https:\\\/\\\/www.facebook.com\\\/lifenatura\",\"https:\\\/\\\/www.instagram.com\\\/lifenaturapt\\\/\"],\"hasMerchantReturnPolicy\":{\"@type\":\"MerchantReturnPolicy\",\"merchantReturnLink\":\"https:\\\/\\\/www.lifenatura.com\\\/termos-condicoes-lifenatura\\\/\"}}]}<\/script>\n<meta property=\"product:price:amount\" content=\"20.77\" \/>\n<meta property=\"product:price:currency\" content=\"EUR\" \/>\n<meta property=\"og:availability\" content=\"instock\" \/>\n<meta property=\"product:availability\" content=\"instock\" \/>\n<meta property=\"product:retailer_item_id\" content=\"2240000000\" \/>\n<meta property=\"product:condition\" content=\"new\" \/>\n<!-- \/ Yoast SEO Premium plugin. -->","yoast_head_json":{"title":"Jarabe de Yac\u00f3n Bio 345g - Salud Viva - Na Lifenatura ao Melhor Pre\u00e7o | Envio em 48h","description":"Jarabe de Yac\u00f3n Bio 345g Salud Viva - Edulcorante natural de bajo \u00edndice gluc\u00e9mico y rico en fibras prebi\u00f3ticas. Alternativa saludable al az\u00facar.","robots":{"index":"index","follow":"follow","max-snippet":"max-snippet:-1","max-image-preview":"max-image-preview:large","max-video-preview":"max-video-preview:-1"},"canonical":"https:\/\/www.lifenatura.com\/es\/produto\/jarabe-de-yacon-bio-345g-salud-viva\/","og_locale":"es_ES","og_type":"article","og_title":"Jarabe de Yac\u00f3n Bio 345g - Salud Viva - Na Lifenatura ao Melhor Pre\u00e7o | Envio 48h","og_description":"Compre Jarabe de Yac\u00f3n Bio 345g - Salud Viva com envio r\u00e1pido. Entrega em 48h e portes gr\u00e1tis em compras >35\u20ac. Aproveite j\u00e1 na Lifenatura","og_url":"https:\/\/www.lifenatura.com\/es\/produto\/jarabe-de-yacon-bio-345g-salud-viva\/","og_site_name":"Lifenatura","article_publisher":"https:\/\/www.facebook.com\/lifenatura","article_modified_time":"2025-09-08T13:20:56+00:00","og_image":[{"width":1000,"height":1000,"url":"https:\/\/www.lifenatura.com\/wp-content\/uploads\/2025\/05\/xarope-de-yacon-345g-salud-viva.jpg","type":"image\/jpeg"}],"twitter_card":"summary_large_image","twitter_misc":{"Precio":"20,77&nbsp;&euro;","Disponibilidad":"Disponible"},"schema":{"@context":"https:\/\/schema.org","@graph":[{"@type":"WebPage","@id":"https:\/\/www.lifenatura.com\/es\/produto\/jarabe-de-yacon-bio-345g-salud-viva\/","url":"https:\/\/www.lifenatura.com\/es\/produto\/jarabe-de-yacon-bio-345g-salud-viva\/","name":"Jarabe de Yac\u00f3n Bio 345g - Salud Viva - Na Lifenatura ao Melhor Pre\u00e7o | Envio em 48h","isPartOf":{"@id":"https:\/\/www.lifenatura.com\/es\/#website"},"primaryImageOfPage":{"@id":"https:\/\/www.lifenatura.com\/es\/produto\/jarabe-de-yacon-bio-345g-salud-viva\/#primaryimage"},"image":{"@id":"https:\/\/www.lifenatura.com\/es\/produto\/jarabe-de-yacon-bio-345g-salud-viva\/#primaryimage"},"thumbnailUrl":"https:\/\/www.lifenatura.com\/wp-content\/uploads\/2025\/05\/xarope-de-yacon-345g-salud-viva.jpg","datePublished":"2025-05-13T15:57:46+00:00","dateModified":"2025-09-08T13:20:56+00:00","description":"Jarabe de Yac\u00f3n Bio 345g Salud Viva - Edulcorante natural de bajo \u00edndice gluc\u00e9mico y rico en fibras prebi\u00f3ticas. Alternativa saludable al az\u00facar.","breadcrumb":{"@id":"https:\/\/www.lifenatura.com\/es\/produto\/jarabe-de-yacon-bio-345g-salud-viva\/#breadcrumb"},"inLanguage":"es","potentialAction":[{"@type":"ReadAction","target":["https:\/\/www.lifenatura.com\/es\/produto\/jarabe-de-yacon-bio-345g-salud-viva\/"]}]},{"@type":"ImageObject","inLanguage":"es","@id":"https:\/\/www.lifenatura.com\/es\/produto\/jarabe-de-yacon-bio-345g-salud-viva\/#primaryimage","url":"https:\/\/www.lifenatura.com\/wp-content\/uploads\/2025\/05\/xarope-de-yacon-345g-salud-viva.jpg","contentUrl":"https:\/\/www.lifenatura.com\/wp-content\/uploads\/2025\/05\/xarope-de-yacon-345g-salud-viva.jpg","width":1000,"height":1000},{"@type":"BreadcrumbList","@id":"https:\/\/www.lifenatura.com\/es\/produto\/jarabe-de-yacon-bio-345g-salud-viva\/#breadcrumb","itemListElement":[{"@type":"ListItem","position":1,"name":"In\u00edcio","item":"https:\/\/www.lifenatura.com\/es\/"},{"@type":"ListItem","position":2,"name":"Todos los Productos","item":"https:\/\/www.lifenatura.com\/es\/tienda\/"},{"@type":"ListItem","position":3,"name":"Jarabe de Yac\u00f3n Bio 345g &#8211; Salud Viva"}]},{"@type":"WebSite","@id":"https:\/\/www.lifenatura.com\/es\/#website","url":"https:\/\/www.lifenatura.com\/es\/","name":"Lifenatura","description":"A Lifenatura \u00e9 uma loja de produtos naturais, cosm\u00e9tica natural e alimenta\u00e7\u00e3o Biol\u00f3gica.","publisher":{"@id":"https:\/\/www.lifenatura.com\/es\/#organization"},"potentialAction":[{"@type":"SearchAction","target":{"@type":"EntryPoint","urlTemplate":"https:\/\/www.lifenatura.com\/es\/?s={search_term_string}"},"query-input":{"@type":"PropertyValueSpecification","valueRequired":true,"valueName":"search_term_string"}}],"inLanguage":"es"},{"@type":"Organization","@id":"https:\/\/www.lifenatura.com\/es\/#organization","name":"Lifenatura","url":"https:\/\/www.lifenatura.com\/es\/","logo":{"@type":"ImageObject","inLanguage":"es","@id":"https:\/\/www.lifenatura.com\/es\/#\/schema\/logo\/image\/","url":"https:\/\/www.lifenatura.com\/wp-content\/uploads\/2021\/07\/logo.png","contentUrl":"https:\/\/www.lifenatura.com\/wp-content\/uploads\/2021\/07\/logo.png","width":175,"height":55,"caption":"Lifenatura"},"image":{"@id":"https:\/\/www.lifenatura.com\/es\/#\/schema\/logo\/image\/"},"sameAs":["https:\/\/www.facebook.com\/lifenatura","https:\/\/www.instagram.com\/lifenaturapt\/"],"hasMerchantReturnPolicy":{"@type":"MerchantReturnPolicy","merchantReturnLink":"https:\/\/www.lifenatura.com\/termos-condicoes-lifenatura\/"}}]},"product_price_amount":"20.77","product_price_currency":"EUR","og_availability":"instock","product_availability":"instock","product_retailer_item_id":"2240000000","product_condition":"new"},"df_price":20.77,"df_sale_price":"","df_regular_price":20.77,"df_image_link":"https:\/\/www.lifenatura.com\/wp-content\/uploads\/2025\/05\/xarope-de-yacon-345g-salud-viva-300x300.jpg","_links":{"self":[{"href":"https:\/\/www.lifenatura.com\/es\/wp-json\/wp\/v2\/product\/116392","targetHints":{"allow":["GET"]}}],"collection":[{"href":"https:\/\/www.lifenatura.com\/es\/wp-json\/wp\/v2\/product"}],"about":[{"href":"https:\/\/www.lifenatura.com\/es\/wp-json\/wp\/v2\/types\/product"}],"wp:featuredmedia":[{"embeddable":true,"href":"https:\/\/www.lifenatura.com\/es\/wp-json\/wp\/v2\/media\/111409"}],"wp:attachment":[{"href":"https:\/\/www.lifenatura.com\/es\/wp-json\/wp\/v2\/media?parent=116392"}],"wp:term":[{"taxonomy":"product_brand","embeddable":true,"href":"https:\/\/www.lifenatura.com\/es\/wp-json\/wp\/v2\/product_brand?post=116392"},{"taxonomy":"product_cat","embeddable":true,"href":"https:\/\/www.lifenatura.com\/es\/wp-json\/wp\/v2\/product_cat?post=116392"},{"taxonomy":"product_tag","embeddable":true,"href":"https:\/\/www.lifenatura.com\/es\/wp-json\/wp\/v2\/product_tag?post=116392"}],"curies":[{"name":"wp","href":"https:\/\/api.w.org\/{rel}","templated":true}]}}