{"id":116390,"date":"2025-05-13T14:04:40","date_gmt":"2025-05-13T14:04:40","guid":{"rendered":"https:\/\/www.lifenatura.com\/produto\/muira-puama-125g-salud-viva\/"},"modified":"2025-09-20T06:58:59","modified_gmt":"2025-09-20T06:58:59","slug":"muira-puama-125g-salud-viva","status":"publish","type":"product","link":"https:\/\/www.lifenatura.com\/es\/produto\/muira-puama-125g-salud-viva\/","title":{"rendered":"Muira Puama 125g &#8211; Salud Viva"},"content":{"rendered":"<h2 style=\"text-align: left;\" data-start=\"197\" data-end=\"231\"><strong>Muira Puama &#8211; Salud Viva<\/strong><\/h2>\n<p>&nbsp;<\/p>\n<p data-start=\"278\" data-end=\"697\"><strong data-start=\"280\" data-end=\"309\">Muira Puama de Salud Viva<\/strong> es un suplemento natural en polvo obtenido de la ra\u00edz y la corteza de una planta originaria del Amazonas, conocida como la &#8220;madera del poder&#8221; por sus reconocidas propiedades revitalizantes. Utilizada tradicionalmente por las poblaciones ind\u00edgenas, la Muira Puama se valora en la fitoterapia moderna por su efecto positivo sobre la <strong data-start=\"633\" data-end=\"694\">energ\u00eda f\u00edsica, la resistencia mental y el equilibrio emocional<\/strong>.<\/p>\n<p data-start=\"699\" data-end=\"1006\">Rica en compuestos bioactivos como alcaloides, esteroles y \u00e1cidos grasos esenciales, esta planta ayuda a mejorar la circulaci\u00f3n sangu\u00ednea, favorece la funci\u00f3n cognitiva y promueve el bienestar general. Se utiliza mucho como <strong data-start=\"926\" data-end=\"949\">t\u00f3nico adapt\u00f3geno<\/strong>, que ayuda al organismo a hacer frente al estr\u00e9s y la fatiga.<\/p>\n<p data-start=\"1008\" data-end=\"1280\">La Muira Puama tambi\u00e9n es conocida por su uso tradicional como <strong data-start=\"1071\" data-end=\"1094\">afrodis\u00edaco natural<\/strong>, que favorece la vitalidad sexual tanto en hombres como en mujeres. Puede a\u00f1adirse a batidos, zumos, infusiones o bebidas vegetales, lo que la convierte en una opci\u00f3n vers\u00e1til para el uso diario.<\/p>\n<p data-start=\"1282\" data-end=\"1310\"><strong>Principales ventajas:<\/strong><\/p>\n<ul data-start=\"1311\" data-end=\"1551\">\n<li data-start=\"1311\" data-end=\"1354\">\n<p data-start=\"1313\" data-end=\"1354\"><strong data-start=\"1313\" data-end=\"1334\">Aumenta la energ\u00eda<\/strong> y reduce la fatiga;<\/p>\n<\/li>\n<li data-start=\"1355\" data-end=\"1400\">\n<p data-start=\"1357\" data-end=\"1400\">Favorece <strong data-start=\"1365\" data-end=\"1385\">la funci\u00f3n cognitiva<\/strong> y la memoria;<\/p>\n<\/li>\n<li data-start=\"1401\" data-end=\"1446\">\n<p data-start=\"1403\" data-end=\"1446\">Contribuye al <strong data-start=\"1420\" data-end=\"1443\">bienestar emocional;<\/strong><\/p>\n<\/li>\n<li data-start=\"1447\" data-end=\"1501\">\n<p data-start=\"1449\" data-end=\"1501\">Conocido por su efecto <strong data-start=\"1475\" data-end=\"1498\">afrodis\u00edaco natural<\/strong>;<\/p>\n<\/li>\n<li data-start=\"1502\" data-end=\"1551\">\n<p data-start=\"1504\" data-end=\"1551\">Producto <strong data-start=\"1512\" data-end=\"1548\">100% natural<\/strong> de <strong data-start=\"1512\" data-end=\"1548\">origen vegetal<\/strong>.<\/p>\n<\/li>\n<\/ul>\n<p data-start=\"1553\" data-end=\"1570\"><strong>Indicaciones:<\/strong><\/p>\n<p data-start=\"1571\" data-end=\"1621\"><strong data-start=\"1573\" data-end=\"1602\">Muira Puama de Salud<\/strong> Viva est\u00e1 indicado para:<\/p>\n<ul data-start=\"1622\" data-end=\"1825\">\n<li data-start=\"1622\" data-end=\"1663\">\n<p data-start=\"1624\" data-end=\"1663\">Personas con fatiga f\u00edsica o mental;<\/p>\n<\/li>\n<li data-start=\"1664\" data-end=\"1716\">\n<p data-start=\"1666\" data-end=\"1716\">Los que quieren aumentar su vitalidad y resistencia;<\/p>\n<\/li>\n<li data-start=\"1717\" data-end=\"1773\">\n<p data-start=\"1719\" data-end=\"1773\">Hombres y mujeres que buscan apoyo en salud sexual;<\/p>\n<\/li>\n<li data-start=\"1774\" data-end=\"1825\">\n<p data-start=\"1776\" data-end=\"1825\">Partidarios de la fitoterapia y los complementos naturales.<\/p>\n<\/li>\n<\/ul>\n<p><strong>Presentaci\u00f3n:<\/strong><\/p>\n<p>125g<\/p>\n<p>&nbsp;<\/p>\n","protected":false},"excerpt":{"rendered":"<p>Muira Puama 125g Salud Viva &#8211; T\u00f3nico natural para la energ\u00eda, la concentraci\u00f3n y la vitalidad. Favorece la salud sexual, f\u00edsica y mental. 100% natural y de origen vegetal. [&#8230;]<\/p>\n<p><a class=\"btn btn-secondary understrap-read-more-link\" href=\"https:\/\/www.lifenatura.com\/es\/produto\/muira-puama-125g-salud-viva\/\">Leer m\u00e1s&#8230;<span class=\"screen-reader-text\"> from Muira Puama 125g &#8211; Salud Viva<\/span><\/a><\/p>\n","protected":false},"featured_media":111473,"template":"","meta":{"_acf_changed":false},"product_brand":[8295],"product_cat":[7064,7074,7883],"product_tag":[],"class_list":{"0":"post-116390","1":"product","2":"type-product","3":"status-publish","4":"has-post-thumbnail","6":"product_brand-salud-viva","7":"product_cat-alimentacion-sana","8":"product_cat-productos-alimenticios","9":"product_cat-suplementos-alimenticios","11":"first","12":"instock","13":"shipping-taxable","14":"purchasable","15":"product-type-simple","16":"add-to-wishlist-before_image"},"acf":[],"yoast_head":"<!-- This site is optimized with the Yoast SEO Premium plugin v27.1 (Yoast SEO v27.4) - https:\/\/yoast.com\/product\/yoast-seo-premium-wordpress\/ -->\n<title>Muira Puama 125g - Salud Viva - Lifenatura<\/title>\n<meta name=\"description\" content=\"Muira Puama Salud Viva T\u00f3nico natural para la energ\u00eda, concentraci\u00f3n y la vitalidad. Favorece la salud sexual, f\u00edsica y mental. 100% natural.\" \/>\n<meta name=\"robots\" content=\"index, follow, max-snippet:-1, max-image-preview:large, max-video-preview:-1\" \/>\n<link rel=\"canonical\" href=\"https:\/\/www.lifenatura.com\/es\/produto\/muira-puama-125g-salud-viva\/\" \/>\n<meta property=\"og:locale\" content=\"es_ES\" \/>\n<meta property=\"og:type\" content=\"article\" \/>\n<meta property=\"og:title\" content=\"Muira Puama 125g - Salud Viva - Lifenatura\" \/>\n<meta property=\"og:description\" content=\"Compre aqui o seu Muira Puama 125g - Salud Viva e a Lifenatura Online envia em 48 H com Portes Gratis &gt;35\u20ac de Pedido.\" \/>\n<meta property=\"og:url\" content=\"https:\/\/www.lifenatura.com\/es\/produto\/muira-puama-125g-salud-viva\/\" \/>\n<meta property=\"og:site_name\" content=\"Lifenatura\" \/>\n<meta property=\"article:publisher\" content=\"https:\/\/www.facebook.com\/lifenatura\" \/>\n<meta property=\"article:modified_time\" content=\"2025-09-20T06:58:59+00:00\" \/>\n<meta property=\"og:image\" content=\"https:\/\/www.lifenatura.com\/wp-content\/uploads\/2025\/05\/muira-puama-125g-salud-viva.jpg\" \/>\n\t<meta property=\"og:image:width\" content=\"1000\" \/>\n\t<meta property=\"og:image:height\" content=\"1000\" \/>\n\t<meta property=\"og:image:type\" content=\"image\/jpeg\" \/>\n<meta name=\"twitter:card\" content=\"summary_large_image\" \/>\n<meta name=\"twitter:label1\" content=\"Precio\" \/>\n\t<meta name=\"twitter:data1\" content=\"10,38&nbsp;&euro;\" \/>\n\t<meta name=\"twitter:label2\" content=\"Disponibilidad\" \/>\n\t<meta name=\"twitter:data2\" content=\"Disponible\" \/>\n<meta property=\"product:price:amount\" content=\"10.38\" \/>\n<meta property=\"product:price:currency\" content=\"EUR\" \/>\n<meta property=\"og:availability\" content=\"instock\" \/>\n<meta property=\"product:availability\" content=\"instock\" \/>\n<meta property=\"product:retailer_item_id\" content=\"12850000000\" \/>\n<meta property=\"product:condition\" content=\"new\" \/>\n<!-- \/ Yoast SEO Premium plugin. -->","yoast_head_json":{"title":"Muira Puama 125g - Salud Viva - Lifenatura","description":"Muira Puama Salud Viva T\u00f3nico natural para la energ\u00eda, concentraci\u00f3n y la vitalidad. Favorece la salud sexual, f\u00edsica y mental. 100% natural.","robots":{"index":"index","follow":"follow","max-snippet":"max-snippet:-1","max-image-preview":"max-image-preview:large","max-video-preview":"max-video-preview:-1"},"canonical":"https:\/\/www.lifenatura.com\/es\/produto\/muira-puama-125g-salud-viva\/","og_locale":"es_ES","og_type":"article","og_title":"Muira Puama 125g - Salud Viva - Lifenatura","og_description":"Compre aqui o seu Muira Puama 125g - Salud Viva e a Lifenatura Online envia em 48 H com Portes Gratis >35\u20ac de Pedido.","og_url":"https:\/\/www.lifenatura.com\/es\/produto\/muira-puama-125g-salud-viva\/","og_site_name":"Lifenatura","article_publisher":"https:\/\/www.facebook.com\/lifenatura","article_modified_time":"2025-09-20T06:58:59+00:00","og_image":[{"width":1000,"height":1000,"url":"https:\/\/www.lifenatura.com\/wp-content\/uploads\/2025\/05\/muira-puama-125g-salud-viva.jpg","type":"image\/jpeg"}],"twitter_card":"summary_large_image","twitter_misc":{"Precio":"10,38&nbsp;&euro;","Disponibilidad":"Disponible"},"schema":{"@context":"https:\/\/schema.org","@graph":[{"@type":"WebPage","@id":"https:\/\/www.lifenatura.com\/es\/produto\/muira-puama-125g-salud-viva\/","url":"https:\/\/www.lifenatura.com\/es\/produto\/muira-puama-125g-salud-viva\/","name":"Muira Puama 125g - Salud Viva - Lifenatura","isPartOf":{"@id":"https:\/\/www.lifenatura.com\/es\/#website"},"primaryImageOfPage":{"@id":"https:\/\/www.lifenatura.com\/es\/produto\/muira-puama-125g-salud-viva\/#primaryimage"},"image":{"@id":"https:\/\/www.lifenatura.com\/es\/produto\/muira-puama-125g-salud-viva\/#primaryimage"},"thumbnailUrl":"https:\/\/www.lifenatura.com\/wp-content\/uploads\/2025\/05\/muira-puama-125g-salud-viva.jpg","datePublished":"2025-05-13T14:04:40+00:00","dateModified":"2025-09-20T06:58:59+00:00","description":"Muira Puama Salud Viva T\u00f3nico natural para la energ\u00eda, concentraci\u00f3n y la vitalidad. Favorece la salud sexual, f\u00edsica y mental. 100% natural.","breadcrumb":{"@id":"https:\/\/www.lifenatura.com\/es\/produto\/muira-puama-125g-salud-viva\/#breadcrumb"},"inLanguage":"es","potentialAction":[{"@type":"ReadAction","target":["https:\/\/www.lifenatura.com\/es\/produto\/muira-puama-125g-salud-viva\/"]}]},{"@type":"ImageObject","inLanguage":"es","@id":"https:\/\/www.lifenatura.com\/es\/produto\/muira-puama-125g-salud-viva\/#primaryimage","url":"https:\/\/www.lifenatura.com\/wp-content\/uploads\/2025\/05\/muira-puama-125g-salud-viva.jpg","contentUrl":"https:\/\/www.lifenatura.com\/wp-content\/uploads\/2025\/05\/muira-puama-125g-salud-viva.jpg","width":1000,"height":1000},{"@type":"BreadcrumbList","@id":"https:\/\/www.lifenatura.com\/es\/produto\/muira-puama-125g-salud-viva\/#breadcrumb","itemListElement":[{"@type":"ListItem","position":1,"name":"In\u00edcio","item":"https:\/\/www.lifenatura.com\/es\/"},{"@type":"ListItem","position":2,"name":"Todos los Productos","item":"https:\/\/www.lifenatura.com\/es\/tienda\/"},{"@type":"ListItem","position":3,"name":"Muira Puama 125g &#8211; Salud Viva"}]},{"@type":"WebSite","@id":"https:\/\/www.lifenatura.com\/es\/#website","url":"https:\/\/www.lifenatura.com\/es\/","name":"Lifenatura","description":"A Lifenatura \u00e9 uma loja de produtos naturais, cosm\u00e9tica natural e alimenta\u00e7\u00e3o Biol\u00f3gica.","publisher":{"@id":"https:\/\/www.lifenatura.com\/es\/#organization"},"potentialAction":[{"@type":"SearchAction","target":{"@type":"EntryPoint","urlTemplate":"https:\/\/www.lifenatura.com\/es\/?s={search_term_string}"},"query-input":{"@type":"PropertyValueSpecification","valueRequired":true,"valueName":"search_term_string"}}],"inLanguage":"es"},{"@type":"Organization","@id":"https:\/\/www.lifenatura.com\/es\/#organization","name":"Lifenatura","url":"https:\/\/www.lifenatura.com\/es\/","logo":{"@type":"ImageObject","inLanguage":"es","@id":"https:\/\/www.lifenatura.com\/es\/#\/schema\/logo\/image\/","url":"https:\/\/www.lifenatura.com\/wp-content\/uploads\/2021\/11\/logo.png","contentUrl":"https:\/\/www.lifenatura.com\/wp-content\/uploads\/2021\/11\/logo.png","width":175,"height":55,"caption":"Lifenatura"},"image":{"@id":"https:\/\/www.lifenatura.com\/es\/#\/schema\/logo\/image\/"},"sameAs":["https:\/\/www.facebook.com\/lifenatura","https:\/\/www.instagram.com\/lifenaturapt\/"]}]},"product_price_amount":"10.38","product_price_currency":"EUR","og_availability":"instock","product_availability":"instock","product_retailer_item_id":"12850000000","product_condition":"new"},"df_price":10.38,"df_sale_price":"","df_regular_price":10.38,"df_image_link":"https:\/\/www.lifenatura.com\/wp-content\/uploads\/2025\/05\/muira-puama-125g-salud-viva-300x300.jpg","_links":{"self":[{"href":"https:\/\/www.lifenatura.com\/es\/wp-json\/wp\/v2\/product\/116390","targetHints":{"allow":["GET"]}}],"collection":[{"href":"https:\/\/www.lifenatura.com\/es\/wp-json\/wp\/v2\/product"}],"about":[{"href":"https:\/\/www.lifenatura.com\/es\/wp-json\/wp\/v2\/types\/product"}],"wp:featuredmedia":[{"embeddable":true,"href":"https:\/\/www.lifenatura.com\/es\/wp-json\/wp\/v2\/media\/111473"}],"wp:attachment":[{"href":"https:\/\/www.lifenatura.com\/es\/wp-json\/wp\/v2\/media?parent=116390"}],"wp:term":[{"taxonomy":"product_brand","embeddable":true,"href":"https:\/\/www.lifenatura.com\/es\/wp-json\/wp\/v2\/product_brand?post=116390"},{"taxonomy":"product_cat","embeddable":true,"href":"https:\/\/www.lifenatura.com\/es\/wp-json\/wp\/v2\/product_cat?post=116390"},{"taxonomy":"product_tag","embeddable":true,"href":"https:\/\/www.lifenatura.com\/es\/wp-json\/wp\/v2\/product_tag?post=116390"}],"curies":[{"name":"wp","href":"https:\/\/api.w.org\/{rel}","templated":true}]}}