{"id":116384,"date":"2025-05-13T14:04:42","date_gmt":"2025-05-13T14:04:42","guid":{"rendered":"https:\/\/www.lifenatura.com\/produto\/mitades-de-nuez-de-macadamia-100g-salud-viva\/"},"modified":"2025-09-23T19:39:22","modified_gmt":"2025-09-23T19:39:22","slug":"mitades-de-nuez-de-macadamia-100g-salud-viva","status":"publish","type":"product","link":"https:\/\/www.lifenatura.com\/es\/produto\/mitades-de-nuez-de-macadamia-100g-salud-viva\/","title":{"rendered":"Mitades de nuez de macadamia 100g &#8211; Salud Viva"},"content":{"rendered":"<h2 style=\"text-align: left;\" data-start=\"189\" data-end=\"238\"><strong>Nueces de Macadamia en mitades &#8211; Salud Viva<\/strong><\/h2>\n<p>&nbsp;<\/p>\n<p data-start=\"301\" data-end=\"684\"><strong data-start=\"304\" data-end=\"348\">Las mitades de nueces de macadamia de Salud Viva<\/strong> son un snack nutritivo y delicioso, cultivado y seleccionado ecol\u00f3gicamente para garantizar la m\u00e1xima calidad. Conocidas por su sabor suave y su textura cremosa, las nueces de macadamia son una de las fuentes m\u00e1s ricas en <strong data-start=\"570\" data-end=\"592\">grasas saludables<\/strong>, especialmente \u00e1cidos grasos monoinsaturados, que contribuyen a la salud cardiovascular.<\/p>\n<p data-start=\"686\" data-end=\"1019\">Estos frutos secos son tambi\u00e9n una excelente fuente de <strong data-start=\"732\" data-end=\"784\">fibra, prote\u00ednas vegetales, vitaminas y minerales<\/strong> como el magnesio, el calcio, el hierro y el potasio, nutrientes esenciales para el buen funcionamiento del organismo. Gracias a su perfil nutricional, ayudan a promover la saciedad, favorecen la funci\u00f3n cerebral y proporcionan una energ\u00eda equilibrada.<\/p>\n<p data-start=\"1021\" data-end=\"1220\">Adem\u00e1s de consumirse como tentempi\u00e9 saludable, <strong data-start=\"1070\" data-end=\"1100\">las mitades de nueces de macadamia<\/strong> pueden utilizarse en ensaladas, granolas, postres o recetas saladas, a\u00f1adiendo textura y un toque gourmet.<\/p>\n<p data-start=\"1222\" data-end=\"1250\"><strong>Principales ventajas:<\/strong><\/p>\n<ul data-start=\"1251\" data-end=\"1530\">\n<li data-start=\"1251\" data-end=\"1318\">\n<p data-start=\"1253\" data-end=\"1318\">Rico en <strong data-start=\"1262\" data-end=\"1290\">grasas monoinsaturadas<\/strong> cardiosaludables;<\/p>\n<\/li>\n<li data-start=\"1319\" data-end=\"1368\">\n<p data-start=\"1321\" data-end=\"1368\">Fuente de <strong data-start=\"1330\" data-end=\"1354\">vitaminas y minerales<\/strong> esenciales;<\/p>\n<\/li>\n<li data-start=\"1369\" data-end=\"1414\">\n<p data-start=\"1371\" data-end=\"1414\">Favorecen <strong data-start=\"1380\" data-end=\"1399\">la funci\u00f3n cerebral<\/strong> y la energ\u00eda;<\/p>\n<\/li>\n<li data-start=\"1415\" data-end=\"1476\">\n<p data-start=\"1417\" data-end=\"1476\">Favorecen <strong data-start=\"1428\" data-end=\"1441\">la saciedad<\/strong> y ayudan a controlar el apetito;<\/p>\n<\/li>\n<li data-start=\"1477\" data-end=\"1530\">\n<p data-start=\"1479\" data-end=\"1530\">Producto <strong data-start=\"1487\" data-end=\"1527\">100% natural, ecol\u00f3gico y sin gluten<\/strong>.<\/p>\n<\/li>\n<\/ul>\n<p data-start=\"1532\" data-end=\"1549\"><strong>Indicaciones:<\/strong><\/p>\n<p data-start=\"1550\" data-end=\"1619\"><strong data-start=\"1553\" data-end=\"1597\">Salud Viva Macadamia Nut Halves<\/strong> se recomienda para:<\/p>\n<ul data-start=\"1620\" data-end=\"1812\">\n<li data-start=\"1620\" data-end=\"1667\">\n<p data-start=\"1622\" data-end=\"1667\">Los que buscan tentempi\u00e9s nutritivos y sabrosos;<\/p>\n<\/li>\n<li data-start=\"1668\" data-end=\"1730\">\n<p data-start=\"1670\" data-end=\"1730\">Personas que siguen una dieta sana y equilibrada;<\/p>\n<\/li>\n<li data-start=\"1731\" data-end=\"1778\">\n<p data-start=\"1733\" data-end=\"1778\">Dietas vegetarianas, veganas o sin gluten;<\/p>\n<\/li>\n<li data-start=\"1779\" data-end=\"1812\">\n<p data-start=\"1781\" data-end=\"1812\">Recetas gourmet y creativas.<\/p>\n<\/li>\n<\/ul>\n<p><strong>Presentaci\u00f3n:<\/strong><\/p>\n<p>100g<\/p>\n<p>&nbsp;<\/p>\n","protected":false},"excerpt":{"rendered":"<p>Nueces de Macadamia Mitades 100g Salud Viva &#8211; Fuente de grasas saludables, fibra y minerales. Sabor suave, textura cremosa y 100% ecol\u00f3gicas. [&#8230;]<\/p>\n<p><a class=\"btn btn-secondary understrap-read-more-link\" href=\"https:\/\/www.lifenatura.com\/es\/produto\/mitades-de-nuez-de-macadamia-100g-salud-viva\/\">Leer m\u00e1s&#8230;<span class=\"screen-reader-text\"> from Mitades de nuez de macadamia 100g &#8211; Salud Viva<\/span><\/a><\/p>\n","protected":false},"featured_media":111483,"template":"","meta":{"_acf_changed":false},"product_brand":[8295],"product_cat":[7064,7086,7074],"product_tag":[],"class_list":{"0":"post-116384","1":"product","2":"type-product","3":"status-publish","4":"has-post-thumbnail","6":"product_brand-salud-viva","7":"product_cat-alimentacion-sana","8":"product_cat-frutos-secos-naturales","9":"product_cat-productos-alimenticios","11":"first","12":"instock","13":"shipping-taxable","14":"purchasable","15":"product-type-simple","16":"add-to-wishlist-before_image"},"acf":[],"yoast_head":"<!-- This site is optimized with the Yoast SEO Premium plugin v27.1 (Yoast SEO v27.4) - https:\/\/yoast.com\/product\/yoast-seo-premium-wordpress\/ -->\n<title>Mitades de nuez de macadamia 100g - Salud Viva - Lifenatura<\/title>\n<meta name=\"description\" content=\"Nueces de Macadamia Mitades 100g Salud Viva - Fuente de grasas saludables, fibra y minerales. Sabor suave, textura cremosa y 100% ecol\u00f3gicas.\" \/>\n<meta name=\"robots\" content=\"index, follow, max-snippet:-1, max-image-preview:large, max-video-preview:-1\" \/>\n<link rel=\"canonical\" href=\"https:\/\/www.lifenatura.com\/es\/produto\/mitades-de-nuez-de-macadamia-100g-salud-viva\/\" \/>\n<meta property=\"og:locale\" content=\"es_ES\" \/>\n<meta property=\"og:type\" content=\"article\" \/>\n<meta property=\"og:title\" content=\"Mitades de nuez de macadamia 100g - Salud Viva - Lifenatura\" \/>\n<meta property=\"og:description\" content=\"Compre aqui o seu Mitades de nuez de macadamia 100g - Salud Viva e a Lifenatura Online envia em 48 H com Portes Gratis &gt;35\u20ac de Pedido.\" \/>\n<meta property=\"og:url\" content=\"https:\/\/www.lifenatura.com\/es\/produto\/mitades-de-nuez-de-macadamia-100g-salud-viva\/\" \/>\n<meta property=\"og:site_name\" content=\"Lifenatura\" \/>\n<meta property=\"article:publisher\" content=\"https:\/\/www.facebook.com\/lifenatura\" \/>\n<meta property=\"article:modified_time\" content=\"2025-09-23T19:39:22+00:00\" \/>\n<meta property=\"og:image\" content=\"https:\/\/www.lifenatura.com\/wp-content\/uploads\/2025\/05\/nozes-macadamia-metades-100g-salud-viva.jpg\" \/>\n\t<meta property=\"og:image:width\" content=\"1000\" \/>\n\t<meta property=\"og:image:height\" content=\"1000\" \/>\n\t<meta property=\"og:image:type\" content=\"image\/jpeg\" \/>\n<meta name=\"twitter:card\" content=\"summary_large_image\" \/>\n<meta name=\"twitter:label1\" content=\"Precio\" \/>\n\t<meta name=\"twitter:data1\" content=\"6,88&nbsp;&euro;\" \/>\n\t<meta name=\"twitter:label2\" content=\"Disponibilidad\" \/>\n\t<meta name=\"twitter:data2\" content=\"Disponible\" \/>\n<meta property=\"product:price:amount\" content=\"6.88\" \/>\n<meta property=\"product:price:currency\" content=\"EUR\" \/>\n<meta property=\"og:availability\" content=\"instock\" \/>\n<meta property=\"product:availability\" content=\"instock\" \/>\n<meta property=\"product:retailer_item_id\" content=\"903630000009\" \/>\n<meta property=\"product:condition\" content=\"new\" \/>\n<!-- \/ Yoast SEO Premium plugin. -->","yoast_head_json":{"title":"Mitades de nuez de macadamia 100g - Salud Viva - Lifenatura","description":"Nueces de Macadamia Mitades 100g Salud Viva - Fuente de grasas saludables, fibra y minerales. Sabor suave, textura cremosa y 100% ecol\u00f3gicas.","robots":{"index":"index","follow":"follow","max-snippet":"max-snippet:-1","max-image-preview":"max-image-preview:large","max-video-preview":"max-video-preview:-1"},"canonical":"https:\/\/www.lifenatura.com\/es\/produto\/mitades-de-nuez-de-macadamia-100g-salud-viva\/","og_locale":"es_ES","og_type":"article","og_title":"Mitades de nuez de macadamia 100g - Salud Viva - Lifenatura","og_description":"Compre aqui o seu Mitades de nuez de macadamia 100g - Salud Viva e a Lifenatura Online envia em 48 H com Portes Gratis >35\u20ac de Pedido.","og_url":"https:\/\/www.lifenatura.com\/es\/produto\/mitades-de-nuez-de-macadamia-100g-salud-viva\/","og_site_name":"Lifenatura","article_publisher":"https:\/\/www.facebook.com\/lifenatura","article_modified_time":"2025-09-23T19:39:22+00:00","og_image":[{"width":1000,"height":1000,"url":"https:\/\/www.lifenatura.com\/wp-content\/uploads\/2025\/05\/nozes-macadamia-metades-100g-salud-viva.jpg","type":"image\/jpeg"}],"twitter_card":"summary_large_image","twitter_misc":{"Precio":"6,88&nbsp;&euro;","Disponibilidad":"Disponible"},"schema":{"@context":"https:\/\/schema.org","@graph":[{"@type":"WebPage","@id":"https:\/\/www.lifenatura.com\/es\/produto\/mitades-de-nuez-de-macadamia-100g-salud-viva\/","url":"https:\/\/www.lifenatura.com\/es\/produto\/mitades-de-nuez-de-macadamia-100g-salud-viva\/","name":"Mitades de nuez de macadamia 100g - Salud Viva - Lifenatura","isPartOf":{"@id":"https:\/\/www.lifenatura.com\/es\/#website"},"primaryImageOfPage":{"@id":"https:\/\/www.lifenatura.com\/es\/produto\/mitades-de-nuez-de-macadamia-100g-salud-viva\/#primaryimage"},"image":{"@id":"https:\/\/www.lifenatura.com\/es\/produto\/mitades-de-nuez-de-macadamia-100g-salud-viva\/#primaryimage"},"thumbnailUrl":"https:\/\/www.lifenatura.com\/wp-content\/uploads\/2025\/05\/nozes-macadamia-metades-100g-salud-viva.jpg","datePublished":"2025-05-13T14:04:42+00:00","dateModified":"2025-09-23T19:39:22+00:00","description":"Nueces de Macadamia Mitades 100g Salud Viva - Fuente de grasas saludables, fibra y minerales. Sabor suave, textura cremosa y 100% ecol\u00f3gicas.","breadcrumb":{"@id":"https:\/\/www.lifenatura.com\/es\/produto\/mitades-de-nuez-de-macadamia-100g-salud-viva\/#breadcrumb"},"inLanguage":"es","potentialAction":[{"@type":"ReadAction","target":["https:\/\/www.lifenatura.com\/es\/produto\/mitades-de-nuez-de-macadamia-100g-salud-viva\/"]}]},{"@type":"ImageObject","inLanguage":"es","@id":"https:\/\/www.lifenatura.com\/es\/produto\/mitades-de-nuez-de-macadamia-100g-salud-viva\/#primaryimage","url":"https:\/\/www.lifenatura.com\/wp-content\/uploads\/2025\/05\/nozes-macadamia-metades-100g-salud-viva.jpg","contentUrl":"https:\/\/www.lifenatura.com\/wp-content\/uploads\/2025\/05\/nozes-macadamia-metades-100g-salud-viva.jpg","width":1000,"height":1000},{"@type":"BreadcrumbList","@id":"https:\/\/www.lifenatura.com\/es\/produto\/mitades-de-nuez-de-macadamia-100g-salud-viva\/#breadcrumb","itemListElement":[{"@type":"ListItem","position":1,"name":"In\u00edcio","item":"https:\/\/www.lifenatura.com\/es\/"},{"@type":"ListItem","position":2,"name":"Todos los Productos","item":"https:\/\/www.lifenatura.com\/es\/tienda\/"},{"@type":"ListItem","position":3,"name":"Mitades de nuez de macadamia 100g &#8211; Salud Viva"}]},{"@type":"WebSite","@id":"https:\/\/www.lifenatura.com\/es\/#website","url":"https:\/\/www.lifenatura.com\/es\/","name":"Lifenatura","description":"A Lifenatura \u00e9 uma loja de produtos naturais, cosm\u00e9tica natural e alimenta\u00e7\u00e3o Biol\u00f3gica.","publisher":{"@id":"https:\/\/www.lifenatura.com\/es\/#organization"},"potentialAction":[{"@type":"SearchAction","target":{"@type":"EntryPoint","urlTemplate":"https:\/\/www.lifenatura.com\/es\/?s={search_term_string}"},"query-input":{"@type":"PropertyValueSpecification","valueRequired":true,"valueName":"search_term_string"}}],"inLanguage":"es"},{"@type":"Organization","@id":"https:\/\/www.lifenatura.com\/es\/#organization","name":"Lifenatura","url":"https:\/\/www.lifenatura.com\/es\/","logo":{"@type":"ImageObject","inLanguage":"es","@id":"https:\/\/www.lifenatura.com\/es\/#\/schema\/logo\/image\/","url":"https:\/\/www.lifenatura.com\/wp-content\/uploads\/2021\/11\/logo.png","contentUrl":"https:\/\/www.lifenatura.com\/wp-content\/uploads\/2021\/11\/logo.png","width":175,"height":55,"caption":"Lifenatura"},"image":{"@id":"https:\/\/www.lifenatura.com\/es\/#\/schema\/logo\/image\/"},"sameAs":["https:\/\/www.facebook.com\/lifenatura","https:\/\/www.instagram.com\/lifenaturapt\/"]}]},"product_price_amount":"6.88","product_price_currency":"EUR","og_availability":"instock","product_availability":"instock","product_retailer_item_id":"903630000009","product_condition":"new"},"df_price":6.88,"df_sale_price":"","df_regular_price":6.88,"df_image_link":"https:\/\/www.lifenatura.com\/wp-content\/uploads\/2025\/05\/nozes-macadamia-metades-100g-salud-viva-300x300.jpg","_links":{"self":[{"href":"https:\/\/www.lifenatura.com\/es\/wp-json\/wp\/v2\/product\/116384","targetHints":{"allow":["GET"]}}],"collection":[{"href":"https:\/\/www.lifenatura.com\/es\/wp-json\/wp\/v2\/product"}],"about":[{"href":"https:\/\/www.lifenatura.com\/es\/wp-json\/wp\/v2\/types\/product"}],"wp:featuredmedia":[{"embeddable":true,"href":"https:\/\/www.lifenatura.com\/es\/wp-json\/wp\/v2\/media\/111483"}],"wp:attachment":[{"href":"https:\/\/www.lifenatura.com\/es\/wp-json\/wp\/v2\/media?parent=116384"}],"wp:term":[{"taxonomy":"product_brand","embeddable":true,"href":"https:\/\/www.lifenatura.com\/es\/wp-json\/wp\/v2\/product_brand?post=116384"},{"taxonomy":"product_cat","embeddable":true,"href":"https:\/\/www.lifenatura.com\/es\/wp-json\/wp\/v2\/product_cat?post=116384"},{"taxonomy":"product_tag","embeddable":true,"href":"https:\/\/www.lifenatura.com\/es\/wp-json\/wp\/v2\/product_tag?post=116384"}],"curies":[{"name":"wp","href":"https:\/\/api.w.org\/{rel}","templated":true}]}}