{"id":116383,"date":"2025-05-13T14:04:41","date_gmt":"2025-05-13T14:04:41","guid":{"rendered":"https:\/\/www.lifenatura.com\/produto\/nueces-de-macadamia-ecologicas-200g-salud-viva\/"},"modified":"2025-09-23T19:40:19","modified_gmt":"2025-09-23T19:40:19","slug":"nueces-de-macadamia-ecologicas-200g-salud-viva","status":"publish","type":"product","link":"https:\/\/www.lifenatura.com\/es\/produto\/nueces-de-macadamia-ecologicas-200g-salud-viva\/","title":{"rendered":"Nueces de Macadamia Ecol\u00f3gicas 200g &#8211; Salud Viva"},"content":{"rendered":"<h2 style=\"text-align: left;\" data-start=\"194\" data-end=\"239\"><strong>Nueces de Macadamia Ecol\u00f3gicas &#8211; Salud Viva<\/strong><\/h2>\n<p>&nbsp;<\/p>\n<p style=\"text-align: left;\" data-start=\"295\" data-end=\"593\"><strong data-start=\"298\" data-end=\"338\">Las Nueces de Macadamia Ecol\u00f3gicas de Salud Viva<\/strong> son una opci\u00f3n nutritiva y sabrosa, perfecta para incorporar a una dieta equilibrada. Procedentes de la agricultura ecol\u00f3gica, estas nueces se recolectan y seleccionan con rigor, garantizando <strong data-start=\"529\" data-end=\"561\">su calidad, frescura y pureza<\/strong>, sin aditivos ni conservantes.<\/p>\n<p style=\"text-align: left;\" data-start=\"595\" data-end=\"948\">Naturalmente ricas en <strong data-start=\"617\" data-end=\"645\">grasas monoinsaturadas<\/strong>, las nueces de macadamia son conocidas por sus efectos beneficiosos sobre el <strong data-start=\"720\" data-end=\"773\">coraz\u00f3n, el sistema nervioso y el control del colesterol<\/strong>. Tambi\u00e9n contienen <strong data-start=\"788\" data-end=\"843\">fibra, prote\u00ednas, magnesio, f\u00f3sforo, calcio, hierro<\/strong> y antioxidantes naturales, lo que las convierte en una excelente opci\u00f3n para potenciar tu salud de forma pr\u00e1ctica y sabrosa.<\/p>\n<p style=\"text-align: left;\" data-start=\"950\" data-end=\"1151\">Con una textura crujiente y un suave sabor a mantequilla, pueden comerse frescas, a\u00f1adirse a ensaladas, yogures, postres, granola o incluso triturarse para recetas de cocina m\u00e1s elaboradas.<\/p>\n<p style=\"text-align: left;\" data-start=\"1153\" data-end=\"1179\"><strong>Principales ventajas:<\/strong><\/p>\n<ul data-start=\"1180\" data-end=\"1494\">\n<li data-start=\"1180\" data-end=\"1248\">\n<p data-start=\"1182\" data-end=\"1248\">Rico en <strong data-start=\"1191\" data-end=\"1213\">grasas saludables<\/strong> que ayudan a proteger el coraz\u00f3n;<\/p>\n<\/li>\n<li data-start=\"1249\" data-end=\"1311\">\n<p data-start=\"1251\" data-end=\"1311\">Buena fuente de <strong data-start=\"1264\" data-end=\"1286\">fibra y prote\u00ednas<\/strong>, que favorecen la saciedad;<\/p>\n<\/li>\n<li data-start=\"1312\" data-end=\"1369\">\n<p data-start=\"1314\" data-end=\"1369\">Contienen <strong data-start=\"1321\" data-end=\"1344\">minerales esenciales<\/strong> como el magnesio y el hierro;<\/p>\n<\/li>\n<li data-start=\"1370\" data-end=\"1428\">\n<p data-start=\"1372\" data-end=\"1428\">Acci\u00f3n <strong data-start=\"1377\" data-end=\"1393\">antioxidante<\/strong>, combate el estr\u00e9s oxidativo;<\/p>\n<\/li>\n<li data-start=\"1429\" data-end=\"1494\">\n<p data-start=\"1431\" data-end=\"1494\"><strong data-start=\"1439\" data-end=\"1493\">Ecol\u00f3gico, sin gluten, sin aditivos y 100% natural<\/strong>.<\/p>\n<\/li>\n<\/ul>\n<p style=\"text-align: left;\" data-start=\"1496\" data-end=\"1511\"><strong>Indicaciones:<\/strong><\/p>\n<p data-start=\"1512\" data-end=\"1577\"><strong data-start=\"1515\" data-end=\"1555\">Las Nueces de Macadamia Ecol\u00f3gicas de Salud Viva<\/strong> est\u00e1n recomendadas para:<\/p>\n<ul data-start=\"1578\" data-end=\"1845\">\n<li data-start=\"1578\" data-end=\"1646\">\n<p data-start=\"1580\" data-end=\"1646\">Quienes buscan <strong data-start=\"1593\" data-end=\"1613\">tentempi\u00e9s sanos<\/strong> y nutritivos para el d\u00eda a d\u00eda;<\/p>\n<\/li>\n<li data-start=\"1647\" data-end=\"1701\">\n<p data-start=\"1649\" data-end=\"1701\">Dietas <strong data-start=\"1656\" data-end=\"1698\">bajas en carbohidratos, paleo, vegetariana o vegana<\/strong>;<\/p>\n<\/li>\n<li data-start=\"1702\" data-end=\"1772\">\n<p data-start=\"1704\" data-end=\"1772\">Personas que quieren cuidar su <strong data-start=\"1734\" data-end=\"1769\">salud cardiovascular y cerebral<\/strong>;<\/p>\n<\/li>\n<li data-start=\"1773\" data-end=\"1845\">\n<p data-start=\"1775\" data-end=\"1845\">Familias que valoran los productos <strong data-start=\"1807\" data-end=\"1844\">ecol\u00f3gicos y de alta calidad<\/strong>.<\/p>\n<\/li>\n<\/ul>\n<p><strong>Presentaci\u00f3n:<\/strong><\/p>\n<p>200g<\/p>\n<p>&nbsp;<\/p>\n","protected":false},"excerpt":{"rendered":"<p>Nueces de Macadamia Bio Salud Viva &#8211; Fuente de grasas saludables, fibra y minerales. Snack nutritivo y crujiente, ideal para una dieta equilibrada. [&#8230;]<\/p>\n<p><a class=\"btn btn-secondary understrap-read-more-link\" href=\"https:\/\/www.lifenatura.com\/es\/produto\/nueces-de-macadamia-ecologicas-200g-salud-viva\/\">Leer m\u00e1s&#8230;<span class=\"screen-reader-text\"> from Nueces de Macadamia Ecol\u00f3gicas 200g &#8211; Salud Viva<\/span><\/a><\/p>\n","protected":false},"featured_media":111481,"template":"","meta":{"_acf_changed":false},"product_brand":[8295],"product_cat":[7064,7086,7074],"product_tag":[],"class_list":{"0":"post-116383","1":"product","2":"type-product","3":"status-publish","4":"has-post-thumbnail","6":"product_brand-salud-viva","7":"product_cat-alimentacion-sana","8":"product_cat-frutos-secos-naturales","9":"product_cat-productos-alimenticios","11":"first","12":"instock","13":"shipping-taxable","14":"purchasable","15":"product-type-simple","16":"add-to-wishlist-before_image"},"acf":[],"yoast_head":"<!-- This site is optimized with the Yoast SEO Premium plugin v27.1 (Yoast SEO v27.4) - https:\/\/yoast.com\/product\/yoast-seo-premium-wordpress\/ -->\n<title>Nueces de Macadamia Ecol\u00f3gicas 200g - Salud Viva - Lifenatura<\/title>\n<meta name=\"description\" content=\"Nueces de Macadamia Bio Salud Viva - Fuente de grasas saludables, fibra y minerales. Snack nutritivo y crujiente, ideal para una dieta equilibrada.\" \/>\n<meta name=\"robots\" content=\"index, follow, max-snippet:-1, max-image-preview:large, max-video-preview:-1\" \/>\n<link rel=\"canonical\" href=\"https:\/\/www.lifenatura.com\/es\/produto\/nueces-de-macadamia-ecologicas-200g-salud-viva\/\" \/>\n<meta property=\"og:locale\" content=\"es_ES\" \/>\n<meta property=\"og:type\" content=\"article\" \/>\n<meta property=\"og:title\" content=\"Nueces de Macadamia Ecol\u00f3gicas 200g - Salud Viva - Lifenatura\" \/>\n<meta property=\"og:description\" content=\"Compre aqui o seu Nueces de Macadamia Ecol\u00f3gicas 200g - Salud Viva e a Lifenatura Online envia em 48 H com Portes Gratis &gt;35\u20ac de Pedido.\" \/>\n<meta property=\"og:url\" content=\"https:\/\/www.lifenatura.com\/es\/produto\/nueces-de-macadamia-ecologicas-200g-salud-viva\/\" \/>\n<meta property=\"og:site_name\" content=\"Lifenatura\" \/>\n<meta property=\"article:publisher\" content=\"https:\/\/www.facebook.com\/lifenatura\" \/>\n<meta property=\"article:modified_time\" content=\"2025-09-23T19:40:19+00:00\" \/>\n<meta property=\"og:image\" content=\"https:\/\/www.lifenatura.com\/wp-content\/uploads\/2025\/05\/nozes-macadamia-200g-salud-viva.jpg\" \/>\n\t<meta property=\"og:image:width\" content=\"1000\" \/>\n\t<meta property=\"og:image:height\" content=\"1000\" \/>\n\t<meta property=\"og:image:type\" content=\"image\/jpeg\" \/>\n<meta name=\"twitter:card\" content=\"summary_large_image\" \/>\n<meta name=\"twitter:label1\" content=\"Precio\" \/>\n\t<meta name=\"twitter:data1\" content=\"15,94&nbsp;&euro;\" \/>\n\t<meta name=\"twitter:label2\" content=\"Disponibilidad\" \/>\n\t<meta name=\"twitter:data2\" content=\"Disponible\" \/>\n<meta property=\"product:price:amount\" content=\"15.94\" \/>\n<meta property=\"product:price:currency\" content=\"EUR\" \/>\n<meta property=\"og:availability\" content=\"instock\" \/>\n<meta property=\"product:availability\" content=\"instock\" \/>\n<meta property=\"product:retailer_item_id\" content=\"1080000003\" \/>\n<meta property=\"product:condition\" content=\"new\" \/>\n<!-- \/ Yoast SEO Premium plugin. -->","yoast_head_json":{"title":"Nueces de Macadamia Ecol\u00f3gicas 200g - Salud Viva - Lifenatura","description":"Nueces de Macadamia Bio Salud Viva - Fuente de grasas saludables, fibra y minerales. Snack nutritivo y crujiente, ideal para una dieta equilibrada.","robots":{"index":"index","follow":"follow","max-snippet":"max-snippet:-1","max-image-preview":"max-image-preview:large","max-video-preview":"max-video-preview:-1"},"canonical":"https:\/\/www.lifenatura.com\/es\/produto\/nueces-de-macadamia-ecologicas-200g-salud-viva\/","og_locale":"es_ES","og_type":"article","og_title":"Nueces de Macadamia Ecol\u00f3gicas 200g - Salud Viva - Lifenatura","og_description":"Compre aqui o seu Nueces de Macadamia Ecol\u00f3gicas 200g - Salud Viva e a Lifenatura Online envia em 48 H com Portes Gratis >35\u20ac de Pedido.","og_url":"https:\/\/www.lifenatura.com\/es\/produto\/nueces-de-macadamia-ecologicas-200g-salud-viva\/","og_site_name":"Lifenatura","article_publisher":"https:\/\/www.facebook.com\/lifenatura","article_modified_time":"2025-09-23T19:40:19+00:00","og_image":[{"width":1000,"height":1000,"url":"https:\/\/www.lifenatura.com\/wp-content\/uploads\/2025\/05\/nozes-macadamia-200g-salud-viva.jpg","type":"image\/jpeg"}],"twitter_card":"summary_large_image","twitter_misc":{"Precio":"15,94&nbsp;&euro;","Disponibilidad":"Disponible"},"schema":{"@context":"https:\/\/schema.org","@graph":[{"@type":"WebPage","@id":"https:\/\/www.lifenatura.com\/es\/produto\/nueces-de-macadamia-ecologicas-200g-salud-viva\/","url":"https:\/\/www.lifenatura.com\/es\/produto\/nueces-de-macadamia-ecologicas-200g-salud-viva\/","name":"Nueces de Macadamia Ecol\u00f3gicas 200g - Salud Viva - Lifenatura","isPartOf":{"@id":"https:\/\/www.lifenatura.com\/es\/#website"},"primaryImageOfPage":{"@id":"https:\/\/www.lifenatura.com\/es\/produto\/nueces-de-macadamia-ecologicas-200g-salud-viva\/#primaryimage"},"image":{"@id":"https:\/\/www.lifenatura.com\/es\/produto\/nueces-de-macadamia-ecologicas-200g-salud-viva\/#primaryimage"},"thumbnailUrl":"https:\/\/www.lifenatura.com\/wp-content\/uploads\/2025\/05\/nozes-macadamia-200g-salud-viva.jpg","datePublished":"2025-05-13T14:04:41+00:00","dateModified":"2025-09-23T19:40:19+00:00","description":"Nueces de Macadamia Bio Salud Viva - Fuente de grasas saludables, fibra y minerales. Snack nutritivo y crujiente, ideal para una dieta equilibrada.","breadcrumb":{"@id":"https:\/\/www.lifenatura.com\/es\/produto\/nueces-de-macadamia-ecologicas-200g-salud-viva\/#breadcrumb"},"inLanguage":"es","potentialAction":[{"@type":"ReadAction","target":["https:\/\/www.lifenatura.com\/es\/produto\/nueces-de-macadamia-ecologicas-200g-salud-viva\/"]}]},{"@type":"ImageObject","inLanguage":"es","@id":"https:\/\/www.lifenatura.com\/es\/produto\/nueces-de-macadamia-ecologicas-200g-salud-viva\/#primaryimage","url":"https:\/\/www.lifenatura.com\/wp-content\/uploads\/2025\/05\/nozes-macadamia-200g-salud-viva.jpg","contentUrl":"https:\/\/www.lifenatura.com\/wp-content\/uploads\/2025\/05\/nozes-macadamia-200g-salud-viva.jpg","width":1000,"height":1000},{"@type":"BreadcrumbList","@id":"https:\/\/www.lifenatura.com\/es\/produto\/nueces-de-macadamia-ecologicas-200g-salud-viva\/#breadcrumb","itemListElement":[{"@type":"ListItem","position":1,"name":"In\u00edcio","item":"https:\/\/www.lifenatura.com\/es\/"},{"@type":"ListItem","position":2,"name":"Todos los Productos","item":"https:\/\/www.lifenatura.com\/es\/tienda\/"},{"@type":"ListItem","position":3,"name":"Nueces de Macadamia Ecol\u00f3gicas 200g &#8211; Salud Viva"}]},{"@type":"WebSite","@id":"https:\/\/www.lifenatura.com\/es\/#website","url":"https:\/\/www.lifenatura.com\/es\/","name":"Lifenatura","description":"A Lifenatura \u00e9 uma loja de produtos naturais, cosm\u00e9tica natural e alimenta\u00e7\u00e3o Biol\u00f3gica.","publisher":{"@id":"https:\/\/www.lifenatura.com\/es\/#organization"},"potentialAction":[{"@type":"SearchAction","target":{"@type":"EntryPoint","urlTemplate":"https:\/\/www.lifenatura.com\/es\/?s={search_term_string}"},"query-input":{"@type":"PropertyValueSpecification","valueRequired":true,"valueName":"search_term_string"}}],"inLanguage":"es"},{"@type":"Organization","@id":"https:\/\/www.lifenatura.com\/es\/#organization","name":"Lifenatura","url":"https:\/\/www.lifenatura.com\/es\/","logo":{"@type":"ImageObject","inLanguage":"es","@id":"https:\/\/www.lifenatura.com\/es\/#\/schema\/logo\/image\/","url":"https:\/\/www.lifenatura.com\/wp-content\/uploads\/2021\/11\/logo.png","contentUrl":"https:\/\/www.lifenatura.com\/wp-content\/uploads\/2021\/11\/logo.png","width":175,"height":55,"caption":"Lifenatura"},"image":{"@id":"https:\/\/www.lifenatura.com\/es\/#\/schema\/logo\/image\/"},"sameAs":["https:\/\/www.facebook.com\/lifenatura","https:\/\/www.instagram.com\/lifenaturapt\/"]}]},"product_price_amount":"15.94","product_price_currency":"EUR","og_availability":"instock","product_availability":"instock","product_retailer_item_id":"1080000003","product_condition":"new"},"df_price":15.94,"df_sale_price":"","df_regular_price":15.94,"df_image_link":"https:\/\/www.lifenatura.com\/wp-content\/uploads\/2025\/05\/nozes-macadamia-200g-salud-viva-300x300.jpg","_links":{"self":[{"href":"https:\/\/www.lifenatura.com\/es\/wp-json\/wp\/v2\/product\/116383","targetHints":{"allow":["GET"]}}],"collection":[{"href":"https:\/\/www.lifenatura.com\/es\/wp-json\/wp\/v2\/product"}],"about":[{"href":"https:\/\/www.lifenatura.com\/es\/wp-json\/wp\/v2\/types\/product"}],"wp:featuredmedia":[{"embeddable":true,"href":"https:\/\/www.lifenatura.com\/es\/wp-json\/wp\/v2\/media\/111481"}],"wp:attachment":[{"href":"https:\/\/www.lifenatura.com\/es\/wp-json\/wp\/v2\/media?parent=116383"}],"wp:term":[{"taxonomy":"product_brand","embeddable":true,"href":"https:\/\/www.lifenatura.com\/es\/wp-json\/wp\/v2\/product_brand?post=116383"},{"taxonomy":"product_cat","embeddable":true,"href":"https:\/\/www.lifenatura.com\/es\/wp-json\/wp\/v2\/product_cat?post=116383"},{"taxonomy":"product_tag","embeddable":true,"href":"https:\/\/www.lifenatura.com\/es\/wp-json\/wp\/v2\/product_tag?post=116383"}],"curies":[{"name":"wp","href":"https:\/\/api.w.org\/{rel}","templated":true}]}}