{"id":116382,"date":"2025-05-13T14:04:37","date_gmt":"2025-05-13T14:04:37","guid":{"rendered":"https:\/\/www.lifenatura.com\/produto\/msm-200g-salud-viva\/"},"modified":"2025-09-20T07:02:23","modified_gmt":"2025-09-20T07:02:23","slug":"msm-200g-salud-viva","status":"publish","type":"product","link":"https:\/\/www.lifenatura.com\/es\/produto\/msm-200g-salud-viva\/","title":{"rendered":"MSM 200g &#8211; Salud Viva"},"content":{"rendered":"<h2 style=\"text-align: left;\" data-start=\"164\" data-end=\"190\"><strong>MSM para unas articulaciones sanas &#8211; Salud Viva<\/strong><\/h2>\n<p>&nbsp;<\/p>\n<p data-start=\"252\" data-end=\"697\"><strong data-start=\"254\" data-end=\"297\">El MSM (metilsulfonilmetano) de Salud Viva<\/strong> es un suplemento natural de azufre org\u00e1nico 100% puro de origen vegetal, ampliamente reconocido por sus propiedades de apoyo a la salud articular, los tejidos conjuntivos y la vitalidad general. Es una forma biodisponible de azufre, un mineral esencial presente de forma natural en el organismo, que es esencial para la producci\u00f3n de col\u00e1geno, queratina y otros componentes estructurales del cuerpo.<\/p>\n<p data-start=\"699\" data-end=\"1019\">El MSM es conocido por su acci\u00f3n <strong data-start=\"731\" data-end=\"760\">antiinflamatoria natural<\/strong>, que ayuda a reducir las molestias articulares y musculares, mejorando la movilidad y la recuperaci\u00f3n tras el esfuerzo f\u00edsico. Tambi\u00e9n se valora por su contribuci\u00f3n a la <strong data-start=\"932\" data-end=\"965\">salud de la piel, el cabello y las u\u00f1as<\/strong>, favoreciendo su firmeza, elasticidad y resistencia.<\/p>\n<p data-start=\"1021\" data-end=\"1158\">Adem\u00e1s, el MSM favorece la <strong data-start=\"1047\" data-end=\"1073\">desintoxicaci\u00f3n natural<\/strong> del organismo, ayudando a eliminar toxinas y fomentando el equilibrio general.<\/p>\n<p data-start=\"1160\" data-end=\"1331\"><strong data-start=\"1162\" data-end=\"1188\">El MSM 200 g de Salud Viva<\/strong> se presenta en polvo fino, f\u00e1cil de disolver en agua, zumos o batidos, y es apto para dietas veganas, sin gluten y de nutrici\u00f3n funcional.<\/p>\n<p data-start=\"1333\" data-end=\"1361\"><strong>Principales ventajas:<\/strong><\/p>\n<ul data-start=\"1362\" data-end=\"1677\">\n<li data-start=\"1362\" data-end=\"1425\">\n<p data-start=\"1364\" data-end=\"1425\">Apoyo a <strong data-start=\"1374\" data-end=\"1400\">la salud de las articulaciones<\/strong> y del tejido conjuntivo;<\/p>\n<\/li>\n<li data-start=\"1426\" data-end=\"1479\">\n<p data-start=\"1428\" data-end=\"1479\">Favorece <strong data-start=\"1439\" data-end=\"1476\">la producci\u00f3n de col\u00e1geno y queratina<\/strong>;<\/p>\n<\/li>\n<li data-start=\"1480\" data-end=\"1529\">\n<p data-start=\"1482\" data-end=\"1529\">Mejora <strong data-start=\"1492\" data-end=\"1526\">la elasticidad y firmeza de la piel<\/strong>;<\/p>\n<\/li>\n<li data-start=\"1530\" data-end=\"1580\">\n<p data-start=\"1532\" data-end=\"1580\">Contribuye a <strong data-start=\"1547\" data-end=\"1577\">fortalecer el cabello y las u\u00f1as<\/strong>;<\/p>\n<\/li>\n<li data-start=\"1581\" data-end=\"1633\">\n<p data-start=\"1583\" data-end=\"1633\">Favorece la <strong data-start=\"1591\" data-end=\"1617\">desintoxicaci\u00f3n natural<\/strong> del organismo;<\/p>\n<\/li>\n<li data-start=\"1634\" data-end=\"1677\">\n<p data-start=\"1636\" data-end=\"1677\">Producto <strong data-start=\"1644\" data-end=\"1674\">100% puro, natural y vegano<\/strong>.<\/p>\n<\/li>\n<\/ul>\n<p data-start=\"1679\" data-end=\"1696\"><strong>Indicaciones:<\/strong><\/p>\n<p data-start=\"1697\" data-end=\"1739\"><strong data-start=\"1699\" data-end=\"1720\">Salud Viva MSM<\/strong> est\u00e1 indicado para:<\/p>\n<ul data-start=\"1740\" data-end=\"1943\">\n<li data-start=\"1740\" data-end=\"1795\">\n<p data-start=\"1742\" data-end=\"1795\">Personas con molestias articulares o musculares;<\/p>\n<\/li>\n<li data-start=\"1796\" data-end=\"1854\">\n<p data-start=\"1798\" data-end=\"1854\">Cualquier persona que desee mejorar la salud de su piel, cabello y u\u00f1as;<\/p>\n<\/li>\n<li data-start=\"1855\" data-end=\"1901\">\n<p data-start=\"1857\" data-end=\"1901\">Deportistas y practicantes de ejercicio f\u00edsico;<\/p>\n<\/li>\n<li data-start=\"1902\" data-end=\"1943\">\n<p data-start=\"1904\" data-end=\"1943\">Dietas veganas y alimentos funcionales.<\/p>\n<\/li>\n<\/ul>\n<p><strong>Presentaci\u00f3n:<\/strong><\/p>\n<p>200g<\/p>\n<p>&nbsp;<\/p>\n","protected":false},"excerpt":{"rendered":"<p>MSM 200g Salud Viva &#8211; Azufre org\u00e1nico puro para articulaciones, piel, cabello y u\u00f1as. Antiinflamatorio natural y apoyo a la producci\u00f3n de col\u00e1geno. 100% vegano. [&#8230;]<\/p>\n<p><a class=\"btn btn-secondary understrap-read-more-link\" href=\"https:\/\/www.lifenatura.com\/es\/produto\/msm-200g-salud-viva\/\">Leer m\u00e1s&#8230;<span class=\"screen-reader-text\"> from MSM 200g &#8211; Salud Viva<\/span><\/a><\/p>\n","protected":false},"featured_media":111465,"template":"","meta":{"_acf_changed":false},"product_brand":[8295],"product_cat":[7205,7237,7239,7883],"product_tag":[],"class_list":{"0":"post-116382","1":"product","2":"type-product","3":"status-publish","4":"has-post-thumbnail","6":"product_brand-salud-viva","7":"product_cat-articulaciones","8":"product_cat-pelo-unas","9":"product_cat-cuidado-de-la-piel","10":"product_cat-suplementos-alimenticios","12":"first","13":"instock","14":"shipping-taxable","15":"purchasable","16":"product-type-simple","17":"add-to-wishlist-before_image"},"acf":[],"yoast_head":"<!-- This site is optimized with the Yoast SEO Premium plugin v27.1 (Yoast SEO v27.3) - https:\/\/yoast.com\/product\/yoast-seo-premium-wordpress\/ -->\n<title>MSM 200g - Salud Viva - Lifenatura<\/title>\n<meta name=\"description\" content=\"MSM 200g Azufre org\u00e1nico puro para articulaciones, piel, cabello y u\u00f1as. Antiinflamatorio natural y apoyo a la producci\u00f3n de col\u00e1geno. 100% vegano.\" \/>\n<meta name=\"robots\" content=\"index, follow, max-snippet:-1, max-image-preview:large, max-video-preview:-1\" \/>\n<link rel=\"canonical\" href=\"https:\/\/www.lifenatura.com\/es\/produto\/msm-200g-salud-viva\/\" \/>\n<meta property=\"og:locale\" content=\"es_ES\" \/>\n<meta property=\"og:type\" content=\"article\" \/>\n<meta property=\"og:title\" content=\"MSM 200g - Salud Viva - Lifenatura\" \/>\n<meta property=\"og:description\" content=\"Compre aqui o seu MSM 200g - Salud Viva e a Lifenatura Online envia em 48 H com Portes Gratis &gt;35\u20ac de Pedido.\" \/>\n<meta property=\"og:url\" content=\"https:\/\/www.lifenatura.com\/es\/produto\/msm-200g-salud-viva\/\" \/>\n<meta property=\"og:site_name\" content=\"Lifenatura\" \/>\n<meta property=\"article:publisher\" content=\"https:\/\/www.facebook.com\/lifenatura\" \/>\n<meta property=\"article:modified_time\" content=\"2025-09-20T07:02:23+00:00\" \/>\n<meta property=\"og:image\" content=\"https:\/\/www.lifenatura.com\/wp-content\/uploads\/2025\/05\/msm-200g-salud-viva.jpg\" \/>\n\t<meta property=\"og:image:width\" content=\"1000\" \/>\n\t<meta property=\"og:image:height\" content=\"1000\" \/>\n\t<meta property=\"og:image:type\" content=\"image\/jpeg\" \/>\n<meta name=\"twitter:card\" content=\"summary_large_image\" \/>\n<meta name=\"twitter:label1\" content=\"Precio\" \/>\n\t<meta name=\"twitter:data1\" content=\"9,00&nbsp;&euro;\" \/>\n\t<meta name=\"twitter:label2\" content=\"Disponibilidad\" \/>\n\t<meta name=\"twitter:data2\" content=\"Disponible\" \/>\n<meta property=\"product:price:amount\" content=\"9.00\" \/>\n<meta property=\"product:price:currency\" content=\"EUR\" \/>\n<meta property=\"og:availability\" content=\"instock\" \/>\n<meta property=\"product:availability\" content=\"instock\" \/>\n<meta property=\"product:retailer_item_id\" content=\"3280000005\" \/>\n<meta property=\"product:condition\" content=\"new\" \/>\n<!-- \/ Yoast SEO Premium plugin. -->","yoast_head_json":{"title":"MSM 200g - Salud Viva - Lifenatura","description":"MSM 200g Azufre org\u00e1nico puro para articulaciones, piel, cabello y u\u00f1as. Antiinflamatorio natural y apoyo a la producci\u00f3n de col\u00e1geno. 100% vegano.","robots":{"index":"index","follow":"follow","max-snippet":"max-snippet:-1","max-image-preview":"max-image-preview:large","max-video-preview":"max-video-preview:-1"},"canonical":"https:\/\/www.lifenatura.com\/es\/produto\/msm-200g-salud-viva\/","og_locale":"es_ES","og_type":"article","og_title":"MSM 200g - Salud Viva - Lifenatura","og_description":"Compre aqui o seu MSM 200g - Salud Viva e a Lifenatura Online envia em 48 H com Portes Gratis >35\u20ac de Pedido.","og_url":"https:\/\/www.lifenatura.com\/es\/produto\/msm-200g-salud-viva\/","og_site_name":"Lifenatura","article_publisher":"https:\/\/www.facebook.com\/lifenatura","article_modified_time":"2025-09-20T07:02:23+00:00","og_image":[{"width":1000,"height":1000,"url":"https:\/\/www.lifenatura.com\/wp-content\/uploads\/2025\/05\/msm-200g-salud-viva.jpg","type":"image\/jpeg"}],"twitter_card":"summary_large_image","twitter_misc":{"Precio":"9,00&nbsp;&euro;","Disponibilidad":"Disponible"},"schema":{"@context":"https:\/\/schema.org","@graph":[{"@type":"WebPage","@id":"https:\/\/www.lifenatura.com\/es\/produto\/msm-200g-salud-viva\/","url":"https:\/\/www.lifenatura.com\/es\/produto\/msm-200g-salud-viva\/","name":"MSM 200g - Salud Viva - Lifenatura","isPartOf":{"@id":"https:\/\/www.lifenatura.com\/es\/#website"},"primaryImageOfPage":{"@id":"https:\/\/www.lifenatura.com\/es\/produto\/msm-200g-salud-viva\/#primaryimage"},"image":{"@id":"https:\/\/www.lifenatura.com\/es\/produto\/msm-200g-salud-viva\/#primaryimage"},"thumbnailUrl":"https:\/\/www.lifenatura.com\/wp-content\/uploads\/2025\/05\/msm-200g-salud-viva.jpg","datePublished":"2025-05-13T14:04:37+00:00","dateModified":"2025-09-20T07:02:23+00:00","description":"MSM 200g Azufre org\u00e1nico puro para articulaciones, piel, cabello y u\u00f1as. Antiinflamatorio natural y apoyo a la producci\u00f3n de col\u00e1geno. 100% vegano.","breadcrumb":{"@id":"https:\/\/www.lifenatura.com\/es\/produto\/msm-200g-salud-viva\/#breadcrumb"},"inLanguage":"es","potentialAction":[{"@type":"ReadAction","target":["https:\/\/www.lifenatura.com\/es\/produto\/msm-200g-salud-viva\/"]}]},{"@type":"ImageObject","inLanguage":"es","@id":"https:\/\/www.lifenatura.com\/es\/produto\/msm-200g-salud-viva\/#primaryimage","url":"https:\/\/www.lifenatura.com\/wp-content\/uploads\/2025\/05\/msm-200g-salud-viva.jpg","contentUrl":"https:\/\/www.lifenatura.com\/wp-content\/uploads\/2025\/05\/msm-200g-salud-viva.jpg","width":1000,"height":1000},{"@type":"BreadcrumbList","@id":"https:\/\/www.lifenatura.com\/es\/produto\/msm-200g-salud-viva\/#breadcrumb","itemListElement":[{"@type":"ListItem","position":1,"name":"In\u00edcio","item":"https:\/\/www.lifenatura.com\/es\/"},{"@type":"ListItem","position":2,"name":"Todos los Productos","item":"https:\/\/www.lifenatura.com\/es\/tienda\/"},{"@type":"ListItem","position":3,"name":"MSM 200g &#8211; Salud Viva"}]},{"@type":"WebSite","@id":"https:\/\/www.lifenatura.com\/es\/#website","url":"https:\/\/www.lifenatura.com\/es\/","name":"Lifenatura","description":"A Lifenatura \u00e9 uma loja de produtos naturais, cosm\u00e9tica natural e alimenta\u00e7\u00e3o Biol\u00f3gica.","publisher":{"@id":"https:\/\/www.lifenatura.com\/es\/#organization"},"potentialAction":[{"@type":"SearchAction","target":{"@type":"EntryPoint","urlTemplate":"https:\/\/www.lifenatura.com\/es\/?s={search_term_string}"},"query-input":{"@type":"PropertyValueSpecification","valueRequired":true,"valueName":"search_term_string"}}],"inLanguage":"es"},{"@type":"Organization","@id":"https:\/\/www.lifenatura.com\/es\/#organization","name":"Lifenatura","url":"https:\/\/www.lifenatura.com\/es\/","logo":{"@type":"ImageObject","inLanguage":"es","@id":"https:\/\/www.lifenatura.com\/es\/#\/schema\/logo\/image\/","url":"https:\/\/www.lifenatura.com\/wp-content\/uploads\/2021\/11\/logo.png","contentUrl":"https:\/\/www.lifenatura.com\/wp-content\/uploads\/2021\/11\/logo.png","width":175,"height":55,"caption":"Lifenatura"},"image":{"@id":"https:\/\/www.lifenatura.com\/es\/#\/schema\/logo\/image\/"},"sameAs":["https:\/\/www.facebook.com\/lifenatura","https:\/\/www.instagram.com\/lifenaturapt\/"]}]},"product_price_amount":"9.00","product_price_currency":"EUR","og_availability":"instock","product_availability":"instock","product_retailer_item_id":"3280000005","product_condition":"new"},"df_price":9,"df_sale_price":"","df_regular_price":9,"df_image_link":"https:\/\/www.lifenatura.com\/wp-content\/uploads\/2025\/05\/msm-200g-salud-viva-300x300.jpg","_links":{"self":[{"href":"https:\/\/www.lifenatura.com\/es\/wp-json\/wp\/v2\/product\/116382","targetHints":{"allow":["GET"]}}],"collection":[{"href":"https:\/\/www.lifenatura.com\/es\/wp-json\/wp\/v2\/product"}],"about":[{"href":"https:\/\/www.lifenatura.com\/es\/wp-json\/wp\/v2\/types\/product"}],"wp:featuredmedia":[{"embeddable":true,"href":"https:\/\/www.lifenatura.com\/es\/wp-json\/wp\/v2\/media\/111465"}],"wp:attachment":[{"href":"https:\/\/www.lifenatura.com\/es\/wp-json\/wp\/v2\/media?parent=116382"}],"wp:term":[{"taxonomy":"product_brand","embeddable":true,"href":"https:\/\/www.lifenatura.com\/es\/wp-json\/wp\/v2\/product_brand?post=116382"},{"taxonomy":"product_cat","embeddable":true,"href":"https:\/\/www.lifenatura.com\/es\/wp-json\/wp\/v2\/product_cat?post=116382"},{"taxonomy":"product_tag","embeddable":true,"href":"https:\/\/www.lifenatura.com\/es\/wp-json\/wp\/v2\/product_tag?post=116382"}],"curies":[{"name":"wp","href":"https:\/\/api.w.org\/{rel}","templated":true}]}}