{"id":116380,"date":"2025-05-13T14:04:51","date_gmt":"2025-05-13T14:04:51","guid":{"rendered":"https:\/\/www.lifenatura.com\/produto\/cascara-de-psyllium-bio-200g-salud-viva\/"},"modified":"2025-09-22T13:08:59","modified_gmt":"2025-09-22T13:08:59","slug":"cascara-de-psyllium-bio-200g-salud-viva","status":"publish","type":"product","link":"https:\/\/www.lifenatura.com\/es\/produto\/cascara-de-psyllium-bio-200g-salud-viva\/","title":{"rendered":"C\u00e1scara de Psyllium Bio 200g &#8211; Salud Viva"},"content":{"rendered":"<h2 style=\"text-align: left;\" data-start=\"178\" data-end=\"226\"><strong>Prote\u00edna de Psilio C\u00e1scara Ecol\u00f3gica &#8211; Salud Viva<\/strong><\/h2>\n<p>&nbsp;<\/p>\n<p data-start=\"285\" data-end=\"682\"><strong data-start=\"287\" data-end=\"335\">La Prote\u00edna de C\u00e1scara de Psilio Bio de Salud Viva<\/strong> combina el alto contenido proteico de origen vegetal con la riqueza natural de fibras solubles de la c\u00e1scara de psilio, una planta utilizada tradicionalmente para favorecer el buen funcionamiento intestinal. Procedente de la agricultura ecol\u00f3gica, este suplemento es 100% natural, vegano y no contiene aditivos artificiales, gluten ni al\u00e9rgenos comunes.<\/p>\n<p data-start=\"684\" data-end=\"1020\">El psilio es conocido por su gran capacidad de absorci\u00f3n de agua, formando un gel suave en el sistema digestivo que ayuda a regular el tr\u00e1nsito intestinal y a promover una prolongada sensaci\u00f3n de saciedad. Esto lo hace ideal para las dietas de control de peso o para quienes desean mantener un equilibrio digestivo saludable.<\/p>\n<p data-start=\"1022\" data-end=\"1276\">La adici\u00f3n de prote\u00edna vegetal de calidad ofrece un apoyo nutricional extra, esencial para el mantenimiento y la recuperaci\u00f3n muscular, especialmente para atletas, deportistas o personas que buscan aumentar su ingesta diaria de prote\u00ednas.<\/p>\n<p><strong>Principales ventajas:<\/strong><\/p>\n<ul data-start=\"1307\" data-end=\"1649\">\n<li data-start=\"1307\" data-end=\"1385\">\n<p data-start=\"1309\" data-end=\"1385\">Fuente natural de <strong data-start=\"1315\" data-end=\"1345\">fibra soluble<\/strong>, que favorece el tr\u00e1nsito intestinal;<\/p>\n<\/li>\n<li data-start=\"1386\" data-end=\"1434\">\n<p data-start=\"1388\" data-end=\"1434\"><strong data-start=\"1388\" data-end=\"1413\">Alto contenido en prote\u00ednas de<\/strong> origen vegetal;<\/p>\n<\/li>\n<li data-start=\"1435\" data-end=\"1506\">\n<p data-start=\"1437\" data-end=\"1506\">Favorece la sensaci\u00f3n de saciedad, ayudando a controlar el apetito;<\/p>\n<\/li>\n<li data-start=\"1507\" data-end=\"1555\">\n<p data-start=\"1509\" data-end=\"1555\">Ayuda a regular el colesterol y la glucemia;<\/p>\n<\/li>\n<li data-start=\"1556\" data-end=\"1602\">\n<p data-start=\"1558\" data-end=\"1602\"><strong data-start=\"1566\" data-end=\"1599\">Ecol\u00f3gico, vegano y sin gluten<\/strong>;<\/p>\n<\/li>\n<li data-start=\"1603\" data-end=\"1649\">\n<p data-start=\"1605\" data-end=\"1649\">F\u00e1cil de incorporar a tu dieta diaria.<\/p>\n<\/li>\n<\/ul>\n<p data-start=\"1651\" data-end=\"1668\"><strong>Indicaciones:<\/strong><\/p>\n<p data-start=\"1669\" data-end=\"1724\"><strong data-start=\"1671\" data-end=\"1705\">La Prote\u00edna de C\u00e1scara de Psilio<\/strong> est\u00e1 indicada para:<\/p>\n<ul data-start=\"1725\" data-end=\"1993\">\n<li data-start=\"1725\" data-end=\"1786\">\n<p data-start=\"1727\" data-end=\"1786\">Personas que necesitan aumentar su ingesta de fibra;<\/p>\n<\/li>\n<li data-start=\"1787\" data-end=\"1831\">\n<p data-start=\"1789\" data-end=\"1831\">Quienes deseen mejorar su salud digestiva;<\/p>\n<\/li>\n<li data-start=\"1832\" data-end=\"1874\">\n<p data-start=\"1834\" data-end=\"1874\">Dietas de p\u00e9rdida de peso o de mantenimiento;<\/p>\n<\/li>\n<li data-start=\"1875\" data-end=\"1959\">\n<p data-start=\"1877\" data-end=\"1959\">Deportistas y practicantes de ejercicio f\u00edsico que necesitan prote\u00ednas de calidad;<\/p>\n<\/li>\n<li data-start=\"1960\" data-end=\"1993\">\n<p data-start=\"1962\" data-end=\"1993\">Dietas veganas o vegetarianas.<\/p>\n<\/li>\n<\/ul>\n<p><strong>Presentaci\u00f3n:<\/strong><\/p>\n<p>200g<\/p>\n<p>&nbsp;<\/p>\n","protected":false},"excerpt":{"rendered":"<p>Psyllium Protein Husk Bio Salud Viva &#8211; Rico en fibra soluble y prote\u00edna vegetal. Favorece la salud digestiva, la saciedad y el equilibrio nutricional. [&#8230;]<\/p>\n<p><a class=\"btn btn-secondary understrap-read-more-link\" href=\"https:\/\/www.lifenatura.com\/es\/produto\/cascara-de-psyllium-bio-200g-salud-viva\/\">Leer m\u00e1s&#8230;<span class=\"screen-reader-text\"> from C\u00e1scara de Psyllium Bio 200g &#8211; Salud Viva<\/span><\/a><\/p>\n","protected":false},"featured_media":111622,"template":"","meta":{"_acf_changed":false},"product_brand":[8295],"product_cat":[7064,7659,7074,7096,8568],"product_tag":[],"class_list":{"0":"post-116380","1":"product","2":"type-product","3":"status-publish","4":"has-post-thumbnail","6":"product_brand-salud-viva","7":"product_cat-alimentacion-sana","8":"product_cat-ingrediente-natural-bio","9":"product_cat-productos-alimenticios","10":"product_cat-proteina-vegetal-bio","11":"product_cat-psyllium-es","13":"first","14":"instock","15":"shipping-taxable","16":"purchasable","17":"product-type-simple","18":"add-to-wishlist-before_image"},"acf":[],"yoast_head":"<!-- This site is optimized with the Yoast SEO Premium plugin v27.1 (Yoast SEO v27.5) - https:\/\/yoast.com\/product\/yoast-seo-premium-wordpress\/ -->\n<title>C\u00e1scara de Psyllium Bio 200g - Salud Viva - Na Lifenatura ao Melhor Pre\u00e7o | Envio em 48h<\/title>\n<meta name=\"description\" content=\"Psyllium Protein Husk Bio Salud Viva - Rico en fibra soluble y prote\u00edna vegetal. Favorece la salud digestiva, la saciedad y el equilibrio nutricional.\" \/>\n<meta name=\"robots\" content=\"index, follow, max-snippet:-1, max-image-preview:large, max-video-preview:-1\" \/>\n<link rel=\"canonical\" href=\"https:\/\/www.lifenatura.com\/es\/produto\/cascara-de-psyllium-bio-200g-salud-viva\/\" \/>\n<meta property=\"og:locale\" content=\"es_ES\" \/>\n<meta property=\"og:type\" content=\"article\" \/>\n<meta property=\"og:title\" content=\"C\u00e1scara de Psyllium Bio 200g - Salud Viva - Na Lifenatura ao Melhor Pre\u00e7o | Envio 48h\" \/>\n<meta property=\"og:description\" content=\"Compre C\u00e1scara de Psyllium Bio 200g - Salud Viva com envio r\u00e1pido. Entrega em 48h e portes gr\u00e1tis em compras &gt;35\u20ac. Aproveite j\u00e1 na Lifenatura\" \/>\n<meta property=\"og:url\" content=\"https:\/\/www.lifenatura.com\/es\/produto\/cascara-de-psyllium-bio-200g-salud-viva\/\" \/>\n<meta property=\"og:site_name\" content=\"Lifenatura\" \/>\n<meta property=\"article:publisher\" content=\"https:\/\/www.facebook.com\/lifenatura\" \/>\n<meta property=\"article:modified_time\" content=\"2025-09-22T13:08:59+00:00\" \/>\n<meta property=\"og:image\" content=\"https:\/\/www.lifenatura.com\/wp-content\/uploads\/2025\/05\/psyllium-casca-200g-salud-viva.jpg\" \/>\n\t<meta property=\"og:image:width\" content=\"1000\" \/>\n\t<meta property=\"og:image:height\" content=\"1000\" \/>\n\t<meta property=\"og:image:type\" content=\"image\/jpeg\" \/>\n<meta name=\"twitter:card\" content=\"summary_large_image\" \/>\n<meta name=\"twitter:label1\" content=\"Precio\" \/>\n\t<meta name=\"twitter:data1\" content=\"11,06&nbsp;&euro;\" \/>\n\t<meta name=\"twitter:label2\" content=\"Disponibilidad\" \/>\n\t<meta name=\"twitter:data2\" content=\"Disponible\" \/>\n<script type=\"application\/ld+json\" class=\"yoast-schema-graph\">{\"@context\":\"https:\\\/\\\/schema.org\",\"@graph\":[{\"@type\":\"WebPage\",\"@id\":\"https:\\\/\\\/www.lifenatura.com\\\/es\\\/produto\\\/cascara-de-psyllium-bio-200g-salud-viva\\\/\",\"url\":\"https:\\\/\\\/www.lifenatura.com\\\/es\\\/produto\\\/cascara-de-psyllium-bio-200g-salud-viva\\\/\",\"name\":\"C\u00e1scara de Psyllium Bio 200g - Salud Viva - Na Lifenatura ao Melhor Pre\u00e7o | Envio em 48h\",\"isPartOf\":{\"@id\":\"https:\\\/\\\/www.lifenatura.com\\\/es\\\/#website\"},\"primaryImageOfPage\":{\"@id\":\"https:\\\/\\\/www.lifenatura.com\\\/es\\\/produto\\\/cascara-de-psyllium-bio-200g-salud-viva\\\/#primaryimage\"},\"image\":{\"@id\":\"https:\\\/\\\/www.lifenatura.com\\\/es\\\/produto\\\/cascara-de-psyllium-bio-200g-salud-viva\\\/#primaryimage\"},\"thumbnailUrl\":\"https:\\\/\\\/www.lifenatura.com\\\/wp-content\\\/uploads\\\/2025\\\/05\\\/psyllium-casca-200g-salud-viva.jpg\",\"datePublished\":\"2025-05-13T14:04:51+00:00\",\"dateModified\":\"2025-09-22T13:08:59+00:00\",\"description\":\"Psyllium Protein Husk Bio Salud Viva - Rico en fibra soluble y prote\u00edna vegetal. Favorece la salud digestiva, la saciedad y el equilibrio nutricional.\",\"breadcrumb\":{\"@id\":\"https:\\\/\\\/www.lifenatura.com\\\/es\\\/produto\\\/cascara-de-psyllium-bio-200g-salud-viva\\\/#breadcrumb\"},\"inLanguage\":\"es\",\"potentialAction\":[{\"@type\":\"ReadAction\",\"target\":[\"https:\\\/\\\/www.lifenatura.com\\\/es\\\/produto\\\/cascara-de-psyllium-bio-200g-salud-viva\\\/\"]}]},{\"@type\":\"ImageObject\",\"inLanguage\":\"es\",\"@id\":\"https:\\\/\\\/www.lifenatura.com\\\/es\\\/produto\\\/cascara-de-psyllium-bio-200g-salud-viva\\\/#primaryimage\",\"url\":\"https:\\\/\\\/www.lifenatura.com\\\/wp-content\\\/uploads\\\/2025\\\/05\\\/psyllium-casca-200g-salud-viva.jpg\",\"contentUrl\":\"https:\\\/\\\/www.lifenatura.com\\\/wp-content\\\/uploads\\\/2025\\\/05\\\/psyllium-casca-200g-salud-viva.jpg\",\"width\":1000,\"height\":1000},{\"@type\":\"BreadcrumbList\",\"@id\":\"https:\\\/\\\/www.lifenatura.com\\\/es\\\/produto\\\/cascara-de-psyllium-bio-200g-salud-viva\\\/#breadcrumb\",\"itemListElement\":[{\"@type\":\"ListItem\",\"position\":1,\"name\":\"In\u00edcio\",\"item\":\"https:\\\/\\\/www.lifenatura.com\\\/es\\\/\"},{\"@type\":\"ListItem\",\"position\":2,\"name\":\"Todos los Productos\",\"item\":\"https:\\\/\\\/www.lifenatura.com\\\/es\\\/tienda\\\/\"},{\"@type\":\"ListItem\",\"position\":3,\"name\":\"C\u00e1scara de Psyllium Bio 200g &#8211; Salud Viva\"}]},{\"@type\":\"WebSite\",\"@id\":\"https:\\\/\\\/www.lifenatura.com\\\/es\\\/#website\",\"url\":\"https:\\\/\\\/www.lifenatura.com\\\/es\\\/\",\"name\":\"Lifenatura\",\"description\":\"A Lifenatura \u00e9 uma loja de produtos naturais, cosm\u00e9tica natural e alimenta\u00e7\u00e3o Biol\u00f3gica.\",\"publisher\":{\"@id\":\"https:\\\/\\\/www.lifenatura.com\\\/es\\\/#organization\"},\"potentialAction\":[{\"@type\":\"SearchAction\",\"target\":{\"@type\":\"EntryPoint\",\"urlTemplate\":\"https:\\\/\\\/www.lifenatura.com\\\/es\\\/?s={search_term_string}\"},\"query-input\":{\"@type\":\"PropertyValueSpecification\",\"valueRequired\":true,\"valueName\":\"search_term_string\"}}],\"inLanguage\":\"es\"},{\"@type\":\"Organization\",\"@id\":\"https:\\\/\\\/www.lifenatura.com\\\/es\\\/#organization\",\"name\":\"Lifenatura\",\"url\":\"https:\\\/\\\/www.lifenatura.com\\\/es\\\/\",\"logo\":{\"@type\":\"ImageObject\",\"inLanguage\":\"es\",\"@id\":\"https:\\\/\\\/www.lifenatura.com\\\/es\\\/#\\\/schema\\\/logo\\\/image\\\/\",\"url\":\"https:\\\/\\\/www.lifenatura.com\\\/wp-content\\\/uploads\\\/2021\\\/07\\\/logo.png\",\"contentUrl\":\"https:\\\/\\\/www.lifenatura.com\\\/wp-content\\\/uploads\\\/2021\\\/07\\\/logo.png\",\"width\":175,\"height\":55,\"caption\":\"Lifenatura\"},\"image\":{\"@id\":\"https:\\\/\\\/www.lifenatura.com\\\/es\\\/#\\\/schema\\\/logo\\\/image\\\/\"},\"sameAs\":[\"https:\\\/\\\/www.facebook.com\\\/lifenatura\",\"https:\\\/\\\/www.instagram.com\\\/lifenaturapt\\\/\"],\"hasMerchantReturnPolicy\":{\"@type\":\"MerchantReturnPolicy\",\"merchantReturnLink\":\"https:\\\/\\\/www.lifenatura.com\\\/termos-condicoes-lifenatura\\\/\"}}]}<\/script>\n<meta property=\"product:price:amount\" content=\"11.06\" \/>\n<meta property=\"product:price:currency\" content=\"EUR\" \/>\n<meta property=\"og:availability\" content=\"instock\" \/>\n<meta property=\"product:availability\" content=\"instock\" \/>\n<meta property=\"product:retailer_item_id\" content=\"1740000008\" \/>\n<meta property=\"product:condition\" content=\"new\" \/>\n<!-- \/ Yoast SEO Premium plugin. -->","yoast_head_json":{"title":"C\u00e1scara de Psyllium Bio 200g - Salud Viva - Na Lifenatura ao Melhor Pre\u00e7o | Envio em 48h","description":"Psyllium Protein Husk Bio Salud Viva - Rico en fibra soluble y prote\u00edna vegetal. Favorece la salud digestiva, la saciedad y el equilibrio nutricional.","robots":{"index":"index","follow":"follow","max-snippet":"max-snippet:-1","max-image-preview":"max-image-preview:large","max-video-preview":"max-video-preview:-1"},"canonical":"https:\/\/www.lifenatura.com\/es\/produto\/cascara-de-psyllium-bio-200g-salud-viva\/","og_locale":"es_ES","og_type":"article","og_title":"C\u00e1scara de Psyllium Bio 200g - Salud Viva - Na Lifenatura ao Melhor Pre\u00e7o | Envio 48h","og_description":"Compre C\u00e1scara de Psyllium Bio 200g - Salud Viva com envio r\u00e1pido. Entrega em 48h e portes gr\u00e1tis em compras >35\u20ac. Aproveite j\u00e1 na Lifenatura","og_url":"https:\/\/www.lifenatura.com\/es\/produto\/cascara-de-psyllium-bio-200g-salud-viva\/","og_site_name":"Lifenatura","article_publisher":"https:\/\/www.facebook.com\/lifenatura","article_modified_time":"2025-09-22T13:08:59+00:00","og_image":[{"width":1000,"height":1000,"url":"https:\/\/www.lifenatura.com\/wp-content\/uploads\/2025\/05\/psyllium-casca-200g-salud-viva.jpg","type":"image\/jpeg"}],"twitter_card":"summary_large_image","twitter_misc":{"Precio":"11,06&nbsp;&euro;","Disponibilidad":"Disponible"},"schema":{"@context":"https:\/\/schema.org","@graph":[{"@type":"WebPage","@id":"https:\/\/www.lifenatura.com\/es\/produto\/cascara-de-psyllium-bio-200g-salud-viva\/","url":"https:\/\/www.lifenatura.com\/es\/produto\/cascara-de-psyllium-bio-200g-salud-viva\/","name":"C\u00e1scara de Psyllium Bio 200g - Salud Viva - Na Lifenatura ao Melhor Pre\u00e7o | Envio em 48h","isPartOf":{"@id":"https:\/\/www.lifenatura.com\/es\/#website"},"primaryImageOfPage":{"@id":"https:\/\/www.lifenatura.com\/es\/produto\/cascara-de-psyllium-bio-200g-salud-viva\/#primaryimage"},"image":{"@id":"https:\/\/www.lifenatura.com\/es\/produto\/cascara-de-psyllium-bio-200g-salud-viva\/#primaryimage"},"thumbnailUrl":"https:\/\/www.lifenatura.com\/wp-content\/uploads\/2025\/05\/psyllium-casca-200g-salud-viva.jpg","datePublished":"2025-05-13T14:04:51+00:00","dateModified":"2025-09-22T13:08:59+00:00","description":"Psyllium Protein Husk Bio Salud Viva - Rico en fibra soluble y prote\u00edna vegetal. Favorece la salud digestiva, la saciedad y el equilibrio nutricional.","breadcrumb":{"@id":"https:\/\/www.lifenatura.com\/es\/produto\/cascara-de-psyllium-bio-200g-salud-viva\/#breadcrumb"},"inLanguage":"es","potentialAction":[{"@type":"ReadAction","target":["https:\/\/www.lifenatura.com\/es\/produto\/cascara-de-psyllium-bio-200g-salud-viva\/"]}]},{"@type":"ImageObject","inLanguage":"es","@id":"https:\/\/www.lifenatura.com\/es\/produto\/cascara-de-psyllium-bio-200g-salud-viva\/#primaryimage","url":"https:\/\/www.lifenatura.com\/wp-content\/uploads\/2025\/05\/psyllium-casca-200g-salud-viva.jpg","contentUrl":"https:\/\/www.lifenatura.com\/wp-content\/uploads\/2025\/05\/psyllium-casca-200g-salud-viva.jpg","width":1000,"height":1000},{"@type":"BreadcrumbList","@id":"https:\/\/www.lifenatura.com\/es\/produto\/cascara-de-psyllium-bio-200g-salud-viva\/#breadcrumb","itemListElement":[{"@type":"ListItem","position":1,"name":"In\u00edcio","item":"https:\/\/www.lifenatura.com\/es\/"},{"@type":"ListItem","position":2,"name":"Todos los Productos","item":"https:\/\/www.lifenatura.com\/es\/tienda\/"},{"@type":"ListItem","position":3,"name":"C\u00e1scara de Psyllium Bio 200g &#8211; Salud Viva"}]},{"@type":"WebSite","@id":"https:\/\/www.lifenatura.com\/es\/#website","url":"https:\/\/www.lifenatura.com\/es\/","name":"Lifenatura","description":"A Lifenatura \u00e9 uma loja de produtos naturais, cosm\u00e9tica natural e alimenta\u00e7\u00e3o Biol\u00f3gica.","publisher":{"@id":"https:\/\/www.lifenatura.com\/es\/#organization"},"potentialAction":[{"@type":"SearchAction","target":{"@type":"EntryPoint","urlTemplate":"https:\/\/www.lifenatura.com\/es\/?s={search_term_string}"},"query-input":{"@type":"PropertyValueSpecification","valueRequired":true,"valueName":"search_term_string"}}],"inLanguage":"es"},{"@type":"Organization","@id":"https:\/\/www.lifenatura.com\/es\/#organization","name":"Lifenatura","url":"https:\/\/www.lifenatura.com\/es\/","logo":{"@type":"ImageObject","inLanguage":"es","@id":"https:\/\/www.lifenatura.com\/es\/#\/schema\/logo\/image\/","url":"https:\/\/www.lifenatura.com\/wp-content\/uploads\/2021\/07\/logo.png","contentUrl":"https:\/\/www.lifenatura.com\/wp-content\/uploads\/2021\/07\/logo.png","width":175,"height":55,"caption":"Lifenatura"},"image":{"@id":"https:\/\/www.lifenatura.com\/es\/#\/schema\/logo\/image\/"},"sameAs":["https:\/\/www.facebook.com\/lifenatura","https:\/\/www.instagram.com\/lifenaturapt\/"],"hasMerchantReturnPolicy":{"@type":"MerchantReturnPolicy","merchantReturnLink":"https:\/\/www.lifenatura.com\/termos-condicoes-lifenatura\/"}}]},"product_price_amount":"11.06","product_price_currency":"EUR","og_availability":"instock","product_availability":"instock","product_retailer_item_id":"1740000008","product_condition":"new"},"df_price":11.06,"df_sale_price":"","df_regular_price":11.06,"df_image_link":"https:\/\/www.lifenatura.com\/wp-content\/uploads\/2025\/05\/psyllium-casca-200g-salud-viva-300x300.jpg","_links":{"self":[{"href":"https:\/\/www.lifenatura.com\/es\/wp-json\/wp\/v2\/product\/116380","targetHints":{"allow":["GET"]}}],"collection":[{"href":"https:\/\/www.lifenatura.com\/es\/wp-json\/wp\/v2\/product"}],"about":[{"href":"https:\/\/www.lifenatura.com\/es\/wp-json\/wp\/v2\/types\/product"}],"wp:featuredmedia":[{"embeddable":true,"href":"https:\/\/www.lifenatura.com\/es\/wp-json\/wp\/v2\/media\/111622"}],"wp:attachment":[{"href":"https:\/\/www.lifenatura.com\/es\/wp-json\/wp\/v2\/media?parent=116380"}],"wp:term":[{"taxonomy":"product_brand","embeddable":true,"href":"https:\/\/www.lifenatura.com\/es\/wp-json\/wp\/v2\/product_brand?post=116380"},{"taxonomy":"product_cat","embeddable":true,"href":"https:\/\/www.lifenatura.com\/es\/wp-json\/wp\/v2\/product_cat?post=116380"},{"taxonomy":"product_tag","embeddable":true,"href":"https:\/\/www.lifenatura.com\/es\/wp-json\/wp\/v2\/product_tag?post=116380"}],"curies":[{"name":"wp","href":"https:\/\/api.w.org\/{rel}","templated":true}]}}