{"id":116378,"date":"2025-05-13T14:04:50","date_gmt":"2025-05-13T14:04:50","guid":{"rendered":"https:\/\/www.lifenatura.com\/produto\/proteina-de-guisante-80-ecologica-250g-salud-viva\/"},"modified":"2025-09-22T13:22:06","modified_gmt":"2025-09-22T13:22:06","slug":"proteina-de-guisante-80-ecologica-250g-salud-viva","status":"publish","type":"product","link":"https:\/\/www.lifenatura.com\/es\/produto\/proteina-de-guisante-80-ecologica-250g-salud-viva\/","title":{"rendered":"Prote\u00edna de Guisante 80% Ecol\u00f3gica 250g &#8211; Salud Viva"},"content":{"rendered":"<h2 style=\"text-align: left;\" data-start=\"180\" data-end=\"230\"><strong>Prote\u00edna de Guisante 80% Ecol\u00f3gica &#8211; Salud Viva<\/strong><\/h2>\n<p>&nbsp;<\/p>\n<p data-start=\"291\" data-end=\"659\"><strong data-start=\"293\" data-end=\"338\">La Prote\u00edna de Guisante Ecol\u00f3gica 80% de Salud Viva<\/strong> es una excelente fuente de prote\u00edna vegetal, obtenida de guisantes amarillos de cultivo ecol\u00f3gico sin utilizar pesticidas ni productos qu\u00edmicos artificiales. Con un contenido proteico <strong data-start=\"515\" data-end=\"522\">del 80%<\/strong>, aporta una alta concentraci\u00f3n de amino\u00e1cidos esenciales, incluida la arginina, esencial para la salud muscular y cardiovascular.<\/p>\n<p data-start=\"661\" data-end=\"1055\">Gracias a su proceso de extracci\u00f3n a baja temperatura, esta prote\u00edna mantiene su pureza y calidad y est\u00e1 libre de gluten, lactosa, soja y otros al\u00e9rgenos comunes. Tiene un perfil nutricional equilibrado, bajo en grasas e hidratos de carbono, lo que la hace perfecta para dietas de control de peso o para deportistas que buscan aumentar su ingesta de prote\u00ednas de forma saludable.<\/p>\n<p data-start=\"1057\" data-end=\"1327\"><strong data-start=\"1059\" data-end=\"1086\">La Prote\u00edna de Guisante Bio<\/strong> es f\u00e1cil de digerir e ideal para personas con sensibilidad a otras fuentes de prote\u00ednas. Puede utilizarse en batidos, smoothies, gachas, tortitas o recetas saladas, a\u00f1adiendo valor nutritivo sin alterar significativamente el sabor.<\/p>\n<p data-start=\"1329\" data-end=\"1357\"><strong>Principales ventajas:<\/strong><\/p>\n<ul data-start=\"1358\" data-end=\"1667\">\n<li data-start=\"1358\" data-end=\"1408\">\n<p data-start=\"1360\" data-end=\"1408\"><strong data-start=\"1360\" data-end=\"1387\">80% de prote\u00ednas vegetales<\/strong> de alta calidad;<\/p>\n<\/li>\n<li data-start=\"1409\" data-end=\"1456\">\n<p data-start=\"1411\" data-end=\"1456\">Contiene todos los <strong data-start=\"1427\" data-end=\"1453\">amino\u00e1cidos esenciales<\/strong>;<\/p>\n<\/li>\n<li data-start=\"1457\" data-end=\"1522\">\n<p data-start=\"1459\" data-end=\"1522\">Rico en <strong data-start=\"1467\" data-end=\"1479\">arginina<\/strong>, importante para la salud cardiovascular;<\/p>\n<\/li>\n<li data-start=\"1523\" data-end=\"1571\">\n<p data-start=\"1525\" data-end=\"1571\">F\u00e1cil de digerir y bajo potencial alerg\u00e9nico;<\/p>\n<\/li>\n<li data-start=\"1572\" data-end=\"1620\">\n<p data-start=\"1574\" data-end=\"1620\">Bajo en grasas y carbohidratos;<\/p>\n<\/li>\n<li data-start=\"1621\" data-end=\"1667\">\n<p data-start=\"1623\" data-end=\"1667\"><strong data-start=\"1631\" data-end=\"1664\">Ecol\u00f3gico, vegano y sin gluten<\/strong>.<\/p>\n<\/li>\n<\/ul>\n<p data-start=\"1669\" data-end=\"1686\"><strong>Indicaciones:<\/strong><\/p>\n<p data-start=\"1687\" data-end=\"1739\"><strong data-start=\"1689\" data-end=\"1720\">La Prote\u00edna de Guisante Bio 80%<\/strong> es adecuada para:<\/p>\n<ul data-start=\"1740\" data-end=\"1952\">\n<li data-start=\"1740\" data-end=\"1786\">\n<p data-start=\"1742\" data-end=\"1786\">Deportistas y practicantes de ejercicio f\u00edsico;<\/p>\n<\/li>\n<li data-start=\"1787\" data-end=\"1829\">\n<p data-start=\"1789\" data-end=\"1829\">Personas que siguen una dieta vegana o vegetariana;<\/p>\n<\/li>\n<li data-start=\"1830\" data-end=\"1896\">\n<p data-start=\"1832\" data-end=\"1896\">Los que buscan aumentar su ingesta de prote\u00ednas de forma natural;<\/p>\n<\/li>\n<li data-start=\"1897\" data-end=\"1952\">\n<p data-start=\"1899\" data-end=\"1952\">Personas con intolerancia a la lactosa, la soja o el gluten.<\/p>\n<\/li>\n<\/ul>\n<p><strong>Presentaci\u00f3n:<\/strong><\/p>\n<p>250g<\/p>\n<p>&nbsp;<\/p>\n","protected":false},"excerpt":{"rendered":"<p>Prote\u00edna de Guisante 80% Bio Salud Viva &#8211; Fuente vegetal pura, rica en amino\u00e1cidos esenciales y f\u00e1cil de digerir. Ideal para una alimentaci\u00f3n sana y para veganos. [&#8230;]<\/p>\n<p><a class=\"btn btn-secondary understrap-read-more-link\" href=\"https:\/\/www.lifenatura.com\/es\/produto\/proteina-de-guisante-80-ecologica-250g-salud-viva\/\">Leer m\u00e1s&#8230;<span class=\"screen-reader-text\"> from Prote\u00edna de Guisante 80% Ecol\u00f3gica 250g &#8211; Salud Viva<\/span><\/a><\/p>\n","protected":false},"featured_media":111447,"template":"","meta":{"_acf_changed":false},"product_brand":[8295],"product_cat":[7064,7074,7096],"product_tag":[],"class_list":{"0":"post-116378","1":"product","2":"type-product","3":"status-publish","4":"has-post-thumbnail","6":"product_brand-salud-viva","7":"product_cat-alimentacion-sana","8":"product_cat-productos-alimenticios","9":"product_cat-proteina-vegetal-bio","11":"first","12":"instock","13":"shipping-taxable","14":"purchasable","15":"product-type-simple","16":"add-to-wishlist-before_image"},"acf":[],"yoast_head":"<!-- This site is optimized with the Yoast SEO Premium plugin v27.1 (Yoast SEO v27.4) - https:\/\/yoast.com\/product\/yoast-seo-premium-wordpress\/ -->\n<title>Prote\u00edna de Guisante 80% Ecol\u00f3gica 250g - Salud Viva - Lifenatura<\/title>\n<meta name=\"description\" content=\"Prote\u00edna de Guisante 80% Bio fuente vegetal pura, rica en amino\u00e1cidos esenciales y f\u00e1cil de digerir. Ideal para una alimentaci\u00f3n sana y para veganos.\" \/>\n<meta name=\"robots\" content=\"index, follow, max-snippet:-1, max-image-preview:large, max-video-preview:-1\" \/>\n<link rel=\"canonical\" href=\"https:\/\/www.lifenatura.com\/es\/produto\/proteina-de-guisante-80-ecologica-250g-salud-viva\/\" \/>\n<meta property=\"og:locale\" content=\"es_ES\" \/>\n<meta property=\"og:type\" content=\"article\" \/>\n<meta property=\"og:title\" content=\"Prote\u00edna de Guisante 80% Ecol\u00f3gica 250g - Salud Viva - Lifenatura\" \/>\n<meta property=\"og:description\" content=\"Compre aqui o seu Prote\u00edna de Guisante 80% Ecol\u00f3gica 250g - Salud Viva e a Lifenatura Online envia em 48 H com Portes Gratis &gt;35\u20ac de Pedido.\" \/>\n<meta property=\"og:url\" content=\"https:\/\/www.lifenatura.com\/es\/produto\/proteina-de-guisante-80-ecologica-250g-salud-viva\/\" \/>\n<meta property=\"og:site_name\" content=\"Lifenatura\" \/>\n<meta property=\"article:publisher\" content=\"https:\/\/www.facebook.com\/lifenatura\" \/>\n<meta property=\"article:modified_time\" content=\"2025-09-22T13:22:06+00:00\" \/>\n<meta property=\"og:image\" content=\"https:\/\/www.lifenatura.com\/wp-content\/uploads\/2025\/05\/proteina-de-ervilha-250g-salud-viva.jpg\" \/>\n\t<meta property=\"og:image:width\" content=\"1000\" \/>\n\t<meta property=\"og:image:height\" content=\"1000\" \/>\n\t<meta property=\"og:image:type\" content=\"image\/jpeg\" \/>\n<meta name=\"twitter:card\" content=\"summary_large_image\" \/>\n<meta name=\"twitter:label1\" content=\"Precio\" \/>\n\t<meta name=\"twitter:data1\" content=\"10,38&nbsp;&euro;\" \/>\n\t<meta name=\"twitter:label2\" content=\"Disponibilidad\" \/>\n\t<meta name=\"twitter:data2\" content=\"Disponible\" \/>\n<meta property=\"product:price:amount\" content=\"10.38\" \/>\n<meta property=\"product:price:currency\" content=\"EUR\" \/>\n<meta property=\"og:availability\" content=\"instock\" \/>\n<meta property=\"product:availability\" content=\"instock\" \/>\n<meta property=\"product:retailer_item_id\" content=\"1420000007\" \/>\n<meta property=\"product:condition\" content=\"new\" \/>\n<!-- \/ Yoast SEO Premium plugin. -->","yoast_head_json":{"title":"Prote\u00edna de Guisante 80% Ecol\u00f3gica 250g - Salud Viva - Lifenatura","description":"Prote\u00edna de Guisante 80% Bio fuente vegetal pura, rica en amino\u00e1cidos esenciales y f\u00e1cil de digerir. Ideal para una alimentaci\u00f3n sana y para veganos.","robots":{"index":"index","follow":"follow","max-snippet":"max-snippet:-1","max-image-preview":"max-image-preview:large","max-video-preview":"max-video-preview:-1"},"canonical":"https:\/\/www.lifenatura.com\/es\/produto\/proteina-de-guisante-80-ecologica-250g-salud-viva\/","og_locale":"es_ES","og_type":"article","og_title":"Prote\u00edna de Guisante 80% Ecol\u00f3gica 250g - Salud Viva - Lifenatura","og_description":"Compre aqui o seu Prote\u00edna de Guisante 80% Ecol\u00f3gica 250g - Salud Viva e a Lifenatura Online envia em 48 H com Portes Gratis >35\u20ac de Pedido.","og_url":"https:\/\/www.lifenatura.com\/es\/produto\/proteina-de-guisante-80-ecologica-250g-salud-viva\/","og_site_name":"Lifenatura","article_publisher":"https:\/\/www.facebook.com\/lifenatura","article_modified_time":"2025-09-22T13:22:06+00:00","og_image":[{"width":1000,"height":1000,"url":"https:\/\/www.lifenatura.com\/wp-content\/uploads\/2025\/05\/proteina-de-ervilha-250g-salud-viva.jpg","type":"image\/jpeg"}],"twitter_card":"summary_large_image","twitter_misc":{"Precio":"10,38&nbsp;&euro;","Disponibilidad":"Disponible"},"schema":{"@context":"https:\/\/schema.org","@graph":[{"@type":"WebPage","@id":"https:\/\/www.lifenatura.com\/es\/produto\/proteina-de-guisante-80-ecologica-250g-salud-viva\/","url":"https:\/\/www.lifenatura.com\/es\/produto\/proteina-de-guisante-80-ecologica-250g-salud-viva\/","name":"Prote\u00edna de Guisante 80% Ecol\u00f3gica 250g - Salud Viva - Lifenatura","isPartOf":{"@id":"https:\/\/www.lifenatura.com\/es\/#website"},"primaryImageOfPage":{"@id":"https:\/\/www.lifenatura.com\/es\/produto\/proteina-de-guisante-80-ecologica-250g-salud-viva\/#primaryimage"},"image":{"@id":"https:\/\/www.lifenatura.com\/es\/produto\/proteina-de-guisante-80-ecologica-250g-salud-viva\/#primaryimage"},"thumbnailUrl":"https:\/\/www.lifenatura.com\/wp-content\/uploads\/2025\/05\/proteina-de-ervilha-250g-salud-viva.jpg","datePublished":"2025-05-13T14:04:50+00:00","dateModified":"2025-09-22T13:22:06+00:00","description":"Prote\u00edna de Guisante 80% Bio fuente vegetal pura, rica en amino\u00e1cidos esenciales y f\u00e1cil de digerir. Ideal para una alimentaci\u00f3n sana y para veganos.","breadcrumb":{"@id":"https:\/\/www.lifenatura.com\/es\/produto\/proteina-de-guisante-80-ecologica-250g-salud-viva\/#breadcrumb"},"inLanguage":"es","potentialAction":[{"@type":"ReadAction","target":["https:\/\/www.lifenatura.com\/es\/produto\/proteina-de-guisante-80-ecologica-250g-salud-viva\/"]}]},{"@type":"ImageObject","inLanguage":"es","@id":"https:\/\/www.lifenatura.com\/es\/produto\/proteina-de-guisante-80-ecologica-250g-salud-viva\/#primaryimage","url":"https:\/\/www.lifenatura.com\/wp-content\/uploads\/2025\/05\/proteina-de-ervilha-250g-salud-viva.jpg","contentUrl":"https:\/\/www.lifenatura.com\/wp-content\/uploads\/2025\/05\/proteina-de-ervilha-250g-salud-viva.jpg","width":1000,"height":1000},{"@type":"BreadcrumbList","@id":"https:\/\/www.lifenatura.com\/es\/produto\/proteina-de-guisante-80-ecologica-250g-salud-viva\/#breadcrumb","itemListElement":[{"@type":"ListItem","position":1,"name":"In\u00edcio","item":"https:\/\/www.lifenatura.com\/es\/"},{"@type":"ListItem","position":2,"name":"Todos los Productos","item":"https:\/\/www.lifenatura.com\/es\/tienda\/"},{"@type":"ListItem","position":3,"name":"Prote\u00edna de Guisante 80% Ecol\u00f3gica 250g &#8211; Salud Viva"}]},{"@type":"WebSite","@id":"https:\/\/www.lifenatura.com\/es\/#website","url":"https:\/\/www.lifenatura.com\/es\/","name":"Lifenatura","description":"A Lifenatura \u00e9 uma loja de produtos naturais, cosm\u00e9tica natural e alimenta\u00e7\u00e3o Biol\u00f3gica.","publisher":{"@id":"https:\/\/www.lifenatura.com\/es\/#organization"},"potentialAction":[{"@type":"SearchAction","target":{"@type":"EntryPoint","urlTemplate":"https:\/\/www.lifenatura.com\/es\/?s={search_term_string}"},"query-input":{"@type":"PropertyValueSpecification","valueRequired":true,"valueName":"search_term_string"}}],"inLanguage":"es"},{"@type":"Organization","@id":"https:\/\/www.lifenatura.com\/es\/#organization","name":"Lifenatura","url":"https:\/\/www.lifenatura.com\/es\/","logo":{"@type":"ImageObject","inLanguage":"es","@id":"https:\/\/www.lifenatura.com\/es\/#\/schema\/logo\/image\/","url":"https:\/\/www.lifenatura.com\/wp-content\/uploads\/2021\/11\/logo.png","contentUrl":"https:\/\/www.lifenatura.com\/wp-content\/uploads\/2021\/11\/logo.png","width":175,"height":55,"caption":"Lifenatura"},"image":{"@id":"https:\/\/www.lifenatura.com\/es\/#\/schema\/logo\/image\/"},"sameAs":["https:\/\/www.facebook.com\/lifenatura","https:\/\/www.instagram.com\/lifenaturapt\/"]}]},"product_price_amount":"10.38","product_price_currency":"EUR","og_availability":"instock","product_availability":"instock","product_retailer_item_id":"1420000007","product_condition":"new"},"df_price":10.38,"df_sale_price":"","df_regular_price":10.38,"df_image_link":"https:\/\/www.lifenatura.com\/wp-content\/uploads\/2025\/05\/proteina-de-ervilha-250g-salud-viva-300x300.jpg","_links":{"self":[{"href":"https:\/\/www.lifenatura.com\/es\/wp-json\/wp\/v2\/product\/116378","targetHints":{"allow":["GET"]}}],"collection":[{"href":"https:\/\/www.lifenatura.com\/es\/wp-json\/wp\/v2\/product"}],"about":[{"href":"https:\/\/www.lifenatura.com\/es\/wp-json\/wp\/v2\/types\/product"}],"wp:featuredmedia":[{"embeddable":true,"href":"https:\/\/www.lifenatura.com\/es\/wp-json\/wp\/v2\/media\/111447"}],"wp:attachment":[{"href":"https:\/\/www.lifenatura.com\/es\/wp-json\/wp\/v2\/media?parent=116378"}],"wp:term":[{"taxonomy":"product_brand","embeddable":true,"href":"https:\/\/www.lifenatura.com\/es\/wp-json\/wp\/v2\/product_brand?post=116378"},{"taxonomy":"product_cat","embeddable":true,"href":"https:\/\/www.lifenatura.com\/es\/wp-json\/wp\/v2\/product_cat?post=116378"},{"taxonomy":"product_tag","embeddable":true,"href":"https:\/\/www.lifenatura.com\/es\/wp-json\/wp\/v2\/product_tag?post=116378"}],"curies":[{"name":"wp","href":"https:\/\/api.w.org\/{rel}","templated":true}]}}