{"id":116375,"date":"2025-05-13T14:05:29","date_gmt":"2025-05-13T14:05:29","guid":{"rendered":"https:\/\/www.lifenatura.com\/produto\/shilajit-bio-125g-salud-viva\/"},"modified":"2025-09-22T09:42:13","modified_gmt":"2025-09-22T09:42:13","slug":"shilajit-bio-125g-salud-viva","status":"publish","type":"product","link":"https:\/\/www.lifenatura.com\/es\/produto\/shilajit-bio-125g-salud-viva\/","title":{"rendered":"Shilajit Bio 125g &#8211; Salud Viva"},"content":{"rendered":"<h2 style=\"text-align: left;\" data-start=\"165\" data-end=\"200\"><strong>Shilajit Bio &#8211; Salud Viva<\/strong><\/h2>\n<p>&nbsp;<\/p>\n<p data-start=\"265\" data-end=\"653\"><strong data-start=\"267\" data-end=\"302\">Shilajit Bio 125 g de Salud Viva<\/strong> es un suplemento natural y org\u00e1nico muy valorado en la medicina ayurv\u00e9dica desde hace miles de a\u00f1os como potente <strong data-start=\"421\" data-end=\"452\">revitalizante y adapt\u00f3geno<\/strong>. Conocido como &#8220;el conquistador de las monta\u00f1as&#8221; o &#8220;n\u00e9ctar de los dioses&#8221;, el shilajit es una resina mineral formada por la lenta descomposici\u00f3n de plantas durante siglos en las altas monta\u00f1as del Himalaya.<\/p>\n<p data-start=\"655\" data-end=\"998\">Este superalimento es especialmente rico en <strong data-start=\"700\" data-end=\"744\">\u00e1cido f\u00falvico, minerales y oligoelementos<\/strong>, que contribuyen a una remineralizaci\u00f3n profunda del organismo. El \u00e1cido f\u00falvico, en particular, desempe\u00f1a un papel esencial en la <strong data-start=\"872\" data-end=\"911\">absorci\u00f3n y el transporte de nutrientes<\/strong> a nivel celular, ayudando a mejorar la energ\u00eda, la resistencia y el equilibrio general.<\/p>\n<p data-start=\"1000\" data-end=\"1345\">Gracias a sus propiedades adapt\u00f3genas, el shilajit favorece la respuesta del organismo al estr\u00e9s f\u00edsico y emocional, promueve la vitalidad y contribuye al bienestar mental. Tambi\u00e9n se reconoce su potencial para <strong data-start=\"1215\" data-end=\"1274\">apoyar la funci\u00f3n cognitiva, la memoria y la claridad mental<\/strong>, por lo que es ideal para \u00e9pocas de mayor exigencia f\u00edsica o intelectual.<\/p>\n<p data-start=\"1347\" data-end=\"1536\">Presentado en forma de polvo, es f\u00e1cil de usar a diario y se puede a\u00f1adir al agua caliente, infusiones, zumos o batidos, lo que lo convierte en una soluci\u00f3n pr\u00e1ctica para potenciar la energ\u00eda y la nutrici\u00f3n.<\/p>\n<p data-start=\"1538\" data-end=\"1566\"><strong>Principales ventajas:<\/strong><\/p>\n<ul data-start=\"1567\" data-end=\"1878\">\n<li data-start=\"1567\" data-end=\"1619\">\n<p data-start=\"1569\" data-end=\"1619\">Rico en <strong data-start=\"1577\" data-end=\"1616\">\u00e1cido f\u00falvico y minerales esenciales<\/strong>;<\/p>\n<\/li>\n<li data-start=\"1620\" data-end=\"1670\">\n<p data-start=\"1622\" data-end=\"1670\">Favorece <strong data-start=\"1630\" data-end=\"1667\">la energ\u00eda, la resistencia y la vitalidad<\/strong>;<\/p>\n<\/li>\n<li data-start=\"1671\" data-end=\"1713\">\n<p data-start=\"1673\" data-end=\"1713\">Favorece la <strong data-start=\"1684\" data-end=\"1710\">absorci\u00f3n de nutrientes<\/strong>;<\/p>\n<\/li>\n<li data-start=\"1714\" data-end=\"1774\">\n<p data-start=\"1716\" data-end=\"1774\">Act\u00faa como <strong data-start=\"1726\" data-end=\"1741\">adapt\u00f3geno<\/strong>, ayudando a controlar el estr\u00e9s;<\/p>\n<\/li>\n<li data-start=\"1775\" data-end=\"1834\">\n<p data-start=\"1777\" data-end=\"1834\">Contribuye a la <strong data-start=\"1794\" data-end=\"1831\">funci\u00f3n cognitiva y a la claridad mental<\/strong>;<\/p>\n<\/li>\n<li data-start=\"1835\" data-end=\"1878\">\n<p data-start=\"1837\" data-end=\"1878\">Producto <strong data-start=\"1845\" data-end=\"1875\">ecol\u00f3gico, vegano y natural<\/strong>.<\/p>\n<\/li>\n<\/ul>\n<p data-start=\"1880\" data-end=\"1897\"><strong>Indicaciones:<\/strong><\/p>\n<p data-start=\"1898\" data-end=\"1949\"><strong data-start=\"1900\" data-end=\"1930\">Shilajit Bio de Salud Viva<\/strong> est\u00e1 indicado para:<\/p>\n<ul data-start=\"1950\" data-end=\"2148\">\n<li data-start=\"1950\" data-end=\"2001\">\n<p data-start=\"1952\" data-end=\"2001\">Personas en periodos de fatiga f\u00edsica o mental;<\/p>\n<\/li>\n<li data-start=\"2002\" data-end=\"2049\">\n<p data-start=\"2004\" data-end=\"2049\">Cualquier persona que desee aumentar su energ\u00eda y vitalidad;<\/p>\n<\/li>\n<li data-start=\"2050\" data-end=\"2107\">\n<p data-start=\"2052\" data-end=\"2107\">Ayuda a la memoria, la concentraci\u00f3n y el rendimiento cognitivo;<\/p>\n<\/li>\n<li data-start=\"2108\" data-end=\"2148\">\n<p data-start=\"2110\" data-end=\"2148\">Dietas naturales, veganas y funcionales.<\/p>\n<\/li>\n<\/ul>\n<p><strong>Presentaci\u00f3n:<\/strong><\/p>\n<p>125g<\/p>\n<p>&nbsp;<\/p>\n","protected":false},"excerpt":{"rendered":"<p>Shilajit Bio 125g Salud Viva &#8211; Superalimento ayurv\u00e9dico rico en \u00e1cido f\u00falvico y minerales. Energ\u00eda, vitalidad y apoyo cognitivo. 100% ecol\u00f3gico y vegano. [&#8230;]<\/p>\n<p><a class=\"btn btn-secondary understrap-read-more-link\" href=\"https:\/\/www.lifenatura.com\/es\/produto\/shilajit-bio-125g-salud-viva\/\">Leer m\u00e1s&#8230;<span class=\"screen-reader-text\"> from Shilajit Bio 125g &#8211; Salud Viva<\/span><\/a><\/p>\n","protected":false},"featured_media":111403,"template":"","meta":{"_acf_changed":false},"product_brand":[8295],"product_cat":[7064,7074,7100],"product_tag":[],"class_list":{"0":"post-116375","1":"product","2":"type-product","3":"status-publish","4":"has-post-thumbnail","6":"product_brand-salud-viva","7":"product_cat-alimentacion-sana","8":"product_cat-productos-alimenticios","9":"product_cat-superalimentos-bio","11":"first","12":"instock","13":"shipping-taxable","14":"purchasable","15":"product-type-simple","16":"add-to-wishlist-before_image"},"acf":[],"yoast_head":"<!-- This site is optimized with the Yoast SEO Premium plugin v27.1 (Yoast SEO v27.3) - https:\/\/yoast.com\/product\/yoast-seo-premium-wordpress\/ -->\n<title>Shilajit Bio 125g - Salud Viva - Lifenatura<\/title>\n<meta name=\"description\" content=\"Shilajit Bio 125g Salud Viva - Superalimento ayurv\u00e9dico rico en \u00e1cido f\u00falvico y minerales. Energ\u00eda, vitalidad y apoyo cognitivo. 100% ecol\u00f3gico y vegano.\" \/>\n<meta name=\"robots\" content=\"index, follow, max-snippet:-1, max-image-preview:large, max-video-preview:-1\" \/>\n<link rel=\"canonical\" href=\"https:\/\/www.lifenatura.com\/es\/produto\/shilajit-bio-125g-salud-viva\/\" \/>\n<meta property=\"og:locale\" content=\"es_ES\" \/>\n<meta property=\"og:type\" content=\"article\" \/>\n<meta property=\"og:title\" content=\"Shilajit Bio 125g - Salud Viva - Lifenatura\" \/>\n<meta property=\"og:description\" content=\"Compre aqui o seu Shilajit Bio 125g - Salud Viva e a Lifenatura Online envia em 48 H com Portes Gratis &gt;35\u20ac de Pedido.\" \/>\n<meta property=\"og:url\" content=\"https:\/\/www.lifenatura.com\/es\/produto\/shilajit-bio-125g-salud-viva\/\" \/>\n<meta property=\"og:site_name\" content=\"Lifenatura\" \/>\n<meta property=\"article:publisher\" content=\"https:\/\/www.facebook.com\/lifenatura\" \/>\n<meta property=\"article:modified_time\" content=\"2025-09-22T09:42:13+00:00\" \/>\n<meta property=\"og:image\" content=\"https:\/\/www.lifenatura.com\/wp-content\/uploads\/2025\/05\/shilajit-125g-salud-viva.jpg\" \/>\n\t<meta property=\"og:image:width\" content=\"1000\" \/>\n\t<meta property=\"og:image:height\" content=\"1000\" \/>\n\t<meta property=\"og:image:type\" content=\"image\/jpeg\" \/>\n<meta name=\"twitter:card\" content=\"summary_large_image\" \/>\n<meta name=\"twitter:label1\" content=\"Precio\" \/>\n\t<meta name=\"twitter:data1\" content=\"26,57&nbsp;&euro;\" \/>\n\t<meta name=\"twitter:label2\" content=\"Disponibilidad\" \/>\n\t<meta name=\"twitter:data2\" content=\"Disponible\" \/>\n<meta property=\"product:price:amount\" content=\"26.57\" \/>\n<meta property=\"product:price:currency\" content=\"EUR\" \/>\n<meta property=\"og:availability\" content=\"instock\" \/>\n<meta property=\"product:availability\" content=\"instock\" \/>\n<meta property=\"product:retailer_item_id\" content=\"13370000006\" \/>\n<meta property=\"product:condition\" content=\"new\" \/>\n<!-- \/ Yoast SEO Premium plugin. -->","yoast_head_json":{"title":"Shilajit Bio 125g - Salud Viva - Lifenatura","description":"Shilajit Bio 125g Salud Viva - Superalimento ayurv\u00e9dico rico en \u00e1cido f\u00falvico y minerales. Energ\u00eda, vitalidad y apoyo cognitivo. 100% ecol\u00f3gico y vegano.","robots":{"index":"index","follow":"follow","max-snippet":"max-snippet:-1","max-image-preview":"max-image-preview:large","max-video-preview":"max-video-preview:-1"},"canonical":"https:\/\/www.lifenatura.com\/es\/produto\/shilajit-bio-125g-salud-viva\/","og_locale":"es_ES","og_type":"article","og_title":"Shilajit Bio 125g - Salud Viva - Lifenatura","og_description":"Compre aqui o seu Shilajit Bio 125g - Salud Viva e a Lifenatura Online envia em 48 H com Portes Gratis >35\u20ac de Pedido.","og_url":"https:\/\/www.lifenatura.com\/es\/produto\/shilajit-bio-125g-salud-viva\/","og_site_name":"Lifenatura","article_publisher":"https:\/\/www.facebook.com\/lifenatura","article_modified_time":"2025-09-22T09:42:13+00:00","og_image":[{"width":1000,"height":1000,"url":"https:\/\/www.lifenatura.com\/wp-content\/uploads\/2025\/05\/shilajit-125g-salud-viva.jpg","type":"image\/jpeg"}],"twitter_card":"summary_large_image","twitter_misc":{"Precio":"26,57&nbsp;&euro;","Disponibilidad":"Disponible"},"schema":{"@context":"https:\/\/schema.org","@graph":[{"@type":"WebPage","@id":"https:\/\/www.lifenatura.com\/es\/produto\/shilajit-bio-125g-salud-viva\/","url":"https:\/\/www.lifenatura.com\/es\/produto\/shilajit-bio-125g-salud-viva\/","name":"Shilajit Bio 125g - Salud Viva - Lifenatura","isPartOf":{"@id":"https:\/\/www.lifenatura.com\/es\/#website"},"primaryImageOfPage":{"@id":"https:\/\/www.lifenatura.com\/es\/produto\/shilajit-bio-125g-salud-viva\/#primaryimage"},"image":{"@id":"https:\/\/www.lifenatura.com\/es\/produto\/shilajit-bio-125g-salud-viva\/#primaryimage"},"thumbnailUrl":"https:\/\/www.lifenatura.com\/wp-content\/uploads\/2025\/05\/shilajit-125g-salud-viva.jpg","datePublished":"2025-05-13T14:05:29+00:00","dateModified":"2025-09-22T09:42:13+00:00","description":"Shilajit Bio 125g Salud Viva - Superalimento ayurv\u00e9dico rico en \u00e1cido f\u00falvico y minerales. Energ\u00eda, vitalidad y apoyo cognitivo. 100% ecol\u00f3gico y vegano.","breadcrumb":{"@id":"https:\/\/www.lifenatura.com\/es\/produto\/shilajit-bio-125g-salud-viva\/#breadcrumb"},"inLanguage":"es","potentialAction":[{"@type":"ReadAction","target":["https:\/\/www.lifenatura.com\/es\/produto\/shilajit-bio-125g-salud-viva\/"]}]},{"@type":"ImageObject","inLanguage":"es","@id":"https:\/\/www.lifenatura.com\/es\/produto\/shilajit-bio-125g-salud-viva\/#primaryimage","url":"https:\/\/www.lifenatura.com\/wp-content\/uploads\/2025\/05\/shilajit-125g-salud-viva.jpg","contentUrl":"https:\/\/www.lifenatura.com\/wp-content\/uploads\/2025\/05\/shilajit-125g-salud-viva.jpg","width":1000,"height":1000},{"@type":"BreadcrumbList","@id":"https:\/\/www.lifenatura.com\/es\/produto\/shilajit-bio-125g-salud-viva\/#breadcrumb","itemListElement":[{"@type":"ListItem","position":1,"name":"In\u00edcio","item":"https:\/\/www.lifenatura.com\/es\/"},{"@type":"ListItem","position":2,"name":"Todos los Productos","item":"https:\/\/www.lifenatura.com\/es\/tienda\/"},{"@type":"ListItem","position":3,"name":"Shilajit Bio 125g &#8211; Salud Viva"}]},{"@type":"WebSite","@id":"https:\/\/www.lifenatura.com\/es\/#website","url":"https:\/\/www.lifenatura.com\/es\/","name":"Lifenatura","description":"A Lifenatura \u00e9 uma loja de produtos naturais, cosm\u00e9tica natural e alimenta\u00e7\u00e3o Biol\u00f3gica.","publisher":{"@id":"https:\/\/www.lifenatura.com\/es\/#organization"},"potentialAction":[{"@type":"SearchAction","target":{"@type":"EntryPoint","urlTemplate":"https:\/\/www.lifenatura.com\/es\/?s={search_term_string}"},"query-input":{"@type":"PropertyValueSpecification","valueRequired":true,"valueName":"search_term_string"}}],"inLanguage":"es"},{"@type":"Organization","@id":"https:\/\/www.lifenatura.com\/es\/#organization","name":"Lifenatura","url":"https:\/\/www.lifenatura.com\/es\/","logo":{"@type":"ImageObject","inLanguage":"es","@id":"https:\/\/www.lifenatura.com\/es\/#\/schema\/logo\/image\/","url":"https:\/\/www.lifenatura.com\/wp-content\/uploads\/2021\/11\/logo.png","contentUrl":"https:\/\/www.lifenatura.com\/wp-content\/uploads\/2021\/11\/logo.png","width":175,"height":55,"caption":"Lifenatura"},"image":{"@id":"https:\/\/www.lifenatura.com\/es\/#\/schema\/logo\/image\/"},"sameAs":["https:\/\/www.facebook.com\/lifenatura","https:\/\/www.instagram.com\/lifenaturapt\/"]}]},"product_price_amount":"26.57","product_price_currency":"EUR","og_availability":"instock","product_availability":"instock","product_retailer_item_id":"13370000006","product_condition":"new"},"df_price":26.57,"df_sale_price":"","df_regular_price":26.57,"df_image_link":"https:\/\/www.lifenatura.com\/wp-content\/uploads\/2025\/05\/shilajit-125g-salud-viva-300x300.jpg","_links":{"self":[{"href":"https:\/\/www.lifenatura.com\/es\/wp-json\/wp\/v2\/product\/116375","targetHints":{"allow":["GET"]}}],"collection":[{"href":"https:\/\/www.lifenatura.com\/es\/wp-json\/wp\/v2\/product"}],"about":[{"href":"https:\/\/www.lifenatura.com\/es\/wp-json\/wp\/v2\/types\/product"}],"wp:featuredmedia":[{"embeddable":true,"href":"https:\/\/www.lifenatura.com\/es\/wp-json\/wp\/v2\/media\/111403"}],"wp:attachment":[{"href":"https:\/\/www.lifenatura.com\/es\/wp-json\/wp\/v2\/media?parent=116375"}],"wp:term":[{"taxonomy":"product_brand","embeddable":true,"href":"https:\/\/www.lifenatura.com\/es\/wp-json\/wp\/v2\/product_brand?post=116375"},{"taxonomy":"product_cat","embeddable":true,"href":"https:\/\/www.lifenatura.com\/es\/wp-json\/wp\/v2\/product_cat?post=116375"},{"taxonomy":"product_tag","embeddable":true,"href":"https:\/\/www.lifenatura.com\/es\/wp-json\/wp\/v2\/product_tag?post=116375"}],"curies":[{"name":"wp","href":"https:\/\/api.w.org\/{rel}","templated":true}]}}