{"id":116374,"date":"2025-05-13T14:05:19","date_gmt":"2025-05-13T14:05:19","guid":{"rendered":"https:\/\/www.lifenatura.com\/produto\/schisandra-bio-polvo-50g-salud-viva\/"},"modified":"2025-09-22T13:00:44","modified_gmt":"2025-09-22T13:00:44","slug":"schisandra-bio-polvo-50g-salud-viva","status":"publish","type":"product","link":"https:\/\/www.lifenatura.com\/es\/produto\/schisandra-bio-polvo-50g-salud-viva\/","title":{"rendered":"Schisandra Bio polvo 50g &#8211; Salud Viva"},"content":{"rendered":"<h2 style=\"text-align: left;\" data-start=\"168\" data-end=\"206\"><strong>Schisandra Bio Polvo &#8211; Salud Viva<\/strong><\/h2>\n<p>&nbsp;<\/p>\n<p data-start=\"279\" data-end=\"645\"><strong data-start=\"281\" data-end=\"319\">El Biopolvo de Schisandra de Salud Viva<\/strong> se obtiene de los frutos de la planta <em data-start=\"359\" data-end=\"381\">Schisandra chinensis<\/em>, utilizada tradicionalmente en la medicina china como potente <strong data-start=\"447\" data-end=\"462\">adapt\u00f3geno<\/strong>. Conocida como la &#8220;baya de las cinco fragancias&#8221;, la schisandra destaca por su sabor complejo (dulce, \u00e1cido, salado, amargo y picante) y sus propiedades revitalizantes.<\/p>\n<p data-start=\"647\" data-end=\"1015\">Esta superfruta es rica en <strong data-start=\"673\" data-end=\"722\">antioxidantes, vitaminas, minerales y lignanos<\/strong>, compuestos bioactivos que ayudan a proteger las c\u00e9lulas contra el estr\u00e9s oxidativo y favorecen el buen funcionamiento del h\u00edgado. Gracias a su acci\u00f3n adapt\u00f3gena, la schisandra ayuda al organismo a afrontar mejor el <strong data-start=\"929\" data-end=\"958\">estr\u00e9s f\u00edsico y emocional<\/strong>, favoreciendo la energ\u00eda, la resistencia y el equilibrio natural.<\/p>\n<p data-start=\"1017\" data-end=\"1335\">Tambi\u00e9n se valora por su efecto positivo sobre la <strong data-start=\"1065\" data-end=\"1098\">claridad mental y la concentraci\u00f3n<\/strong>, y se utiliza tradicionalmente para potenciar el rendimiento cognitivo y la vitalidad. Tambi\u00e9n contribuye a la salud de la piel y a la resistencia general del organismo, por lo que es un aliado natural para quienes buscan m\u00e1s energ\u00eda y bienestar.<\/p>\n<p data-start=\"1337\" data-end=\"1480\">Con su sabor intenso y afrutado, puede a\u00f1adirse a batidos, zumos, yogures, gachas o infusiones, lo que facilita su integraci\u00f3n en la vida cotidiana.<\/p>\n<p data-start=\"1482\" data-end=\"1510\"><strong>Principales ventajas:<\/strong><\/p>\n<ul data-start=\"1511\" data-end=\"1836\">\n<li data-start=\"1511\" data-end=\"1564\">\n<p data-start=\"1513\" data-end=\"1564\">Acci\u00f3n <strong data-start=\"1518\" data-end=\"1534\">adapt\u00f3gena<\/strong>, que ayuda a controlar el estr\u00e9s;<\/p>\n<\/li>\n<li data-start=\"1565\" data-end=\"1619\">\n<p data-start=\"1567\" data-end=\"1619\">Rico en <strong data-start=\"1575\" data-end=\"1592\">antioxidantes<\/strong> que protegen las c\u00e9lulas;<\/p>\n<\/li>\n<li data-start=\"1620\" data-end=\"1679\">\n<p data-start=\"1622\" data-end=\"1679\">Favorece <strong data-start=\"1630\" data-end=\"1649\">la funci\u00f3n hep\u00e1tica<\/strong> y la desintoxicaci\u00f3n natural;<\/p>\n<\/li>\n<li data-start=\"1680\" data-end=\"1733\">\n<p data-start=\"1682\" data-end=\"1733\">Fomenta <strong data-start=\"1693\" data-end=\"1730\">la energ\u00eda, la resistencia y la vitalidad<\/strong>;<\/p>\n<\/li>\n<li data-start=\"1734\" data-end=\"1789\">\n<p data-start=\"1736\" data-end=\"1789\">Contribuye a la <strong data-start=\"1753\" data-end=\"1786\">concentraci\u00f3n y a la claridad mental<\/strong>;<\/p>\n<\/li>\n<li data-start=\"1790\" data-end=\"1836\">\n<p data-start=\"1792\" data-end=\"1836\"><strong data-start=\"1800\" data-end=\"1833\">Ecol\u00f3gico, vegano y sin gluten<\/strong>.<\/p>\n<\/li>\n<\/ul>\n<p data-start=\"1838\" data-end=\"1855\"><strong>Indicaciones:<\/strong><\/p>\n<p data-start=\"1856\" data-end=\"1915\"><strong data-start=\"1858\" data-end=\"1896\">Schisandra Bio Polvo de Salud Viva<\/strong> est\u00e1 indicado para:<\/p>\n<ul data-start=\"1916\" data-end=\"2103\">\n<li data-start=\"1916\" data-end=\"1961\">\n<p data-start=\"1918\" data-end=\"1961\">Personas en situaciones de fatiga o estr\u00e9s;<\/p>\n<\/li>\n<li data-start=\"1962\" data-end=\"2014\">\n<p data-start=\"1964\" data-end=\"2014\">Los que buscan aumentar la energ\u00eda y la resistencia;<\/p>\n<\/li>\n<li data-start=\"2015\" data-end=\"2057\">\n<p data-start=\"2017\" data-end=\"2057\">Favorece la concentraci\u00f3n y la claridad mental;<\/p>\n<\/li>\n<li data-start=\"2058\" data-end=\"2103\">\n<p data-start=\"2060\" data-end=\"2103\">Dietas veganas, vegetarianas o funcionales.<\/p>\n<\/li>\n<\/ul>\n<p><strong>Presentaci\u00f3n:<\/strong><\/p>\n<p>50g<\/p>\n<p>&nbsp;<\/p>\n","protected":false},"excerpt":{"rendered":"<p>Schisandra Bio Polvo Salud Viva &#8211; Superfruta adapt\u00f3gena rica en antioxidantes. Favorece el h\u00edgado, la energ\u00eda, la concentraci\u00f3n y el equilibrio natural. [&#8230;]<\/p>\n<p><a class=\"btn btn-secondary understrap-read-more-link\" href=\"https:\/\/www.lifenatura.com\/es\/produto\/schisandra-bio-polvo-50g-salud-viva\/\">Leer m\u00e1s&#8230;<span class=\"screen-reader-text\"> from Schisandra Bio polvo 50g &#8211; Salud Viva<\/span><\/a><\/p>\n","protected":false},"featured_media":111399,"template":"","meta":{"_acf_changed":false},"product_brand":[8295],"product_cat":[7064,7074,7100],"product_tag":[],"class_list":{"0":"post-116374","1":"product","2":"type-product","3":"status-publish","4":"has-post-thumbnail","6":"product_brand-salud-viva","7":"product_cat-alimentacion-sana","8":"product_cat-productos-alimenticios","9":"product_cat-superalimentos-bio","11":"first","12":"instock","13":"shipping-taxable","14":"purchasable","15":"product-type-simple","16":"add-to-wishlist-before_image"},"acf":[],"yoast_head":"<!-- This site is optimized with the Yoast SEO Premium plugin v27.1 (Yoast SEO v27.5) - https:\/\/yoast.com\/product\/yoast-seo-premium-wordpress\/ -->\n<title>Schisandra Bio polvo 50g - Salud Viva - Na Lifenatura ao Melhor Pre\u00e7o | Envio em 48h<\/title>\n<meta name=\"description\" content=\"Schisandra Bio Polvo Salud Viva - Superfruta adapt\u00f3gena rica en antioxidantes. Favorece el h\u00edgado, la energ\u00eda, la concentraci\u00f3n y el equilibrio natural.\" \/>\n<meta name=\"robots\" content=\"index, follow, max-snippet:-1, max-image-preview:large, max-video-preview:-1\" \/>\n<link rel=\"canonical\" href=\"https:\/\/www.lifenatura.com\/es\/produto\/schisandra-bio-polvo-50g-salud-viva\/\" \/>\n<meta property=\"og:locale\" content=\"es_ES\" \/>\n<meta property=\"og:type\" content=\"article\" \/>\n<meta property=\"og:title\" content=\"Schisandra Bio polvo 50g - Salud Viva - Na Lifenatura ao Melhor Pre\u00e7o | Envio 48h\" \/>\n<meta property=\"og:description\" content=\"Compre Schisandra Bio polvo 50g - Salud Viva com envio r\u00e1pido. Entrega em 48h e portes gr\u00e1tis em compras &gt;35\u20ac. Aproveite j\u00e1 na Lifenatura\" \/>\n<meta property=\"og:url\" content=\"https:\/\/www.lifenatura.com\/es\/produto\/schisandra-bio-polvo-50g-salud-viva\/\" \/>\n<meta property=\"og:site_name\" content=\"Lifenatura\" \/>\n<meta property=\"article:publisher\" content=\"https:\/\/www.facebook.com\/lifenatura\" \/>\n<meta property=\"article:modified_time\" content=\"2025-09-22T13:00:44+00:00\" \/>\n<meta property=\"og:image\" content=\"https:\/\/www.lifenatura.com\/wp-content\/uploads\/2025\/05\/schisandra-em-po-50g-salud-viva.jpg\" \/>\n\t<meta property=\"og:image:width\" content=\"1000\" \/>\n\t<meta property=\"og:image:height\" content=\"1000\" \/>\n\t<meta property=\"og:image:type\" content=\"image\/jpeg\" \/>\n<meta name=\"twitter:card\" content=\"summary_large_image\" \/>\n<meta name=\"twitter:label1\" content=\"Precio\" \/>\n\t<meta name=\"twitter:data1\" content=\"8,72&nbsp;&euro;\" \/>\n\t<meta name=\"twitter:label2\" content=\"Disponibilidad\" \/>\n\t<meta name=\"twitter:data2\" content=\"Disponible\" \/>\n<script type=\"application\/ld+json\" class=\"yoast-schema-graph\">{\"@context\":\"https:\\\/\\\/schema.org\",\"@graph\":[{\"@type\":\"WebPage\",\"@id\":\"https:\\\/\\\/www.lifenatura.com\\\/es\\\/produto\\\/schisandra-bio-polvo-50g-salud-viva\\\/\",\"url\":\"https:\\\/\\\/www.lifenatura.com\\\/es\\\/produto\\\/schisandra-bio-polvo-50g-salud-viva\\\/\",\"name\":\"Schisandra Bio polvo 50g - Salud Viva - Na Lifenatura ao Melhor Pre\u00e7o | Envio em 48h\",\"isPartOf\":{\"@id\":\"https:\\\/\\\/www.lifenatura.com\\\/es\\\/#website\"},\"primaryImageOfPage\":{\"@id\":\"https:\\\/\\\/www.lifenatura.com\\\/es\\\/produto\\\/schisandra-bio-polvo-50g-salud-viva\\\/#primaryimage\"},\"image\":{\"@id\":\"https:\\\/\\\/www.lifenatura.com\\\/es\\\/produto\\\/schisandra-bio-polvo-50g-salud-viva\\\/#primaryimage\"},\"thumbnailUrl\":\"https:\\\/\\\/www.lifenatura.com\\\/wp-content\\\/uploads\\\/2025\\\/05\\\/schisandra-em-po-50g-salud-viva.jpg\",\"datePublished\":\"2025-05-13T14:05:19+00:00\",\"dateModified\":\"2025-09-22T13:00:44+00:00\",\"description\":\"Schisandra Bio Polvo Salud Viva - Superfruta adapt\u00f3gena rica en antioxidantes. Favorece el h\u00edgado, la energ\u00eda, la concentraci\u00f3n y el equilibrio natural.\",\"breadcrumb\":{\"@id\":\"https:\\\/\\\/www.lifenatura.com\\\/es\\\/produto\\\/schisandra-bio-polvo-50g-salud-viva\\\/#breadcrumb\"},\"inLanguage\":\"es\",\"potentialAction\":[{\"@type\":\"ReadAction\",\"target\":[\"https:\\\/\\\/www.lifenatura.com\\\/es\\\/produto\\\/schisandra-bio-polvo-50g-salud-viva\\\/\"]}]},{\"@type\":\"ImageObject\",\"inLanguage\":\"es\",\"@id\":\"https:\\\/\\\/www.lifenatura.com\\\/es\\\/produto\\\/schisandra-bio-polvo-50g-salud-viva\\\/#primaryimage\",\"url\":\"https:\\\/\\\/www.lifenatura.com\\\/wp-content\\\/uploads\\\/2025\\\/05\\\/schisandra-em-po-50g-salud-viva.jpg\",\"contentUrl\":\"https:\\\/\\\/www.lifenatura.com\\\/wp-content\\\/uploads\\\/2025\\\/05\\\/schisandra-em-po-50g-salud-viva.jpg\",\"width\":1000,\"height\":1000},{\"@type\":\"BreadcrumbList\",\"@id\":\"https:\\\/\\\/www.lifenatura.com\\\/es\\\/produto\\\/schisandra-bio-polvo-50g-salud-viva\\\/#breadcrumb\",\"itemListElement\":[{\"@type\":\"ListItem\",\"position\":1,\"name\":\"In\u00edcio\",\"item\":\"https:\\\/\\\/www.lifenatura.com\\\/es\\\/\"},{\"@type\":\"ListItem\",\"position\":2,\"name\":\"Todos los Productos\",\"item\":\"https:\\\/\\\/www.lifenatura.com\\\/es\\\/tienda\\\/\"},{\"@type\":\"ListItem\",\"position\":3,\"name\":\"Schisandra Bio polvo 50g &#8211; Salud Viva\"}]},{\"@type\":\"WebSite\",\"@id\":\"https:\\\/\\\/www.lifenatura.com\\\/es\\\/#website\",\"url\":\"https:\\\/\\\/www.lifenatura.com\\\/es\\\/\",\"name\":\"Lifenatura\",\"description\":\"A Lifenatura \u00e9 uma loja de produtos naturais, cosm\u00e9tica natural e alimenta\u00e7\u00e3o Biol\u00f3gica.\",\"publisher\":{\"@id\":\"https:\\\/\\\/www.lifenatura.com\\\/es\\\/#organization\"},\"potentialAction\":[{\"@type\":\"SearchAction\",\"target\":{\"@type\":\"EntryPoint\",\"urlTemplate\":\"https:\\\/\\\/www.lifenatura.com\\\/es\\\/?s={search_term_string}\"},\"query-input\":{\"@type\":\"PropertyValueSpecification\",\"valueRequired\":true,\"valueName\":\"search_term_string\"}}],\"inLanguage\":\"es\"},{\"@type\":\"Organization\",\"@id\":\"https:\\\/\\\/www.lifenatura.com\\\/es\\\/#organization\",\"name\":\"Lifenatura\",\"url\":\"https:\\\/\\\/www.lifenatura.com\\\/es\\\/\",\"logo\":{\"@type\":\"ImageObject\",\"inLanguage\":\"es\",\"@id\":\"https:\\\/\\\/www.lifenatura.com\\\/es\\\/#\\\/schema\\\/logo\\\/image\\\/\",\"url\":\"https:\\\/\\\/www.lifenatura.com\\\/wp-content\\\/uploads\\\/2021\\\/07\\\/logo.png\",\"contentUrl\":\"https:\\\/\\\/www.lifenatura.com\\\/wp-content\\\/uploads\\\/2021\\\/07\\\/logo.png\",\"width\":175,\"height\":55,\"caption\":\"Lifenatura\"},\"image\":{\"@id\":\"https:\\\/\\\/www.lifenatura.com\\\/es\\\/#\\\/schema\\\/logo\\\/image\\\/\"},\"sameAs\":[\"https:\\\/\\\/www.facebook.com\\\/lifenatura\",\"https:\\\/\\\/www.instagram.com\\\/lifenaturapt\\\/\"],\"hasMerchantReturnPolicy\":{\"@type\":\"MerchantReturnPolicy\",\"merchantReturnLink\":\"https:\\\/\\\/www.lifenatura.com\\\/termos-condicoes-lifenatura\\\/\"}}]}<\/script>\n<meta property=\"product:price:amount\" content=\"8.72\" \/>\n<meta property=\"product:price:currency\" content=\"EUR\" \/>\n<meta property=\"og:availability\" content=\"instock\" \/>\n<meta property=\"product:availability\" content=\"instock\" \/>\n<meta property=\"product:retailer_item_id\" content=\"23510000001\" \/>\n<meta property=\"product:condition\" content=\"new\" \/>\n<!-- \/ Yoast SEO Premium plugin. -->","yoast_head_json":{"title":"Schisandra Bio polvo 50g - Salud Viva - Na Lifenatura ao Melhor Pre\u00e7o | Envio em 48h","description":"Schisandra Bio Polvo Salud Viva - Superfruta adapt\u00f3gena rica en antioxidantes. Favorece el h\u00edgado, la energ\u00eda, la concentraci\u00f3n y el equilibrio natural.","robots":{"index":"index","follow":"follow","max-snippet":"max-snippet:-1","max-image-preview":"max-image-preview:large","max-video-preview":"max-video-preview:-1"},"canonical":"https:\/\/www.lifenatura.com\/es\/produto\/schisandra-bio-polvo-50g-salud-viva\/","og_locale":"es_ES","og_type":"article","og_title":"Schisandra Bio polvo 50g - Salud Viva - Na Lifenatura ao Melhor Pre\u00e7o | Envio 48h","og_description":"Compre Schisandra Bio polvo 50g - Salud Viva com envio r\u00e1pido. Entrega em 48h e portes gr\u00e1tis em compras >35\u20ac. Aproveite j\u00e1 na Lifenatura","og_url":"https:\/\/www.lifenatura.com\/es\/produto\/schisandra-bio-polvo-50g-salud-viva\/","og_site_name":"Lifenatura","article_publisher":"https:\/\/www.facebook.com\/lifenatura","article_modified_time":"2025-09-22T13:00:44+00:00","og_image":[{"width":1000,"height":1000,"url":"https:\/\/www.lifenatura.com\/wp-content\/uploads\/2025\/05\/schisandra-em-po-50g-salud-viva.jpg","type":"image\/jpeg"}],"twitter_card":"summary_large_image","twitter_misc":{"Precio":"8,72&nbsp;&euro;","Disponibilidad":"Disponible"},"schema":{"@context":"https:\/\/schema.org","@graph":[{"@type":"WebPage","@id":"https:\/\/www.lifenatura.com\/es\/produto\/schisandra-bio-polvo-50g-salud-viva\/","url":"https:\/\/www.lifenatura.com\/es\/produto\/schisandra-bio-polvo-50g-salud-viva\/","name":"Schisandra Bio polvo 50g - Salud Viva - Na Lifenatura ao Melhor Pre\u00e7o | Envio em 48h","isPartOf":{"@id":"https:\/\/www.lifenatura.com\/es\/#website"},"primaryImageOfPage":{"@id":"https:\/\/www.lifenatura.com\/es\/produto\/schisandra-bio-polvo-50g-salud-viva\/#primaryimage"},"image":{"@id":"https:\/\/www.lifenatura.com\/es\/produto\/schisandra-bio-polvo-50g-salud-viva\/#primaryimage"},"thumbnailUrl":"https:\/\/www.lifenatura.com\/wp-content\/uploads\/2025\/05\/schisandra-em-po-50g-salud-viva.jpg","datePublished":"2025-05-13T14:05:19+00:00","dateModified":"2025-09-22T13:00:44+00:00","description":"Schisandra Bio Polvo Salud Viva - Superfruta adapt\u00f3gena rica en antioxidantes. Favorece el h\u00edgado, la energ\u00eda, la concentraci\u00f3n y el equilibrio natural.","breadcrumb":{"@id":"https:\/\/www.lifenatura.com\/es\/produto\/schisandra-bio-polvo-50g-salud-viva\/#breadcrumb"},"inLanguage":"es","potentialAction":[{"@type":"ReadAction","target":["https:\/\/www.lifenatura.com\/es\/produto\/schisandra-bio-polvo-50g-salud-viva\/"]}]},{"@type":"ImageObject","inLanguage":"es","@id":"https:\/\/www.lifenatura.com\/es\/produto\/schisandra-bio-polvo-50g-salud-viva\/#primaryimage","url":"https:\/\/www.lifenatura.com\/wp-content\/uploads\/2025\/05\/schisandra-em-po-50g-salud-viva.jpg","contentUrl":"https:\/\/www.lifenatura.com\/wp-content\/uploads\/2025\/05\/schisandra-em-po-50g-salud-viva.jpg","width":1000,"height":1000},{"@type":"BreadcrumbList","@id":"https:\/\/www.lifenatura.com\/es\/produto\/schisandra-bio-polvo-50g-salud-viva\/#breadcrumb","itemListElement":[{"@type":"ListItem","position":1,"name":"In\u00edcio","item":"https:\/\/www.lifenatura.com\/es\/"},{"@type":"ListItem","position":2,"name":"Todos los Productos","item":"https:\/\/www.lifenatura.com\/es\/tienda\/"},{"@type":"ListItem","position":3,"name":"Schisandra Bio polvo 50g &#8211; Salud Viva"}]},{"@type":"WebSite","@id":"https:\/\/www.lifenatura.com\/es\/#website","url":"https:\/\/www.lifenatura.com\/es\/","name":"Lifenatura","description":"A Lifenatura \u00e9 uma loja de produtos naturais, cosm\u00e9tica natural e alimenta\u00e7\u00e3o Biol\u00f3gica.","publisher":{"@id":"https:\/\/www.lifenatura.com\/es\/#organization"},"potentialAction":[{"@type":"SearchAction","target":{"@type":"EntryPoint","urlTemplate":"https:\/\/www.lifenatura.com\/es\/?s={search_term_string}"},"query-input":{"@type":"PropertyValueSpecification","valueRequired":true,"valueName":"search_term_string"}}],"inLanguage":"es"},{"@type":"Organization","@id":"https:\/\/www.lifenatura.com\/es\/#organization","name":"Lifenatura","url":"https:\/\/www.lifenatura.com\/es\/","logo":{"@type":"ImageObject","inLanguage":"es","@id":"https:\/\/www.lifenatura.com\/es\/#\/schema\/logo\/image\/","url":"https:\/\/www.lifenatura.com\/wp-content\/uploads\/2021\/07\/logo.png","contentUrl":"https:\/\/www.lifenatura.com\/wp-content\/uploads\/2021\/07\/logo.png","width":175,"height":55,"caption":"Lifenatura"},"image":{"@id":"https:\/\/www.lifenatura.com\/es\/#\/schema\/logo\/image\/"},"sameAs":["https:\/\/www.facebook.com\/lifenatura","https:\/\/www.instagram.com\/lifenaturapt\/"],"hasMerchantReturnPolicy":{"@type":"MerchantReturnPolicy","merchantReturnLink":"https:\/\/www.lifenatura.com\/termos-condicoes-lifenatura\/"}}]},"product_price_amount":"8.72","product_price_currency":"EUR","og_availability":"instock","product_availability":"instock","product_retailer_item_id":"23510000001","product_condition":"new"},"df_price":8.72,"df_sale_price":"","df_regular_price":8.72,"df_image_link":"https:\/\/www.lifenatura.com\/wp-content\/uploads\/2025\/05\/schisandra-em-po-50g-salud-viva-300x300.jpg","_links":{"self":[{"href":"https:\/\/www.lifenatura.com\/es\/wp-json\/wp\/v2\/product\/116374","targetHints":{"allow":["GET"]}}],"collection":[{"href":"https:\/\/www.lifenatura.com\/es\/wp-json\/wp\/v2\/product"}],"about":[{"href":"https:\/\/www.lifenatura.com\/es\/wp-json\/wp\/v2\/types\/product"}],"wp:featuredmedia":[{"embeddable":true,"href":"https:\/\/www.lifenatura.com\/es\/wp-json\/wp\/v2\/media\/111399"}],"wp:attachment":[{"href":"https:\/\/www.lifenatura.com\/es\/wp-json\/wp\/v2\/media?parent=116374"}],"wp:term":[{"taxonomy":"product_brand","embeddable":true,"href":"https:\/\/www.lifenatura.com\/es\/wp-json\/wp\/v2\/product_brand?post=116374"},{"taxonomy":"product_cat","embeddable":true,"href":"https:\/\/www.lifenatura.com\/es\/wp-json\/wp\/v2\/product_cat?post=116374"},{"taxonomy":"product_tag","embeddable":true,"href":"https:\/\/www.lifenatura.com\/es\/wp-json\/wp\/v2\/product_tag?post=116374"}],"curies":[{"name":"wp","href":"https:\/\/api.w.org\/{rel}","templated":true}]}}