{"id":116372,"date":"2025-05-13T14:04:28","date_gmt":"2025-05-13T14:04:28","guid":{"rendered":"https:\/\/www.lifenatura.com\/produto\/maca-roja-gelatinizada-250g-salud-viva\/"},"modified":"2025-09-19T07:03:14","modified_gmt":"2025-09-19T07:03:14","slug":"maca-roja-gelatinizada-250g-salud-viva","status":"publish","type":"product","link":"https:\/\/www.lifenatura.com\/es\/produto\/maca-roja-gelatinizada-250g-salud-viva\/","title":{"rendered":"Maca Roja Gelatinizada 250g &#8211; Salud Viva"},"content":{"rendered":"<h2 style=\"text-align: left;\" data-start=\"180\" data-end=\"229\"><strong>Maca Roja Gelatinizada &#8211; Salud Viva<\/strong><\/h2>\n<p>&nbsp;<\/p>\n<p style=\"text-align: left;\" data-start=\"180\" data-end=\"229\"><strong data-start=\"306\" data-end=\"350\">La Maca Roja Gelatinizada de Salud Viva<\/strong> es un superalimento 100% natural y org\u00e1nico procedente de los altos Andes de Per\u00fa. Reconocida como la variedad de maca m\u00e1s beneficiosa para el <strong data-start=\"501\" data-end=\"533\">equilibrio hormonal femenino<\/strong> y la <strong data-start=\"543\" data-end=\"558\">salud \u00f3sea<\/strong>, la maca roja tambi\u00e9n destaca por su efecto revitalizante y adapt\u00f3geno, que ayuda al organismo a adaptarse al estr\u00e9s f\u00edsico y emocional.<\/p>\n<p data-start=\"708\" data-end=\"1082\">El proceso <strong data-start=\"722\" data-end=\"739\">de gelatinizaci\u00f3n<\/strong> elimina el almid\u00f3n de la ra\u00edz, haci\u00e9ndola <strong data-start=\"775\" data-end=\"819\">m\u00e1s digerible y de absorci\u00f3n m\u00e1s r\u00e1pida<\/strong>, al tiempo que conserva todos los nutrientes esenciales. Rica en <strong data-start=\"873\" data-end=\"932\">hierro, calcio, magnesio, zinc y antioxidantes naturales<\/strong>, esta maca es ideal para mantener <strong data-start=\"966\" data-end=\"1008\">la energ\u00eda y la resistencia f\u00edsica y mental<\/strong>, y para fomentar <strong data-start=\"1028\" data-end=\"1079\">el bienestar durante la menopausia y la premenopausia<\/strong>.<\/p>\n<p data-start=\"1084\" data-end=\"1213\">Con su sabor suave y agradable, se puede incorporar f\u00e1cilmente a batidos, gachas, bebidas vegetales, yogures o recetas saludables.<\/p>\n<p data-start=\"1215\" data-end=\"1241\"><strong>Principales ventajas:<\/strong><\/p>\n<ul data-start=\"1242\" data-end=\"1586\">\n<li data-start=\"1242\" data-end=\"1306\">\n<p data-start=\"1244\" data-end=\"1306\"><strong data-start=\"1244\" data-end=\"1276\">Equilibra el sistema hormonal<\/strong>, especialmente en las mujeres;<\/p>\n<\/li>\n<li data-start=\"1307\" data-end=\"1357\">\n<p data-start=\"1309\" data-end=\"1357\">Favorece <strong data-start=\"1317\" data-end=\"1354\">la salud \u00f3sea y la densidad mineral<\/strong>;<\/p>\n<\/li>\n<li data-start=\"1358\" data-end=\"1412\">\n<p data-start=\"1360\" data-end=\"1412\">Aporta <strong data-start=\"1368\" data-end=\"1392\">energ\u00eda y vitalidad<\/strong> de forma natural;<\/p>\n<\/li>\n<li data-start=\"1413\" data-end=\"1485\">\n<p data-start=\"1415\" data-end=\"1485\">Propiedades <strong data-start=\"1428\" data-end=\"1445\">adapt\u00f3genas<\/strong> que ayudan a resistir el estr\u00e9s;<\/p>\n<\/li>\n<li data-start=\"1486\" data-end=\"1534\">\n<p data-start=\"1488\" data-end=\"1534\">Rico en minerales esenciales y antioxidantes;<\/p>\n<\/li>\n<li data-start=\"1535\" data-end=\"1586\">\n<p data-start=\"1537\" data-end=\"1586\"><strong data-start=\"1537\" data-end=\"1553\">Gelatinizado<\/strong> para una mejor digesti\u00f3n y absorci\u00f3n.<\/p>\n<\/li>\n<\/ul>\n<p data-start=\"1588\" data-end=\"1605\"><strong>Indicaciones:<\/strong><\/p>\n<p data-start=\"1606\" data-end=\"1671\">La <strong data-start=\"1608\" data-end=\"1652\">Maca Roja Gelatinizada de Salud Viva<\/strong> est\u00e1 indicada para:<\/p>\n<ul data-start=\"1672\" data-end=\"1899\">\n<li data-start=\"1672\" data-end=\"1727\">\n<p data-start=\"1674\" data-end=\"1727\">Mujeres <strong data-start=\"1686\" data-end=\"1724\">menop\u00e1usicas o premenop\u00e1usicas<\/strong>;<\/p>\n<\/li>\n<li data-start=\"1728\" data-end=\"1797\">\n<p data-start=\"1730\" data-end=\"1797\">Personas que buscan <strong data-start=\"1751\" data-end=\"1794\">aumentar su energ\u00eda y resistencia f\u00edsica<\/strong>;<\/p>\n<\/li>\n<li data-start=\"1798\" data-end=\"1845\">\n<p data-start=\"1800\" data-end=\"1845\">Quienes necesitan un apoyo hormonal natural;<\/p>\n<\/li>\n<li data-start=\"1846\" data-end=\"1899\">\n<p data-start=\"1848\" data-end=\"1899\">Dietas veganas, sin gluten y de nutrici\u00f3n funcional.<\/p>\n<\/li>\n<\/ul>\n<p><strong>Presentaci\u00f3n:<\/strong><\/p>\n<p>250g<\/p>\n<p>&nbsp;<\/p>\n","protected":false},"excerpt":{"rendered":"<p>Salud Viva Maca Roja Gelatinizada &#8211; Apoyo hormonal femenino, energ\u00eda y salud \u00f3sea. F\u00e1cil de digerir, 100% natural y ecol\u00f3gica. [&#8230;]<\/p>\n<p><a class=\"btn btn-secondary understrap-read-more-link\" href=\"https:\/\/www.lifenatura.com\/es\/produto\/maca-roja-gelatinizada-250g-salud-viva\/\">Leer m\u00e1s&#8230;<span class=\"screen-reader-text\"> from Maca Roja Gelatinizada 250g &#8211; Salud Viva<\/span><\/a><\/p>\n","protected":false},"featured_media":111491,"template":"","meta":{"_acf_changed":false},"product_brand":[8295],"product_cat":[7064,7737,7074,7100],"product_tag":[],"class_list":{"0":"post-116372","1":"product","2":"type-product","3":"status-publish","4":"has-post-thumbnail","6":"product_brand-salud-viva","7":"product_cat-alimentacion-sana","8":"product_cat-maca-es","9":"product_cat-productos-alimenticios","10":"product_cat-superalimentos-bio","12":"first","13":"instock","14":"shipping-taxable","15":"purchasable","16":"product-type-simple","17":"add-to-wishlist-before_image"},"acf":[],"yoast_head":"<!-- This site is optimized with the Yoast SEO Premium plugin v27.1 (Yoast SEO v27.5) - https:\/\/yoast.com\/product\/yoast-seo-premium-wordpress\/ -->\n<title>Maca Roja Gelatinizada 250g - Salud Viva - Na Lifenatura ao Melhor Pre\u00e7o | Envio em 48h<\/title>\n<meta name=\"description\" content=\"Salud Viva Maca Roja Gelatinizada - Apoyo hormonal femenino, energ\u00eda y salud \u00f3sea. F\u00e1cil de digerir, 100% natural y ecol\u00f3gica.\" \/>\n<meta name=\"robots\" content=\"index, follow, max-snippet:-1, max-image-preview:large, max-video-preview:-1\" \/>\n<link rel=\"canonical\" href=\"https:\/\/www.lifenatura.com\/es\/produto\/maca-roja-gelatinizada-250g-salud-viva\/\" \/>\n<meta property=\"og:locale\" content=\"es_ES\" \/>\n<meta property=\"og:type\" content=\"article\" \/>\n<meta property=\"og:title\" content=\"Maca Roja Gelatinizada 250g - Salud Viva - Na Lifenatura ao Melhor Pre\u00e7o | Envio 48h\" \/>\n<meta property=\"og:description\" content=\"Compre Maca Roja Gelatinizada 250g - Salud Viva com envio r\u00e1pido. Entrega em 48h e portes gr\u00e1tis em compras &gt;35\u20ac. Aproveite j\u00e1 na Lifenatura\" \/>\n<meta property=\"og:url\" content=\"https:\/\/www.lifenatura.com\/es\/produto\/maca-roja-gelatinizada-250g-salud-viva\/\" \/>\n<meta property=\"og:site_name\" content=\"Lifenatura\" \/>\n<meta property=\"article:publisher\" content=\"https:\/\/www.facebook.com\/lifenatura\" \/>\n<meta property=\"article:modified_time\" content=\"2025-09-19T07:03:14+00:00\" \/>\n<meta property=\"og:image\" content=\"https:\/\/www.lifenatura.com\/wp-content\/uploads\/2025\/05\/maca-vermelha-250g-salud-viva.jpg\" \/>\n\t<meta property=\"og:image:width\" content=\"1000\" \/>\n\t<meta property=\"og:image:height\" content=\"1000\" \/>\n\t<meta property=\"og:image:type\" content=\"image\/jpeg\" \/>\n<meta name=\"twitter:card\" content=\"summary_large_image\" \/>\n<meta name=\"twitter:label1\" content=\"Precio\" \/>\n\t<meta name=\"twitter:data1\" content=\"14,51&nbsp;&euro;\" \/>\n\t<meta name=\"twitter:label2\" content=\"Disponibilidad\" \/>\n\t<meta name=\"twitter:data2\" content=\"Disponible\" \/>\n<script type=\"application\/ld+json\" class=\"yoast-schema-graph\">{\"@context\":\"https:\\\/\\\/schema.org\",\"@graph\":[{\"@type\":\"WebPage\",\"@id\":\"https:\\\/\\\/www.lifenatura.com\\\/es\\\/produto\\\/maca-roja-gelatinizada-250g-salud-viva\\\/\",\"url\":\"https:\\\/\\\/www.lifenatura.com\\\/es\\\/produto\\\/maca-roja-gelatinizada-250g-salud-viva\\\/\",\"name\":\"Maca Roja Gelatinizada 250g - Salud Viva - Na Lifenatura ao Melhor Pre\u00e7o | Envio em 48h\",\"isPartOf\":{\"@id\":\"https:\\\/\\\/www.lifenatura.com\\\/es\\\/#website\"},\"primaryImageOfPage\":{\"@id\":\"https:\\\/\\\/www.lifenatura.com\\\/es\\\/produto\\\/maca-roja-gelatinizada-250g-salud-viva\\\/#primaryimage\"},\"image\":{\"@id\":\"https:\\\/\\\/www.lifenatura.com\\\/es\\\/produto\\\/maca-roja-gelatinizada-250g-salud-viva\\\/#primaryimage\"},\"thumbnailUrl\":\"https:\\\/\\\/www.lifenatura.com\\\/wp-content\\\/uploads\\\/2025\\\/05\\\/maca-vermelha-250g-salud-viva.jpg\",\"datePublished\":\"2025-05-13T14:04:28+00:00\",\"dateModified\":\"2025-09-19T07:03:14+00:00\",\"description\":\"Salud Viva Maca Roja Gelatinizada - Apoyo hormonal femenino, energ\u00eda y salud \u00f3sea. F\u00e1cil de digerir, 100% natural y ecol\u00f3gica.\",\"breadcrumb\":{\"@id\":\"https:\\\/\\\/www.lifenatura.com\\\/es\\\/produto\\\/maca-roja-gelatinizada-250g-salud-viva\\\/#breadcrumb\"},\"inLanguage\":\"es\",\"potentialAction\":[{\"@type\":\"ReadAction\",\"target\":[\"https:\\\/\\\/www.lifenatura.com\\\/es\\\/produto\\\/maca-roja-gelatinizada-250g-salud-viva\\\/\"]}]},{\"@type\":\"ImageObject\",\"inLanguage\":\"es\",\"@id\":\"https:\\\/\\\/www.lifenatura.com\\\/es\\\/produto\\\/maca-roja-gelatinizada-250g-salud-viva\\\/#primaryimage\",\"url\":\"https:\\\/\\\/www.lifenatura.com\\\/wp-content\\\/uploads\\\/2025\\\/05\\\/maca-vermelha-250g-salud-viva.jpg\",\"contentUrl\":\"https:\\\/\\\/www.lifenatura.com\\\/wp-content\\\/uploads\\\/2025\\\/05\\\/maca-vermelha-250g-salud-viva.jpg\",\"width\":1000,\"height\":1000},{\"@type\":\"BreadcrumbList\",\"@id\":\"https:\\\/\\\/www.lifenatura.com\\\/es\\\/produto\\\/maca-roja-gelatinizada-250g-salud-viva\\\/#breadcrumb\",\"itemListElement\":[{\"@type\":\"ListItem\",\"position\":1,\"name\":\"In\u00edcio\",\"item\":\"https:\\\/\\\/www.lifenatura.com\\\/es\\\/\"},{\"@type\":\"ListItem\",\"position\":2,\"name\":\"Todos los Productos\",\"item\":\"https:\\\/\\\/www.lifenatura.com\\\/es\\\/tienda\\\/\"},{\"@type\":\"ListItem\",\"position\":3,\"name\":\"Maca Roja Gelatinizada 250g &#8211; Salud Viva\"}]},{\"@type\":\"WebSite\",\"@id\":\"https:\\\/\\\/www.lifenatura.com\\\/es\\\/#website\",\"url\":\"https:\\\/\\\/www.lifenatura.com\\\/es\\\/\",\"name\":\"Lifenatura\",\"description\":\"A Lifenatura \u00e9 uma loja de produtos naturais, cosm\u00e9tica natural e alimenta\u00e7\u00e3o Biol\u00f3gica.\",\"publisher\":{\"@id\":\"https:\\\/\\\/www.lifenatura.com\\\/es\\\/#organization\"},\"potentialAction\":[{\"@type\":\"SearchAction\",\"target\":{\"@type\":\"EntryPoint\",\"urlTemplate\":\"https:\\\/\\\/www.lifenatura.com\\\/es\\\/?s={search_term_string}\"},\"query-input\":{\"@type\":\"PropertyValueSpecification\",\"valueRequired\":true,\"valueName\":\"search_term_string\"}}],\"inLanguage\":\"es\"},{\"@type\":\"Organization\",\"@id\":\"https:\\\/\\\/www.lifenatura.com\\\/es\\\/#organization\",\"name\":\"Lifenatura\",\"url\":\"https:\\\/\\\/www.lifenatura.com\\\/es\\\/\",\"logo\":{\"@type\":\"ImageObject\",\"inLanguage\":\"es\",\"@id\":\"https:\\\/\\\/www.lifenatura.com\\\/es\\\/#\\\/schema\\\/logo\\\/image\\\/\",\"url\":\"https:\\\/\\\/www.lifenatura.com\\\/wp-content\\\/uploads\\\/2021\\\/07\\\/logo.png\",\"contentUrl\":\"https:\\\/\\\/www.lifenatura.com\\\/wp-content\\\/uploads\\\/2021\\\/07\\\/logo.png\",\"width\":175,\"height\":55,\"caption\":\"Lifenatura\"},\"image\":{\"@id\":\"https:\\\/\\\/www.lifenatura.com\\\/es\\\/#\\\/schema\\\/logo\\\/image\\\/\"},\"sameAs\":[\"https:\\\/\\\/www.facebook.com\\\/lifenatura\",\"https:\\\/\\\/www.instagram.com\\\/lifenaturapt\\\/\"],\"hasMerchantReturnPolicy\":{\"@type\":\"MerchantReturnPolicy\",\"merchantReturnLink\":\"https:\\\/\\\/www.lifenatura.com\\\/termos-condicoes-lifenatura\\\/\"}}]}<\/script>\n<meta property=\"product:price:amount\" content=\"14.51\" \/>\n<meta property=\"product:price:currency\" content=\"EUR\" \/>\n<meta property=\"og:availability\" content=\"instock\" \/>\n<meta property=\"product:availability\" content=\"instock\" \/>\n<meta property=\"product:retailer_item_id\" content=\"26030000001\" \/>\n<meta property=\"product:condition\" content=\"new\" \/>\n<!-- \/ Yoast SEO Premium plugin. -->","yoast_head_json":{"title":"Maca Roja Gelatinizada 250g - Salud Viva - Na Lifenatura ao Melhor Pre\u00e7o | Envio em 48h","description":"Salud Viva Maca Roja Gelatinizada - Apoyo hormonal femenino, energ\u00eda y salud \u00f3sea. F\u00e1cil de digerir, 100% natural y ecol\u00f3gica.","robots":{"index":"index","follow":"follow","max-snippet":"max-snippet:-1","max-image-preview":"max-image-preview:large","max-video-preview":"max-video-preview:-1"},"canonical":"https:\/\/www.lifenatura.com\/es\/produto\/maca-roja-gelatinizada-250g-salud-viva\/","og_locale":"es_ES","og_type":"article","og_title":"Maca Roja Gelatinizada 250g - Salud Viva - Na Lifenatura ao Melhor Pre\u00e7o | Envio 48h","og_description":"Compre Maca Roja Gelatinizada 250g - Salud Viva com envio r\u00e1pido. Entrega em 48h e portes gr\u00e1tis em compras >35\u20ac. Aproveite j\u00e1 na Lifenatura","og_url":"https:\/\/www.lifenatura.com\/es\/produto\/maca-roja-gelatinizada-250g-salud-viva\/","og_site_name":"Lifenatura","article_publisher":"https:\/\/www.facebook.com\/lifenatura","article_modified_time":"2025-09-19T07:03:14+00:00","og_image":[{"width":1000,"height":1000,"url":"https:\/\/www.lifenatura.com\/wp-content\/uploads\/2025\/05\/maca-vermelha-250g-salud-viva.jpg","type":"image\/jpeg"}],"twitter_card":"summary_large_image","twitter_misc":{"Precio":"14,51&nbsp;&euro;","Disponibilidad":"Disponible"},"schema":{"@context":"https:\/\/schema.org","@graph":[{"@type":"WebPage","@id":"https:\/\/www.lifenatura.com\/es\/produto\/maca-roja-gelatinizada-250g-salud-viva\/","url":"https:\/\/www.lifenatura.com\/es\/produto\/maca-roja-gelatinizada-250g-salud-viva\/","name":"Maca Roja Gelatinizada 250g - Salud Viva - Na Lifenatura ao Melhor Pre\u00e7o | Envio em 48h","isPartOf":{"@id":"https:\/\/www.lifenatura.com\/es\/#website"},"primaryImageOfPage":{"@id":"https:\/\/www.lifenatura.com\/es\/produto\/maca-roja-gelatinizada-250g-salud-viva\/#primaryimage"},"image":{"@id":"https:\/\/www.lifenatura.com\/es\/produto\/maca-roja-gelatinizada-250g-salud-viva\/#primaryimage"},"thumbnailUrl":"https:\/\/www.lifenatura.com\/wp-content\/uploads\/2025\/05\/maca-vermelha-250g-salud-viva.jpg","datePublished":"2025-05-13T14:04:28+00:00","dateModified":"2025-09-19T07:03:14+00:00","description":"Salud Viva Maca Roja Gelatinizada - Apoyo hormonal femenino, energ\u00eda y salud \u00f3sea. F\u00e1cil de digerir, 100% natural y ecol\u00f3gica.","breadcrumb":{"@id":"https:\/\/www.lifenatura.com\/es\/produto\/maca-roja-gelatinizada-250g-salud-viva\/#breadcrumb"},"inLanguage":"es","potentialAction":[{"@type":"ReadAction","target":["https:\/\/www.lifenatura.com\/es\/produto\/maca-roja-gelatinizada-250g-salud-viva\/"]}]},{"@type":"ImageObject","inLanguage":"es","@id":"https:\/\/www.lifenatura.com\/es\/produto\/maca-roja-gelatinizada-250g-salud-viva\/#primaryimage","url":"https:\/\/www.lifenatura.com\/wp-content\/uploads\/2025\/05\/maca-vermelha-250g-salud-viva.jpg","contentUrl":"https:\/\/www.lifenatura.com\/wp-content\/uploads\/2025\/05\/maca-vermelha-250g-salud-viva.jpg","width":1000,"height":1000},{"@type":"BreadcrumbList","@id":"https:\/\/www.lifenatura.com\/es\/produto\/maca-roja-gelatinizada-250g-salud-viva\/#breadcrumb","itemListElement":[{"@type":"ListItem","position":1,"name":"In\u00edcio","item":"https:\/\/www.lifenatura.com\/es\/"},{"@type":"ListItem","position":2,"name":"Todos los Productos","item":"https:\/\/www.lifenatura.com\/es\/tienda\/"},{"@type":"ListItem","position":3,"name":"Maca Roja Gelatinizada 250g &#8211; Salud Viva"}]},{"@type":"WebSite","@id":"https:\/\/www.lifenatura.com\/es\/#website","url":"https:\/\/www.lifenatura.com\/es\/","name":"Lifenatura","description":"A Lifenatura \u00e9 uma loja de produtos naturais, cosm\u00e9tica natural e alimenta\u00e7\u00e3o Biol\u00f3gica.","publisher":{"@id":"https:\/\/www.lifenatura.com\/es\/#organization"},"potentialAction":[{"@type":"SearchAction","target":{"@type":"EntryPoint","urlTemplate":"https:\/\/www.lifenatura.com\/es\/?s={search_term_string}"},"query-input":{"@type":"PropertyValueSpecification","valueRequired":true,"valueName":"search_term_string"}}],"inLanguage":"es"},{"@type":"Organization","@id":"https:\/\/www.lifenatura.com\/es\/#organization","name":"Lifenatura","url":"https:\/\/www.lifenatura.com\/es\/","logo":{"@type":"ImageObject","inLanguage":"es","@id":"https:\/\/www.lifenatura.com\/es\/#\/schema\/logo\/image\/","url":"https:\/\/www.lifenatura.com\/wp-content\/uploads\/2021\/07\/logo.png","contentUrl":"https:\/\/www.lifenatura.com\/wp-content\/uploads\/2021\/07\/logo.png","width":175,"height":55,"caption":"Lifenatura"},"image":{"@id":"https:\/\/www.lifenatura.com\/es\/#\/schema\/logo\/image\/"},"sameAs":["https:\/\/www.facebook.com\/lifenatura","https:\/\/www.instagram.com\/lifenaturapt\/"],"hasMerchantReturnPolicy":{"@type":"MerchantReturnPolicy","merchantReturnLink":"https:\/\/www.lifenatura.com\/termos-condicoes-lifenatura\/"}}]},"product_price_amount":"14.51","product_price_currency":"EUR","og_availability":"instock","product_availability":"instock","product_retailer_item_id":"26030000001","product_condition":"new"},"df_price":14.51,"df_sale_price":"","df_regular_price":14.51,"df_image_link":"https:\/\/www.lifenatura.com\/wp-content\/uploads\/2025\/05\/maca-vermelha-250g-salud-viva-300x300.jpg","_links":{"self":[{"href":"https:\/\/www.lifenatura.com\/es\/wp-json\/wp\/v2\/product\/116372","targetHints":{"allow":["GET"]}}],"collection":[{"href":"https:\/\/www.lifenatura.com\/es\/wp-json\/wp\/v2\/product"}],"about":[{"href":"https:\/\/www.lifenatura.com\/es\/wp-json\/wp\/v2\/types\/product"}],"wp:featuredmedia":[{"embeddable":true,"href":"https:\/\/www.lifenatura.com\/es\/wp-json\/wp\/v2\/media\/111491"}],"wp:attachment":[{"href":"https:\/\/www.lifenatura.com\/es\/wp-json\/wp\/v2\/media?parent=116372"}],"wp:term":[{"taxonomy":"product_brand","embeddable":true,"href":"https:\/\/www.lifenatura.com\/es\/wp-json\/wp\/v2\/product_brand?post=116372"},{"taxonomy":"product_cat","embeddable":true,"href":"https:\/\/www.lifenatura.com\/es\/wp-json\/wp\/v2\/product_cat?post=116372"},{"taxonomy":"product_tag","embeddable":true,"href":"https:\/\/www.lifenatura.com\/es\/wp-json\/wp\/v2\/product_tag?post=116372"}],"curies":[{"name":"wp","href":"https:\/\/api.w.org\/{rel}","templated":true}]}}