{"id":116370,"date":"2025-05-13T14:04:27","date_gmt":"2025-05-13T14:04:27","guid":{"rendered":"https:\/\/www.lifenatura.com\/produto\/maca-gelatinizada-premium-bio-250g-salud-viva\/"},"modified":"2025-09-19T07:02:13","modified_gmt":"2025-09-19T07:02:13","slug":"maca-gelatinizada-premium-bio-250g-salud-viva","status":"publish","type":"product","link":"https:\/\/www.lifenatura.com\/es\/produto\/maca-gelatinizada-premium-bio-250g-salud-viva\/","title":{"rendered":"Maca gelatinizada Premium Bio 250g &#8211; Salud viva"},"content":{"rendered":"<h2 style=\"text-align: left;\" data-start=\"190\" data-end=\"242\"><strong>Maca Gelatinizada Bio Premium &#8211; Salud Viva<\/strong><\/h2>\n<p>&nbsp;<\/p>\n<p style=\"text-align: left;\" data-start=\"190\" data-end=\"242\"><strong data-start=\"313\" data-end=\"360\">La Maca Bio Gelatinizada Premium de Salud Viva<\/strong> es un superalimento 100% ecol\u00f3gico obtenido de la ra\u00edz de maca<em data-start=\"429\" data-end=\"447\">(Lepidium meyenii<\/em>), cultivada en los Andes peruanos a m\u00e1s de 3.500 metros de altitud. Esta f\u00f3rmula premium combina las tres variedades de maca <strong data-start=\"573\" data-end=\"602\">-amarilla, roja y negra<\/strong> &#8211; proporcionando un perfil nutricional equilibrado y completo.<\/p>\n<p style=\"text-align: left;\" data-start=\"669\" data-end=\"1076\">El proceso de <strong data-start=\"683\" data-end=\"700\">gelatinizaci\u00f3n<\/strong> elimina el almid\u00f3n de la ra\u00edz, haciendo que el producto sea <strong data-start=\"744\" data-end=\"800\">m\u00e1s ligero, f\u00e1cil de digerir y con una absorci\u00f3n superior<\/strong>, sin perder sus propiedades nutritivas. Rica en <strong data-start=\"856\" data-end=\"905\">minerales como hierro, calcio, potasio y zinc<\/strong>, amino\u00e1cidos esenciales y compuestos adapt\u00f3genos, la maca est\u00e1 reconocida por su efecto positivo sobre <strong data-start=\"1006\" data-end=\"1073\">la energ\u00eda, la resistencia f\u00edsica, el equilibrio hormonal y la salud sexual<\/strong>.<\/p>\n<p style=\"text-align: left;\" data-start=\"1078\" data-end=\"1259\">Con su sabor suave y terroso, la maca gelatinizada puede a\u00f1adirse a batidos, gachas, yogures, bebidas vegetales o recetas saludables, lo que facilita su integraci\u00f3n en la vida cotidiana.<\/p>\n<p style=\"text-align: left;\" data-start=\"1261\" data-end=\"1287\"><strong>Principales ventajas:<\/strong><\/p>\n<ul style=\"text-align: left;\" data-start=\"1288\" data-end=\"1618\">\n<li data-start=\"1288\" data-end=\"1352\">\n<p data-start=\"1290\" data-end=\"1352\"><strong data-start=\"1290\" data-end=\"1332\">Aumenta la energ\u00eda y la resistencia f\u00edsica<\/strong> de forma natural;<\/p>\n<\/li>\n<li data-start=\"1353\" data-end=\"1411\">\n<p data-start=\"1355\" data-end=\"1411\">Favorece <strong data-start=\"1363\" data-end=\"1386\">el equilibrio hormonal<\/strong> y la salud reproductiva;<\/p>\n<\/li>\n<li data-start=\"1412\" data-end=\"1459\">\n<p data-start=\"1414\" data-end=\"1459\">Contribuye a la <strong data-start=\"1431\" data-end=\"1456\">claridad mental y a la concentraci\u00f3n<\/strong>;<\/p>\n<\/li>\n<li data-start=\"1460\" data-end=\"1506\">\n<p data-start=\"1462\" data-end=\"1506\">Rico en minerales y amino\u00e1cidos esenciales;<\/p>\n<\/li>\n<li data-start=\"1507\" data-end=\"1560\">\n<p data-start=\"1509\" data-end=\"1560\"><strong data-start=\"1509\" data-end=\"1525\">Gelatinizado<\/strong> para una mejor digesti\u00f3n y absorci\u00f3n;<\/p>\n<\/li>\n<li data-start=\"1561\" data-end=\"1618\">\n<p data-start=\"1563\" data-end=\"1618\"><strong data-start=\"1571\" data-end=\"1617\">Ecol\u00f3gico, vegano, sin gluten y sin lactosa<\/strong>.<\/p>\n<\/li>\n<\/ul>\n<p style=\"text-align: left;\" data-start=\"1620\" data-end=\"1637\"><strong>Indicaciones:<\/strong><\/p>\n<p style=\"text-align: left;\" data-start=\"1638\" data-end=\"1706\"><strong data-start=\"1640\" data-end=\"1687\">La Maca Bio Gelatinizada Premium de Salud Viva<\/strong> es adecuada para<\/p>\n<ul style=\"text-align: left;\" data-start=\"1707\" data-end=\"1910\">\n<li data-start=\"1707\" data-end=\"1751\">\n<p data-start=\"1709\" data-end=\"1751\">Personas con <strong data-start=\"1721\" data-end=\"1748\">fatiga f\u00edsica o mental<\/strong>;<\/p>\n<\/li>\n<li data-start=\"1752\" data-end=\"1823\">\n<p data-start=\"1754\" data-end=\"1823\">Hombres y mujeres que buscan mejorar la <strong data-start=\"1796\" data-end=\"1820\">fertilidad y la libido<\/strong>;<\/p>\n<\/li>\n<li data-start=\"1824\" data-end=\"1864\">\n<p data-start=\"1826\" data-end=\"1864\">Deportistas y personas con un estilo de vida activo;<\/p>\n<\/li>\n<li data-start=\"1865\" data-end=\"1910\">\n<p data-start=\"1867\" data-end=\"1910\">Dietas funcionales y nutrici\u00f3n preventiva.<\/p>\n<\/li>\n<\/ul>\n<p style=\"text-align: left;\"><strong>Presentaci\u00f3n:<\/strong><\/p>\n<p style=\"text-align: left;\">250g<\/p>\n<p style=\"text-align: left;\">\n","protected":false},"excerpt":{"rendered":"<p>Salud Viva Premium Maca Bio Gelatinizada &#8211; Combinaci\u00f3n de maca amarilla, roja y negra. Energ\u00eda, equilibrio hormonal y vitalidad con una digesti\u00f3n optimizada. [&#8230;]<\/p>\n<p><a class=\"btn btn-secondary understrap-read-more-link\" href=\"https:\/\/www.lifenatura.com\/es\/produto\/maca-gelatinizada-premium-bio-250g-salud-viva\/\">Leer m\u00e1s&#8230;<span class=\"screen-reader-text\"> from Maca gelatinizada Premium Bio 250g &#8211; Salud viva<\/span><\/a><\/p>\n","protected":false},"featured_media":111485,"template":"","meta":{"_acf_changed":false},"product_brand":[8295],"product_cat":[7064,7659,7737,7074,7100],"product_tag":[],"class_list":{"0":"post-116370","1":"product","2":"type-product","3":"status-publish","4":"has-post-thumbnail","6":"product_brand-salud-viva","7":"product_cat-alimentacion-sana","8":"product_cat-ingrediente-natural-bio","9":"product_cat-maca-es","10":"product_cat-productos-alimenticios","11":"product_cat-superalimentos-bio","13":"first","14":"instock","15":"shipping-taxable","16":"purchasable","17":"product-type-simple","18":"add-to-wishlist-before_image"},"acf":[],"yoast_head":"<!-- This site is optimized with the Yoast SEO Premium plugin v27.1 (Yoast SEO v27.5) - https:\/\/yoast.com\/product\/yoast-seo-premium-wordpress\/ -->\n<title>Maca gelatinizada Premium Bio 250g - Salud viva - Na Lifenatura ao Melhor Pre\u00e7o | Envio em 48h<\/title>\n<meta name=\"description\" content=\"Salud Viva Premium Maca Bio Gelatinizada combinaci\u00f3n de maca amarilla, roja y negra. Energ\u00eda, equilibrio hormonal y vitalidad con una digesti\u00f3n optimizada.\" \/>\n<meta name=\"robots\" content=\"index, follow, max-snippet:-1, max-image-preview:large, max-video-preview:-1\" \/>\n<link rel=\"canonical\" href=\"https:\/\/www.lifenatura.com\/es\/produto\/maca-gelatinizada-premium-bio-250g-salud-viva\/\" \/>\n<meta property=\"og:locale\" content=\"es_ES\" \/>\n<meta property=\"og:type\" content=\"article\" \/>\n<meta property=\"og:title\" content=\"Maca gelatinizada Premium Bio 250g - Salud viva - Na Lifenatura ao Melhor Pre\u00e7o | Envio 48h\" \/>\n<meta property=\"og:description\" content=\"Compre Maca gelatinizada Premium Bio 250g - Salud viva com envio r\u00e1pido. Entrega em 48h e portes gr\u00e1tis em compras &gt;35\u20ac. Aproveite j\u00e1 na Lifenatura\" \/>\n<meta property=\"og:url\" content=\"https:\/\/www.lifenatura.com\/es\/produto\/maca-gelatinizada-premium-bio-250g-salud-viva\/\" \/>\n<meta property=\"og:site_name\" content=\"Lifenatura\" \/>\n<meta property=\"article:publisher\" content=\"https:\/\/www.facebook.com\/lifenatura\" \/>\n<meta property=\"article:modified_time\" content=\"2025-09-19T07:02:13+00:00\" \/>\n<meta property=\"og:image\" content=\"https:\/\/www.lifenatura.com\/wp-content\/uploads\/2025\/05\/maca-gelatinizada-premium-250g-salud-viva.jpg\" \/>\n\t<meta property=\"og:image:width\" content=\"1000\" \/>\n\t<meta property=\"og:image:height\" content=\"1000\" \/>\n\t<meta property=\"og:image:type\" content=\"image\/jpeg\" \/>\n<meta name=\"twitter:card\" content=\"summary_large_image\" \/>\n<meta name=\"twitter:label1\" content=\"Precio\" \/>\n\t<meta name=\"twitter:data1\" content=\"18,38&nbsp;&euro;\" \/>\n\t<meta name=\"twitter:label2\" content=\"Disponibilidad\" \/>\n\t<meta name=\"twitter:data2\" content=\"Disponible\" \/>\n<script type=\"application\/ld+json\" class=\"yoast-schema-graph\">{\"@context\":\"https:\\\/\\\/schema.org\",\"@graph\":[{\"@type\":\"WebPage\",\"@id\":\"https:\\\/\\\/www.lifenatura.com\\\/es\\\/produto\\\/maca-gelatinizada-premium-bio-250g-salud-viva\\\/\",\"url\":\"https:\\\/\\\/www.lifenatura.com\\\/es\\\/produto\\\/maca-gelatinizada-premium-bio-250g-salud-viva\\\/\",\"name\":\"Maca gelatinizada Premium Bio 250g - Salud viva - Na Lifenatura ao Melhor Pre\u00e7o | Envio em 48h\",\"isPartOf\":{\"@id\":\"https:\\\/\\\/www.lifenatura.com\\\/es\\\/#website\"},\"primaryImageOfPage\":{\"@id\":\"https:\\\/\\\/www.lifenatura.com\\\/es\\\/produto\\\/maca-gelatinizada-premium-bio-250g-salud-viva\\\/#primaryimage\"},\"image\":{\"@id\":\"https:\\\/\\\/www.lifenatura.com\\\/es\\\/produto\\\/maca-gelatinizada-premium-bio-250g-salud-viva\\\/#primaryimage\"},\"thumbnailUrl\":\"https:\\\/\\\/www.lifenatura.com\\\/wp-content\\\/uploads\\\/2025\\\/05\\\/maca-gelatinizada-premium-250g-salud-viva.jpg\",\"datePublished\":\"2025-05-13T14:04:27+00:00\",\"dateModified\":\"2025-09-19T07:02:13+00:00\",\"description\":\"Salud Viva Premium Maca Bio Gelatinizada combinaci\u00f3n de maca amarilla, roja y negra. Energ\u00eda, equilibrio hormonal y vitalidad con una digesti\u00f3n optimizada.\",\"breadcrumb\":{\"@id\":\"https:\\\/\\\/www.lifenatura.com\\\/es\\\/produto\\\/maca-gelatinizada-premium-bio-250g-salud-viva\\\/#breadcrumb\"},\"inLanguage\":\"es\",\"potentialAction\":[{\"@type\":\"ReadAction\",\"target\":[\"https:\\\/\\\/www.lifenatura.com\\\/es\\\/produto\\\/maca-gelatinizada-premium-bio-250g-salud-viva\\\/\"]}]},{\"@type\":\"ImageObject\",\"inLanguage\":\"es\",\"@id\":\"https:\\\/\\\/www.lifenatura.com\\\/es\\\/produto\\\/maca-gelatinizada-premium-bio-250g-salud-viva\\\/#primaryimage\",\"url\":\"https:\\\/\\\/www.lifenatura.com\\\/wp-content\\\/uploads\\\/2025\\\/05\\\/maca-gelatinizada-premium-250g-salud-viva.jpg\",\"contentUrl\":\"https:\\\/\\\/www.lifenatura.com\\\/wp-content\\\/uploads\\\/2025\\\/05\\\/maca-gelatinizada-premium-250g-salud-viva.jpg\",\"width\":1000,\"height\":1000},{\"@type\":\"BreadcrumbList\",\"@id\":\"https:\\\/\\\/www.lifenatura.com\\\/es\\\/produto\\\/maca-gelatinizada-premium-bio-250g-salud-viva\\\/#breadcrumb\",\"itemListElement\":[{\"@type\":\"ListItem\",\"position\":1,\"name\":\"In\u00edcio\",\"item\":\"https:\\\/\\\/www.lifenatura.com\\\/es\\\/\"},{\"@type\":\"ListItem\",\"position\":2,\"name\":\"Todos los Productos\",\"item\":\"https:\\\/\\\/www.lifenatura.com\\\/es\\\/tienda\\\/\"},{\"@type\":\"ListItem\",\"position\":3,\"name\":\"Maca gelatinizada Premium Bio 250g &#8211; Salud viva\"}]},{\"@type\":\"WebSite\",\"@id\":\"https:\\\/\\\/www.lifenatura.com\\\/es\\\/#website\",\"url\":\"https:\\\/\\\/www.lifenatura.com\\\/es\\\/\",\"name\":\"Lifenatura\",\"description\":\"A Lifenatura \u00e9 uma loja de produtos naturais, cosm\u00e9tica natural e alimenta\u00e7\u00e3o Biol\u00f3gica.\",\"publisher\":{\"@id\":\"https:\\\/\\\/www.lifenatura.com\\\/es\\\/#organization\"},\"potentialAction\":[{\"@type\":\"SearchAction\",\"target\":{\"@type\":\"EntryPoint\",\"urlTemplate\":\"https:\\\/\\\/www.lifenatura.com\\\/es\\\/?s={search_term_string}\"},\"query-input\":{\"@type\":\"PropertyValueSpecification\",\"valueRequired\":true,\"valueName\":\"search_term_string\"}}],\"inLanguage\":\"es\"},{\"@type\":\"Organization\",\"@id\":\"https:\\\/\\\/www.lifenatura.com\\\/es\\\/#organization\",\"name\":\"Lifenatura\",\"url\":\"https:\\\/\\\/www.lifenatura.com\\\/es\\\/\",\"logo\":{\"@type\":\"ImageObject\",\"inLanguage\":\"es\",\"@id\":\"https:\\\/\\\/www.lifenatura.com\\\/es\\\/#\\\/schema\\\/logo\\\/image\\\/\",\"url\":\"https:\\\/\\\/www.lifenatura.com\\\/wp-content\\\/uploads\\\/2021\\\/07\\\/logo.png\",\"contentUrl\":\"https:\\\/\\\/www.lifenatura.com\\\/wp-content\\\/uploads\\\/2021\\\/07\\\/logo.png\",\"width\":175,\"height\":55,\"caption\":\"Lifenatura\"},\"image\":{\"@id\":\"https:\\\/\\\/www.lifenatura.com\\\/es\\\/#\\\/schema\\\/logo\\\/image\\\/\"},\"sameAs\":[\"https:\\\/\\\/www.facebook.com\\\/lifenatura\",\"https:\\\/\\\/www.instagram.com\\\/lifenaturapt\\\/\"],\"hasMerchantReturnPolicy\":{\"@type\":\"MerchantReturnPolicy\",\"merchantReturnLink\":\"https:\\\/\\\/www.lifenatura.com\\\/termos-condicoes-lifenatura\\\/\"}}]}<\/script>\n<meta property=\"product:price:amount\" content=\"18.38\" \/>\n<meta property=\"product:price:currency\" content=\"EUR\" \/>\n<meta property=\"og:availability\" content=\"instock\" \/>\n<meta property=\"product:availability\" content=\"instock\" \/>\n<meta property=\"product:retailer_item_id\" content=\"24970000006\" \/>\n<meta property=\"product:condition\" content=\"new\" \/>\n<!-- \/ Yoast SEO Premium plugin. -->","yoast_head_json":{"title":"Maca gelatinizada Premium Bio 250g - Salud viva - Na Lifenatura ao Melhor Pre\u00e7o | Envio em 48h","description":"Salud Viva Premium Maca Bio Gelatinizada combinaci\u00f3n de maca amarilla, roja y negra. Energ\u00eda, equilibrio hormonal y vitalidad con una digesti\u00f3n optimizada.","robots":{"index":"index","follow":"follow","max-snippet":"max-snippet:-1","max-image-preview":"max-image-preview:large","max-video-preview":"max-video-preview:-1"},"canonical":"https:\/\/www.lifenatura.com\/es\/produto\/maca-gelatinizada-premium-bio-250g-salud-viva\/","og_locale":"es_ES","og_type":"article","og_title":"Maca gelatinizada Premium Bio 250g - Salud viva - Na Lifenatura ao Melhor Pre\u00e7o | Envio 48h","og_description":"Compre Maca gelatinizada Premium Bio 250g - Salud viva com envio r\u00e1pido. Entrega em 48h e portes gr\u00e1tis em compras >35\u20ac. Aproveite j\u00e1 na Lifenatura","og_url":"https:\/\/www.lifenatura.com\/es\/produto\/maca-gelatinizada-premium-bio-250g-salud-viva\/","og_site_name":"Lifenatura","article_publisher":"https:\/\/www.facebook.com\/lifenatura","article_modified_time":"2025-09-19T07:02:13+00:00","og_image":[{"width":1000,"height":1000,"url":"https:\/\/www.lifenatura.com\/wp-content\/uploads\/2025\/05\/maca-gelatinizada-premium-250g-salud-viva.jpg","type":"image\/jpeg"}],"twitter_card":"summary_large_image","twitter_misc":{"Precio":"18,38&nbsp;&euro;","Disponibilidad":"Disponible"},"schema":{"@context":"https:\/\/schema.org","@graph":[{"@type":"WebPage","@id":"https:\/\/www.lifenatura.com\/es\/produto\/maca-gelatinizada-premium-bio-250g-salud-viva\/","url":"https:\/\/www.lifenatura.com\/es\/produto\/maca-gelatinizada-premium-bio-250g-salud-viva\/","name":"Maca gelatinizada Premium Bio 250g - Salud viva - Na Lifenatura ao Melhor Pre\u00e7o | Envio em 48h","isPartOf":{"@id":"https:\/\/www.lifenatura.com\/es\/#website"},"primaryImageOfPage":{"@id":"https:\/\/www.lifenatura.com\/es\/produto\/maca-gelatinizada-premium-bio-250g-salud-viva\/#primaryimage"},"image":{"@id":"https:\/\/www.lifenatura.com\/es\/produto\/maca-gelatinizada-premium-bio-250g-salud-viva\/#primaryimage"},"thumbnailUrl":"https:\/\/www.lifenatura.com\/wp-content\/uploads\/2025\/05\/maca-gelatinizada-premium-250g-salud-viva.jpg","datePublished":"2025-05-13T14:04:27+00:00","dateModified":"2025-09-19T07:02:13+00:00","description":"Salud Viva Premium Maca Bio Gelatinizada combinaci\u00f3n de maca amarilla, roja y negra. Energ\u00eda, equilibrio hormonal y vitalidad con una digesti\u00f3n optimizada.","breadcrumb":{"@id":"https:\/\/www.lifenatura.com\/es\/produto\/maca-gelatinizada-premium-bio-250g-salud-viva\/#breadcrumb"},"inLanguage":"es","potentialAction":[{"@type":"ReadAction","target":["https:\/\/www.lifenatura.com\/es\/produto\/maca-gelatinizada-premium-bio-250g-salud-viva\/"]}]},{"@type":"ImageObject","inLanguage":"es","@id":"https:\/\/www.lifenatura.com\/es\/produto\/maca-gelatinizada-premium-bio-250g-salud-viva\/#primaryimage","url":"https:\/\/www.lifenatura.com\/wp-content\/uploads\/2025\/05\/maca-gelatinizada-premium-250g-salud-viva.jpg","contentUrl":"https:\/\/www.lifenatura.com\/wp-content\/uploads\/2025\/05\/maca-gelatinizada-premium-250g-salud-viva.jpg","width":1000,"height":1000},{"@type":"BreadcrumbList","@id":"https:\/\/www.lifenatura.com\/es\/produto\/maca-gelatinizada-premium-bio-250g-salud-viva\/#breadcrumb","itemListElement":[{"@type":"ListItem","position":1,"name":"In\u00edcio","item":"https:\/\/www.lifenatura.com\/es\/"},{"@type":"ListItem","position":2,"name":"Todos los Productos","item":"https:\/\/www.lifenatura.com\/es\/tienda\/"},{"@type":"ListItem","position":3,"name":"Maca gelatinizada Premium Bio 250g &#8211; Salud viva"}]},{"@type":"WebSite","@id":"https:\/\/www.lifenatura.com\/es\/#website","url":"https:\/\/www.lifenatura.com\/es\/","name":"Lifenatura","description":"A Lifenatura \u00e9 uma loja de produtos naturais, cosm\u00e9tica natural e alimenta\u00e7\u00e3o Biol\u00f3gica.","publisher":{"@id":"https:\/\/www.lifenatura.com\/es\/#organization"},"potentialAction":[{"@type":"SearchAction","target":{"@type":"EntryPoint","urlTemplate":"https:\/\/www.lifenatura.com\/es\/?s={search_term_string}"},"query-input":{"@type":"PropertyValueSpecification","valueRequired":true,"valueName":"search_term_string"}}],"inLanguage":"es"},{"@type":"Organization","@id":"https:\/\/www.lifenatura.com\/es\/#organization","name":"Lifenatura","url":"https:\/\/www.lifenatura.com\/es\/","logo":{"@type":"ImageObject","inLanguage":"es","@id":"https:\/\/www.lifenatura.com\/es\/#\/schema\/logo\/image\/","url":"https:\/\/www.lifenatura.com\/wp-content\/uploads\/2021\/07\/logo.png","contentUrl":"https:\/\/www.lifenatura.com\/wp-content\/uploads\/2021\/07\/logo.png","width":175,"height":55,"caption":"Lifenatura"},"image":{"@id":"https:\/\/www.lifenatura.com\/es\/#\/schema\/logo\/image\/"},"sameAs":["https:\/\/www.facebook.com\/lifenatura","https:\/\/www.instagram.com\/lifenaturapt\/"],"hasMerchantReturnPolicy":{"@type":"MerchantReturnPolicy","merchantReturnLink":"https:\/\/www.lifenatura.com\/termos-condicoes-lifenatura\/"}}]},"product_price_amount":"18.38","product_price_currency":"EUR","og_availability":"instock","product_availability":"instock","product_retailer_item_id":"24970000006","product_condition":"new"},"df_price":18.38,"df_sale_price":"","df_regular_price":18.38,"df_image_link":"https:\/\/www.lifenatura.com\/wp-content\/uploads\/2025\/05\/maca-gelatinizada-premium-250g-salud-viva-300x300.jpg","_links":{"self":[{"href":"https:\/\/www.lifenatura.com\/es\/wp-json\/wp\/v2\/product\/116370","targetHints":{"allow":["GET"]}}],"collection":[{"href":"https:\/\/www.lifenatura.com\/es\/wp-json\/wp\/v2\/product"}],"about":[{"href":"https:\/\/www.lifenatura.com\/es\/wp-json\/wp\/v2\/types\/product"}],"wp:featuredmedia":[{"embeddable":true,"href":"https:\/\/www.lifenatura.com\/es\/wp-json\/wp\/v2\/media\/111485"}],"wp:attachment":[{"href":"https:\/\/www.lifenatura.com\/es\/wp-json\/wp\/v2\/media?parent=116370"}],"wp:term":[{"taxonomy":"product_brand","embeddable":true,"href":"https:\/\/www.lifenatura.com\/es\/wp-json\/wp\/v2\/product_brand?post=116370"},{"taxonomy":"product_cat","embeddable":true,"href":"https:\/\/www.lifenatura.com\/es\/wp-json\/wp\/v2\/product_cat?post=116370"},{"taxonomy":"product_tag","embeddable":true,"href":"https:\/\/www.lifenatura.com\/es\/wp-json\/wp\/v2\/product_tag?post=116370"}],"curies":[{"name":"wp","href":"https:\/\/api.w.org\/{rel}","templated":true}]}}