{"id":116369,"date":"2025-05-13T14:04:29","date_gmt":"2025-05-13T14:04:29","guid":{"rendered":"https:\/\/www.lifenatura.com\/produto\/maiz-morado-bio-125g-salud-viva\/"},"modified":"2025-09-19T07:06:55","modified_gmt":"2025-09-19T07:06:55","slug":"maiz-morado-bio-125g-salud-viva","status":"publish","type":"product","link":"https:\/\/www.lifenatura.com\/es\/produto\/maiz-morado-bio-125g-salud-viva\/","title":{"rendered":"Ma\u00edz Morado Bio 125g &#8211; Salud Viva"},"content":{"rendered":"<h2 style=\"text-align: left;\" data-start=\"175\" data-end=\"212\"><strong>Ma\u00edz morado ecol\u00f3gico &#8211; Salud Viva<\/strong><\/h2>\n<p>&nbsp;<\/p>\n<p data-start=\"276\" data-end=\"574\"><strong data-start=\"278\" data-end=\"310\">El Ma\u00edz Morado Ecol\u00f3gico de Salud Viva<\/strong> es un superalimento 100% ecol\u00f3gico procedente de Per\u00fa, conocido por su intenso color morado y su alto contenido en <strong data-start=\"436\" data-end=\"452\">antocianinas<\/strong>, potentes antioxidantes naturales que ayudan a proteger las c\u00e9lulas contra el envejecimiento prematuro y el estr\u00e9s oxidativo.<\/p>\n<p data-start=\"576\" data-end=\"937\">Adem\u00e1s de su perfil antioxidante, el ma\u00edz morado es una buena fuente de <strong data-start=\"641\" data-end=\"684\">fibra, vitaminas y minerales esenciales<\/strong>, que contribuyen a una digesti\u00f3n equilibrada y al buen funcionamiento del organismo. Su consumo se asocia con el apoyo a <strong data-start=\"811\" data-end=\"835\">la salud cardiovascular<\/strong>, la mejora de la circulaci\u00f3n sangu\u00ednea y el mantenimiento de niveles equilibrados de colesterol y glucemia.<\/p>\n<p data-start=\"939\" data-end=\"1205\">Gracias a su color vibrante y sabor suave, el Ma\u00edz Morado Ecol\u00f3gico de Salud Viva puede a\u00f1adirse f\u00e1cilmente a batidos, zumos, postres, papillas y recetas funcionales, aportando no s\u00f3lo beneficios nutricionales, sino tambi\u00e9n un toque visual y gastron\u00f3mico especial.<\/p>\n<p data-start=\"1207\" data-end=\"1235\"><strong>Principales ventajas:<\/strong><\/p>\n<ul data-start=\"1236\" data-end=\"1535\">\n<li data-start=\"1236\" data-end=\"1294\">\n<p data-start=\"1238\" data-end=\"1294\">Rico en <strong data-start=\"1246\" data-end=\"1262\">antocianinas<\/strong>, con una fuerte acci\u00f3n antioxidante;<\/p>\n<\/li>\n<li data-start=\"1295\" data-end=\"1357\">\n<p data-start=\"1297\" data-end=\"1357\">Favorece <strong data-start=\"1305\" data-end=\"1329\">la salud cardiovascular<\/strong> y la circulaci\u00f3n sangu\u00ednea;<\/p>\n<\/li>\n<li data-start=\"1358\" data-end=\"1423\">\n<p data-start=\"1360\" data-end=\"1423\">Contribuye a la <strong data-start=\"1377\" data-end=\"1397\">protecci\u00f3n celular<\/strong> contra los radicales libres;<\/p>\n<\/li>\n<li data-start=\"1424\" data-end=\"1483\">\n<p data-start=\"1426\" data-end=\"1483\">Fuente de <strong data-start=\"1435\" data-end=\"1445\">fibra<\/strong> que favorece la digesti\u00f3n y la saciedad;<\/p>\n<\/li>\n<li data-start=\"1484\" data-end=\"1535\">\n<p data-start=\"1486\" data-end=\"1535\"><strong data-start=\"1494\" data-end=\"1532\">100% ecol\u00f3gico, vegano y sin gluten<\/strong>.<\/p>\n<\/li>\n<\/ul>\n<p data-start=\"1537\" data-end=\"1554\"><strong>Indicaciones:<\/strong><\/p>\n<p data-start=\"1555\" data-end=\"1608\"><strong data-start=\"1557\" data-end=\"1589\">Salud Viva Bio Ma\u00edz Morado<\/strong> es adecuado para<\/p>\n<ul data-start=\"1609\" data-end=\"1837\">\n<li data-start=\"1609\" data-end=\"1671\">\n<p data-start=\"1611\" data-end=\"1671\">Personas que desean aumentar su ingesta de antioxidantes;<\/p>\n<\/li>\n<li data-start=\"1672\" data-end=\"1730\">\n<p data-start=\"1674\" data-end=\"1730\">Cualquier persona que desee favorecer la salud del coraz\u00f3n y la circulaci\u00f3n;<\/p>\n<\/li>\n<li data-start=\"1731\" data-end=\"1789\">\n<p data-start=\"1733\" data-end=\"1789\">Aficionados a los alimentos sanos, funcionales y coloridos;<\/p>\n<\/li>\n<li data-start=\"1790\" data-end=\"1837\">\n<p data-start=\"1792\" data-end=\"1837\">Dietas vegetarianas, veganas o sin gluten.<\/p>\n<\/li>\n<\/ul>\n<p><strong>Presentaci\u00f3n:<\/strong><\/p>\n<p>125g<\/p>\n<p>&nbsp;<\/p>\n","protected":false},"excerpt":{"rendered":"<p>Ma\u00edz Morado Viva Bio Salud &#8211; Fuente de antocianinas y antioxidantes naturales. Favorece la salud cardiovascular, la circulaci\u00f3n y el bienestar. Ecol\u00f3gico, sin gluten. [&#8230;]<\/p>\n<p><a class=\"btn btn-secondary understrap-read-more-link\" href=\"https:\/\/www.lifenatura.com\/es\/produto\/maiz-morado-bio-125g-salud-viva\/\">Leer m\u00e1s&#8230;<span class=\"screen-reader-text\"> from Ma\u00edz Morado Bio 125g &#8211; Salud Viva<\/span><\/a><\/p>\n","protected":false},"featured_media":111620,"template":"","meta":{"_acf_changed":false},"product_brand":[8295],"product_cat":[7064,7074,7100],"product_tag":[],"class_list":{"0":"post-116369","1":"product","2":"type-product","3":"status-publish","4":"has-post-thumbnail","6":"product_brand-salud-viva","7":"product_cat-alimentacion-sana","8":"product_cat-productos-alimenticios","9":"product_cat-superalimentos-bio","11":"first","12":"instock","13":"shipping-taxable","14":"purchasable","15":"product-type-simple","16":"add-to-wishlist-before_image"},"acf":[],"yoast_head":"<!-- This site is optimized with the Yoast SEO Premium plugin v27.1 (Yoast SEO v27.5) - https:\/\/yoast.com\/product\/yoast-seo-premium-wordpress\/ -->\n<title>Ma\u00edz Morado Bio 125g - Salud Viva - Na Lifenatura ao Melhor Pre\u00e7o | Envio em 48h<\/title>\n<meta name=\"description\" content=\"Ma\u00edz Morado fuente de antocianinas y antioxidantes naturales. Favorece la salud cardiovascular, la circulaci\u00f3n y el bienestar. Ecol\u00f3gico, sin gluten.\" \/>\n<meta name=\"robots\" content=\"index, follow, max-snippet:-1, max-image-preview:large, max-video-preview:-1\" \/>\n<link rel=\"canonical\" href=\"https:\/\/www.lifenatura.com\/es\/produto\/maiz-morado-bio-125g-salud-viva\/\" \/>\n<meta property=\"og:locale\" content=\"es_ES\" \/>\n<meta property=\"og:type\" content=\"article\" \/>\n<meta property=\"og:title\" content=\"Ma\u00edz Morado Bio 125g - Salud Viva - Na Lifenatura ao Melhor Pre\u00e7o | Envio 48h\" \/>\n<meta property=\"og:description\" content=\"Compre Ma\u00edz Morado Bio 125g - Salud Viva com envio r\u00e1pido. Entrega em 48h e portes gr\u00e1tis em compras &gt;35\u20ac. Aproveite j\u00e1 na Lifenatura\" \/>\n<meta property=\"og:url\" content=\"https:\/\/www.lifenatura.com\/es\/produto\/maiz-morado-bio-125g-salud-viva\/\" \/>\n<meta property=\"og:site_name\" content=\"Lifenatura\" \/>\n<meta property=\"article:publisher\" content=\"https:\/\/www.facebook.com\/lifenatura\" \/>\n<meta property=\"article:modified_time\" content=\"2025-09-19T07:06:55+00:00\" \/>\n<meta property=\"og:image\" content=\"https:\/\/www.lifenatura.com\/wp-content\/uploads\/2025\/05\/milho-roxo-125g-salud-viva.jpg\" \/>\n\t<meta property=\"og:image:width\" content=\"1000\" \/>\n\t<meta property=\"og:image:height\" content=\"1000\" \/>\n\t<meta property=\"og:image:type\" content=\"image\/jpeg\" \/>\n<meta name=\"twitter:card\" content=\"summary_large_image\" \/>\n<meta name=\"twitter:label1\" content=\"Precio\" \/>\n\t<meta name=\"twitter:data1\" content=\"5,43&nbsp;&euro;\" \/>\n\t<meta name=\"twitter:label2\" content=\"Disponibilidad\" \/>\n\t<meta name=\"twitter:data2\" content=\"Disponible\" \/>\n<script type=\"application\/ld+json\" class=\"yoast-schema-graph\">{\"@context\":\"https:\\\/\\\/schema.org\",\"@graph\":[{\"@type\":\"WebPage\",\"@id\":\"https:\\\/\\\/www.lifenatura.com\\\/es\\\/produto\\\/maiz-morado-bio-125g-salud-viva\\\/\",\"url\":\"https:\\\/\\\/www.lifenatura.com\\\/es\\\/produto\\\/maiz-morado-bio-125g-salud-viva\\\/\",\"name\":\"Ma\u00edz Morado Bio 125g - Salud Viva - Na Lifenatura ao Melhor Pre\u00e7o | Envio em 48h\",\"isPartOf\":{\"@id\":\"https:\\\/\\\/www.lifenatura.com\\\/es\\\/#website\"},\"primaryImageOfPage\":{\"@id\":\"https:\\\/\\\/www.lifenatura.com\\\/es\\\/produto\\\/maiz-morado-bio-125g-salud-viva\\\/#primaryimage\"},\"image\":{\"@id\":\"https:\\\/\\\/www.lifenatura.com\\\/es\\\/produto\\\/maiz-morado-bio-125g-salud-viva\\\/#primaryimage\"},\"thumbnailUrl\":\"https:\\\/\\\/www.lifenatura.com\\\/wp-content\\\/uploads\\\/2025\\\/05\\\/milho-roxo-125g-salud-viva.jpg\",\"datePublished\":\"2025-05-13T14:04:29+00:00\",\"dateModified\":\"2025-09-19T07:06:55+00:00\",\"description\":\"Ma\u00edz Morado fuente de antocianinas y antioxidantes naturales. Favorece la salud cardiovascular, la circulaci\u00f3n y el bienestar. Ecol\u00f3gico, sin gluten.\",\"breadcrumb\":{\"@id\":\"https:\\\/\\\/www.lifenatura.com\\\/es\\\/produto\\\/maiz-morado-bio-125g-salud-viva\\\/#breadcrumb\"},\"inLanguage\":\"es\",\"potentialAction\":[{\"@type\":\"ReadAction\",\"target\":[\"https:\\\/\\\/www.lifenatura.com\\\/es\\\/produto\\\/maiz-morado-bio-125g-salud-viva\\\/\"]}]},{\"@type\":\"ImageObject\",\"inLanguage\":\"es\",\"@id\":\"https:\\\/\\\/www.lifenatura.com\\\/es\\\/produto\\\/maiz-morado-bio-125g-salud-viva\\\/#primaryimage\",\"url\":\"https:\\\/\\\/www.lifenatura.com\\\/wp-content\\\/uploads\\\/2025\\\/05\\\/milho-roxo-125g-salud-viva.jpg\",\"contentUrl\":\"https:\\\/\\\/www.lifenatura.com\\\/wp-content\\\/uploads\\\/2025\\\/05\\\/milho-roxo-125g-salud-viva.jpg\",\"width\":1000,\"height\":1000},{\"@type\":\"BreadcrumbList\",\"@id\":\"https:\\\/\\\/www.lifenatura.com\\\/es\\\/produto\\\/maiz-morado-bio-125g-salud-viva\\\/#breadcrumb\",\"itemListElement\":[{\"@type\":\"ListItem\",\"position\":1,\"name\":\"In\u00edcio\",\"item\":\"https:\\\/\\\/www.lifenatura.com\\\/es\\\/\"},{\"@type\":\"ListItem\",\"position\":2,\"name\":\"Todos los Productos\",\"item\":\"https:\\\/\\\/www.lifenatura.com\\\/es\\\/tienda\\\/\"},{\"@type\":\"ListItem\",\"position\":3,\"name\":\"Ma\u00edz Morado Bio 125g &#8211; Salud Viva\"}]},{\"@type\":\"WebSite\",\"@id\":\"https:\\\/\\\/www.lifenatura.com\\\/es\\\/#website\",\"url\":\"https:\\\/\\\/www.lifenatura.com\\\/es\\\/\",\"name\":\"Lifenatura\",\"description\":\"A Lifenatura \u00e9 uma loja de produtos naturais, cosm\u00e9tica natural e alimenta\u00e7\u00e3o Biol\u00f3gica.\",\"publisher\":{\"@id\":\"https:\\\/\\\/www.lifenatura.com\\\/es\\\/#organization\"},\"potentialAction\":[{\"@type\":\"SearchAction\",\"target\":{\"@type\":\"EntryPoint\",\"urlTemplate\":\"https:\\\/\\\/www.lifenatura.com\\\/es\\\/?s={search_term_string}\"},\"query-input\":{\"@type\":\"PropertyValueSpecification\",\"valueRequired\":true,\"valueName\":\"search_term_string\"}}],\"inLanguage\":\"es\"},{\"@type\":\"Organization\",\"@id\":\"https:\\\/\\\/www.lifenatura.com\\\/es\\\/#organization\",\"name\":\"Lifenatura\",\"url\":\"https:\\\/\\\/www.lifenatura.com\\\/es\\\/\",\"logo\":{\"@type\":\"ImageObject\",\"inLanguage\":\"es\",\"@id\":\"https:\\\/\\\/www.lifenatura.com\\\/es\\\/#\\\/schema\\\/logo\\\/image\\\/\",\"url\":\"https:\\\/\\\/www.lifenatura.com\\\/wp-content\\\/uploads\\\/2021\\\/07\\\/logo.png\",\"contentUrl\":\"https:\\\/\\\/www.lifenatura.com\\\/wp-content\\\/uploads\\\/2021\\\/07\\\/logo.png\",\"width\":175,\"height\":55,\"caption\":\"Lifenatura\"},\"image\":{\"@id\":\"https:\\\/\\\/www.lifenatura.com\\\/es\\\/#\\\/schema\\\/logo\\\/image\\\/\"},\"sameAs\":[\"https:\\\/\\\/www.facebook.com\\\/lifenatura\",\"https:\\\/\\\/www.instagram.com\\\/lifenaturapt\\\/\"],\"hasMerchantReturnPolicy\":{\"@type\":\"MerchantReturnPolicy\",\"merchantReturnLink\":\"https:\\\/\\\/www.lifenatura.com\\\/termos-condicoes-lifenatura\\\/\"}}]}<\/script>\n<meta property=\"product:price:amount\" content=\"5.43\" \/>\n<meta property=\"product:price:currency\" content=\"EUR\" \/>\n<meta property=\"og:availability\" content=\"instock\" \/>\n<meta property=\"product:availability\" content=\"instock\" \/>\n<meta property=\"product:retailer_item_id\" content=\"720000007\" \/>\n<meta property=\"product:condition\" content=\"new\" \/>\n<!-- \/ Yoast SEO Premium plugin. -->","yoast_head_json":{"title":"Ma\u00edz Morado Bio 125g - Salud Viva - Na Lifenatura ao Melhor Pre\u00e7o | Envio em 48h","description":"Ma\u00edz Morado fuente de antocianinas y antioxidantes naturales. Favorece la salud cardiovascular, la circulaci\u00f3n y el bienestar. Ecol\u00f3gico, sin gluten.","robots":{"index":"index","follow":"follow","max-snippet":"max-snippet:-1","max-image-preview":"max-image-preview:large","max-video-preview":"max-video-preview:-1"},"canonical":"https:\/\/www.lifenatura.com\/es\/produto\/maiz-morado-bio-125g-salud-viva\/","og_locale":"es_ES","og_type":"article","og_title":"Ma\u00edz Morado Bio 125g - Salud Viva - Na Lifenatura ao Melhor Pre\u00e7o | Envio 48h","og_description":"Compre Ma\u00edz Morado Bio 125g - Salud Viva com envio r\u00e1pido. Entrega em 48h e portes gr\u00e1tis em compras >35\u20ac. Aproveite j\u00e1 na Lifenatura","og_url":"https:\/\/www.lifenatura.com\/es\/produto\/maiz-morado-bio-125g-salud-viva\/","og_site_name":"Lifenatura","article_publisher":"https:\/\/www.facebook.com\/lifenatura","article_modified_time":"2025-09-19T07:06:55+00:00","og_image":[{"width":1000,"height":1000,"url":"https:\/\/www.lifenatura.com\/wp-content\/uploads\/2025\/05\/milho-roxo-125g-salud-viva.jpg","type":"image\/jpeg"}],"twitter_card":"summary_large_image","twitter_misc":{"Precio":"5,43&nbsp;&euro;","Disponibilidad":"Disponible"},"schema":{"@context":"https:\/\/schema.org","@graph":[{"@type":"WebPage","@id":"https:\/\/www.lifenatura.com\/es\/produto\/maiz-morado-bio-125g-salud-viva\/","url":"https:\/\/www.lifenatura.com\/es\/produto\/maiz-morado-bio-125g-salud-viva\/","name":"Ma\u00edz Morado Bio 125g - Salud Viva - Na Lifenatura ao Melhor Pre\u00e7o | Envio em 48h","isPartOf":{"@id":"https:\/\/www.lifenatura.com\/es\/#website"},"primaryImageOfPage":{"@id":"https:\/\/www.lifenatura.com\/es\/produto\/maiz-morado-bio-125g-salud-viva\/#primaryimage"},"image":{"@id":"https:\/\/www.lifenatura.com\/es\/produto\/maiz-morado-bio-125g-salud-viva\/#primaryimage"},"thumbnailUrl":"https:\/\/www.lifenatura.com\/wp-content\/uploads\/2025\/05\/milho-roxo-125g-salud-viva.jpg","datePublished":"2025-05-13T14:04:29+00:00","dateModified":"2025-09-19T07:06:55+00:00","description":"Ma\u00edz Morado fuente de antocianinas y antioxidantes naturales. Favorece la salud cardiovascular, la circulaci\u00f3n y el bienestar. Ecol\u00f3gico, sin gluten.","breadcrumb":{"@id":"https:\/\/www.lifenatura.com\/es\/produto\/maiz-morado-bio-125g-salud-viva\/#breadcrumb"},"inLanguage":"es","potentialAction":[{"@type":"ReadAction","target":["https:\/\/www.lifenatura.com\/es\/produto\/maiz-morado-bio-125g-salud-viva\/"]}]},{"@type":"ImageObject","inLanguage":"es","@id":"https:\/\/www.lifenatura.com\/es\/produto\/maiz-morado-bio-125g-salud-viva\/#primaryimage","url":"https:\/\/www.lifenatura.com\/wp-content\/uploads\/2025\/05\/milho-roxo-125g-salud-viva.jpg","contentUrl":"https:\/\/www.lifenatura.com\/wp-content\/uploads\/2025\/05\/milho-roxo-125g-salud-viva.jpg","width":1000,"height":1000},{"@type":"BreadcrumbList","@id":"https:\/\/www.lifenatura.com\/es\/produto\/maiz-morado-bio-125g-salud-viva\/#breadcrumb","itemListElement":[{"@type":"ListItem","position":1,"name":"In\u00edcio","item":"https:\/\/www.lifenatura.com\/es\/"},{"@type":"ListItem","position":2,"name":"Todos los Productos","item":"https:\/\/www.lifenatura.com\/es\/tienda\/"},{"@type":"ListItem","position":3,"name":"Ma\u00edz Morado Bio 125g &#8211; Salud Viva"}]},{"@type":"WebSite","@id":"https:\/\/www.lifenatura.com\/es\/#website","url":"https:\/\/www.lifenatura.com\/es\/","name":"Lifenatura","description":"A Lifenatura \u00e9 uma loja de produtos naturais, cosm\u00e9tica natural e alimenta\u00e7\u00e3o Biol\u00f3gica.","publisher":{"@id":"https:\/\/www.lifenatura.com\/es\/#organization"},"potentialAction":[{"@type":"SearchAction","target":{"@type":"EntryPoint","urlTemplate":"https:\/\/www.lifenatura.com\/es\/?s={search_term_string}"},"query-input":{"@type":"PropertyValueSpecification","valueRequired":true,"valueName":"search_term_string"}}],"inLanguage":"es"},{"@type":"Organization","@id":"https:\/\/www.lifenatura.com\/es\/#organization","name":"Lifenatura","url":"https:\/\/www.lifenatura.com\/es\/","logo":{"@type":"ImageObject","inLanguage":"es","@id":"https:\/\/www.lifenatura.com\/es\/#\/schema\/logo\/image\/","url":"https:\/\/www.lifenatura.com\/wp-content\/uploads\/2021\/07\/logo.png","contentUrl":"https:\/\/www.lifenatura.com\/wp-content\/uploads\/2021\/07\/logo.png","width":175,"height":55,"caption":"Lifenatura"},"image":{"@id":"https:\/\/www.lifenatura.com\/es\/#\/schema\/logo\/image\/"},"sameAs":["https:\/\/www.facebook.com\/lifenatura","https:\/\/www.instagram.com\/lifenaturapt\/"],"hasMerchantReturnPolicy":{"@type":"MerchantReturnPolicy","merchantReturnLink":"https:\/\/www.lifenatura.com\/termos-condicoes-lifenatura\/"}}]},"product_price_amount":"5.43","product_price_currency":"EUR","og_availability":"instock","product_availability":"instock","product_retailer_item_id":"720000007","product_condition":"new"},"df_price":5.43,"df_sale_price":"","df_regular_price":5.43,"df_image_link":"https:\/\/www.lifenatura.com\/wp-content\/uploads\/2025\/05\/milho-roxo-125g-salud-viva-300x300.jpg","_links":{"self":[{"href":"https:\/\/www.lifenatura.com\/es\/wp-json\/wp\/v2\/product\/116369","targetHints":{"allow":["GET"]}}],"collection":[{"href":"https:\/\/www.lifenatura.com\/es\/wp-json\/wp\/v2\/product"}],"about":[{"href":"https:\/\/www.lifenatura.com\/es\/wp-json\/wp\/v2\/types\/product"}],"wp:featuredmedia":[{"embeddable":true,"href":"https:\/\/www.lifenatura.com\/es\/wp-json\/wp\/v2\/media\/111620"}],"wp:attachment":[{"href":"https:\/\/www.lifenatura.com\/es\/wp-json\/wp\/v2\/media?parent=116369"}],"wp:term":[{"taxonomy":"product_brand","embeddable":true,"href":"https:\/\/www.lifenatura.com\/es\/wp-json\/wp\/v2\/product_brand?post=116369"},{"taxonomy":"product_cat","embeddable":true,"href":"https:\/\/www.lifenatura.com\/es\/wp-json\/wp\/v2\/product_cat?post=116369"},{"taxonomy":"product_tag","embeddable":true,"href":"https:\/\/www.lifenatura.com\/es\/wp-json\/wp\/v2\/product_tag?post=116369"}],"curies":[{"name":"wp","href":"https:\/\/api.w.org\/{rel}","templated":true}]}}