{"id":116368,"date":"2025-05-13T14:03:33","date_gmt":"2025-05-13T14:03:33","guid":{"rendered":"https:\/\/www.lifenatura.com\/produto\/tulsi-en-polvo-80g-salud-viva\/"},"modified":"2025-09-23T19:45:27","modified_gmt":"2025-09-23T19:45:27","slug":"tulsi-en-polvo-80g-salud-viva","status":"publish","type":"product","link":"https:\/\/www.lifenatura.com\/es\/produto\/tulsi-en-polvo-80g-salud-viva\/","title":{"rendered":"Tulsi en polvo 80g &#8211; Salud Viva"},"content":{"rendered":"<h2 style=\"text-align: left;\" data-start=\"163\" data-end=\"200\">Tulsi Polvo Bio 80g &#8211; Salud Viva<\/h2>\n<p>&nbsp;<\/p>\n<p data-start=\"267\" data-end=\"671\"><strong data-start=\"269\" data-end=\"302\">El polvo de tulsi ecol\u00f3gico de Salud Viva<\/strong>, tambi\u00e9n conocido como <strong data-start=\"326\" data-end=\"348\">albahaca santa<\/strong>, es una planta tradicional en la medicina ayurv\u00e9dica, donde se considera un verdadero elixir de vitalidad y longevidad. Cultivado de forma org\u00e1nica y sostenible, el tulsi se valora por su perfil rico en <strong data-start=\"557\" data-end=\"614\">antioxidantes, vitaminas, minerales y aceites esenciales<\/strong>, que contribuyen a equilibrar el cuerpo y la mente.<\/p>\n<p data-start=\"673\" data-end=\"988\">Con fuertes propiedades <strong data-start=\"697\" data-end=\"714\">adapt\u00f3genas<\/strong>, el tulsi ayuda al organismo a hacer frente al estr\u00e9s f\u00edsico y emocional, fomentando la serenidad y una energ\u00eda estable a lo largo del d\u00eda. Su consumo regular tambi\u00e9n favorece el <strong data-start=\"876\" data-end=\"916\">fortalecimiento del sistema inmunitario<\/strong>, ayuda a la salud respiratoria y contribuye al bienestar digestivo.<\/p>\n<p data-start=\"990\" data-end=\"1264\">El tulsi tambi\u00e9n est\u00e1 reconocido por su acci\u00f3n antioxidante y antiinflamatoria, que ayuda a proteger las c\u00e9lulas contra los radicales libres y favorece un envejecimiento saludable. Tambi\u00e9n puede favorecer la salud cardiovascular y apoyar la desintoxicaci\u00f3n natural del organismo.<\/p>\n<p data-start=\"1266\" data-end=\"1449\">Con su sabor herbal, refrescante y ligeramente picante, <strong data-start=\"1321\" data-end=\"1340\">el Tulsi Ecol\u00f3gico en Polvo<\/strong> puede incorporarse f\u00e1cilmente a tu rutina diaria, ya sea en infusiones, batidos, zumos o recetas funcionales.<\/p>\n<p data-start=\"1451\" data-end=\"1479\"><strong>Principales ventajas:<\/strong><\/p>\n<ul data-start=\"1480\" data-end=\"1723\">\n<li data-start=\"1480\" data-end=\"1537\">\n<p data-start=\"1482\" data-end=\"1537\">Act\u00faa como <strong data-start=\"1492\" data-end=\"1507\">adapt\u00f3geno<\/strong>, ayudando a controlar el estr\u00e9s;<\/p>\n<\/li>\n<li data-start=\"1538\" data-end=\"1588\">\n<p data-start=\"1540\" data-end=\"1588\">Favorece los <strong data-start=\"1548\" data-end=\"1585\">sistemas inmunitario y respiratorio<\/strong>;<\/p>\n<\/li>\n<li data-start=\"1589\" data-end=\"1629\">\n<p data-start=\"1591\" data-end=\"1629\">Fuente de <strong data-start=\"1600\" data-end=\"1626\">antioxidantes naturales<\/strong>;<\/p>\n<\/li>\n<li data-start=\"1630\" data-end=\"1676\">\n<p data-start=\"1632\" data-end=\"1676\">Contribuye al <strong data-start=\"1649\" data-end=\"1673\">equilibrio digestivo<\/strong>;<\/p>\n<\/li>\n<li data-start=\"1677\" data-end=\"1723\">\n<p data-start=\"1679\" data-end=\"1723\"><strong data-start=\"1687\" data-end=\"1720\">Ecol\u00f3gico, vegano y sin gluten<\/strong>.<\/p>\n<\/li>\n<\/ul>\n<p data-start=\"1725\" data-end=\"1742\"><strong>Indicaciones:<\/strong><\/p>\n<p data-start=\"1743\" data-end=\"1797\"><strong data-start=\"1745\" data-end=\"1778\">Tulsi Polvo Bio de Salud<\/strong> Viva est\u00e1 indicado para:<\/p>\n<ul data-start=\"1798\" data-end=\"2027\">\n<li data-start=\"1798\" data-end=\"1863\">\n<p data-start=\"1800\" data-end=\"1863\">Personas que buscan reducir el estr\u00e9s y equilibrar su energ\u00eda;<\/p>\n<\/li>\n<li data-start=\"1864\" data-end=\"1911\">\n<p data-start=\"1866\" data-end=\"1911\">Apoyo a los sistemas inmunitario y respiratorio;<\/p>\n<\/li>\n<li data-start=\"1912\" data-end=\"1966\">\n<p data-start=\"1914\" data-end=\"1966\">Los que valoran las plantas ayurv\u00e9dicas y adapt\u00f3genas;<\/p>\n<\/li>\n<li data-start=\"1967\" data-end=\"2027\">\n<p data-start=\"1969\" data-end=\"2027\">Veganos, vegetarianos y comedores sanos.<\/p>\n<\/li>\n<\/ul>\n<p><strong>Presentaci\u00f3n:<\/strong><\/p>\n<p>80g<\/p>\n<p>&nbsp;<\/p>\n","protected":false},"excerpt":{"rendered":"<p>Tulsi Polvo Bio 80g Salud Viva &#8211; Albahaca Santa Ayurv\u00e9dica con acci\u00f3n adapt\u00f3gena. Favorece la inmunidad, el equilibrio energ\u00e9tico y el bienestar natural. [&#8230;]<\/p>\n<p><a class=\"btn btn-secondary understrap-read-more-link\" href=\"https:\/\/www.lifenatura.com\/es\/produto\/tulsi-en-polvo-80g-salud-viva\/\">Leer m\u00e1s&#8230;<span class=\"screen-reader-text\"> from Tulsi en polvo 80g &#8211; Salud Viva<\/span><\/a><\/p>\n","protected":false},"featured_media":111387,"template":"","meta":{"_acf_changed":false},"product_brand":[8295],"product_cat":[7064,7100],"product_tag":[],"class_list":{"0":"post-116368","1":"product","2":"type-product","3":"status-publish","4":"has-post-thumbnail","6":"product_brand-salud-viva","7":"product_cat-alimentacion-sana","8":"product_cat-superalimentos-bio","10":"first","11":"instock","12":"shipping-taxable","13":"purchasable","14":"product-type-simple","15":"add-to-wishlist-before_image"},"acf":[],"yoast_head":"<!-- This site is optimized with the Yoast SEO Premium plugin v27.1 (Yoast SEO v27.5) - https:\/\/yoast.com\/product\/yoast-seo-premium-wordpress\/ -->\n<title>Tulsi en polvo 80g - Salud Viva - Na Lifenatura ao Melhor Pre\u00e7o | Envio em 48h<\/title>\n<meta name=\"description\" content=\"Tulsi Polvo Bio 80g Salud Viva - Albahaca Santa Ayurv\u00e9dica con acci\u00f3n adapt\u00f3gena. Favorece la inmunidad, el equilibrio energ\u00e9tico y el bienestar natural.\" \/>\n<meta name=\"robots\" content=\"index, follow, max-snippet:-1, max-image-preview:large, max-video-preview:-1\" \/>\n<link rel=\"canonical\" href=\"https:\/\/www.lifenatura.com\/es\/produto\/tulsi-en-polvo-80g-salud-viva\/\" \/>\n<meta property=\"og:locale\" content=\"es_ES\" \/>\n<meta property=\"og:type\" content=\"article\" \/>\n<meta property=\"og:title\" content=\"Tulsi en polvo 80g - Salud Viva - Na Lifenatura ao Melhor Pre\u00e7o | Envio 48h\" \/>\n<meta property=\"og:description\" content=\"Compre Tulsi en polvo 80g - Salud Viva com envio r\u00e1pido. Entrega em 48h e portes gr\u00e1tis em compras &gt;35\u20ac. Aproveite j\u00e1 na Lifenatura\" \/>\n<meta property=\"og:url\" content=\"https:\/\/www.lifenatura.com\/es\/produto\/tulsi-en-polvo-80g-salud-viva\/\" \/>\n<meta property=\"og:site_name\" content=\"Lifenatura\" \/>\n<meta property=\"article:publisher\" content=\"https:\/\/www.facebook.com\/lifenatura\" \/>\n<meta property=\"article:modified_time\" content=\"2025-09-23T19:45:27+00:00\" \/>\n<meta property=\"og:image\" content=\"https:\/\/www.lifenatura.com\/wp-content\/uploads\/2025\/05\/Tulsi-em-po-80g-salud-viva.jpg\" \/>\n\t<meta property=\"og:image:width\" content=\"1000\" \/>\n\t<meta property=\"og:image:height\" content=\"1000\" \/>\n\t<meta property=\"og:image:type\" content=\"image\/jpeg\" \/>\n<meta name=\"twitter:card\" content=\"summary_large_image\" \/>\n<meta name=\"twitter:label1\" content=\"Precio\" \/>\n\t<meta name=\"twitter:data1\" content=\"5,09&nbsp;&euro;\" \/>\n\t<meta name=\"twitter:label2\" content=\"Disponibilidad\" \/>\n\t<meta name=\"twitter:data2\" content=\"Disponible\" \/>\n<script type=\"application\/ld+json\" class=\"yoast-schema-graph\">{\"@context\":\"https:\\\/\\\/schema.org\",\"@graph\":[{\"@type\":\"WebPage\",\"@id\":\"https:\\\/\\\/www.lifenatura.com\\\/es\\\/produto\\\/tulsi-en-polvo-80g-salud-viva\\\/\",\"url\":\"https:\\\/\\\/www.lifenatura.com\\\/es\\\/produto\\\/tulsi-en-polvo-80g-salud-viva\\\/\",\"name\":\"Tulsi en polvo 80g - Salud Viva - Na Lifenatura ao Melhor Pre\u00e7o | Envio em 48h\",\"isPartOf\":{\"@id\":\"https:\\\/\\\/www.lifenatura.com\\\/es\\\/#website\"},\"primaryImageOfPage\":{\"@id\":\"https:\\\/\\\/www.lifenatura.com\\\/es\\\/produto\\\/tulsi-en-polvo-80g-salud-viva\\\/#primaryimage\"},\"image\":{\"@id\":\"https:\\\/\\\/www.lifenatura.com\\\/es\\\/produto\\\/tulsi-en-polvo-80g-salud-viva\\\/#primaryimage\"},\"thumbnailUrl\":\"https:\\\/\\\/www.lifenatura.com\\\/wp-content\\\/uploads\\\/2025\\\/05\\\/Tulsi-em-po-80g-salud-viva.jpg\",\"datePublished\":\"2025-05-13T14:03:33+00:00\",\"dateModified\":\"2025-09-23T19:45:27+00:00\",\"description\":\"Tulsi Polvo Bio 80g Salud Viva - Albahaca Santa Ayurv\u00e9dica con acci\u00f3n adapt\u00f3gena. Favorece la inmunidad, el equilibrio energ\u00e9tico y el bienestar natural.\",\"breadcrumb\":{\"@id\":\"https:\\\/\\\/www.lifenatura.com\\\/es\\\/produto\\\/tulsi-en-polvo-80g-salud-viva\\\/#breadcrumb\"},\"inLanguage\":\"es\",\"potentialAction\":[{\"@type\":\"ReadAction\",\"target\":[\"https:\\\/\\\/www.lifenatura.com\\\/es\\\/produto\\\/tulsi-en-polvo-80g-salud-viva\\\/\"]}]},{\"@type\":\"ImageObject\",\"inLanguage\":\"es\",\"@id\":\"https:\\\/\\\/www.lifenatura.com\\\/es\\\/produto\\\/tulsi-en-polvo-80g-salud-viva\\\/#primaryimage\",\"url\":\"https:\\\/\\\/www.lifenatura.com\\\/wp-content\\\/uploads\\\/2025\\\/05\\\/Tulsi-em-po-80g-salud-viva.jpg\",\"contentUrl\":\"https:\\\/\\\/www.lifenatura.com\\\/wp-content\\\/uploads\\\/2025\\\/05\\\/Tulsi-em-po-80g-salud-viva.jpg\",\"width\":1000,\"height\":1000},{\"@type\":\"BreadcrumbList\",\"@id\":\"https:\\\/\\\/www.lifenatura.com\\\/es\\\/produto\\\/tulsi-en-polvo-80g-salud-viva\\\/#breadcrumb\",\"itemListElement\":[{\"@type\":\"ListItem\",\"position\":1,\"name\":\"In\u00edcio\",\"item\":\"https:\\\/\\\/www.lifenatura.com\\\/es\\\/\"},{\"@type\":\"ListItem\",\"position\":2,\"name\":\"Todos los Productos\",\"item\":\"https:\\\/\\\/www.lifenatura.com\\\/es\\\/tienda\\\/\"},{\"@type\":\"ListItem\",\"position\":3,\"name\":\"Tulsi en polvo 80g &#8211; Salud Viva\"}]},{\"@type\":\"WebSite\",\"@id\":\"https:\\\/\\\/www.lifenatura.com\\\/es\\\/#website\",\"url\":\"https:\\\/\\\/www.lifenatura.com\\\/es\\\/\",\"name\":\"Lifenatura\",\"description\":\"A Lifenatura \u00e9 uma loja de produtos naturais, cosm\u00e9tica natural e alimenta\u00e7\u00e3o Biol\u00f3gica.\",\"publisher\":{\"@id\":\"https:\\\/\\\/www.lifenatura.com\\\/es\\\/#organization\"},\"potentialAction\":[{\"@type\":\"SearchAction\",\"target\":{\"@type\":\"EntryPoint\",\"urlTemplate\":\"https:\\\/\\\/www.lifenatura.com\\\/es\\\/?s={search_term_string}\"},\"query-input\":{\"@type\":\"PropertyValueSpecification\",\"valueRequired\":true,\"valueName\":\"search_term_string\"}}],\"inLanguage\":\"es\"},{\"@type\":\"Organization\",\"@id\":\"https:\\\/\\\/www.lifenatura.com\\\/es\\\/#organization\",\"name\":\"Lifenatura\",\"url\":\"https:\\\/\\\/www.lifenatura.com\\\/es\\\/\",\"logo\":{\"@type\":\"ImageObject\",\"inLanguage\":\"es\",\"@id\":\"https:\\\/\\\/www.lifenatura.com\\\/es\\\/#\\\/schema\\\/logo\\\/image\\\/\",\"url\":\"https:\\\/\\\/www.lifenatura.com\\\/wp-content\\\/uploads\\\/2021\\\/07\\\/logo.png\",\"contentUrl\":\"https:\\\/\\\/www.lifenatura.com\\\/wp-content\\\/uploads\\\/2021\\\/07\\\/logo.png\",\"width\":175,\"height\":55,\"caption\":\"Lifenatura\"},\"image\":{\"@id\":\"https:\\\/\\\/www.lifenatura.com\\\/es\\\/#\\\/schema\\\/logo\\\/image\\\/\"},\"sameAs\":[\"https:\\\/\\\/www.facebook.com\\\/lifenatura\",\"https:\\\/\\\/www.instagram.com\\\/lifenaturapt\\\/\"],\"hasMerchantReturnPolicy\":{\"@type\":\"MerchantReturnPolicy\",\"merchantReturnLink\":\"https:\\\/\\\/www.lifenatura.com\\\/termos-condicoes-lifenatura\\\/\"}}]}<\/script>\n<meta property=\"product:price:amount\" content=\"5.09\" \/>\n<meta property=\"product:price:currency\" content=\"EUR\" \/>\n<meta property=\"og:availability\" content=\"instock\" \/>\n<meta property=\"product:availability\" content=\"instock\" \/>\n<meta property=\"product:retailer_item_id\" content=\"25740000004\" \/>\n<meta property=\"product:condition\" content=\"new\" \/>\n<!-- \/ Yoast SEO Premium plugin. -->","yoast_head_json":{"title":"Tulsi en polvo 80g - Salud Viva - Na Lifenatura ao Melhor Pre\u00e7o | Envio em 48h","description":"Tulsi Polvo Bio 80g Salud Viva - Albahaca Santa Ayurv\u00e9dica con acci\u00f3n adapt\u00f3gena. Favorece la inmunidad, el equilibrio energ\u00e9tico y el bienestar natural.","robots":{"index":"index","follow":"follow","max-snippet":"max-snippet:-1","max-image-preview":"max-image-preview:large","max-video-preview":"max-video-preview:-1"},"canonical":"https:\/\/www.lifenatura.com\/es\/produto\/tulsi-en-polvo-80g-salud-viva\/","og_locale":"es_ES","og_type":"article","og_title":"Tulsi en polvo 80g - Salud Viva - Na Lifenatura ao Melhor Pre\u00e7o | Envio 48h","og_description":"Compre Tulsi en polvo 80g - Salud Viva com envio r\u00e1pido. Entrega em 48h e portes gr\u00e1tis em compras >35\u20ac. Aproveite j\u00e1 na Lifenatura","og_url":"https:\/\/www.lifenatura.com\/es\/produto\/tulsi-en-polvo-80g-salud-viva\/","og_site_name":"Lifenatura","article_publisher":"https:\/\/www.facebook.com\/lifenatura","article_modified_time":"2025-09-23T19:45:27+00:00","og_image":[{"width":1000,"height":1000,"url":"https:\/\/www.lifenatura.com\/wp-content\/uploads\/2025\/05\/Tulsi-em-po-80g-salud-viva.jpg","type":"image\/jpeg"}],"twitter_card":"summary_large_image","twitter_misc":{"Precio":"5,09&nbsp;&euro;","Disponibilidad":"Disponible"},"schema":{"@context":"https:\/\/schema.org","@graph":[{"@type":"WebPage","@id":"https:\/\/www.lifenatura.com\/es\/produto\/tulsi-en-polvo-80g-salud-viva\/","url":"https:\/\/www.lifenatura.com\/es\/produto\/tulsi-en-polvo-80g-salud-viva\/","name":"Tulsi en polvo 80g - Salud Viva - Na Lifenatura ao Melhor Pre\u00e7o | Envio em 48h","isPartOf":{"@id":"https:\/\/www.lifenatura.com\/es\/#website"},"primaryImageOfPage":{"@id":"https:\/\/www.lifenatura.com\/es\/produto\/tulsi-en-polvo-80g-salud-viva\/#primaryimage"},"image":{"@id":"https:\/\/www.lifenatura.com\/es\/produto\/tulsi-en-polvo-80g-salud-viva\/#primaryimage"},"thumbnailUrl":"https:\/\/www.lifenatura.com\/wp-content\/uploads\/2025\/05\/Tulsi-em-po-80g-salud-viva.jpg","datePublished":"2025-05-13T14:03:33+00:00","dateModified":"2025-09-23T19:45:27+00:00","description":"Tulsi Polvo Bio 80g Salud Viva - Albahaca Santa Ayurv\u00e9dica con acci\u00f3n adapt\u00f3gena. Favorece la inmunidad, el equilibrio energ\u00e9tico y el bienestar natural.","breadcrumb":{"@id":"https:\/\/www.lifenatura.com\/es\/produto\/tulsi-en-polvo-80g-salud-viva\/#breadcrumb"},"inLanguage":"es","potentialAction":[{"@type":"ReadAction","target":["https:\/\/www.lifenatura.com\/es\/produto\/tulsi-en-polvo-80g-salud-viva\/"]}]},{"@type":"ImageObject","inLanguage":"es","@id":"https:\/\/www.lifenatura.com\/es\/produto\/tulsi-en-polvo-80g-salud-viva\/#primaryimage","url":"https:\/\/www.lifenatura.com\/wp-content\/uploads\/2025\/05\/Tulsi-em-po-80g-salud-viva.jpg","contentUrl":"https:\/\/www.lifenatura.com\/wp-content\/uploads\/2025\/05\/Tulsi-em-po-80g-salud-viva.jpg","width":1000,"height":1000},{"@type":"BreadcrumbList","@id":"https:\/\/www.lifenatura.com\/es\/produto\/tulsi-en-polvo-80g-salud-viva\/#breadcrumb","itemListElement":[{"@type":"ListItem","position":1,"name":"In\u00edcio","item":"https:\/\/www.lifenatura.com\/es\/"},{"@type":"ListItem","position":2,"name":"Todos los Productos","item":"https:\/\/www.lifenatura.com\/es\/tienda\/"},{"@type":"ListItem","position":3,"name":"Tulsi en polvo 80g &#8211; Salud Viva"}]},{"@type":"WebSite","@id":"https:\/\/www.lifenatura.com\/es\/#website","url":"https:\/\/www.lifenatura.com\/es\/","name":"Lifenatura","description":"A Lifenatura \u00e9 uma loja de produtos naturais, cosm\u00e9tica natural e alimenta\u00e7\u00e3o Biol\u00f3gica.","publisher":{"@id":"https:\/\/www.lifenatura.com\/es\/#organization"},"potentialAction":[{"@type":"SearchAction","target":{"@type":"EntryPoint","urlTemplate":"https:\/\/www.lifenatura.com\/es\/?s={search_term_string}"},"query-input":{"@type":"PropertyValueSpecification","valueRequired":true,"valueName":"search_term_string"}}],"inLanguage":"es"},{"@type":"Organization","@id":"https:\/\/www.lifenatura.com\/es\/#organization","name":"Lifenatura","url":"https:\/\/www.lifenatura.com\/es\/","logo":{"@type":"ImageObject","inLanguage":"es","@id":"https:\/\/www.lifenatura.com\/es\/#\/schema\/logo\/image\/","url":"https:\/\/www.lifenatura.com\/wp-content\/uploads\/2021\/07\/logo.png","contentUrl":"https:\/\/www.lifenatura.com\/wp-content\/uploads\/2021\/07\/logo.png","width":175,"height":55,"caption":"Lifenatura"},"image":{"@id":"https:\/\/www.lifenatura.com\/es\/#\/schema\/logo\/image\/"},"sameAs":["https:\/\/www.facebook.com\/lifenatura","https:\/\/www.instagram.com\/lifenaturapt\/"],"hasMerchantReturnPolicy":{"@type":"MerchantReturnPolicy","merchantReturnLink":"https:\/\/www.lifenatura.com\/termos-condicoes-lifenatura\/"}}]},"product_price_amount":"5.09","product_price_currency":"EUR","og_availability":"instock","product_availability":"instock","product_retailer_item_id":"25740000004","product_condition":"new"},"df_price":5.09,"df_sale_price":"","df_regular_price":5.09,"df_image_link":"https:\/\/www.lifenatura.com\/wp-content\/uploads\/2025\/05\/Tulsi-em-po-80g-salud-viva-300x300.jpg","_links":{"self":[{"href":"https:\/\/www.lifenatura.com\/es\/wp-json\/wp\/v2\/product\/116368","targetHints":{"allow":["GET"]}}],"collection":[{"href":"https:\/\/www.lifenatura.com\/es\/wp-json\/wp\/v2\/product"}],"about":[{"href":"https:\/\/www.lifenatura.com\/es\/wp-json\/wp\/v2\/types\/product"}],"wp:featuredmedia":[{"embeddable":true,"href":"https:\/\/www.lifenatura.com\/es\/wp-json\/wp\/v2\/media\/111387"}],"wp:attachment":[{"href":"https:\/\/www.lifenatura.com\/es\/wp-json\/wp\/v2\/media?parent=116368"}],"wp:term":[{"taxonomy":"product_brand","embeddable":true,"href":"https:\/\/www.lifenatura.com\/es\/wp-json\/wp\/v2\/product_brand?post=116368"},{"taxonomy":"product_cat","embeddable":true,"href":"https:\/\/www.lifenatura.com\/es\/wp-json\/wp\/v2\/product_cat?post=116368"},{"taxonomy":"product_tag","embeddable":true,"href":"https:\/\/www.lifenatura.com\/es\/wp-json\/wp\/v2\/product_tag?post=116368"}],"curies":[{"name":"wp","href":"https:\/\/api.w.org\/{rel}","templated":true}]}}