{"id":116365,"date":"2025-05-13T14:04:32","date_gmt":"2025-05-13T14:04:32","guid":{"rendered":"https:\/\/www.lifenatura.com\/produto\/matcha-en-polvo-50g-salud-viva\/"},"modified":"2025-09-20T06:44:26","modified_gmt":"2025-09-20T06:44:26","slug":"matcha-en-polvo-50g-salud-viva","status":"publish","type":"product","link":"https:\/\/www.lifenatura.com\/es\/produto\/matcha-en-polvo-50g-salud-viva\/","title":{"rendered":"Matcha en polvo 50g &#8211; Salud Viva"},"content":{"rendered":"<h2 style=\"text-align: left;\" data-start=\"194\" data-end=\"228\"><strong>Matcha en Polvo 50g &#8211; Salud Viva<\/strong><\/h2>\n<p>&nbsp;<\/p>\n<p data-start=\"279\" data-end=\"595\">El <strong data-start=\"281\" data-end=\"311\">t\u00e9 Matcha en polvo de Salud Viva<\/strong> es un t\u00e9 verde japon\u00e9s de primera calidad, producido a partir de hojas j\u00f3venes cultivadas a la sombra, recolectadas a mano y molidas finamente sobre piedra. Este m\u00e9todo tradicional garantiza un polvo verde vibrante, rico en nutrientes y con un sabor delicado y ligeramente dulce.<\/p>\n<p data-start=\"597\" data-end=\"926\">A diferencia de los t\u00e9s ordinarios, el matcha se elabora a partir de la hoja entera, lo que proporciona una concentraci\u00f3n mucho mayor de <strong data-start=\"718\" data-end=\"760\">antioxidantes, amino\u00e1cidos y vitaminas<\/strong>. Es especialmente rico en <strong data-start=\"786\" data-end=\"800\">catequinas<\/strong>, como la EGCG (galato de epigalocatequina), reconocida por su potente efecto protector de las c\u00e9lulas y su acci\u00f3n antienvejecimiento.<\/p>\n<p data-start=\"928\" data-end=\"1237\">Gracias a su contenido en <strong data-start=\"950\" data-end=\"963\">L-teanina<\/strong>, el matcha favorece un estado de calma y concentraci\u00f3n mental, mientras que <strong data-start=\"1027\" data-end=\"1046\">la cafe\u00edna natural<\/strong> proporciona energ\u00eda de forma equilibrada y prolongada, evitando los picos y bajones asociados al caf\u00e9. Es perfecto para empezar el d\u00eda o para los momentos en que necesitas mantener la concentraci\u00f3n.<\/p>\n<p data-start=\"1239\" data-end=\"1464\">El polvo de matcha de Salud Viva es extremadamente vers\u00e1til: se puede utilizar para preparar t\u00e9 tradicional, matcha lattes, batidos, postres e incluso recetas saladas, ofreciendo un color, un sabor y unos beneficios nutricionales \u00fanicos.<\/p>\n<p data-start=\"1466\" data-end=\"1494\"><strong>Principales ventajas:<\/strong><\/p>\n<ul data-start=\"1495\" data-end=\"1754\">\n<li data-start=\"1495\" data-end=\"1564\">\n<p data-start=\"1497\" data-end=\"1564\">Rico en <strong data-start=\"1505\" data-end=\"1522\">antioxidantes<\/strong> que protegen contra el estr\u00e9s oxidativo;<\/p>\n<\/li>\n<li data-start=\"1565\" data-end=\"1611\">\n<p data-start=\"1567\" data-end=\"1611\"><strong data-start=\"1567\" data-end=\"1588\">Aumenta la energ\u00eda<\/strong> de forma sostenida;<\/p>\n<\/li>\n<li data-start=\"1612\" data-end=\"1652\">\n<p data-start=\"1614\" data-end=\"1652\">Mejora <strong data-start=\"1624\" data-end=\"1649\">el enfoque y la concentraci\u00f3n<\/strong>;<\/p>\n<\/li>\n<li data-start=\"1653\" data-end=\"1702\">\n<p data-start=\"1655\" data-end=\"1702\">Puede ayudar a <strong data-start=\"1670\" data-end=\"1699\">acelerar el metabolismo<\/strong>;<\/p>\n<\/li>\n<li data-start=\"1703\" data-end=\"1754\">\n<p data-start=\"1705\" data-end=\"1754\">Producto <strong data-start=\"1713\" data-end=\"1751\">100% natural y ecol\u00f3gico<\/strong>.<\/p>\n<\/li>\n<\/ul>\n<p data-start=\"1756\" data-end=\"1773\"><strong>Indicaciones:<\/strong><\/p>\n<p data-start=\"1774\" data-end=\"1825\"><strong data-start=\"1776\" data-end=\"1806\">Matcha en Polvo de Salud<\/strong> Viva est\u00e1 indicado para:<\/p>\n<ul data-start=\"1826\" data-end=\"2030\">\n<li data-start=\"1826\" data-end=\"1870\">\n<p data-start=\"1828\" data-end=\"1870\">Los que buscan energ\u00eda limpia y duradera;<\/p>\n<\/li>\n<li data-start=\"1871\" data-end=\"1932\">\n<p data-start=\"1873\" data-end=\"1932\">Personas que desean aumentar su ingesta de antioxidantes;<\/p>\n<\/li>\n<li data-start=\"1933\" data-end=\"1980\">\n<p data-start=\"1935\" data-end=\"1980\">Aficionados a la alimentaci\u00f3n sana y creativa;<\/p>\n<\/li>\n<li data-start=\"1981\" data-end=\"2030\">\n<p data-start=\"1983\" data-end=\"2030\">Amantes de la cultura y la tradici\u00f3n japonesas del t\u00e9.<\/p>\n<\/li>\n<\/ul>\n<p><strong>Presentaci\u00f3n:<\/strong><\/p>\n<p>50g<\/p>\n<p>&nbsp;<\/p>\n","protected":false},"excerpt":{"rendered":"<p>Matcha en Polvo Salud Viva &#8211; T\u00e9 verde japon\u00e9s de primera calidad, rico en antioxidantes, energ\u00eda natural y concentraci\u00f3n mental. 100% ecol\u00f3gico. [&#8230;]<\/p>\n<p><a class=\"btn btn-secondary understrap-read-more-link\" href=\"https:\/\/www.lifenatura.com\/es\/produto\/matcha-en-polvo-50g-salud-viva\/\">Leer m\u00e1s&#8230;<span class=\"screen-reader-text\"> from Matcha en polvo 50g &#8211; Salud Viva<\/span><\/a><\/p>\n","protected":false},"featured_media":111618,"template":"","meta":{"_acf_changed":false},"product_brand":[8295],"product_cat":[7064,7659,7743,7071],"product_tag":[],"class_list":{"0":"post-116365","1":"product","2":"type-product","3":"status-publish","4":"has-post-thumbnail","6":"product_brand-salud-viva","7":"product_cat-alimentacion-sana","8":"product_cat-ingrediente-natural-bio","9":"product_cat-matcha-es","10":"product_cat-tes-y-infusiones","12":"first","13":"instock","14":"shipping-taxable","15":"purchasable","16":"product-type-simple","17":"add-to-wishlist-before_image"},"acf":[],"yoast_head":"<!-- This site is optimized with the Yoast SEO Premium plugin v27.1 (Yoast SEO v27.5) - https:\/\/yoast.com\/product\/yoast-seo-premium-wordpress\/ -->\n<title>Matcha en polvo 50g - Salud Viva - Na Lifenatura ao Melhor Pre\u00e7o | Envio em 48h<\/title>\n<meta name=\"description\" content=\"Matcha en Polvo Salud Viva - T\u00e9 verde japon\u00e9s de primera calidad, rico en antioxidantes, energ\u00eda natural y concentraci\u00f3n mental. 100% ecol\u00f3gico.\" \/>\n<meta name=\"robots\" content=\"index, follow, max-snippet:-1, max-image-preview:large, max-video-preview:-1\" \/>\n<link rel=\"canonical\" href=\"https:\/\/www.lifenatura.com\/es\/produto\/matcha-en-polvo-50g-salud-viva\/\" \/>\n<meta property=\"og:locale\" content=\"es_ES\" \/>\n<meta property=\"og:type\" content=\"article\" \/>\n<meta property=\"og:title\" content=\"Matcha en polvo 50g - Salud Viva - Na Lifenatura ao Melhor Pre\u00e7o | Envio 48h\" \/>\n<meta property=\"og:description\" content=\"Compre Matcha en polvo 50g - Salud Viva com envio r\u00e1pido. Entrega em 48h e portes gr\u00e1tis em compras &gt;35\u20ac. Aproveite j\u00e1 na Lifenatura\" \/>\n<meta property=\"og:url\" content=\"https:\/\/www.lifenatura.com\/es\/produto\/matcha-en-polvo-50g-salud-viva\/\" \/>\n<meta property=\"og:site_name\" content=\"Lifenatura\" \/>\n<meta property=\"article:publisher\" content=\"https:\/\/www.facebook.com\/lifenatura\" \/>\n<meta property=\"article:modified_time\" content=\"2025-09-20T06:44:26+00:00\" \/>\n<meta property=\"og:image\" content=\"https:\/\/www.lifenatura.com\/wp-content\/uploads\/2025\/05\/matcha-bio-50g-salud-viva.jpg\" \/>\n\t<meta property=\"og:image:width\" content=\"1000\" \/>\n\t<meta property=\"og:image:height\" content=\"1000\" \/>\n\t<meta property=\"og:image:type\" content=\"image\/jpeg\" \/>\n<meta name=\"twitter:card\" content=\"summary_large_image\" \/>\n<meta name=\"twitter:label1\" content=\"Precio\" \/>\n\t<meta name=\"twitter:data1\" content=\"17,06&nbsp;&euro;\" \/>\n\t<meta name=\"twitter:label2\" content=\"Disponibilidad\" \/>\n\t<meta name=\"twitter:data2\" content=\"Disponible\" \/>\n<script type=\"application\/ld+json\" class=\"yoast-schema-graph\">{\"@context\":\"https:\\\/\\\/schema.org\",\"@graph\":[{\"@type\":\"WebPage\",\"@id\":\"https:\\\/\\\/www.lifenatura.com\\\/es\\\/produto\\\/matcha-en-polvo-50g-salud-viva\\\/\",\"url\":\"https:\\\/\\\/www.lifenatura.com\\\/es\\\/produto\\\/matcha-en-polvo-50g-salud-viva\\\/\",\"name\":\"Matcha en polvo 50g - Salud Viva - Na Lifenatura ao Melhor Pre\u00e7o | Envio em 48h\",\"isPartOf\":{\"@id\":\"https:\\\/\\\/www.lifenatura.com\\\/es\\\/#website\"},\"primaryImageOfPage\":{\"@id\":\"https:\\\/\\\/www.lifenatura.com\\\/es\\\/produto\\\/matcha-en-polvo-50g-salud-viva\\\/#primaryimage\"},\"image\":{\"@id\":\"https:\\\/\\\/www.lifenatura.com\\\/es\\\/produto\\\/matcha-en-polvo-50g-salud-viva\\\/#primaryimage\"},\"thumbnailUrl\":\"https:\\\/\\\/www.lifenatura.com\\\/wp-content\\\/uploads\\\/2025\\\/05\\\/matcha-bio-50g-salud-viva.jpg\",\"datePublished\":\"2025-05-13T14:04:32+00:00\",\"dateModified\":\"2025-09-20T06:44:26+00:00\",\"description\":\"Matcha en Polvo Salud Viva - T\u00e9 verde japon\u00e9s de primera calidad, rico en antioxidantes, energ\u00eda natural y concentraci\u00f3n mental. 100% ecol\u00f3gico.\",\"breadcrumb\":{\"@id\":\"https:\\\/\\\/www.lifenatura.com\\\/es\\\/produto\\\/matcha-en-polvo-50g-salud-viva\\\/#breadcrumb\"},\"inLanguage\":\"es\",\"potentialAction\":[{\"@type\":\"ReadAction\",\"target\":[\"https:\\\/\\\/www.lifenatura.com\\\/es\\\/produto\\\/matcha-en-polvo-50g-salud-viva\\\/\"]}]},{\"@type\":\"ImageObject\",\"inLanguage\":\"es\",\"@id\":\"https:\\\/\\\/www.lifenatura.com\\\/es\\\/produto\\\/matcha-en-polvo-50g-salud-viva\\\/#primaryimage\",\"url\":\"https:\\\/\\\/www.lifenatura.com\\\/wp-content\\\/uploads\\\/2025\\\/05\\\/matcha-bio-50g-salud-viva.jpg\",\"contentUrl\":\"https:\\\/\\\/www.lifenatura.com\\\/wp-content\\\/uploads\\\/2025\\\/05\\\/matcha-bio-50g-salud-viva.jpg\",\"width\":1000,\"height\":1000},{\"@type\":\"BreadcrumbList\",\"@id\":\"https:\\\/\\\/www.lifenatura.com\\\/es\\\/produto\\\/matcha-en-polvo-50g-salud-viva\\\/#breadcrumb\",\"itemListElement\":[{\"@type\":\"ListItem\",\"position\":1,\"name\":\"In\u00edcio\",\"item\":\"https:\\\/\\\/www.lifenatura.com\\\/es\\\/\"},{\"@type\":\"ListItem\",\"position\":2,\"name\":\"Todos los Productos\",\"item\":\"https:\\\/\\\/www.lifenatura.com\\\/es\\\/tienda\\\/\"},{\"@type\":\"ListItem\",\"position\":3,\"name\":\"Matcha en polvo 50g &#8211; Salud Viva\"}]},{\"@type\":\"WebSite\",\"@id\":\"https:\\\/\\\/www.lifenatura.com\\\/es\\\/#website\",\"url\":\"https:\\\/\\\/www.lifenatura.com\\\/es\\\/\",\"name\":\"Lifenatura\",\"description\":\"A Lifenatura \u00e9 uma loja de produtos naturais, cosm\u00e9tica natural e alimenta\u00e7\u00e3o Biol\u00f3gica.\",\"publisher\":{\"@id\":\"https:\\\/\\\/www.lifenatura.com\\\/es\\\/#organization\"},\"potentialAction\":[{\"@type\":\"SearchAction\",\"target\":{\"@type\":\"EntryPoint\",\"urlTemplate\":\"https:\\\/\\\/www.lifenatura.com\\\/es\\\/?s={search_term_string}\"},\"query-input\":{\"@type\":\"PropertyValueSpecification\",\"valueRequired\":true,\"valueName\":\"search_term_string\"}}],\"inLanguage\":\"es\"},{\"@type\":\"Organization\",\"@id\":\"https:\\\/\\\/www.lifenatura.com\\\/es\\\/#organization\",\"name\":\"Lifenatura\",\"url\":\"https:\\\/\\\/www.lifenatura.com\\\/es\\\/\",\"logo\":{\"@type\":\"ImageObject\",\"inLanguage\":\"es\",\"@id\":\"https:\\\/\\\/www.lifenatura.com\\\/es\\\/#\\\/schema\\\/logo\\\/image\\\/\",\"url\":\"https:\\\/\\\/www.lifenatura.com\\\/wp-content\\\/uploads\\\/2021\\\/07\\\/logo.png\",\"contentUrl\":\"https:\\\/\\\/www.lifenatura.com\\\/wp-content\\\/uploads\\\/2021\\\/07\\\/logo.png\",\"width\":175,\"height\":55,\"caption\":\"Lifenatura\"},\"image\":{\"@id\":\"https:\\\/\\\/www.lifenatura.com\\\/es\\\/#\\\/schema\\\/logo\\\/image\\\/\"},\"sameAs\":[\"https:\\\/\\\/www.facebook.com\\\/lifenatura\",\"https:\\\/\\\/www.instagram.com\\\/lifenaturapt\\\/\"],\"hasMerchantReturnPolicy\":{\"@type\":\"MerchantReturnPolicy\",\"merchantReturnLink\":\"https:\\\/\\\/www.lifenatura.com\\\/termos-condicoes-lifenatura\\\/\"}}]}<\/script>\n<meta property=\"product:price:amount\" content=\"17.06\" \/>\n<meta property=\"product:price:currency\" content=\"EUR\" \/>\n<meta property=\"og:availability\" content=\"instock\" \/>\n<meta property=\"product:availability\" content=\"instock\" \/>\n<meta property=\"product:retailer_item_id\" content=\"1480000009\" \/>\n<meta property=\"product:condition\" content=\"new\" \/>\n<!-- \/ Yoast SEO Premium plugin. -->","yoast_head_json":{"title":"Matcha en polvo 50g - Salud Viva - Na Lifenatura ao Melhor Pre\u00e7o | Envio em 48h","description":"Matcha en Polvo Salud Viva - T\u00e9 verde japon\u00e9s de primera calidad, rico en antioxidantes, energ\u00eda natural y concentraci\u00f3n mental. 100% ecol\u00f3gico.","robots":{"index":"index","follow":"follow","max-snippet":"max-snippet:-1","max-image-preview":"max-image-preview:large","max-video-preview":"max-video-preview:-1"},"canonical":"https:\/\/www.lifenatura.com\/es\/produto\/matcha-en-polvo-50g-salud-viva\/","og_locale":"es_ES","og_type":"article","og_title":"Matcha en polvo 50g - Salud Viva - Na Lifenatura ao Melhor Pre\u00e7o | Envio 48h","og_description":"Compre Matcha en polvo 50g - Salud Viva com envio r\u00e1pido. Entrega em 48h e portes gr\u00e1tis em compras >35\u20ac. Aproveite j\u00e1 na Lifenatura","og_url":"https:\/\/www.lifenatura.com\/es\/produto\/matcha-en-polvo-50g-salud-viva\/","og_site_name":"Lifenatura","article_publisher":"https:\/\/www.facebook.com\/lifenatura","article_modified_time":"2025-09-20T06:44:26+00:00","og_image":[{"width":1000,"height":1000,"url":"https:\/\/www.lifenatura.com\/wp-content\/uploads\/2025\/05\/matcha-bio-50g-salud-viva.jpg","type":"image\/jpeg"}],"twitter_card":"summary_large_image","twitter_misc":{"Precio":"17,06&nbsp;&euro;","Disponibilidad":"Disponible"},"schema":{"@context":"https:\/\/schema.org","@graph":[{"@type":"WebPage","@id":"https:\/\/www.lifenatura.com\/es\/produto\/matcha-en-polvo-50g-salud-viva\/","url":"https:\/\/www.lifenatura.com\/es\/produto\/matcha-en-polvo-50g-salud-viva\/","name":"Matcha en polvo 50g - Salud Viva - Na Lifenatura ao Melhor Pre\u00e7o | Envio em 48h","isPartOf":{"@id":"https:\/\/www.lifenatura.com\/es\/#website"},"primaryImageOfPage":{"@id":"https:\/\/www.lifenatura.com\/es\/produto\/matcha-en-polvo-50g-salud-viva\/#primaryimage"},"image":{"@id":"https:\/\/www.lifenatura.com\/es\/produto\/matcha-en-polvo-50g-salud-viva\/#primaryimage"},"thumbnailUrl":"https:\/\/www.lifenatura.com\/wp-content\/uploads\/2025\/05\/matcha-bio-50g-salud-viva.jpg","datePublished":"2025-05-13T14:04:32+00:00","dateModified":"2025-09-20T06:44:26+00:00","description":"Matcha en Polvo Salud Viva - T\u00e9 verde japon\u00e9s de primera calidad, rico en antioxidantes, energ\u00eda natural y concentraci\u00f3n mental. 100% ecol\u00f3gico.","breadcrumb":{"@id":"https:\/\/www.lifenatura.com\/es\/produto\/matcha-en-polvo-50g-salud-viva\/#breadcrumb"},"inLanguage":"es","potentialAction":[{"@type":"ReadAction","target":["https:\/\/www.lifenatura.com\/es\/produto\/matcha-en-polvo-50g-salud-viva\/"]}]},{"@type":"ImageObject","inLanguage":"es","@id":"https:\/\/www.lifenatura.com\/es\/produto\/matcha-en-polvo-50g-salud-viva\/#primaryimage","url":"https:\/\/www.lifenatura.com\/wp-content\/uploads\/2025\/05\/matcha-bio-50g-salud-viva.jpg","contentUrl":"https:\/\/www.lifenatura.com\/wp-content\/uploads\/2025\/05\/matcha-bio-50g-salud-viva.jpg","width":1000,"height":1000},{"@type":"BreadcrumbList","@id":"https:\/\/www.lifenatura.com\/es\/produto\/matcha-en-polvo-50g-salud-viva\/#breadcrumb","itemListElement":[{"@type":"ListItem","position":1,"name":"In\u00edcio","item":"https:\/\/www.lifenatura.com\/es\/"},{"@type":"ListItem","position":2,"name":"Todos los Productos","item":"https:\/\/www.lifenatura.com\/es\/tienda\/"},{"@type":"ListItem","position":3,"name":"Matcha en polvo 50g &#8211; Salud Viva"}]},{"@type":"WebSite","@id":"https:\/\/www.lifenatura.com\/es\/#website","url":"https:\/\/www.lifenatura.com\/es\/","name":"Lifenatura","description":"A Lifenatura \u00e9 uma loja de produtos naturais, cosm\u00e9tica natural e alimenta\u00e7\u00e3o Biol\u00f3gica.","publisher":{"@id":"https:\/\/www.lifenatura.com\/es\/#organization"},"potentialAction":[{"@type":"SearchAction","target":{"@type":"EntryPoint","urlTemplate":"https:\/\/www.lifenatura.com\/es\/?s={search_term_string}"},"query-input":{"@type":"PropertyValueSpecification","valueRequired":true,"valueName":"search_term_string"}}],"inLanguage":"es"},{"@type":"Organization","@id":"https:\/\/www.lifenatura.com\/es\/#organization","name":"Lifenatura","url":"https:\/\/www.lifenatura.com\/es\/","logo":{"@type":"ImageObject","inLanguage":"es","@id":"https:\/\/www.lifenatura.com\/es\/#\/schema\/logo\/image\/","url":"https:\/\/www.lifenatura.com\/wp-content\/uploads\/2021\/07\/logo.png","contentUrl":"https:\/\/www.lifenatura.com\/wp-content\/uploads\/2021\/07\/logo.png","width":175,"height":55,"caption":"Lifenatura"},"image":{"@id":"https:\/\/www.lifenatura.com\/es\/#\/schema\/logo\/image\/"},"sameAs":["https:\/\/www.facebook.com\/lifenatura","https:\/\/www.instagram.com\/lifenaturapt\/"],"hasMerchantReturnPolicy":{"@type":"MerchantReturnPolicy","merchantReturnLink":"https:\/\/www.lifenatura.com\/termos-condicoes-lifenatura\/"}}]},"product_price_amount":"17.06","product_price_currency":"EUR","og_availability":"instock","product_availability":"instock","product_retailer_item_id":"1480000009","product_condition":"new"},"df_price":17.06,"df_sale_price":"","df_regular_price":17.06,"df_image_link":"https:\/\/www.lifenatura.com\/wp-content\/uploads\/2025\/05\/matcha-bio-50g-salud-viva-300x300.jpg","_links":{"self":[{"href":"https:\/\/www.lifenatura.com\/es\/wp-json\/wp\/v2\/product\/116365","targetHints":{"allow":["GET"]}}],"collection":[{"href":"https:\/\/www.lifenatura.com\/es\/wp-json\/wp\/v2\/product"}],"about":[{"href":"https:\/\/www.lifenatura.com\/es\/wp-json\/wp\/v2\/types\/product"}],"wp:featuredmedia":[{"embeddable":true,"href":"https:\/\/www.lifenatura.com\/es\/wp-json\/wp\/v2\/media\/111618"}],"wp:attachment":[{"href":"https:\/\/www.lifenatura.com\/es\/wp-json\/wp\/v2\/media?parent=116365"}],"wp:term":[{"taxonomy":"product_brand","embeddable":true,"href":"https:\/\/www.lifenatura.com\/es\/wp-json\/wp\/v2\/product_brand?post=116365"},{"taxonomy":"product_cat","embeddable":true,"href":"https:\/\/www.lifenatura.com\/es\/wp-json\/wp\/v2\/product_cat?post=116365"},{"taxonomy":"product_tag","embeddable":true,"href":"https:\/\/www.lifenatura.com\/es\/wp-json\/wp\/v2\/product_tag?post=116365"}],"curies":[{"name":"wp","href":"https:\/\/api.w.org\/{rel}","templated":true}]}}