{"id":116364,"date":"2025-05-13T15:57:42","date_gmt":"2025-05-13T15:57:42","guid":{"rendered":"https:\/\/www.lifenatura.com\/produto\/espirulina-azul-bio-polvo-25g-salud-viva\/"},"modified":"2025-09-22T09:39:01","modified_gmt":"2025-09-22T09:39:01","slug":"espirulina-azul-bio-polvo-25g-salud-viva","status":"publish","type":"product","link":"https:\/\/www.lifenatura.com\/es\/produto\/espirulina-azul-bio-polvo-25g-salud-viva\/","title":{"rendered":"Espirulina Azul Bio polvo 25g &#8211; Salud Viva"},"content":{"rendered":"<h2 style=\"text-align: left;\" data-start=\"176\" data-end=\"222\"><strong>Espirulina Azul en Polvo &#8211; Salud Viva<\/strong><\/h2>\n<p>&nbsp;<\/p>\n<p data-start=\"275\" data-end=\"658\"><strong data-start=\"277\" data-end=\"319\">La Espirulina Azul Bio Polvo de Salud Viva<\/strong> es un superalimento de primera calidad obtenido de la microalga <em data-start=\"376\" data-end=\"399\">Arthrospira platensis<\/em>, conocida por su excepcional perfil nutricional. Su intenso color azul se debe a la presencia de <strong data-start=\"496\" data-end=\"511\">ficocianina<\/strong>, un raro pigmento natural con una fuerte acci\u00f3n antioxidante, que ayuda a proteger las c\u00e9lulas contra el estr\u00e9s oxidativo y a promover el bienestar general.<\/p>\n<p data-start=\"660\" data-end=\"1045\">Este polvo org\u00e1nico es una fuente concentrada de <strong data-start=\"705\" data-end=\"734\">prote\u00edna vegetal completa<\/strong>, que contiene todos los amino\u00e1cidos esenciales, adem\u00e1s de ser rico en vitaminas del grupo B, hierro, magnesio y otros minerales que contribuyen a la energ\u00eda y vitalidad diarias. La espirulina azul tambi\u00e9n es apreciada por su acci\u00f3n desintoxicante, que ayuda a eliminar las toxinas del organismo y refuerza el sistema inmunitario.<\/p>\n<p data-start=\"1047\" data-end=\"1338\">Con su tono vibrante y sabor suave, <strong data-start=\"1087\" data-end=\"1115\">la Espirulina Azul en Polvo<\/strong> es perfecta para a\u00f1adir un extra de color y nutrici\u00f3n a batidos, zumos, cuencos, postres y recetas creativas, sin utilizar colorantes artificiales. Es una forma sencilla y deliciosa de incorporar m\u00e1s nutrientes a tu dieta diaria.<\/p>\n<p data-start=\"1340\" data-end=\"1368\"><strong>Principales ventajas:<\/strong><\/p>\n<ul data-start=\"1369\" data-end=\"1674\">\n<li data-start=\"1369\" data-end=\"1427\">\n<p data-start=\"1371\" data-end=\"1427\">Rico en <strong data-start=\"1379\" data-end=\"1394\">ficocianina<\/strong>, un potente antioxidante natural;<\/p>\n<\/li>\n<li data-start=\"1428\" data-end=\"1489\">\n<p data-start=\"1430\" data-end=\"1489\">Fuente de <strong data-start=\"1439\" data-end=\"1461\">prote\u00ednas vegetales<\/strong> y amino\u00e1cidos esenciales;<\/p>\n<\/li>\n<li data-start=\"1490\" data-end=\"1536\">\n<p data-start=\"1492\" data-end=\"1536\">Contribuye a la <strong data-start=\"1509\" data-end=\"1533\">energ\u00eda y la vitalidad<\/strong>;<\/p>\n<\/li>\n<li data-start=\"1537\" data-end=\"1574\">\n<p data-start=\"1539\" data-end=\"1574\">Refuerza el <strong data-start=\"1549\" data-end=\"1571\">sistema inmunitario<\/strong>;<\/p>\n<\/li>\n<li data-start=\"1575\" data-end=\"1627\">\n<p data-start=\"1577\" data-end=\"1627\">Favorece la <strong data-start=\"1585\" data-end=\"1611\">desintoxicaci\u00f3n natural<\/strong> del organismo;<\/p>\n<\/li>\n<li data-start=\"1628\" data-end=\"1674\">\n<p data-start=\"1630\" data-end=\"1674\"><strong data-start=\"1638\" data-end=\"1671\">Ecol\u00f3gico, vegano y sin gluten<\/strong>.<\/p>\n<\/li>\n<\/ul>\n<p data-start=\"1676\" data-end=\"1693\"><strong>Indicaciones:<\/strong><\/p>\n<p data-start=\"1694\" data-end=\"1757\"><strong data-start=\"1696\" data-end=\"1738\">La Espirulina Azul Bio Polvo de Salud Viva<\/strong> est\u00e1 indicada para:<\/p>\n<ul data-start=\"1758\" data-end=\"1989\">\n<li data-start=\"1758\" data-end=\"1810\">\n<p data-start=\"1760\" data-end=\"1810\">Aquellos que buscan potenciar su dieta con antioxidantes;<\/p>\n<\/li>\n<li data-start=\"1811\" data-end=\"1861\">\n<p data-start=\"1813\" data-end=\"1861\">Personas activas que necesitan m\u00e1s energ\u00eda;<\/p>\n<\/li>\n<li data-start=\"1862\" data-end=\"1908\">\n<p data-start=\"1864\" data-end=\"1908\">Deportistas y practicantes de ejercicio f\u00edsico;<\/p>\n<\/li>\n<li data-start=\"1909\" data-end=\"1953\">\n<p data-start=\"1911\" data-end=\"1953\">Dietas veganas, vegetarianas y funcionales;<\/p>\n<\/li>\n<li data-start=\"1954\" data-end=\"1989\">\n<p data-start=\"1956\" data-end=\"1989\">Recetas sanas y coloridas.<\/p>\n<\/li>\n<\/ul>\n<p><strong>Presentaci\u00f3n:<\/strong><\/p>\n<p>25g<\/p>\n<p>&nbsp;<\/p>\n","protected":false},"excerpt":{"rendered":"<p>Espirulina Azul Bio Polvo 25g Salud Viva &#8211; Superalimento antioxidante rico en ficocianina y prote\u00edna vegetal. Energ\u00eda, vitalidad y color vibrante en las recetas. [&#8230;]<\/p>\n<p><a class=\"btn btn-secondary understrap-read-more-link\" href=\"https:\/\/www.lifenatura.com\/es\/produto\/espirulina-azul-bio-polvo-25g-salud-viva\/\">Leer m\u00e1s&#8230;<span class=\"screen-reader-text\"> from Espirulina Azul Bio polvo 25g &#8211; Salud Viva<\/span><\/a><\/p>\n","protected":false},"featured_media":111415,"template":"","meta":{"_acf_changed":false},"product_brand":[8295],"product_cat":[7064,7785,7074,7100],"product_tag":[],"class_list":{"0":"post-116364","1":"product","2":"type-product","3":"status-publish","4":"has-post-thumbnail","6":"product_brand-salud-viva","7":"product_cat-alimentacion-sana","8":"product_cat-spirulina-es","9":"product_cat-productos-alimenticios","10":"product_cat-superalimentos-bio","12":"first","13":"instock","14":"shipping-taxable","15":"purchasable","16":"product-type-simple","17":"add-to-wishlist-before_image"},"acf":[],"yoast_head":"<!-- This site is optimized with the Yoast SEO Premium plugin v27.1 (Yoast SEO v27.6) - https:\/\/yoast.com\/product\/yoast-seo-premium-wordpress\/ -->\n<title>Espirulina Azul Bio polvo 25g - Salud Viva - Na Lifenatura ao Melhor Pre\u00e7o | Envio em 48h<\/title>\n<meta name=\"description\" content=\"Espirulina Azul Bio Polvo superalimento antioxidante rico en ficocianina y prote\u00edna vegetal. Energ\u00eda, vitalidad y color vibrante en las recetas.\" \/>\n<meta name=\"robots\" content=\"index, follow, max-snippet:-1, max-image-preview:large, max-video-preview:-1\" \/>\n<link rel=\"canonical\" href=\"https:\/\/www.lifenatura.com\/es\/produto\/espirulina-azul-bio-polvo-25g-salud-viva\/\" \/>\n<meta property=\"og:locale\" content=\"es_ES\" \/>\n<meta property=\"og:type\" content=\"article\" \/>\n<meta property=\"og:title\" content=\"Espirulina Azul Bio polvo 25g - Salud Viva - Na Lifenatura ao Melhor Pre\u00e7o | Envio 48h\" \/>\n<meta property=\"og:description\" content=\"Compre Espirulina Azul Bio polvo 25g - Salud Viva com envio r\u00e1pido. Entrega em 48h e portes gr\u00e1tis em compras &gt;35\u20ac. Aproveite j\u00e1 na Lifenatura\" \/>\n<meta property=\"og:url\" content=\"https:\/\/www.lifenatura.com\/es\/produto\/espirulina-azul-bio-polvo-25g-salud-viva\/\" \/>\n<meta property=\"og:site_name\" content=\"Lifenatura\" \/>\n<meta property=\"article:publisher\" content=\"https:\/\/www.facebook.com\/lifenatura\" \/>\n<meta property=\"article:modified_time\" content=\"2025-09-22T09:39:01+00:00\" \/>\n<meta property=\"og:image\" content=\"https:\/\/www.lifenatura.com\/wp-content\/uploads\/2025\/05\/spirulina-azul-25g-salud-viva.jpg\" \/>\n\t<meta property=\"og:image:width\" content=\"1000\" \/>\n\t<meta property=\"og:image:height\" content=\"1000\" \/>\n\t<meta property=\"og:image:type\" content=\"image\/jpeg\" \/>\n<meta name=\"twitter:card\" content=\"summary_large_image\" \/>\n<meta name=\"twitter:label1\" content=\"Precio\" \/>\n\t<meta name=\"twitter:data1\" content=\"18,32&nbsp;&euro;\" \/>\n\t<meta name=\"twitter:label2\" content=\"Disponibilidad\" \/>\n\t<meta name=\"twitter:data2\" content=\"Disponible\" \/>\n<script type=\"application\/ld+json\" class=\"yoast-schema-graph\">{\"@context\":\"https:\\\/\\\/schema.org\",\"@graph\":[{\"@type\":\"WebPage\",\"@id\":\"https:\\\/\\\/www.lifenatura.com\\\/es\\\/produto\\\/espirulina-azul-bio-polvo-25g-salud-viva\\\/\",\"url\":\"https:\\\/\\\/www.lifenatura.com\\\/es\\\/produto\\\/espirulina-azul-bio-polvo-25g-salud-viva\\\/\",\"name\":\"Espirulina Azul Bio polvo 25g - Salud Viva - Na Lifenatura ao Melhor Pre\u00e7o | Envio em 48h\",\"isPartOf\":{\"@id\":\"https:\\\/\\\/www.lifenatura.com\\\/es\\\/#website\"},\"primaryImageOfPage\":{\"@id\":\"https:\\\/\\\/www.lifenatura.com\\\/es\\\/produto\\\/espirulina-azul-bio-polvo-25g-salud-viva\\\/#primaryimage\"},\"image\":{\"@id\":\"https:\\\/\\\/www.lifenatura.com\\\/es\\\/produto\\\/espirulina-azul-bio-polvo-25g-salud-viva\\\/#primaryimage\"},\"thumbnailUrl\":\"https:\\\/\\\/www.lifenatura.com\\\/wp-content\\\/uploads\\\/2025\\\/05\\\/spirulina-azul-25g-salud-viva.jpg\",\"datePublished\":\"2025-05-13T15:57:42+00:00\",\"dateModified\":\"2025-09-22T09:39:01+00:00\",\"description\":\"Espirulina Azul Bio Polvo superalimento antioxidante rico en ficocianina y prote\u00edna vegetal. Energ\u00eda, vitalidad y color vibrante en las recetas.\",\"breadcrumb\":{\"@id\":\"https:\\\/\\\/www.lifenatura.com\\\/es\\\/produto\\\/espirulina-azul-bio-polvo-25g-salud-viva\\\/#breadcrumb\"},\"inLanguage\":\"es\",\"potentialAction\":[{\"@type\":\"ReadAction\",\"target\":[\"https:\\\/\\\/www.lifenatura.com\\\/es\\\/produto\\\/espirulina-azul-bio-polvo-25g-salud-viva\\\/\"]}]},{\"@type\":\"ImageObject\",\"inLanguage\":\"es\",\"@id\":\"https:\\\/\\\/www.lifenatura.com\\\/es\\\/produto\\\/espirulina-azul-bio-polvo-25g-salud-viva\\\/#primaryimage\",\"url\":\"https:\\\/\\\/www.lifenatura.com\\\/wp-content\\\/uploads\\\/2025\\\/05\\\/spirulina-azul-25g-salud-viva.jpg\",\"contentUrl\":\"https:\\\/\\\/www.lifenatura.com\\\/wp-content\\\/uploads\\\/2025\\\/05\\\/spirulina-azul-25g-salud-viva.jpg\",\"width\":1000,\"height\":1000},{\"@type\":\"BreadcrumbList\",\"@id\":\"https:\\\/\\\/www.lifenatura.com\\\/es\\\/produto\\\/espirulina-azul-bio-polvo-25g-salud-viva\\\/#breadcrumb\",\"itemListElement\":[{\"@type\":\"ListItem\",\"position\":1,\"name\":\"In\u00edcio\",\"item\":\"https:\\\/\\\/www.lifenatura.com\\\/es\\\/\"},{\"@type\":\"ListItem\",\"position\":2,\"name\":\"Todos los Productos\",\"item\":\"https:\\\/\\\/www.lifenatura.com\\\/es\\\/tienda\\\/\"},{\"@type\":\"ListItem\",\"position\":3,\"name\":\"Espirulina Azul Bio polvo 25g &#8211; Salud Viva\"}]},{\"@type\":\"WebSite\",\"@id\":\"https:\\\/\\\/www.lifenatura.com\\\/es\\\/#website\",\"url\":\"https:\\\/\\\/www.lifenatura.com\\\/es\\\/\",\"name\":\"Lifenatura\",\"description\":\"A Lifenatura \u00e9 uma loja de produtos naturais, cosm\u00e9tica natural e alimenta\u00e7\u00e3o Biol\u00f3gica.\",\"publisher\":{\"@id\":\"https:\\\/\\\/www.lifenatura.com\\\/es\\\/#organization\"},\"potentialAction\":[{\"@type\":\"SearchAction\",\"target\":{\"@type\":\"EntryPoint\",\"urlTemplate\":\"https:\\\/\\\/www.lifenatura.com\\\/es\\\/?s={search_term_string}\"},\"query-input\":{\"@type\":\"PropertyValueSpecification\",\"valueRequired\":true,\"valueName\":\"search_term_string\"}}],\"inLanguage\":\"es\"},{\"@type\":\"Organization\",\"@id\":\"https:\\\/\\\/www.lifenatura.com\\\/es\\\/#organization\",\"name\":\"Lifenatura\",\"url\":\"https:\\\/\\\/www.lifenatura.com\\\/es\\\/\",\"logo\":{\"@type\":\"ImageObject\",\"inLanguage\":\"es\",\"@id\":\"https:\\\/\\\/www.lifenatura.com\\\/es\\\/#\\\/schema\\\/logo\\\/image\\\/\",\"url\":\"https:\\\/\\\/www.lifenatura.com\\\/wp-content\\\/uploads\\\/2021\\\/07\\\/logo.png\",\"contentUrl\":\"https:\\\/\\\/www.lifenatura.com\\\/wp-content\\\/uploads\\\/2021\\\/07\\\/logo.png\",\"width\":175,\"height\":55,\"caption\":\"Lifenatura\"},\"image\":{\"@id\":\"https:\\\/\\\/www.lifenatura.com\\\/es\\\/#\\\/schema\\\/logo\\\/image\\\/\"},\"sameAs\":[\"https:\\\/\\\/www.facebook.com\\\/lifenatura\",\"https:\\\/\\\/www.instagram.com\\\/lifenaturapt\\\/\"],\"hasMerchantReturnPolicy\":{\"@type\":\"MerchantReturnPolicy\",\"merchantReturnLink\":\"https:\\\/\\\/www.lifenatura.com\\\/termos-condicoes-lifenatura\\\/\"}}]}<\/script>\n<meta property=\"product:price:amount\" content=\"18.32\" \/>\n<meta property=\"product:price:currency\" content=\"EUR\" \/>\n<meta property=\"og:availability\" content=\"instock\" \/>\n<meta property=\"product:availability\" content=\"instock\" \/>\n<meta property=\"product:retailer_item_id\" content=\"22340000007\" \/>\n<meta property=\"product:condition\" content=\"new\" \/>\n<!-- \/ Yoast SEO Premium plugin. -->","yoast_head_json":{"title":"Espirulina Azul Bio polvo 25g - Salud Viva - Na Lifenatura ao Melhor Pre\u00e7o | Envio em 48h","description":"Espirulina Azul Bio Polvo superalimento antioxidante rico en ficocianina y prote\u00edna vegetal. Energ\u00eda, vitalidad y color vibrante en las recetas.","robots":{"index":"index","follow":"follow","max-snippet":"max-snippet:-1","max-image-preview":"max-image-preview:large","max-video-preview":"max-video-preview:-1"},"canonical":"https:\/\/www.lifenatura.com\/es\/produto\/espirulina-azul-bio-polvo-25g-salud-viva\/","og_locale":"es_ES","og_type":"article","og_title":"Espirulina Azul Bio polvo 25g - Salud Viva - Na Lifenatura ao Melhor Pre\u00e7o | Envio 48h","og_description":"Compre Espirulina Azul Bio polvo 25g - Salud Viva com envio r\u00e1pido. Entrega em 48h e portes gr\u00e1tis em compras >35\u20ac. Aproveite j\u00e1 na Lifenatura","og_url":"https:\/\/www.lifenatura.com\/es\/produto\/espirulina-azul-bio-polvo-25g-salud-viva\/","og_site_name":"Lifenatura","article_publisher":"https:\/\/www.facebook.com\/lifenatura","article_modified_time":"2025-09-22T09:39:01+00:00","og_image":[{"width":1000,"height":1000,"url":"https:\/\/www.lifenatura.com\/wp-content\/uploads\/2025\/05\/spirulina-azul-25g-salud-viva.jpg","type":"image\/jpeg"}],"twitter_card":"summary_large_image","twitter_misc":{"Precio":"18,32&nbsp;&euro;","Disponibilidad":"Disponible"},"schema":{"@context":"https:\/\/schema.org","@graph":[{"@type":"WebPage","@id":"https:\/\/www.lifenatura.com\/es\/produto\/espirulina-azul-bio-polvo-25g-salud-viva\/","url":"https:\/\/www.lifenatura.com\/es\/produto\/espirulina-azul-bio-polvo-25g-salud-viva\/","name":"Espirulina Azul Bio polvo 25g - Salud Viva - Na Lifenatura ao Melhor Pre\u00e7o | Envio em 48h","isPartOf":{"@id":"https:\/\/www.lifenatura.com\/es\/#website"},"primaryImageOfPage":{"@id":"https:\/\/www.lifenatura.com\/es\/produto\/espirulina-azul-bio-polvo-25g-salud-viva\/#primaryimage"},"image":{"@id":"https:\/\/www.lifenatura.com\/es\/produto\/espirulina-azul-bio-polvo-25g-salud-viva\/#primaryimage"},"thumbnailUrl":"https:\/\/www.lifenatura.com\/wp-content\/uploads\/2025\/05\/spirulina-azul-25g-salud-viva.jpg","datePublished":"2025-05-13T15:57:42+00:00","dateModified":"2025-09-22T09:39:01+00:00","description":"Espirulina Azul Bio Polvo superalimento antioxidante rico en ficocianina y prote\u00edna vegetal. Energ\u00eda, vitalidad y color vibrante en las recetas.","breadcrumb":{"@id":"https:\/\/www.lifenatura.com\/es\/produto\/espirulina-azul-bio-polvo-25g-salud-viva\/#breadcrumb"},"inLanguage":"es","potentialAction":[{"@type":"ReadAction","target":["https:\/\/www.lifenatura.com\/es\/produto\/espirulina-azul-bio-polvo-25g-salud-viva\/"]}]},{"@type":"ImageObject","inLanguage":"es","@id":"https:\/\/www.lifenatura.com\/es\/produto\/espirulina-azul-bio-polvo-25g-salud-viva\/#primaryimage","url":"https:\/\/www.lifenatura.com\/wp-content\/uploads\/2025\/05\/spirulina-azul-25g-salud-viva.jpg","contentUrl":"https:\/\/www.lifenatura.com\/wp-content\/uploads\/2025\/05\/spirulina-azul-25g-salud-viva.jpg","width":1000,"height":1000},{"@type":"BreadcrumbList","@id":"https:\/\/www.lifenatura.com\/es\/produto\/espirulina-azul-bio-polvo-25g-salud-viva\/#breadcrumb","itemListElement":[{"@type":"ListItem","position":1,"name":"In\u00edcio","item":"https:\/\/www.lifenatura.com\/es\/"},{"@type":"ListItem","position":2,"name":"Todos los Productos","item":"https:\/\/www.lifenatura.com\/es\/tienda\/"},{"@type":"ListItem","position":3,"name":"Espirulina Azul Bio polvo 25g &#8211; Salud Viva"}]},{"@type":"WebSite","@id":"https:\/\/www.lifenatura.com\/es\/#website","url":"https:\/\/www.lifenatura.com\/es\/","name":"Lifenatura","description":"A Lifenatura \u00e9 uma loja de produtos naturais, cosm\u00e9tica natural e alimenta\u00e7\u00e3o Biol\u00f3gica.","publisher":{"@id":"https:\/\/www.lifenatura.com\/es\/#organization"},"potentialAction":[{"@type":"SearchAction","target":{"@type":"EntryPoint","urlTemplate":"https:\/\/www.lifenatura.com\/es\/?s={search_term_string}"},"query-input":{"@type":"PropertyValueSpecification","valueRequired":true,"valueName":"search_term_string"}}],"inLanguage":"es"},{"@type":"Organization","@id":"https:\/\/www.lifenatura.com\/es\/#organization","name":"Lifenatura","url":"https:\/\/www.lifenatura.com\/es\/","logo":{"@type":"ImageObject","inLanguage":"es","@id":"https:\/\/www.lifenatura.com\/es\/#\/schema\/logo\/image\/","url":"https:\/\/www.lifenatura.com\/wp-content\/uploads\/2021\/07\/logo.png","contentUrl":"https:\/\/www.lifenatura.com\/wp-content\/uploads\/2021\/07\/logo.png","width":175,"height":55,"caption":"Lifenatura"},"image":{"@id":"https:\/\/www.lifenatura.com\/es\/#\/schema\/logo\/image\/"},"sameAs":["https:\/\/www.facebook.com\/lifenatura","https:\/\/www.instagram.com\/lifenaturapt\/"],"hasMerchantReturnPolicy":{"@type":"MerchantReturnPolicy","merchantReturnLink":"https:\/\/www.lifenatura.com\/termos-condicoes-lifenatura\/"}}]},"product_price_amount":"18.32","product_price_currency":"EUR","og_availability":"instock","product_availability":"instock","product_retailer_item_id":"22340000007","product_condition":"new"},"df_price":18.32,"df_sale_price":"","df_regular_price":18.32,"df_image_link":"https:\/\/www.lifenatura.com\/wp-content\/uploads\/2025\/05\/spirulina-azul-25g-salud-viva-300x300.jpg","_links":{"self":[{"href":"https:\/\/www.lifenatura.com\/es\/wp-json\/wp\/v2\/product\/116364","targetHints":{"allow":["GET"]}}],"collection":[{"href":"https:\/\/www.lifenatura.com\/es\/wp-json\/wp\/v2\/product"}],"about":[{"href":"https:\/\/www.lifenatura.com\/es\/wp-json\/wp\/v2\/types\/product"}],"wp:featuredmedia":[{"embeddable":true,"href":"https:\/\/www.lifenatura.com\/es\/wp-json\/wp\/v2\/media\/111415"}],"wp:attachment":[{"href":"https:\/\/www.lifenatura.com\/es\/wp-json\/wp\/v2\/media?parent=116364"}],"wp:term":[{"taxonomy":"product_brand","embeddable":true,"href":"https:\/\/www.lifenatura.com\/es\/wp-json\/wp\/v2\/product_brand?post=116364"},{"taxonomy":"product_cat","embeddable":true,"href":"https:\/\/www.lifenatura.com\/es\/wp-json\/wp\/v2\/product_cat?post=116364"},{"taxonomy":"product_tag","embeddable":true,"href":"https:\/\/www.lifenatura.com\/es\/wp-json\/wp\/v2\/product_tag?post=116364"}],"curies":[{"name":"wp","href":"https:\/\/api.w.org\/{rel}","templated":true}]}}