{"id":116363,"date":"2025-05-13T14:04:31","date_gmt":"2025-05-13T14:04:31","guid":{"rendered":"https:\/\/www.lifenatura.com\/produto\/matcha-bio-polvo-100g-salud-viva\/"},"modified":"2025-09-20T06:41:44","modified_gmt":"2025-09-20T06:41:44","slug":"matcha-bio-polvo-100g-salud-viva","status":"publish","type":"product","link":"https:\/\/www.lifenatura.com\/es\/produto\/matcha-bio-polvo-100g-salud-viva\/","title":{"rendered":"Matcha Bio polvo 100g &#8211; Salud Viva"},"content":{"rendered":"<h2 style=\"text-align: left;\" data-start=\"177\" data-end=\"216\"><strong>Matcha Bio Polvo &#8211; Salud Viva<\/strong><\/h2>\n<p>&nbsp;<\/p>\n<p data-start=\"276\" data-end=\"681\"><strong data-start=\"278\" data-end=\"312\">El Matcha Bio en polvo de Salud Viva<\/strong> es un t\u00e9 verde japon\u00e9s de alta calidad, cultivado ecol\u00f3gicamente y molido cuidadosamente a la piedra para conservar todas sus propiedades nutritivas y su sabor \u00fanico. A diferencia de los t\u00e9s verdes ordinarios, el matcha utiliza la hoja entera, lo que significa que ofrece una concentraci\u00f3n mucho mayor de <strong data-start=\"626\" data-end=\"678\">antioxidantes, vitaminas, minerales y amino\u00e1cidos<\/strong>.<\/p>\n<p data-start=\"683\" data-end=\"1139\">Rico en <strong data-start=\"691\" data-end=\"705\">catequinas<\/strong> -especialmente EGCG (galato de epigalocatequina)-, el matcha es conocido por su potente efecto antioxidante, que ayuda a combatir los radicales libres y a proteger las c\u00e9lulas contra el envejecimiento prematuro. Tambi\u00e9n contiene <strong data-start=\"930\" data-end=\"943\">L-teanina<\/strong>, un amino\u00e1cido que favorece un estado de relajaci\u00f3n y concentraci\u00f3n mental, mientras que la <strong data-start=\"1022\" data-end=\"1041\">cafe\u00edna natural<\/strong> presente ofrece energ\u00eda de forma gradual y sostenida, sin los picos y bajones t\u00edpicos del caf\u00e9.<\/p>\n<p data-start=\"1141\" data-end=\"1293\">El polvo Matcha Bio de Salud Viva es ideal para preparar t\u00e9, caf\u00e9s con leche, batidos o para a\u00f1adir a recetas dulces y saladas, aportando un color y un sabor \u00fanicos.<\/p>\n<p data-start=\"1295\" data-end=\"1323\"><strong>Principales ventajas:<\/strong><\/p>\n<ul data-start=\"1324\" data-end=\"1623\">\n<li data-start=\"1324\" data-end=\"1390\">\n<p data-start=\"1326\" data-end=\"1390\">Fuente excepcional de <strong data-start=\"1346\" data-end=\"1363\">antioxidantes<\/strong> que protegen las c\u00e9lulas;<\/p>\n<\/li>\n<li data-start=\"1391\" data-end=\"1455\">\n<p data-start=\"1393\" data-end=\"1455\"><strong data-start=\"1393\" data-end=\"1414\">Aumenta la energ\u00eda<\/strong> y la concentraci\u00f3n de forma equilibrada;<\/p>\n<\/li>\n<li data-start=\"1456\" data-end=\"1518\">\n<p data-start=\"1458\" data-end=\"1518\">Favorece <strong data-start=\"1466\" data-end=\"1481\">el metabolismo<\/strong> y puede ayudar a controlar el peso;<\/p>\n<\/li>\n<li data-start=\"1519\" data-end=\"1571\">\n<p data-start=\"1521\" data-end=\"1571\">Promueve un <strong data-start=\"1532\" data-end=\"1568\">estado de calma y claridad mental<\/strong>;<\/p>\n<\/li>\n<li data-start=\"1572\" data-end=\"1623\">\n<p data-start=\"1574\" data-end=\"1623\"><strong data-start=\"1582\" data-end=\"1620\">100% ecol\u00f3gico, vegano y sin gluten<\/strong>.<\/p>\n<\/li>\n<\/ul>\n<p data-start=\"1625\" data-end=\"1642\"><strong>Indicaciones:<\/strong><\/p>\n<p data-start=\"1643\" data-end=\"1684\"><strong data-start=\"1645\" data-end=\"1665\">Matcha Bio Polvo<\/strong> est\u00e1 indicado para<\/p>\n<ul data-start=\"1685\" data-end=\"1904\">\n<li data-start=\"1685\" data-end=\"1742\">\n<p data-start=\"1687\" data-end=\"1742\">Cualquiera que busque una <strong data-start=\"1704\" data-end=\"1739\">fuente natural de energ\u00eda y concentraci\u00f3n<\/strong>;<\/p>\n<\/li>\n<li data-start=\"1743\" data-end=\"1804\">\n<p data-start=\"1745\" data-end=\"1804\">Personas que desean aumentar su ingesta de antioxidantes;<\/p>\n<\/li>\n<li data-start=\"1805\" data-end=\"1853\">\n<p data-start=\"1807\" data-end=\"1853\">Aficionados a la alimentaci\u00f3n sana y funcional;<\/p>\n<\/li>\n<li data-start=\"1854\" data-end=\"1904\">\n<p data-start=\"1856\" data-end=\"1904\">Preparaciones culinarias creativas y nutritivas.<\/p>\n<\/li>\n<\/ul>\n<p><strong>Presentaci\u00f3n:<\/strong><\/p>\n<p>100g<\/p>\n<p>&nbsp;<\/p>\n","protected":false},"excerpt":{"rendered":"<p>Matcha Bio Polvo Salud Viva &#8211; T\u00e9 verde premium rico en antioxidantes, energ\u00eda natural y concentraci\u00f3n mental. 100% ecol\u00f3gico, vegano y vers\u00e1til. [&#8230;]<\/p>\n<p><a class=\"btn btn-secondary understrap-read-more-link\" href=\"https:\/\/www.lifenatura.com\/es\/produto\/matcha-bio-polvo-100g-salud-viva\/\">Leer m\u00e1s&#8230;<span class=\"screen-reader-text\"> from Matcha Bio polvo 100g &#8211; Salud Viva<\/span><\/a><\/p>\n","protected":false},"featured_media":111453,"template":"","meta":{"_acf_changed":false},"product_brand":[8295],"product_cat":[7064,7659,7743,7071],"product_tag":[],"class_list":{"0":"post-116363","1":"product","2":"type-product","3":"status-publish","4":"has-post-thumbnail","6":"product_brand-salud-viva","7":"product_cat-alimentacion-sana","8":"product_cat-ingrediente-natural-bio","9":"product_cat-matcha-es","10":"product_cat-tes-y-infusiones","12":"first","13":"instock","14":"shipping-taxable","15":"purchasable","16":"product-type-simple","17":"add-to-wishlist-before_image"},"acf":[],"yoast_head":"<!-- This site is optimized with the Yoast SEO Premium plugin v27.1 (Yoast SEO v27.5) - https:\/\/yoast.com\/product\/yoast-seo-premium-wordpress\/ -->\n<title>Matcha Bio polvo 100g - Salud Viva - Na Lifenatura ao Melhor Pre\u00e7o | Envio em 48h<\/title>\n<meta name=\"description\" content=\"Matcha Bio Polvo Salud Viva - T\u00e9 verde premium rico en antioxidantes, energ\u00eda natural y concentraci\u00f3n mental. 100% ecol\u00f3gico, vegano y vers\u00e1til.\" \/>\n<meta name=\"robots\" content=\"index, follow, max-snippet:-1, max-image-preview:large, max-video-preview:-1\" \/>\n<link rel=\"canonical\" href=\"https:\/\/www.lifenatura.com\/es\/produto\/matcha-bio-polvo-100g-salud-viva\/\" \/>\n<meta property=\"og:locale\" content=\"es_ES\" \/>\n<meta property=\"og:type\" content=\"article\" \/>\n<meta property=\"og:title\" content=\"Matcha Bio polvo 100g - Salud Viva - Na Lifenatura ao Melhor Pre\u00e7o | Envio 48h\" \/>\n<meta property=\"og:description\" content=\"Compre Matcha Bio polvo 100g - Salud Viva com envio r\u00e1pido. Entrega em 48h e portes gr\u00e1tis em compras &gt;35\u20ac. Aproveite j\u00e1 na Lifenatura\" \/>\n<meta property=\"og:url\" content=\"https:\/\/www.lifenatura.com\/es\/produto\/matcha-bio-polvo-100g-salud-viva\/\" \/>\n<meta property=\"og:site_name\" content=\"Lifenatura\" \/>\n<meta property=\"article:publisher\" content=\"https:\/\/www.facebook.com\/lifenatura\" \/>\n<meta property=\"article:modified_time\" content=\"2025-09-20T06:41:44+00:00\" \/>\n<meta property=\"og:image\" content=\"https:\/\/www.lifenatura.com\/wp-content\/uploads\/2025\/05\/matcha-bio-100g-salud-viva.jpg\" \/>\n\t<meta property=\"og:image:width\" content=\"1000\" \/>\n\t<meta property=\"og:image:height\" content=\"1000\" \/>\n\t<meta property=\"og:image:type\" content=\"image\/jpeg\" \/>\n<meta name=\"twitter:card\" content=\"summary_large_image\" \/>\n<meta name=\"twitter:label1\" content=\"Precio\" \/>\n\t<meta name=\"twitter:data1\" content=\"31,41&nbsp;&euro;\" \/>\n\t<meta name=\"twitter:label2\" content=\"Disponibilidad\" \/>\n\t<meta name=\"twitter:data2\" content=\"Disponible\" \/>\n<script type=\"application\/ld+json\" class=\"yoast-schema-graph\">{\"@context\":\"https:\\\/\\\/schema.org\",\"@graph\":[{\"@type\":\"WebPage\",\"@id\":\"https:\\\/\\\/www.lifenatura.com\\\/es\\\/produto\\\/matcha-bio-polvo-100g-salud-viva\\\/\",\"url\":\"https:\\\/\\\/www.lifenatura.com\\\/es\\\/produto\\\/matcha-bio-polvo-100g-salud-viva\\\/\",\"name\":\"Matcha Bio polvo 100g - Salud Viva - Na Lifenatura ao Melhor Pre\u00e7o | Envio em 48h\",\"isPartOf\":{\"@id\":\"https:\\\/\\\/www.lifenatura.com\\\/es\\\/#website\"},\"primaryImageOfPage\":{\"@id\":\"https:\\\/\\\/www.lifenatura.com\\\/es\\\/produto\\\/matcha-bio-polvo-100g-salud-viva\\\/#primaryimage\"},\"image\":{\"@id\":\"https:\\\/\\\/www.lifenatura.com\\\/es\\\/produto\\\/matcha-bio-polvo-100g-salud-viva\\\/#primaryimage\"},\"thumbnailUrl\":\"https:\\\/\\\/www.lifenatura.com\\\/wp-content\\\/uploads\\\/2025\\\/05\\\/matcha-bio-100g-salud-viva.jpg\",\"datePublished\":\"2025-05-13T14:04:31+00:00\",\"dateModified\":\"2025-09-20T06:41:44+00:00\",\"description\":\"Matcha Bio Polvo Salud Viva - T\u00e9 verde premium rico en antioxidantes, energ\u00eda natural y concentraci\u00f3n mental. 100% ecol\u00f3gico, vegano y vers\u00e1til.\",\"breadcrumb\":{\"@id\":\"https:\\\/\\\/www.lifenatura.com\\\/es\\\/produto\\\/matcha-bio-polvo-100g-salud-viva\\\/#breadcrumb\"},\"inLanguage\":\"es\",\"potentialAction\":[{\"@type\":\"ReadAction\",\"target\":[\"https:\\\/\\\/www.lifenatura.com\\\/es\\\/produto\\\/matcha-bio-polvo-100g-salud-viva\\\/\"]}]},{\"@type\":\"ImageObject\",\"inLanguage\":\"es\",\"@id\":\"https:\\\/\\\/www.lifenatura.com\\\/es\\\/produto\\\/matcha-bio-polvo-100g-salud-viva\\\/#primaryimage\",\"url\":\"https:\\\/\\\/www.lifenatura.com\\\/wp-content\\\/uploads\\\/2025\\\/05\\\/matcha-bio-100g-salud-viva.jpg\",\"contentUrl\":\"https:\\\/\\\/www.lifenatura.com\\\/wp-content\\\/uploads\\\/2025\\\/05\\\/matcha-bio-100g-salud-viva.jpg\",\"width\":1000,\"height\":1000},{\"@type\":\"BreadcrumbList\",\"@id\":\"https:\\\/\\\/www.lifenatura.com\\\/es\\\/produto\\\/matcha-bio-polvo-100g-salud-viva\\\/#breadcrumb\",\"itemListElement\":[{\"@type\":\"ListItem\",\"position\":1,\"name\":\"In\u00edcio\",\"item\":\"https:\\\/\\\/www.lifenatura.com\\\/es\\\/\"},{\"@type\":\"ListItem\",\"position\":2,\"name\":\"Todos los Productos\",\"item\":\"https:\\\/\\\/www.lifenatura.com\\\/es\\\/tienda\\\/\"},{\"@type\":\"ListItem\",\"position\":3,\"name\":\"Matcha Bio polvo 100g &#8211; Salud Viva\"}]},{\"@type\":\"WebSite\",\"@id\":\"https:\\\/\\\/www.lifenatura.com\\\/es\\\/#website\",\"url\":\"https:\\\/\\\/www.lifenatura.com\\\/es\\\/\",\"name\":\"Lifenatura\",\"description\":\"A Lifenatura \u00e9 uma loja de produtos naturais, cosm\u00e9tica natural e alimenta\u00e7\u00e3o Biol\u00f3gica.\",\"publisher\":{\"@id\":\"https:\\\/\\\/www.lifenatura.com\\\/es\\\/#organization\"},\"potentialAction\":[{\"@type\":\"SearchAction\",\"target\":{\"@type\":\"EntryPoint\",\"urlTemplate\":\"https:\\\/\\\/www.lifenatura.com\\\/es\\\/?s={search_term_string}\"},\"query-input\":{\"@type\":\"PropertyValueSpecification\",\"valueRequired\":true,\"valueName\":\"search_term_string\"}}],\"inLanguage\":\"es\"},{\"@type\":\"Organization\",\"@id\":\"https:\\\/\\\/www.lifenatura.com\\\/es\\\/#organization\",\"name\":\"Lifenatura\",\"url\":\"https:\\\/\\\/www.lifenatura.com\\\/es\\\/\",\"logo\":{\"@type\":\"ImageObject\",\"inLanguage\":\"es\",\"@id\":\"https:\\\/\\\/www.lifenatura.com\\\/es\\\/#\\\/schema\\\/logo\\\/image\\\/\",\"url\":\"https:\\\/\\\/www.lifenatura.com\\\/wp-content\\\/uploads\\\/2021\\\/07\\\/logo.png\",\"contentUrl\":\"https:\\\/\\\/www.lifenatura.com\\\/wp-content\\\/uploads\\\/2021\\\/07\\\/logo.png\",\"width\":175,\"height\":55,\"caption\":\"Lifenatura\"},\"image\":{\"@id\":\"https:\\\/\\\/www.lifenatura.com\\\/es\\\/#\\\/schema\\\/logo\\\/image\\\/\"},\"sameAs\":[\"https:\\\/\\\/www.facebook.com\\\/lifenatura\",\"https:\\\/\\\/www.instagram.com\\\/lifenaturapt\\\/\"],\"hasMerchantReturnPolicy\":{\"@type\":\"MerchantReturnPolicy\",\"merchantReturnLink\":\"https:\\\/\\\/www.lifenatura.com\\\/termos-condicoes-lifenatura\\\/\"}}]}<\/script>\n<meta property=\"product:price:amount\" content=\"31.41\" \/>\n<meta property=\"product:price:currency\" content=\"EUR\" \/>\n<meta property=\"og:availability\" content=\"instock\" \/>\n<meta property=\"product:availability\" content=\"instock\" \/>\n<meta property=\"product:retailer_item_id\" content=\"1500000002\" \/>\n<meta property=\"product:condition\" content=\"new\" \/>\n<!-- \/ Yoast SEO Premium plugin. -->","yoast_head_json":{"title":"Matcha Bio polvo 100g - Salud Viva - Na Lifenatura ao Melhor Pre\u00e7o | Envio em 48h","description":"Matcha Bio Polvo Salud Viva - T\u00e9 verde premium rico en antioxidantes, energ\u00eda natural y concentraci\u00f3n mental. 100% ecol\u00f3gico, vegano y vers\u00e1til.","robots":{"index":"index","follow":"follow","max-snippet":"max-snippet:-1","max-image-preview":"max-image-preview:large","max-video-preview":"max-video-preview:-1"},"canonical":"https:\/\/www.lifenatura.com\/es\/produto\/matcha-bio-polvo-100g-salud-viva\/","og_locale":"es_ES","og_type":"article","og_title":"Matcha Bio polvo 100g - Salud Viva - Na Lifenatura ao Melhor Pre\u00e7o | Envio 48h","og_description":"Compre Matcha Bio polvo 100g - Salud Viva com envio r\u00e1pido. Entrega em 48h e portes gr\u00e1tis em compras >35\u20ac. Aproveite j\u00e1 na Lifenatura","og_url":"https:\/\/www.lifenatura.com\/es\/produto\/matcha-bio-polvo-100g-salud-viva\/","og_site_name":"Lifenatura","article_publisher":"https:\/\/www.facebook.com\/lifenatura","article_modified_time":"2025-09-20T06:41:44+00:00","og_image":[{"width":1000,"height":1000,"url":"https:\/\/www.lifenatura.com\/wp-content\/uploads\/2025\/05\/matcha-bio-100g-salud-viva.jpg","type":"image\/jpeg"}],"twitter_card":"summary_large_image","twitter_misc":{"Precio":"31,41&nbsp;&euro;","Disponibilidad":"Disponible"},"schema":{"@context":"https:\/\/schema.org","@graph":[{"@type":"WebPage","@id":"https:\/\/www.lifenatura.com\/es\/produto\/matcha-bio-polvo-100g-salud-viva\/","url":"https:\/\/www.lifenatura.com\/es\/produto\/matcha-bio-polvo-100g-salud-viva\/","name":"Matcha Bio polvo 100g - Salud Viva - Na Lifenatura ao Melhor Pre\u00e7o | Envio em 48h","isPartOf":{"@id":"https:\/\/www.lifenatura.com\/es\/#website"},"primaryImageOfPage":{"@id":"https:\/\/www.lifenatura.com\/es\/produto\/matcha-bio-polvo-100g-salud-viva\/#primaryimage"},"image":{"@id":"https:\/\/www.lifenatura.com\/es\/produto\/matcha-bio-polvo-100g-salud-viva\/#primaryimage"},"thumbnailUrl":"https:\/\/www.lifenatura.com\/wp-content\/uploads\/2025\/05\/matcha-bio-100g-salud-viva.jpg","datePublished":"2025-05-13T14:04:31+00:00","dateModified":"2025-09-20T06:41:44+00:00","description":"Matcha Bio Polvo Salud Viva - T\u00e9 verde premium rico en antioxidantes, energ\u00eda natural y concentraci\u00f3n mental. 100% ecol\u00f3gico, vegano y vers\u00e1til.","breadcrumb":{"@id":"https:\/\/www.lifenatura.com\/es\/produto\/matcha-bio-polvo-100g-salud-viva\/#breadcrumb"},"inLanguage":"es","potentialAction":[{"@type":"ReadAction","target":["https:\/\/www.lifenatura.com\/es\/produto\/matcha-bio-polvo-100g-salud-viva\/"]}]},{"@type":"ImageObject","inLanguage":"es","@id":"https:\/\/www.lifenatura.com\/es\/produto\/matcha-bio-polvo-100g-salud-viva\/#primaryimage","url":"https:\/\/www.lifenatura.com\/wp-content\/uploads\/2025\/05\/matcha-bio-100g-salud-viva.jpg","contentUrl":"https:\/\/www.lifenatura.com\/wp-content\/uploads\/2025\/05\/matcha-bio-100g-salud-viva.jpg","width":1000,"height":1000},{"@type":"BreadcrumbList","@id":"https:\/\/www.lifenatura.com\/es\/produto\/matcha-bio-polvo-100g-salud-viva\/#breadcrumb","itemListElement":[{"@type":"ListItem","position":1,"name":"In\u00edcio","item":"https:\/\/www.lifenatura.com\/es\/"},{"@type":"ListItem","position":2,"name":"Todos los Productos","item":"https:\/\/www.lifenatura.com\/es\/tienda\/"},{"@type":"ListItem","position":3,"name":"Matcha Bio polvo 100g &#8211; Salud Viva"}]},{"@type":"WebSite","@id":"https:\/\/www.lifenatura.com\/es\/#website","url":"https:\/\/www.lifenatura.com\/es\/","name":"Lifenatura","description":"A Lifenatura \u00e9 uma loja de produtos naturais, cosm\u00e9tica natural e alimenta\u00e7\u00e3o Biol\u00f3gica.","publisher":{"@id":"https:\/\/www.lifenatura.com\/es\/#organization"},"potentialAction":[{"@type":"SearchAction","target":{"@type":"EntryPoint","urlTemplate":"https:\/\/www.lifenatura.com\/es\/?s={search_term_string}"},"query-input":{"@type":"PropertyValueSpecification","valueRequired":true,"valueName":"search_term_string"}}],"inLanguage":"es"},{"@type":"Organization","@id":"https:\/\/www.lifenatura.com\/es\/#organization","name":"Lifenatura","url":"https:\/\/www.lifenatura.com\/es\/","logo":{"@type":"ImageObject","inLanguage":"es","@id":"https:\/\/www.lifenatura.com\/es\/#\/schema\/logo\/image\/","url":"https:\/\/www.lifenatura.com\/wp-content\/uploads\/2021\/07\/logo.png","contentUrl":"https:\/\/www.lifenatura.com\/wp-content\/uploads\/2021\/07\/logo.png","width":175,"height":55,"caption":"Lifenatura"},"image":{"@id":"https:\/\/www.lifenatura.com\/es\/#\/schema\/logo\/image\/"},"sameAs":["https:\/\/www.facebook.com\/lifenatura","https:\/\/www.instagram.com\/lifenaturapt\/"],"hasMerchantReturnPolicy":{"@type":"MerchantReturnPolicy","merchantReturnLink":"https:\/\/www.lifenatura.com\/termos-condicoes-lifenatura\/"}}]},"product_price_amount":"31.41","product_price_currency":"EUR","og_availability":"instock","product_availability":"instock","product_retailer_item_id":"1500000002","product_condition":"new"},"df_price":31.41,"df_sale_price":"","df_regular_price":31.41,"df_image_link":"https:\/\/www.lifenatura.com\/wp-content\/uploads\/2025\/05\/matcha-bio-100g-salud-viva-300x300.jpg","_links":{"self":[{"href":"https:\/\/www.lifenatura.com\/es\/wp-json\/wp\/v2\/product\/116363","targetHints":{"allow":["GET"]}}],"collection":[{"href":"https:\/\/www.lifenatura.com\/es\/wp-json\/wp\/v2\/product"}],"about":[{"href":"https:\/\/www.lifenatura.com\/es\/wp-json\/wp\/v2\/types\/product"}],"wp:featuredmedia":[{"embeddable":true,"href":"https:\/\/www.lifenatura.com\/es\/wp-json\/wp\/v2\/media\/111453"}],"wp:attachment":[{"href":"https:\/\/www.lifenatura.com\/es\/wp-json\/wp\/v2\/media?parent=116363"}],"wp:term":[{"taxonomy":"product_brand","embeddable":true,"href":"https:\/\/www.lifenatura.com\/es\/wp-json\/wp\/v2\/product_brand?post=116363"},{"taxonomy":"product_cat","embeddable":true,"href":"https:\/\/www.lifenatura.com\/es\/wp-json\/wp\/v2\/product_cat?post=116363"},{"taxonomy":"product_tag","embeddable":true,"href":"https:\/\/www.lifenatura.com\/es\/wp-json\/wp\/v2\/product_tag?post=116363"}],"curies":[{"name":"wp","href":"https:\/\/api.w.org\/{rel}","templated":true}]}}