{"id":116362,"date":"2025-05-13T15:57:47","date_gmt":"2025-05-13T15:57:47","guid":{"rendered":"https:\/\/www.lifenatura.com\/produto\/salsa-de-coco-aminos-bio-330g-salud-viva\/"},"modified":"2025-09-08T13:18:59","modified_gmt":"2025-09-08T13:18:59","slug":"salsa-de-coco-aminos-bio-330g-salud-viva","status":"publish","type":"product","link":"https:\/\/www.lifenatura.com\/es\/produto\/salsa-de-coco-aminos-bio-330g-salud-viva\/","title":{"rendered":"Salsa de Coco Aminos Bio 330g &#8211; Salud Viva"},"content":{"rendered":"<h2 style=\"text-align: left;\" data-start=\"177\" data-end=\"221\"><strong>Aminos Bio Salsa de Coco &#8211; Salud Viva<\/strong><\/h2>\n<p>&nbsp;<\/p>\n<p data-start=\"277\" data-end=\"686\"><strong data-start=\"279\" data-end=\"318\">La Salsa de Coco Aminos Bio de Salud<\/strong> Viva es una alternativa sana y sabrosa a la salsa de soja tradicional, elaborada con la savia natural del cocotero y sal marina ecol\u00f3gica. Con un sabor suave y ligeramente dulce, esta salsa es ideal para ali\u00f1ar ensaladas, verduras, adobos, salteados o platos de inspiraci\u00f3n asi\u00e1tica, ofreciendo un toque gourmet sin a\u00f1adir aditivos artificiales.<\/p>\n<p data-start=\"688\" data-end=\"985\">Naturalmente <strong data-start=\"701\" data-end=\"739\">sin soja, sin gluten y sin l\u00e1cteos<\/strong>, la Salsa de Coco Aminos es una excelente opci\u00f3n para quienes siguen una dieta restrictiva o funcional. Es rica en <strong data-start=\"850\" data-end=\"876\">amino\u00e1cidos esenciales<\/strong>, fundamentales para la regeneraci\u00f3n celular, el mantenimiento de la masa muscular y el buen funcionamiento del metabolismo.<\/p>\n<p data-start=\"987\" data-end=\"1192\">Adem\u00e1s de ser vers\u00e1til en la cocina, tiene un contenido de sodio inferior al de la salsa de soja tradicional, lo que la convierte en una opci\u00f3n m\u00e1s equilibrada para quienes desean reducir su consumo de sal sin sacrificar el sabor.<\/p>\n<p data-start=\"1194\" data-end=\"1222\"><strong>Principales ventajas:<\/strong><\/p>\n<ul data-start=\"1223\" data-end=\"1452\">\n<li data-start=\"1223\" data-end=\"1269\">\n<p data-start=\"1225\" data-end=\"1269\"><strong data-start=\"1225\" data-end=\"1249\">Alternativa saludable<\/strong> a la salsa de soja;<\/p>\n<\/li>\n<li data-start=\"1270\" data-end=\"1313\">\n<p data-start=\"1272\" data-end=\"1313\"><strong data-start=\"1272\" data-end=\"1310\">Sin gluten, sin soja y sin l\u00e1cteos<\/strong>;<\/p>\n<\/li>\n<li data-start=\"1314\" data-end=\"1353\">\n<p data-start=\"1316\" data-end=\"1353\">Rico en <strong data-start=\"1324\" data-end=\"1350\">amino\u00e1cidos esenciales<\/strong>;<\/p>\n<\/li>\n<li data-start=\"1354\" data-end=\"1410\">\n<p data-start=\"1356\" data-end=\"1410\">Contiene menos sodio que la salsa de soja tradicional;<\/p>\n<\/li>\n<li data-start=\"1411\" data-end=\"1452\">\n<p data-start=\"1413\" data-end=\"1452\">Producto <strong data-start=\"1421\" data-end=\"1449\">100% ecol\u00f3gico y natural<\/strong>.<\/p>\n<\/li>\n<\/ul>\n<p data-start=\"1454\" data-end=\"1471\"><strong>Indicaciones:<\/strong><\/p>\n<p data-start=\"1472\" data-end=\"1532\"><strong data-start=\"1474\" data-end=\"1513\">La Salsa de Coco Aminos Bio de Salud Viva<\/strong> es adecuada para:<\/p>\n<ul data-start=\"1533\" data-end=\"1722\">\n<li data-start=\"1533\" data-end=\"1582\">\n<p data-start=\"1535\" data-end=\"1582\">Personas con intolerancia al gluten o a la soja;<\/p>\n<\/li>\n<li data-start=\"1583\" data-end=\"1635\">\n<p data-start=\"1585\" data-end=\"1635\">Los que buscan especias m\u00e1s sanas y naturales;<\/p>\n<\/li>\n<li data-start=\"1636\" data-end=\"1678\">\n<p data-start=\"1638\" data-end=\"1678\">Dietas vegetarianas, veganas o paleo;<\/p>\n<\/li>\n<li data-start=\"1679\" data-end=\"1722\">\n<p data-start=\"1681\" data-end=\"1722\">Cocina funcional, sana y sabrosa.<\/p>\n<\/li>\n<\/ul>\n<p><strong>Presentaci\u00f3n:<\/strong><\/p>\n<p>330g<\/p>\n<p>&nbsp;<\/p>\n","protected":false},"excerpt":{"rendered":"<p>Salsa de Coco Aminos Bio Salud Viva &#8211; Alternativa a la salsa de soja sin gluten y sin soja. Rica en amino\u00e1cidos y ecol\u00f3gica. Ideal para ali\u00f1os y adobos. [&#8230;]<\/p>\n<p><a class=\"btn btn-secondary understrap-read-more-link\" href=\"https:\/\/www.lifenatura.com\/es\/produto\/salsa-de-coco-aminos-bio-330g-salud-viva\/\">Leer m\u00e1s&#8230;<span class=\"screen-reader-text\"> from Salsa de Coco Aminos Bio 330g &#8211; Salud Viva<\/span><\/a><\/p>\n","protected":false},"featured_media":111563,"template":"","meta":{"_acf_changed":false},"product_brand":[8295],"product_cat":[7064,7686,7659,7074,7093],"product_tag":[],"class_list":{"0":"post-116362","1":"product","2":"type-product","3":"status-publish","4":"has-post-thumbnail","6":"product_brand-salud-viva","7":"product_cat-alimentacion-sana","8":"product_cat-coco-bio","9":"product_cat-ingrediente-natural-bio","10":"product_cat-productos-alimenticios","11":"product_cat-salsas-saludables","13":"first","14":"instock","15":"shipping-taxable","16":"purchasable","17":"product-type-simple","18":"add-to-wishlist-before_image"},"acf":[],"yoast_head":"<!-- This site is optimized with the Yoast SEO Premium plugin v27.1 (Yoast SEO v27.5) - https:\/\/yoast.com\/product\/yoast-seo-premium-wordpress\/ -->\n<title>Salsa de Coco Aminos Bio 330g - Salud Viva - Na Lifenatura ao Melhor Pre\u00e7o | Envio em 48h<\/title>\n<meta name=\"description\" content=\"Salsa de Coco Aminos Bio Salud Viva - Alternativa a la salsa de soja sin gluten y sin soja. Rica en amino\u00e1cidos y ecol\u00f3gica. Ideal para ali\u00f1os y adobos.\" \/>\n<meta name=\"robots\" content=\"index, follow, max-snippet:-1, max-image-preview:large, max-video-preview:-1\" \/>\n<link rel=\"canonical\" href=\"https:\/\/www.lifenatura.com\/es\/produto\/salsa-de-coco-aminos-bio-330g-salud-viva\/\" \/>\n<meta property=\"og:locale\" content=\"es_ES\" \/>\n<meta property=\"og:type\" content=\"article\" \/>\n<meta property=\"og:title\" content=\"Salsa de Coco Aminos Bio 330g - Salud Viva - Na Lifenatura ao Melhor Pre\u00e7o | Envio 48h\" \/>\n<meta property=\"og:description\" content=\"Compre Salsa de Coco Aminos Bio 330g - Salud Viva com envio r\u00e1pido. Entrega em 48h e portes gr\u00e1tis em compras &gt;35\u20ac. Aproveite j\u00e1 na Lifenatura\" \/>\n<meta property=\"og:url\" content=\"https:\/\/www.lifenatura.com\/es\/produto\/salsa-de-coco-aminos-bio-330g-salud-viva\/\" \/>\n<meta property=\"og:site_name\" content=\"Lifenatura\" \/>\n<meta property=\"article:publisher\" content=\"https:\/\/www.facebook.com\/lifenatura\" \/>\n<meta property=\"article:modified_time\" content=\"2025-09-08T13:18:59+00:00\" \/>\n<meta property=\"og:image\" content=\"https:\/\/www.lifenatura.com\/wp-content\/uploads\/2025\/05\/coco-aminos-330g-salud-viva.jpg\" \/>\n\t<meta property=\"og:image:width\" content=\"1000\" \/>\n\t<meta property=\"og:image:height\" content=\"1000\" \/>\n\t<meta property=\"og:image:type\" content=\"image\/jpeg\" \/>\n<meta name=\"twitter:card\" content=\"summary_large_image\" \/>\n<meta name=\"twitter:label1\" content=\"Precio\" \/>\n\t<meta name=\"twitter:data1\" content=\"10,87&nbsp;&euro;\" \/>\n\t<meta name=\"twitter:label2\" content=\"Disponibilidad\" \/>\n\t<meta name=\"twitter:data2\" content=\"Disponible\" \/>\n<script type=\"application\/ld+json\" class=\"yoast-schema-graph\">{\"@context\":\"https:\\\/\\\/schema.org\",\"@graph\":[{\"@type\":\"WebPage\",\"@id\":\"https:\\\/\\\/www.lifenatura.com\\\/es\\\/produto\\\/salsa-de-coco-aminos-bio-330g-salud-viva\\\/\",\"url\":\"https:\\\/\\\/www.lifenatura.com\\\/es\\\/produto\\\/salsa-de-coco-aminos-bio-330g-salud-viva\\\/\",\"name\":\"Salsa de Coco Aminos Bio 330g - Salud Viva - Na Lifenatura ao Melhor Pre\u00e7o | Envio em 48h\",\"isPartOf\":{\"@id\":\"https:\\\/\\\/www.lifenatura.com\\\/es\\\/#website\"},\"primaryImageOfPage\":{\"@id\":\"https:\\\/\\\/www.lifenatura.com\\\/es\\\/produto\\\/salsa-de-coco-aminos-bio-330g-salud-viva\\\/#primaryimage\"},\"image\":{\"@id\":\"https:\\\/\\\/www.lifenatura.com\\\/es\\\/produto\\\/salsa-de-coco-aminos-bio-330g-salud-viva\\\/#primaryimage\"},\"thumbnailUrl\":\"https:\\\/\\\/www.lifenatura.com\\\/wp-content\\\/uploads\\\/2025\\\/05\\\/coco-aminos-330g-salud-viva.jpg\",\"datePublished\":\"2025-05-13T15:57:47+00:00\",\"dateModified\":\"2025-09-08T13:18:59+00:00\",\"description\":\"Salsa de Coco Aminos Bio Salud Viva - Alternativa a la salsa de soja sin gluten y sin soja. Rica en amino\u00e1cidos y ecol\u00f3gica. Ideal para ali\u00f1os y adobos.\",\"breadcrumb\":{\"@id\":\"https:\\\/\\\/www.lifenatura.com\\\/es\\\/produto\\\/salsa-de-coco-aminos-bio-330g-salud-viva\\\/#breadcrumb\"},\"inLanguage\":\"es\",\"potentialAction\":[{\"@type\":\"ReadAction\",\"target\":[\"https:\\\/\\\/www.lifenatura.com\\\/es\\\/produto\\\/salsa-de-coco-aminos-bio-330g-salud-viva\\\/\"]}]},{\"@type\":\"ImageObject\",\"inLanguage\":\"es\",\"@id\":\"https:\\\/\\\/www.lifenatura.com\\\/es\\\/produto\\\/salsa-de-coco-aminos-bio-330g-salud-viva\\\/#primaryimage\",\"url\":\"https:\\\/\\\/www.lifenatura.com\\\/wp-content\\\/uploads\\\/2025\\\/05\\\/coco-aminos-330g-salud-viva.jpg\",\"contentUrl\":\"https:\\\/\\\/www.lifenatura.com\\\/wp-content\\\/uploads\\\/2025\\\/05\\\/coco-aminos-330g-salud-viva.jpg\",\"width\":1000,\"height\":1000},{\"@type\":\"BreadcrumbList\",\"@id\":\"https:\\\/\\\/www.lifenatura.com\\\/es\\\/produto\\\/salsa-de-coco-aminos-bio-330g-salud-viva\\\/#breadcrumb\",\"itemListElement\":[{\"@type\":\"ListItem\",\"position\":1,\"name\":\"In\u00edcio\",\"item\":\"https:\\\/\\\/www.lifenatura.com\\\/es\\\/\"},{\"@type\":\"ListItem\",\"position\":2,\"name\":\"Todos los Productos\",\"item\":\"https:\\\/\\\/www.lifenatura.com\\\/es\\\/tienda\\\/\"},{\"@type\":\"ListItem\",\"position\":3,\"name\":\"Salsa de Coco Aminos Bio 330g &#8211; Salud Viva\"}]},{\"@type\":\"WebSite\",\"@id\":\"https:\\\/\\\/www.lifenatura.com\\\/es\\\/#website\",\"url\":\"https:\\\/\\\/www.lifenatura.com\\\/es\\\/\",\"name\":\"Lifenatura\",\"description\":\"A Lifenatura \u00e9 uma loja de produtos naturais, cosm\u00e9tica natural e alimenta\u00e7\u00e3o Biol\u00f3gica.\",\"publisher\":{\"@id\":\"https:\\\/\\\/www.lifenatura.com\\\/es\\\/#organization\"},\"potentialAction\":[{\"@type\":\"SearchAction\",\"target\":{\"@type\":\"EntryPoint\",\"urlTemplate\":\"https:\\\/\\\/www.lifenatura.com\\\/es\\\/?s={search_term_string}\"},\"query-input\":{\"@type\":\"PropertyValueSpecification\",\"valueRequired\":true,\"valueName\":\"search_term_string\"}}],\"inLanguage\":\"es\"},{\"@type\":\"Organization\",\"@id\":\"https:\\\/\\\/www.lifenatura.com\\\/es\\\/#organization\",\"name\":\"Lifenatura\",\"url\":\"https:\\\/\\\/www.lifenatura.com\\\/es\\\/\",\"logo\":{\"@type\":\"ImageObject\",\"inLanguage\":\"es\",\"@id\":\"https:\\\/\\\/www.lifenatura.com\\\/es\\\/#\\\/schema\\\/logo\\\/image\\\/\",\"url\":\"https:\\\/\\\/www.lifenatura.com\\\/wp-content\\\/uploads\\\/2021\\\/07\\\/logo.png\",\"contentUrl\":\"https:\\\/\\\/www.lifenatura.com\\\/wp-content\\\/uploads\\\/2021\\\/07\\\/logo.png\",\"width\":175,\"height\":55,\"caption\":\"Lifenatura\"},\"image\":{\"@id\":\"https:\\\/\\\/www.lifenatura.com\\\/es\\\/#\\\/schema\\\/logo\\\/image\\\/\"},\"sameAs\":[\"https:\\\/\\\/www.facebook.com\\\/lifenatura\",\"https:\\\/\\\/www.instagram.com\\\/lifenaturapt\\\/\"],\"hasMerchantReturnPolicy\":{\"@type\":\"MerchantReturnPolicy\",\"merchantReturnLink\":\"https:\\\/\\\/www.lifenatura.com\\\/termos-condicoes-lifenatura\\\/\"}}]}<\/script>\n<meta property=\"product:price:amount\" content=\"10.87\" \/>\n<meta property=\"product:price:currency\" content=\"EUR\" \/>\n<meta property=\"og:availability\" content=\"instock\" \/>\n<meta property=\"product:availability\" content=\"instock\" \/>\n<meta property=\"product:retailer_item_id\" content=\"22920000007\" \/>\n<meta property=\"product:condition\" content=\"new\" \/>\n<!-- \/ Yoast SEO Premium plugin. -->","yoast_head_json":{"title":"Salsa de Coco Aminos Bio 330g - Salud Viva - Na Lifenatura ao Melhor Pre\u00e7o | Envio em 48h","description":"Salsa de Coco Aminos Bio Salud Viva - Alternativa a la salsa de soja sin gluten y sin soja. Rica en amino\u00e1cidos y ecol\u00f3gica. Ideal para ali\u00f1os y adobos.","robots":{"index":"index","follow":"follow","max-snippet":"max-snippet:-1","max-image-preview":"max-image-preview:large","max-video-preview":"max-video-preview:-1"},"canonical":"https:\/\/www.lifenatura.com\/es\/produto\/salsa-de-coco-aminos-bio-330g-salud-viva\/","og_locale":"es_ES","og_type":"article","og_title":"Salsa de Coco Aminos Bio 330g - Salud Viva - Na Lifenatura ao Melhor Pre\u00e7o | Envio 48h","og_description":"Compre Salsa de Coco Aminos Bio 330g - Salud Viva com envio r\u00e1pido. Entrega em 48h e portes gr\u00e1tis em compras >35\u20ac. Aproveite j\u00e1 na Lifenatura","og_url":"https:\/\/www.lifenatura.com\/es\/produto\/salsa-de-coco-aminos-bio-330g-salud-viva\/","og_site_name":"Lifenatura","article_publisher":"https:\/\/www.facebook.com\/lifenatura","article_modified_time":"2025-09-08T13:18:59+00:00","og_image":[{"width":1000,"height":1000,"url":"https:\/\/www.lifenatura.com\/wp-content\/uploads\/2025\/05\/coco-aminos-330g-salud-viva.jpg","type":"image\/jpeg"}],"twitter_card":"summary_large_image","twitter_misc":{"Precio":"10,87&nbsp;&euro;","Disponibilidad":"Disponible"},"schema":{"@context":"https:\/\/schema.org","@graph":[{"@type":"WebPage","@id":"https:\/\/www.lifenatura.com\/es\/produto\/salsa-de-coco-aminos-bio-330g-salud-viva\/","url":"https:\/\/www.lifenatura.com\/es\/produto\/salsa-de-coco-aminos-bio-330g-salud-viva\/","name":"Salsa de Coco Aminos Bio 330g - Salud Viva - Na Lifenatura ao Melhor Pre\u00e7o | Envio em 48h","isPartOf":{"@id":"https:\/\/www.lifenatura.com\/es\/#website"},"primaryImageOfPage":{"@id":"https:\/\/www.lifenatura.com\/es\/produto\/salsa-de-coco-aminos-bio-330g-salud-viva\/#primaryimage"},"image":{"@id":"https:\/\/www.lifenatura.com\/es\/produto\/salsa-de-coco-aminos-bio-330g-salud-viva\/#primaryimage"},"thumbnailUrl":"https:\/\/www.lifenatura.com\/wp-content\/uploads\/2025\/05\/coco-aminos-330g-salud-viva.jpg","datePublished":"2025-05-13T15:57:47+00:00","dateModified":"2025-09-08T13:18:59+00:00","description":"Salsa de Coco Aminos Bio Salud Viva - Alternativa a la salsa de soja sin gluten y sin soja. Rica en amino\u00e1cidos y ecol\u00f3gica. Ideal para ali\u00f1os y adobos.","breadcrumb":{"@id":"https:\/\/www.lifenatura.com\/es\/produto\/salsa-de-coco-aminos-bio-330g-salud-viva\/#breadcrumb"},"inLanguage":"es","potentialAction":[{"@type":"ReadAction","target":["https:\/\/www.lifenatura.com\/es\/produto\/salsa-de-coco-aminos-bio-330g-salud-viva\/"]}]},{"@type":"ImageObject","inLanguage":"es","@id":"https:\/\/www.lifenatura.com\/es\/produto\/salsa-de-coco-aminos-bio-330g-salud-viva\/#primaryimage","url":"https:\/\/www.lifenatura.com\/wp-content\/uploads\/2025\/05\/coco-aminos-330g-salud-viva.jpg","contentUrl":"https:\/\/www.lifenatura.com\/wp-content\/uploads\/2025\/05\/coco-aminos-330g-salud-viva.jpg","width":1000,"height":1000},{"@type":"BreadcrumbList","@id":"https:\/\/www.lifenatura.com\/es\/produto\/salsa-de-coco-aminos-bio-330g-salud-viva\/#breadcrumb","itemListElement":[{"@type":"ListItem","position":1,"name":"In\u00edcio","item":"https:\/\/www.lifenatura.com\/es\/"},{"@type":"ListItem","position":2,"name":"Todos los Productos","item":"https:\/\/www.lifenatura.com\/es\/tienda\/"},{"@type":"ListItem","position":3,"name":"Salsa de Coco Aminos Bio 330g &#8211; Salud Viva"}]},{"@type":"WebSite","@id":"https:\/\/www.lifenatura.com\/es\/#website","url":"https:\/\/www.lifenatura.com\/es\/","name":"Lifenatura","description":"A Lifenatura \u00e9 uma loja de produtos naturais, cosm\u00e9tica natural e alimenta\u00e7\u00e3o Biol\u00f3gica.","publisher":{"@id":"https:\/\/www.lifenatura.com\/es\/#organization"},"potentialAction":[{"@type":"SearchAction","target":{"@type":"EntryPoint","urlTemplate":"https:\/\/www.lifenatura.com\/es\/?s={search_term_string}"},"query-input":{"@type":"PropertyValueSpecification","valueRequired":true,"valueName":"search_term_string"}}],"inLanguage":"es"},{"@type":"Organization","@id":"https:\/\/www.lifenatura.com\/es\/#organization","name":"Lifenatura","url":"https:\/\/www.lifenatura.com\/es\/","logo":{"@type":"ImageObject","inLanguage":"es","@id":"https:\/\/www.lifenatura.com\/es\/#\/schema\/logo\/image\/","url":"https:\/\/www.lifenatura.com\/wp-content\/uploads\/2021\/07\/logo.png","contentUrl":"https:\/\/www.lifenatura.com\/wp-content\/uploads\/2021\/07\/logo.png","width":175,"height":55,"caption":"Lifenatura"},"image":{"@id":"https:\/\/www.lifenatura.com\/es\/#\/schema\/logo\/image\/"},"sameAs":["https:\/\/www.facebook.com\/lifenatura","https:\/\/www.instagram.com\/lifenaturapt\/"],"hasMerchantReturnPolicy":{"@type":"MerchantReturnPolicy","merchantReturnLink":"https:\/\/www.lifenatura.com\/termos-condicoes-lifenatura\/"}}]},"product_price_amount":"10.87","product_price_currency":"EUR","og_availability":"instock","product_availability":"instock","product_retailer_item_id":"22920000007","product_condition":"new"},"df_price":10.87,"df_sale_price":"","df_regular_price":10.87,"df_image_link":"https:\/\/www.lifenatura.com\/wp-content\/uploads\/2025\/05\/coco-aminos-330g-salud-viva-300x300.jpg","_links":{"self":[{"href":"https:\/\/www.lifenatura.com\/es\/wp-json\/wp\/v2\/product\/116362","targetHints":{"allow":["GET"]}}],"collection":[{"href":"https:\/\/www.lifenatura.com\/es\/wp-json\/wp\/v2\/product"}],"about":[{"href":"https:\/\/www.lifenatura.com\/es\/wp-json\/wp\/v2\/types\/product"}],"wp:featuredmedia":[{"embeddable":true,"href":"https:\/\/www.lifenatura.com\/es\/wp-json\/wp\/v2\/media\/111563"}],"wp:attachment":[{"href":"https:\/\/www.lifenatura.com\/es\/wp-json\/wp\/v2\/media?parent=116362"}],"wp:term":[{"taxonomy":"product_brand","embeddable":true,"href":"https:\/\/www.lifenatura.com\/es\/wp-json\/wp\/v2\/product_brand?post=116362"},{"taxonomy":"product_cat","embeddable":true,"href":"https:\/\/www.lifenatura.com\/es\/wp-json\/wp\/v2\/product_cat?post=116362"},{"taxonomy":"product_tag","embeddable":true,"href":"https:\/\/www.lifenatura.com\/es\/wp-json\/wp\/v2\/product_tag?post=116362"}],"curies":[{"name":"wp","href":"https:\/\/api.w.org\/{rel}","templated":true}]}}