{"id":116358,"date":"2025-05-13T15:57:43","date_gmt":"2025-05-13T15:57:43","guid":{"rendered":"https:\/\/www.lifenatura.com\/produto\/stevia-hoja-seca-en-polvo-bio-100g-salud-viva\/"},"modified":"2025-09-22T09:37:59","modified_gmt":"2025-09-22T09:37:59","slug":"stevia-hoja-seca-en-polvo-bio-100g-salud-viva","status":"publish","type":"product","link":"https:\/\/www.lifenatura.com\/es\/produto\/stevia-hoja-seca-en-polvo-bio-100g-salud-viva\/","title":{"rendered":"Stevia hoja seca en polvo Bio 100g &#8211; Salud Viva"},"content":{"rendered":"<h2 style=\"text-align: left;\" data-start=\"180\" data-end=\"230\"><strong>Stevia Ecol\u00f3gica Hoja Seca en Polvo &#8211; Salud Viva<\/strong><\/h2>\n<p>&nbsp;<\/p>\n<p data-start=\"284\" data-end=\"655\"><strong data-start=\"286\" data-end=\"331\">La Stevia Ecol\u00f3gica en Polvo de Hoja Seca de Salud Viva<\/strong> es un edulcorante natural de origen vegetal, obtenido de las hojas secas de la planta <em data-start=\"416\" data-end=\"435\">Stevia rebaudiana<\/em>, de cultivo ecol\u00f3gico y sostenible. Conocida por su poder edulcorante hasta 30 veces superior al del az\u00facar com\u00fan, la estevia es una alternativa sana y sin calor\u00edas a los edulcorantes artificiales o al az\u00facar refinado.<\/p>\n<p data-start=\"657\" data-end=\"955\">Al ser rica en <strong data-start=\"673\" data-end=\"700\">gluc\u00f3sidos de esteviol<\/strong>, la estevia endulza sin elevar los niveles de glucosa en sangre, lo que la convierte en una opci\u00f3n segura para los diab\u00e9ticos o quienes desean reducir su consumo de az\u00facar. Adem\u00e1s, a diferencia de los edulcorantes artificiales, la estevia es 100% natural, sin sustancias qu\u00edmicas ni aditivos.<\/p>\n<p data-start=\"957\" data-end=\"1188\">El formato en polvo, elaborado a partir de la hoja seca molida, conserva el aut\u00e9ntico sabor de la planta y sus propiedades originales, por lo que es ideal para endulzar infusiones, caf\u00e9s, batidos, yogures, gachas, postres y recetas caseras.<\/p>\n<p data-start=\"1190\" data-end=\"1218\"><strong>Principales ventajas:<\/strong><\/p>\n<ul data-start=\"1219\" data-end=\"1471\">\n<li data-start=\"1219\" data-end=\"1257\">\n<p data-start=\"1221\" data-end=\"1257\"><strong data-start=\"1221\" data-end=\"1241\">Edulcorante natural<\/strong> sin calor\u00edas;<\/p>\n<\/li>\n<li data-start=\"1258\" data-end=\"1308\">\n<p data-start=\"1260\" data-end=\"1308\">Hasta <strong data-start=\"1264\" data-end=\"1286\">30 veces m\u00e1s dulce<\/strong> que el az\u00facar com\u00fan;<\/p>\n<\/li>\n<li data-start=\"1309\" data-end=\"1368\">\n<p data-start=\"1311\" data-end=\"1368\">No aumenta la glucosa en sangre, por lo que es adecuado para los diab\u00e9ticos;<\/p>\n<\/li>\n<li data-start=\"1369\" data-end=\"1415\">\n<p data-start=\"1371\" data-end=\"1415\"><strong data-start=\"1379\" data-end=\"1412\">Ecol\u00f3gico, vegano y sin gluten<\/strong>;<\/p>\n<\/li>\n<li data-start=\"1416\" data-end=\"1471\">\n<p data-start=\"1418\" data-end=\"1471\">Vers\u00e1til y f\u00e1cil de usar para bebidas y recetas.<\/p>\n<\/li>\n<\/ul>\n<p data-start=\"1473\" data-end=\"1490\"><strong>Indicaciones:<\/strong><\/p>\n<p data-start=\"1491\" data-end=\"1557\">La <strong data-start=\"1493\" data-end=\"1538\">Stevia Bio Hoja Seca en Polvo de Salud Viva<\/strong> est\u00e1 indicada para:<\/p>\n<ul data-start=\"1558\" data-end=\"1809\">\n<li data-start=\"1558\" data-end=\"1622\">\n<p data-start=\"1560\" data-end=\"1622\">Personas que quieren reducir o eliminar su consumo de az\u00facar;<\/p>\n<\/li>\n<li data-start=\"1623\" data-end=\"1686\">\n<p data-start=\"1625\" data-end=\"1686\">Los diab\u00e9ticos o quienes necesiten controlar sus niveles de glucosa en sangre;<\/p>\n<\/li>\n<li data-start=\"1687\" data-end=\"1744\">\n<p data-start=\"1689\" data-end=\"1744\">Dietas de adelgazamiento o de bajo \u00edndice gluc\u00e9mico;<\/p>\n<\/li>\n<li data-start=\"1745\" data-end=\"1809\">\n<p data-start=\"1747\" data-end=\"1809\">Veganos, vegetarianos y comedores sanos.<\/p>\n<\/li>\n<\/ul>\n<p><strong>Presentaci\u00f3n:<\/strong><\/p>\n<p>100g<\/p>\n<p>&nbsp;<\/p>\n","protected":false},"excerpt":{"rendered":"<p>Stevia Ecol\u00f3gica Hoja Seca en Polvo 100g Salud Viva &#8211; Edulcorante natural sin calor\u00edas, ideal para diab\u00e9ticos y dietas saludables. Alternativa ecol\u00f3gica y 100% natural. [&#8230;]<\/p>\n<p><a class=\"btn btn-secondary understrap-read-more-link\" href=\"https:\/\/www.lifenatura.com\/es\/produto\/stevia-hoja-seca-en-polvo-bio-100g-salud-viva\/\">Leer m\u00e1s&#8230;<span class=\"screen-reader-text\"> from Stevia hoja seca en polvo Bio 100g &#8211; Salud Viva<\/span><\/a><\/p>\n","protected":false},"featured_media":111395,"template":"","meta":{"_acf_changed":false},"product_brand":[8295],"product_cat":[7064,7289,7074],"product_tag":[],"class_list":{"0":"post-116358","1":"product","2":"type-product","3":"status-publish","4":"has-post-thumbnail","6":"product_brand-salud-viva","7":"product_cat-alimentacion-sana","8":"product_cat-azucar-edulcorantes","9":"product_cat-productos-alimenticios","11":"first","12":"instock","13":"shipping-taxable","14":"purchasable","15":"product-type-simple","16":"add-to-wishlist-before_image"},"acf":[],"yoast_head":"<!-- This site is optimized with the Yoast SEO Premium plugin v27.1 (Yoast SEO v27.5) - https:\/\/yoast.com\/product\/yoast-seo-premium-wordpress\/ -->\n<title>Stevia hoja seca en polvo Bio 100g - Salud Viva - Na Lifenatura ao Melhor Pre\u00e7o | Envio em 48h<\/title>\n<meta name=\"description\" content=\"Stevia Ecol\u00f3gica Hoja Seca en Polvo edulcorante natural sin calor\u00edas, ideal para diab\u00e9ticos y dietas saludables. Alternativa ecol\u00f3gica y 100% natural.\" \/>\n<meta name=\"robots\" content=\"index, follow, max-snippet:-1, max-image-preview:large, max-video-preview:-1\" \/>\n<link rel=\"canonical\" href=\"https:\/\/www.lifenatura.com\/es\/produto\/stevia-hoja-seca-en-polvo-bio-100g-salud-viva\/\" \/>\n<meta property=\"og:locale\" content=\"es_ES\" \/>\n<meta property=\"og:type\" content=\"article\" \/>\n<meta property=\"og:title\" content=\"Stevia hoja seca en polvo Bio 100g - Salud Viva - Na Lifenatura ao Melhor Pre\u00e7o | Envio 48h\" \/>\n<meta property=\"og:description\" content=\"Compre Stevia hoja seca en polvo Bio 100g - Salud Viva com envio r\u00e1pido. Entrega em 48h e portes gr\u00e1tis em compras &gt;35\u20ac. Aproveite j\u00e1 na Lifenatura\" \/>\n<meta property=\"og:url\" content=\"https:\/\/www.lifenatura.com\/es\/produto\/stevia-hoja-seca-en-polvo-bio-100g-salud-viva\/\" \/>\n<meta property=\"og:site_name\" content=\"Lifenatura\" \/>\n<meta property=\"article:publisher\" content=\"https:\/\/www.facebook.com\/lifenatura\" \/>\n<meta property=\"article:modified_time\" content=\"2025-09-22T09:37:59+00:00\" \/>\n<meta property=\"og:image\" content=\"https:\/\/www.lifenatura.com\/wp-content\/uploads\/2025\/05\/stevia-100g-salud-viva.jpg\" \/>\n\t<meta property=\"og:image:width\" content=\"1000\" \/>\n\t<meta property=\"og:image:height\" content=\"1000\" \/>\n\t<meta property=\"og:image:type\" content=\"image\/jpeg\" \/>\n<meta name=\"twitter:card\" content=\"summary_large_image\" \/>\n<meta name=\"twitter:label1\" content=\"Precio\" \/>\n\t<meta name=\"twitter:data1\" content=\"7,53&nbsp;&euro;\" \/>\n\t<meta name=\"twitter:label2\" content=\"Disponibilidad\" \/>\n\t<meta name=\"twitter:data2\" content=\"Disponible\" \/>\n<script type=\"application\/ld+json\" class=\"yoast-schema-graph\">{\"@context\":\"https:\\\/\\\/schema.org\",\"@graph\":[{\"@type\":\"WebPage\",\"@id\":\"https:\\\/\\\/www.lifenatura.com\\\/es\\\/produto\\\/stevia-hoja-seca-en-polvo-bio-100g-salud-viva\\\/\",\"url\":\"https:\\\/\\\/www.lifenatura.com\\\/es\\\/produto\\\/stevia-hoja-seca-en-polvo-bio-100g-salud-viva\\\/\",\"name\":\"Stevia hoja seca en polvo Bio 100g - Salud Viva - Na Lifenatura ao Melhor Pre\u00e7o | Envio em 48h\",\"isPartOf\":{\"@id\":\"https:\\\/\\\/www.lifenatura.com\\\/es\\\/#website\"},\"primaryImageOfPage\":{\"@id\":\"https:\\\/\\\/www.lifenatura.com\\\/es\\\/produto\\\/stevia-hoja-seca-en-polvo-bio-100g-salud-viva\\\/#primaryimage\"},\"image\":{\"@id\":\"https:\\\/\\\/www.lifenatura.com\\\/es\\\/produto\\\/stevia-hoja-seca-en-polvo-bio-100g-salud-viva\\\/#primaryimage\"},\"thumbnailUrl\":\"https:\\\/\\\/www.lifenatura.com\\\/wp-content\\\/uploads\\\/2025\\\/05\\\/stevia-100g-salud-viva.jpg\",\"datePublished\":\"2025-05-13T15:57:43+00:00\",\"dateModified\":\"2025-09-22T09:37:59+00:00\",\"description\":\"Stevia Ecol\u00f3gica Hoja Seca en Polvo edulcorante natural sin calor\u00edas, ideal para diab\u00e9ticos y dietas saludables. Alternativa ecol\u00f3gica y 100% natural.\",\"breadcrumb\":{\"@id\":\"https:\\\/\\\/www.lifenatura.com\\\/es\\\/produto\\\/stevia-hoja-seca-en-polvo-bio-100g-salud-viva\\\/#breadcrumb\"},\"inLanguage\":\"es\",\"potentialAction\":[{\"@type\":\"ReadAction\",\"target\":[\"https:\\\/\\\/www.lifenatura.com\\\/es\\\/produto\\\/stevia-hoja-seca-en-polvo-bio-100g-salud-viva\\\/\"]}]},{\"@type\":\"ImageObject\",\"inLanguage\":\"es\",\"@id\":\"https:\\\/\\\/www.lifenatura.com\\\/es\\\/produto\\\/stevia-hoja-seca-en-polvo-bio-100g-salud-viva\\\/#primaryimage\",\"url\":\"https:\\\/\\\/www.lifenatura.com\\\/wp-content\\\/uploads\\\/2025\\\/05\\\/stevia-100g-salud-viva.jpg\",\"contentUrl\":\"https:\\\/\\\/www.lifenatura.com\\\/wp-content\\\/uploads\\\/2025\\\/05\\\/stevia-100g-salud-viva.jpg\",\"width\":1000,\"height\":1000},{\"@type\":\"BreadcrumbList\",\"@id\":\"https:\\\/\\\/www.lifenatura.com\\\/es\\\/produto\\\/stevia-hoja-seca-en-polvo-bio-100g-salud-viva\\\/#breadcrumb\",\"itemListElement\":[{\"@type\":\"ListItem\",\"position\":1,\"name\":\"In\u00edcio\",\"item\":\"https:\\\/\\\/www.lifenatura.com\\\/es\\\/\"},{\"@type\":\"ListItem\",\"position\":2,\"name\":\"Todos los Productos\",\"item\":\"https:\\\/\\\/www.lifenatura.com\\\/es\\\/tienda\\\/\"},{\"@type\":\"ListItem\",\"position\":3,\"name\":\"Stevia hoja seca en polvo Bio 100g &#8211; Salud Viva\"}]},{\"@type\":\"WebSite\",\"@id\":\"https:\\\/\\\/www.lifenatura.com\\\/es\\\/#website\",\"url\":\"https:\\\/\\\/www.lifenatura.com\\\/es\\\/\",\"name\":\"Lifenatura\",\"description\":\"A Lifenatura \u00e9 uma loja de produtos naturais, cosm\u00e9tica natural e alimenta\u00e7\u00e3o Biol\u00f3gica.\",\"publisher\":{\"@id\":\"https:\\\/\\\/www.lifenatura.com\\\/es\\\/#organization\"},\"potentialAction\":[{\"@type\":\"SearchAction\",\"target\":{\"@type\":\"EntryPoint\",\"urlTemplate\":\"https:\\\/\\\/www.lifenatura.com\\\/es\\\/?s={search_term_string}\"},\"query-input\":{\"@type\":\"PropertyValueSpecification\",\"valueRequired\":true,\"valueName\":\"search_term_string\"}}],\"inLanguage\":\"es\"},{\"@type\":\"Organization\",\"@id\":\"https:\\\/\\\/www.lifenatura.com\\\/es\\\/#organization\",\"name\":\"Lifenatura\",\"url\":\"https:\\\/\\\/www.lifenatura.com\\\/es\\\/\",\"logo\":{\"@type\":\"ImageObject\",\"inLanguage\":\"es\",\"@id\":\"https:\\\/\\\/www.lifenatura.com\\\/es\\\/#\\\/schema\\\/logo\\\/image\\\/\",\"url\":\"https:\\\/\\\/www.lifenatura.com\\\/wp-content\\\/uploads\\\/2021\\\/07\\\/logo.png\",\"contentUrl\":\"https:\\\/\\\/www.lifenatura.com\\\/wp-content\\\/uploads\\\/2021\\\/07\\\/logo.png\",\"width\":175,\"height\":55,\"caption\":\"Lifenatura\"},\"image\":{\"@id\":\"https:\\\/\\\/www.lifenatura.com\\\/es\\\/#\\\/schema\\\/logo\\\/image\\\/\"},\"sameAs\":[\"https:\\\/\\\/www.facebook.com\\\/lifenatura\",\"https:\\\/\\\/www.instagram.com\\\/lifenaturapt\\\/\"],\"hasMerchantReturnPolicy\":{\"@type\":\"MerchantReturnPolicy\",\"merchantReturnLink\":\"https:\\\/\\\/www.lifenatura.com\\\/termos-condicoes-lifenatura\\\/\"}}]}<\/script>\n<meta property=\"product:price:amount\" content=\"7.53\" \/>\n<meta property=\"product:price:currency\" content=\"EUR\" \/>\n<meta property=\"og:availability\" content=\"instock\" \/>\n<meta property=\"product:availability\" content=\"instock\" \/>\n<meta property=\"product:retailer_item_id\" content=\"13600000004\" \/>\n<meta property=\"product:condition\" content=\"new\" \/>\n<!-- \/ Yoast SEO Premium plugin. -->","yoast_head_json":{"title":"Stevia hoja seca en polvo Bio 100g - Salud Viva - Na Lifenatura ao Melhor Pre\u00e7o | Envio em 48h","description":"Stevia Ecol\u00f3gica Hoja Seca en Polvo edulcorante natural sin calor\u00edas, ideal para diab\u00e9ticos y dietas saludables. Alternativa ecol\u00f3gica y 100% natural.","robots":{"index":"index","follow":"follow","max-snippet":"max-snippet:-1","max-image-preview":"max-image-preview:large","max-video-preview":"max-video-preview:-1"},"canonical":"https:\/\/www.lifenatura.com\/es\/produto\/stevia-hoja-seca-en-polvo-bio-100g-salud-viva\/","og_locale":"es_ES","og_type":"article","og_title":"Stevia hoja seca en polvo Bio 100g - Salud Viva - Na Lifenatura ao Melhor Pre\u00e7o | Envio 48h","og_description":"Compre Stevia hoja seca en polvo Bio 100g - Salud Viva com envio r\u00e1pido. Entrega em 48h e portes gr\u00e1tis em compras >35\u20ac. Aproveite j\u00e1 na Lifenatura","og_url":"https:\/\/www.lifenatura.com\/es\/produto\/stevia-hoja-seca-en-polvo-bio-100g-salud-viva\/","og_site_name":"Lifenatura","article_publisher":"https:\/\/www.facebook.com\/lifenatura","article_modified_time":"2025-09-22T09:37:59+00:00","og_image":[{"width":1000,"height":1000,"url":"https:\/\/www.lifenatura.com\/wp-content\/uploads\/2025\/05\/stevia-100g-salud-viva.jpg","type":"image\/jpeg"}],"twitter_card":"summary_large_image","twitter_misc":{"Precio":"7,53&nbsp;&euro;","Disponibilidad":"Disponible"},"schema":{"@context":"https:\/\/schema.org","@graph":[{"@type":"WebPage","@id":"https:\/\/www.lifenatura.com\/es\/produto\/stevia-hoja-seca-en-polvo-bio-100g-salud-viva\/","url":"https:\/\/www.lifenatura.com\/es\/produto\/stevia-hoja-seca-en-polvo-bio-100g-salud-viva\/","name":"Stevia hoja seca en polvo Bio 100g - Salud Viva - Na Lifenatura ao Melhor Pre\u00e7o | Envio em 48h","isPartOf":{"@id":"https:\/\/www.lifenatura.com\/es\/#website"},"primaryImageOfPage":{"@id":"https:\/\/www.lifenatura.com\/es\/produto\/stevia-hoja-seca-en-polvo-bio-100g-salud-viva\/#primaryimage"},"image":{"@id":"https:\/\/www.lifenatura.com\/es\/produto\/stevia-hoja-seca-en-polvo-bio-100g-salud-viva\/#primaryimage"},"thumbnailUrl":"https:\/\/www.lifenatura.com\/wp-content\/uploads\/2025\/05\/stevia-100g-salud-viva.jpg","datePublished":"2025-05-13T15:57:43+00:00","dateModified":"2025-09-22T09:37:59+00:00","description":"Stevia Ecol\u00f3gica Hoja Seca en Polvo edulcorante natural sin calor\u00edas, ideal para diab\u00e9ticos y dietas saludables. Alternativa ecol\u00f3gica y 100% natural.","breadcrumb":{"@id":"https:\/\/www.lifenatura.com\/es\/produto\/stevia-hoja-seca-en-polvo-bio-100g-salud-viva\/#breadcrumb"},"inLanguage":"es","potentialAction":[{"@type":"ReadAction","target":["https:\/\/www.lifenatura.com\/es\/produto\/stevia-hoja-seca-en-polvo-bio-100g-salud-viva\/"]}]},{"@type":"ImageObject","inLanguage":"es","@id":"https:\/\/www.lifenatura.com\/es\/produto\/stevia-hoja-seca-en-polvo-bio-100g-salud-viva\/#primaryimage","url":"https:\/\/www.lifenatura.com\/wp-content\/uploads\/2025\/05\/stevia-100g-salud-viva.jpg","contentUrl":"https:\/\/www.lifenatura.com\/wp-content\/uploads\/2025\/05\/stevia-100g-salud-viva.jpg","width":1000,"height":1000},{"@type":"BreadcrumbList","@id":"https:\/\/www.lifenatura.com\/es\/produto\/stevia-hoja-seca-en-polvo-bio-100g-salud-viva\/#breadcrumb","itemListElement":[{"@type":"ListItem","position":1,"name":"In\u00edcio","item":"https:\/\/www.lifenatura.com\/es\/"},{"@type":"ListItem","position":2,"name":"Todos los Productos","item":"https:\/\/www.lifenatura.com\/es\/tienda\/"},{"@type":"ListItem","position":3,"name":"Stevia hoja seca en polvo Bio 100g &#8211; Salud Viva"}]},{"@type":"WebSite","@id":"https:\/\/www.lifenatura.com\/es\/#website","url":"https:\/\/www.lifenatura.com\/es\/","name":"Lifenatura","description":"A Lifenatura \u00e9 uma loja de produtos naturais, cosm\u00e9tica natural e alimenta\u00e7\u00e3o Biol\u00f3gica.","publisher":{"@id":"https:\/\/www.lifenatura.com\/es\/#organization"},"potentialAction":[{"@type":"SearchAction","target":{"@type":"EntryPoint","urlTemplate":"https:\/\/www.lifenatura.com\/es\/?s={search_term_string}"},"query-input":{"@type":"PropertyValueSpecification","valueRequired":true,"valueName":"search_term_string"}}],"inLanguage":"es"},{"@type":"Organization","@id":"https:\/\/www.lifenatura.com\/es\/#organization","name":"Lifenatura","url":"https:\/\/www.lifenatura.com\/es\/","logo":{"@type":"ImageObject","inLanguage":"es","@id":"https:\/\/www.lifenatura.com\/es\/#\/schema\/logo\/image\/","url":"https:\/\/www.lifenatura.com\/wp-content\/uploads\/2021\/07\/logo.png","contentUrl":"https:\/\/www.lifenatura.com\/wp-content\/uploads\/2021\/07\/logo.png","width":175,"height":55,"caption":"Lifenatura"},"image":{"@id":"https:\/\/www.lifenatura.com\/es\/#\/schema\/logo\/image\/"},"sameAs":["https:\/\/www.facebook.com\/lifenatura","https:\/\/www.instagram.com\/lifenaturapt\/"],"hasMerchantReturnPolicy":{"@type":"MerchantReturnPolicy","merchantReturnLink":"https:\/\/www.lifenatura.com\/termos-condicoes-lifenatura\/"}}]},"product_price_amount":"7.53","product_price_currency":"EUR","og_availability":"instock","product_availability":"instock","product_retailer_item_id":"13600000004","product_condition":"new"},"df_price":7.53,"df_sale_price":"","df_regular_price":7.53,"df_image_link":"https:\/\/www.lifenatura.com\/wp-content\/uploads\/2025\/05\/stevia-100g-salud-viva-300x300.jpg","_links":{"self":[{"href":"https:\/\/www.lifenatura.com\/es\/wp-json\/wp\/v2\/product\/116358","targetHints":{"allow":["GET"]}}],"collection":[{"href":"https:\/\/www.lifenatura.com\/es\/wp-json\/wp\/v2\/product"}],"about":[{"href":"https:\/\/www.lifenatura.com\/es\/wp-json\/wp\/v2\/types\/product"}],"wp:featuredmedia":[{"embeddable":true,"href":"https:\/\/www.lifenatura.com\/es\/wp-json\/wp\/v2\/media\/111395"}],"wp:attachment":[{"href":"https:\/\/www.lifenatura.com\/es\/wp-json\/wp\/v2\/media?parent=116358"}],"wp:term":[{"taxonomy":"product_brand","embeddable":true,"href":"https:\/\/www.lifenatura.com\/es\/wp-json\/wp\/v2\/product_brand?post=116358"},{"taxonomy":"product_cat","embeddable":true,"href":"https:\/\/www.lifenatura.com\/es\/wp-json\/wp\/v2\/product_cat?post=116358"},{"taxonomy":"product_tag","embeddable":true,"href":"https:\/\/www.lifenatura.com\/es\/wp-json\/wp\/v2\/product_tag?post=116358"}],"curies":[{"name":"wp","href":"https:\/\/api.w.org\/{rel}","templated":true}]}}