{"id":116355,"date":"2025-05-13T15:57:54","date_gmt":"2025-05-13T15:57:54","guid":{"rendered":"https:\/\/www.lifenatura.com\/produto\/pasta-espiral-ecologica-de-trigo-sarraceno-y-linaza-salud-viva\/"},"modified":"2025-09-08T12:55:24","modified_gmt":"2025-09-08T12:55:24","slug":"pasta-espiral-ecologica-de-trigo-sarraceno-y-linaza-salud-viva","status":"publish","type":"product","link":"https:\/\/www.lifenatura.com\/es\/produto\/pasta-espiral-ecologica-de-trigo-sarraceno-y-linaza-salud-viva\/","title":{"rendered":"Pasta espiral ecol\u00f3gica de trigo sarraceno y linaza &#8211; Salud Viva"},"content":{"rendered":"<h2 style=\"text-align: left;\" data-start=\"192\" data-end=\"253\"><strong>Pasta espiral ecol\u00f3gica de trigo sarraceno y linaza &#8211; Salud Viva<\/strong><\/h2>\n<p>&nbsp;<\/p>\n<p data-start=\"305\" data-end=\"717\"><strong data-start=\"307\" data-end=\"371\">La pasta espiral de trigo sarraceno ecol\u00f3gico y linaza de Salud Viva<\/strong> es una opci\u00f3n nutritiva, sabrosa y naturalmente sin gluten, ideal para quienes buscan una dieta equilibrada y sana. Elaborada con harina de <strong data-start=\"528\" data-end=\"557\">trigo sarraceno ecol\u00f3gico<\/strong> y enriquecida con <strong data-start=\"576\" data-end=\"606\">semillas de lino molidas<\/strong>, esta pasta ofrece una excelente fuente de <strong data-start=\"650\" data-end=\"714\">fibra, prote\u00ednas vegetales, minerales y \u00e1cidos grasos omega-3<\/strong>.<\/p>\n<p data-start=\"719\" data-end=\"1088\">El trigo sarraceno, a pesar de su nombre, <strong data-start=\"754\" data-end=\"775\">no contiene gluten<\/strong> y es rico en nutrientes esenciales como magnesio, manganeso y antioxidantes, que ayudan a mantener la energ\u00eda y la salud cardiovascular. La linaza es conocida por sus propiedades digestivas y su alto contenido en omega-3, que contribuye a la salud del coraz\u00f3n y las articulaciones y al equilibrio hormonal.<\/p>\n<p data-start=\"1090\" data-end=\"1262\">Con su textura firme y sabor suave, esta pasta es vers\u00e1til y combina bien con una gran variedad de salsas y guarniciones, por lo que es perfecta para recetas r\u00e1pidas y nutritivas.<\/p>\n<p data-start=\"1264\" data-end=\"1290\"><strong>Principales ventajas:<\/strong><\/p>\n<ul data-start=\"1291\" data-end=\"1570\">\n<li data-start=\"1291\" data-end=\"1350\">\n<p data-start=\"1293\" data-end=\"1350\"><strong data-start=\"1293\" data-end=\"1307\">Sin gluten<\/strong>, apto para intolerantes y sensibles;<\/p>\n<\/li>\n<li data-start=\"1351\" data-end=\"1396\">\n<p data-start=\"1353\" data-end=\"1396\">Fuente de <strong data-start=\"1362\" data-end=\"1393\">prote\u00ednas vegetales y fibra<\/strong>;<\/p>\n<\/li>\n<li data-start=\"1397\" data-end=\"1461\">\n<p data-start=\"1399\" data-end=\"1461\">Rico en <strong data-start=\"1407\" data-end=\"1418\">omega-3<\/strong>, beneficioso para el coraz\u00f3n y las articulaciones;<\/p>\n<\/li>\n<li data-start=\"1462\" data-end=\"1520\">\n<p data-start=\"1464\" data-end=\"1520\">Contribuye a <strong data-start=\"1481\" data-end=\"1494\">la saciedad<\/strong> y al equilibrio digestivo;<\/p>\n<\/li>\n<li data-start=\"1521\" data-end=\"1570\">\n<p data-start=\"1523\" data-end=\"1570\">Elaborado con ingredientes <strong data-start=\"1550\" data-end=\"1569\">100% ecol\u00f3gicos<\/strong>.<\/p>\n<\/li>\n<\/ul>\n<p data-start=\"1572\" data-end=\"1589\"><strong>Indicaciones:<\/strong><\/p>\n<p data-start=\"1590\" data-end=\"1672\"><strong data-start=\"1592\" data-end=\"1653\">La pasta en espiral de trigo sarraceno y linaza Bio de Salud Viva<\/strong> es adecuada para:<\/p>\n<ul data-start=\"1673\" data-end=\"1890\">\n<li data-start=\"1673\" data-end=\"1733\">\n<p data-start=\"1675\" data-end=\"1733\">Personas con <strong data-start=\"1687\" data-end=\"1730\">intolerancia o sensibilidad al gluten<\/strong>;<\/p>\n<\/li>\n<li data-start=\"1734\" data-end=\"1782\">\n<p data-start=\"1736\" data-end=\"1782\">Los que buscan comidas r\u00e1pidas y nutritivas;<\/p>\n<\/li>\n<li data-start=\"1783\" data-end=\"1830\">\n<p data-start=\"1785\" data-end=\"1830\">Dietas vegetarianas, veganas o sin gluten;<\/p>\n<\/li>\n<li data-start=\"1831\" data-end=\"1890\">\n<p data-start=\"1833\" data-end=\"1890\">Familias que valoran los alimentos ecol\u00f3gicos y funcionales.<\/p>\n<\/li>\n<\/ul>\n<p><strong>Presentaci\u00f3n:<\/strong><\/p>\n<p>250g<\/p>\n<p>&nbsp;<\/p>\n","protected":false},"excerpt":{"rendered":"<p>Cu\u00e9celos en agua hirviendo de 6 a 8 minutos. S\u00edrvelos con salsa o cualquier otro acompa\u00f1amiento que prefieras. Ideal para recetas r\u00e1pidas y sanas. [&#8230;]<\/p>\n<p><a class=\"btn btn-secondary understrap-read-more-link\" href=\"https:\/\/www.lifenatura.com\/es\/produto\/pasta-espiral-ecologica-de-trigo-sarraceno-y-linaza-salud-viva\/\">Leer m\u00e1s&#8230;<span class=\"screen-reader-text\"> from Pasta espiral ecol\u00f3gica de trigo sarraceno y linaza &#8211; Salud Viva<\/span><\/a><\/p>\n","protected":false},"featured_media":111517,"template":"","meta":{"_acf_changed":false},"product_brand":[8295],"product_cat":[7064,7290,7074],"product_tag":[],"class_list":{"0":"post-116355","1":"product","2":"type-product","3":"status-publish","4":"has-post-thumbnail","6":"product_brand-salud-viva","7":"product_cat-alimentacion-sana","8":"product_cat-arroz-y-pasta","9":"product_cat-productos-alimenticios","11":"first","12":"instock","13":"shipping-taxable","14":"purchasable","15":"product-type-simple","16":"add-to-wishlist-before_image"},"acf":[],"yoast_head":"<!-- This site is optimized with the Yoast SEO Premium plugin v27.1 (Yoast SEO v27.5) - https:\/\/yoast.com\/product\/yoast-seo-premium-wordpress\/ -->\n<title>Pasta espiral ecol\u00f3gica de trigo sarraceno y linaza - Salud Viva - Na Lifenatura ao Melhor Pre\u00e7o | Envio em 48h<\/title>\n<meta name=\"description\" content=\"Cu\u00e9celos en agua hirviendo de 6 a 8 minutos. S\u00edrvelos con salsa o cualquier otro acompa\u00f1amiento que prefieras. Ideal para recetas r\u00e1pidas y sanas.\" \/>\n<meta name=\"robots\" content=\"index, follow, max-snippet:-1, max-image-preview:large, max-video-preview:-1\" \/>\n<link rel=\"canonical\" href=\"https:\/\/www.lifenatura.com\/es\/produto\/pasta-espiral-ecologica-de-trigo-sarraceno-y-linaza-salud-viva\/\" \/>\n<meta property=\"og:locale\" content=\"es_ES\" \/>\n<meta property=\"og:type\" content=\"article\" \/>\n<meta property=\"og:title\" content=\"Pasta espiral ecol\u00f3gica de trigo sarraceno y linaza - Salud Viva - Na Lifenatura ao Melhor Pre\u00e7o | Envio 48h\" \/>\n<meta property=\"og:description\" content=\"Compre Pasta espiral ecol\u00f3gica de trigo sarraceno y linaza - Salud Viva com envio r\u00e1pido. Entrega em 48h e portes gr\u00e1tis em compras &gt;35\u20ac. Aproveite j\u00e1 na Lifenatura\" \/>\n<meta property=\"og:url\" content=\"https:\/\/www.lifenatura.com\/es\/produto\/pasta-espiral-ecologica-de-trigo-sarraceno-y-linaza-salud-viva\/\" \/>\n<meta property=\"og:site_name\" content=\"Lifenatura\" \/>\n<meta property=\"article:publisher\" content=\"https:\/\/www.facebook.com\/lifenatura\" \/>\n<meta property=\"article:modified_time\" content=\"2025-09-08T12:55:24+00:00\" \/>\n<meta property=\"og:image\" content=\"https:\/\/www.lifenatura.com\/wp-content\/uploads\/2025\/05\/massa-espiral-ts-germinado-linhaca-250g-salud-viva.jpg\" \/>\n\t<meta property=\"og:image:width\" content=\"1000\" \/>\n\t<meta property=\"og:image:height\" content=\"1000\" \/>\n\t<meta property=\"og:image:type\" content=\"image\/jpeg\" \/>\n<meta name=\"twitter:card\" content=\"summary_large_image\" \/>\n<meta name=\"twitter:label1\" content=\"Precio\" \/>\n\t<meta name=\"twitter:data1\" content=\"7,79&nbsp;&euro;\" \/>\n\t<meta name=\"twitter:label2\" content=\"Disponibilidad\" \/>\n\t<meta name=\"twitter:data2\" content=\"Disponible\" \/>\n<script type=\"application\/ld+json\" class=\"yoast-schema-graph\">{\"@context\":\"https:\\\/\\\/schema.org\",\"@graph\":[{\"@type\":\"WebPage\",\"@id\":\"https:\\\/\\\/www.lifenatura.com\\\/es\\\/produto\\\/pasta-espiral-ecologica-de-trigo-sarraceno-y-linaza-salud-viva\\\/\",\"url\":\"https:\\\/\\\/www.lifenatura.com\\\/es\\\/produto\\\/pasta-espiral-ecologica-de-trigo-sarraceno-y-linaza-salud-viva\\\/\",\"name\":\"Pasta espiral ecol\u00f3gica de trigo sarraceno y linaza - Salud Viva - Na Lifenatura ao Melhor Pre\u00e7o | Envio em 48h\",\"isPartOf\":{\"@id\":\"https:\\\/\\\/www.lifenatura.com\\\/es\\\/#website\"},\"primaryImageOfPage\":{\"@id\":\"https:\\\/\\\/www.lifenatura.com\\\/es\\\/produto\\\/pasta-espiral-ecologica-de-trigo-sarraceno-y-linaza-salud-viva\\\/#primaryimage\"},\"image\":{\"@id\":\"https:\\\/\\\/www.lifenatura.com\\\/es\\\/produto\\\/pasta-espiral-ecologica-de-trigo-sarraceno-y-linaza-salud-viva\\\/#primaryimage\"},\"thumbnailUrl\":\"https:\\\/\\\/www.lifenatura.com\\\/wp-content\\\/uploads\\\/2025\\\/05\\\/massa-espiral-ts-germinado-linhaca-250g-salud-viva.jpg\",\"datePublished\":\"2025-05-13T15:57:54+00:00\",\"dateModified\":\"2025-09-08T12:55:24+00:00\",\"description\":\"Cu\u00e9celos en agua hirviendo de 6 a 8 minutos. S\u00edrvelos con salsa o cualquier otro acompa\u00f1amiento que prefieras. Ideal para recetas r\u00e1pidas y sanas.\",\"breadcrumb\":{\"@id\":\"https:\\\/\\\/www.lifenatura.com\\\/es\\\/produto\\\/pasta-espiral-ecologica-de-trigo-sarraceno-y-linaza-salud-viva\\\/#breadcrumb\"},\"inLanguage\":\"es\",\"potentialAction\":[{\"@type\":\"ReadAction\",\"target\":[\"https:\\\/\\\/www.lifenatura.com\\\/es\\\/produto\\\/pasta-espiral-ecologica-de-trigo-sarraceno-y-linaza-salud-viva\\\/\"]}]},{\"@type\":\"ImageObject\",\"inLanguage\":\"es\",\"@id\":\"https:\\\/\\\/www.lifenatura.com\\\/es\\\/produto\\\/pasta-espiral-ecologica-de-trigo-sarraceno-y-linaza-salud-viva\\\/#primaryimage\",\"url\":\"https:\\\/\\\/www.lifenatura.com\\\/wp-content\\\/uploads\\\/2025\\\/05\\\/massa-espiral-ts-germinado-linhaca-250g-salud-viva.jpg\",\"contentUrl\":\"https:\\\/\\\/www.lifenatura.com\\\/wp-content\\\/uploads\\\/2025\\\/05\\\/massa-espiral-ts-germinado-linhaca-250g-salud-viva.jpg\",\"width\":1000,\"height\":1000},{\"@type\":\"BreadcrumbList\",\"@id\":\"https:\\\/\\\/www.lifenatura.com\\\/es\\\/produto\\\/pasta-espiral-ecologica-de-trigo-sarraceno-y-linaza-salud-viva\\\/#breadcrumb\",\"itemListElement\":[{\"@type\":\"ListItem\",\"position\":1,\"name\":\"In\u00edcio\",\"item\":\"https:\\\/\\\/www.lifenatura.com\\\/es\\\/\"},{\"@type\":\"ListItem\",\"position\":2,\"name\":\"Todos los Productos\",\"item\":\"https:\\\/\\\/www.lifenatura.com\\\/es\\\/tienda\\\/\"},{\"@type\":\"ListItem\",\"position\":3,\"name\":\"Pasta espiral ecol\u00f3gica de trigo sarraceno y linaza &#8211; Salud Viva\"}]},{\"@type\":\"WebSite\",\"@id\":\"https:\\\/\\\/www.lifenatura.com\\\/es\\\/#website\",\"url\":\"https:\\\/\\\/www.lifenatura.com\\\/es\\\/\",\"name\":\"Lifenatura\",\"description\":\"A Lifenatura \u00e9 uma loja de produtos naturais, cosm\u00e9tica natural e alimenta\u00e7\u00e3o Biol\u00f3gica.\",\"publisher\":{\"@id\":\"https:\\\/\\\/www.lifenatura.com\\\/es\\\/#organization\"},\"potentialAction\":[{\"@type\":\"SearchAction\",\"target\":{\"@type\":\"EntryPoint\",\"urlTemplate\":\"https:\\\/\\\/www.lifenatura.com\\\/es\\\/?s={search_term_string}\"},\"query-input\":{\"@type\":\"PropertyValueSpecification\",\"valueRequired\":true,\"valueName\":\"search_term_string\"}}],\"inLanguage\":\"es\"},{\"@type\":\"Organization\",\"@id\":\"https:\\\/\\\/www.lifenatura.com\\\/es\\\/#organization\",\"name\":\"Lifenatura\",\"url\":\"https:\\\/\\\/www.lifenatura.com\\\/es\\\/\",\"logo\":{\"@type\":\"ImageObject\",\"inLanguage\":\"es\",\"@id\":\"https:\\\/\\\/www.lifenatura.com\\\/es\\\/#\\\/schema\\\/logo\\\/image\\\/\",\"url\":\"https:\\\/\\\/www.lifenatura.com\\\/wp-content\\\/uploads\\\/2021\\\/07\\\/logo.png\",\"contentUrl\":\"https:\\\/\\\/www.lifenatura.com\\\/wp-content\\\/uploads\\\/2021\\\/07\\\/logo.png\",\"width\":175,\"height\":55,\"caption\":\"Lifenatura\"},\"image\":{\"@id\":\"https:\\\/\\\/www.lifenatura.com\\\/es\\\/#\\\/schema\\\/logo\\\/image\\\/\"},\"sameAs\":[\"https:\\\/\\\/www.facebook.com\\\/lifenatura\",\"https:\\\/\\\/www.instagram.com\\\/lifenaturapt\\\/\"],\"hasMerchantReturnPolicy\":{\"@type\":\"MerchantReturnPolicy\",\"merchantReturnLink\":\"https:\\\/\\\/www.lifenatura.com\\\/termos-condicoes-lifenatura\\\/\"}}]}<\/script>\n<meta property=\"product:price:amount\" content=\"7.79\" \/>\n<meta property=\"product:price:currency\" content=\"EUR\" \/>\n<meta property=\"og:availability\" content=\"instock\" \/>\n<meta property=\"product:availability\" content=\"instock\" \/>\n<meta property=\"product:retailer_item_id\" content=\"32200000009\" \/>\n<meta property=\"product:condition\" content=\"new\" \/>\n<!-- \/ Yoast SEO Premium plugin. -->","yoast_head_json":{"title":"Pasta espiral ecol\u00f3gica de trigo sarraceno y linaza - Salud Viva - Na Lifenatura ao Melhor Pre\u00e7o | Envio em 48h","description":"Cu\u00e9celos en agua hirviendo de 6 a 8 minutos. S\u00edrvelos con salsa o cualquier otro acompa\u00f1amiento que prefieras. Ideal para recetas r\u00e1pidas y sanas.","robots":{"index":"index","follow":"follow","max-snippet":"max-snippet:-1","max-image-preview":"max-image-preview:large","max-video-preview":"max-video-preview:-1"},"canonical":"https:\/\/www.lifenatura.com\/es\/produto\/pasta-espiral-ecologica-de-trigo-sarraceno-y-linaza-salud-viva\/","og_locale":"es_ES","og_type":"article","og_title":"Pasta espiral ecol\u00f3gica de trigo sarraceno y linaza - Salud Viva - Na Lifenatura ao Melhor Pre\u00e7o | Envio 48h","og_description":"Compre Pasta espiral ecol\u00f3gica de trigo sarraceno y linaza - Salud Viva com envio r\u00e1pido. Entrega em 48h e portes gr\u00e1tis em compras >35\u20ac. Aproveite j\u00e1 na Lifenatura","og_url":"https:\/\/www.lifenatura.com\/es\/produto\/pasta-espiral-ecologica-de-trigo-sarraceno-y-linaza-salud-viva\/","og_site_name":"Lifenatura","article_publisher":"https:\/\/www.facebook.com\/lifenatura","article_modified_time":"2025-09-08T12:55:24+00:00","og_image":[{"width":1000,"height":1000,"url":"https:\/\/www.lifenatura.com\/wp-content\/uploads\/2025\/05\/massa-espiral-ts-germinado-linhaca-250g-salud-viva.jpg","type":"image\/jpeg"}],"twitter_card":"summary_large_image","twitter_misc":{"Precio":"7,79&nbsp;&euro;","Disponibilidad":"Disponible"},"schema":{"@context":"https:\/\/schema.org","@graph":[{"@type":"WebPage","@id":"https:\/\/www.lifenatura.com\/es\/produto\/pasta-espiral-ecologica-de-trigo-sarraceno-y-linaza-salud-viva\/","url":"https:\/\/www.lifenatura.com\/es\/produto\/pasta-espiral-ecologica-de-trigo-sarraceno-y-linaza-salud-viva\/","name":"Pasta espiral ecol\u00f3gica de trigo sarraceno y linaza - Salud Viva - Na Lifenatura ao Melhor Pre\u00e7o | Envio em 48h","isPartOf":{"@id":"https:\/\/www.lifenatura.com\/es\/#website"},"primaryImageOfPage":{"@id":"https:\/\/www.lifenatura.com\/es\/produto\/pasta-espiral-ecologica-de-trigo-sarraceno-y-linaza-salud-viva\/#primaryimage"},"image":{"@id":"https:\/\/www.lifenatura.com\/es\/produto\/pasta-espiral-ecologica-de-trigo-sarraceno-y-linaza-salud-viva\/#primaryimage"},"thumbnailUrl":"https:\/\/www.lifenatura.com\/wp-content\/uploads\/2025\/05\/massa-espiral-ts-germinado-linhaca-250g-salud-viva.jpg","datePublished":"2025-05-13T15:57:54+00:00","dateModified":"2025-09-08T12:55:24+00:00","description":"Cu\u00e9celos en agua hirviendo de 6 a 8 minutos. S\u00edrvelos con salsa o cualquier otro acompa\u00f1amiento que prefieras. Ideal para recetas r\u00e1pidas y sanas.","breadcrumb":{"@id":"https:\/\/www.lifenatura.com\/es\/produto\/pasta-espiral-ecologica-de-trigo-sarraceno-y-linaza-salud-viva\/#breadcrumb"},"inLanguage":"es","potentialAction":[{"@type":"ReadAction","target":["https:\/\/www.lifenatura.com\/es\/produto\/pasta-espiral-ecologica-de-trigo-sarraceno-y-linaza-salud-viva\/"]}]},{"@type":"ImageObject","inLanguage":"es","@id":"https:\/\/www.lifenatura.com\/es\/produto\/pasta-espiral-ecologica-de-trigo-sarraceno-y-linaza-salud-viva\/#primaryimage","url":"https:\/\/www.lifenatura.com\/wp-content\/uploads\/2025\/05\/massa-espiral-ts-germinado-linhaca-250g-salud-viva.jpg","contentUrl":"https:\/\/www.lifenatura.com\/wp-content\/uploads\/2025\/05\/massa-espiral-ts-germinado-linhaca-250g-salud-viva.jpg","width":1000,"height":1000},{"@type":"BreadcrumbList","@id":"https:\/\/www.lifenatura.com\/es\/produto\/pasta-espiral-ecologica-de-trigo-sarraceno-y-linaza-salud-viva\/#breadcrumb","itemListElement":[{"@type":"ListItem","position":1,"name":"In\u00edcio","item":"https:\/\/www.lifenatura.com\/es\/"},{"@type":"ListItem","position":2,"name":"Todos los Productos","item":"https:\/\/www.lifenatura.com\/es\/tienda\/"},{"@type":"ListItem","position":3,"name":"Pasta espiral ecol\u00f3gica de trigo sarraceno y linaza &#8211; Salud Viva"}]},{"@type":"WebSite","@id":"https:\/\/www.lifenatura.com\/es\/#website","url":"https:\/\/www.lifenatura.com\/es\/","name":"Lifenatura","description":"A Lifenatura \u00e9 uma loja de produtos naturais, cosm\u00e9tica natural e alimenta\u00e7\u00e3o Biol\u00f3gica.","publisher":{"@id":"https:\/\/www.lifenatura.com\/es\/#organization"},"potentialAction":[{"@type":"SearchAction","target":{"@type":"EntryPoint","urlTemplate":"https:\/\/www.lifenatura.com\/es\/?s={search_term_string}"},"query-input":{"@type":"PropertyValueSpecification","valueRequired":true,"valueName":"search_term_string"}}],"inLanguage":"es"},{"@type":"Organization","@id":"https:\/\/www.lifenatura.com\/es\/#organization","name":"Lifenatura","url":"https:\/\/www.lifenatura.com\/es\/","logo":{"@type":"ImageObject","inLanguage":"es","@id":"https:\/\/www.lifenatura.com\/es\/#\/schema\/logo\/image\/","url":"https:\/\/www.lifenatura.com\/wp-content\/uploads\/2021\/07\/logo.png","contentUrl":"https:\/\/www.lifenatura.com\/wp-content\/uploads\/2021\/07\/logo.png","width":175,"height":55,"caption":"Lifenatura"},"image":{"@id":"https:\/\/www.lifenatura.com\/es\/#\/schema\/logo\/image\/"},"sameAs":["https:\/\/www.facebook.com\/lifenatura","https:\/\/www.instagram.com\/lifenaturapt\/"],"hasMerchantReturnPolicy":{"@type":"MerchantReturnPolicy","merchantReturnLink":"https:\/\/www.lifenatura.com\/termos-condicoes-lifenatura\/"}}]},"product_price_amount":"7.79","product_price_currency":"EUR","og_availability":"instock","product_availability":"instock","product_retailer_item_id":"32200000009","product_condition":"new"},"df_price":7.79,"df_sale_price":"","df_regular_price":7.79,"df_image_link":"https:\/\/www.lifenatura.com\/wp-content\/uploads\/2025\/05\/massa-espiral-ts-germinado-linhaca-250g-salud-viva-300x300.jpg","_links":{"self":[{"href":"https:\/\/www.lifenatura.com\/es\/wp-json\/wp\/v2\/product\/116355","targetHints":{"allow":["GET"]}}],"collection":[{"href":"https:\/\/www.lifenatura.com\/es\/wp-json\/wp\/v2\/product"}],"about":[{"href":"https:\/\/www.lifenatura.com\/es\/wp-json\/wp\/v2\/types\/product"}],"wp:featuredmedia":[{"embeddable":true,"href":"https:\/\/www.lifenatura.com\/es\/wp-json\/wp\/v2\/media\/111517"}],"wp:attachment":[{"href":"https:\/\/www.lifenatura.com\/es\/wp-json\/wp\/v2\/media?parent=116355"}],"wp:term":[{"taxonomy":"product_brand","embeddable":true,"href":"https:\/\/www.lifenatura.com\/es\/wp-json\/wp\/v2\/product_brand?post=116355"},{"taxonomy":"product_cat","embeddable":true,"href":"https:\/\/www.lifenatura.com\/es\/wp-json\/wp\/v2\/product_cat?post=116355"},{"taxonomy":"product_tag","embeddable":true,"href":"https:\/\/www.lifenatura.com\/es\/wp-json\/wp\/v2\/product_tag?post=116355"}],"curies":[{"name":"wp","href":"https:\/\/api.w.org\/{rel}","templated":true}]}}