{"id":116351,"date":"2025-08-04T16:16:48","date_gmt":"2025-08-04T16:16:48","guid":{"rendered":"https:\/\/www.lifenatura.com\/produto\/cascara-de-psyllium-610mg-swanson\/"},"modified":"2025-09-02T07:19:21","modified_gmt":"2025-09-02T07:19:21","slug":"cascara-de-psyllium-610mg-swanson","status":"publish","type":"product","link":"https:\/\/www.lifenatura.com\/es\/produto\/cascara-de-psyllium-610mg-swanson\/","title":{"rendered":"C\u00e1scara de Psyllium 610mg &#8211; Swanson"},"content":{"rendered":"<h2 style=\"text-align: left;\" data-start=\"183\" data-end=\"217\"><strong>C\u00e1scara de Psilio Swanson Fibra Natural para el Equilibrio Intestinal<\/strong><\/h2>\n<p>&nbsp;<\/p>\n<p data-start=\"286\" data-end=\"687\"><strong data-start=\"288\" data-end=\"322\">La C\u00e1scara de Psilio Swanson 610mg<\/strong> es un suplemento natural basado en la c\u00e1scara de la semilla de la <em data-start=\"386\" data-end=\"402\">planta Plantago ovata<\/em>, una de las fuentes m\u00e1s ricas en <strong data-start=\"433\" data-end=\"450\">fibra soluble<\/strong> y muy utilizada para promover la <strong data-start=\"490\" data-end=\"517\">regularidad intestinal<\/strong> y el bienestar digestivo. Este producto proporciona psilio en pr\u00e1cticas c\u00e1psulas, ideales para quienes buscan los beneficios de la fibra sin alterar el sabor ni la textura de los alimentos.<\/p>\n<p data-start=\"689\" data-end=\"1013\">Cuando entra en contacto con el agua en el tubo digestivo, el psilio forma un gel que facilita el paso del bolo fecal, <strong data-start=\"805\" data-end=\"856\">aliviando el estre\u00f1imiento de forma suave y natural<\/strong>, sin causar habituaci\u00f3n. Tambi\u00e9n ayuda a <strong data-start=\"901\" data-end=\"957\">controlar los niveles de colesterol y az\u00facar en sangre<\/strong>, contribuyendo a la salud metab\u00f3lica y cardiovascular.<\/p>\n<p data-start=\"1015\" data-end=\"1211\">Es una opci\u00f3n excelente para quienes desean <strong data-start=\"1054\" data-end=\"1086\">aumentar su ingesta de fibra<\/strong> alimentaria, especialmente en estilos de vida con escaso consumo de alimentos integrales o en fases de desequilibrio intestinal.<\/p>\n<h3 data-start=\"1213\" data-end=\"1239\">Principales ventajas:<\/h3>\n<ul data-start=\"1240\" data-end=\"1589\">\n<li data-start=\"1240\" data-end=\"1302\">\n<p data-start=\"1242\" data-end=\"1302\"><strong data-start=\"1242\" data-end=\"1274\">Regula<\/strong> de forma natural y suave <strong data-start=\"1242\" data-end=\"1274\">el tr\u00e1nsito intestinal<\/strong>;<\/p>\n<\/li>\n<li data-start=\"1303\" data-end=\"1376\">\n<p data-start=\"1305\" data-end=\"1376\">Favorece la <strong data-start=\"1313\" data-end=\"1338\">eliminaci\u00f3n de toxinas<\/strong> y el equilibrio de la flora intestinal;<\/p>\n<\/li>\n<li data-start=\"1377\" data-end=\"1448\">\n<p data-start=\"1379\" data-end=\"1448\">Ayuda a <strong data-start=\"1396\" data-end=\"1421\">reducir el colesterol<\/strong> y a regular la glucemia;<\/p>\n<\/li>\n<li data-start=\"1449\" data-end=\"1534\">\n<p data-start=\"1451\" data-end=\"1534\">Proporciona <strong data-start=\"1463\" data-end=\"1488\">sensaci\u00f3n de saciedad<\/strong> y puede apoyar las dietas de control de peso;<\/p>\n<\/li>\n<li data-start=\"1535\" data-end=\"1589\">\n<p data-start=\"1537\" data-end=\"1589\">Pr\u00e1cticas c\u00e1psulas, <strong data-start=\"1558\" data-end=\"1588\">sin sabor y f\u00e1ciles de tomar.<\/strong><\/p>\n<\/li>\n<\/ul>\n<h3 data-start=\"1591\" data-end=\"1608\">Indicaciones:<\/h3>\n<p data-start=\"1609\" data-end=\"1658\"><strong data-start=\"1611\" data-end=\"1639\">Psyllium Husk de Swanson<\/strong> est\u00e1 indicado para:<\/p>\n<ul data-start=\"1659\" data-end=\"1917\">\n<li data-start=\"1659\" data-end=\"1728\">\n<p data-start=\"1661\" data-end=\"1728\">Personas con <strong data-start=\"1673\" data-end=\"1725\">estre\u00f1imiento, digesti\u00f3n lenta o intestinos sensibles<\/strong>;<\/p>\n<\/li>\n<li data-start=\"1729\" data-end=\"1801\">\n<p data-start=\"1731\" data-end=\"1801\">Cualquier persona que desee mejorar <strong data-start=\"1755\" data-end=\"1798\">el equilibrio intestinal y la salud digestiva<\/strong>;<\/p>\n<\/li>\n<li data-start=\"1802\" data-end=\"1861\">\n<p data-start=\"1804\" data-end=\"1861\">Dietas para <strong data-start=\"1814\" data-end=\"1858\">controlar el peso, el colesterol o la glucemia<\/strong>;<\/p>\n<\/li>\n<li data-start=\"1862\" data-end=\"1917\">\n<p data-start=\"1864\" data-end=\"1917\">Estilos de vida con bajo consumo de fibra alimentaria.<\/p>\n<\/li>\n<\/ul>\n<p>La c\u00e1scara de psilio es muy recomendable para cualquiera que desee contribuir al funcionamiento normal de su sistema digestivo.<\/p>\n<p><strong>PRESENTACI\u00d3N<\/strong><\/p>\n<p>100 c\u00e1psulas vegetales<\/p>\n<p>&nbsp;<\/p>\n","protected":false},"excerpt":{"rendered":"<p>Psyllium Husk 610mg Swanson &#8211; Fibra natural en c\u00e1psulas para regular el intestino, controlar el colesterol y favorecer la digesti\u00f3n. Pr\u00e1ctico, eficaz y 100% natural. [&#8230;]<\/p>\n<p><a class=\"btn btn-secondary understrap-read-more-link\" href=\"https:\/\/www.lifenatura.com\/es\/produto\/cascara-de-psyllium-610mg-swanson\/\">Leer m\u00e1s&#8230;<span class=\"screen-reader-text\"> from C\u00e1scara de Psyllium 610mg &#8211; Swanson<\/span><\/a><\/p>\n","protected":false},"featured_media":115527,"template":"","meta":{"_acf_changed":false},"product_brand":[8570],"product_cat":[7256,7659,8568,7179],"product_tag":[],"class_list":{"0":"post-116351","1":"product","2":"type-product","3":"status-publish","4":"has-post-thumbnail","6":"product_brand-swanson-es","7":"product_cat-flora-intestinal-salud","8":"product_cat-ingrediente-natural-bio","9":"product_cat-psyllium-es","10":"product_cat-salud","12":"first","13":"instock","14":"shipping-taxable","15":"purchasable","16":"product-type-simple","17":"add-to-wishlist-before_image"},"acf":[],"yoast_head":"<!-- This site is optimized with the Yoast SEO Premium plugin v27.1 (Yoast SEO v27.6) - https:\/\/yoast.com\/product\/yoast-seo-premium-wordpress\/ -->\n<title>C\u00e1scara de Psyllium 610mg - Swanson - Na Lifenatura ao Melhor Pre\u00e7o | Envio em 48h<\/title>\n<meta name=\"description\" content=\"Psyllium Husk 610mg Swanson - Fibra natural en c\u00e1psulas para regular el intestino, controlar el colesterol y favorecer la digesti\u00f3n. Eficaz y 100% natural.\" \/>\n<meta name=\"robots\" content=\"index, follow, max-snippet:-1, max-image-preview:large, max-video-preview:-1\" \/>\n<link rel=\"canonical\" href=\"https:\/\/www.lifenatura.com\/es\/produto\/cascara-de-psyllium-610mg-swanson\/\" \/>\n<meta property=\"og:locale\" content=\"es_ES\" \/>\n<meta property=\"og:type\" content=\"article\" \/>\n<meta property=\"og:title\" content=\"C\u00e1scara de Psyllium 610mg - Swanson - Na Lifenatura ao Melhor Pre\u00e7o | Envio 48h\" \/>\n<meta property=\"og:description\" content=\"Compre C\u00e1scara de Psyllium 610mg - Swanson com envio r\u00e1pido. Entrega em 48h e portes gr\u00e1tis em compras &gt;35\u20ac. Aproveite j\u00e1 na Lifenatura\" \/>\n<meta property=\"og:url\" content=\"https:\/\/www.lifenatura.com\/es\/produto\/cascara-de-psyllium-610mg-swanson\/\" \/>\n<meta property=\"og:site_name\" content=\"Lifenatura\" \/>\n<meta property=\"article:publisher\" content=\"https:\/\/www.facebook.com\/lifenatura\" \/>\n<meta property=\"article:modified_time\" content=\"2025-09-02T07:19:21+00:00\" \/>\n<meta property=\"og:image\" content=\"https:\/\/www.lifenatura.com\/wp-content\/uploads\/2025\/08\/psyllium-husks-610mg-swanson.jpg\" \/>\n\t<meta property=\"og:image:width\" content=\"1000\" \/>\n\t<meta property=\"og:image:height\" content=\"1000\" \/>\n\t<meta property=\"og:image:type\" content=\"image\/jpeg\" \/>\n<meta name=\"twitter:card\" content=\"summary_large_image\" \/>\n<meta name=\"twitter:label1\" content=\"Precio\" \/>\n\t<meta name=\"twitter:data1\" content=\"9,54&nbsp;&euro;\" \/>\n\t<meta name=\"twitter:label2\" content=\"Disponibilidad\" \/>\n\t<meta name=\"twitter:data2\" content=\"Disponible\" \/>\n<script type=\"application\/ld+json\" class=\"yoast-schema-graph\">{\"@context\":\"https:\\\/\\\/schema.org\",\"@graph\":[{\"@type\":\"WebPage\",\"@id\":\"https:\\\/\\\/www.lifenatura.com\\\/es\\\/produto\\\/cascara-de-psyllium-610mg-swanson\\\/\",\"url\":\"https:\\\/\\\/www.lifenatura.com\\\/es\\\/produto\\\/cascara-de-psyllium-610mg-swanson\\\/\",\"name\":\"C\u00e1scara de Psyllium 610mg - Swanson - Na Lifenatura ao Melhor Pre\u00e7o | Envio em 48h\",\"isPartOf\":{\"@id\":\"https:\\\/\\\/www.lifenatura.com\\\/es\\\/#website\"},\"primaryImageOfPage\":{\"@id\":\"https:\\\/\\\/www.lifenatura.com\\\/es\\\/produto\\\/cascara-de-psyllium-610mg-swanson\\\/#primaryimage\"},\"image\":{\"@id\":\"https:\\\/\\\/www.lifenatura.com\\\/es\\\/produto\\\/cascara-de-psyllium-610mg-swanson\\\/#primaryimage\"},\"thumbnailUrl\":\"https:\\\/\\\/www.lifenatura.com\\\/wp-content\\\/uploads\\\/2025\\\/08\\\/psyllium-husks-610mg-swanson.jpg\",\"datePublished\":\"2025-08-04T16:16:48+00:00\",\"dateModified\":\"2025-09-02T07:19:21+00:00\",\"description\":\"Psyllium Husk 610mg Swanson - Fibra natural en c\u00e1psulas para regular el intestino, controlar el colesterol y favorecer la digesti\u00f3n. Eficaz y 100% natural.\",\"breadcrumb\":{\"@id\":\"https:\\\/\\\/www.lifenatura.com\\\/es\\\/produto\\\/cascara-de-psyllium-610mg-swanson\\\/#breadcrumb\"},\"inLanguage\":\"es\",\"potentialAction\":[{\"@type\":\"ReadAction\",\"target\":[\"https:\\\/\\\/www.lifenatura.com\\\/es\\\/produto\\\/cascara-de-psyllium-610mg-swanson\\\/\"]}]},{\"@type\":\"ImageObject\",\"inLanguage\":\"es\",\"@id\":\"https:\\\/\\\/www.lifenatura.com\\\/es\\\/produto\\\/cascara-de-psyllium-610mg-swanson\\\/#primaryimage\",\"url\":\"https:\\\/\\\/www.lifenatura.com\\\/wp-content\\\/uploads\\\/2025\\\/08\\\/psyllium-husks-610mg-swanson.jpg\",\"contentUrl\":\"https:\\\/\\\/www.lifenatura.com\\\/wp-content\\\/uploads\\\/2025\\\/08\\\/psyllium-husks-610mg-swanson.jpg\",\"width\":1000,\"height\":1000,\"caption\":\"c\u00e1scara de psilio swanson\"},{\"@type\":\"BreadcrumbList\",\"@id\":\"https:\\\/\\\/www.lifenatura.com\\\/es\\\/produto\\\/cascara-de-psyllium-610mg-swanson\\\/#breadcrumb\",\"itemListElement\":[{\"@type\":\"ListItem\",\"position\":1,\"name\":\"In\u00edcio\",\"item\":\"https:\\\/\\\/www.lifenatura.com\\\/es\\\/\"},{\"@type\":\"ListItem\",\"position\":2,\"name\":\"Todos los Productos\",\"item\":\"https:\\\/\\\/www.lifenatura.com\\\/es\\\/tienda\\\/\"},{\"@type\":\"ListItem\",\"position\":3,\"name\":\"C\u00e1scara de Psyllium 610mg &#8211; Swanson\"}]},{\"@type\":\"WebSite\",\"@id\":\"https:\\\/\\\/www.lifenatura.com\\\/es\\\/#website\",\"url\":\"https:\\\/\\\/www.lifenatura.com\\\/es\\\/\",\"name\":\"Lifenatura\",\"description\":\"A Lifenatura \u00e9 uma loja de produtos naturais, cosm\u00e9tica natural e alimenta\u00e7\u00e3o Biol\u00f3gica.\",\"publisher\":{\"@id\":\"https:\\\/\\\/www.lifenatura.com\\\/es\\\/#organization\"},\"potentialAction\":[{\"@type\":\"SearchAction\",\"target\":{\"@type\":\"EntryPoint\",\"urlTemplate\":\"https:\\\/\\\/www.lifenatura.com\\\/es\\\/?s={search_term_string}\"},\"query-input\":{\"@type\":\"PropertyValueSpecification\",\"valueRequired\":true,\"valueName\":\"search_term_string\"}}],\"inLanguage\":\"es\"},{\"@type\":\"Organization\",\"@id\":\"https:\\\/\\\/www.lifenatura.com\\\/es\\\/#organization\",\"name\":\"Lifenatura\",\"url\":\"https:\\\/\\\/www.lifenatura.com\\\/es\\\/\",\"logo\":{\"@type\":\"ImageObject\",\"inLanguage\":\"es\",\"@id\":\"https:\\\/\\\/www.lifenatura.com\\\/es\\\/#\\\/schema\\\/logo\\\/image\\\/\",\"url\":\"https:\\\/\\\/www.lifenatura.com\\\/wp-content\\\/uploads\\\/2021\\\/07\\\/logo.png\",\"contentUrl\":\"https:\\\/\\\/www.lifenatura.com\\\/wp-content\\\/uploads\\\/2021\\\/07\\\/logo.png\",\"width\":175,\"height\":55,\"caption\":\"Lifenatura\"},\"image\":{\"@id\":\"https:\\\/\\\/www.lifenatura.com\\\/es\\\/#\\\/schema\\\/logo\\\/image\\\/\"},\"sameAs\":[\"https:\\\/\\\/www.facebook.com\\\/lifenatura\",\"https:\\\/\\\/www.instagram.com\\\/lifenaturapt\\\/\"],\"hasMerchantReturnPolicy\":{\"@type\":\"MerchantReturnPolicy\",\"merchantReturnLink\":\"https:\\\/\\\/www.lifenatura.com\\\/termos-condicoes-lifenatura\\\/\"}}]}<\/script>\n<meta property=\"product:price:amount\" content=\"9.54\" \/>\n<meta property=\"product:price:currency\" content=\"EUR\" \/>\n<meta property=\"og:availability\" content=\"instock\" \/>\n<meta property=\"product:availability\" content=\"instock\" \/>\n<meta property=\"product:retailer_item_id\" content=\"0087614018027\" \/>\n<meta property=\"product:condition\" content=\"new\" \/>\n<!-- \/ Yoast SEO Premium plugin. -->","yoast_head_json":{"title":"C\u00e1scara de Psyllium 610mg - Swanson - Na Lifenatura ao Melhor Pre\u00e7o | Envio em 48h","description":"Psyllium Husk 610mg Swanson - Fibra natural en c\u00e1psulas para regular el intestino, controlar el colesterol y favorecer la digesti\u00f3n. Eficaz y 100% natural.","robots":{"index":"index","follow":"follow","max-snippet":"max-snippet:-1","max-image-preview":"max-image-preview:large","max-video-preview":"max-video-preview:-1"},"canonical":"https:\/\/www.lifenatura.com\/es\/produto\/cascara-de-psyllium-610mg-swanson\/","og_locale":"es_ES","og_type":"article","og_title":"C\u00e1scara de Psyllium 610mg - Swanson - Na Lifenatura ao Melhor Pre\u00e7o | Envio 48h","og_description":"Compre C\u00e1scara de Psyllium 610mg - Swanson com envio r\u00e1pido. Entrega em 48h e portes gr\u00e1tis em compras >35\u20ac. Aproveite j\u00e1 na Lifenatura","og_url":"https:\/\/www.lifenatura.com\/es\/produto\/cascara-de-psyllium-610mg-swanson\/","og_site_name":"Lifenatura","article_publisher":"https:\/\/www.facebook.com\/lifenatura","article_modified_time":"2025-09-02T07:19:21+00:00","og_image":[{"width":1000,"height":1000,"url":"https:\/\/www.lifenatura.com\/wp-content\/uploads\/2025\/08\/psyllium-husks-610mg-swanson.jpg","type":"image\/jpeg"}],"twitter_card":"summary_large_image","twitter_misc":{"Precio":"9,54&nbsp;&euro;","Disponibilidad":"Disponible"},"schema":{"@context":"https:\/\/schema.org","@graph":[{"@type":"WebPage","@id":"https:\/\/www.lifenatura.com\/es\/produto\/cascara-de-psyllium-610mg-swanson\/","url":"https:\/\/www.lifenatura.com\/es\/produto\/cascara-de-psyllium-610mg-swanson\/","name":"C\u00e1scara de Psyllium 610mg - Swanson - Na Lifenatura ao Melhor Pre\u00e7o | Envio em 48h","isPartOf":{"@id":"https:\/\/www.lifenatura.com\/es\/#website"},"primaryImageOfPage":{"@id":"https:\/\/www.lifenatura.com\/es\/produto\/cascara-de-psyllium-610mg-swanson\/#primaryimage"},"image":{"@id":"https:\/\/www.lifenatura.com\/es\/produto\/cascara-de-psyllium-610mg-swanson\/#primaryimage"},"thumbnailUrl":"https:\/\/www.lifenatura.com\/wp-content\/uploads\/2025\/08\/psyllium-husks-610mg-swanson.jpg","datePublished":"2025-08-04T16:16:48+00:00","dateModified":"2025-09-02T07:19:21+00:00","description":"Psyllium Husk 610mg Swanson - Fibra natural en c\u00e1psulas para regular el intestino, controlar el colesterol y favorecer la digesti\u00f3n. Eficaz y 100% natural.","breadcrumb":{"@id":"https:\/\/www.lifenatura.com\/es\/produto\/cascara-de-psyllium-610mg-swanson\/#breadcrumb"},"inLanguage":"es","potentialAction":[{"@type":"ReadAction","target":["https:\/\/www.lifenatura.com\/es\/produto\/cascara-de-psyllium-610mg-swanson\/"]}]},{"@type":"ImageObject","inLanguage":"es","@id":"https:\/\/www.lifenatura.com\/es\/produto\/cascara-de-psyllium-610mg-swanson\/#primaryimage","url":"https:\/\/www.lifenatura.com\/wp-content\/uploads\/2025\/08\/psyllium-husks-610mg-swanson.jpg","contentUrl":"https:\/\/www.lifenatura.com\/wp-content\/uploads\/2025\/08\/psyllium-husks-610mg-swanson.jpg","width":1000,"height":1000,"caption":"c\u00e1scara de psilio swanson"},{"@type":"BreadcrumbList","@id":"https:\/\/www.lifenatura.com\/es\/produto\/cascara-de-psyllium-610mg-swanson\/#breadcrumb","itemListElement":[{"@type":"ListItem","position":1,"name":"In\u00edcio","item":"https:\/\/www.lifenatura.com\/es\/"},{"@type":"ListItem","position":2,"name":"Todos los Productos","item":"https:\/\/www.lifenatura.com\/es\/tienda\/"},{"@type":"ListItem","position":3,"name":"C\u00e1scara de Psyllium 610mg &#8211; Swanson"}]},{"@type":"WebSite","@id":"https:\/\/www.lifenatura.com\/es\/#website","url":"https:\/\/www.lifenatura.com\/es\/","name":"Lifenatura","description":"A Lifenatura \u00e9 uma loja de produtos naturais, cosm\u00e9tica natural e alimenta\u00e7\u00e3o Biol\u00f3gica.","publisher":{"@id":"https:\/\/www.lifenatura.com\/es\/#organization"},"potentialAction":[{"@type":"SearchAction","target":{"@type":"EntryPoint","urlTemplate":"https:\/\/www.lifenatura.com\/es\/?s={search_term_string}"},"query-input":{"@type":"PropertyValueSpecification","valueRequired":true,"valueName":"search_term_string"}}],"inLanguage":"es"},{"@type":"Organization","@id":"https:\/\/www.lifenatura.com\/es\/#organization","name":"Lifenatura","url":"https:\/\/www.lifenatura.com\/es\/","logo":{"@type":"ImageObject","inLanguage":"es","@id":"https:\/\/www.lifenatura.com\/es\/#\/schema\/logo\/image\/","url":"https:\/\/www.lifenatura.com\/wp-content\/uploads\/2021\/07\/logo.png","contentUrl":"https:\/\/www.lifenatura.com\/wp-content\/uploads\/2021\/07\/logo.png","width":175,"height":55,"caption":"Lifenatura"},"image":{"@id":"https:\/\/www.lifenatura.com\/es\/#\/schema\/logo\/image\/"},"sameAs":["https:\/\/www.facebook.com\/lifenatura","https:\/\/www.instagram.com\/lifenaturapt\/"],"hasMerchantReturnPolicy":{"@type":"MerchantReturnPolicy","merchantReturnLink":"https:\/\/www.lifenatura.com\/termos-condicoes-lifenatura\/"}}]},"product_price_amount":"9.54","product_price_currency":"EUR","og_availability":"instock","product_availability":"instock","product_retailer_item_id":"0087614018027","product_condition":"new"},"df_price":9.54,"df_sale_price":"","df_regular_price":9.54,"df_image_link":"https:\/\/www.lifenatura.com\/wp-content\/uploads\/2025\/08\/psyllium-husks-610mg-swanson-300x300.jpg","_links":{"self":[{"href":"https:\/\/www.lifenatura.com\/es\/wp-json\/wp\/v2\/product\/116351","targetHints":{"allow":["GET"]}}],"collection":[{"href":"https:\/\/www.lifenatura.com\/es\/wp-json\/wp\/v2\/product"}],"about":[{"href":"https:\/\/www.lifenatura.com\/es\/wp-json\/wp\/v2\/types\/product"}],"wp:featuredmedia":[{"embeddable":true,"href":"https:\/\/www.lifenatura.com\/es\/wp-json\/wp\/v2\/media\/115527"}],"wp:attachment":[{"href":"https:\/\/www.lifenatura.com\/es\/wp-json\/wp\/v2\/media?parent=116351"}],"wp:term":[{"taxonomy":"product_brand","embeddable":true,"href":"https:\/\/www.lifenatura.com\/es\/wp-json\/wp\/v2\/product_brand?post=116351"},{"taxonomy":"product_cat","embeddable":true,"href":"https:\/\/www.lifenatura.com\/es\/wp-json\/wp\/v2\/product_cat?post=116351"},{"taxonomy":"product_tag","embeddable":true,"href":"https:\/\/www.lifenatura.com\/es\/wp-json\/wp\/v2\/product_tag?post=116351"}],"curies":[{"name":"wp","href":"https:\/\/api.w.org\/{rel}","templated":true}]}}