{"id":116350,"date":"2025-08-05T00:09:35","date_gmt":"2025-08-05T00:09:35","guid":{"rendered":"https:\/\/www.lifenatura.com\/produto\/probiotico-5-mil-millones-con-enzimas-digestivas-swanson\/"},"modified":"2025-09-02T07:18:24","modified_gmt":"2025-09-02T07:18:24","slug":"probiotico-5-mil-millones-con-enzimas-digestivas-swanson","status":"publish","type":"product","link":"https:\/\/www.lifenatura.com\/es\/produto\/probiotico-5-mil-millones-con-enzimas-digestivas-swanson\/","title":{"rendered":"Probi\u00f3tico 5 mil millones con Enzimas Digestivas &#8211; Swanson"},"content":{"rendered":"<h2 style=\"text-align: left;\" data-start=\"207\" data-end=\"265\"><strong>Probi\u00f3tico con Enzimas Digestivas Swanson Equilibrio Intestinal<\/strong><\/h2>\n<p>&nbsp;<\/p>\n<p data-start=\"329\" data-end=\"644\"><strong data-start=\"331\" data-end=\"389\">El Probi\u00f3tico 5.000 millones con Enzimas Digestivas de Swanson<\/strong> es una f\u00f3rmula completa que combina <strong data-start=\"425\" data-end=\"483\">5.000 millones de UFC (Unidades Formadoras de Colonias<\/strong> ) de bacterias beneficiosas con un complejo de <strong data-start=\"526\" data-end=\"557\">enzimas digestivas<\/strong> naturales, ofreciendo un apoyo eficaz para la <strong data-start=\"595\" data-end=\"643\">salud gastrointestinal, la digesti\u00f3n y la inmunidad<\/strong>.<\/p>\n<p data-start=\"646\" data-end=\"1121\">Este suplemento contiene cepas probi\u00f3ticas como <em data-start=\"695\" data-end=\"722\">el Lactobacillus acidophilus<\/em>, que son esenciales para <strong data-start=\"742\" data-end=\"776\">equilibrar la flora intestinal<\/strong>, ayudando a mejorar la absorci\u00f3n de nutrientes y a reforzar las defensas naturales del organismo. Las <strong data-start=\"875\" data-end=\"949\">enzimas digestivas incluidas (amilasa, proteasa, lipasa, entre otras)<\/strong> ayudan a descomponer los hidratos de carbono, las prote\u00ednas y las grasas, facilitando la digesti\u00f3n y evitando molestias como la hinchaz\u00f3n, los gases y la sensaci\u00f3n de pesadez despu\u00e9s de las comidas.<\/p>\n<p data-start=\"1123\" data-end=\"1315\">Ideal para quienes padecen desequilibrios digestivos, toman antibi\u00f3ticos, sufren malabsorci\u00f3n o alteraciones intestinales, esta f\u00f3rmula favorece <strong data-start=\"1257\" data-end=\"1314\">el bienestar digestivo y general de forma pr\u00e1ctica y eficaz.<\/strong><\/p>\n<h3 data-start=\"1317\" data-end=\"1343\">Principales ventajas:<\/h3>\n<ul data-start=\"1344\" data-end=\"1694\">\n<li data-start=\"1344\" data-end=\"1424\">\n<p data-start=\"1346\" data-end=\"1424\"><strong data-start=\"1346\" data-end=\"1384\">5.000 millones de probi\u00f3ticos<\/strong> vivos por dosis para el equilibrio intestinal;<\/p>\n<\/li>\n<li data-start=\"1425\" data-end=\"1502\">\n<p data-start=\"1427\" data-end=\"1502\">Complejo de <strong data-start=\"1439\" data-end=\"1461\">enzimas digestivas<\/strong> para mejorar la digesti\u00f3n de los alimentos;<\/p>\n<\/li>\n<li data-start=\"1503\" data-end=\"1563\">\n<p data-start=\"1505\" data-end=\"1563\">Favorece la <strong data-start=\"1513\" data-end=\"1533\">flora intestinal<\/strong> y la absorci\u00f3n de nutrientes;<\/p>\n<\/li>\n<li data-start=\"1564\" data-end=\"1616\">\n<p data-start=\"1566\" data-end=\"1616\">Refuerza el <strong data-start=\"1578\" data-end=\"1600\">sistema inmunitario<\/strong> de forma natural;<\/p>\n<\/li>\n<li data-start=\"1617\" data-end=\"1694\">\n<p data-start=\"1619\" data-end=\"1694\">Reduce s\u00edntomas como la <strong data-start=\"1639\" data-end=\"1693\">hinchaz\u00f3n, los gases, la indigesti\u00f3n y las molestias abdominales<\/strong>.<\/p>\n<\/li>\n<\/ul>\n<h3 data-start=\"1696\" data-end=\"1713\">Indicaciones:<\/h3>\n<p data-start=\"1714\" data-end=\"1793\"><strong data-start=\"1716\" data-end=\"1774\">Swanson&#8217;s Probi\u00f3tico 5 Billones con Enzimas Digestivas<\/strong> est\u00e1 indicado para:<\/p>\n<ul data-start=\"1794\" data-end=\"2081\">\n<li data-start=\"1794\" data-end=\"1874\">\n<p data-start=\"1796\" data-end=\"1874\">Personas con <strong data-start=\"1808\" data-end=\"1871\">digestiones dif\u00edciles, intestinos sensibles o disbiosis intestinal<\/strong>;<\/p>\n<\/li>\n<li data-start=\"1875\" data-end=\"1930\">\n<p data-start=\"1877\" data-end=\"1930\">Los que toman <strong data-start=\"1911\" data-end=\"1927\">antibi\u00f3ticos<\/strong> o se est\u00e1n recuperando de <strong data-start=\"1911\" data-end=\"1927\">ellos<\/strong>;<\/p>\n<\/li>\n<li data-start=\"1931\" data-end=\"2004\">\n<p data-start=\"1933\" data-end=\"2004\">Personas que desean reforzar su <strong data-start=\"1969\" data-end=\"2001\">salud digestiva e inmunitaria<\/strong>;<\/p>\n<\/li>\n<li data-start=\"2005\" data-end=\"2081\">\n<p data-start=\"2007\" data-end=\"2081\">Estilos de vida con una dieta irregular o pobre en fibra y probi\u00f3ticos.<\/p>\n<\/li>\n<\/ul>\n<p>El Probi\u00f3tico con Enzimas Digestivas de Swanson contiene pancreatina para favorecer una buena digesti\u00f3n.<\/p>\n<p><strong>PRESENTACI\u00d3N<\/strong><\/p>\n<p>60 c\u00e1psulas vegetales<\/p>\n<p>&nbsp;<\/p>\n","protected":false},"excerpt":{"rendered":"<p>5.000 millones de Probi\u00f3ticos con Enzimas Swanson. Apoyo digestivo e intestinal con 5.000 millones de probi\u00f3ticos y enzimas naturales. Para mejorar la digesti\u00f3n. [&#8230;]<\/p>\n<p><a class=\"btn btn-secondary understrap-read-more-link\" href=\"https:\/\/www.lifenatura.com\/es\/produto\/probiotico-5-mil-millones-con-enzimas-digestivas-swanson\/\">Leer m\u00e1s&#8230;<span class=\"screen-reader-text\"> from Probi\u00f3tico 5 mil millones con Enzimas Digestivas &#8211; Swanson<\/span><\/a><\/p>\n","protected":false},"featured_media":115523,"template":"","meta":{"_acf_changed":false},"product_brand":[8570],"product_cat":[7253,7256,7659,7770,7179],"product_tag":[],"class_list":{"0":"post-116350","1":"product","2":"type-product","3":"status-publish","4":"has-post-thumbnail","6":"product_brand-swanson-es","7":"product_cat-digestion","8":"product_cat-flora-intestinal-salud","9":"product_cat-ingrediente-natural-bio","10":"product_cat-probioticos-es","11":"product_cat-salud","13":"first","14":"instock","15":"shipping-taxable","16":"purchasable","17":"product-type-simple","18":"add-to-wishlist-before_image"},"acf":[],"yoast_head":"<!-- This site is optimized with the Yoast SEO Premium plugin v27.1 (Yoast SEO v27.5) - https:\/\/yoast.com\/product\/yoast-seo-premium-wordpress\/ -->\n<title>Probi\u00f3tico 5 mil millones con Enzimas Digestivas - Swanson - Na Lifenatura ao Melhor Pre\u00e7o | Envio em 48h<\/title>\n<meta name=\"description\" content=\"Probi\u00f3tico 5 mil millones con Enzimas Digestivas para o poyo digestivo e intestinal y enzimas naturales. Para mejorar la digesti\u00f3n.\" \/>\n<meta name=\"robots\" content=\"index, follow, max-snippet:-1, max-image-preview:large, max-video-preview:-1\" \/>\n<link rel=\"canonical\" href=\"https:\/\/www.lifenatura.com\/es\/produto\/probiotico-5-mil-millones-con-enzimas-digestivas-swanson\/\" \/>\n<meta property=\"og:locale\" content=\"es_ES\" \/>\n<meta property=\"og:type\" content=\"article\" \/>\n<meta property=\"og:title\" content=\"Probi\u00f3tico 5 mil millones con Enzimas Digestivas - Swanson - Na Lifenatura ao Melhor Pre\u00e7o | Envio 48h\" \/>\n<meta property=\"og:description\" content=\"Compre Probi\u00f3tico 5 mil millones con Enzimas Digestivas - Swanson com envio r\u00e1pido. Entrega em 48h e portes gr\u00e1tis em compras &gt;35\u20ac. Aproveite j\u00e1 na Lifenatura\" \/>\n<meta property=\"og:url\" content=\"https:\/\/www.lifenatura.com\/es\/produto\/probiotico-5-mil-millones-con-enzimas-digestivas-swanson\/\" \/>\n<meta property=\"og:site_name\" content=\"Lifenatura\" \/>\n<meta property=\"article:publisher\" content=\"https:\/\/www.facebook.com\/lifenatura\" \/>\n<meta property=\"article:modified_time\" content=\"2025-09-02T07:18:24+00:00\" \/>\n<meta property=\"og:image\" content=\"https:\/\/www.lifenatura.com\/wp-content\/uploads\/2025\/08\/probiotic-digestive-health-swanson.jpg\" \/>\n\t<meta property=\"og:image:width\" content=\"1000\" \/>\n\t<meta property=\"og:image:height\" content=\"1000\" \/>\n\t<meta property=\"og:image:type\" content=\"image\/jpeg\" \/>\n<meta name=\"twitter:card\" content=\"summary_large_image\" \/>\n<meta name=\"twitter:label1\" content=\"Precio\" \/>\n\t<meta name=\"twitter:data1\" content=\"12,31&nbsp;&euro;\" \/>\n\t<meta name=\"twitter:label2\" content=\"Disponibilidad\" \/>\n\t<meta name=\"twitter:data2\" content=\"Disponible\" \/>\n<script type=\"application\/ld+json\" class=\"yoast-schema-graph\">{\"@context\":\"https:\\\/\\\/schema.org\",\"@graph\":[{\"@type\":\"WebPage\",\"@id\":\"https:\\\/\\\/www.lifenatura.com\\\/es\\\/produto\\\/probiotico-5-mil-millones-con-enzimas-digestivas-swanson\\\/\",\"url\":\"https:\\\/\\\/www.lifenatura.com\\\/es\\\/produto\\\/probiotico-5-mil-millones-con-enzimas-digestivas-swanson\\\/\",\"name\":\"Probi\u00f3tico 5 mil millones con Enzimas Digestivas - Swanson - Na Lifenatura ao Melhor Pre\u00e7o | Envio em 48h\",\"isPartOf\":{\"@id\":\"https:\\\/\\\/www.lifenatura.com\\\/es\\\/#website\"},\"primaryImageOfPage\":{\"@id\":\"https:\\\/\\\/www.lifenatura.com\\\/es\\\/produto\\\/probiotico-5-mil-millones-con-enzimas-digestivas-swanson\\\/#primaryimage\"},\"image\":{\"@id\":\"https:\\\/\\\/www.lifenatura.com\\\/es\\\/produto\\\/probiotico-5-mil-millones-con-enzimas-digestivas-swanson\\\/#primaryimage\"},\"thumbnailUrl\":\"https:\\\/\\\/www.lifenatura.com\\\/wp-content\\\/uploads\\\/2025\\\/08\\\/probiotic-digestive-health-swanson.jpg\",\"datePublished\":\"2025-08-05T00:09:35+00:00\",\"dateModified\":\"2025-09-02T07:18:24+00:00\",\"description\":\"Probi\u00f3tico 5 mil millones con Enzimas Digestivas para o poyo digestivo e intestinal y enzimas naturales. Para mejorar la digesti\u00f3n.\",\"breadcrumb\":{\"@id\":\"https:\\\/\\\/www.lifenatura.com\\\/es\\\/produto\\\/probiotico-5-mil-millones-con-enzimas-digestivas-swanson\\\/#breadcrumb\"},\"inLanguage\":\"es\",\"potentialAction\":[{\"@type\":\"ReadAction\",\"target\":[\"https:\\\/\\\/www.lifenatura.com\\\/es\\\/produto\\\/probiotico-5-mil-millones-con-enzimas-digestivas-swanson\\\/\"]}]},{\"@type\":\"ImageObject\",\"inLanguage\":\"es\",\"@id\":\"https:\\\/\\\/www.lifenatura.com\\\/es\\\/produto\\\/probiotico-5-mil-millones-con-enzimas-digestivas-swanson\\\/#primaryimage\",\"url\":\"https:\\\/\\\/www.lifenatura.com\\\/wp-content\\\/uploads\\\/2025\\\/08\\\/probiotic-digestive-health-swanson.jpg\",\"contentUrl\":\"https:\\\/\\\/www.lifenatura.com\\\/wp-content\\\/uploads\\\/2025\\\/08\\\/probiotic-digestive-health-swanson.jpg\",\"width\":1000,\"height\":1000,\"caption\":\"5 mil millones de probi\u00f3ticos con enzimas digestivas de Swanson\"},{\"@type\":\"BreadcrumbList\",\"@id\":\"https:\\\/\\\/www.lifenatura.com\\\/es\\\/produto\\\/probiotico-5-mil-millones-con-enzimas-digestivas-swanson\\\/#breadcrumb\",\"itemListElement\":[{\"@type\":\"ListItem\",\"position\":1,\"name\":\"In\u00edcio\",\"item\":\"https:\\\/\\\/www.lifenatura.com\\\/es\\\/\"},{\"@type\":\"ListItem\",\"position\":2,\"name\":\"Todos los Productos\",\"item\":\"https:\\\/\\\/www.lifenatura.com\\\/es\\\/tienda\\\/\"},{\"@type\":\"ListItem\",\"position\":3,\"name\":\"Probi\u00f3tico 5 mil millones con Enzimas Digestivas &#8211; Swanson\"}]},{\"@type\":\"WebSite\",\"@id\":\"https:\\\/\\\/www.lifenatura.com\\\/es\\\/#website\",\"url\":\"https:\\\/\\\/www.lifenatura.com\\\/es\\\/\",\"name\":\"Lifenatura\",\"description\":\"A Lifenatura \u00e9 uma loja de produtos naturais, cosm\u00e9tica natural e alimenta\u00e7\u00e3o Biol\u00f3gica.\",\"publisher\":{\"@id\":\"https:\\\/\\\/www.lifenatura.com\\\/es\\\/#organization\"},\"potentialAction\":[{\"@type\":\"SearchAction\",\"target\":{\"@type\":\"EntryPoint\",\"urlTemplate\":\"https:\\\/\\\/www.lifenatura.com\\\/es\\\/?s={search_term_string}\"},\"query-input\":{\"@type\":\"PropertyValueSpecification\",\"valueRequired\":true,\"valueName\":\"search_term_string\"}}],\"inLanguage\":\"es\"},{\"@type\":\"Organization\",\"@id\":\"https:\\\/\\\/www.lifenatura.com\\\/es\\\/#organization\",\"name\":\"Lifenatura\",\"url\":\"https:\\\/\\\/www.lifenatura.com\\\/es\\\/\",\"logo\":{\"@type\":\"ImageObject\",\"inLanguage\":\"es\",\"@id\":\"https:\\\/\\\/www.lifenatura.com\\\/es\\\/#\\\/schema\\\/logo\\\/image\\\/\",\"url\":\"https:\\\/\\\/www.lifenatura.com\\\/wp-content\\\/uploads\\\/2021\\\/07\\\/logo.png\",\"contentUrl\":\"https:\\\/\\\/www.lifenatura.com\\\/wp-content\\\/uploads\\\/2021\\\/07\\\/logo.png\",\"width\":175,\"height\":55,\"caption\":\"Lifenatura\"},\"image\":{\"@id\":\"https:\\\/\\\/www.lifenatura.com\\\/es\\\/#\\\/schema\\\/logo\\\/image\\\/\"},\"sameAs\":[\"https:\\\/\\\/www.facebook.com\\\/lifenatura\",\"https:\\\/\\\/www.instagram.com\\\/lifenaturapt\\\/\"],\"hasMerchantReturnPolicy\":{\"@type\":\"MerchantReturnPolicy\",\"merchantReturnLink\":\"https:\\\/\\\/www.lifenatura.com\\\/termos-condicoes-lifenatura\\\/\"}}]}<\/script>\n<meta property=\"product:price:amount\" content=\"12.31\" \/>\n<meta property=\"product:price:currency\" content=\"EUR\" \/>\n<meta property=\"og:availability\" content=\"instock\" \/>\n<meta property=\"product:availability\" content=\"instock\" \/>\n<meta property=\"product:retailer_item_id\" content=\"0087614190372\" \/>\n<meta property=\"product:condition\" content=\"new\" \/>\n<!-- \/ Yoast SEO Premium plugin. -->","yoast_head_json":{"title":"Probi\u00f3tico 5 mil millones con Enzimas Digestivas - Swanson - Na Lifenatura ao Melhor Pre\u00e7o | Envio em 48h","description":"Probi\u00f3tico 5 mil millones con Enzimas Digestivas para o poyo digestivo e intestinal y enzimas naturales. Para mejorar la digesti\u00f3n.","robots":{"index":"index","follow":"follow","max-snippet":"max-snippet:-1","max-image-preview":"max-image-preview:large","max-video-preview":"max-video-preview:-1"},"canonical":"https:\/\/www.lifenatura.com\/es\/produto\/probiotico-5-mil-millones-con-enzimas-digestivas-swanson\/","og_locale":"es_ES","og_type":"article","og_title":"Probi\u00f3tico 5 mil millones con Enzimas Digestivas - Swanson - Na Lifenatura ao Melhor Pre\u00e7o | Envio 48h","og_description":"Compre Probi\u00f3tico 5 mil millones con Enzimas Digestivas - Swanson com envio r\u00e1pido. Entrega em 48h e portes gr\u00e1tis em compras >35\u20ac. Aproveite j\u00e1 na Lifenatura","og_url":"https:\/\/www.lifenatura.com\/es\/produto\/probiotico-5-mil-millones-con-enzimas-digestivas-swanson\/","og_site_name":"Lifenatura","article_publisher":"https:\/\/www.facebook.com\/lifenatura","article_modified_time":"2025-09-02T07:18:24+00:00","og_image":[{"width":1000,"height":1000,"url":"https:\/\/www.lifenatura.com\/wp-content\/uploads\/2025\/08\/probiotic-digestive-health-swanson.jpg","type":"image\/jpeg"}],"twitter_card":"summary_large_image","twitter_misc":{"Precio":"12,31&nbsp;&euro;","Disponibilidad":"Disponible"},"schema":{"@context":"https:\/\/schema.org","@graph":[{"@type":"WebPage","@id":"https:\/\/www.lifenatura.com\/es\/produto\/probiotico-5-mil-millones-con-enzimas-digestivas-swanson\/","url":"https:\/\/www.lifenatura.com\/es\/produto\/probiotico-5-mil-millones-con-enzimas-digestivas-swanson\/","name":"Probi\u00f3tico 5 mil millones con Enzimas Digestivas - Swanson - Na Lifenatura ao Melhor Pre\u00e7o | Envio em 48h","isPartOf":{"@id":"https:\/\/www.lifenatura.com\/es\/#website"},"primaryImageOfPage":{"@id":"https:\/\/www.lifenatura.com\/es\/produto\/probiotico-5-mil-millones-con-enzimas-digestivas-swanson\/#primaryimage"},"image":{"@id":"https:\/\/www.lifenatura.com\/es\/produto\/probiotico-5-mil-millones-con-enzimas-digestivas-swanson\/#primaryimage"},"thumbnailUrl":"https:\/\/www.lifenatura.com\/wp-content\/uploads\/2025\/08\/probiotic-digestive-health-swanson.jpg","datePublished":"2025-08-05T00:09:35+00:00","dateModified":"2025-09-02T07:18:24+00:00","description":"Probi\u00f3tico 5 mil millones con Enzimas Digestivas para o poyo digestivo e intestinal y enzimas naturales. Para mejorar la digesti\u00f3n.","breadcrumb":{"@id":"https:\/\/www.lifenatura.com\/es\/produto\/probiotico-5-mil-millones-con-enzimas-digestivas-swanson\/#breadcrumb"},"inLanguage":"es","potentialAction":[{"@type":"ReadAction","target":["https:\/\/www.lifenatura.com\/es\/produto\/probiotico-5-mil-millones-con-enzimas-digestivas-swanson\/"]}]},{"@type":"ImageObject","inLanguage":"es","@id":"https:\/\/www.lifenatura.com\/es\/produto\/probiotico-5-mil-millones-con-enzimas-digestivas-swanson\/#primaryimage","url":"https:\/\/www.lifenatura.com\/wp-content\/uploads\/2025\/08\/probiotic-digestive-health-swanson.jpg","contentUrl":"https:\/\/www.lifenatura.com\/wp-content\/uploads\/2025\/08\/probiotic-digestive-health-swanson.jpg","width":1000,"height":1000,"caption":"5 mil millones de probi\u00f3ticos con enzimas digestivas de Swanson"},{"@type":"BreadcrumbList","@id":"https:\/\/www.lifenatura.com\/es\/produto\/probiotico-5-mil-millones-con-enzimas-digestivas-swanson\/#breadcrumb","itemListElement":[{"@type":"ListItem","position":1,"name":"In\u00edcio","item":"https:\/\/www.lifenatura.com\/es\/"},{"@type":"ListItem","position":2,"name":"Todos los Productos","item":"https:\/\/www.lifenatura.com\/es\/tienda\/"},{"@type":"ListItem","position":3,"name":"Probi\u00f3tico 5 mil millones con Enzimas Digestivas &#8211; Swanson"}]},{"@type":"WebSite","@id":"https:\/\/www.lifenatura.com\/es\/#website","url":"https:\/\/www.lifenatura.com\/es\/","name":"Lifenatura","description":"A Lifenatura \u00e9 uma loja de produtos naturais, cosm\u00e9tica natural e alimenta\u00e7\u00e3o Biol\u00f3gica.","publisher":{"@id":"https:\/\/www.lifenatura.com\/es\/#organization"},"potentialAction":[{"@type":"SearchAction","target":{"@type":"EntryPoint","urlTemplate":"https:\/\/www.lifenatura.com\/es\/?s={search_term_string}"},"query-input":{"@type":"PropertyValueSpecification","valueRequired":true,"valueName":"search_term_string"}}],"inLanguage":"es"},{"@type":"Organization","@id":"https:\/\/www.lifenatura.com\/es\/#organization","name":"Lifenatura","url":"https:\/\/www.lifenatura.com\/es\/","logo":{"@type":"ImageObject","inLanguage":"es","@id":"https:\/\/www.lifenatura.com\/es\/#\/schema\/logo\/image\/","url":"https:\/\/www.lifenatura.com\/wp-content\/uploads\/2021\/07\/logo.png","contentUrl":"https:\/\/www.lifenatura.com\/wp-content\/uploads\/2021\/07\/logo.png","width":175,"height":55,"caption":"Lifenatura"},"image":{"@id":"https:\/\/www.lifenatura.com\/es\/#\/schema\/logo\/image\/"},"sameAs":["https:\/\/www.facebook.com\/lifenatura","https:\/\/www.instagram.com\/lifenaturapt\/"],"hasMerchantReturnPolicy":{"@type":"MerchantReturnPolicy","merchantReturnLink":"https:\/\/www.lifenatura.com\/termos-condicoes-lifenatura\/"}}]},"product_price_amount":"12.31","product_price_currency":"EUR","og_availability":"instock","product_availability":"instock","product_retailer_item_id":"0087614190372","product_condition":"new"},"df_price":12.31,"df_sale_price":"","df_regular_price":12.31,"df_image_link":"https:\/\/www.lifenatura.com\/wp-content\/uploads\/2025\/08\/probiotic-digestive-health-swanson-300x300.jpg","_links":{"self":[{"href":"https:\/\/www.lifenatura.com\/es\/wp-json\/wp\/v2\/product\/116350","targetHints":{"allow":["GET"]}}],"collection":[{"href":"https:\/\/www.lifenatura.com\/es\/wp-json\/wp\/v2\/product"}],"about":[{"href":"https:\/\/www.lifenatura.com\/es\/wp-json\/wp\/v2\/types\/product"}],"wp:featuredmedia":[{"embeddable":true,"href":"https:\/\/www.lifenatura.com\/es\/wp-json\/wp\/v2\/media\/115523"}],"wp:attachment":[{"href":"https:\/\/www.lifenatura.com\/es\/wp-json\/wp\/v2\/media?parent=116350"}],"wp:term":[{"taxonomy":"product_brand","embeddable":true,"href":"https:\/\/www.lifenatura.com\/es\/wp-json\/wp\/v2\/product_brand?post=116350"},{"taxonomy":"product_cat","embeddable":true,"href":"https:\/\/www.lifenatura.com\/es\/wp-json\/wp\/v2\/product_cat?post=116350"},{"taxonomy":"product_tag","embeddable":true,"href":"https:\/\/www.lifenatura.com\/es\/wp-json\/wp\/v2\/product_tag?post=116350"}],"curies":[{"name":"wp","href":"https:\/\/api.w.org\/{rel}","templated":true}]}}