{"id":115456,"date":"2025-05-13T14:04:05","date_gmt":"2025-05-13T14:04:05","guid":{"rendered":"https:\/\/www.lifenatura.com\/produto\/hierba-de-trigo-bio-125g-salud-viva\/"},"modified":"2025-08-02T16:12:50","modified_gmt":"2025-08-02T16:12:50","slug":"hierba-de-trigo-bio-125g-salud-viva","status":"publish","type":"product","link":"https:\/\/www.lifenatura.com\/es\/produto\/hierba-de-trigo-bio-125g-salud-viva\/","title":{"rendered":"Hierba de Trigo Bio 125g &#8211; Salud Viva"},"content":{"rendered":"<h2 style=\"text-align: left;\" data-start=\"189\" data-end=\"229\">Hierba de Trigo Ecol\u00f3gica &#8211; Salud Viva<\/h2>\n<p>&nbsp;<\/p>\n<p data-start=\"285\" data-end=\"686\"><strong data-start=\"287\" data-end=\"322\">La Hierba de Trigo Ecol\u00f3gica de Salud Viva<\/strong> es un superalimento verde 100% ecol\u00f3gico y natural que se obtiene de los brotes j\u00f3venes del trigo<em data-start=\"421\" data-end=\"440\">(Triticum aestivum<\/em>), recolectados en la cima de su valor nutritivo. Esta hierba es rica en <strong data-start=\"506\" data-end=\"578\">clorofila, enzimas, vitaminas, minerales, amino\u00e1cidos y antioxidantes<\/strong>, y es ampliamente reconocida por sus propiedades <strong data-start=\"633\" data-end=\"685\">desintoxicantes, revitalizantes y alcalinizantes<\/strong>.<\/p>\n<p data-start=\"688\" data-end=\"1015\">A pesar de su nombre, la hierba de trigo <strong data-start=\"720\" data-end=\"741\">no contiene gluten<\/strong> porque se recolecta antes de que se forme el grano. Su consumo regular ayuda a eliminar toxinas, reforzar el sistema inmunitario y aumentar los niveles de energ\u00eda y el bienestar general. Con su suave sabor herb\u00e1ceo, puede a\u00f1adirse a zumos, batidos, agua u otras bebidas funcionales.<\/p>\n<p data-start=\"1017\" data-end=\"1175\">La versi\u00f3n en polvo de Salud Viva se produce por deshidrataci\u00f3n a baja temperatura, conservando todos los nutrientes activos sin aditivos, colorantes ni conservantes.<\/p>\n<p data-start=\"1177\" data-end=\"1203\"><strong>Principales ventajas:<\/strong><\/p>\n<ul data-start=\"1204\" data-end=\"1593\">\n<li data-start=\"1204\" data-end=\"1285\">\n<p data-start=\"1206\" data-end=\"1285\">Alto contenido en <strong data-start=\"1222\" data-end=\"1235\">clorofila<\/strong>, que favorece <strong data-start=\"1251\" data-end=\"1282\">la desintoxicaci\u00f3n del organismo<\/strong>;<\/p>\n<\/li>\n<li data-start=\"1286\" data-end=\"1358\">\n<p data-start=\"1288\" data-end=\"1358\">Contribuye al <strong data-start=\"1305\" data-end=\"1330\">equilibrio \u00e1cido-base<\/strong> y a la alcalinizaci\u00f3n del organismo;<\/p>\n<\/li>\n<li data-start=\"1359\" data-end=\"1434\">\n<p data-start=\"1361\" data-end=\"1434\">Rico en <strong data-start=\"1369\" data-end=\"1406\">vitaminas A, C, E y del complejo B<\/strong>, hierro, magnesio y zinc;<\/p>\n<\/li>\n<li data-start=\"1435\" data-end=\"1518\">\n<p data-start=\"1437\" data-end=\"1518\">Acci\u00f3n antioxidante que combate <strong data-start=\"1469\" data-end=\"1515\">el envejecimiento prematuro y el estr\u00e9s oxidativo;<\/strong><\/p>\n<\/li>\n<li data-start=\"1519\" data-end=\"1593\">\n<p data-start=\"1521\" data-end=\"1593\">Refuerza el <strong data-start=\"1533\" data-end=\"1555\">sistema inmunitario<\/strong> y favorece la vitalidad f\u00edsica y mental.<\/p>\n<\/li>\n<\/ul>\n<p data-start=\"1595\" data-end=\"1612\"><strong>Indicaciones:<\/strong><\/p>\n<p data-start=\"1613\" data-end=\"1669\"><strong data-start=\"1615\" data-end=\"1650\">Salud Viva Hierba de Trigo Ecol\u00f3gica<\/strong> est\u00e1 indicado para:<\/p>\n<ul data-start=\"1670\" data-end=\"1927\">\n<li data-start=\"1670\" data-end=\"1730\">\n<p data-start=\"1672\" data-end=\"1730\">Personas en proceso de <strong data-start=\"1683\" data-end=\"1727\">desintoxicaci\u00f3n o purificaci\u00f3n<\/strong>;<\/p>\n<\/li>\n<li data-start=\"1731\" data-end=\"1797\">\n<p data-start=\"1733\" data-end=\"1797\">Cualquier persona que desee reforzar su sistema inmunitario y su energ\u00eda natural;<\/p>\n<\/li>\n<li data-start=\"1798\" data-end=\"1851\">\n<p data-start=\"1800\" data-end=\"1851\">Dietas <strong data-start=\"1807\" data-end=\"1848\">vegetarianas, alcalinas o funcionales<\/strong>;<\/p>\n<\/li>\n<li data-start=\"1852\" data-end=\"1927\">\n<p data-start=\"1854\" data-end=\"1927\">Cualquiera que busque un suplemento verde y completo f\u00e1cil de integrar en su rutina.<\/p>\n<\/li>\n<\/ul>\n<p><strong>Presentaci\u00f3n:<\/strong><\/p>\n<p>125g<\/p>\n<p>&nbsp;<\/p>\n","protected":false},"excerpt":{"rendered":"<p>Hierba de Trigo Bio 125g Salud Viva &#8211; Superalimento desintoxicante, rico en clorofila, vitaminas y minerales. Ideal para la energ\u00eda, la inmunidad y el bienestar. [&#8230;]<\/p>\n<p><a class=\"btn btn-secondary understrap-read-more-link\" href=\"https:\/\/www.lifenatura.com\/es\/produto\/hierba-de-trigo-bio-125g-salud-viva\/\">Leer m\u00e1s&#8230;<span class=\"screen-reader-text\"> from Hierba de Trigo Bio 125g &#8211; Salud Viva<\/span><\/a><\/p>\n","protected":false},"featured_media":111543,"template":"","meta":{"_acf_changed":false},"product_brand":[8295],"product_cat":[7064,7074,7100],"product_tag":[],"class_list":{"0":"post-115456","1":"product","2":"type-product","3":"status-publish","4":"has-post-thumbnail","6":"product_brand-salud-viva","7":"product_cat-alimentacion-sana","8":"product_cat-productos-alimenticios","9":"product_cat-superalimentos-bio","11":"first","12":"instock","13":"shipping-taxable","14":"purchasable","15":"product-type-simple","16":"add-to-wishlist-before_image"},"acf":[],"yoast_head":"<!-- This site is optimized with the Yoast SEO Premium plugin v27.1 (Yoast SEO v27.3) - https:\/\/yoast.com\/product\/yoast-seo-premium-wordpress\/ -->\n<title>Hierba de Trigo Bio 125g - Salud Viva - Lifenatura<\/title>\n<meta name=\"description\" content=\"Hierba de Trigo Bio Salud Viva - Superalimento desintoxicante, rico en clorofila, vitaminas y minerales. Ideal para la energ\u00eda, la inmunidad y el bienestar.\" \/>\n<meta name=\"robots\" content=\"index, follow, max-snippet:-1, max-image-preview:large, max-video-preview:-1\" \/>\n<link rel=\"canonical\" href=\"https:\/\/www.lifenatura.com\/es\/produto\/hierba-de-trigo-bio-125g-salud-viva\/\" \/>\n<meta property=\"og:locale\" content=\"es_ES\" \/>\n<meta property=\"og:type\" content=\"article\" \/>\n<meta property=\"og:title\" content=\"Hierba de Trigo Bio 125g - Salud Viva - Lifenatura\" \/>\n<meta property=\"og:description\" content=\"Compre aqui o seu Hierba de Trigo Bio 125g - Salud Viva e a Lifenatura Online envia em 48 H com Portes Gratis &gt;35\u20ac de Pedido.\" \/>\n<meta property=\"og:url\" content=\"https:\/\/www.lifenatura.com\/es\/produto\/hierba-de-trigo-bio-125g-salud-viva\/\" \/>\n<meta property=\"og:site_name\" content=\"Lifenatura\" \/>\n<meta property=\"article:publisher\" content=\"https:\/\/www.facebook.com\/lifenatura\" \/>\n<meta property=\"article:modified_time\" content=\"2025-08-02T16:12:50+00:00\" \/>\n<meta property=\"og:image\" content=\"https:\/\/www.lifenatura.com\/wp-content\/uploads\/2025\/05\/erva-de-trigo-125g-salud-viva.jpg\" \/>\n\t<meta property=\"og:image:width\" content=\"1000\" \/>\n\t<meta property=\"og:image:height\" content=\"1000\" \/>\n\t<meta property=\"og:image:type\" content=\"image\/jpeg\" \/>\n<meta name=\"twitter:card\" content=\"summary_large_image\" \/>\n<meta name=\"twitter:label1\" content=\"Precio\" \/>\n\t<meta name=\"twitter:data1\" content=\"9,92&nbsp;&euro;\" \/>\n\t<meta name=\"twitter:label2\" content=\"Disponibilidad\" \/>\n\t<meta name=\"twitter:data2\" content=\"Disponible\" \/>\n<meta property=\"product:price:amount\" content=\"9.92\" \/>\n<meta property=\"product:price:currency\" content=\"EUR\" \/>\n<meta property=\"og:availability\" content=\"instock\" \/>\n<meta property=\"product:availability\" content=\"instock\" \/>\n<meta property=\"product:retailer_item_id\" content=\"710000000\" \/>\n<meta property=\"product:condition\" content=\"new\" \/>\n<!-- \/ Yoast SEO Premium plugin. -->","yoast_head_json":{"title":"Hierba de Trigo Bio 125g - Salud Viva - Lifenatura","description":"Hierba de Trigo Bio Salud Viva - Superalimento desintoxicante, rico en clorofila, vitaminas y minerales. Ideal para la energ\u00eda, la inmunidad y el bienestar.","robots":{"index":"index","follow":"follow","max-snippet":"max-snippet:-1","max-image-preview":"max-image-preview:large","max-video-preview":"max-video-preview:-1"},"canonical":"https:\/\/www.lifenatura.com\/es\/produto\/hierba-de-trigo-bio-125g-salud-viva\/","og_locale":"es_ES","og_type":"article","og_title":"Hierba de Trigo Bio 125g - Salud Viva - Lifenatura","og_description":"Compre aqui o seu Hierba de Trigo Bio 125g - Salud Viva e a Lifenatura Online envia em 48 H com Portes Gratis >35\u20ac de Pedido.","og_url":"https:\/\/www.lifenatura.com\/es\/produto\/hierba-de-trigo-bio-125g-salud-viva\/","og_site_name":"Lifenatura","article_publisher":"https:\/\/www.facebook.com\/lifenatura","article_modified_time":"2025-08-02T16:12:50+00:00","og_image":[{"width":1000,"height":1000,"url":"https:\/\/www.lifenatura.com\/wp-content\/uploads\/2025\/05\/erva-de-trigo-125g-salud-viva.jpg","type":"image\/jpeg"}],"twitter_card":"summary_large_image","twitter_misc":{"Precio":"9,92&nbsp;&euro;","Disponibilidad":"Disponible"},"schema":{"@context":"https:\/\/schema.org","@graph":[{"@type":"WebPage","@id":"https:\/\/www.lifenatura.com\/es\/produto\/hierba-de-trigo-bio-125g-salud-viva\/","url":"https:\/\/www.lifenatura.com\/es\/produto\/hierba-de-trigo-bio-125g-salud-viva\/","name":"Hierba de Trigo Bio 125g - Salud Viva - Lifenatura","isPartOf":{"@id":"https:\/\/www.lifenatura.com\/es\/#website"},"primaryImageOfPage":{"@id":"https:\/\/www.lifenatura.com\/es\/produto\/hierba-de-trigo-bio-125g-salud-viva\/#primaryimage"},"image":{"@id":"https:\/\/www.lifenatura.com\/es\/produto\/hierba-de-trigo-bio-125g-salud-viva\/#primaryimage"},"thumbnailUrl":"https:\/\/www.lifenatura.com\/wp-content\/uploads\/2025\/05\/erva-de-trigo-125g-salud-viva.jpg","datePublished":"2025-05-13T14:04:05+00:00","dateModified":"2025-08-02T16:12:50+00:00","description":"Hierba de Trigo Bio Salud Viva - Superalimento desintoxicante, rico en clorofila, vitaminas y minerales. Ideal para la energ\u00eda, la inmunidad y el bienestar.","breadcrumb":{"@id":"https:\/\/www.lifenatura.com\/es\/produto\/hierba-de-trigo-bio-125g-salud-viva\/#breadcrumb"},"inLanguage":"es","potentialAction":[{"@type":"ReadAction","target":["https:\/\/www.lifenatura.com\/es\/produto\/hierba-de-trigo-bio-125g-salud-viva\/"]}]},{"@type":"ImageObject","inLanguage":"es","@id":"https:\/\/www.lifenatura.com\/es\/produto\/hierba-de-trigo-bio-125g-salud-viva\/#primaryimage","url":"https:\/\/www.lifenatura.com\/wp-content\/uploads\/2025\/05\/erva-de-trigo-125g-salud-viva.jpg","contentUrl":"https:\/\/www.lifenatura.com\/wp-content\/uploads\/2025\/05\/erva-de-trigo-125g-salud-viva.jpg","width":1000,"height":1000},{"@type":"BreadcrumbList","@id":"https:\/\/www.lifenatura.com\/es\/produto\/hierba-de-trigo-bio-125g-salud-viva\/#breadcrumb","itemListElement":[{"@type":"ListItem","position":1,"name":"In\u00edcio","item":"https:\/\/www.lifenatura.com\/es\/"},{"@type":"ListItem","position":2,"name":"Todos los Productos","item":"https:\/\/www.lifenatura.com\/es\/tienda\/"},{"@type":"ListItem","position":3,"name":"Hierba de Trigo Bio 125g &#8211; Salud Viva"}]},{"@type":"WebSite","@id":"https:\/\/www.lifenatura.com\/es\/#website","url":"https:\/\/www.lifenatura.com\/es\/","name":"Lifenatura","description":"A Lifenatura \u00e9 uma loja de produtos naturais, cosm\u00e9tica natural e alimenta\u00e7\u00e3o Biol\u00f3gica.","publisher":{"@id":"https:\/\/www.lifenatura.com\/es\/#organization"},"potentialAction":[{"@type":"SearchAction","target":{"@type":"EntryPoint","urlTemplate":"https:\/\/www.lifenatura.com\/es\/?s={search_term_string}"},"query-input":{"@type":"PropertyValueSpecification","valueRequired":true,"valueName":"search_term_string"}}],"inLanguage":"es"},{"@type":"Organization","@id":"https:\/\/www.lifenatura.com\/es\/#organization","name":"Lifenatura","url":"https:\/\/www.lifenatura.com\/es\/","logo":{"@type":"ImageObject","inLanguage":"es","@id":"https:\/\/www.lifenatura.com\/es\/#\/schema\/logo\/image\/","url":"https:\/\/www.lifenatura.com\/wp-content\/uploads\/2021\/11\/logo.png","contentUrl":"https:\/\/www.lifenatura.com\/wp-content\/uploads\/2021\/11\/logo.png","width":175,"height":55,"caption":"Lifenatura"},"image":{"@id":"https:\/\/www.lifenatura.com\/es\/#\/schema\/logo\/image\/"},"sameAs":["https:\/\/www.facebook.com\/lifenatura","https:\/\/www.instagram.com\/lifenaturapt\/"]}]},"product_price_amount":"9.92","product_price_currency":"EUR","og_availability":"instock","product_availability":"instock","product_retailer_item_id":"710000000","product_condition":"new"},"df_price":9.92,"df_sale_price":"","df_regular_price":9.92,"df_image_link":"https:\/\/www.lifenatura.com\/wp-content\/uploads\/2025\/05\/erva-de-trigo-125g-salud-viva-300x300.jpg","_links":{"self":[{"href":"https:\/\/www.lifenatura.com\/es\/wp-json\/wp\/v2\/product\/115456","targetHints":{"allow":["GET"]}}],"collection":[{"href":"https:\/\/www.lifenatura.com\/es\/wp-json\/wp\/v2\/product"}],"about":[{"href":"https:\/\/www.lifenatura.com\/es\/wp-json\/wp\/v2\/types\/product"}],"wp:featuredmedia":[{"embeddable":true,"href":"https:\/\/www.lifenatura.com\/es\/wp-json\/wp\/v2\/media\/111543"}],"wp:attachment":[{"href":"https:\/\/www.lifenatura.com\/es\/wp-json\/wp\/v2\/media?parent=115456"}],"wp:term":[{"taxonomy":"product_brand","embeddable":true,"href":"https:\/\/www.lifenatura.com\/es\/wp-json\/wp\/v2\/product_brand?post=115456"},{"taxonomy":"product_cat","embeddable":true,"href":"https:\/\/www.lifenatura.com\/es\/wp-json\/wp\/v2\/product_cat?post=115456"},{"taxonomy":"product_tag","embeddable":true,"href":"https:\/\/www.lifenatura.com\/es\/wp-json\/wp\/v2\/product_tag?post=115456"}],"curies":[{"name":"wp","href":"https:\/\/api.w.org\/{rel}","templated":true}]}}