{"id":115455,"date":"2025-05-13T14:04:07","date_gmt":"2025-05-13T14:04:07","guid":{"rendered":"https:\/\/www.lifenatura.com\/produto\/mini-copos-de-avena-crujientes-bio-250g-salud-viva\/"},"modified":"2025-08-02T16:14:12","modified_gmt":"2025-08-02T16:14:12","slug":"mini-copos-de-avena-crujientes-bio-250g-salud-viva","status":"publish","type":"product","link":"https:\/\/www.lifenatura.com\/es\/produto\/mini-copos-de-avena-crujientes-bio-250g-salud-viva\/","title":{"rendered":"Mini Copos de Avena Crujientes Bio 250g &#8211; Salud Viva"},"content":{"rendered":"<h2 style=\"text-align: left;\" data-start=\"201\" data-end=\"287\"><strong>Mini copos de avena crujientes ecol\u00f3gicos &#8211; Salud Viva<\/strong><\/h2>\n<p>&nbsp;<\/p>\n<p style=\"text-align: left;\" data-start=\"289\" data-end=\"672\"><strong data-start=\"292\" data-end=\"343\">Los Mini copos de avena crujientes ecol\u00f3gicos de Salud Viva<\/strong> son la opci\u00f3n ideal para quien busque un desayuno o tentempi\u00e9 equilibrado y nutritivo con una textura irresistiblemente crujiente. Elaborados con avena integral ecol\u00f3gica, estos copos se han preparado cuidadosamente para conservar todos los nutrientes del cereal, manteniendo el sabor natural y la ligereza de cada porci\u00f3n.<\/p>\n<p style=\"text-align: left;\" data-start=\"674\" data-end=\"1048\">Ricos en <strong data-start=\"683\" data-end=\"771\">fibra, prote\u00ednas vegetales, vitaminas del grupo B y minerales como el magnesio y el hierro<\/strong>, estos mini copos ayudan a mantener la energ\u00eda estable a lo largo del d\u00eda, favoreciendo la saciedad y el bienestar digestivo. Tambi\u00e9n son una excelente opci\u00f3n para ni\u00f1os y adultos, y pueden consumirse con bebidas vegetales, yogur, fruta fresca o como cobertura de gachas y batidos.<\/p>\n<p style=\"text-align: left;\" data-start=\"1050\" data-end=\"1240\">La avena utilizada est\u00e1 naturalmente libre de az\u00facares a\u00f1adidos, aditivos o conservantes artificiales, lo que hace que este producto sea ideal para una dieta equilibrada, funcional y consciente.<\/p>\n<p style=\"text-align: left;\" data-start=\"1242\" data-end=\"1268\"><strong>Principales ventajas:<\/strong><\/p>\n<ul style=\"text-align: left;\" data-start=\"1269\" data-end=\"1635\">\n<li data-start=\"1269\" data-end=\"1338\">\n<p data-start=\"1271\" data-end=\"1338\"><strong data-start=\"1271\" data-end=\"1289\">Ricas en fibra<\/strong>, favorecen el tr\u00e1nsito intestinal y la saciedad;<\/p>\n<\/li>\n<li data-start=\"1339\" data-end=\"1419\">\n<p data-start=\"1341\" data-end=\"1419\">Fuente de <strong data-start=\"1350\" data-end=\"1370\">prote\u00ednas vegetales<\/strong>, ideal para complementar la dieta diaria;<\/p>\n<\/li>\n<li data-start=\"1420\" data-end=\"1490\">\n<p data-start=\"1422\" data-end=\"1490\">Contienen <strong data-start=\"1429\" data-end=\"1464\">vitaminas y minerales esenciales<\/strong>, como hierro y magnesio;<\/p>\n<\/li>\n<li data-start=\"1491\" data-end=\"1570\">\n<p data-start=\"1493\" data-end=\"1570\"><strong data-start=\"1493\" data-end=\"1518\">Crujiente y vers\u00e1til<\/strong>, ideal para desayunos y tentempi\u00e9s saludables;<\/p>\n<\/li>\n<li data-start=\"1571\" data-end=\"1635\">\n<p data-start=\"1573\" data-end=\"1635\">Elaborado con <strong data-start=\"1588\" data-end=\"1620\">ingredientes 100% ecol\u00f3gicos<\/strong>, sin aditivos.<\/p>\n<\/li>\n<\/ul>\n<p style=\"text-align: left;\" data-start=\"1637\" data-end=\"1652\"><strong>Indicaciones:<\/strong><\/p>\n<p style=\"text-align: left;\" data-start=\"1653\" data-end=\"1713\"><strong data-start=\"1656\" data-end=\"1693\">Los copos de avena crujientes Bio Mini<\/strong> son adecuados para:<\/p>\n<ul data-start=\"1714\" data-end=\"1973\">\n<li style=\"text-align: left;\" data-start=\"1714\" data-end=\"1775\">\n<p data-start=\"1716\" data-end=\"1775\">Los que buscan un <strong data-start=\"1732\" data-end=\"1772\">comienzo del d\u00eda nutritivo y energ\u00e9tico<\/strong>;<\/p>\n<\/li>\n<li style=\"text-align: left;\" data-start=\"1776\" data-end=\"1838\">\n<p data-start=\"1778\" data-end=\"1838\">Familias que valoran <strong data-start=\"1801\" data-end=\"1835\">los productos ecol\u00f3gicos y naturales<\/strong>;<\/p>\n<\/li>\n<li style=\"text-align: left;\" data-start=\"1839\" data-end=\"1906\">\n<p data-start=\"1841\" data-end=\"1906\">Personas con un <strong data-start=\"1853\" data-end=\"1903\">estilo de vida activo y una dieta equilibrada<\/strong>;<\/p>\n<\/li>\n<li data-start=\"1907\" data-end=\"1973\">\n<p style=\"text-align: left;\" data-start=\"1909\" data-end=\"1973\">Ni\u00f1os y adultos en busca de <strong data-start=\"1940\" data-end=\"1972\">tentempi\u00e9s sanos y sabrosos<\/strong>.<\/p>\n<\/li>\n<\/ul>\n<p><strong>Presentaci\u00f3n:<\/strong><\/p>\n<p>250g<\/p>\n<p>&nbsp;<\/p>\n","protected":false},"excerpt":{"rendered":"<p>Mini Copos de Avena Crujientes Bio Salud Viva &#8211; Desayuno crujiente y nutritivo, rico en fibra y prote\u00ednas. \u00a1Ideal para empezar el d\u00eda con energ\u00eda! [&#8230;]<\/p>\n<p><a class=\"btn btn-secondary understrap-read-more-link\" href=\"https:\/\/www.lifenatura.com\/es\/produto\/mini-copos-de-avena-crujientes-bio-250g-salud-viva\/\">Leer m\u00e1s&#8230;<span class=\"screen-reader-text\"> from Mini Copos de Avena Crujientes Bio 250g &#8211; Salud Viva<\/span><\/a><\/p>\n","protected":false},"featured_media":111459,"template":"","meta":{"_acf_changed":false},"product_brand":[8295],"product_cat":[7064,7149,7080,7659,7074],"product_tag":[],"class_list":{"0":"post-115455","1":"product","2":"type-product","3":"status-publish","4":"has-post-thumbnail","6":"product_brand-salud-viva","7":"product_cat-alimentacion-sana","8":"product_cat-avena","9":"product_cat-cereales","10":"product_cat-ingrediente-natural-bio","11":"product_cat-productos-alimenticios","13":"first","14":"instock","15":"shipping-taxable","16":"purchasable","17":"product-type-simple","18":"add-to-wishlist-before_image"},"acf":[],"yoast_head":"<!-- This site is optimized with the Yoast SEO Premium plugin v27.1 (Yoast SEO v27.4) - https:\/\/yoast.com\/product\/yoast-seo-premium-wordpress\/ -->\n<title>Mini Copos de Avena Crujientes Bio 250g - Salud Viva - Lifenatura<\/title>\n<meta name=\"description\" content=\"Mini Copos de Avena Crujientes Bio Salud Viva - Desayuno crujiente y nutritivo, rico en fibra y prote\u00ednas. \u00a1Ideal para empezar el d\u00eda con energ\u00eda!\" \/>\n<meta name=\"robots\" content=\"index, follow, max-snippet:-1, max-image-preview:large, max-video-preview:-1\" \/>\n<link rel=\"canonical\" href=\"https:\/\/www.lifenatura.com\/es\/produto\/mini-copos-de-avena-crujientes-bio-250g-salud-viva\/\" \/>\n<meta property=\"og:locale\" content=\"es_ES\" \/>\n<meta property=\"og:type\" content=\"article\" \/>\n<meta property=\"og:title\" content=\"Mini Copos de Avena Crujientes Bio 250g - Salud Viva - Lifenatura\" \/>\n<meta property=\"og:description\" content=\"Compre aqui o seu Mini Copos de Avena Crujientes Bio 250g - Salud Viva e a Lifenatura Online envia em 48 H com Portes Gratis &gt;35\u20ac de Pedido.\" \/>\n<meta property=\"og:url\" content=\"https:\/\/www.lifenatura.com\/es\/produto\/mini-copos-de-avena-crujientes-bio-250g-salud-viva\/\" \/>\n<meta property=\"og:site_name\" content=\"Lifenatura\" \/>\n<meta property=\"article:publisher\" content=\"https:\/\/www.facebook.com\/lifenatura\" \/>\n<meta property=\"article:modified_time\" content=\"2025-08-02T16:14:12+00:00\" \/>\n<meta property=\"og:image\" content=\"https:\/\/www.lifenatura.com\/wp-content\/uploads\/2025\/05\/flocos-mini-aveia-250g-salud-viva.jpg\" \/>\n\t<meta property=\"og:image:width\" content=\"1000\" \/>\n\t<meta property=\"og:image:height\" content=\"1000\" \/>\n\t<meta property=\"og:image:type\" content=\"image\/jpeg\" \/>\n<meta name=\"twitter:card\" content=\"summary_large_image\" \/>\n<meta name=\"twitter:label1\" content=\"Precio\" \/>\n\t<meta name=\"twitter:data1\" content=\"5,76&nbsp;&euro;\" \/>\n\t<meta name=\"twitter:label2\" content=\"Disponibilidad\" \/>\n\t<meta name=\"twitter:data2\" content=\"Disponible\" \/>\n<meta property=\"product:price:amount\" content=\"5.76\" \/>\n<meta property=\"product:price:currency\" content=\"EUR\" \/>\n<meta property=\"og:availability\" content=\"instock\" \/>\n<meta property=\"product:availability\" content=\"instock\" \/>\n<meta property=\"product:retailer_item_id\" content=\"901530000006\" \/>\n<meta property=\"product:condition\" content=\"new\" \/>\n<!-- \/ Yoast SEO Premium plugin. -->","yoast_head_json":{"title":"Mini Copos de Avena Crujientes Bio 250g - Salud Viva - Lifenatura","description":"Mini Copos de Avena Crujientes Bio Salud Viva - Desayuno crujiente y nutritivo, rico en fibra y prote\u00ednas. \u00a1Ideal para empezar el d\u00eda con energ\u00eda!","robots":{"index":"index","follow":"follow","max-snippet":"max-snippet:-1","max-image-preview":"max-image-preview:large","max-video-preview":"max-video-preview:-1"},"canonical":"https:\/\/www.lifenatura.com\/es\/produto\/mini-copos-de-avena-crujientes-bio-250g-salud-viva\/","og_locale":"es_ES","og_type":"article","og_title":"Mini Copos de Avena Crujientes Bio 250g - Salud Viva - Lifenatura","og_description":"Compre aqui o seu Mini Copos de Avena Crujientes Bio 250g - Salud Viva e a Lifenatura Online envia em 48 H com Portes Gratis >35\u20ac de Pedido.","og_url":"https:\/\/www.lifenatura.com\/es\/produto\/mini-copos-de-avena-crujientes-bio-250g-salud-viva\/","og_site_name":"Lifenatura","article_publisher":"https:\/\/www.facebook.com\/lifenatura","article_modified_time":"2025-08-02T16:14:12+00:00","og_image":[{"width":1000,"height":1000,"url":"https:\/\/www.lifenatura.com\/wp-content\/uploads\/2025\/05\/flocos-mini-aveia-250g-salud-viva.jpg","type":"image\/jpeg"}],"twitter_card":"summary_large_image","twitter_misc":{"Precio":"5,76&nbsp;&euro;","Disponibilidad":"Disponible"},"schema":{"@context":"https:\/\/schema.org","@graph":[{"@type":"WebPage","@id":"https:\/\/www.lifenatura.com\/es\/produto\/mini-copos-de-avena-crujientes-bio-250g-salud-viva\/","url":"https:\/\/www.lifenatura.com\/es\/produto\/mini-copos-de-avena-crujientes-bio-250g-salud-viva\/","name":"Mini Copos de Avena Crujientes Bio 250g - Salud Viva - Lifenatura","isPartOf":{"@id":"https:\/\/www.lifenatura.com\/es\/#website"},"primaryImageOfPage":{"@id":"https:\/\/www.lifenatura.com\/es\/produto\/mini-copos-de-avena-crujientes-bio-250g-salud-viva\/#primaryimage"},"image":{"@id":"https:\/\/www.lifenatura.com\/es\/produto\/mini-copos-de-avena-crujientes-bio-250g-salud-viva\/#primaryimage"},"thumbnailUrl":"https:\/\/www.lifenatura.com\/wp-content\/uploads\/2025\/05\/flocos-mini-aveia-250g-salud-viva.jpg","datePublished":"2025-05-13T14:04:07+00:00","dateModified":"2025-08-02T16:14:12+00:00","description":"Mini Copos de Avena Crujientes Bio Salud Viva - Desayuno crujiente y nutritivo, rico en fibra y prote\u00ednas. \u00a1Ideal para empezar el d\u00eda con energ\u00eda!","breadcrumb":{"@id":"https:\/\/www.lifenatura.com\/es\/produto\/mini-copos-de-avena-crujientes-bio-250g-salud-viva\/#breadcrumb"},"inLanguage":"es","potentialAction":[{"@type":"ReadAction","target":["https:\/\/www.lifenatura.com\/es\/produto\/mini-copos-de-avena-crujientes-bio-250g-salud-viva\/"]}]},{"@type":"ImageObject","inLanguage":"es","@id":"https:\/\/www.lifenatura.com\/es\/produto\/mini-copos-de-avena-crujientes-bio-250g-salud-viva\/#primaryimage","url":"https:\/\/www.lifenatura.com\/wp-content\/uploads\/2025\/05\/flocos-mini-aveia-250g-salud-viva.jpg","contentUrl":"https:\/\/www.lifenatura.com\/wp-content\/uploads\/2025\/05\/flocos-mini-aveia-250g-salud-viva.jpg","width":1000,"height":1000},{"@type":"BreadcrumbList","@id":"https:\/\/www.lifenatura.com\/es\/produto\/mini-copos-de-avena-crujientes-bio-250g-salud-viva\/#breadcrumb","itemListElement":[{"@type":"ListItem","position":1,"name":"In\u00edcio","item":"https:\/\/www.lifenatura.com\/es\/"},{"@type":"ListItem","position":2,"name":"Todos los Productos","item":"https:\/\/www.lifenatura.com\/es\/tienda\/"},{"@type":"ListItem","position":3,"name":"Mini Copos de Avena Crujientes Bio 250g &#8211; Salud Viva"}]},{"@type":"WebSite","@id":"https:\/\/www.lifenatura.com\/es\/#website","url":"https:\/\/www.lifenatura.com\/es\/","name":"Lifenatura","description":"A Lifenatura \u00e9 uma loja de produtos naturais, cosm\u00e9tica natural e alimenta\u00e7\u00e3o Biol\u00f3gica.","publisher":{"@id":"https:\/\/www.lifenatura.com\/es\/#organization"},"potentialAction":[{"@type":"SearchAction","target":{"@type":"EntryPoint","urlTemplate":"https:\/\/www.lifenatura.com\/es\/?s={search_term_string}"},"query-input":{"@type":"PropertyValueSpecification","valueRequired":true,"valueName":"search_term_string"}}],"inLanguage":"es"},{"@type":"Organization","@id":"https:\/\/www.lifenatura.com\/es\/#organization","name":"Lifenatura","url":"https:\/\/www.lifenatura.com\/es\/","logo":{"@type":"ImageObject","inLanguage":"es","@id":"https:\/\/www.lifenatura.com\/es\/#\/schema\/logo\/image\/","url":"https:\/\/www.lifenatura.com\/wp-content\/uploads\/2021\/11\/logo.png","contentUrl":"https:\/\/www.lifenatura.com\/wp-content\/uploads\/2021\/11\/logo.png","width":175,"height":55,"caption":"Lifenatura"},"image":{"@id":"https:\/\/www.lifenatura.com\/es\/#\/schema\/logo\/image\/"},"sameAs":["https:\/\/www.facebook.com\/lifenatura","https:\/\/www.instagram.com\/lifenaturapt\/"]}]},"product_price_amount":"5.76","product_price_currency":"EUR","og_availability":"instock","product_availability":"instock","product_retailer_item_id":"901530000006","product_condition":"new"},"df_price":5.76,"df_sale_price":"","df_regular_price":5.76,"df_image_link":"https:\/\/www.lifenatura.com\/wp-content\/uploads\/2025\/05\/flocos-mini-aveia-250g-salud-viva-300x300.jpg","_links":{"self":[{"href":"https:\/\/www.lifenatura.com\/es\/wp-json\/wp\/v2\/product\/115455","targetHints":{"allow":["GET"]}}],"collection":[{"href":"https:\/\/www.lifenatura.com\/es\/wp-json\/wp\/v2\/product"}],"about":[{"href":"https:\/\/www.lifenatura.com\/es\/wp-json\/wp\/v2\/types\/product"}],"wp:featuredmedia":[{"embeddable":true,"href":"https:\/\/www.lifenatura.com\/es\/wp-json\/wp\/v2\/media\/111459"}],"wp:attachment":[{"href":"https:\/\/www.lifenatura.com\/es\/wp-json\/wp\/v2\/media?parent=115455"}],"wp:term":[{"taxonomy":"product_brand","embeddable":true,"href":"https:\/\/www.lifenatura.com\/es\/wp-json\/wp\/v2\/product_brand?post=115455"},{"taxonomy":"product_cat","embeddable":true,"href":"https:\/\/www.lifenatura.com\/es\/wp-json\/wp\/v2\/product_cat?post=115455"},{"taxonomy":"product_tag","embeddable":true,"href":"https:\/\/www.lifenatura.com\/es\/wp-json\/wp\/v2\/product_tag?post=115455"}],"curies":[{"name":"wp","href":"https:\/\/api.w.org\/{rel}","templated":true}]}}